{"id":86719,"date":"2022-08-09T16:28:42","date_gmt":"2022-08-09T14:28:42","guid":{"rendered":"https:\/\/www.eltako.de\/foeretag\/haallbarhet\/"},"modified":"2024-01-17T11:25:31","modified_gmt":"2024-01-17T10:25:31","slug":"haallbarhet","status":"publish","type":"page","link":"https:\/\/www.eltako.com\/sv\/foeretag\/haallbarhet\/","title":{"rendered":"H\u00e5llbarhet"},"content":{"rendered":"\n<p class=\"has-text-align-left has-text-color\" style=\"color:#0064af\">Definitionen av h\u00e5llbar utveckling inneb\u00e4r att dagens behov skall tillgodoses p\u00e5 ett s\u00e5dant s\u00e4tt att kommande generationers m\u00f6jligheter inte begr\u00e4nsas. <\/p>\n\n<p class=\"has-text-align-left has-text-color\" style=\"color:#0064af\">Med v\u00e5ra innovationer vill vi arbeta med just detta i \u00e5tanke: Vi utvecklar avancerad teknik som f\u00f6rb\u00e4ttrar livet f\u00f6r v\u00e5ra kunder nu och i framtiden, utan att f\u00f6rlora v\u00e5rt m\u00e5l att bli allt mer h\u00e5llbara och milj\u00f6v\u00e4nliga ur sikte. <\/p>\n\n<div style=\"height:70px\" aria-hidden=\"true\" class=\"wp-block-spacer\"><\/div>\n\n<div id=\"\" class=\"wp-block-gosign-gosign-background-contianer gosign-color-section btn-full align-true def-verticalAlignBottom default-padding no-margin custom-width no-min-height lightColorLayout no-top-border no-bottom-border colorSectionFe background-scroll background-repeat overlay-false defined-width\"><div class=\"outer-container background-scroll\" style=\"padding-top:100px;padding-bottom:70px;padding-left:10px;padding-right:10px;background-repeat:repeat;background-color:#0064af\"><div class=\"inner-container\"><div class=\"contentBlock\" style=\"max-width:1110px\">\n<div class=\"wp-block-columns is-layout-flex wp-container-core-columns-is-layout-9d6595d7 wp-block-columns-is-layout-flex\">\n<div class=\"wp-block-column is-layout-flow wp-block-column-is-layout-flow\">\n<div class=\"wp-block-media-text alignwide is-stacked-on-mobile is-vertically-aligned-center\" style=\"grid-template-columns:35% auto\"><figure class=\"wp-block-media-text__media\"><img decoding=\"async\" width=\"600\" height=\"600\" src=\"https:\/\/www.eltako.com\/wp-content\/uploads\/2022\/06\/eltako_website_content_600x600_nachhaltigkeit_01.jpg\" alt=\"\" class=\"wp-image-77875 size-full\" srcset=\"https:\/\/www.eltako.com\/wp-content\/uploads\/2022\/06\/eltako_website_content_600x600_nachhaltigkeit_01.jpg 600w, https:\/\/www.eltako.com\/wp-content\/uploads\/2022\/06\/eltako_website_content_600x600_nachhaltigkeit_01-300x300.jpg 300w, https:\/\/www.eltako.com\/wp-content\/uploads\/2022\/06\/eltako_website_content_600x600_nachhaltigkeit_01-150x150.jpg 150w, https:\/\/www.eltako.com\/wp-content\/uploads\/2022\/06\/eltako_website_content_600x600_nachhaltigkeit_01-100x100.jpg 100w\" sizes=\"(max-width: 600px) 100vw, 600px\" \/><\/figure><div class=\"wp-block-media-text__content\">\n<h2 class=\"wp-block-heading has-large-font-size\" style=\"text-transform:uppercase\"><strong>EnOcean-teknik<\/strong><\/h2>\n\n\n\n<p>V\u00e5ra tr\u00e5dl\u00f6sa sensorer med EnOcean-teknik samlar in och lagrar kinetisk, termisk och solenergi fr\u00e5n omgivningen. Denna s\u00e5 kallade &#8221;Energy Harvesting&#8221; ger exakt den energi som beh\u00f6vs f\u00f6r att skicka ett radiotelegram. Detta inneb\u00e4r att alla typer av str\u00f6mf\u00f6rs\u00f6rjning kan undvaras. <\/p>\n\n\n\n<p>M\u00e5nga av v\u00e5ra utomhussensorer drivs till exempel huvudsakligen med solenergi. Om du placerar dem p\u00e5 en tillr\u00e4ckligt ljus plats \u00e4r de omedelbart redo f\u00f6r anv\u00e4ndning. Detta sparar resurser och energi och g\u00f6r sensorerna underh\u00e5llsfria. <\/p>\n\n\n\n<p>Du kan l\u00e4sa mer om v\u00e5rt samarbete med EnOcean <a href=\"https:\/\/www.eltako.de\/unternehmen\/partner-und-allianzen\/enocean\/\">h\u00e4r<\/a>.<\/p>\n<\/div><\/div>\n<\/div>\n<\/div>\n<\/div><\/div><\/div><\/div>\n\n<div id=\"\" class=\"wp-block-gosign-gosign-background-contianer gosign-color-section btn-full align-true def-verticalAlignBottom default-padding no-margin custom-width no-min-height lightColorLayout no-top-border no-bottom-border colorSectionFe background-scroll background-repeat overlay-false defined-width\"><div class=\"outer-container background-scroll\" style=\"padding-top:100px;padding-bottom:70px;padding-left:10px;padding-right:10px;background-repeat:repeat;background-color:#ffffff\"><div class=\"inner-container\"><div class=\"contentBlock\" style=\"max-width:1110px\">\n<div class=\"wp-block-columns is-layout-flex wp-container-core-columns-is-layout-9d6595d7 wp-block-columns-is-layout-flex\">\n<div class=\"wp-block-column is-layout-flow wp-block-column-is-layout-flow\">\n<div class=\"wp-block-media-text alignwide has-media-on-the-right is-stacked-on-mobile is-vertically-aligned-center\" style=\"grid-template-columns:auto 35%\"><div class=\"wp-block-media-text__content\">\n<h2 class=\"wp-block-heading has-text-color has-large-font-size\" style=\"color:#0064af;text-transform:uppercase\"><strong>Milj\u00f6v\u00e4nlig best\u00e4llningsprocess, frakt och service<\/strong><\/h2>\n\n\n\n<p class=\"has-text-color\" style=\"color:#0064af\">V\u00e5r kundkommunikation och v\u00e5ra best\u00e4llningar sker huvudsakligen digitalt. WhatsApp-, telefon- och mejl-service hj\u00e4lper kunderna och sparar samtidigt resurser. <\/p>\n\n\n\n<p class=\"has-text-color\" style=\"color:#0064af\">V\u00e5ra f\u00f6rpacknings- och fraktmaterial \u00e4r tillverkade av papper, kartong eller komposterbar plast. <\/p>\n<\/div><figure class=\"wp-block-media-text__media\"><img decoding=\"async\" width=\"600\" height=\"600\" src=\"https:\/\/www.eltako.com\/wp-content\/uploads\/2022\/06\/eltako_website_content_600x600_nachhaltigkeit_02.jpg\" alt=\"\" class=\"wp-image-78744 size-full\" srcset=\"https:\/\/www.eltako.com\/wp-content\/uploads\/2022\/06\/eltako_website_content_600x600_nachhaltigkeit_02.jpg 600w, https:\/\/www.eltako.com\/wp-content\/uploads\/2022\/06\/eltako_website_content_600x600_nachhaltigkeit_02-300x300.jpg 300w, https:\/\/www.eltako.com\/wp-content\/uploads\/2022\/06\/eltako_website_content_600x600_nachhaltigkeit_02-150x150.jpg 150w, https:\/\/www.eltako.com\/wp-content\/uploads\/2022\/06\/eltako_website_content_600x600_nachhaltigkeit_02-100x100.jpg 100w\" sizes=\"(max-width: 600px) 100vw, 600px\" \/><\/figure><\/div>\n<\/div>\n<\/div>\n<\/div><\/div><\/div><\/div>\n\n<div id=\"\" class=\"wp-block-gosign-gosign-background-contianer gosign-color-section btn-full align-true def-verticalAlignBottom default-padding no-margin custom-width no-min-height lightColorLayout no-top-border no-bottom-border colorSectionFe background-scroll background-repeat overlay-false defined-width\"><div class=\"outer-container background-scroll\" style=\"padding-top:100px;padding-bottom:70px;padding-left:10px;padding-right:10px;background-repeat:repeat;background-color:#0064af\"><div class=\"inner-container\"><div class=\"contentBlock\" style=\"max-width:1110px\">\n<div class=\"wp-block-columns is-layout-flex wp-container-core-columns-is-layout-9d6595d7 wp-block-columns-is-layout-flex\">\n<div class=\"wp-block-column is-layout-flow wp-block-column-is-layout-flow\">\n<div class=\"wp-block-media-text alignwide is-stacked-on-mobile is-vertically-aligned-center\" style=\"grid-template-columns:35% auto\"><figure class=\"wp-block-media-text__media\"><img decoding=\"async\" width=\"600\" height=\"600\" src=\"https:\/\/www.eltako.com\/wp-content\/uploads\/2022\/06\/eltako_website_content_600x600_nachhaltigkeit_03.jpg\" alt=\"\" class=\"wp-image-78753 size-full\" srcset=\"https:\/\/www.eltako.com\/wp-content\/uploads\/2022\/06\/eltako_website_content_600x600_nachhaltigkeit_03.jpg 600w, https:\/\/www.eltako.com\/wp-content\/uploads\/2022\/06\/eltako_website_content_600x600_nachhaltigkeit_03-300x300.jpg 300w, https:\/\/www.eltako.com\/wp-content\/uploads\/2022\/06\/eltako_website_content_600x600_nachhaltigkeit_03-150x150.jpg 150w, https:\/\/www.eltako.com\/wp-content\/uploads\/2022\/06\/eltako_website_content_600x600_nachhaltigkeit_03-100x100.jpg 100w\" sizes=\"(max-width: 600px) 100vw, 600px\" \/><\/figure><div class=\"wp-block-media-text__content\">\n<h2 class=\"wp-block-heading has-large-font-size\" style=\"text-transform:uppercase\"><strong>Ingen standby-f\u00f6rlust med hj\u00e4lp av bistabila rel\u00e4er<\/strong><\/h2>\n\n\n\n<p>Genom anv\u00e4ndningen av bistabila rel\u00e4er \u00e4r standby-f\u00f6rlusten f\u00f6r dessa produkter noll. Detta sker normalt n\u00e4r ett rel\u00e4 aktiveras. Med hj\u00e4lp av en speciell teknik l\u00e5ses v\u00e5ra mekaniskt och sparar p\u00e5 s\u00e5 s\u00e4tt energi. <\/p>\n<\/div><\/div>\n<\/div>\n<\/div>\n<\/div><\/div><\/div><\/div>\n\n<div id=\"\" class=\"wp-block-gosign-gosign-background-contianer gosign-color-section btn-full align-true def-verticalAlignBottom default-padding no-margin custom-width no-min-height lightColorLayout no-top-border no-bottom-border colorSectionFe background-scroll background-repeat overlay-false defined-width\"><div class=\"outer-container background-scroll\" style=\"padding-top:100px;padding-bottom:10px;padding-left:10px;padding-right:10px;background-repeat:repeat;background-color:#ffffff\"><div class=\"inner-container\"><div class=\"contentBlock\" style=\"max-width:1110px\">\n<div class=\"wp-block-columns is-layout-flex wp-container-core-columns-is-layout-9d6595d7 wp-block-columns-is-layout-flex\">\n<div class=\"wp-block-column is-layout-flow wp-block-column-is-layout-flow\">\n<div class=\"wp-block-media-text alignwide has-media-on-the-right is-stacked-on-mobile is-vertically-aligned-center\" style=\"grid-template-columns:auto 35%\"><div class=\"wp-block-media-text__content\">\n<h2 class=\"wp-block-heading has-text-color has-large-font-size\" style=\"color:#0064af;text-transform:uppercase\"><strong>E-mobilitet<\/strong><\/h2>\n\n\n\n<p class=\"has-text-color\" style=\"color:#0064af\">F\u00f6r mer \u00e4n 10 \u00e5r sedan deltog vi i ett forskningsprojekt i Baden-W\u00fcrttemberg d\u00e4r vi testade om elbilar var l\u00e4mpliga f\u00f6r daglig anv\u00e4ndning. Det var vid den h\u00e4r tiden som de f\u00f6rsta bilarna av denna typ b\u00f6rjade anv\u00e4ndas inom v\u00e5rt f\u00f6retag. Under tiden har m\u00e5nga av v\u00e5ra anst\u00e4llda utrustats med eldrivna fordon, som kan laddas i f\u00f6retagets egna laddstationer. <\/p>\n\n\n\n<p class=\"has-text-color\" style=\"color:#0064af\">Vi \u00e4r \u00f6vertygade om att e-mobilitet kan ge ett stort bidrag till en klimatv\u00e4nlig framtid och planerar d\u00e4rf\u00f6r att forts\u00e4tta ut\u00f6ka v\u00e5r e-flotta. <\/p>\n\n\n\n<p class=\"has-text-color\" style=\"color:#0064af\">Ett annat milj\u00f6v\u00e4nligt erbjudande till v\u00e5ra anst\u00e4llda skapades genom v\u00e5rt samarbete med f\u00f6retaget &#8221;BusinessBikes&#8221;. ELTAKO hj\u00e4lper alla medarbetare att leasa en cykel, oavsett om det \u00e4r en klassisk eller en modern elcykel. P\u00e5 s\u00e5 s\u00e4tt kommer du inte bara snabbare fr\u00e5n A till B, njuta av mer frisk luft och h\u00e5lla dig i r\u00f6relse under arbetsdagen, utan du g\u00f6r ocks\u00e5 en insats f\u00f6r milj\u00f6n! <\/p>\n<\/div><figure class=\"wp-block-media-text__media\"><img decoding=\"async\" width=\"600\" height=\"600\" src=\"https:\/\/www.eltako.com\/wp-content\/uploads\/2022\/06\/eltako_website_content_600x600_nachhaltigkeit_04.jpg\" alt=\"\" class=\"wp-image-78762 size-full\" srcset=\"https:\/\/www.eltako.com\/wp-content\/uploads\/2022\/06\/eltako_website_content_600x600_nachhaltigkeit_04.jpg 600w, https:\/\/www.eltako.com\/wp-content\/uploads\/2022\/06\/eltako_website_content_600x600_nachhaltigkeit_04-300x300.jpg 300w, https:\/\/www.eltako.com\/wp-content\/uploads\/2022\/06\/eltako_website_content_600x600_nachhaltigkeit_04-150x150.jpg 150w, https:\/\/www.eltako.com\/wp-content\/uploads\/2022\/06\/eltako_website_content_600x600_nachhaltigkeit_04-100x100.jpg 100w\" sizes=\"(max-width: 600px) 100vw, 600px\" \/><\/figure><\/div>\n<\/div>\n<\/div>\n<\/div><\/div><\/div><\/div>\n\n<p><\/p>\n","protected":false},"excerpt":{"rendered":"<p>Definitionen av h\u00e5llbar utveckling inneb\u00e4r att dagens behov skall tillgodoses p\u00e5 ett s\u00e5dant s\u00e4tt att kommande generationers m\u00f6jligheter inte begr\u00e4nsas. Med v\u00e5ra innovationer vill vi arbeta med just detta i \u00e5tanke: Vi utvecklar avancerad teknik som f\u00f6rb\u00e4ttrar livet f\u00f6r v\u00e5ra kunder nu och i framtiden, utan att f\u00f6rlora v\u00e5rt m\u00e5l att bli allt mer h\u00e5llbara [&hellip;]<\/p>\n","protected":false},"author":39,"featured_media":78780,"parent":63686,"menu_order":2,"comment_status":"closed","ping_status":"closed","template":"templates\/custom_header.php","meta":{"_acf_changed":false,"footnotes":"","_links_to":"","_links_to_target":""},"class_list":["post-86719","page","type-page","status-publish","has-post-thumbnail","hentry"],"acf":[],"yoast_head":"<!-- This site is optimized with the Yoast SEO plugin v27.2 - https:\/\/yoast.com\/product\/yoast-seo-wordpress\/ -->\n<title>H\u00e5llbarhet &#187; Eltako<\/title>\n<meta name=\"robots\" content=\"index, follow, max-snippet:-1, max-image-preview:large, max-video-preview:-1\" \/>\n<link rel=\"canonical\" href=\"https:\/\/www.eltako.com\/sv\/foeretag\/haallbarhet\/\" \/>\n<meta property=\"og:locale\" content=\"sv_SE\" \/>\n<meta property=\"og:type\" content=\"article\" \/>\n<meta property=\"og:title\" content=\"H\u00e5llbarhet &#187; Eltako\" \/>\n<meta property=\"og:description\" content=\"Definitionen av h\u00e5llbar utveckling inneb\u00e4r att dagens behov skall tillgodoses p\u00e5 ett s\u00e5dant s\u00e4tt att kommande generationers m\u00f6jligheter inte begr\u00e4nsas. Med v\u00e5ra innovationer vill vi arbeta med just detta i \u00e5tanke: Vi utvecklar avancerad teknik som f\u00f6rb\u00e4ttrar livet f\u00f6r v\u00e5ra kunder nu och i framtiden, utan att f\u00f6rlora v\u00e5rt m\u00e5l att bli allt mer h\u00e5llbara [&hellip;]\" \/>\n<meta property=\"og:url\" content=\"https:\/\/www.eltako.com\/sv\/foeretag\/haallbarhet\/\" \/>\n<meta property=\"og:site_name\" content=\"Eltako\" \/>\n<meta property=\"article:modified_time\" content=\"2024-01-17T10:25:31+00:00\" \/>\n<meta property=\"og:image\" content=\"https:\/\/www.eltako.com\/wp-content\/uploads\/2022\/06\/eltako_website_header_1920x700_nachhaltigkeit_01.jpg\" \/>\n\t<meta property=\"og:image:width\" content=\"1920\" \/>\n\t<meta property=\"og:image:height\" content=\"700\" \/>\n\t<meta property=\"og:image:type\" content=\"image\/jpeg\" \/>\n<meta name=\"twitter:card\" content=\"summary_large_image\" \/>\n<meta name=\"twitter:label1\" content=\"Ber\u00e4knad l\u00e4stid\" \/>\n\t<meta name=\"twitter:data1\" content=\"3 minuter\" \/>\n<script type=\"application\/ld+json\" class=\"yoast-schema-graph\">{\"@context\":\"https:\/\/schema.org\",\"@graph\":[{\"@type\":\"WebPage\",\"@id\":\"https:\/\/www.eltako.com\/sv\/foeretag\/haallbarhet\/\",\"url\":\"https:\/\/www.eltako.com\/sv\/foeretag\/haallbarhet\/\",\"name\":\"H\u00e5llbarhet &#187; Eltako\",\"isPartOf\":{\"@id\":\"https:\/\/www.eltako.com\/en\/#website\"},\"primaryImageOfPage\":{\"@id\":\"https:\/\/www.eltako.com\/sv\/foeretag\/haallbarhet\/#primaryimage\"},\"image\":{\"@id\":\"https:\/\/www.eltako.com\/sv\/foeretag\/haallbarhet\/#primaryimage\"},\"thumbnailUrl\":\"https:\/\/www.eltako.com\/wp-content\/uploads\/2022\/06\/eltako_website_header_1920x700_nachhaltigkeit_01.jpg\",\"datePublished\":\"2022-08-09T14:28:42+00:00\",\"dateModified\":\"2024-01-17T10:25:31+00:00\",\"breadcrumb\":{\"@id\":\"https:\/\/www.eltako.com\/sv\/foeretag\/haallbarhet\/#breadcrumb\"},\"inLanguage\":\"sv-SE\",\"potentialAction\":[{\"@type\":\"ReadAction\",\"target\":[\"https:\/\/www.eltako.com\/sv\/foeretag\/haallbarhet\/\"]}]},{\"@type\":\"ImageObject\",\"inLanguage\":\"sv-SE\",\"@id\":\"https:\/\/www.eltako.com\/sv\/foeretag\/haallbarhet\/#primaryimage\",\"url\":\"https:\/\/www.eltako.com\/wp-content\/uploads\/2022\/06\/eltako_website_header_1920x700_nachhaltigkeit_01.jpg\",\"contentUrl\":\"https:\/\/www.eltako.com\/wp-content\/uploads\/2022\/06\/eltako_website_header_1920x700_nachhaltigkeit_01.jpg\",\"width\":1920,\"height\":700},{\"@type\":\"BreadcrumbList\",\"@id\":\"https:\/\/www.eltako.com\/sv\/foeretag\/haallbarhet\/#breadcrumb\",\"itemListElement\":[{\"@type\":\"ListItem\",\"position\":1,\"name\":\"Hemsida\",\"item\":\"https:\/\/www.eltako.com\/sv\/\"},{\"@type\":\"ListItem\",\"position\":2,\"name\":\"F\u00f6retag\",\"item\":\"https:\/\/www.eltako.com\/sv\/foeretag\/\"},{\"@type\":\"ListItem\",\"position\":3,\"name\":\"H\u00e5llbarhet\"}]},{\"@type\":\"WebSite\",\"@id\":\"https:\/\/www.eltako.com\/en\/#website\",\"url\":\"https:\/\/www.eltako.com\/en\/\",\"name\":\"Eltako\",\"description\":\"Schaltger\u00e4te, Netzteile, Stromz\u00e4hler, Dimmer, Geb\u00e4udeinstallation, Steuerungstechnik, Smart Home-L\u00f6sungen, Geb\u00e4udefunk, EnOcean-Technologie\",\"potentialAction\":[{\"@type\":\"SearchAction\",\"target\":{\"@type\":\"EntryPoint\",\"urlTemplate\":\"https:\/\/www.eltako.com\/en\/?s={search_term_string}\"},\"query-input\":{\"@type\":\"PropertyValueSpecification\",\"valueRequired\":true,\"valueName\":\"search_term_string\"}}],\"inLanguage\":\"sv-SE\"}]}<\/script>\n<!-- \/ Yoast SEO plugin. -->","yoast_head_json":{"title":"H\u00e5llbarhet &#187; Eltako","robots":{"index":"index","follow":"follow","max-snippet":"max-snippet:-1","max-image-preview":"max-image-preview:large","max-video-preview":"max-video-preview:-1"},"canonical":"https:\/\/www.eltako.com\/sv\/foeretag\/haallbarhet\/","og_locale":"sv_SE","og_type":"article","og_title":"H\u00e5llbarhet &#187; Eltako","og_description":"Definitionen av h\u00e5llbar utveckling inneb\u00e4r att dagens behov skall tillgodoses p\u00e5 ett s\u00e5dant s\u00e4tt att kommande generationers m\u00f6jligheter inte begr\u00e4nsas. Med v\u00e5ra innovationer vill vi arbeta med just detta i \u00e5tanke: Vi utvecklar avancerad teknik som f\u00f6rb\u00e4ttrar livet f\u00f6r v\u00e5ra kunder nu och i framtiden, utan att f\u00f6rlora v\u00e5rt m\u00e5l att bli allt mer h\u00e5llbara [&hellip;]","og_url":"https:\/\/www.eltako.com\/sv\/foeretag\/haallbarhet\/","og_site_name":"Eltako","article_modified_time":"2024-01-17T10:25:31+00:00","og_image":[{"width":1920,"height":700,"url":"https:\/\/www.eltako.com\/wp-content\/uploads\/2022\/06\/eltako_website_header_1920x700_nachhaltigkeit_01.jpg","type":"image\/jpeg"}],"twitter_card":"summary_large_image","twitter_misc":{"Ber\u00e4knad l\u00e4stid":"3 minuter"},"schema":{"@context":"https:\/\/schema.org","@graph":[{"@type":"WebPage","@id":"https:\/\/www.eltako.com\/sv\/foeretag\/haallbarhet\/","url":"https:\/\/www.eltako.com\/sv\/foeretag\/haallbarhet\/","name":"H\u00e5llbarhet &#187; Eltako","isPartOf":{"@id":"https:\/\/www.eltako.com\/en\/#website"},"primaryImageOfPage":{"@id":"https:\/\/www.eltako.com\/sv\/foeretag\/haallbarhet\/#primaryimage"},"image":{"@id":"https:\/\/www.eltako.com\/sv\/foeretag\/haallbarhet\/#primaryimage"},"thumbnailUrl":"https:\/\/www.eltako.com\/wp-content\/uploads\/2022\/06\/eltako_website_header_1920x700_nachhaltigkeit_01.jpg","datePublished":"2022-08-09T14:28:42+00:00","dateModified":"2024-01-17T10:25:31+00:00","breadcrumb":{"@id":"https:\/\/www.eltako.com\/sv\/foeretag\/haallbarhet\/#breadcrumb"},"inLanguage":"sv-SE","potentialAction":[{"@type":"ReadAction","target":["https:\/\/www.eltako.com\/sv\/foeretag\/haallbarhet\/"]}]},{"@type":"ImageObject","inLanguage":"sv-SE","@id":"https:\/\/www.eltako.com\/sv\/foeretag\/haallbarhet\/#primaryimage","url":"https:\/\/www.eltako.com\/wp-content\/uploads\/2022\/06\/eltako_website_header_1920x700_nachhaltigkeit_01.jpg","contentUrl":"https:\/\/www.eltako.com\/wp-content\/uploads\/2022\/06\/eltako_website_header_1920x700_nachhaltigkeit_01.jpg","width":1920,"height":700},{"@type":"BreadcrumbList","@id":"https:\/\/www.eltako.com\/sv\/foeretag\/haallbarhet\/#breadcrumb","itemListElement":[{"@type":"ListItem","position":1,"name":"Hemsida","item":"https:\/\/www.eltako.com\/sv\/"},{"@type":"ListItem","position":2,"name":"F\u00f6retag","item":"https:\/\/www.eltako.com\/sv\/foeretag\/"},{"@type":"ListItem","position":3,"name":"H\u00e5llbarhet"}]},{"@type":"WebSite","@id":"https:\/\/www.eltako.com\/en\/#website","url":"https:\/\/www.eltako.com\/en\/","name":"Eltako","description":"Schaltger\u00e4te, Netzteile, Stromz\u00e4hler, Dimmer, Geb\u00e4udeinstallation, Steuerungstechnik, Smart Home-L\u00f6sungen, Geb\u00e4udefunk, EnOcean-Technologie","potentialAction":[{"@type":"SearchAction","target":{"@type":"EntryPoint","urlTemplate":"https:\/\/www.eltako.com\/en\/?s={search_term_string}"},"query-input":{"@type":"PropertyValueSpecification","valueRequired":true,"valueName":"search_term_string"}}],"inLanguage":"sv-SE"}]}},"_links":{"self":[{"href":"https:\/\/www.eltako.com\/sv\/wp-json\/wp\/v2\/pages\/86719","targetHints":{"allow":["GET"]}}],"collection":[{"href":"https:\/\/www.eltako.com\/sv\/wp-json\/wp\/v2\/pages"}],"about":[{"href":"https:\/\/www.eltako.com\/sv\/wp-json\/wp\/v2\/types\/page"}],"author":[{"embeddable":true,"href":"https:\/\/www.eltako.com\/sv\/wp-json\/wp\/v2\/users\/39"}],"replies":[{"embeddable":true,"href":"https:\/\/www.eltako.com\/sv\/wp-json\/wp\/v2\/comments?post=86719"}],"version-history":[{"count":6,"href":"https:\/\/www.eltako.com\/sv\/wp-json\/wp\/v2\/pages\/86719\/revisions"}],"predecessor-version":[{"id":135896,"href":"https:\/\/www.eltako.com\/sv\/wp-json\/wp\/v2\/pages\/86719\/revisions\/135896"}],"up":[{"embeddable":true,"href":"https:\/\/www.eltako.com\/sv\/wp-json\/wp\/v2\/pages\/63686"}],"wp:featuredmedia":[{"embeddable":true,"href":"https:\/\/www.eltako.com\/sv\/wp-json\/wp\/v2\/media\/78780"}],"wp:attachment":[{"href":"https:\/\/www.eltako.com\/sv\/wp-json\/wp\/v2\/media?parent=86719"}],"curies":[{"name":"wp","href":"https:\/\/api.w.org\/{rel}","templated":true}]}}