{"id":62310,"date":"2022-03-09T15:53:44","date_gmt":"2022-03-09T14:53:44","guid":{"rendered":"https:\/\/betax923lb8kd7v0.eltako.de\/dali\/"},"modified":"2025-09-18T12:09:25","modified_gmt":"2025-09-18T10:09:25","slug":"dali","status":"publish","type":"page","link":"https:\/\/www.eltako.com\/sv\/foeretag\/partners-och-allianser\/dali\/","title":{"rendered":"Dali"},"content":{"rendered":"\n<h2 class=\"wp-block-heading\" id=\"wir-sind-dali-anbieter\"><strong>FLEXIBEL LJUSSTYRNING MED DALI &#8211; &#8211; &#8211; &#8211; <\/strong><br\/><strong>HELT INTEGRERAD I ELTAKOS COSMOS<\/strong><\/h2>\n\n<div style=\"height:50px\" aria-hidden=\"true\" class=\"wp-block-spacer\"><\/div>\n\n<figure class=\"wp-block-image size-large\"><img decoding=\"async\" src=\"https:\/\/www.eltako.com\/wp-content\/uploads\/2024\/10\/eltako-website_dali2-schaubild_facelift-1024x560.png\" alt=\"\" class=\"wp-image-142313\"\/><\/figure>\n\n<div style=\"height:50px\" aria-hidden=\"true\" class=\"wp-block-spacer\"><\/div>\n\n<p class=\"has-medium-font-size\">DALI \u00e4r ett standardiserat digitalt protokoll som ledande tillverkare av drivdon och annan styrutrustning har anslutit sig till. Belysningsinstallationssystem, f\u00f6r enkel installation, styrning och kommunikation med enstaka armaturer och hela belysningsgrupper. Upp till 64 Adresser, 16 grupper och 16 scener kan anv\u00e4ndas och \u00e4r l\u00e4mpliga att anv\u00e4ndas vid belysningsobjekt fr\u00e5n sm\u00e5 l\u00e4genheter upp till f\u00f6retagsfastigheter. DALI \u00e4r genom dessa egenskaper en god bas f\u00f6r ett intelligent och flexibelt ljusstyrningssystem.<\/p>\n\n<p class=\"has-medium-font-size\">De nya DALI-2-kompatibla produkterna \u00e4r nu ocks\u00e5 multimaster-kompatibla! Det inneb\u00e4r att flera sensorer, t.ex. r\u00f6relse- och ljusstyrkesensorer eller DALI-tryckknappskopplare, kan anv\u00e4ndas p\u00e5 en DALI-linje. En annan f\u00f6rdel \u00e4r den direkta anslutningen till v\u00e5r 14-serie, liksom bearbetningen av DALI-2-h\u00e4ndelsemeddelanden, vilket underl\u00e4ttar intelligent automatisering och integration med EnOcean-system.  <\/p>\n\n<div style=\"height:50px\" aria-hidden=\"true\" class=\"wp-block-spacer\"><\/div>\n\n<div class=\"wp-block-columns is-layout-flex wp-container-core-columns-is-layout-9d6595d7 wp-block-columns-is-layout-flex\">\n<div class=\"wp-block-column is-layout-flow wp-block-column-is-layout-flow\">\n<a href=\"https:\/\/www.eltako.com\/sv\/catalog\/?search=\" target=\"_blank\" class=\"text-uppercase font-weight-bold btn text-white p-3 mt-1 mb-1 w-100\" style=\"background : #016db7; font-size:20px\" rel=\"noopener\">TILL V\u00c5RT DALI PROGRAM<\/a>\n<\/div>\n\n\n\n<div class=\"wp-block-column is-layout-flow wp-block-column-is-layout-flow\"><\/div>\n\n\n\n<div class=\"wp-block-column is-layout-flow wp-block-column-is-layout-flow\"><\/div>\n<\/div>\n\n<div style=\"height:50px\" aria-hidden=\"true\" class=\"wp-block-spacer\"><\/div>\n\n<figure class=\"wp-block-image size-large\"><img decoding=\"async\" width=\"1024\" height=\"341\" src=\"https:\/\/betax923lb8kd7v0.eltako.de\/wp-content\/uploads\/2021\/10\/Bild-3-1024x341.jpg\" alt=\"\" class=\"wp-image-24393\" srcset=\"https:\/\/www.eltako.com\/wp-content\/uploads\/2021\/10\/Bild-3-1024x341.jpg 1024w, https:\/\/www.eltako.com\/wp-content\/uploads\/2021\/10\/Bild-3-300x100.jpg 300w, https:\/\/www.eltako.com\/wp-content\/uploads\/2021\/10\/Bild-3-768x256.jpg 768w, https:\/\/www.eltako.com\/wp-content\/uploads\/2021\/10\/Bild-3-1536x512.jpg 1536w, https:\/\/www.eltako.com\/wp-content\/uploads\/2021\/10\/Bild-3-600x200.jpg 600w, https:\/\/www.eltako.com\/wp-content\/uploads\/2021\/10\/Bild-3.jpg 1800w\" sizes=\"(max-width: 1024px) 100vw, 1024px\" \/><\/figure>\n\n<div style=\"height:50px\" aria-hidden=\"true\" class=\"wp-block-spacer\"><\/div>\n\n<p class=\"has-medium-font-size\">Befintliga DALI-installationer kan kompletteras med tr\u00e5dl\u00f6sa sensorer och aktorer genom att anv\u00e4nda v\u00e5r EnOcean\/DALI gateway.<\/p>\n\n<p class=\"has-medium-font-size\">F\u00f6rdelar med DALI:<\/p>\n\n<ul class=\"wp-block-list\">\n<li class=\"has-medium-font-size\">polaritetsoberoende anslutning av alla DALI-enheter<\/li>\n<\/ul>\n\n<ul class=\"wp-block-list\">\n<li class=\"has-medium-font-size\">enkel ledningsdragning, samma kabel som matningssp\u00e4nningen, med en 5-ledad kabel<\/li>\n<\/ul>\n\n<ul class=\"wp-block-list\">\n<li class=\"has-medium-font-size\">ljusscener kan programmeras och p\u00e5kallas direkt i DALI-styrdonet <\/li>\n<\/ul>\n\n<ul class=\"wp-block-list\">\n<li class=\"has-medium-font-size\">snabb \u00e5terkoppling och lokalisering vid trasig ljusk\u00e4lla<\/li>\n<\/ul>\n\n<ul class=\"wp-block-list\">\n<li class=\"has-medium-font-size\">vid \u00e4ndrade behov \u00e4r det l\u00e4tt att gruppera om armaturer utan att beh\u00f6va dra om kablar eller att f\u00f6r\u00e4ndra installationen <\/li>\n<\/ul>\n\n<div style=\"height:50px\" aria-hidden=\"true\" class=\"wp-block-spacer\"><\/div>\n\n<figure class=\"wp-block-image size-large\"><img decoding=\"async\" src=\"https:\/\/www.eltako.de\/wp-content\/uploads\/2021\/07\/Bild-2-1024x683.jpg\" alt=\"\" class=\"wp-image-35538\"\/><\/figure>\n","protected":false},"excerpt":{"rendered":"<p>FLEXIBEL LJUSSTYRNING MED DALI &#8211; &#8211; &#8211; &#8211; HELT INTEGRERAD I ELTAKOS COSMOS DALI \u00e4r ett standardiserat digitalt protokoll som ledande tillverkare av drivdon och annan styrutrustning har anslutit sig till. Belysningsinstallationssystem, f\u00f6r enkel installation, styrning och kommunikation med enstaka armaturer och hela belysningsgrupper. Upp till 64 Adresser, 16 grupper och 16 scener kan anv\u00e4ndas [&hellip;]<\/p>\n","protected":false},"author":31,"featured_media":23302,"parent":62742,"menu_order":0,"comment_status":"closed","ping_status":"closed","template":"templates\/custom_header.php","meta":{"_acf_changed":false,"footnotes":"","_links_to":"","_links_to_target":""},"class_list":["post-62310","page","type-page","status-publish","has-post-thumbnail","hentry"],"acf":[],"yoast_head":"<!-- This site is optimized with the Yoast SEO plugin v27.2 - https:\/\/yoast.com\/product\/yoast-seo-wordpress\/ -->\n<title>Dali &#187; Eltako<\/title>\n<meta name=\"robots\" content=\"index, follow, max-snippet:-1, max-image-preview:large, max-video-preview:-1\" \/>\n<link rel=\"canonical\" href=\"https:\/\/www.eltako.com\/sv\/foeretag\/partners-och-allianser\/dali\/\" \/>\n<meta property=\"og:locale\" content=\"sv_SE\" \/>\n<meta property=\"og:type\" content=\"article\" \/>\n<meta property=\"og:title\" content=\"Dali &#187; Eltako\" \/>\n<meta property=\"og:description\" content=\"FLEXIBEL LJUSSTYRNING MED DALI &#8211; &#8211; &#8211; &#8211; HELT INTEGRERAD I ELTAKOS COSMOS DALI \u00e4r ett standardiserat digitalt protokoll som ledande tillverkare av drivdon och annan styrutrustning har anslutit sig till. Belysningsinstallationssystem, f\u00f6r enkel installation, styrning och kommunikation med enstaka armaturer och hela belysningsgrupper. Upp till 64 Adresser, 16 grupper och 16 scener kan anv\u00e4ndas [&hellip;]\" \/>\n<meta property=\"og:url\" content=\"https:\/\/www.eltako.com\/sv\/foeretag\/partners-och-allianser\/dali\/\" \/>\n<meta property=\"og:site_name\" content=\"Eltako\" \/>\n<meta property=\"article:modified_time\" content=\"2025-09-18T10:09:25+00:00\" \/>\n<meta property=\"og:image\" content=\"https:\/\/www.eltako.com\/wp-content\/uploads\/2021\/09\/Bild-1-1-e1626779207216.jpg\" \/>\n\t<meta property=\"og:image:width\" content=\"1920\" \/>\n\t<meta property=\"og:image:height\" content=\"931\" \/>\n\t<meta property=\"og:image:type\" content=\"image\/jpeg\" \/>\n<meta name=\"twitter:card\" content=\"summary_large_image\" \/>\n<meta name=\"twitter:label1\" content=\"Ber\u00e4knad l\u00e4stid\" \/>\n\t<meta name=\"twitter:data1\" content=\"2 minuter\" \/>\n<script type=\"application\/ld+json\" class=\"yoast-schema-graph\">{\"@context\":\"https:\/\/schema.org\",\"@graph\":[{\"@type\":\"WebPage\",\"@id\":\"https:\/\/www.eltako.com\/sv\/foeretag\/partners-och-allianser\/dali\/\",\"url\":\"https:\/\/www.eltako.com\/sv\/foeretag\/partners-och-allianser\/dali\/\",\"name\":\"Dali &#187; Eltako\",\"isPartOf\":{\"@id\":\"https:\/\/www.eltako.com\/en\/#website\"},\"primaryImageOfPage\":{\"@id\":\"https:\/\/www.eltako.com\/sv\/foeretag\/partners-och-allianser\/dali\/#primaryimage\"},\"image\":{\"@id\":\"https:\/\/www.eltako.com\/sv\/foeretag\/partners-och-allianser\/dali\/#primaryimage\"},\"thumbnailUrl\":\"https:\/\/www.eltako.com\/wp-content\/uploads\/2021\/09\/Bild-1-1-e1626779207216.jpg\",\"datePublished\":\"2022-03-09T14:53:44+00:00\",\"dateModified\":\"2025-09-18T10:09:25+00:00\",\"breadcrumb\":{\"@id\":\"https:\/\/www.eltako.com\/sv\/foeretag\/partners-och-allianser\/dali\/#breadcrumb\"},\"inLanguage\":\"sv-SE\",\"potentialAction\":[{\"@type\":\"ReadAction\",\"target\":[\"https:\/\/www.eltako.com\/sv\/foeretag\/partners-och-allianser\/dali\/\"]}]},{\"@type\":\"ImageObject\",\"inLanguage\":\"sv-SE\",\"@id\":\"https:\/\/www.eltako.com\/sv\/foeretag\/partners-och-allianser\/dali\/#primaryimage\",\"url\":\"https:\/\/www.eltako.com\/wp-content\/uploads\/2021\/09\/Bild-1-1-e1626779207216.jpg\",\"contentUrl\":\"https:\/\/www.eltako.com\/wp-content\/uploads\/2021\/09\/Bild-1-1-e1626779207216.jpg\",\"width\":1920,\"height\":931},{\"@type\":\"BreadcrumbList\",\"@id\":\"https:\/\/www.eltako.com\/sv\/foeretag\/partners-och-allianser\/dali\/#breadcrumb\",\"itemListElement\":[{\"@type\":\"ListItem\",\"position\":1,\"name\":\"Hemsida\",\"item\":\"https:\/\/www.eltako.com\/sv\/\"},{\"@type\":\"ListItem\",\"position\":2,\"name\":\"F\u00f6retag\",\"item\":\"https:\/\/www.eltako.com\/sv\/foeretag\/\"},{\"@type\":\"ListItem\",\"position\":3,\"name\":\"Partners och allianser\",\"item\":\"https:\/\/www.eltako.com\/sv\/foeretag\/partners-och-allianser\/\"},{\"@type\":\"ListItem\",\"position\":4,\"name\":\"Dali\"}]},{\"@type\":\"WebSite\",\"@id\":\"https:\/\/www.eltako.com\/en\/#website\",\"url\":\"https:\/\/www.eltako.com\/en\/\",\"name\":\"Eltako\",\"description\":\"Schaltger\u00e4te, Netzteile, Stromz\u00e4hler, Dimmer, Geb\u00e4udeinstallation, Steuerungstechnik, Smart Home-L\u00f6sungen, Geb\u00e4udefunk, EnOcean-Technologie\",\"potentialAction\":[{\"@type\":\"SearchAction\",\"target\":{\"@type\":\"EntryPoint\",\"urlTemplate\":\"https:\/\/www.eltako.com\/en\/?s={search_term_string}\"},\"query-input\":{\"@type\":\"PropertyValueSpecification\",\"valueRequired\":true,\"valueName\":\"search_term_string\"}}],\"inLanguage\":\"sv-SE\"}]}<\/script>\n<!-- \/ Yoast SEO plugin. -->","yoast_head_json":{"title":"Dali &#187; Eltako","robots":{"index":"index","follow":"follow","max-snippet":"max-snippet:-1","max-image-preview":"max-image-preview:large","max-video-preview":"max-video-preview:-1"},"canonical":"https:\/\/www.eltako.com\/sv\/foeretag\/partners-och-allianser\/dali\/","og_locale":"sv_SE","og_type":"article","og_title":"Dali &#187; Eltako","og_description":"FLEXIBEL LJUSSTYRNING MED DALI &#8211; &#8211; &#8211; &#8211; HELT INTEGRERAD I ELTAKOS COSMOS DALI \u00e4r ett standardiserat digitalt protokoll som ledande tillverkare av drivdon och annan styrutrustning har anslutit sig till. Belysningsinstallationssystem, f\u00f6r enkel installation, styrning och kommunikation med enstaka armaturer och hela belysningsgrupper. Upp till 64 Adresser, 16 grupper och 16 scener kan anv\u00e4ndas [&hellip;]","og_url":"https:\/\/www.eltako.com\/sv\/foeretag\/partners-och-allianser\/dali\/","og_site_name":"Eltako","article_modified_time":"2025-09-18T10:09:25+00:00","og_image":[{"width":1920,"height":931,"url":"https:\/\/www.eltako.com\/wp-content\/uploads\/2021\/09\/Bild-1-1-e1626779207216.jpg","type":"image\/jpeg"}],"twitter_card":"summary_large_image","twitter_misc":{"Ber\u00e4knad l\u00e4stid":"2 minuter"},"schema":{"@context":"https:\/\/schema.org","@graph":[{"@type":"WebPage","@id":"https:\/\/www.eltako.com\/sv\/foeretag\/partners-och-allianser\/dali\/","url":"https:\/\/www.eltako.com\/sv\/foeretag\/partners-och-allianser\/dali\/","name":"Dali &#187; Eltako","isPartOf":{"@id":"https:\/\/www.eltako.com\/en\/#website"},"primaryImageOfPage":{"@id":"https:\/\/www.eltako.com\/sv\/foeretag\/partners-och-allianser\/dali\/#primaryimage"},"image":{"@id":"https:\/\/www.eltako.com\/sv\/foeretag\/partners-och-allianser\/dali\/#primaryimage"},"thumbnailUrl":"https:\/\/www.eltako.com\/wp-content\/uploads\/2021\/09\/Bild-1-1-e1626779207216.jpg","datePublished":"2022-03-09T14:53:44+00:00","dateModified":"2025-09-18T10:09:25+00:00","breadcrumb":{"@id":"https:\/\/www.eltako.com\/sv\/foeretag\/partners-och-allianser\/dali\/#breadcrumb"},"inLanguage":"sv-SE","potentialAction":[{"@type":"ReadAction","target":["https:\/\/www.eltako.com\/sv\/foeretag\/partners-och-allianser\/dali\/"]}]},{"@type":"ImageObject","inLanguage":"sv-SE","@id":"https:\/\/www.eltako.com\/sv\/foeretag\/partners-och-allianser\/dali\/#primaryimage","url":"https:\/\/www.eltako.com\/wp-content\/uploads\/2021\/09\/Bild-1-1-e1626779207216.jpg","contentUrl":"https:\/\/www.eltako.com\/wp-content\/uploads\/2021\/09\/Bild-1-1-e1626779207216.jpg","width":1920,"height":931},{"@type":"BreadcrumbList","@id":"https:\/\/www.eltako.com\/sv\/foeretag\/partners-och-allianser\/dali\/#breadcrumb","itemListElement":[{"@type":"ListItem","position":1,"name":"Hemsida","item":"https:\/\/www.eltako.com\/sv\/"},{"@type":"ListItem","position":2,"name":"F\u00f6retag","item":"https:\/\/www.eltako.com\/sv\/foeretag\/"},{"@type":"ListItem","position":3,"name":"Partners och allianser","item":"https:\/\/www.eltako.com\/sv\/foeretag\/partners-och-allianser\/"},{"@type":"ListItem","position":4,"name":"Dali"}]},{"@type":"WebSite","@id":"https:\/\/www.eltako.com\/en\/#website","url":"https:\/\/www.eltako.com\/en\/","name":"Eltako","description":"Schaltger\u00e4te, Netzteile, Stromz\u00e4hler, Dimmer, Geb\u00e4udeinstallation, Steuerungstechnik, Smart Home-L\u00f6sungen, Geb\u00e4udefunk, EnOcean-Technologie","potentialAction":[{"@type":"SearchAction","target":{"@type":"EntryPoint","urlTemplate":"https:\/\/www.eltako.com\/en\/?s={search_term_string}"},"query-input":{"@type":"PropertyValueSpecification","valueRequired":true,"valueName":"search_term_string"}}],"inLanguage":"sv-SE"}]}},"_links":{"self":[{"href":"https:\/\/www.eltako.com\/sv\/wp-json\/wp\/v2\/pages\/62310","targetHints":{"allow":["GET"]}}],"collection":[{"href":"https:\/\/www.eltako.com\/sv\/wp-json\/wp\/v2\/pages"}],"about":[{"href":"https:\/\/www.eltako.com\/sv\/wp-json\/wp\/v2\/types\/page"}],"author":[{"embeddable":true,"href":"https:\/\/www.eltako.com\/sv\/wp-json\/wp\/v2\/users\/31"}],"replies":[{"embeddable":true,"href":"https:\/\/www.eltako.com\/sv\/wp-json\/wp\/v2\/comments?post=62310"}],"version-history":[{"count":4,"href":"https:\/\/www.eltako.com\/sv\/wp-json\/wp\/v2\/pages\/62310\/revisions"}],"predecessor-version":[{"id":146640,"href":"https:\/\/www.eltako.com\/sv\/wp-json\/wp\/v2\/pages\/62310\/revisions\/146640"}],"up":[{"embeddable":true,"href":"https:\/\/www.eltako.com\/sv\/wp-json\/wp\/v2\/pages\/62742"}],"wp:featuredmedia":[{"embeddable":true,"href":"https:\/\/www.eltako.com\/sv\/wp-json\/wp\/v2\/media\/23302"}],"wp:attachment":[{"href":"https:\/\/www.eltako.com\/sv\/wp-json\/wp\/v2\/media?parent=62310"}],"curies":[{"name":"wp","href":"https:\/\/api.w.org\/{rel}","templated":true}]}}