{"id":62168,"date":"2022-03-07T15:03:27","date_gmt":"2022-03-07T14:03:27","guid":{"rendered":"https:\/\/betax923lb8kd7v0.eltako.de\/nedladdningar\/staellverk-och-stroemfoersoerjning\/"},"modified":"2022-09-14T13:35:55","modified_gmt":"2022-09-14T11:35:55","slug":"professional-standard","status":"publish","type":"page","link":"https:\/\/www.eltako.com\/sv\/service\/nedladdningar\/professional-standard\/","title":{"rendered":"Professional Standard"},"content":{"rendered":"<div id=\"footable_parent_77977\"\n         class=\" footable_parent ninja_table_wrapper loading_ninja_table wp_table_data_press_parent bootstrap4 \">\n                <table data-ninja_table_instance=\"ninja_table_instance_0\" data-footable_id=\"77977\" data-filter-delay=\"1000\" aria-label=\"switchgear_and_power_supplies_se_opt-csv-imported-from-table-press\"            id=\"footable_77977\"\n           data-unique_identifier=\"ninja_table_unique_id_87548303_77977\"\n           class=\" foo-table ninja_footable foo_table_77977 ninja_table_unique_id_87548303_77977 table  nt_type_ajax_table table-striped table-bordered vertical_centered  footable-paging-right ninja_table_pro\">\n                <colgroup>\n                            <col class=\"ninja_column_0 \">\n                            <col class=\"ninja_column_1 \">\n                            <col class=\"ninja_column_2 \">\n                    <\/colgroup>\n            <\/table>\n    \n    \n    \n<\/div>\n\n","protected":false},"excerpt":{"rendered":"","protected":false},"author":31,"featured_media":0,"parent":29657,"menu_order":0,"comment_status":"closed","ping_status":"closed","template":"","meta":{"_acf_changed":false,"footnotes":"","_links_to":"","_links_to_target":""},"class_list":["post-62168","page","type-page","status-publish","hentry"],"acf":[],"yoast_head":"<!-- This site is optimized with the Yoast SEO plugin v27.2 - https:\/\/yoast.com\/product\/yoast-seo-wordpress\/ -->\n<title>Professional Standard &#187; Eltako<\/title>\n<meta name=\"robots\" content=\"index, follow, max-snippet:-1, max-image-preview:large, max-video-preview:-1\" \/>\n<link rel=\"canonical\" href=\"https:\/\/www.eltako.com\/sv\/service\/nedladdningar\/professional-standard\/\" \/>\n<meta property=\"og:locale\" content=\"sv_SE\" \/>\n<meta property=\"og:type\" content=\"article\" \/>\n<meta property=\"og:title\" content=\"Professional Standard &#187; Eltako\" \/>\n<meta property=\"og:url\" content=\"https:\/\/www.eltako.com\/sv\/service\/nedladdningar\/professional-standard\/\" \/>\n<meta property=\"og:site_name\" content=\"Eltako\" \/>\n<meta property=\"article:modified_time\" content=\"2022-09-14T11:35:55+00:00\" \/>\n<meta name=\"twitter:card\" content=\"summary_large_image\" \/>\n<meta name=\"twitter:label1\" content=\"Ber\u00e4knad l\u00e4stid\" \/>\n\t<meta name=\"twitter:data1\" content=\"1 minut\" \/>\n<script type=\"application\/ld+json\" class=\"yoast-schema-graph\">{\"@context\":\"https:\/\/schema.org\",\"@graph\":[{\"@type\":\"WebPage\",\"@id\":\"https:\/\/www.eltako.com\/sv\/service\/nedladdningar\/professional-standard\/\",\"url\":\"https:\/\/www.eltako.com\/sv\/service\/nedladdningar\/professional-standard\/\",\"name\":\"Professional Standard &#187; Eltako\",\"isPartOf\":{\"@id\":\"https:\/\/www.eltako.com\/en\/#website\"},\"datePublished\":\"2022-03-07T14:03:27+00:00\",\"dateModified\":\"2022-09-14T11:35:55+00:00\",\"breadcrumb\":{\"@id\":\"https:\/\/www.eltako.com\/sv\/service\/nedladdningar\/professional-standard\/#breadcrumb\"},\"inLanguage\":\"sv-SE\",\"potentialAction\":[{\"@type\":\"ReadAction\",\"target\":[\"https:\/\/www.eltako.com\/sv\/service\/nedladdningar\/professional-standard\/\"]}]},{\"@type\":\"BreadcrumbList\",\"@id\":\"https:\/\/www.eltako.com\/sv\/service\/nedladdningar\/professional-standard\/#breadcrumb\",\"itemListElement\":[{\"@type\":\"ListItem\",\"position\":1,\"name\":\"Hemsida\",\"item\":\"https:\/\/www.eltako.com\/sv\/\"},{\"@type\":\"ListItem\",\"position\":2,\"name\":\"Tj\u00e4nster\",\"item\":\"https:\/\/www.eltako.com\/sv\/service\/\"},{\"@type\":\"ListItem\",\"position\":3,\"name\":\"Nedladdningar\",\"item\":\"https:\/\/www.eltako.com\/sv\/service\/nedladdningar\/\"},{\"@type\":\"ListItem\",\"position\":4,\"name\":\"Professional Standard\"}]},{\"@type\":\"WebSite\",\"@id\":\"https:\/\/www.eltako.com\/en\/#website\",\"url\":\"https:\/\/www.eltako.com\/en\/\",\"name\":\"Eltako\",\"description\":\"Schaltger\u00e4te, Netzteile, Stromz\u00e4hler, Dimmer, Geb\u00e4udeinstallation, Steuerungstechnik, Smart Home-L\u00f6sungen, Geb\u00e4udefunk, EnOcean-Technologie\",\"potentialAction\":[{\"@type\":\"SearchAction\",\"target\":{\"@type\":\"EntryPoint\",\"urlTemplate\":\"https:\/\/www.eltako.com\/en\/?s={search_term_string}\"},\"query-input\":{\"@type\":\"PropertyValueSpecification\",\"valueRequired\":true,\"valueName\":\"search_term_string\"}}],\"inLanguage\":\"sv-SE\"}]}<\/script>\n<!-- \/ Yoast SEO plugin. -->","yoast_head_json":{"title":"Professional Standard &#187; Eltako","robots":{"index":"index","follow":"follow","max-snippet":"max-snippet:-1","max-image-preview":"max-image-preview:large","max-video-preview":"max-video-preview:-1"},"canonical":"https:\/\/www.eltako.com\/sv\/service\/nedladdningar\/professional-standard\/","og_locale":"sv_SE","og_type":"article","og_title":"Professional Standard &#187; Eltako","og_url":"https:\/\/www.eltako.com\/sv\/service\/nedladdningar\/professional-standard\/","og_site_name":"Eltako","article_modified_time":"2022-09-14T11:35:55+00:00","twitter_card":"summary_large_image","twitter_misc":{"Ber\u00e4knad l\u00e4stid":"1 minut"},"schema":{"@context":"https:\/\/schema.org","@graph":[{"@type":"WebPage","@id":"https:\/\/www.eltako.com\/sv\/service\/nedladdningar\/professional-standard\/","url":"https:\/\/www.eltako.com\/sv\/service\/nedladdningar\/professional-standard\/","name":"Professional Standard &#187; Eltako","isPartOf":{"@id":"https:\/\/www.eltako.com\/en\/#website"},"datePublished":"2022-03-07T14:03:27+00:00","dateModified":"2022-09-14T11:35:55+00:00","breadcrumb":{"@id":"https:\/\/www.eltako.com\/sv\/service\/nedladdningar\/professional-standard\/#breadcrumb"},"inLanguage":"sv-SE","potentialAction":[{"@type":"ReadAction","target":["https:\/\/www.eltako.com\/sv\/service\/nedladdningar\/professional-standard\/"]}]},{"@type":"BreadcrumbList","@id":"https:\/\/www.eltako.com\/sv\/service\/nedladdningar\/professional-standard\/#breadcrumb","itemListElement":[{"@type":"ListItem","position":1,"name":"Hemsida","item":"https:\/\/www.eltako.com\/sv\/"},{"@type":"ListItem","position":2,"name":"Tj\u00e4nster","item":"https:\/\/www.eltako.com\/sv\/service\/"},{"@type":"ListItem","position":3,"name":"Nedladdningar","item":"https:\/\/www.eltako.com\/sv\/service\/nedladdningar\/"},{"@type":"ListItem","position":4,"name":"Professional Standard"}]},{"@type":"WebSite","@id":"https:\/\/www.eltako.com\/en\/#website","url":"https:\/\/www.eltako.com\/en\/","name":"Eltako","description":"Schaltger\u00e4te, Netzteile, Stromz\u00e4hler, Dimmer, Geb\u00e4udeinstallation, Steuerungstechnik, Smart Home-L\u00f6sungen, Geb\u00e4udefunk, EnOcean-Technologie","potentialAction":[{"@type":"SearchAction","target":{"@type":"EntryPoint","urlTemplate":"https:\/\/www.eltako.com\/en\/?s={search_term_string}"},"query-input":{"@type":"PropertyValueSpecification","valueRequired":true,"valueName":"search_term_string"}}],"inLanguage":"sv-SE"}]}},"_links":{"self":[{"href":"https:\/\/www.eltako.com\/sv\/wp-json\/wp\/v2\/pages\/62168","targetHints":{"allow":["GET"]}}],"collection":[{"href":"https:\/\/www.eltako.com\/sv\/wp-json\/wp\/v2\/pages"}],"about":[{"href":"https:\/\/www.eltako.com\/sv\/wp-json\/wp\/v2\/types\/page"}],"author":[{"embeddable":true,"href":"https:\/\/www.eltako.com\/sv\/wp-json\/wp\/v2\/users\/31"}],"replies":[{"embeddable":true,"href":"https:\/\/www.eltako.com\/sv\/wp-json\/wp\/v2\/comments?post=62168"}],"version-history":[{"count":1,"href":"https:\/\/www.eltako.com\/sv\/wp-json\/wp\/v2\/pages\/62168\/revisions"}],"predecessor-version":[{"id":115362,"href":"https:\/\/www.eltako.com\/sv\/wp-json\/wp\/v2\/pages\/62168\/revisions\/115362"}],"up":[{"embeddable":true,"href":"https:\/\/www.eltako.com\/sv\/wp-json\/wp\/v2\/pages\/29657"}],"wp:attachment":[{"href":"https:\/\/www.eltako.com\/sv\/wp-json\/wp\/v2\/media?parent=62168"}],"curies":[{"name":"wp","href":"https:\/\/api.w.org\/{rel}","templated":true}]}}