{"id":62140,"date":"2022-03-07T14:48:34","date_gmt":"2022-03-07T13:48:34","guid":{"rendered":"https:\/\/betax923lb8kd7v0.eltako.de\/styrenhet-firmware-uppdatering\/"},"modified":"2025-02-05T08:47:46","modified_gmt":"2025-02-05T07:47:46","slug":"styrenhet-firmware-uppdatering","status":"publish","type":"page","link":"https:\/\/www.eltako.com\/sv\/styrenhet-firmware-uppdatering\/","title":{"rendered":"Controllerns programvaru&shy;uppdatering"},"content":{"rendered":"\n<h3 class=\"wp-block-heading\">Programvaruuppdatering <\/h3>\n\n\n\n<p><\/p>\n\n\n\n<p class=\"has-normal-font-size\">Se till att du alltid k\u00f6r din controller med den senaste programvaruversionen f\u00f6r att s\u00e4kerst\u00e4lla b\u00e4st funktion med GFA5-appen. F\u00f6lj uppdateringsinstruktionerna nedan: <\/p>\n\n\n\n<h3 class=\"wp-block-heading\">Programvaruuppdatering med GFA5-appen<\/h3>\n\n\n\n<p><\/p>\n\n\n\n<p class=\"has-normal-font-size\">I GFA5-appen kan du initiera programvaruuppdateringen f\u00f6r controllern direkt i appen. Om ny programvara finns tillg\u00e4nglig visas ett popup-meddelande i appen. Alternativt kan du g\u00e5 till: Inst\u00e4llningar \u2192 Controller f\u00f6r att kontrollera om en programvaruuppdatering \u00e4r tillg\u00e4nglig och f\u00f6r att starta uppdateringen direkt. <\/p>\n\n\n\n<p class=\"has-normal-font-size\"><strong>Obs!<\/strong> Internetanslutning kr\u00e4vs f\u00f6r uppdateringen. <\/p>\n\n\n\n<p class=\"has-normal-font-size\">I s\u00e4llsynta fall d\u00e4r en programvaruuppdatering inte kan startas via GFA5-appen, s\u00e5 finns m\u00f6jligheten att ladda programvaran med ConfigTool NEO. <\/p>\n\n\n\n<p><strong>Ladda ner controllerprogramvaran<\/strong><\/p>\n\n\n\n<p><a href=\"https:\/\/eltakocloud-download.s3.eu-central-1.amazonaws.com\/fw\/mediola\/C2\/c2eltako_latest.hex\" target=\"_blank\" rel=\"noreferrer noopener\">Ladda ner version 1.25.6<\/a> (extern l\u00e4nk)<\/p>\n\n\n\n<p><a href=\"https:\/\/docs.eltako.de\/docs\/changelog_minisafe2\/\" target=\"_blank\" rel=\"noreferrer noopener\">\u00c4ndringslista MiniSafe2<\/a><\/p>\n\n\n\n<p><a href=\"https:\/\/docs.eltako.de\/docs\/changelog_gfa5\/\" target=\"_blank\" rel=\"noreferrer noopener\">\u00c4ndringslista GFA5<\/a><\/p>\n\n\n\n<p><\/p>\n\n\n\n<h3 class=\"wp-block-heading\">Programvaruuppdatering med ConfigTool NEO <\/h3>\n\n\n\n<p><\/p>\n\n\n\n<p class=\"has-normal-font-size\"><strong>F\u00f6ruts\u00e4ttning: <\/strong><\/p>\n\n\n\n<ol class=\"wp-block-list\">\n<li>ConfigTool NEO \u00e4r installerat <\/li>\n<\/ol>\n\n\n\n<ol start=\"2\" class=\"wp-block-list\">\n<li>PC och controller finns i samma n\u00e4tverk. <\/li>\n<\/ol>\n\n\n\n<p>Efter start av ConfigTool NEO visas controllern direkt p\u00e5 startsidan. <\/p>\n\n\n\n<ol class=\"wp-block-list\">\n<li>Klicka p\u00e5 controllern f\u00f6r att g\u00e5 till inst\u00e4llningarna <\/li>\n<\/ol>\n\n\n\n<ol start=\"2\" class=\"wp-block-list\">\n<li>Fliken Allm\u00e4nt: Anm\u00e4rkningar om nya programvaruversioner visas h\u00e4r <\/li>\n<\/ol>\n\n\n\n<ol start=\"3\" class=\"wp-block-list\">\n<li>Klicka p\u00e5 &#8221;L\u00e5s upp formul\u00e4r&#8221;. <\/li>\n<\/ol>\n\n\n\n<ol start=\"4\" class=\"wp-block-list\">\n<li>Ladda upp programvaran till controllern <\/li>\n<\/ol>\n\n\n\n<p><strong>Ladda ner ConfigTool NEO<\/strong> <\/p>\n\n\n\n<p><a href=\"https:\/\/s3-eu-west-1.amazonaws.com\/mediola-download\/configtool_neo\/ConfigTool+NEO.exe\" target=\"_blank\" rel=\"noreferrer noopener\">Ladda ner Windows-versione<\/a><a href=\"https:\/\/s3-eu-west-1.amazonaws.com\/mediola-download\/configtool_neo\/1.17.0\/ConfigTool+NEO.exe\" target=\"_blank\" rel=\"noreferrer noopener\">n<\/a> (extern l\u00e4nk) <\/p>\n\n\n\n<p><a href=\"https:\/\/s3-eu-west-1.amazonaws.com\/mediola-download\/configtool_neo\/1.17.0\/ConfigTool+NEO.dmg\">Ladda ner macOS-versionen 12+<\/a> (extern l\u00e4nk)<\/p>\n\n\n\n<p><a href=\"https:\/\/s3-eu-west-1.amazonaws.com\/mediola-download\/configtool_neo\/1.17.0\/ConfigTool+NEO-mac10.dmg\">Ladda ner macOS-versionen 10\/11 <\/a>(extern l\u00e4nk)<\/p>\n\n\n\n<p><a href=\"https:\/\/s3-eu-west-1.amazonaws.com\/mediola-download\/configtool_neo\/1.9.0\/ConfigTool+NEO.tar.gz\" target=\"_blank\" rel=\"noreferrer noopener\">Ladda ner Linux-version<\/a><a href=\"https:\/\/s3-eu-west-1.amazonaws.com\/mediola-download\/configtool_neo\/1.17.0\/ConfigTool+NEO.tar.gz\" target=\"_blank\" rel=\"noreferrer noopener\">en<\/a> (extern l\u00e4nk)<\/p>\n\n\n\n<p><\/p>\n\n\n\n<p><\/p>\n","protected":false},"excerpt":{"rendered":"<p>Programvaruuppdatering Se till att du alltid k\u00f6r din controller med den senaste programvaruversionen f\u00f6r att s\u00e4kerst\u00e4lla b\u00e4st funktion med GFA5-appen. F\u00f6lj uppdateringsinstruktionerna nedan: Programvaruuppdatering med GFA5-appen I GFA5-appen kan du initiera programvaruuppdateringen f\u00f6r controllern direkt i appen. Om ny programvara finns tillg\u00e4nglig visas ett popup-meddelande i appen. Alternativt kan du g\u00e5 till: Inst\u00e4llningar \u2192 Controller [&hellip;]<\/p>\n","protected":false},"author":31,"featured_media":22018,"parent":0,"menu_order":0,"comment_status":"closed","ping_status":"closed","template":"templates\/custom_header.php","meta":{"_acf_changed":false,"footnotes":"","_links_to":"","_links_to_target":""},"class_list":["post-62140","page","type-page","status-publish","has-post-thumbnail","hentry"],"acf":[],"yoast_head":"<!-- This site is optimized with the Yoast SEO plugin v27.2 - https:\/\/yoast.com\/product\/yoast-seo-wordpress\/ -->\n<title>Controllerns programvaru&shy;uppdatering &#187; Eltako<\/title>\n<meta name=\"robots\" content=\"index, follow, max-snippet:-1, max-image-preview:large, max-video-preview:-1\" \/>\n<link rel=\"canonical\" href=\"https:\/\/www.eltako.com\/sv\/styrenhet-firmware-uppdatering\/\" \/>\n<meta property=\"og:locale\" content=\"sv_SE\" \/>\n<meta property=\"og:type\" content=\"article\" \/>\n<meta property=\"og:title\" content=\"Controllerns programvaru&shy;uppdatering &#187; Eltako\" \/>\n<meta property=\"og:description\" content=\"Programvaruuppdatering Se till att du alltid k\u00f6r din controller med den senaste programvaruversionen f\u00f6r att s\u00e4kerst\u00e4lla b\u00e4st funktion med GFA5-appen. F\u00f6lj uppdateringsinstruktionerna nedan: Programvaruuppdatering med GFA5-appen I GFA5-appen kan du initiera programvaruuppdateringen f\u00f6r controllern direkt i appen. Om ny programvara finns tillg\u00e4nglig visas ett popup-meddelande i appen. Alternativt kan du g\u00e5 till: Inst\u00e4llningar \u2192 Controller [&hellip;]\" \/>\n<meta property=\"og:url\" content=\"https:\/\/www.eltako.com\/sv\/styrenhet-firmware-uppdatering\/\" \/>\n<meta property=\"og:site_name\" content=\"Eltako\" \/>\n<meta property=\"article:modified_time\" content=\"2025-02-05T07:47:46+00:00\" \/>\n<meta property=\"og:image\" content=\"https:\/\/www.eltako.com\/wp-content\/uploads\/2021\/05\/Layout-Firmware-Update-Neu.jpg\" \/>\n\t<meta property=\"og:image:width\" content=\"2000\" \/>\n\t<meta property=\"og:image:height\" content=\"1125\" \/>\n\t<meta property=\"og:image:type\" content=\"image\/jpeg\" \/>\n<meta name=\"twitter:card\" content=\"summary_large_image\" \/>\n<meta name=\"twitter:label1\" content=\"Ber\u00e4knad l\u00e4stid\" \/>\n\t<meta name=\"twitter:data1\" content=\"2 minuter\" \/>\n<script type=\"application\/ld+json\" class=\"yoast-schema-graph\">{\"@context\":\"https:\/\/schema.org\",\"@graph\":[{\"@type\":\"WebPage\",\"@id\":\"https:\/\/www.eltako.com\/sv\/styrenhet-firmware-uppdatering\/\",\"url\":\"https:\/\/www.eltako.com\/sv\/styrenhet-firmware-uppdatering\/\",\"name\":\"Controllerns programvaru&shy;uppdatering &#187; Eltako\",\"isPartOf\":{\"@id\":\"https:\/\/www.eltako.com\/en\/#website\"},\"primaryImageOfPage\":{\"@id\":\"https:\/\/www.eltako.com\/sv\/styrenhet-firmware-uppdatering\/#primaryimage\"},\"image\":{\"@id\":\"https:\/\/www.eltako.com\/sv\/styrenhet-firmware-uppdatering\/#primaryimage\"},\"thumbnailUrl\":\"https:\/\/www.eltako.com\/wp-content\/uploads\/2021\/05\/Layout-Firmware-Update-Neu.jpg\",\"datePublished\":\"2022-03-07T13:48:34+00:00\",\"dateModified\":\"2025-02-05T07:47:46+00:00\",\"breadcrumb\":{\"@id\":\"https:\/\/www.eltako.com\/sv\/styrenhet-firmware-uppdatering\/#breadcrumb\"},\"inLanguage\":\"sv-SE\",\"potentialAction\":[{\"@type\":\"ReadAction\",\"target\":[\"https:\/\/www.eltako.com\/sv\/styrenhet-firmware-uppdatering\/\"]}]},{\"@type\":\"ImageObject\",\"inLanguage\":\"sv-SE\",\"@id\":\"https:\/\/www.eltako.com\/sv\/styrenhet-firmware-uppdatering\/#primaryimage\",\"url\":\"https:\/\/www.eltako.com\/wp-content\/uploads\/2021\/05\/Layout-Firmware-Update-Neu.jpg\",\"contentUrl\":\"https:\/\/www.eltako.com\/wp-content\/uploads\/2021\/05\/Layout-Firmware-Update-Neu.jpg\",\"width\":2000,\"height\":1125},{\"@type\":\"BreadcrumbList\",\"@id\":\"https:\/\/www.eltako.com\/sv\/styrenhet-firmware-uppdatering\/#breadcrumb\",\"itemListElement\":[{\"@type\":\"ListItem\",\"position\":1,\"name\":\"Hemsida\",\"item\":\"https:\/\/www.eltako.com\/sv\/\"},{\"@type\":\"ListItem\",\"position\":2,\"name\":\"Controllerns programvaru&shy;uppdatering\"}]},{\"@type\":\"WebSite\",\"@id\":\"https:\/\/www.eltako.com\/en\/#website\",\"url\":\"https:\/\/www.eltako.com\/en\/\",\"name\":\"Eltako\",\"description\":\"Schaltger\u00e4te, Netzteile, Stromz\u00e4hler, Dimmer, Geb\u00e4udeinstallation, Steuerungstechnik, Smart Home-L\u00f6sungen, Geb\u00e4udefunk, EnOcean-Technologie\",\"potentialAction\":[{\"@type\":\"SearchAction\",\"target\":{\"@type\":\"EntryPoint\",\"urlTemplate\":\"https:\/\/www.eltako.com\/en\/?s={search_term_string}\"},\"query-input\":{\"@type\":\"PropertyValueSpecification\",\"valueRequired\":true,\"valueName\":\"search_term_string\"}}],\"inLanguage\":\"sv-SE\"}]}<\/script>\n<!-- \/ Yoast SEO plugin. -->","yoast_head_json":{"title":"Controllerns programvaru&shy;uppdatering &#187; Eltako","robots":{"index":"index","follow":"follow","max-snippet":"max-snippet:-1","max-image-preview":"max-image-preview:large","max-video-preview":"max-video-preview:-1"},"canonical":"https:\/\/www.eltako.com\/sv\/styrenhet-firmware-uppdatering\/","og_locale":"sv_SE","og_type":"article","og_title":"Controllerns programvaru&shy;uppdatering &#187; Eltako","og_description":"Programvaruuppdatering Se till att du alltid k\u00f6r din controller med den senaste programvaruversionen f\u00f6r att s\u00e4kerst\u00e4lla b\u00e4st funktion med GFA5-appen. F\u00f6lj uppdateringsinstruktionerna nedan: Programvaruuppdatering med GFA5-appen I GFA5-appen kan du initiera programvaruuppdateringen f\u00f6r controllern direkt i appen. Om ny programvara finns tillg\u00e4nglig visas ett popup-meddelande i appen. Alternativt kan du g\u00e5 till: Inst\u00e4llningar \u2192 Controller [&hellip;]","og_url":"https:\/\/www.eltako.com\/sv\/styrenhet-firmware-uppdatering\/","og_site_name":"Eltako","article_modified_time":"2025-02-05T07:47:46+00:00","og_image":[{"width":2000,"height":1125,"url":"https:\/\/www.eltako.com\/wp-content\/uploads\/2021\/05\/Layout-Firmware-Update-Neu.jpg","type":"image\/jpeg"}],"twitter_card":"summary_large_image","twitter_misc":{"Ber\u00e4knad l\u00e4stid":"2 minuter"},"schema":{"@context":"https:\/\/schema.org","@graph":[{"@type":"WebPage","@id":"https:\/\/www.eltako.com\/sv\/styrenhet-firmware-uppdatering\/","url":"https:\/\/www.eltako.com\/sv\/styrenhet-firmware-uppdatering\/","name":"Controllerns programvaru&shy;uppdatering &#187; Eltako","isPartOf":{"@id":"https:\/\/www.eltako.com\/en\/#website"},"primaryImageOfPage":{"@id":"https:\/\/www.eltako.com\/sv\/styrenhet-firmware-uppdatering\/#primaryimage"},"image":{"@id":"https:\/\/www.eltako.com\/sv\/styrenhet-firmware-uppdatering\/#primaryimage"},"thumbnailUrl":"https:\/\/www.eltako.com\/wp-content\/uploads\/2021\/05\/Layout-Firmware-Update-Neu.jpg","datePublished":"2022-03-07T13:48:34+00:00","dateModified":"2025-02-05T07:47:46+00:00","breadcrumb":{"@id":"https:\/\/www.eltako.com\/sv\/styrenhet-firmware-uppdatering\/#breadcrumb"},"inLanguage":"sv-SE","potentialAction":[{"@type":"ReadAction","target":["https:\/\/www.eltako.com\/sv\/styrenhet-firmware-uppdatering\/"]}]},{"@type":"ImageObject","inLanguage":"sv-SE","@id":"https:\/\/www.eltako.com\/sv\/styrenhet-firmware-uppdatering\/#primaryimage","url":"https:\/\/www.eltako.com\/wp-content\/uploads\/2021\/05\/Layout-Firmware-Update-Neu.jpg","contentUrl":"https:\/\/www.eltako.com\/wp-content\/uploads\/2021\/05\/Layout-Firmware-Update-Neu.jpg","width":2000,"height":1125},{"@type":"BreadcrumbList","@id":"https:\/\/www.eltako.com\/sv\/styrenhet-firmware-uppdatering\/#breadcrumb","itemListElement":[{"@type":"ListItem","position":1,"name":"Hemsida","item":"https:\/\/www.eltako.com\/sv\/"},{"@type":"ListItem","position":2,"name":"Controllerns programvaru&shy;uppdatering"}]},{"@type":"WebSite","@id":"https:\/\/www.eltako.com\/en\/#website","url":"https:\/\/www.eltako.com\/en\/","name":"Eltako","description":"Schaltger\u00e4te, Netzteile, Stromz\u00e4hler, Dimmer, Geb\u00e4udeinstallation, Steuerungstechnik, Smart Home-L\u00f6sungen, Geb\u00e4udefunk, EnOcean-Technologie","potentialAction":[{"@type":"SearchAction","target":{"@type":"EntryPoint","urlTemplate":"https:\/\/www.eltako.com\/en\/?s={search_term_string}"},"query-input":{"@type":"PropertyValueSpecification","valueRequired":true,"valueName":"search_term_string"}}],"inLanguage":"sv-SE"}]}},"_links":{"self":[{"href":"https:\/\/www.eltako.com\/sv\/wp-json\/wp\/v2\/pages\/62140","targetHints":{"allow":["GET"]}}],"collection":[{"href":"https:\/\/www.eltako.com\/sv\/wp-json\/wp\/v2\/pages"}],"about":[{"href":"https:\/\/www.eltako.com\/sv\/wp-json\/wp\/v2\/types\/page"}],"author":[{"embeddable":true,"href":"https:\/\/www.eltako.com\/sv\/wp-json\/wp\/v2\/users\/31"}],"replies":[{"embeddable":true,"href":"https:\/\/www.eltako.com\/sv\/wp-json\/wp\/v2\/comments?post=62140"}],"version-history":[{"count":11,"href":"https:\/\/www.eltako.com\/sv\/wp-json\/wp\/v2\/pages\/62140\/revisions"}],"predecessor-version":[{"id":144029,"href":"https:\/\/www.eltako.com\/sv\/wp-json\/wp\/v2\/pages\/62140\/revisions\/144029"}],"wp:featuredmedia":[{"embeddable":true,"href":"https:\/\/www.eltako.com\/sv\/wp-json\/wp\/v2\/media\/22018"}],"wp:attachment":[{"href":"https:\/\/www.eltako.com\/sv\/wp-json\/wp\/v2\/media?parent=62140"}],"curies":[{"name":"wp","href":"https:\/\/api.w.org\/{rel}","templated":true}]}}