{"id":62119,"date":"2022-03-07T14:40:35","date_gmt":"2022-03-07T13:40:35","guid":{"rendered":"https:\/\/betax923lb8kd7v0.eltako.de\/eebus\/"},"modified":"2022-04-13T15:11:06","modified_gmt":"2022-04-13T13:11:06","slug":"eebus","status":"publish","type":"page","link":"https:\/\/www.eltako.com\/sv\/foeretag\/partners-och-allianser\/eebus\/","title":{"rendered":"EEBUS"},"content":{"rendered":"\n<p class=\"has-medium-font-size\">Det ideella f\u00f6retaget &#8221;EEBus Initiative eV&#8221;, grundat 2012, vill anv\u00e4nda sitt digitala tillv\u00e4gag\u00e5ngss\u00e4tt f\u00f6r att minimera elf\u00f6rbrukningen per hush\u00e5ll och f\u00f6rdela str\u00f6mf\u00f6rbrukningen \u00f6ver dygnet p\u00e5 ett s\u00e5dant s\u00e4tt att toppbelastningar undviks. Genom \u00e5ren har allt flera viktiga f\u00f6retag anslutit sig till denna vision. H\u00e4r b\u00f6r bland annat n\u00e4mnas Bosch, E.ON, Hager, JUNG, Miele, Telekom och Viessmann. <\/p>\n\n<div style=\"height:50px\" aria-hidden=\"true\" class=\"wp-block-spacer\"><\/div>\n\n<figure class=\"wp-block-image size-large\"><img decoding=\"async\" width=\"1024\" height=\"455\" src=\"https:\/\/betax923lb8kd7v0.eltako.de\/wp-content\/uploads\/2022\/01\/Bild-2-1-1024x455.png\" alt=\"\" class=\"wp-image-30495\" srcset=\"https:\/\/www.eltako.com\/wp-content\/uploads\/2022\/01\/Bild-2-1-1024x455.png 1024w, https:\/\/www.eltako.com\/wp-content\/uploads\/2022\/01\/Bild-2-1-300x133.png 300w, https:\/\/www.eltako.com\/wp-content\/uploads\/2022\/01\/Bild-2-1-768x341.png 768w, https:\/\/www.eltako.com\/wp-content\/uploads\/2022\/01\/Bild-2-1-1536x683.png 1536w, https:\/\/www.eltako.com\/wp-content\/uploads\/2022\/01\/Bild-2-1-600x267.png 600w, https:\/\/www.eltako.com\/wp-content\/uploads\/2022\/01\/Bild-2-1.png 1800w\" sizes=\"(max-width: 1024px) 100vw, 1024px\" \/><\/figure>\n\n<div style=\"height:50px\" aria-hidden=\"true\" class=\"wp-block-spacer\"><\/div>\n\n<p class=\"has-medium-font-size\">M\u00e5nga andra f\u00f6retag och vi st\u00f6djer m\u00e5let om ett enhetligt IP-spr\u00e5k f\u00f6r alla elektroniska enheter i och runt huset. Tack vare det kan de sedan kommunicera med varandra oavsett tillverkare. Oavsett om det \u00e4r solcellsanl\u00e4ggning, v\u00e4ggbox, energilagring, belysning, hush\u00e5llsmaskiner, luftkonditionering, v\u00e4rme eller elfordon. <\/p>\n\n<p class=\"has-medium-font-size\">I princip rapporterar varje elf\u00f6rbrukare p\u00e5 n\u00e4tet sitt behov, varje generator eller lager rapporterar sin tillg\u00e4ngliga kapacitet och EEBUS-tekniken reglerar lastf\u00f6rdelningen mycket intelligent. <\/p>\n\n<p class=\"has-medium-font-size\">Vi \u00e4r \u00f6vertygade om att denna id\u00e9 och v\u00e5rt samarbete \u00e4r fram\u00e5tblickande och viktigt f\u00f6r digitaliseringen av energin\u00e4tverk och i slut\u00e4ndan \u00e4ven f\u00f6r milj\u00f6skyddet. D\u00e4rf\u00f6r \u00e4r vi mycket glada \u00f6ver att vara en del av detta n\u00e4tverk och att arbeta mot detta gemensamma m\u00e5l. <\/p>\n","protected":false},"excerpt":{"rendered":"<p>Det ideella f\u00f6retaget &#8221;EEBus Initiative eV&#8221;, grundat 2012, vill anv\u00e4nda sitt digitala tillv\u00e4gag\u00e5ngss\u00e4tt f\u00f6r att minimera elf\u00f6rbrukningen per hush\u00e5ll och f\u00f6rdela str\u00f6mf\u00f6rbrukningen \u00f6ver dygnet p\u00e5 ett s\u00e5dant s\u00e4tt att toppbelastningar undviks. Genom \u00e5ren har allt flera viktiga f\u00f6retag anslutit sig till denna vision. H\u00e4r b\u00f6r bland annat n\u00e4mnas Bosch, E.ON, Hager, JUNG, Miele, Telekom och [&hellip;]<\/p>\n","protected":false},"author":31,"featured_media":30494,"parent":62742,"menu_order":0,"comment_status":"closed","ping_status":"closed","template":"templates\/custom_header.php","meta":{"_acf_changed":false,"footnotes":"","_links_to":"","_links_to_target":""},"class_list":["post-62119","page","type-page","status-publish","has-post-thumbnail","hentry"],"acf":[],"yoast_head":"<!-- This site is optimized with the Yoast SEO plugin v27.2 - https:\/\/yoast.com\/product\/yoast-seo-wordpress\/ -->\n<title>EEBUS &#187; Eltako<\/title>\n<meta name=\"robots\" content=\"index, follow, max-snippet:-1, max-image-preview:large, max-video-preview:-1\" \/>\n<link rel=\"canonical\" href=\"https:\/\/www.eltako.com\/sv\/foeretag\/partners-och-allianser\/eebus\/\" \/>\n<meta property=\"og:locale\" content=\"sv_SE\" \/>\n<meta property=\"og:type\" content=\"article\" \/>\n<meta property=\"og:title\" content=\"EEBUS &#187; Eltako\" \/>\n<meta property=\"og:description\" content=\"Det ideella f\u00f6retaget &#8221;EEBus Initiative eV&#8221;, grundat 2012, vill anv\u00e4nda sitt digitala tillv\u00e4gag\u00e5ngss\u00e4tt f\u00f6r att minimera elf\u00f6rbrukningen per hush\u00e5ll och f\u00f6rdela str\u00f6mf\u00f6rbrukningen \u00f6ver dygnet p\u00e5 ett s\u00e5dant s\u00e4tt att toppbelastningar undviks. Genom \u00e5ren har allt flera viktiga f\u00f6retag anslutit sig till denna vision. H\u00e4r b\u00f6r bland annat n\u00e4mnas Bosch, E.ON, Hager, JUNG, Miele, Telekom och [&hellip;]\" \/>\n<meta property=\"og:url\" content=\"https:\/\/www.eltako.com\/sv\/foeretag\/partners-och-allianser\/eebus\/\" \/>\n<meta property=\"og:site_name\" content=\"Eltako\" \/>\n<meta property=\"article:modified_time\" content=\"2022-04-13T13:11:06+00:00\" \/>\n<meta property=\"og:image\" content=\"https:\/\/www.eltako.com\/wp-content\/uploads\/2022\/01\/Bild-1-1.png\" \/>\n\t<meta property=\"og:image:width\" content=\"1800\" \/>\n\t<meta property=\"og:image:height\" content=\"800\" \/>\n\t<meta property=\"og:image:type\" content=\"image\/png\" \/>\n<meta name=\"twitter:card\" content=\"summary_large_image\" \/>\n<meta name=\"twitter:label1\" content=\"Ber\u00e4knad l\u00e4stid\" \/>\n\t<meta name=\"twitter:data1\" content=\"1 minut\" \/>\n<script type=\"application\/ld+json\" class=\"yoast-schema-graph\">{\"@context\":\"https:\/\/schema.org\",\"@graph\":[{\"@type\":\"WebPage\",\"@id\":\"https:\/\/www.eltako.com\/sv\/foeretag\/partners-och-allianser\/eebus\/\",\"url\":\"https:\/\/www.eltako.com\/sv\/foeretag\/partners-och-allianser\/eebus\/\",\"name\":\"EEBUS &#187; Eltako\",\"isPartOf\":{\"@id\":\"https:\/\/www.eltako.com\/en\/#website\"},\"primaryImageOfPage\":{\"@id\":\"https:\/\/www.eltako.com\/sv\/foeretag\/partners-och-allianser\/eebus\/#primaryimage\"},\"image\":{\"@id\":\"https:\/\/www.eltako.com\/sv\/foeretag\/partners-och-allianser\/eebus\/#primaryimage\"},\"thumbnailUrl\":\"https:\/\/www.eltako.com\/wp-content\/uploads\/2022\/01\/Bild-1-1.png\",\"datePublished\":\"2022-03-07T13:40:35+00:00\",\"dateModified\":\"2022-04-13T13:11:06+00:00\",\"breadcrumb\":{\"@id\":\"https:\/\/www.eltako.com\/sv\/foeretag\/partners-och-allianser\/eebus\/#breadcrumb\"},\"inLanguage\":\"sv-SE\",\"potentialAction\":[{\"@type\":\"ReadAction\",\"target\":[\"https:\/\/www.eltako.com\/sv\/foeretag\/partners-och-allianser\/eebus\/\"]}]},{\"@type\":\"ImageObject\",\"inLanguage\":\"sv-SE\",\"@id\":\"https:\/\/www.eltako.com\/sv\/foeretag\/partners-och-allianser\/eebus\/#primaryimage\",\"url\":\"https:\/\/www.eltako.com\/wp-content\/uploads\/2022\/01\/Bild-1-1.png\",\"contentUrl\":\"https:\/\/www.eltako.com\/wp-content\/uploads\/2022\/01\/Bild-1-1.png\",\"width\":1800,\"height\":800},{\"@type\":\"BreadcrumbList\",\"@id\":\"https:\/\/www.eltako.com\/sv\/foeretag\/partners-och-allianser\/eebus\/#breadcrumb\",\"itemListElement\":[{\"@type\":\"ListItem\",\"position\":1,\"name\":\"Hemsida\",\"item\":\"https:\/\/www.eltako.com\/sv\/\"},{\"@type\":\"ListItem\",\"position\":2,\"name\":\"F\u00f6retag\",\"item\":\"https:\/\/www.eltako.com\/sv\/foeretag\/\"},{\"@type\":\"ListItem\",\"position\":3,\"name\":\"Partners och allianser\",\"item\":\"https:\/\/www.eltako.com\/sv\/foeretag\/partners-och-allianser\/\"},{\"@type\":\"ListItem\",\"position\":4,\"name\":\"EEBUS\"}]},{\"@type\":\"WebSite\",\"@id\":\"https:\/\/www.eltako.com\/en\/#website\",\"url\":\"https:\/\/www.eltako.com\/en\/\",\"name\":\"Eltako\",\"description\":\"Schaltger\u00e4te, Netzteile, Stromz\u00e4hler, Dimmer, Geb\u00e4udeinstallation, Steuerungstechnik, Smart Home-L\u00f6sungen, Geb\u00e4udefunk, EnOcean-Technologie\",\"potentialAction\":[{\"@type\":\"SearchAction\",\"target\":{\"@type\":\"EntryPoint\",\"urlTemplate\":\"https:\/\/www.eltako.com\/en\/?s={search_term_string}\"},\"query-input\":{\"@type\":\"PropertyValueSpecification\",\"valueRequired\":true,\"valueName\":\"search_term_string\"}}],\"inLanguage\":\"sv-SE\"}]}<\/script>\n<!-- \/ Yoast SEO plugin. -->","yoast_head_json":{"title":"EEBUS &#187; Eltako","robots":{"index":"index","follow":"follow","max-snippet":"max-snippet:-1","max-image-preview":"max-image-preview:large","max-video-preview":"max-video-preview:-1"},"canonical":"https:\/\/www.eltako.com\/sv\/foeretag\/partners-och-allianser\/eebus\/","og_locale":"sv_SE","og_type":"article","og_title":"EEBUS &#187; Eltako","og_description":"Det ideella f\u00f6retaget &#8221;EEBus Initiative eV&#8221;, grundat 2012, vill anv\u00e4nda sitt digitala tillv\u00e4gag\u00e5ngss\u00e4tt f\u00f6r att minimera elf\u00f6rbrukningen per hush\u00e5ll och f\u00f6rdela str\u00f6mf\u00f6rbrukningen \u00f6ver dygnet p\u00e5 ett s\u00e5dant s\u00e4tt att toppbelastningar undviks. Genom \u00e5ren har allt flera viktiga f\u00f6retag anslutit sig till denna vision. H\u00e4r b\u00f6r bland annat n\u00e4mnas Bosch, E.ON, Hager, JUNG, Miele, Telekom och [&hellip;]","og_url":"https:\/\/www.eltako.com\/sv\/foeretag\/partners-och-allianser\/eebus\/","og_site_name":"Eltako","article_modified_time":"2022-04-13T13:11:06+00:00","og_image":[{"width":1800,"height":800,"url":"https:\/\/www.eltako.com\/wp-content\/uploads\/2022\/01\/Bild-1-1.png","type":"image\/png"}],"twitter_card":"summary_large_image","twitter_misc":{"Ber\u00e4knad l\u00e4stid":"1 minut"},"schema":{"@context":"https:\/\/schema.org","@graph":[{"@type":"WebPage","@id":"https:\/\/www.eltako.com\/sv\/foeretag\/partners-och-allianser\/eebus\/","url":"https:\/\/www.eltako.com\/sv\/foeretag\/partners-och-allianser\/eebus\/","name":"EEBUS &#187; Eltako","isPartOf":{"@id":"https:\/\/www.eltako.com\/en\/#website"},"primaryImageOfPage":{"@id":"https:\/\/www.eltako.com\/sv\/foeretag\/partners-och-allianser\/eebus\/#primaryimage"},"image":{"@id":"https:\/\/www.eltako.com\/sv\/foeretag\/partners-och-allianser\/eebus\/#primaryimage"},"thumbnailUrl":"https:\/\/www.eltako.com\/wp-content\/uploads\/2022\/01\/Bild-1-1.png","datePublished":"2022-03-07T13:40:35+00:00","dateModified":"2022-04-13T13:11:06+00:00","breadcrumb":{"@id":"https:\/\/www.eltako.com\/sv\/foeretag\/partners-och-allianser\/eebus\/#breadcrumb"},"inLanguage":"sv-SE","potentialAction":[{"@type":"ReadAction","target":["https:\/\/www.eltako.com\/sv\/foeretag\/partners-och-allianser\/eebus\/"]}]},{"@type":"ImageObject","inLanguage":"sv-SE","@id":"https:\/\/www.eltako.com\/sv\/foeretag\/partners-och-allianser\/eebus\/#primaryimage","url":"https:\/\/www.eltako.com\/wp-content\/uploads\/2022\/01\/Bild-1-1.png","contentUrl":"https:\/\/www.eltako.com\/wp-content\/uploads\/2022\/01\/Bild-1-1.png","width":1800,"height":800},{"@type":"BreadcrumbList","@id":"https:\/\/www.eltako.com\/sv\/foeretag\/partners-och-allianser\/eebus\/#breadcrumb","itemListElement":[{"@type":"ListItem","position":1,"name":"Hemsida","item":"https:\/\/www.eltako.com\/sv\/"},{"@type":"ListItem","position":2,"name":"F\u00f6retag","item":"https:\/\/www.eltako.com\/sv\/foeretag\/"},{"@type":"ListItem","position":3,"name":"Partners och allianser","item":"https:\/\/www.eltako.com\/sv\/foeretag\/partners-och-allianser\/"},{"@type":"ListItem","position":4,"name":"EEBUS"}]},{"@type":"WebSite","@id":"https:\/\/www.eltako.com\/en\/#website","url":"https:\/\/www.eltako.com\/en\/","name":"Eltako","description":"Schaltger\u00e4te, Netzteile, Stromz\u00e4hler, Dimmer, Geb\u00e4udeinstallation, Steuerungstechnik, Smart Home-L\u00f6sungen, Geb\u00e4udefunk, EnOcean-Technologie","potentialAction":[{"@type":"SearchAction","target":{"@type":"EntryPoint","urlTemplate":"https:\/\/www.eltako.com\/en\/?s={search_term_string}"},"query-input":{"@type":"PropertyValueSpecification","valueRequired":true,"valueName":"search_term_string"}}],"inLanguage":"sv-SE"}]}},"_links":{"self":[{"href":"https:\/\/www.eltako.com\/sv\/wp-json\/wp\/v2\/pages\/62119","targetHints":{"allow":["GET"]}}],"collection":[{"href":"https:\/\/www.eltako.com\/sv\/wp-json\/wp\/v2\/pages"}],"about":[{"href":"https:\/\/www.eltako.com\/sv\/wp-json\/wp\/v2\/types\/page"}],"author":[{"embeddable":true,"href":"https:\/\/www.eltako.com\/sv\/wp-json\/wp\/v2\/users\/31"}],"replies":[{"embeddable":true,"href":"https:\/\/www.eltako.com\/sv\/wp-json\/wp\/v2\/comments?post=62119"}],"version-history":[{"count":0,"href":"https:\/\/www.eltako.com\/sv\/wp-json\/wp\/v2\/pages\/62119\/revisions"}],"up":[{"embeddable":true,"href":"https:\/\/www.eltako.com\/sv\/wp-json\/wp\/v2\/pages\/62742"}],"wp:featuredmedia":[{"embeddable":true,"href":"https:\/\/www.eltako.com\/sv\/wp-json\/wp\/v2\/media\/30494"}],"wp:attachment":[{"href":"https:\/\/www.eltako.com\/sv\/wp-json\/wp\/v2\/media?parent=62119"}],"curies":[{"name":"wp","href":"https:\/\/api.w.org\/{rel}","templated":true}]}}