{"id":31935,"date":"2022-01-28T17:25:53","date_gmt":"2022-01-28T16:25:53","guid":{"rendered":"https:\/\/betax923lb8kd7v0.eltako.de\/vanner-till-hue\/"},"modified":"2025-09-18T12:05:51","modified_gmt":"2025-09-18T10:05:51","slug":"vanner-till-hue","status":"publish","type":"page","link":"https:\/\/www.eltako.com\/sv\/foeretag\/partners-och-allianser\/vanner-till-hue\/","title":{"rendered":"Friends of Hue"},"content":{"rendered":"\n<h2 class=\"wp-block-heading\">Friends of Hue<\/h2>\n\n<div style=\"height:50px\" aria-hidden=\"true\" class=\"wp-block-spacer\"><\/div>\n\n<figure class=\"wp-block-image size-large\"><img decoding=\"async\" width=\"1024\" height=\"577\" src=\"https:\/\/www.eltako.com\/wp-content\/uploads\/2021\/09\/foh-1-1024x577.jpg\" alt=\"\" class=\"wp-image-23430\" srcset=\"https:\/\/www.eltako.com\/wp-content\/uploads\/2021\/09\/foh-1-1024x577.jpg 1024w, https:\/\/www.eltako.com\/wp-content\/uploads\/2021\/09\/foh-1-300x169.jpg 300w, https:\/\/www.eltako.com\/wp-content\/uploads\/2021\/09\/foh-1-768x433.jpg 768w, https:\/\/www.eltako.com\/wp-content\/uploads\/2021\/09\/foh-1-600x338.jpg 600w, https:\/\/www.eltako.com\/wp-content\/uploads\/2021\/09\/foh-1.jpg 1500w\" sizes=\"(max-width: 1024px) 100vw, 1024px\" \/><\/figure>\n\n<div style=\"height:50px\" aria-hidden=\"true\" class=\"wp-block-spacer\"><\/div>\n\n<p class=\"has-medium-font-size\">Philips &#8221;Friends of Hue&#8221;-program ger kunderna m\u00f6jlighet att skapa sina egna ljusscener och \u00e4ndra b\u00e5de ljusstyrka och f\u00e4rg som de vill. Lamporna passar i alla rum och f\u00f6r alla typer av belysning. Med sin enkla men eleganta design och otaliga f\u00e4rginst\u00e4llningar anpassar de sig till alla inredningar och ger dem \u00e4nnu mer personlighet.  <\/p>\n\n<p class=\"has-medium-font-size\">Anv\u00e4ndarna kan styra dem direkt via tryckknappar eller smartphones och naturligtvis kan de ocks\u00e5 styras med r\u00f6sten. V\u00e5ra tryckknappar som \u00e4r speciellt framtagna f\u00f6r &#8221;Friends of Hue&#8221; kan t\u00e4nda och sl\u00e4cka lamporna p\u00e5 klassiskt s\u00e4tt, dimma dem eller skapa personliga ljusscener.   <\/p>\n\n<div style=\"height:80px\" aria-hidden=\"true\" class=\"wp-block-spacer\"><\/div>\n\n<h3 class=\"wp-block-heading\"><strong>V\u00c5RA KOMPATIBLA PRODUKTER<\/strong><\/h3>\n\n<div style=\"height:30px\" aria-hidden=\"true\" class=\"wp-block-spacer\"><\/div>\n","protected":false},"excerpt":{"rendered":"<p>Friends of Hue Philips &#8221;Friends of Hue&#8221;-program ger kunderna m\u00f6jlighet att skapa sina egna ljusscener och \u00e4ndra b\u00e5de ljusstyrka och f\u00e4rg som de vill. Lamporna passar i alla rum och f\u00f6r alla typer av belysning. Med sin enkla men eleganta design och otaliga f\u00e4rginst\u00e4llningar anpassar de sig till alla inredningar och ger dem \u00e4nnu mer [&hellip;]<\/p>\n","protected":false},"author":31,"featured_media":23294,"parent":62742,"menu_order":2,"comment_status":"closed","ping_status":"closed","template":"templates\/custom_header.php","meta":{"_acf_changed":false,"footnotes":"","_links_to":"","_links_to_target":""},"class_list":["post-31935","page","type-page","status-publish","has-post-thumbnail","hentry"],"acf":[],"yoast_head":"<!-- This site is optimized with the Yoast SEO plugin v27.2 - https:\/\/yoast.com\/product\/yoast-seo-wordpress\/ -->\n<title>Friends of Hue &#187; Eltako<\/title>\n<meta name=\"robots\" content=\"index, follow, max-snippet:-1, max-image-preview:large, max-video-preview:-1\" \/>\n<link rel=\"canonical\" href=\"https:\/\/www.eltako.com\/sv\/foeretag\/partners-och-allianser\/vanner-till-hue\/\" \/>\n<meta property=\"og:locale\" content=\"sv_SE\" \/>\n<meta property=\"og:type\" content=\"article\" \/>\n<meta property=\"og:title\" content=\"Friends of Hue &#187; Eltako\" \/>\n<meta property=\"og:description\" content=\"Friends of Hue Philips &#8221;Friends of Hue&#8221;-program ger kunderna m\u00f6jlighet att skapa sina egna ljusscener och \u00e4ndra b\u00e5de ljusstyrka och f\u00e4rg som de vill. Lamporna passar i alla rum och f\u00f6r alla typer av belysning. Med sin enkla men eleganta design och otaliga f\u00e4rginst\u00e4llningar anpassar de sig till alla inredningar och ger dem \u00e4nnu mer [&hellip;]\" \/>\n<meta property=\"og:url\" content=\"https:\/\/www.eltako.com\/sv\/foeretag\/partners-och-allianser\/vanner-till-hue\/\" \/>\n<meta property=\"og:site_name\" content=\"Eltako\" \/>\n<meta property=\"article:modified_time\" content=\"2025-09-18T10:05:51+00:00\" \/>\n<meta property=\"og:image\" content=\"https:\/\/www.eltako.com\/wp-content\/uploads\/2021\/09\/AdobeStock_314574426.jpeg\" \/>\n\t<meta property=\"og:image:width\" content=\"1920\" \/>\n\t<meta property=\"og:image:height\" content=\"1536\" \/>\n\t<meta property=\"og:image:type\" content=\"image\/jpeg\" \/>\n<meta name=\"twitter:card\" content=\"summary_large_image\" \/>\n<meta name=\"twitter:label1\" content=\"Ber\u00e4knad l\u00e4stid\" \/>\n\t<meta name=\"twitter:data1\" content=\"1 minut\" \/>\n<script type=\"application\/ld+json\" class=\"yoast-schema-graph\">{\"@context\":\"https:\/\/schema.org\",\"@graph\":[{\"@type\":\"WebPage\",\"@id\":\"https:\/\/www.eltako.com\/sv\/foeretag\/partners-och-allianser\/vanner-till-hue\/\",\"url\":\"https:\/\/www.eltako.com\/sv\/foeretag\/partners-och-allianser\/vanner-till-hue\/\",\"name\":\"Friends of Hue &#187; Eltako\",\"isPartOf\":{\"@id\":\"https:\/\/www.eltako.com\/en\/#website\"},\"primaryImageOfPage\":{\"@id\":\"https:\/\/www.eltako.com\/sv\/foeretag\/partners-och-allianser\/vanner-till-hue\/#primaryimage\"},\"image\":{\"@id\":\"https:\/\/www.eltako.com\/sv\/foeretag\/partners-och-allianser\/vanner-till-hue\/#primaryimage\"},\"thumbnailUrl\":\"https:\/\/www.eltako.com\/wp-content\/uploads\/2021\/09\/AdobeStock_314574426.jpeg\",\"datePublished\":\"2022-01-28T16:25:53+00:00\",\"dateModified\":\"2025-09-18T10:05:51+00:00\",\"breadcrumb\":{\"@id\":\"https:\/\/www.eltako.com\/sv\/foeretag\/partners-och-allianser\/vanner-till-hue\/#breadcrumb\"},\"inLanguage\":\"sv-SE\",\"potentialAction\":[{\"@type\":\"ReadAction\",\"target\":[\"https:\/\/www.eltako.com\/sv\/foeretag\/partners-och-allianser\/vanner-till-hue\/\"]}]},{\"@type\":\"ImageObject\",\"inLanguage\":\"sv-SE\",\"@id\":\"https:\/\/www.eltako.com\/sv\/foeretag\/partners-och-allianser\/vanner-till-hue\/#primaryimage\",\"url\":\"https:\/\/www.eltako.com\/wp-content\/uploads\/2021\/09\/AdobeStock_314574426.jpeg\",\"contentUrl\":\"https:\/\/www.eltako.com\/wp-content\/uploads\/2021\/09\/AdobeStock_314574426.jpeg\",\"width\":1920,\"height\":1536},{\"@type\":\"BreadcrumbList\",\"@id\":\"https:\/\/www.eltako.com\/sv\/foeretag\/partners-och-allianser\/vanner-till-hue\/#breadcrumb\",\"itemListElement\":[{\"@type\":\"ListItem\",\"position\":1,\"name\":\"Hemsida\",\"item\":\"https:\/\/www.eltako.com\/sv\/\"},{\"@type\":\"ListItem\",\"position\":2,\"name\":\"F\u00f6retag\",\"item\":\"https:\/\/www.eltako.com\/sv\/foeretag\/\"},{\"@type\":\"ListItem\",\"position\":3,\"name\":\"Partners och allianser\",\"item\":\"https:\/\/www.eltako.com\/sv\/foeretag\/partners-och-allianser\/\"},{\"@type\":\"ListItem\",\"position\":4,\"name\":\"Friends of Hue\"}]},{\"@type\":\"WebSite\",\"@id\":\"https:\/\/www.eltako.com\/en\/#website\",\"url\":\"https:\/\/www.eltako.com\/en\/\",\"name\":\"Eltako\",\"description\":\"Schaltger\u00e4te, Netzteile, Stromz\u00e4hler, Dimmer, Geb\u00e4udeinstallation, Steuerungstechnik, Smart Home-L\u00f6sungen, Geb\u00e4udefunk, EnOcean-Technologie\",\"potentialAction\":[{\"@type\":\"SearchAction\",\"target\":{\"@type\":\"EntryPoint\",\"urlTemplate\":\"https:\/\/www.eltako.com\/en\/?s={search_term_string}\"},\"query-input\":{\"@type\":\"PropertyValueSpecification\",\"valueRequired\":true,\"valueName\":\"search_term_string\"}}],\"inLanguage\":\"sv-SE\"}]}<\/script>\n<!-- \/ Yoast SEO plugin. -->","yoast_head_json":{"title":"Friends of Hue &#187; Eltako","robots":{"index":"index","follow":"follow","max-snippet":"max-snippet:-1","max-image-preview":"max-image-preview:large","max-video-preview":"max-video-preview:-1"},"canonical":"https:\/\/www.eltako.com\/sv\/foeretag\/partners-och-allianser\/vanner-till-hue\/","og_locale":"sv_SE","og_type":"article","og_title":"Friends of Hue &#187; Eltako","og_description":"Friends of Hue Philips &#8221;Friends of Hue&#8221;-program ger kunderna m\u00f6jlighet att skapa sina egna ljusscener och \u00e4ndra b\u00e5de ljusstyrka och f\u00e4rg som de vill. Lamporna passar i alla rum och f\u00f6r alla typer av belysning. Med sin enkla men eleganta design och otaliga f\u00e4rginst\u00e4llningar anpassar de sig till alla inredningar och ger dem \u00e4nnu mer [&hellip;]","og_url":"https:\/\/www.eltako.com\/sv\/foeretag\/partners-och-allianser\/vanner-till-hue\/","og_site_name":"Eltako","article_modified_time":"2025-09-18T10:05:51+00:00","og_image":[{"width":1920,"height":1536,"url":"https:\/\/www.eltako.com\/wp-content\/uploads\/2021\/09\/AdobeStock_314574426.jpeg","type":"image\/jpeg"}],"twitter_card":"summary_large_image","twitter_misc":{"Ber\u00e4knad l\u00e4stid":"1 minut"},"schema":{"@context":"https:\/\/schema.org","@graph":[{"@type":"WebPage","@id":"https:\/\/www.eltako.com\/sv\/foeretag\/partners-och-allianser\/vanner-till-hue\/","url":"https:\/\/www.eltako.com\/sv\/foeretag\/partners-och-allianser\/vanner-till-hue\/","name":"Friends of Hue &#187; Eltako","isPartOf":{"@id":"https:\/\/www.eltako.com\/en\/#website"},"primaryImageOfPage":{"@id":"https:\/\/www.eltako.com\/sv\/foeretag\/partners-och-allianser\/vanner-till-hue\/#primaryimage"},"image":{"@id":"https:\/\/www.eltako.com\/sv\/foeretag\/partners-och-allianser\/vanner-till-hue\/#primaryimage"},"thumbnailUrl":"https:\/\/www.eltako.com\/wp-content\/uploads\/2021\/09\/AdobeStock_314574426.jpeg","datePublished":"2022-01-28T16:25:53+00:00","dateModified":"2025-09-18T10:05:51+00:00","breadcrumb":{"@id":"https:\/\/www.eltako.com\/sv\/foeretag\/partners-och-allianser\/vanner-till-hue\/#breadcrumb"},"inLanguage":"sv-SE","potentialAction":[{"@type":"ReadAction","target":["https:\/\/www.eltako.com\/sv\/foeretag\/partners-och-allianser\/vanner-till-hue\/"]}]},{"@type":"ImageObject","inLanguage":"sv-SE","@id":"https:\/\/www.eltako.com\/sv\/foeretag\/partners-och-allianser\/vanner-till-hue\/#primaryimage","url":"https:\/\/www.eltako.com\/wp-content\/uploads\/2021\/09\/AdobeStock_314574426.jpeg","contentUrl":"https:\/\/www.eltako.com\/wp-content\/uploads\/2021\/09\/AdobeStock_314574426.jpeg","width":1920,"height":1536},{"@type":"BreadcrumbList","@id":"https:\/\/www.eltako.com\/sv\/foeretag\/partners-och-allianser\/vanner-till-hue\/#breadcrumb","itemListElement":[{"@type":"ListItem","position":1,"name":"Hemsida","item":"https:\/\/www.eltako.com\/sv\/"},{"@type":"ListItem","position":2,"name":"F\u00f6retag","item":"https:\/\/www.eltako.com\/sv\/foeretag\/"},{"@type":"ListItem","position":3,"name":"Partners och allianser","item":"https:\/\/www.eltako.com\/sv\/foeretag\/partners-och-allianser\/"},{"@type":"ListItem","position":4,"name":"Friends of Hue"}]},{"@type":"WebSite","@id":"https:\/\/www.eltako.com\/en\/#website","url":"https:\/\/www.eltako.com\/en\/","name":"Eltako","description":"Schaltger\u00e4te, Netzteile, Stromz\u00e4hler, Dimmer, Geb\u00e4udeinstallation, Steuerungstechnik, Smart Home-L\u00f6sungen, Geb\u00e4udefunk, EnOcean-Technologie","potentialAction":[{"@type":"SearchAction","target":{"@type":"EntryPoint","urlTemplate":"https:\/\/www.eltako.com\/en\/?s={search_term_string}"},"query-input":{"@type":"PropertyValueSpecification","valueRequired":true,"valueName":"search_term_string"}}],"inLanguage":"sv-SE"}]}},"_links":{"self":[{"href":"https:\/\/www.eltako.com\/sv\/wp-json\/wp\/v2\/pages\/31935","targetHints":{"allow":["GET"]}}],"collection":[{"href":"https:\/\/www.eltako.com\/sv\/wp-json\/wp\/v2\/pages"}],"about":[{"href":"https:\/\/www.eltako.com\/sv\/wp-json\/wp\/v2\/types\/page"}],"author":[{"embeddable":true,"href":"https:\/\/www.eltako.com\/sv\/wp-json\/wp\/v2\/users\/31"}],"replies":[{"embeddable":true,"href":"https:\/\/www.eltako.com\/sv\/wp-json\/wp\/v2\/comments?post=31935"}],"version-history":[{"count":4,"href":"https:\/\/www.eltako.com\/sv\/wp-json\/wp\/v2\/pages\/31935\/revisions"}],"predecessor-version":[{"id":146638,"href":"https:\/\/www.eltako.com\/sv\/wp-json\/wp\/v2\/pages\/31935\/revisions\/146638"}],"up":[{"embeddable":true,"href":"https:\/\/www.eltako.com\/sv\/wp-json\/wp\/v2\/pages\/62742"}],"wp:featuredmedia":[{"embeddable":true,"href":"https:\/\/www.eltako.com\/sv\/wp-json\/wp\/v2\/media\/23294"}],"wp:attachment":[{"href":"https:\/\/www.eltako.com\/sv\/wp-json\/wp\/v2\/media?parent=31935"}],"curies":[{"name":"wp","href":"https:\/\/api.w.org\/{rel}","templated":true}]}}