{"id":31924,"date":"2022-01-28T17:02:37","date_gmt":"2022-01-28T16:02:37","guid":{"rendered":"https:\/\/betax923lb8kd7v0.eltako.de\/enocean\/"},"modified":"2022-04-13T15:13:04","modified_gmt":"2022-04-13T13:13:04","slug":"enocean","status":"publish","type":"page","link":"https:\/\/www.eltako.com\/sv\/foeretag\/partners-och-allianser\/enocean\/","title":{"rendered":"EnOcean"},"content":{"rendered":"\n<div style=\"height:50px\" aria-hidden=\"true\" class=\"wp-block-spacer\"><\/div>\n\n<h2 class=\"has-text-color wp-block-heading\" id=\"enocean\" style=\"color:#016db7\">EnOcean<\/h2>\n\n<div style=\"height:50px\" aria-hidden=\"true\" class=\"wp-block-spacer\"><\/div>\n\n<p class=\"has-medium-font-size\">Vi gick med i EnOcean Alliance 2008 och har verkat i n\u00e4ra samarbeta med dem sedan dess. Idag \u00e4r vi en av dess promotorer och har etablerat oss som den mest helt\u00e4ckande leverant\u00f6ren av EnOcean radiobaserade produkter. <\/p>\n\n<p class=\"has-medium-font-size\">EnOcean GmbH, baserat i Oberhaching n\u00e4ra M\u00fcnchen, st\u00e5r f\u00f6r den till stor del batterifria tr\u00e5dl\u00f6sa standarden och \u00e4r en viktig pelare i leveranskedjan f\u00f6r professionella smarta hemprodukter. <\/p>\n\n<p class=\"has-medium-font-size\">Fler \u00e4n 400 f\u00f6retag fr\u00e5n olika sektorer har samlats i EnOcean Alliance, som marknadsf\u00f6r produkter och l\u00f6sningar baserade p\u00e5 denna gemensamma standard och har nu utrustat \u00f6ver 1 miljon byggnader v\u00e4rlden \u00f6ver. <\/p>\n\n<p class=\"has-medium-font-size\">Som en m\u00e5ng\u00e5rig partner har vi redan genomf\u00f6rt m\u00e5nga projekt tillsammans. Ett av de st\u00f6rsta \u00e4gde rum 2015 p\u00e5 Mandarin Oriental Hotel i Macau. Detta lyxhotell erbjuder komfort och energieffektivitet p\u00e5 alla omr\u00e5den tack vare den intelligenta elinstallationen med Eltako och EnOcean. Inbyggda sensorer gl\u00e4nser med kabel, batteri och underh\u00e5lls-fritt arbete och modern design. Praktiska scener kan p\u00e5kallas av bes\u00f6karna med ett klick, beroende p\u00e5 deras \u00f6nskem\u00e5l. De graverade piktogrammen talar f\u00f6r sig sj\u00e4lva och underl\u00e4ttar handhavandet. <\/p>\n\n<p class=\"has-medium-font-size\">Ytterligare projekt, information och mer om f\u00f6retaget EnOcean hittar du <strong><a href=\"https:\/\/www.enocean.com\/de\/\">h\u00e4r<\/a><\/strong> . <\/p>\n\n<p><\/p>\n\n<div style=\"height:50px\" aria-hidden=\"true\" class=\"wp-block-spacer\"><\/div>\n\n<figure class=\"wp-block-image size-large\"><img decoding=\"async\" width=\"1024\" height=\"249\" src=\"https:\/\/betax923lb8kd7v0.eltako.de\/wp-content\/uploads\/2022\/02\/banner-2-1024x249.jpeg\" alt=\"\" class=\"wp-image-33516\" srcset=\"https:\/\/www.eltako.com\/wp-content\/uploads\/2022\/02\/banner-2-1024x249.jpeg 1024w, https:\/\/www.eltako.com\/wp-content\/uploads\/2022\/02\/banner-2-300x73.jpeg 300w, https:\/\/www.eltako.com\/wp-content\/uploads\/2022\/02\/banner-2-768x187.jpeg 768w, https:\/\/www.eltako.com\/wp-content\/uploads\/2022\/02\/banner-2-600x146.jpeg 600w, https:\/\/www.eltako.com\/wp-content\/uploads\/2022\/02\/banner-2.jpeg 1374w\" sizes=\"(max-width: 1024px) 100vw, 1024px\" \/><\/figure>\n\n<div style=\"height:80px\" aria-hidden=\"true\" class=\"wp-block-spacer\"><\/div>\n\n<div class=\"wp-block-columns is-layout-flex wp-container-core-columns-is-layout-9d6595d7 wp-block-columns-is-layout-flex\">\n<div class=\"wp-block-column is-layout-flow wp-block-column-is-layout-flow\">\n<p><\/p>\n\n\n\n<div style=\"height:100px\" aria-hidden=\"true\" class=\"wp-block-spacer\"><\/div>\n\n\n\n<h2 class=\"has-text-color wp-block-heading\" id=\"lorem-ipsum\" style=\"color:#016db7\"><strong>Energy Harvesting:<\/strong><\/h2>\n\n\n\n<div style=\"height:16px\" aria-hidden=\"true\" class=\"wp-block-spacer\"><\/div>\n\n\n\n<p class=\"has-medium-font-size\">EnOcean-tekniken bygger p\u00e5 den s\u00e5 kallade &#8221;Energy Harvesting&#8221;, som erh\u00e5ller den energi som kr\u00e4vs f\u00f6r signalgenerering fr\u00e5n milj\u00f6n. F\u00f6r detta \u00e4ndam\u00e5l samlar och lagrar sensorerna kinetisk, termisk och solenergi. En knapptryckning, temperaturskillnaden mellan radiator och rumsluft eller solceller kan anv\u00e4ndas f\u00f6r att ge v\u00e4rdefull energi. P\u00e5 grund av den mycket lilla energiomvandlaren och den effektiva radiotekniken beh\u00f6vs inget batteri eller kabelanslutning. Detta erbjuder anv\u00e4ndarna en intelligent och framf\u00f6r allt milj\u00f6v\u00e4nlig teknik f\u00f6r privat bruk, vilket ocks\u00e5 s\u00e4kerst\u00e4ller l\u00e4gre str\u00f6mf\u00f6rbrukning. <\/p>\n\n\n\n<div style=\"height:56px\" aria-hidden=\"true\" class=\"wp-block-spacer\"><\/div>\n<\/div>\n\n\n\n<div class=\"wp-block-column is-layout-flow wp-block-column-is-layout-flow\">\n<figure class=\"wp-block-image size-full\"><img decoding=\"async\" width=\"800\" height=\"1000\" src=\"https:\/\/prod.wxccizj.de\/wp-content\/uploads\/2022\/02\/banner.jpg\" alt=\"\" class=\"wp-image-33576\" srcset=\"https:\/\/www.eltako.com\/wp-content\/uploads\/2022\/02\/banner.jpg 800w, https:\/\/www.eltako.com\/wp-content\/uploads\/2022\/02\/banner-240x300.jpg 240w, https:\/\/www.eltako.com\/wp-content\/uploads\/2022\/02\/banner-768x960.jpg 768w, https:\/\/www.eltako.com\/wp-content\/uploads\/2022\/02\/banner-600x750.jpg 600w\" sizes=\"(max-width: 800px) 100vw, 800px\" \/><\/figure>\n<\/div>\n<\/div>\n\n<div style=\"height:50px\" aria-hidden=\"true\" class=\"wp-block-spacer\"><\/div>\n\n<figure class=\"wp-block-image size-large\"><img decoding=\"async\" src=\"https:\/\/www.eltako.de\/wp-content\/uploads\/2021\/07\/Fill.m.1-1024x249.jpg\" alt=\"\" class=\"wp-image-35569\"\/><\/figure>\n\n<p><\/p>\n\n<div style=\"height:50px\" aria-hidden=\"true\" class=\"wp-block-spacer\"><\/div>\n\n<h2 class=\"has-text-color wp-block-heading\" id=\"lorem-ipsum\" style=\"color:#016db7\"><strong><strong>V\u00e5ra professionella smarta hemprodukter med EnOcean radiostandard kan anv\u00e4ndas f\u00f6r otaliga intelligenta l\u00f6sningar. <\/strong> <\/strong> <\/h2>\n\n<div style=\"height:50px\" aria-hidden=\"true\" class=\"wp-block-spacer\"><\/div>\n\n<p class=\"has-medium-font-size\">P\u00e5 grund av den enorma flexibiliteten kan dessa komponenter styras centralt, decentralt eller i en kombination av b\u00e5da. <br\/>Som tillval kan \u00e4ven en smart hemkontroller anv\u00e4ndas f\u00f6r styrning, vilket ut\u00f6kar systemets m\u00f6jligheter. <\/p>\n\n<p class=\"has-medium-font-size\">Eftersom EnOcean radiostandard \u00e4r integrerad av m\u00e5nga olika tillverkare \u00e4r den f\u00f6rknippad med en h\u00f6g grad av kompatibilitet. <br\/>I ett smart hemcontroller kan produkter fr\u00e5n olika branscher och varum\u00e4rken samverka i ett intelligent system. <\/p>\n\n<div style=\"height:50px\" aria-hidden=\"true\" class=\"wp-block-spacer\"><\/div>\n\n<div class=\"wp-block-columns is-layout-flex wp-container-core-columns-is-layout-9d6595d7 wp-block-columns-is-layout-flex\">\n<div class=\"wp-block-column p-3 has-background is-layout-flow wp-block-column-is-layout-flow\" style=\"background-color:#016db7\">\n<h2 class=\"has-white-color has-text-color wp-block-heading\" id=\"lorem-ipsum-1\"><\/h2>\n\n\n\n<p class=\"has-white-color has-text-color has-medium-font-size\">Vill du veta mer om EnOcean Alliances arbete och v\u00e5rt samarbete som partner kan du g\u00e5 direkt till Alliansens hemsida <a href=\"https:\/\/www.enocean-alliance.org\"><strong>h\u00e4r<\/strong><\/a> . <\/p>\n<\/div>\n\n\n\n<div class=\"wp-block-column p-3 has-background is-layout-flow wp-block-column-is-layout-flow\" style=\"background-color:#016db7\">\n<h2 class=\"has-white-color has-text-color wp-block-heading\" id=\"lorem-ipsum-2\"><\/h2>\n\n\n\n<p class=\"has-white-color has-text-color has-medium-font-size\">P\u00e5 v\u00e5r YouTube-kanal visar vi intelligenta applikationer d\u00e4r vi arbetar med de EnOcean baserade tr\u00e5dl\u00f6sa sensorerna. Om du vill ha en djupare insikt i styrning och integrationen av dessa h\u00e5llbara produkter, g\u00e5 direkt till v\u00e5rt konto <strong><a href=\"https:\/\/www.youtube.com\/c\/EltakoOfficial\/videos\">h\u00e4r<\/a><\/strong> . <\/p>\n\n\n\n<p><\/p>\n\n\n\n<p><\/p>\n<\/div>\n<\/div>\n\n<p><\/p>\n","protected":false},"excerpt":{"rendered":"<p>EnOcean Vi gick med i EnOcean Alliance 2008 och har verkat i n\u00e4ra samarbeta med dem sedan dess. Idag \u00e4r vi en av dess promotorer och har etablerat oss som den mest helt\u00e4ckande leverant\u00f6ren av EnOcean radiobaserade produkter. EnOcean GmbH, baserat i Oberhaching n\u00e4ra M\u00fcnchen, st\u00e5r f\u00f6r den till stor del batterifria tr\u00e5dl\u00f6sa standarden och [&hellip;]<\/p>\n","protected":false},"author":31,"featured_media":23286,"parent":62742,"menu_order":1,"comment_status":"closed","ping_status":"closed","template":"templates\/custom_header.php","meta":{"_acf_changed":false,"footnotes":"","_links_to":"","_links_to_target":""},"class_list":["post-31924","page","type-page","status-publish","has-post-thumbnail","hentry"],"acf":[],"yoast_head":"<!-- This site is optimized with the Yoast SEO plugin v27.2 - https:\/\/yoast.com\/product\/yoast-seo-wordpress\/ -->\n<title>EnOcean &#187; Eltako<\/title>\n<meta name=\"robots\" content=\"index, follow, max-snippet:-1, max-image-preview:large, max-video-preview:-1\" \/>\n<link rel=\"canonical\" href=\"https:\/\/www.eltako.com\/sv\/foeretag\/partners-och-allianser\/enocean\/\" \/>\n<meta property=\"og:locale\" content=\"sv_SE\" \/>\n<meta property=\"og:type\" content=\"article\" \/>\n<meta property=\"og:title\" content=\"EnOcean &#187; Eltako\" \/>\n<meta property=\"og:description\" content=\"EnOcean Vi gick med i EnOcean Alliance 2008 och har verkat i n\u00e4ra samarbeta med dem sedan dess. Idag \u00e4r vi en av dess promotorer och har etablerat oss som den mest helt\u00e4ckande leverant\u00f6ren av EnOcean radiobaserade produkter. EnOcean GmbH, baserat i Oberhaching n\u00e4ra M\u00fcnchen, st\u00e5r f\u00f6r den till stor del batterifria tr\u00e5dl\u00f6sa standarden och [&hellip;]\" \/>\n<meta property=\"og:url\" content=\"https:\/\/www.eltako.com\/sv\/foeretag\/partners-och-allianser\/enocean\/\" \/>\n<meta property=\"og:site_name\" content=\"Eltako\" \/>\n<meta property=\"article:modified_time\" content=\"2022-04-13T13:13:04+00:00\" \/>\n<meta property=\"og:image\" content=\"https:\/\/www.eltako.com\/wp-content\/uploads\/2021\/09\/AdobeStock_134947037.jpeg\" \/>\n\t<meta property=\"og:image:width\" content=\"1920\" \/>\n\t<meta property=\"og:image:height\" content=\"1037\" \/>\n\t<meta property=\"og:image:type\" content=\"image\/jpeg\" \/>\n<meta name=\"twitter:card\" content=\"summary_large_image\" \/>\n<meta name=\"twitter:label1\" content=\"Ber\u00e4knad l\u00e4stid\" \/>\n\t<meta name=\"twitter:data1\" content=\"2 minuter\" \/>\n<script type=\"application\/ld+json\" class=\"yoast-schema-graph\">{\"@context\":\"https:\/\/schema.org\",\"@graph\":[{\"@type\":\"WebPage\",\"@id\":\"https:\/\/www.eltako.com\/sv\/foeretag\/partners-och-allianser\/enocean\/\",\"url\":\"https:\/\/www.eltako.com\/sv\/foeretag\/partners-och-allianser\/enocean\/\",\"name\":\"EnOcean &#187; Eltako\",\"isPartOf\":{\"@id\":\"https:\/\/www.eltako.com\/en\/#website\"},\"primaryImageOfPage\":{\"@id\":\"https:\/\/www.eltako.com\/sv\/foeretag\/partners-och-allianser\/enocean\/#primaryimage\"},\"image\":{\"@id\":\"https:\/\/www.eltako.com\/sv\/foeretag\/partners-och-allianser\/enocean\/#primaryimage\"},\"thumbnailUrl\":\"https:\/\/www.eltako.com\/wp-content\/uploads\/2021\/09\/AdobeStock_134947037.jpeg\",\"datePublished\":\"2022-01-28T16:02:37+00:00\",\"dateModified\":\"2022-04-13T13:13:04+00:00\",\"breadcrumb\":{\"@id\":\"https:\/\/www.eltako.com\/sv\/foeretag\/partners-och-allianser\/enocean\/#breadcrumb\"},\"inLanguage\":\"sv-SE\",\"potentialAction\":[{\"@type\":\"ReadAction\",\"target\":[\"https:\/\/www.eltako.com\/sv\/foeretag\/partners-och-allianser\/enocean\/\"]}]},{\"@type\":\"ImageObject\",\"inLanguage\":\"sv-SE\",\"@id\":\"https:\/\/www.eltako.com\/sv\/foeretag\/partners-och-allianser\/enocean\/#primaryimage\",\"url\":\"https:\/\/www.eltako.com\/wp-content\/uploads\/2021\/09\/AdobeStock_134947037.jpeg\",\"contentUrl\":\"https:\/\/www.eltako.com\/wp-content\/uploads\/2021\/09\/AdobeStock_134947037.jpeg\",\"width\":1920,\"height\":1037},{\"@type\":\"BreadcrumbList\",\"@id\":\"https:\/\/www.eltako.com\/sv\/foeretag\/partners-och-allianser\/enocean\/#breadcrumb\",\"itemListElement\":[{\"@type\":\"ListItem\",\"position\":1,\"name\":\"Hemsida\",\"item\":\"https:\/\/www.eltako.com\/sv\/\"},{\"@type\":\"ListItem\",\"position\":2,\"name\":\"F\u00f6retag\",\"item\":\"https:\/\/www.eltako.com\/sv\/foeretag\/\"},{\"@type\":\"ListItem\",\"position\":3,\"name\":\"Partners och allianser\",\"item\":\"https:\/\/www.eltako.com\/sv\/foeretag\/partners-och-allianser\/\"},{\"@type\":\"ListItem\",\"position\":4,\"name\":\"EnOcean\"}]},{\"@type\":\"WebSite\",\"@id\":\"https:\/\/www.eltako.com\/en\/#website\",\"url\":\"https:\/\/www.eltako.com\/en\/\",\"name\":\"Eltako\",\"description\":\"Schaltger\u00e4te, Netzteile, Stromz\u00e4hler, Dimmer, Geb\u00e4udeinstallation, Steuerungstechnik, Smart Home-L\u00f6sungen, Geb\u00e4udefunk, EnOcean-Technologie\",\"potentialAction\":[{\"@type\":\"SearchAction\",\"target\":{\"@type\":\"EntryPoint\",\"urlTemplate\":\"https:\/\/www.eltako.com\/en\/?s={search_term_string}\"},\"query-input\":{\"@type\":\"PropertyValueSpecification\",\"valueRequired\":true,\"valueName\":\"search_term_string\"}}],\"inLanguage\":\"sv-SE\"}]}<\/script>\n<!-- \/ Yoast SEO plugin. -->","yoast_head_json":{"title":"EnOcean &#187; Eltako","robots":{"index":"index","follow":"follow","max-snippet":"max-snippet:-1","max-image-preview":"max-image-preview:large","max-video-preview":"max-video-preview:-1"},"canonical":"https:\/\/www.eltako.com\/sv\/foeretag\/partners-och-allianser\/enocean\/","og_locale":"sv_SE","og_type":"article","og_title":"EnOcean &#187; Eltako","og_description":"EnOcean Vi gick med i EnOcean Alliance 2008 och har verkat i n\u00e4ra samarbeta med dem sedan dess. Idag \u00e4r vi en av dess promotorer och har etablerat oss som den mest helt\u00e4ckande leverant\u00f6ren av EnOcean radiobaserade produkter. EnOcean GmbH, baserat i Oberhaching n\u00e4ra M\u00fcnchen, st\u00e5r f\u00f6r den till stor del batterifria tr\u00e5dl\u00f6sa standarden och [&hellip;]","og_url":"https:\/\/www.eltako.com\/sv\/foeretag\/partners-och-allianser\/enocean\/","og_site_name":"Eltako","article_modified_time":"2022-04-13T13:13:04+00:00","og_image":[{"width":1920,"height":1037,"url":"https:\/\/www.eltako.com\/wp-content\/uploads\/2021\/09\/AdobeStock_134947037.jpeg","type":"image\/jpeg"}],"twitter_card":"summary_large_image","twitter_misc":{"Ber\u00e4knad l\u00e4stid":"2 minuter"},"schema":{"@context":"https:\/\/schema.org","@graph":[{"@type":"WebPage","@id":"https:\/\/www.eltako.com\/sv\/foeretag\/partners-och-allianser\/enocean\/","url":"https:\/\/www.eltako.com\/sv\/foeretag\/partners-och-allianser\/enocean\/","name":"EnOcean &#187; Eltako","isPartOf":{"@id":"https:\/\/www.eltako.com\/en\/#website"},"primaryImageOfPage":{"@id":"https:\/\/www.eltako.com\/sv\/foeretag\/partners-och-allianser\/enocean\/#primaryimage"},"image":{"@id":"https:\/\/www.eltako.com\/sv\/foeretag\/partners-och-allianser\/enocean\/#primaryimage"},"thumbnailUrl":"https:\/\/www.eltako.com\/wp-content\/uploads\/2021\/09\/AdobeStock_134947037.jpeg","datePublished":"2022-01-28T16:02:37+00:00","dateModified":"2022-04-13T13:13:04+00:00","breadcrumb":{"@id":"https:\/\/www.eltako.com\/sv\/foeretag\/partners-och-allianser\/enocean\/#breadcrumb"},"inLanguage":"sv-SE","potentialAction":[{"@type":"ReadAction","target":["https:\/\/www.eltako.com\/sv\/foeretag\/partners-och-allianser\/enocean\/"]}]},{"@type":"ImageObject","inLanguage":"sv-SE","@id":"https:\/\/www.eltako.com\/sv\/foeretag\/partners-och-allianser\/enocean\/#primaryimage","url":"https:\/\/www.eltako.com\/wp-content\/uploads\/2021\/09\/AdobeStock_134947037.jpeg","contentUrl":"https:\/\/www.eltako.com\/wp-content\/uploads\/2021\/09\/AdobeStock_134947037.jpeg","width":1920,"height":1037},{"@type":"BreadcrumbList","@id":"https:\/\/www.eltako.com\/sv\/foeretag\/partners-och-allianser\/enocean\/#breadcrumb","itemListElement":[{"@type":"ListItem","position":1,"name":"Hemsida","item":"https:\/\/www.eltako.com\/sv\/"},{"@type":"ListItem","position":2,"name":"F\u00f6retag","item":"https:\/\/www.eltako.com\/sv\/foeretag\/"},{"@type":"ListItem","position":3,"name":"Partners och allianser","item":"https:\/\/www.eltako.com\/sv\/foeretag\/partners-och-allianser\/"},{"@type":"ListItem","position":4,"name":"EnOcean"}]},{"@type":"WebSite","@id":"https:\/\/www.eltako.com\/en\/#website","url":"https:\/\/www.eltako.com\/en\/","name":"Eltako","description":"Schaltger\u00e4te, Netzteile, Stromz\u00e4hler, Dimmer, Geb\u00e4udeinstallation, Steuerungstechnik, Smart Home-L\u00f6sungen, Geb\u00e4udefunk, EnOcean-Technologie","potentialAction":[{"@type":"SearchAction","target":{"@type":"EntryPoint","urlTemplate":"https:\/\/www.eltako.com\/en\/?s={search_term_string}"},"query-input":{"@type":"PropertyValueSpecification","valueRequired":true,"valueName":"search_term_string"}}],"inLanguage":"sv-SE"}]}},"_links":{"self":[{"href":"https:\/\/www.eltako.com\/sv\/wp-json\/wp\/v2\/pages\/31924","targetHints":{"allow":["GET"]}}],"collection":[{"href":"https:\/\/www.eltako.com\/sv\/wp-json\/wp\/v2\/pages"}],"about":[{"href":"https:\/\/www.eltako.com\/sv\/wp-json\/wp\/v2\/types\/page"}],"author":[{"embeddable":true,"href":"https:\/\/www.eltako.com\/sv\/wp-json\/wp\/v2\/users\/31"}],"replies":[{"embeddable":true,"href":"https:\/\/www.eltako.com\/sv\/wp-json\/wp\/v2\/comments?post=31924"}],"version-history":[{"count":0,"href":"https:\/\/www.eltako.com\/sv\/wp-json\/wp\/v2\/pages\/31924\/revisions"}],"up":[{"embeddable":true,"href":"https:\/\/www.eltako.com\/sv\/wp-json\/wp\/v2\/pages\/62742"}],"wp:featuredmedia":[{"embeddable":true,"href":"https:\/\/www.eltako.com\/sv\/wp-json\/wp\/v2\/media\/23286"}],"wp:attachment":[{"href":"https:\/\/www.eltako.com\/sv\/wp-json\/wp\/v2\/media?parent=31924"}],"curies":[{"name":"wp","href":"https:\/\/api.w.org\/{rel}","templated":true}]}}