{"id":31894,"date":"2022-01-27T01:07:05","date_gmt":"2022-01-27T00:07:05","guid":{"rendered":"https:\/\/betax923lb8kd7v0.eltako.de\/kontakt\/"},"modified":"2026-04-02T10:40:58","modified_gmt":"2026-04-02T08:40:58","slug":"kontakt","status":"publish","type":"page","link":"https:\/\/www.eltako.com\/sv\/foeretag\/kontakt\/","title":{"rendered":"Kontakt"},"content":{"rendered":"\n<p>Fusce congue augue elementum, mollis sapien quis, posuere ex. Vestibulum tincidunt pulvinar efficitur. Mauris lobortis felis i tellus ultrices varius. Phasellus vitae eros finibus felis venenatis pulvinar sed ac ante.<\/p>\n","protected":false},"excerpt":{"rendered":"<p>Fusce congue augue elementum, mollis sapien quis, posuere ex. Vestibulum tincidunt pulvinar efficitur. Mauris lobortis felis i tellus ultrices varius. Phasellus vitae eros finibus felis venenatis pulvinar sed ac ante.<\/p>\n","protected":false},"author":31,"featured_media":117177,"parent":63686,"menu_order":4,"comment_status":"closed","ping_status":"closed","template":"templates\/kontakte.php","meta":{"_acf_changed":false,"footnotes":"","_links_to":"","_links_to_target":""},"class_list":["post-31894","page","type-page","status-publish","has-post-thumbnail","hentry"],"acf":[],"yoast_head":"<!-- This site is optimized with the Yoast SEO plugin v27.2 - https:\/\/yoast.com\/product\/yoast-seo-wordpress\/ -->\n<title>Kontakt &#187; Eltako<\/title>\n<meta name=\"robots\" content=\"index, follow, max-snippet:-1, max-image-preview:large, max-video-preview:-1\" \/>\n<link rel=\"canonical\" href=\"https:\/\/www.eltako.com\/sv\/foeretag\/kontakt\/\" \/>\n<meta property=\"og:locale\" content=\"sv_SE\" \/>\n<meta property=\"og:type\" content=\"article\" \/>\n<meta property=\"og:title\" content=\"Kontakt &#187; Eltako\" \/>\n<meta property=\"og:description\" content=\"Fusce congue augue elementum, mollis sapien quis, posuere ex. Vestibulum tincidunt pulvinar efficitur. Mauris lobortis felis i tellus ultrices varius. Phasellus vitae eros finibus felis venenatis pulvinar sed ac ante.\" \/>\n<meta property=\"og:url\" content=\"https:\/\/www.eltako.com\/sv\/foeretag\/kontakt\/\" \/>\n<meta property=\"og:site_name\" content=\"Eltako\" \/>\n<meta property=\"article:modified_time\" content=\"2026-04-02T08:40:58+00:00\" \/>\n<meta property=\"og:image\" content=\"https:\/\/www.eltako.com\/wp-content\/uploads\/2022\/09\/eltako_website_header_1920x700_kontakt.jpg\" \/>\n\t<meta property=\"og:image:width\" content=\"1920\" \/>\n\t<meta property=\"og:image:height\" content=\"700\" \/>\n\t<meta property=\"og:image:type\" content=\"image\/jpeg\" \/>\n<meta name=\"twitter:card\" content=\"summary_large_image\" \/>\n<meta name=\"twitter:label1\" content=\"Ber\u00e4knad l\u00e4stid\" \/>\n\t<meta name=\"twitter:data1\" content=\"5 minuter\" \/>\n<script type=\"application\/ld+json\" class=\"yoast-schema-graph\">{\"@context\":\"https:\/\/schema.org\",\"@graph\":[{\"@type\":\"WebPage\",\"@id\":\"https:\/\/www.eltako.com\/sv\/foeretag\/kontakt\/\",\"url\":\"https:\/\/www.eltako.com\/sv\/foeretag\/kontakt\/\",\"name\":\"Kontakt &#187; Eltako\",\"isPartOf\":{\"@id\":\"https:\/\/www.eltako.com\/en\/#website\"},\"primaryImageOfPage\":{\"@id\":\"https:\/\/www.eltako.com\/sv\/foeretag\/kontakt\/#primaryimage\"},\"image\":{\"@id\":\"https:\/\/www.eltako.com\/sv\/foeretag\/kontakt\/#primaryimage\"},\"thumbnailUrl\":\"https:\/\/www.eltako.com\/wp-content\/uploads\/2022\/09\/eltako_website_header_1920x700_kontakt.jpg\",\"datePublished\":\"2022-01-27T00:07:05+00:00\",\"dateModified\":\"2026-04-02T08:40:58+00:00\",\"breadcrumb\":{\"@id\":\"https:\/\/www.eltako.com\/sv\/foeretag\/kontakt\/#breadcrumb\"},\"inLanguage\":\"sv-SE\",\"potentialAction\":[{\"@type\":\"ReadAction\",\"target\":[\"https:\/\/www.eltako.com\/sv\/foeretag\/kontakt\/\"]}]},{\"@type\":\"ImageObject\",\"inLanguage\":\"sv-SE\",\"@id\":\"https:\/\/www.eltako.com\/sv\/foeretag\/kontakt\/#primaryimage\",\"url\":\"https:\/\/www.eltako.com\/wp-content\/uploads\/2022\/09\/eltako_website_header_1920x700_kontakt.jpg\",\"contentUrl\":\"https:\/\/www.eltako.com\/wp-content\/uploads\/2022\/09\/eltako_website_header_1920x700_kontakt.jpg\",\"width\":1920,\"height\":700},{\"@type\":\"BreadcrumbList\",\"@id\":\"https:\/\/www.eltako.com\/sv\/foeretag\/kontakt\/#breadcrumb\",\"itemListElement\":[{\"@type\":\"ListItem\",\"position\":1,\"name\":\"Hemsida\",\"item\":\"https:\/\/www.eltako.com\/sv\/\"},{\"@type\":\"ListItem\",\"position\":2,\"name\":\"F\u00f6retag\",\"item\":\"https:\/\/www.eltako.com\/sv\/foeretag\/\"},{\"@type\":\"ListItem\",\"position\":3,\"name\":\"Kontakt\"}]},{\"@type\":\"WebSite\",\"@id\":\"https:\/\/www.eltako.com\/en\/#website\",\"url\":\"https:\/\/www.eltako.com\/en\/\",\"name\":\"Eltako\",\"description\":\"Schaltger\u00e4te, Netzteile, Stromz\u00e4hler, Dimmer, Geb\u00e4udeinstallation, Steuerungstechnik, Smart Home-L\u00f6sungen, Geb\u00e4udefunk, EnOcean-Technologie\",\"potentialAction\":[{\"@type\":\"SearchAction\",\"target\":{\"@type\":\"EntryPoint\",\"urlTemplate\":\"https:\/\/www.eltako.com\/en\/?s={search_term_string}\"},\"query-input\":{\"@type\":\"PropertyValueSpecification\",\"valueRequired\":true,\"valueName\":\"search_term_string\"}}],\"inLanguage\":\"sv-SE\"}]}<\/script>\n<!-- \/ Yoast SEO plugin. -->","yoast_head_json":{"title":"Kontakt &#187; Eltako","robots":{"index":"index","follow":"follow","max-snippet":"max-snippet:-1","max-image-preview":"max-image-preview:large","max-video-preview":"max-video-preview:-1"},"canonical":"https:\/\/www.eltako.com\/sv\/foeretag\/kontakt\/","og_locale":"sv_SE","og_type":"article","og_title":"Kontakt &#187; Eltako","og_description":"Fusce congue augue elementum, mollis sapien quis, posuere ex. Vestibulum tincidunt pulvinar efficitur. Mauris lobortis felis i tellus ultrices varius. Phasellus vitae eros finibus felis venenatis pulvinar sed ac ante.","og_url":"https:\/\/www.eltako.com\/sv\/foeretag\/kontakt\/","og_site_name":"Eltako","article_modified_time":"2026-04-02T08:40:58+00:00","og_image":[{"width":1920,"height":700,"url":"https:\/\/www.eltako.com\/wp-content\/uploads\/2022\/09\/eltako_website_header_1920x700_kontakt.jpg","type":"image\/jpeg"}],"twitter_card":"summary_large_image","twitter_misc":{"Ber\u00e4knad l\u00e4stid":"5 minuter"},"schema":{"@context":"https:\/\/schema.org","@graph":[{"@type":"WebPage","@id":"https:\/\/www.eltako.com\/sv\/foeretag\/kontakt\/","url":"https:\/\/www.eltako.com\/sv\/foeretag\/kontakt\/","name":"Kontakt &#187; Eltako","isPartOf":{"@id":"https:\/\/www.eltako.com\/en\/#website"},"primaryImageOfPage":{"@id":"https:\/\/www.eltako.com\/sv\/foeretag\/kontakt\/#primaryimage"},"image":{"@id":"https:\/\/www.eltako.com\/sv\/foeretag\/kontakt\/#primaryimage"},"thumbnailUrl":"https:\/\/www.eltako.com\/wp-content\/uploads\/2022\/09\/eltako_website_header_1920x700_kontakt.jpg","datePublished":"2022-01-27T00:07:05+00:00","dateModified":"2026-04-02T08:40:58+00:00","breadcrumb":{"@id":"https:\/\/www.eltako.com\/sv\/foeretag\/kontakt\/#breadcrumb"},"inLanguage":"sv-SE","potentialAction":[{"@type":"ReadAction","target":["https:\/\/www.eltako.com\/sv\/foeretag\/kontakt\/"]}]},{"@type":"ImageObject","inLanguage":"sv-SE","@id":"https:\/\/www.eltako.com\/sv\/foeretag\/kontakt\/#primaryimage","url":"https:\/\/www.eltako.com\/wp-content\/uploads\/2022\/09\/eltako_website_header_1920x700_kontakt.jpg","contentUrl":"https:\/\/www.eltako.com\/wp-content\/uploads\/2022\/09\/eltako_website_header_1920x700_kontakt.jpg","width":1920,"height":700},{"@type":"BreadcrumbList","@id":"https:\/\/www.eltako.com\/sv\/foeretag\/kontakt\/#breadcrumb","itemListElement":[{"@type":"ListItem","position":1,"name":"Hemsida","item":"https:\/\/www.eltako.com\/sv\/"},{"@type":"ListItem","position":2,"name":"F\u00f6retag","item":"https:\/\/www.eltako.com\/sv\/foeretag\/"},{"@type":"ListItem","position":3,"name":"Kontakt"}]},{"@type":"WebSite","@id":"https:\/\/www.eltako.com\/en\/#website","url":"https:\/\/www.eltako.com\/en\/","name":"Eltako","description":"Schaltger\u00e4te, Netzteile, Stromz\u00e4hler, Dimmer, Geb\u00e4udeinstallation, Steuerungstechnik, Smart Home-L\u00f6sungen, Geb\u00e4udefunk, EnOcean-Technologie","potentialAction":[{"@type":"SearchAction","target":{"@type":"EntryPoint","urlTemplate":"https:\/\/www.eltako.com\/en\/?s={search_term_string}"},"query-input":{"@type":"PropertyValueSpecification","valueRequired":true,"valueName":"search_term_string"}}],"inLanguage":"sv-SE"}]}},"_links":{"self":[{"href":"https:\/\/www.eltako.com\/sv\/wp-json\/wp\/v2\/pages\/31894","targetHints":{"allow":["GET"]}}],"collection":[{"href":"https:\/\/www.eltako.com\/sv\/wp-json\/wp\/v2\/pages"}],"about":[{"href":"https:\/\/www.eltako.com\/sv\/wp-json\/wp\/v2\/types\/page"}],"author":[{"embeddable":true,"href":"https:\/\/www.eltako.com\/sv\/wp-json\/wp\/v2\/users\/31"}],"replies":[{"embeddable":true,"href":"https:\/\/www.eltako.com\/sv\/wp-json\/wp\/v2\/comments?post=31894"}],"version-history":[{"count":32,"href":"https:\/\/www.eltako.com\/sv\/wp-json\/wp\/v2\/pages\/31894\/revisions"}],"predecessor-version":[{"id":148942,"href":"https:\/\/www.eltako.com\/sv\/wp-json\/wp\/v2\/pages\/31894\/revisions\/148942"}],"up":[{"embeddable":true,"href":"https:\/\/www.eltako.com\/sv\/wp-json\/wp\/v2\/pages\/63686"}],"wp:featuredmedia":[{"embeddable":true,"href":"https:\/\/www.eltako.com\/sv\/wp-json\/wp\/v2\/media\/117177"}],"wp:attachment":[{"href":"https:\/\/www.eltako.com\/sv\/wp-json\/wp\/v2\/media?parent=31894"}],"curies":[{"name":"wp","href":"https:\/\/api.w.org\/{rel}","templated":true}]}}