{"id":31862,"date":"2022-01-27T00:21:45","date_gmt":"2022-01-26T23:21:45","guid":{"rendered":"https:\/\/betax923lb8kd7v0.eltako.de\/avtryck\/"},"modified":"2025-10-16T16:15:16","modified_gmt":"2025-10-16T14:15:16","slug":"avtryck","status":"publish","type":"page","link":"https:\/\/www.eltako.com\/sv\/avtryck\/","title":{"rendered":"Kontaktuppgifter"},"content":{"rendered":"\n<div class=\"wp-block-group\"><div class=\"wp-block-group__inner-container is-layout-flow wp-block-group-is-layout-flow\">\n<div class=\"wp-block-group\"><div class=\"wp-block-group__inner-container is-layout-flow wp-block-group-is-layout-flow\">\n<b>ELTAKO GmbH<\/b><br\/>Hofener Stra\u00dfe 54 <br\/>70736 Fellbach<br\/>Telefon: 0711 94350000<br\/>E-post: website@eltako.de<br\/><br\/>Registerdomstol: Stuttgart<br\/>Registernummer: HRB261445<br\/>Verkst\u00e4llande direkt\u00f6rer: Ulrich Ziegler<br\/>Identifikationsnummer f\u00f6r oms\u00e4ttningsskatt: DE147330893\n<\/div><\/div>\n\n\n\n<p><\/p>\n<\/div><\/div>\n\n\n\n<p><\/p>\n\n\n\n<p>Vid direkta eller indirekta h\u00e4nvisningar till externa webbsidor (hyperl\u00e4nkar) som ligger utanf\u00f6r ELTAKO GmbH:s ansvarsomr\u00e5de g\u00e4ller ansvarsskyldigheten endast om ELTAKO GmbH har k\u00e4nnedom om inneh\u00e5llet och det \u00e4r tekniskt m\u00f6jligt och rimligt att f\u00f6rhindra anv\u00e4ndningen vid olagligt inneh\u00e5ll. ELTAKO GmbH f\u00f6rklarar h\u00e4rmed uttryckligen att inget olagligt inneh\u00e5ll kunde identifieras p\u00e5 de l\u00e4nkade sidorna vid den tidpunkt d\u00e5 l\u00e4nkarna skapades. ELTAKO GmbH har inget som helst inflytande p\u00e5 den nuvarande och framtida utformningen, inneh\u00e5llet eller f\u00f6rfattarskapet p\u00e5 de l\u00e4nkade sidorna.  <\/p>\n\n\n\n<p>D\u00e4rf\u00f6r tar den h\u00e4rmed uttryckligen avst\u00e5nd fr\u00e5n allt inneh\u00e5ll p\u00e5 alla l\u00e4nkade sidor som har \u00e4ndrats efter att l\u00e4nken skapades.<\/p>\n\n\n\n<p>Ansvaret f\u00f6r olagligt, felaktigt eller ofullst\u00e4ndigt inneh\u00e5ll och i synnerhet f\u00f6r skador till f\u00f6ljd av anv\u00e4ndning eller icke-anv\u00e4ndning av s\u00e5dan information ligger uteslutande hos leverant\u00f6ren av den sida som h\u00e4nvisas till, och inte hos den person som endast h\u00e4nvisar till respektive publikation via l\u00e4nkar.<\/p>\n\n\n\n<p><a href=\"https:\/\/www.take-e-way.de\/leistungen\/elektrogesetz-weee-elektrog\/berichts-informationspflichten\/\">Informationsskyldighet enligt \u00a718 punkt 2 i lagen om elektrisk och elektronisk utrustning <\/a><\/p>\n\n\n\n<p><\/p>\n\n\n\n<p>Registreringsnummer enligt batterilagen: DE 36818306<\/p>\n\n\n\n<div class=\"wp-block-buttons is-layout-flex wp-block-buttons-is-layout-flex\">\n<div class=\"wp-block-button\"><a class=\"wp-block-button__link has-background wp-element-button\" href=\"\/wp-content\/uploads\/2022\/03\/Eltako_Gesamtkatalog_2022_dt_Kap_S-4.pdf\" style=\"border-radius:0px;background-color:#0063af\">Garanti och garanti (PDF)<\/a><\/div>\n<\/div>\n\n\n\n<p><\/p>\n","protected":false},"excerpt":{"rendered":"<p>ELTAKO GmbHHofener Stra\u00dfe 54 70736 FellbachTelefon: 0711 94350000E-post: website@eltako.de Registerdomstol: StuttgartRegisternummer: HRB261445Verkst\u00e4llande direkt\u00f6rer: Ulrich ZieglerIdentifikationsnummer f\u00f6r oms\u00e4ttningsskatt: DE147330893 Vid direkta eller indirekta h\u00e4nvisningar till externa webbsidor (hyperl\u00e4nkar) som ligger utanf\u00f6r ELTAKO GmbH:s ansvarsomr\u00e5de g\u00e4ller ansvarsskyldigheten endast om ELTAKO GmbH har k\u00e4nnedom om inneh\u00e5llet och det \u00e4r tekniskt m\u00f6jligt och rimligt att f\u00f6rhindra anv\u00e4ndningen vid olagligt [&hellip;]<\/p>\n","protected":false},"author":31,"featured_media":0,"parent":0,"menu_order":0,"comment_status":"closed","ping_status":"closed","template":"","meta":{"_acf_changed":false,"footnotes":"","_links_to":"","_links_to_target":""},"class_list":["post-31862","page","type-page","status-publish","hentry"],"acf":[],"yoast_head":"<!-- This site is optimized with the Yoast SEO plugin v27.2 - https:\/\/yoast.com\/product\/yoast-seo-wordpress\/ -->\n<title>Kontaktuppgifter &#187; Eltako<\/title>\n<meta name=\"robots\" content=\"index, follow, max-snippet:-1, max-image-preview:large, max-video-preview:-1\" \/>\n<link rel=\"canonical\" href=\"https:\/\/www.eltako.com\/sv\/avtryck\/\" \/>\n<meta property=\"og:locale\" content=\"sv_SE\" \/>\n<meta property=\"og:type\" content=\"article\" \/>\n<meta property=\"og:title\" content=\"Kontaktuppgifter &#187; Eltako\" \/>\n<meta property=\"og:description\" content=\"ELTAKO GmbHHofener Stra\u00dfe 54 70736 FellbachTelefon: 0711 94350000E-post: website@eltako.de Registerdomstol: StuttgartRegisternummer: HRB261445Verkst\u00e4llande direkt\u00f6rer: Ulrich ZieglerIdentifikationsnummer f\u00f6r oms\u00e4ttningsskatt: DE147330893 Vid direkta eller indirekta h\u00e4nvisningar till externa webbsidor (hyperl\u00e4nkar) som ligger utanf\u00f6r ELTAKO GmbH:s ansvarsomr\u00e5de g\u00e4ller ansvarsskyldigheten endast om ELTAKO GmbH har k\u00e4nnedom om inneh\u00e5llet och det \u00e4r tekniskt m\u00f6jligt och rimligt att f\u00f6rhindra anv\u00e4ndningen vid olagligt [&hellip;]\" \/>\n<meta property=\"og:url\" content=\"https:\/\/www.eltako.com\/sv\/avtryck\/\" \/>\n<meta property=\"og:site_name\" content=\"Eltako\" \/>\n<meta property=\"article:modified_time\" content=\"2025-10-16T14:15:16+00:00\" \/>\n<meta name=\"twitter:card\" content=\"summary_large_image\" \/>\n<meta name=\"twitter:label1\" content=\"Ber\u00e4knad l\u00e4stid\" \/>\n\t<meta name=\"twitter:data1\" content=\"2 minuter\" \/>\n<script type=\"application\/ld+json\" class=\"yoast-schema-graph\">{\"@context\":\"https:\/\/schema.org\",\"@graph\":[{\"@type\":\"WebPage\",\"@id\":\"https:\/\/www.eltako.com\/sv\/avtryck\/\",\"url\":\"https:\/\/www.eltako.com\/sv\/avtryck\/\",\"name\":\"Kontaktuppgifter &#187; Eltako\",\"isPartOf\":{\"@id\":\"https:\/\/www.eltako.com\/en\/#website\"},\"datePublished\":\"2022-01-26T23:21:45+00:00\",\"dateModified\":\"2025-10-16T14:15:16+00:00\",\"breadcrumb\":{\"@id\":\"https:\/\/www.eltako.com\/sv\/avtryck\/#breadcrumb\"},\"inLanguage\":\"sv-SE\",\"potentialAction\":[{\"@type\":\"ReadAction\",\"target\":[\"https:\/\/www.eltako.com\/sv\/avtryck\/\"]}]},{\"@type\":\"BreadcrumbList\",\"@id\":\"https:\/\/www.eltako.com\/sv\/avtryck\/#breadcrumb\",\"itemListElement\":[{\"@type\":\"ListItem\",\"position\":1,\"name\":\"Hemsida\",\"item\":\"https:\/\/www.eltako.com\/sv\/\"},{\"@type\":\"ListItem\",\"position\":2,\"name\":\"Kontaktuppgifter\"}]},{\"@type\":\"WebSite\",\"@id\":\"https:\/\/www.eltako.com\/en\/#website\",\"url\":\"https:\/\/www.eltako.com\/en\/\",\"name\":\"Eltako\",\"description\":\"Schaltger\u00e4te, Netzteile, Stromz\u00e4hler, Dimmer, Geb\u00e4udeinstallation, Steuerungstechnik, Smart Home-L\u00f6sungen, Geb\u00e4udefunk, EnOcean-Technologie\",\"potentialAction\":[{\"@type\":\"SearchAction\",\"target\":{\"@type\":\"EntryPoint\",\"urlTemplate\":\"https:\/\/www.eltako.com\/en\/?s={search_term_string}\"},\"query-input\":{\"@type\":\"PropertyValueSpecification\",\"valueRequired\":true,\"valueName\":\"search_term_string\"}}],\"inLanguage\":\"sv-SE\"}]}<\/script>\n<!-- \/ Yoast SEO plugin. -->","yoast_head_json":{"title":"Kontaktuppgifter &#187; Eltako","robots":{"index":"index","follow":"follow","max-snippet":"max-snippet:-1","max-image-preview":"max-image-preview:large","max-video-preview":"max-video-preview:-1"},"canonical":"https:\/\/www.eltako.com\/sv\/avtryck\/","og_locale":"sv_SE","og_type":"article","og_title":"Kontaktuppgifter &#187; Eltako","og_description":"ELTAKO GmbHHofener Stra\u00dfe 54 70736 FellbachTelefon: 0711 94350000E-post: website@eltako.de Registerdomstol: StuttgartRegisternummer: HRB261445Verkst\u00e4llande direkt\u00f6rer: Ulrich ZieglerIdentifikationsnummer f\u00f6r oms\u00e4ttningsskatt: DE147330893 Vid direkta eller indirekta h\u00e4nvisningar till externa webbsidor (hyperl\u00e4nkar) som ligger utanf\u00f6r ELTAKO GmbH:s ansvarsomr\u00e5de g\u00e4ller ansvarsskyldigheten endast om ELTAKO GmbH har k\u00e4nnedom om inneh\u00e5llet och det \u00e4r tekniskt m\u00f6jligt och rimligt att f\u00f6rhindra anv\u00e4ndningen vid olagligt [&hellip;]","og_url":"https:\/\/www.eltako.com\/sv\/avtryck\/","og_site_name":"Eltako","article_modified_time":"2025-10-16T14:15:16+00:00","twitter_card":"summary_large_image","twitter_misc":{"Ber\u00e4knad l\u00e4stid":"2 minuter"},"schema":{"@context":"https:\/\/schema.org","@graph":[{"@type":"WebPage","@id":"https:\/\/www.eltako.com\/sv\/avtryck\/","url":"https:\/\/www.eltako.com\/sv\/avtryck\/","name":"Kontaktuppgifter &#187; Eltako","isPartOf":{"@id":"https:\/\/www.eltako.com\/en\/#website"},"datePublished":"2022-01-26T23:21:45+00:00","dateModified":"2025-10-16T14:15:16+00:00","breadcrumb":{"@id":"https:\/\/www.eltako.com\/sv\/avtryck\/#breadcrumb"},"inLanguage":"sv-SE","potentialAction":[{"@type":"ReadAction","target":["https:\/\/www.eltako.com\/sv\/avtryck\/"]}]},{"@type":"BreadcrumbList","@id":"https:\/\/www.eltako.com\/sv\/avtryck\/#breadcrumb","itemListElement":[{"@type":"ListItem","position":1,"name":"Hemsida","item":"https:\/\/www.eltako.com\/sv\/"},{"@type":"ListItem","position":2,"name":"Kontaktuppgifter"}]},{"@type":"WebSite","@id":"https:\/\/www.eltako.com\/en\/#website","url":"https:\/\/www.eltako.com\/en\/","name":"Eltako","description":"Schaltger\u00e4te, Netzteile, Stromz\u00e4hler, Dimmer, Geb\u00e4udeinstallation, Steuerungstechnik, Smart Home-L\u00f6sungen, Geb\u00e4udefunk, EnOcean-Technologie","potentialAction":[{"@type":"SearchAction","target":{"@type":"EntryPoint","urlTemplate":"https:\/\/www.eltako.com\/en\/?s={search_term_string}"},"query-input":{"@type":"PropertyValueSpecification","valueRequired":true,"valueName":"search_term_string"}}],"inLanguage":"sv-SE"}]}},"_links":{"self":[{"href":"https:\/\/www.eltako.com\/sv\/wp-json\/wp\/v2\/pages\/31862","targetHints":{"allow":["GET"]}}],"collection":[{"href":"https:\/\/www.eltako.com\/sv\/wp-json\/wp\/v2\/pages"}],"about":[{"href":"https:\/\/www.eltako.com\/sv\/wp-json\/wp\/v2\/types\/page"}],"author":[{"embeddable":true,"href":"https:\/\/www.eltako.com\/sv\/wp-json\/wp\/v2\/users\/31"}],"replies":[{"embeddable":true,"href":"https:\/\/www.eltako.com\/sv\/wp-json\/wp\/v2\/comments?post=31862"}],"version-history":[{"count":5,"href":"https:\/\/www.eltako.com\/sv\/wp-json\/wp\/v2\/pages\/31862\/revisions"}],"predecessor-version":[{"id":147472,"href":"https:\/\/www.eltako.com\/sv\/wp-json\/wp\/v2\/pages\/31862\/revisions\/147472"}],"wp:attachment":[{"href":"https:\/\/www.eltako.com\/sv\/wp-json\/wp\/v2\/media?parent=31862"}],"curies":[{"name":"wp","href":"https:\/\/api.w.org\/{rel}","templated":true}]}}