{"id":31830,"date":"2022-01-26T22:19:46","date_gmt":"2022-01-26T21:19:46","guid":{"rendered":"https:\/\/betax923lb8kd7v0.eltako.de\/mediola\/"},"modified":"2022-07-21T09:07:36","modified_gmt":"2022-07-21T07:07:36","slug":"mediola","status":"publish","type":"page","link":"https:\/\/www.eltako.com\/sv\/foeretag\/partners-och-allianser\/mediola\/","title":{"rendered":"Mediola"},"content":{"rendered":"\n<div style=\"height:40px\" aria-hidden=\"true\" class=\"wp-block-spacer\"><\/div>\n\n<p class=\"has-medium-font-size\">Samarbetet mellan Eltako och mediola\u00ae kombinerar de b\u00e5da f\u00f6retagens styrkor och f\u00e5r d\u00e4rmed ut det b\u00e4sta av respektive kompetens. Resurser sparas p\u00e5 b\u00e5da sidor, vilket resulterar i den optimala produkten till det optimala priset f\u00f6r v\u00e5ra kunder.<\/p>\n\n<div style=\"height:40px\" aria-hidden=\"true\" class=\"wp-block-spacer\"><\/div>\n\n<figure class=\"wp-block-image size-large\"><img decoding=\"async\" width=\"1024\" height=\"455\" src=\"https:\/\/betax923lb8kd7v0.eltako.de\/wp-content\/uploads\/2021\/09\/Bild-2-1024x455.png\" alt=\"\" class=\"wp-image-23391\" srcset=\"https:\/\/www.eltako.com\/wp-content\/uploads\/2021\/09\/Bild-2-1024x455.png 1024w, https:\/\/www.eltako.com\/wp-content\/uploads\/2021\/09\/Bild-2-300x133.png 300w, https:\/\/www.eltako.com\/wp-content\/uploads\/2021\/09\/Bild-2-768x341.png 768w, https:\/\/www.eltako.com\/wp-content\/uploads\/2021\/09\/Bild-2-1536x683.png 1536w, https:\/\/www.eltako.com\/wp-content\/uploads\/2021\/09\/Bild-2-600x267.png 600w, https:\/\/www.eltako.com\/wp-content\/uploads\/2021\/09\/Bild-2.png 1800w\" sizes=\"(max-width: 1024px) 100vw, 1024px\" \/><\/figure>\n\n<div style=\"height:40px\" aria-hidden=\"true\" class=\"wp-block-spacer\"><\/div>\n\n<h3 class=\"wp-block-heading\" id=\"wer-ist-mediola\"><strong>Vem \u00e4r mediola\u00ae?<\/strong><\/h3>\n\n<p class=\"has-medium-font-size\">mediola\u00ae tillverkar IoT-l\u00f6sningar och smarta hemkontroller som g\u00f6r det m\u00f6jligt f\u00f6r kunder att anv\u00e4nda dem \u00f6ver varum\u00e4rken och branscher. Med deras system kan olika enheter fr\u00e5n m\u00e5nga olika tillverkare kombineras inom en installation och komplettera varandra. Detta sparar tid och pengar och kunden f\u00f6rblir oberoende n\u00e4r han v\u00e4ljer tillverkare. F\u00f6retaget grundades i Frankfurt 2007 och har f\u00f6r n\u00e4rvarande 2 olika appar p\u00e5 marknaden: IQONTROL NEO-appen \u00e4r f\u00f6rkonfigurerad, intuitiv och enkel att anv\u00e4nda, medan appen AIO CREATOR NEO l\u00e4mpar sig f\u00f6r mer professionell anv\u00e4ndning och flexibla justeringar upp till ett helt individuellt anv\u00e4ndargr\u00e4nssnitt.<\/p>\n\n<div style=\"height:40px\" aria-hidden=\"true\" class=\"wp-block-spacer\"><\/div>\n\n<figure class=\"wp-block-image size-large\"><img decoding=\"async\" width=\"1024\" height=\"455\" src=\"https:\/\/betax923lb8kd7v0.eltako.de\/wp-content\/uploads\/2021\/09\/Bild-3-1024x455.png\" alt=\"\" class=\"wp-image-23405\" srcset=\"https:\/\/www.eltako.com\/wp-content\/uploads\/2021\/09\/Bild-3-1024x455.png 1024w, https:\/\/www.eltako.com\/wp-content\/uploads\/2021\/09\/Bild-3-300x133.png 300w, https:\/\/www.eltako.com\/wp-content\/uploads\/2021\/09\/Bild-3-768x341.png 768w, https:\/\/www.eltako.com\/wp-content\/uploads\/2021\/09\/Bild-3-1536x683.png 1536w, https:\/\/www.eltako.com\/wp-content\/uploads\/2021\/09\/Bild-3-600x267.png 600w, https:\/\/www.eltako.com\/wp-content\/uploads\/2021\/09\/Bild-3.png 1800w\" sizes=\"(max-width: 1024px) 100vw, 1024px\" \/><\/figure>\n\n<div style=\"height:40px\" aria-hidden=\"true\" class=\"wp-block-spacer\"><\/div>\n\n<h3 class=\"wp-block-heading\" id=\"eltako-und-mediola\"><strong>Eltako och mediola\u00ae<\/strong><\/h3>\n\n<p class=\"has-medium-font-size\">V\u00e5r expertis som byggnadsspecialist och Mediolas tillverkaroberoende smarta heml\u00f6sningar g\u00f6r att v\u00e5ra produkter kan kopplas till andra tillverkare och branscher, det erbjuder kunderna ett brett utbud av m\u00f6jliga till\u00e4mpningar.<\/p>\n\n<p class=\"has-medium-font-size\">Detta skapar ett allt-i-ett smart hemsystem med vilket varje hem kan styras och automatiseras p\u00e5 ett intelligent s\u00e4tt.<\/p>\n\n<p class=\"has-medium-font-size\">Den nya MiniSafe2, i kombination med den nya GFA5-appen, \u00e4r det f\u00f6rsta resultatet av detta samarbete. En idealisk smart hemkontroller f\u00f6r Eltakos produktv\u00e4rld och en intuitiv app f\u00f6r anv\u00e4ndningen. Du kan f\u00f6rvandla vilket hem som helst till ett smart hem utan n\u00e5gra specialkunskaper!<\/p>\n\n<div style=\"height:40px\" aria-hidden=\"true\" class=\"wp-block-spacer\"><\/div>\n\n<figure class=\"wp-block-image size-large\"><img decoding=\"async\" width=\"1024\" height=\"455\" src=\"https:\/\/betax923lb8kd7v0.eltako.de\/wp-content\/uploads\/2021\/09\/Bild-5-1024x455.png\" alt=\"\" class=\"wp-image-23414\" srcset=\"https:\/\/www.eltako.com\/wp-content\/uploads\/2021\/09\/Bild-5-1024x455.png 1024w, https:\/\/www.eltako.com\/wp-content\/uploads\/2021\/09\/Bild-5-300x133.png 300w, https:\/\/www.eltako.com\/wp-content\/uploads\/2021\/09\/Bild-5-768x341.png 768w, https:\/\/www.eltako.com\/wp-content\/uploads\/2021\/09\/Bild-5-1536x683.png 1536w, https:\/\/www.eltako.com\/wp-content\/uploads\/2021\/09\/Bild-5-600x267.png 600w, https:\/\/www.eltako.com\/wp-content\/uploads\/2021\/09\/Bild-5.png 1800w\" sizes=\"(max-width: 1024px) 100vw, 1024px\" \/><\/figure>\n\n<div style=\"height:40px\" aria-hidden=\"true\" class=\"wp-block-spacer\"><\/div>\n\n<h3 class=\"wp-block-heading\" id=\"social-media-prasenz-und-neue-informationen\"><strong>N\u00e4rvaro i sociala medier och ny information:<\/strong><\/h3>\n\n<p class=\"has-medium-font-size\">P\u00e5 Instagram, Facebook, YouTube &amp; Co. finns regelbundna uppdateringar om olika \u00e4mnen och d\u00e4rf\u00f6r alltid n\u00e5got nytt om v\u00e5rt samarbete med mediola\u00ae.<\/p>\n\n<p class=\"has-medium-font-size\">Den h\u00e4r l\u00e4nken tar dig till v\u00e5r <a href=\"#newsletter-modal\" data-toggle=\"modal\" data-target=\"#newsletter-modal\">\n \n \n <span>Nyhetsbrev<\/span>\n \n<\/a> d\u00e4r du kan f\u00e5 mer information om samarbetet:<\/p>\n\n<p class=\"has-medium-font-size\">Om du vill l\u00e4ra dig mer om mediola\u00ae:<\/p>\n\n<p class=\"has-medium-font-size\"><a href=\"https:\/\/www.mediola.com\">https:\/\/www.mediala.com <\/a><\/p>\n\n<p class=\"has-medium-font-size\"><a href=\"https:\/\/www.mediola.com\/eltako-mit-mediola-steuern\">https:\/\/www.mediola.com\/eltako-mit-mediola-steuern<\/a><\/p>\n\n<p class=\"has-medium-font-size\">F\u00f6lj oss p\u00e5 <a href=\"https:\/\/www.instagram.com\/eltako_official\/?hl=en\">Instagram<\/a> och <a href=\"https:\/\/www.facebook.com\/eltakoofficial\/\">Facebook<\/a> s\u00e5 att du inte missar n\u00e5got inl\u00e4gg!<\/p>\n","protected":false},"excerpt":{"rendered":"<p>Samarbetet mellan Eltako och mediola\u00ae kombinerar de b\u00e5da f\u00f6retagens styrkor och f\u00e5r d\u00e4rmed ut det b\u00e4sta av respektive kompetens. Resurser sparas p\u00e5 b\u00e5da sidor, vilket resulterar i den optimala produkten till det optimala priset f\u00f6r v\u00e5ra kunder. Vem \u00e4r mediola\u00ae? mediola\u00ae tillverkar IoT-l\u00f6sningar och smarta hemkontroller som g\u00f6r det m\u00f6jligt f\u00f6r kunder att anv\u00e4nda dem [&hellip;]<\/p>\n","protected":false},"author":31,"featured_media":23387,"parent":62742,"menu_order":5,"comment_status":"closed","ping_status":"closed","template":"templates\/custom_header.php","meta":{"_acf_changed":false,"footnotes":"","_links_to":"","_links_to_target":""},"class_list":["post-31830","page","type-page","status-publish","has-post-thumbnail","hentry"],"acf":[],"yoast_head":"<!-- This site is optimized with the Yoast SEO plugin v27.2 - https:\/\/yoast.com\/product\/yoast-seo-wordpress\/ -->\n<title>Mediola &#187; Eltako<\/title>\n<meta name=\"robots\" content=\"index, follow, max-snippet:-1, max-image-preview:large, max-video-preview:-1\" \/>\n<link rel=\"canonical\" href=\"https:\/\/www.eltako.com\/sv\/foeretag\/partners-och-allianser\/mediola\/\" \/>\n<meta property=\"og:locale\" content=\"sv_SE\" \/>\n<meta property=\"og:type\" content=\"article\" \/>\n<meta property=\"og:title\" content=\"Mediola &#187; Eltako\" \/>\n<meta property=\"og:description\" content=\"Samarbetet mellan Eltako och mediola\u00ae kombinerar de b\u00e5da f\u00f6retagens styrkor och f\u00e5r d\u00e4rmed ut det b\u00e4sta av respektive kompetens. Resurser sparas p\u00e5 b\u00e5da sidor, vilket resulterar i den optimala produkten till det optimala priset f\u00f6r v\u00e5ra kunder. Vem \u00e4r mediola\u00ae? mediola\u00ae tillverkar IoT-l\u00f6sningar och smarta hemkontroller som g\u00f6r det m\u00f6jligt f\u00f6r kunder att anv\u00e4nda dem [&hellip;]\" \/>\n<meta property=\"og:url\" content=\"https:\/\/www.eltako.com\/sv\/foeretag\/partners-och-allianser\/mediola\/\" \/>\n<meta property=\"og:site_name\" content=\"Eltako\" \/>\n<meta property=\"article:modified_time\" content=\"2022-07-21T07:07:36+00:00\" \/>\n<meta property=\"og:image\" content=\"https:\/\/www.eltako.com\/wp-content\/uploads\/2021\/09\/mediola.jpg\" \/>\n\t<meta property=\"og:image:width\" content=\"1366\" \/>\n\t<meta property=\"og:image:height\" content=\"752\" \/>\n\t<meta property=\"og:image:type\" content=\"image\/jpeg\" \/>\n<meta name=\"twitter:card\" content=\"summary_large_image\" \/>\n<meta name=\"twitter:label1\" content=\"Ber\u00e4knad l\u00e4stid\" \/>\n\t<meta name=\"twitter:data1\" content=\"2 minuter\" \/>\n<script type=\"application\/ld+json\" class=\"yoast-schema-graph\">{\"@context\":\"https:\/\/schema.org\",\"@graph\":[{\"@type\":\"WebPage\",\"@id\":\"https:\/\/www.eltako.com\/sv\/foeretag\/partners-och-allianser\/mediola\/\",\"url\":\"https:\/\/www.eltako.com\/sv\/foeretag\/partners-och-allianser\/mediola\/\",\"name\":\"Mediola &#187; Eltako\",\"isPartOf\":{\"@id\":\"https:\/\/www.eltako.com\/en\/#website\"},\"primaryImageOfPage\":{\"@id\":\"https:\/\/www.eltako.com\/sv\/foeretag\/partners-och-allianser\/mediola\/#primaryimage\"},\"image\":{\"@id\":\"https:\/\/www.eltako.com\/sv\/foeretag\/partners-och-allianser\/mediola\/#primaryimage\"},\"thumbnailUrl\":\"https:\/\/www.eltako.com\/wp-content\/uploads\/2021\/09\/mediola.jpg\",\"datePublished\":\"2022-01-26T21:19:46+00:00\",\"dateModified\":\"2022-07-21T07:07:36+00:00\",\"breadcrumb\":{\"@id\":\"https:\/\/www.eltako.com\/sv\/foeretag\/partners-och-allianser\/mediola\/#breadcrumb\"},\"inLanguage\":\"sv-SE\",\"potentialAction\":[{\"@type\":\"ReadAction\",\"target\":[\"https:\/\/www.eltako.com\/sv\/foeretag\/partners-och-allianser\/mediola\/\"]}]},{\"@type\":\"ImageObject\",\"inLanguage\":\"sv-SE\",\"@id\":\"https:\/\/www.eltako.com\/sv\/foeretag\/partners-och-allianser\/mediola\/#primaryimage\",\"url\":\"https:\/\/www.eltako.com\/wp-content\/uploads\/2021\/09\/mediola.jpg\",\"contentUrl\":\"https:\/\/www.eltako.com\/wp-content\/uploads\/2021\/09\/mediola.jpg\",\"width\":1366,\"height\":752},{\"@type\":\"BreadcrumbList\",\"@id\":\"https:\/\/www.eltako.com\/sv\/foeretag\/partners-och-allianser\/mediola\/#breadcrumb\",\"itemListElement\":[{\"@type\":\"ListItem\",\"position\":1,\"name\":\"Hemsida\",\"item\":\"https:\/\/www.eltako.com\/sv\/\"},{\"@type\":\"ListItem\",\"position\":2,\"name\":\"F\u00f6retag\",\"item\":\"https:\/\/www.eltako.com\/sv\/foeretag\/\"},{\"@type\":\"ListItem\",\"position\":3,\"name\":\"Partners och allianser\",\"item\":\"https:\/\/www.eltako.com\/sv\/foeretag\/partners-och-allianser\/\"},{\"@type\":\"ListItem\",\"position\":4,\"name\":\"Mediola\"}]},{\"@type\":\"WebSite\",\"@id\":\"https:\/\/www.eltako.com\/en\/#website\",\"url\":\"https:\/\/www.eltako.com\/en\/\",\"name\":\"Eltako\",\"description\":\"Schaltger\u00e4te, Netzteile, Stromz\u00e4hler, Dimmer, Geb\u00e4udeinstallation, Steuerungstechnik, Smart Home-L\u00f6sungen, Geb\u00e4udefunk, EnOcean-Technologie\",\"potentialAction\":[{\"@type\":\"SearchAction\",\"target\":{\"@type\":\"EntryPoint\",\"urlTemplate\":\"https:\/\/www.eltako.com\/en\/?s={search_term_string}\"},\"query-input\":{\"@type\":\"PropertyValueSpecification\",\"valueRequired\":true,\"valueName\":\"search_term_string\"}}],\"inLanguage\":\"sv-SE\"}]}<\/script>\n<!-- \/ Yoast SEO plugin. -->","yoast_head_json":{"title":"Mediola &#187; Eltako","robots":{"index":"index","follow":"follow","max-snippet":"max-snippet:-1","max-image-preview":"max-image-preview:large","max-video-preview":"max-video-preview:-1"},"canonical":"https:\/\/www.eltako.com\/sv\/foeretag\/partners-och-allianser\/mediola\/","og_locale":"sv_SE","og_type":"article","og_title":"Mediola &#187; Eltako","og_description":"Samarbetet mellan Eltako och mediola\u00ae kombinerar de b\u00e5da f\u00f6retagens styrkor och f\u00e5r d\u00e4rmed ut det b\u00e4sta av respektive kompetens. Resurser sparas p\u00e5 b\u00e5da sidor, vilket resulterar i den optimala produkten till det optimala priset f\u00f6r v\u00e5ra kunder. Vem \u00e4r mediola\u00ae? mediola\u00ae tillverkar IoT-l\u00f6sningar och smarta hemkontroller som g\u00f6r det m\u00f6jligt f\u00f6r kunder att anv\u00e4nda dem [&hellip;]","og_url":"https:\/\/www.eltako.com\/sv\/foeretag\/partners-och-allianser\/mediola\/","og_site_name":"Eltako","article_modified_time":"2022-07-21T07:07:36+00:00","og_image":[{"width":1366,"height":752,"url":"https:\/\/www.eltako.com\/wp-content\/uploads\/2021\/09\/mediola.jpg","type":"image\/jpeg"}],"twitter_card":"summary_large_image","twitter_misc":{"Ber\u00e4knad l\u00e4stid":"2 minuter"},"schema":{"@context":"https:\/\/schema.org","@graph":[{"@type":"WebPage","@id":"https:\/\/www.eltako.com\/sv\/foeretag\/partners-och-allianser\/mediola\/","url":"https:\/\/www.eltako.com\/sv\/foeretag\/partners-och-allianser\/mediola\/","name":"Mediola &#187; Eltako","isPartOf":{"@id":"https:\/\/www.eltako.com\/en\/#website"},"primaryImageOfPage":{"@id":"https:\/\/www.eltako.com\/sv\/foeretag\/partners-och-allianser\/mediola\/#primaryimage"},"image":{"@id":"https:\/\/www.eltako.com\/sv\/foeretag\/partners-och-allianser\/mediola\/#primaryimage"},"thumbnailUrl":"https:\/\/www.eltako.com\/wp-content\/uploads\/2021\/09\/mediola.jpg","datePublished":"2022-01-26T21:19:46+00:00","dateModified":"2022-07-21T07:07:36+00:00","breadcrumb":{"@id":"https:\/\/www.eltako.com\/sv\/foeretag\/partners-och-allianser\/mediola\/#breadcrumb"},"inLanguage":"sv-SE","potentialAction":[{"@type":"ReadAction","target":["https:\/\/www.eltako.com\/sv\/foeretag\/partners-och-allianser\/mediola\/"]}]},{"@type":"ImageObject","inLanguage":"sv-SE","@id":"https:\/\/www.eltako.com\/sv\/foeretag\/partners-och-allianser\/mediola\/#primaryimage","url":"https:\/\/www.eltako.com\/wp-content\/uploads\/2021\/09\/mediola.jpg","contentUrl":"https:\/\/www.eltako.com\/wp-content\/uploads\/2021\/09\/mediola.jpg","width":1366,"height":752},{"@type":"BreadcrumbList","@id":"https:\/\/www.eltako.com\/sv\/foeretag\/partners-och-allianser\/mediola\/#breadcrumb","itemListElement":[{"@type":"ListItem","position":1,"name":"Hemsida","item":"https:\/\/www.eltako.com\/sv\/"},{"@type":"ListItem","position":2,"name":"F\u00f6retag","item":"https:\/\/www.eltako.com\/sv\/foeretag\/"},{"@type":"ListItem","position":3,"name":"Partners och allianser","item":"https:\/\/www.eltako.com\/sv\/foeretag\/partners-och-allianser\/"},{"@type":"ListItem","position":4,"name":"Mediola"}]},{"@type":"WebSite","@id":"https:\/\/www.eltako.com\/en\/#website","url":"https:\/\/www.eltako.com\/en\/","name":"Eltako","description":"Schaltger\u00e4te, Netzteile, Stromz\u00e4hler, Dimmer, Geb\u00e4udeinstallation, Steuerungstechnik, Smart Home-L\u00f6sungen, Geb\u00e4udefunk, EnOcean-Technologie","potentialAction":[{"@type":"SearchAction","target":{"@type":"EntryPoint","urlTemplate":"https:\/\/www.eltako.com\/en\/?s={search_term_string}"},"query-input":{"@type":"PropertyValueSpecification","valueRequired":true,"valueName":"search_term_string"}}],"inLanguage":"sv-SE"}]}},"_links":{"self":[{"href":"https:\/\/www.eltako.com\/sv\/wp-json\/wp\/v2\/pages\/31830","targetHints":{"allow":["GET"]}}],"collection":[{"href":"https:\/\/www.eltako.com\/sv\/wp-json\/wp\/v2\/pages"}],"about":[{"href":"https:\/\/www.eltako.com\/sv\/wp-json\/wp\/v2\/types\/page"}],"author":[{"embeddable":true,"href":"https:\/\/www.eltako.com\/sv\/wp-json\/wp\/v2\/users\/31"}],"replies":[{"embeddable":true,"href":"https:\/\/www.eltako.com\/sv\/wp-json\/wp\/v2\/comments?post=31830"}],"version-history":[{"count":0,"href":"https:\/\/www.eltako.com\/sv\/wp-json\/wp\/v2\/pages\/31830\/revisions"}],"up":[{"embeddable":true,"href":"https:\/\/www.eltako.com\/sv\/wp-json\/wp\/v2\/pages\/62742"}],"wp:featuredmedia":[{"embeddable":true,"href":"https:\/\/www.eltako.com\/sv\/wp-json\/wp\/v2\/media\/23387"}],"wp:attachment":[{"href":"https:\/\/www.eltako.com\/sv\/wp-json\/wp\/v2\/media?parent=31830"}],"curies":[{"name":"wp","href":"https:\/\/api.w.org\/{rel}","templated":true}]}}