{"id":31825,"date":"2022-01-26T22:00:48","date_gmt":"2022-01-26T21:00:48","guid":{"rendered":"https:\/\/betax923lb8kd7v0.eltako.de\/aruba\/"},"modified":"2022-04-13T15:12:11","modified_gmt":"2022-04-13T13:12:11","slug":"aruba","status":"publish","type":"page","link":"https:\/\/www.eltako.com\/sv\/foeretag\/partners-och-allianser\/aruba\/","title":{"rendered":"Aruba"},"content":{"rendered":"\n<h2 class=\"wp-block-heading\" id=\"aruba-ist-nun-teil-der-enocean-alliance\"><strong>Aruba \u00e4r nu en del av EnOcean Alliance!<\/strong><\/h2>\n\n<div style=\"height:40px\" aria-hidden=\"true\" class=\"wp-block-spacer\"><\/div>\n\n<div class=\"wp-block-columns is-layout-flex wp-container-core-columns-is-layout-9d6595d7 wp-block-columns-is-layout-flex\">\n<div class=\"wp-block-column is-layout-flow wp-block-column-is-layout-flow\">\n<figure class=\"wp-block-image size-large is-style-default\"><img decoding=\"async\" width=\"1024\" height=\"1009\" src=\"https:\/\/betax923lb8kd7v0.eltako.de\/wp-content\/uploads\/2022\/02\/thumbnail-1024x1009.jpg\" alt=\"\" class=\"wp-image-33936\" srcset=\"https:\/\/www.eltako.com\/wp-content\/uploads\/2022\/02\/thumbnail-1024x1009.jpg 1024w, https:\/\/www.eltako.com\/wp-content\/uploads\/2022\/02\/thumbnail-300x295.jpg 300w, https:\/\/www.eltako.com\/wp-content\/uploads\/2022\/02\/thumbnail-768x756.jpg 768w, https:\/\/www.eltako.com\/wp-content\/uploads\/2022\/02\/thumbnail-600x591.jpg 600w, https:\/\/www.eltako.com\/wp-content\/uploads\/2022\/02\/thumbnail-100x100.jpg 100w, https:\/\/www.eltako.com\/wp-content\/uploads\/2022\/02\/thumbnail.jpg 1462w\" sizes=\"(max-width: 1024px) 100vw, 1024px\" \/><\/figure>\n<\/div>\n\n\n\n<div class=\"wp-block-column is-layout-flow wp-block-column-is-layout-flow\">\n<p class=\"has-medium-font-size\">Det kaliforniska f\u00f6retaget \u00e4r pionj\u00e4rer inom IoT-tj\u00e4nster och tillf\u00f6r inte bara ett stort kundn\u00e4tverk utan ocks\u00e5 oslagbar teknologi till alliansen. Tillsammans med EnOceans tr\u00e5dl\u00f6sa &#8221;Energy Harvesting&#8221; l\u00f6sningar erbjuds kunden ett system som inte bara g\u00f6r hemmet smartare idag, utan ocks\u00e5 s\u00e4kerst\u00e4ller att det f\u00f6rblir anpassningsbart och kan f\u00f6rb\u00e4ttras i framtiden. IoT-enheterna samlar in data fr\u00e5n applikationerna och anv\u00e4nder dem f\u00f6r att skapa en molnbaserad, digital tvilling. Som ett resultat l\u00e4r sig enheterna de \u00f6nskade s\u00e4kerhetskraven, energikraven och den aktuella milj\u00f6ns status. Ju mer data som kan samlas in, desto smartare och mer anpassningsbara blir byggnaderna.<\/p>\n\n\n\n<p class=\"has-medium-font-size\">Samarbetet \u00e4r till stor f\u00f6rdel f\u00f6r alla medlemmar i EnOcean Alliance och \u00e4r ytterligare ett viktigt steg mot digitalisering och smart livsstil.<\/p>\n\n\n\n<p style=\"font-size:16px\">Mer information finns p\u00e5: <a href=\"https:\/\/www.enocean-alliance.org\/de\/aruba\/\">https:\/\/www.enocean-alliance.org\/de\/aruba\/<\/a><\/p>\n<\/div>\n<\/div>\n\n<p><\/p>\n\n<figure class=\"wp-block-image size-large\"><img decoding=\"async\" width=\"1024\" height=\"455\" src=\"https:\/\/betax923lb8kd7v0.eltako.de\/wp-content\/uploads\/2021\/09\/2-1024x455.jpg\" alt=\"\" class=\"wp-image-23453\" srcset=\"https:\/\/www.eltako.com\/wp-content\/uploads\/2021\/09\/2-1024x455.jpg 1024w, https:\/\/www.eltako.com\/wp-content\/uploads\/2021\/09\/2-300x133.jpg 300w, https:\/\/www.eltako.com\/wp-content\/uploads\/2021\/09\/2-768x341.jpg 768w, https:\/\/www.eltako.com\/wp-content\/uploads\/2021\/09\/2-1536x683.jpg 1536w, https:\/\/www.eltako.com\/wp-content\/uploads\/2021\/09\/2-600x267.jpg 600w, https:\/\/www.eltako.com\/wp-content\/uploads\/2021\/09\/2.jpg 1600w\" sizes=\"(max-width: 1024px) 100vw, 1024px\" \/><\/figure>\n","protected":false},"excerpt":{"rendered":"<p>Aruba \u00e4r nu en del av EnOcean Alliance! Det kaliforniska f\u00f6retaget \u00e4r pionj\u00e4rer inom IoT-tj\u00e4nster och tillf\u00f6r inte bara ett stort kundn\u00e4tverk utan ocks\u00e5 oslagbar teknologi till alliansen. Tillsammans med EnOceans tr\u00e5dl\u00f6sa &#8221;Energy Harvesting&#8221; l\u00f6sningar erbjuds kunden ett system som inte bara g\u00f6r hemmet smartare idag, utan ocks\u00e5 s\u00e4kerst\u00e4ller att det f\u00f6rblir anpassningsbart och kan [&hellip;]<\/p>\n","protected":false},"author":31,"featured_media":0,"parent":62742,"menu_order":0,"comment_status":"closed","ping_status":"closed","template":"templates\/custom_header.php","meta":{"_acf_changed":false,"footnotes":"","_links_to":"","_links_to_target":""},"class_list":["post-31825","page","type-page","status-publish","hentry"],"acf":[],"yoast_head":"<!-- This site is optimized with the Yoast SEO plugin v27.2 - https:\/\/yoast.com\/product\/yoast-seo-wordpress\/ -->\n<title>Aruba &#187; Eltako<\/title>\n<meta name=\"robots\" content=\"index, follow, max-snippet:-1, max-image-preview:large, max-video-preview:-1\" \/>\n<link rel=\"canonical\" href=\"https:\/\/www.eltako.com\/sv\/foeretag\/partners-och-allianser\/aruba\/\" \/>\n<meta property=\"og:locale\" content=\"sv_SE\" \/>\n<meta property=\"og:type\" content=\"article\" \/>\n<meta property=\"og:title\" content=\"Aruba &#187; Eltako\" \/>\n<meta property=\"og:description\" content=\"Aruba \u00e4r nu en del av EnOcean Alliance! Det kaliforniska f\u00f6retaget \u00e4r pionj\u00e4rer inom IoT-tj\u00e4nster och tillf\u00f6r inte bara ett stort kundn\u00e4tverk utan ocks\u00e5 oslagbar teknologi till alliansen. Tillsammans med EnOceans tr\u00e5dl\u00f6sa &#8221;Energy Harvesting&#8221; l\u00f6sningar erbjuds kunden ett system som inte bara g\u00f6r hemmet smartare idag, utan ocks\u00e5 s\u00e4kerst\u00e4ller att det f\u00f6rblir anpassningsbart och kan [&hellip;]\" \/>\n<meta property=\"og:url\" content=\"https:\/\/www.eltako.com\/sv\/foeretag\/partners-och-allianser\/aruba\/\" \/>\n<meta property=\"og:site_name\" content=\"Eltako\" \/>\n<meta property=\"article:modified_time\" content=\"2022-04-13T13:12:11+00:00\" \/>\n<meta property=\"og:image\" content=\"https:\/\/betax923lb8kd7v0.eltako.de\/wp-content\/uploads\/2022\/02\/thumbnail-1024x1009.jpg\" \/>\n<meta name=\"twitter:card\" content=\"summary_large_image\" \/>\n<meta name=\"twitter:label1\" content=\"Ber\u00e4knad l\u00e4stid\" \/>\n\t<meta name=\"twitter:data1\" content=\"1 minut\" \/>\n<script type=\"application\/ld+json\" class=\"yoast-schema-graph\">{\"@context\":\"https:\/\/schema.org\",\"@graph\":[{\"@type\":\"WebPage\",\"@id\":\"https:\/\/www.eltako.com\/sv\/foeretag\/partners-och-allianser\/aruba\/\",\"url\":\"https:\/\/www.eltako.com\/sv\/foeretag\/partners-och-allianser\/aruba\/\",\"name\":\"Aruba &#187; Eltako\",\"isPartOf\":{\"@id\":\"https:\/\/www.eltako.com\/en\/#website\"},\"primaryImageOfPage\":{\"@id\":\"https:\/\/www.eltako.com\/sv\/foeretag\/partners-och-allianser\/aruba\/#primaryimage\"},\"image\":{\"@id\":\"https:\/\/www.eltako.com\/sv\/foeretag\/partners-och-allianser\/aruba\/#primaryimage\"},\"thumbnailUrl\":\"https:\/\/betax923lb8kd7v0.eltako.de\/wp-content\/uploads\/2022\/02\/thumbnail-1024x1009.jpg\",\"datePublished\":\"2022-01-26T21:00:48+00:00\",\"dateModified\":\"2022-04-13T13:12:11+00:00\",\"breadcrumb\":{\"@id\":\"https:\/\/www.eltako.com\/sv\/foeretag\/partners-och-allianser\/aruba\/#breadcrumb\"},\"inLanguage\":\"sv-SE\",\"potentialAction\":[{\"@type\":\"ReadAction\",\"target\":[\"https:\/\/www.eltako.com\/sv\/foeretag\/partners-och-allianser\/aruba\/\"]}]},{\"@type\":\"ImageObject\",\"inLanguage\":\"sv-SE\",\"@id\":\"https:\/\/www.eltako.com\/sv\/foeretag\/partners-och-allianser\/aruba\/#primaryimage\",\"url\":\"https:\/\/betax923lb8kd7v0.eltako.de\/wp-content\/uploads\/2022\/02\/thumbnail-1024x1009.jpg\",\"contentUrl\":\"https:\/\/betax923lb8kd7v0.eltako.de\/wp-content\/uploads\/2022\/02\/thumbnail-1024x1009.jpg\"},{\"@type\":\"BreadcrumbList\",\"@id\":\"https:\/\/www.eltako.com\/sv\/foeretag\/partners-och-allianser\/aruba\/#breadcrumb\",\"itemListElement\":[{\"@type\":\"ListItem\",\"position\":1,\"name\":\"Hemsida\",\"item\":\"https:\/\/www.eltako.com\/sv\/\"},{\"@type\":\"ListItem\",\"position\":2,\"name\":\"F\u00f6retag\",\"item\":\"https:\/\/www.eltako.com\/sv\/foeretag\/\"},{\"@type\":\"ListItem\",\"position\":3,\"name\":\"Partners och allianser\",\"item\":\"https:\/\/www.eltako.com\/sv\/foeretag\/partners-och-allianser\/\"},{\"@type\":\"ListItem\",\"position\":4,\"name\":\"Aruba\"}]},{\"@type\":\"WebSite\",\"@id\":\"https:\/\/www.eltako.com\/en\/#website\",\"url\":\"https:\/\/www.eltako.com\/en\/\",\"name\":\"Eltako\",\"description\":\"Schaltger\u00e4te, Netzteile, Stromz\u00e4hler, Dimmer, Geb\u00e4udeinstallation, Steuerungstechnik, Smart Home-L\u00f6sungen, Geb\u00e4udefunk, EnOcean-Technologie\",\"potentialAction\":[{\"@type\":\"SearchAction\",\"target\":{\"@type\":\"EntryPoint\",\"urlTemplate\":\"https:\/\/www.eltako.com\/en\/?s={search_term_string}\"},\"query-input\":{\"@type\":\"PropertyValueSpecification\",\"valueRequired\":true,\"valueName\":\"search_term_string\"}}],\"inLanguage\":\"sv-SE\"}]}<\/script>\n<!-- \/ Yoast SEO plugin. -->","yoast_head_json":{"title":"Aruba &#187; Eltako","robots":{"index":"index","follow":"follow","max-snippet":"max-snippet:-1","max-image-preview":"max-image-preview:large","max-video-preview":"max-video-preview:-1"},"canonical":"https:\/\/www.eltako.com\/sv\/foeretag\/partners-och-allianser\/aruba\/","og_locale":"sv_SE","og_type":"article","og_title":"Aruba &#187; Eltako","og_description":"Aruba \u00e4r nu en del av EnOcean Alliance! Det kaliforniska f\u00f6retaget \u00e4r pionj\u00e4rer inom IoT-tj\u00e4nster och tillf\u00f6r inte bara ett stort kundn\u00e4tverk utan ocks\u00e5 oslagbar teknologi till alliansen. Tillsammans med EnOceans tr\u00e5dl\u00f6sa &#8221;Energy Harvesting&#8221; l\u00f6sningar erbjuds kunden ett system som inte bara g\u00f6r hemmet smartare idag, utan ocks\u00e5 s\u00e4kerst\u00e4ller att det f\u00f6rblir anpassningsbart och kan [&hellip;]","og_url":"https:\/\/www.eltako.com\/sv\/foeretag\/partners-och-allianser\/aruba\/","og_site_name":"Eltako","article_modified_time":"2022-04-13T13:12:11+00:00","og_image":[{"url":"https:\/\/betax923lb8kd7v0.eltako.de\/wp-content\/uploads\/2022\/02\/thumbnail-1024x1009.jpg","type":"","width":"","height":""}],"twitter_card":"summary_large_image","twitter_misc":{"Ber\u00e4knad l\u00e4stid":"1 minut"},"schema":{"@context":"https:\/\/schema.org","@graph":[{"@type":"WebPage","@id":"https:\/\/www.eltako.com\/sv\/foeretag\/partners-och-allianser\/aruba\/","url":"https:\/\/www.eltako.com\/sv\/foeretag\/partners-och-allianser\/aruba\/","name":"Aruba &#187; Eltako","isPartOf":{"@id":"https:\/\/www.eltako.com\/en\/#website"},"primaryImageOfPage":{"@id":"https:\/\/www.eltako.com\/sv\/foeretag\/partners-och-allianser\/aruba\/#primaryimage"},"image":{"@id":"https:\/\/www.eltako.com\/sv\/foeretag\/partners-och-allianser\/aruba\/#primaryimage"},"thumbnailUrl":"https:\/\/betax923lb8kd7v0.eltako.de\/wp-content\/uploads\/2022\/02\/thumbnail-1024x1009.jpg","datePublished":"2022-01-26T21:00:48+00:00","dateModified":"2022-04-13T13:12:11+00:00","breadcrumb":{"@id":"https:\/\/www.eltako.com\/sv\/foeretag\/partners-och-allianser\/aruba\/#breadcrumb"},"inLanguage":"sv-SE","potentialAction":[{"@type":"ReadAction","target":["https:\/\/www.eltako.com\/sv\/foeretag\/partners-och-allianser\/aruba\/"]}]},{"@type":"ImageObject","inLanguage":"sv-SE","@id":"https:\/\/www.eltako.com\/sv\/foeretag\/partners-och-allianser\/aruba\/#primaryimage","url":"https:\/\/betax923lb8kd7v0.eltako.de\/wp-content\/uploads\/2022\/02\/thumbnail-1024x1009.jpg","contentUrl":"https:\/\/betax923lb8kd7v0.eltako.de\/wp-content\/uploads\/2022\/02\/thumbnail-1024x1009.jpg"},{"@type":"BreadcrumbList","@id":"https:\/\/www.eltako.com\/sv\/foeretag\/partners-och-allianser\/aruba\/#breadcrumb","itemListElement":[{"@type":"ListItem","position":1,"name":"Hemsida","item":"https:\/\/www.eltako.com\/sv\/"},{"@type":"ListItem","position":2,"name":"F\u00f6retag","item":"https:\/\/www.eltako.com\/sv\/foeretag\/"},{"@type":"ListItem","position":3,"name":"Partners och allianser","item":"https:\/\/www.eltako.com\/sv\/foeretag\/partners-och-allianser\/"},{"@type":"ListItem","position":4,"name":"Aruba"}]},{"@type":"WebSite","@id":"https:\/\/www.eltako.com\/en\/#website","url":"https:\/\/www.eltako.com\/en\/","name":"Eltako","description":"Schaltger\u00e4te, Netzteile, Stromz\u00e4hler, Dimmer, Geb\u00e4udeinstallation, Steuerungstechnik, Smart Home-L\u00f6sungen, Geb\u00e4udefunk, EnOcean-Technologie","potentialAction":[{"@type":"SearchAction","target":{"@type":"EntryPoint","urlTemplate":"https:\/\/www.eltako.com\/en\/?s={search_term_string}"},"query-input":{"@type":"PropertyValueSpecification","valueRequired":true,"valueName":"search_term_string"}}],"inLanguage":"sv-SE"}]}},"_links":{"self":[{"href":"https:\/\/www.eltako.com\/sv\/wp-json\/wp\/v2\/pages\/31825","targetHints":{"allow":["GET"]}}],"collection":[{"href":"https:\/\/www.eltako.com\/sv\/wp-json\/wp\/v2\/pages"}],"about":[{"href":"https:\/\/www.eltako.com\/sv\/wp-json\/wp\/v2\/types\/page"}],"author":[{"embeddable":true,"href":"https:\/\/www.eltako.com\/sv\/wp-json\/wp\/v2\/users\/31"}],"replies":[{"embeddable":true,"href":"https:\/\/www.eltako.com\/sv\/wp-json\/wp\/v2\/comments?post=31825"}],"version-history":[{"count":0,"href":"https:\/\/www.eltako.com\/sv\/wp-json\/wp\/v2\/pages\/31825\/revisions"}],"up":[{"embeddable":true,"href":"https:\/\/www.eltako.com\/sv\/wp-json\/wp\/v2\/pages\/62742"}],"wp:attachment":[{"href":"https:\/\/www.eltako.com\/sv\/wp-json\/wp\/v2\/media?parent=31825"}],"curies":[{"name":"wp","href":"https:\/\/api.w.org\/{rel}","templated":true}]}}