{"id":127136,"date":"2023-02-09T09:14:28","date_gmt":"2023-02-09T08:14:28","guid":{"rendered":"https:\/\/www.eltako.com\/integritetspolicy-foer-sociala-medier\/"},"modified":"2023-02-09T09:21:08","modified_gmt":"2023-02-09T08:21:08","slug":"integritetspolicy-foer-sociala-medier","status":"publish","type":"page","link":"https:\/\/www.eltako.com\/sv\/integritetspolicy-foer-sociala-medier\/","title":{"rendered":"Integritetspolicy f\u00f6r sociala medier"},"content":{"rendered":"\n<h2 class=\"wp-block-heading\"><strong>Leverant\u00f6r, dataskyddsinformation, juridiska meddelanden och n\u00e4tetikett f\u00f6r de sociala medieplattformar erbjuds och drivs av oss.<\/strong><\/h2>\n\n<div style=\"height:30px\" aria-hidden=\"true\" class=\"wp-block-spacer\"><\/div>\n\n<h3 class=\"wp-block-heading\"><strong>Leverant\u00f6r<\/strong><\/h3>\n\n<p>ELTAKO GmbH.<br\/>Hofener street 54 <br\/>70736 Fellbach<br\/>Tel.: +49 (0)711 94350000<br\/>E-mail: info@eltako.de<br\/><br\/>Registreringskontor : Stuttgart<br\/>Organisationsnummer: HRB261445<br\/>Verkst\u00e4llande direkt\u00f6r: Ulrich Horst Ziegler, Ulrich Ziegler<br\/>Momsregistreringsnummer: DE147330893<\/p>\n\n<div style=\"height:30px\" aria-hidden=\"true\" class=\"wp-block-spacer\"><\/div>\n\n<h3 class=\"wp-block-heading\"><strong>Sekretessinformation f\u00f6r anv\u00e4ndning av v\u00e5ra sociala mediekanaler<\/strong><\/h3>\n\n<p>V\u00e5ra sociala mediekanaler drivs av oss sj\u00e4lva (leverant\u00f6r).<\/p>\n\n<p><strong>Dataskyddsansvarig<\/strong><strong><br\/><\/strong>Dataskydd<br\/>Stefan Knecht<br\/>Tel: +49 (0)7021 487628<br\/><a href=\"mailto:datenschutz@eltako.de\">datenschutz@eltako.de<\/a><\/p>\n\n<p><strong>Allm\u00e4nt<\/strong><\/p>\n\n<p>F\u00f6r att n\u00e5 intresserade s\u00f6kande eller potentiella kunder och f\u00f6r att tillhandah\u00e5lla aktuellt inneh\u00e5ll och information om oss, erbjuder vi detta p\u00e5 tredjepartsplattformar, utanf\u00f6r den webbplats vi sj\u00e4lva driver.<\/p>\n\n<p>G\u00e4llande r\u00e4ttspraxis talar f\u00f6r att vi i det h\u00e4r fallet \u00e4r delvis ansvariga f\u00f6r den behandling av dina personuppgifter som sker d\u00e4r. Av denna anledning informerar vi dig om denna bearbetning p\u00e5 de plattformar som vi \u00e4r n\u00e4rvarande p\u00e5 och s\u00e5 l\u00e5ngt vi har kunskap om den. Eltako GmbH har inget inflytande p\u00e5 den bearbetning som sker genom plattformarna. V\u00e5r tillg\u00e5ng till personuppgifter \u00e4r begr\u00e4nsad till det som du sj\u00e4lv offentligg\u00f6r via plattformen. Vi kan komma att behandla dem f\u00f6r andra \u00e4ndam\u00e5l. Se v\u00e5r ytterligare dataskyddsinformation, s\u00e4rskilt f\u00f6r intresserade parter och s\u00f6kande.<\/p>\n\n<p><strong>Vilka kategorier av personuppgifter behandlas och f\u00f6r vilka \u00e4ndam\u00e5l <\/strong><\/p>\n\n<p>S\u00e5 fort du bes\u00f6ker en av v\u00e5ra webbplatser p\u00e5 en plattform s\u00e4tter plattformsoperat\u00f6ren vanligtvis cookies. Cookies \u00e4r datapaket med information som samlas in av din webbl\u00e4sare och lagras p\u00e5 din dator under en best\u00e4md tidsperiod. Det \u00e4r viktigt f\u00f6r oss att du vet att operat\u00f6rerna av tredjepartsplattformar anv\u00e4nder cookies f\u00f6r att samla in personuppgifter fr\u00e5n anv\u00e4ndare i syfte att utv\u00e4rdera anv\u00e4ndarbeteende. Detta kan vara f\u00f6r statistiska \u00e4ndam\u00e5l och eventuellt profilering. I synnerhet sker denna behandling om du \u00e4r registrerad p\u00e5 dessa tredjepartsplattformar. Mer specifik information om syftena finns i plattformarnas respektive integritetsinformation.<\/p>\n\n<p>Eltako GmbH f\u00e5r utv\u00e4rderingar av anv\u00e4ndningen av v\u00e5r webbplats i aggregerad eller pseudonym form fr\u00e5n operat\u00f6rerna av tredje parts plattformar. Endast helt anonymiserade data omfattas inte av GDPR, eftersom en omidentifiering av din person inte \u00e4r m\u00f6jlig med tanke p\u00e5 anstr\u00e4ngningen och juridiskt tillst\u00e5nd. Vi anv\u00e4nder dessa statistiska uppgifter f\u00f6r att b\u00e4ttre skr\u00e4ddarsy v\u00e5ra erbjudanden och n\u00e5 ut till v\u00e5ra bes\u00f6kare och potentiella kunder.<br\/>S\u00e5dan behandling av pseudonyma eller aggregerade uppgifter \u00e4r det minst intr\u00e4ngande s\u00e4ttet som \u00e5sidos\u00e4tter dina intressen eller grundl\u00e4ggande r\u00e4ttigheter och friheter som kr\u00e4ver skydd av personuppgifter. Den r\u00e4ttsliga grunden f\u00f6r denna behandling \u00e4r artikel punkt 6 1 lit. f GDPR.<\/p>\n\n<p>Plattformsoperat\u00f6rerna f\u00f6rser oss med f\u00f6ljande kategorier av data i syfte att utv\u00e4rdera n\u00e4rvarons aktiviteter, f\u00f6rutsatt att du har gjort motsvarande uppgifter eller att operat\u00f6ren samlar in dem:<\/p>\n\n<ul class=\"wp-block-list\"><li>\u00c5ldersgrupp<\/li><li>K\u00f6n<\/li><li>Bostadsort (stad och land)<\/li><li>Enheter<\/li><li>Spr\u00e5k<\/li><li>Demografisk data (verksamhetsomr\u00e5de, f\u00f6retagsstorlek, bransch, plats, karri\u00e4rniv\u00e5)<\/li><li>mobil eller station\u00e4r sidvy (YouTube har dessutom individuella enhetstyper)<\/li><li>Interaktioner i samband med inl\u00e4gg (t.ex. reaktioner, kommentarer, delningar, klick, visningar, videoanv\u00e4ndningstid).<\/li><li>Anv\u00e4ndningstid <\/li><\/ul>\n\n<p>Som redan n\u00e4mnts har vi ingen exakt kunskap om vilken data plattformsoperat\u00f6rerna samlar in fr\u00e5n dig och f\u00f6r vilka \u00e4ndam\u00e5l. V\u00e4nligen f\u00f6rst\u00e5 att vi endast kan tillhandah\u00e5lla information inom ramen f\u00f6r de personuppgifter vi behandlar.<\/p>\n\n<p><strong>Lagringsperiod och skyldighet att f\u00f6rse oss med personuppgifter<\/strong><\/p>\n\n<p>Dina personuppgifter kan komma att lagras i v\u00e5ra system om och s\u00e5 l\u00e4nge det kr\u00e4vs f\u00f6r insamlings\u00e4ndam\u00e5l eller om det finns juridiska lagringsf\u00f6rpliktelser.<\/p>\n\n<p>Du \u00e4r inte avtalsenligt eller juridiskt skyldig att f\u00f6rse oss med dina personuppgifter.<\/p>\n\n<p><strong>Dataexport till ett os\u00e4kert tredjepartsland<\/strong><\/p>\n\n<p>Det \u00e4r viktigt f\u00f6r oss att du vet att plattformsoperat\u00f6rerna i m\u00e5nga fall \u00e4r amerikanska f\u00f6retag. Dina personuppgifter kan d\u00e4rf\u00f6r komma att behandlas utanf\u00f6r EES i ett os\u00e4kert tredjeland (inget EU-beslut om tillr\u00e4cklighet). Det \u00e4r de exporterande plattformsoperat\u00f6rernas ansvar att tillhandah\u00e5lla l\u00e4mpliga skydds\u00e5tg\u00e4rder f\u00f6r dina dataskyddsr\u00e4ttigheter och friheter. Detta kan leda till viss f\u00f6rlust av kontroll f\u00f6r dig. Till exempel kan amerikanska underr\u00e4ttelsetj\u00e4nster se dina uppgifter eller s\u00e5 kanske du inte har n\u00e5gra eller sv\u00e5rare r\u00e4ttigheter eller r\u00e4ttsmedel med avseende p\u00e5 dina personuppgifter.<\/p>\n\n<p><strong>Plattformsoperat\u00f6r<\/strong><strong><br\/><\/strong>Information om plattformarnas databehandling finns i respektive integritetspolicy. V\u00e4nligen observera \u00e4ven anv\u00e4ndarvillkoren f\u00f6r plattformsoperat\u00f6rerna med avseende p\u00e5 dina personuppgifter.<strong><\/strong><\/p>\n\n<p><strong>LinkedIn<br\/>LinkedIn Ireland Unlimited Company<br\/><\/strong>Wilton Place, Dublin 2, Irland<br\/><a href=\"https:\/\/www.linkedin.com\/legal\/privacy-policy?trk=d_org_guest_company_overview_footer-privacy-policy\">Sekretess p\u00e5 LinkedIn<\/a><br\/><a href=\"https:\/\/legal.linkedin.com\/pages-joint-controller-addendum\">Gemensamt handl\u00e4ggningsavtal<\/a><strong><\/strong><\/p>\n\n<p><strong>Twitter Internationellt f\u00f6retag<\/strong><br\/>One Cumberland Place<br\/>Fenian Street<br\/>Dublin 2<br\/>D02 AX07<br\/>Ireland<br\/><a href=\"https:\/\/twitter.com\/de\/privacy\">Sekretess p\u00e5 Twitter<\/a><\/p>\n\n<p><strong>XING<br\/><\/strong>New Work SE<br\/>At the beach quay 1<br\/>20457 Hamburg<br\/>Tyskland<br\/><a href=\"https:\/\/privacy.xing.com\/\">Data sekretess hos XING<\/a><strong><\/strong><\/p>\n\n<p><strong>YouTube<\/strong><br\/>YouTube LLC<br\/>901 Cherry Ave.<br\/>San Bruno, CA 94066, USA<br\/><a href=\"https:\/\/policies.google.com\/privacy\">Sekretess hos YouTube<\/a><\/p>\n\n<p><strong>Meta Plattformar Ireland Limited<\/strong><br\/>4 Grand Canal Square<br\/>Dublin 2, Ireland<br\/><a href=\"https:\/\/www.facebook.com\/privacy\/policy\/?entry_point=data_policy_redirect&amp;entry=0\">Sekretess hos Facebook<\/a><br\/><a href=\"https:\/\/privacycenter.instagram.com\/policy\">Instagram sekretess<\/a><\/p>\n\n<p><strong>Dina dataskyddsr\u00e4ttigheter<\/strong><\/p>\n\n<p>Du har r\u00e4tt till information enligt art. 15 GDPR, r\u00e4tten till r\u00e4ttelse enligt art. 16 GDPR, r\u00e4tten till radering enligt art. 17 GDPR, r\u00e4tten till begr\u00e4nsning av behandling enligt art. 18 GDPR och r\u00e4tten till dataportabilitet enligt art. 20 GDPR. I princip ger artikel 21 DSGVO r\u00e4tten att inv\u00e4nda mot behandlingen av personuppgifter av oss, f\u00f6rutsatt att behandlingen grundar sig p\u00e5 ett ber\u00e4ttigat intresse (art. 6 punkt 1 f DSGVO). Denna r\u00e4tt att inv\u00e4nda g\u00e4ller dock endast under mycket speciella omst\u00e4ndigheter i din personliga situation, varvid r\u00e4ttigheter f\u00f6r v\u00e5rt f\u00f6retag kan komma i konflikt med din r\u00e4tt att inv\u00e4nda. Du kan ocks\u00e5 n\u00e4r som helst inv\u00e4nda mot behandlingen av dina personuppgifter f\u00f6r direktmarknadsf\u00f6ring eller profilering.<\/p>\n\n<p>F\u00f6r att ut\u00f6va dessa r\u00e4ttigheter med avseende p\u00e5 plattformarnas databehandling, v\u00e4nligen kontakta de aviserade kontaktalternativen direkt om m\u00f6jligt. <br\/>I andra fall, eller p\u00e5 annat s\u00e4tt n\u00e4r det beh\u00f6vs, v\u00e4nligen maila oss p\u00e5 <a href=\"mailto:datenschutz@eltako.de\">datenschutz@eltako.de<\/a><\/p>\n\n<p>Du har r\u00e4tt att \u00f6verklaga till dataskyddsmyndigheten (Art. 77 DSGVO). Den tillsynsmyndighet som ansvarar f\u00f6r oss \u00e4r: <br\/>Statens kommission f\u00f6r dataskydd och informationsfrihet<br\/>Lautenschlagerstrasse 20<br\/>70173 Stuttgart<\/p>\n\n<div style=\"height:30px\" aria-hidden=\"true\" class=\"wp-block-spacer\"><\/div>\n\n<h3 class=\"wp-block-heading\"><strong>R\u00e4ttsligt meddelande<\/strong><\/h3>\n\n<p><strong>Copyright <\/strong><\/p>\n\n<p>Inneh\u00e5llet\/verken som skapats av oss eller av tredje part p\u00e5 uppdrag av oss omfattas av tysk upphovsr\u00e4ttslagstiftning. All form av utnyttjande utanf\u00f6r upphovsr\u00e4ttslagens gr\u00e4nser kr\u00e4ver skriftligt medgivande fr\u00e5n f\u00f6rfattaren eller skaparen. Nedladdningar och kopior \u00e4r endast till\u00e5tna f\u00f6r privat, icke-kommersiellt bruk. Tredjepartsinneh\u00e5ll identifieras som s\u00e5dant. Om du blir medveten om n\u00e5got upphovsr\u00e4ttsintr\u00e5ng ber vi dig att informera oss. Vi kommer omedelbart att ta bort allt inneh\u00e5ll som utg\u00f6r ett brott mot lagen.<\/p>\n\n<p><strong>Licensr\u00e4ttigheter<\/strong><\/p>\n\n<p>Vi m\u00e5ste skydda v\u00e5r immateriella egendom (patent, varum\u00e4rken och upphovsr\u00e4tter) och beviljar inga licensr\u00e4ttigheter vid denna tidpunkt.<\/p>\n\n<p><strong>Ansvar <\/strong><\/p>\n\n<p>Om till\u00e4mpligt hittar du \u00e4ven l\u00e4nkar till andra webbplatser p\u00e5 &#8221;Wild-Wild-Web&#8221; eller Internet p\u00e5 v\u00e5ra sociala medier. Vi har inget inflytande p\u00e5 deras design och inneh\u00e5ll. D\u00e4rf\u00f6r kan vi inte garantera aktualitet, noggrannhet, fullst\u00e4ndighet eller kvalitet och ta avst\u00e5nd fr\u00e5n oss sj\u00e4lva.<br\/><br\/><strong>Handlingar<\/strong><\/p>\n\n<p>Anv\u00e4ndarvillkor (t.ex. allm\u00e4nna avtalsvillkor, anv\u00e4ndarvillkor eller tj\u00e4nstevillkor) f\u00f6r v\u00e5ra andra digitala erbjudanden har f\u00f6retr\u00e4de framf\u00f6r detta juridiska meddelande.<\/p>\n\n<div style=\"height:30px\" aria-hidden=\"true\" class=\"wp-block-spacer\"><\/div>\n\n<h3 class=\"wp-block-heading\"><strong>N\u00e4tetikett<\/strong><\/h3>\n\n<p>Vi ber om en v\u00e4nlig och respektfull ton. Alla har r\u00e4tt till en fri \u00e5sikt \u2013 inom de gr\u00e4nser som lagen till\u00e5ter.<\/p>\n\n<p>Hos oss \u00f6nskas inte:<\/p>\n\n<ul class=\"wp-block-list\"><li>F\u00f6rol\u00e4mpningar, hot s\u00e5v\u00e4l som f\u00f6rtal<\/li><li>Uppmanningar till v\u00e5ld<\/li><li>Radikala tankar, rasism, hatpropaganda<\/li><li>Pornografi och obsceniteter<\/li><li>Tredje parts intr\u00e5ng<\/li><li>Uppmaningar om donationer eller uppmaningar till kampanjer\/insamlingar<\/li><li>Valannonsering eller partiannonsering<\/li><li>Kommentarer eller l\u00e4nkar utan h\u00e4nvisning till respektive inl\u00e4gg<\/li><li>Missbruk i reklamsyfte<\/li><li>Publikationer fr\u00e5n forum\/blogginl\u00e4gg, privat korrespondens eller privata uppgifter (t.ex. adress, e-postadress eller telefonnummer)<\/li><\/ul>\n\n<p>Vi f\u00f6rbeh\u00e5ller oss r\u00e4tten att ta bort kommentarer och blockera &#8221;\u00e5terfallsf\u00f6rbrytare&#8221; vid behov. Varje anv\u00e4ndare \u00e4r ansvarig f\u00f6r de bidrag som publiceras av honom sj\u00e4lv. Vi tar inget ansvar f\u00f6r detta.<br\/>Kom alltid ih\u00e5g att Internet inte gl\u00f6mmer n\u00e5gonting och du \u00e4r troligen inte anonym.<br\/>Vi hoppas att du gillar v\u00e5ra sociala medier!<br\/><br\/>Statuerat: November 2022<\/p>\n","protected":false},"excerpt":{"rendered":"<p>Leverant\u00f6r, dataskyddsinformation, juridiska meddelanden och n\u00e4tetikett f\u00f6r de sociala medieplattformar erbjuds och drivs av oss. Leverant\u00f6r ELTAKO GmbH.Hofener street 54 70736 FellbachTel.: +49 (0)711 94350000E-mail: info@eltako.de Registreringskontor : StuttgartOrganisationsnummer: HRB261445Verkst\u00e4llande direkt\u00f6r: Ulrich Horst Ziegler, Ulrich ZieglerMomsregistreringsnummer: DE147330893 Sekretessinformation f\u00f6r anv\u00e4ndning av v\u00e5ra sociala mediekanaler V\u00e5ra sociala mediekanaler drivs av oss sj\u00e4lva (leverant\u00f6r). DataskyddsansvarigDataskyddStefan KnechtTel: +49 [&hellip;]<\/p>\n","protected":false},"author":39,"featured_media":0,"parent":0,"menu_order":0,"comment_status":"closed","ping_status":"closed","template":"","meta":{"_acf_changed":false,"footnotes":"","_links_to":"","_links_to_target":""},"class_list":["post-127136","page","type-page","status-publish","hentry"],"acf":[],"yoast_head":"<!-- This site is optimized with the Yoast SEO plugin v27.2 - https:\/\/yoast.com\/product\/yoast-seo-wordpress\/ -->\n<title>Integritetspolicy f\u00f6r sociala medier &#187; Eltako<\/title>\n<meta name=\"robots\" content=\"index, follow, max-snippet:-1, max-image-preview:large, max-video-preview:-1\" \/>\n<link rel=\"canonical\" href=\"https:\/\/www.eltako.com\/sv\/integritetspolicy-foer-sociala-medier\/\" \/>\n<meta property=\"og:locale\" content=\"sv_SE\" \/>\n<meta property=\"og:type\" content=\"article\" \/>\n<meta property=\"og:title\" content=\"Integritetspolicy f\u00f6r sociala medier &#187; Eltako\" \/>\n<meta property=\"og:description\" content=\"Leverant\u00f6r, dataskyddsinformation, juridiska meddelanden och n\u00e4tetikett f\u00f6r de sociala medieplattformar erbjuds och drivs av oss. Leverant\u00f6r ELTAKO GmbH.Hofener street 54 70736 FellbachTel.: +49 (0)711 94350000E-mail: info@eltako.de Registreringskontor : StuttgartOrganisationsnummer: HRB261445Verkst\u00e4llande direkt\u00f6r: Ulrich Horst Ziegler, Ulrich ZieglerMomsregistreringsnummer: DE147330893 Sekretessinformation f\u00f6r anv\u00e4ndning av v\u00e5ra sociala mediekanaler V\u00e5ra sociala mediekanaler drivs av oss sj\u00e4lva (leverant\u00f6r). DataskyddsansvarigDataskyddStefan KnechtTel: +49 [&hellip;]\" \/>\n<meta property=\"og:url\" content=\"https:\/\/www.eltako.com\/sv\/integritetspolicy-foer-sociala-medier\/\" \/>\n<meta property=\"og:site_name\" content=\"Eltako\" \/>\n<meta property=\"article:modified_time\" content=\"2023-02-09T08:21:08+00:00\" \/>\n<meta name=\"twitter:card\" content=\"summary_large_image\" \/>\n<meta name=\"twitter:label1\" content=\"Ber\u00e4knad l\u00e4stid\" \/>\n\t<meta name=\"twitter:data1\" content=\"7 minuter\" \/>\n<script type=\"application\/ld+json\" class=\"yoast-schema-graph\">{\"@context\":\"https:\/\/schema.org\",\"@graph\":[{\"@type\":\"WebPage\",\"@id\":\"https:\/\/www.eltako.com\/sv\/integritetspolicy-foer-sociala-medier\/\",\"url\":\"https:\/\/www.eltako.com\/sv\/integritetspolicy-foer-sociala-medier\/\",\"name\":\"Integritetspolicy f\u00f6r sociala medier &#187; Eltako\",\"isPartOf\":{\"@id\":\"https:\/\/www.eltako.com\/en\/#website\"},\"datePublished\":\"2023-02-09T08:14:28+00:00\",\"dateModified\":\"2023-02-09T08:21:08+00:00\",\"breadcrumb\":{\"@id\":\"https:\/\/www.eltako.com\/sv\/integritetspolicy-foer-sociala-medier\/#breadcrumb\"},\"inLanguage\":\"sv-SE\",\"potentialAction\":[{\"@type\":\"ReadAction\",\"target\":[\"https:\/\/www.eltako.com\/sv\/integritetspolicy-foer-sociala-medier\/\"]}]},{\"@type\":\"BreadcrumbList\",\"@id\":\"https:\/\/www.eltako.com\/sv\/integritetspolicy-foer-sociala-medier\/#breadcrumb\",\"itemListElement\":[{\"@type\":\"ListItem\",\"position\":1,\"name\":\"Hemsida\",\"item\":\"https:\/\/www.eltako.com\/sv\/\"},{\"@type\":\"ListItem\",\"position\":2,\"name\":\"Integritetspolicy f\u00f6r sociala medier\"}]},{\"@type\":\"WebSite\",\"@id\":\"https:\/\/www.eltako.com\/en\/#website\",\"url\":\"https:\/\/www.eltako.com\/en\/\",\"name\":\"Eltako\",\"description\":\"Schaltger\u00e4te, Netzteile, Stromz\u00e4hler, Dimmer, Geb\u00e4udeinstallation, Steuerungstechnik, Smart Home-L\u00f6sungen, Geb\u00e4udefunk, EnOcean-Technologie\",\"potentialAction\":[{\"@type\":\"SearchAction\",\"target\":{\"@type\":\"EntryPoint\",\"urlTemplate\":\"https:\/\/www.eltako.com\/en\/?s={search_term_string}\"},\"query-input\":{\"@type\":\"PropertyValueSpecification\",\"valueRequired\":true,\"valueName\":\"search_term_string\"}}],\"inLanguage\":\"sv-SE\"}]}<\/script>\n<!-- \/ Yoast SEO plugin. -->","yoast_head_json":{"title":"Integritetspolicy f\u00f6r sociala medier &#187; Eltako","robots":{"index":"index","follow":"follow","max-snippet":"max-snippet:-1","max-image-preview":"max-image-preview:large","max-video-preview":"max-video-preview:-1"},"canonical":"https:\/\/www.eltako.com\/sv\/integritetspolicy-foer-sociala-medier\/","og_locale":"sv_SE","og_type":"article","og_title":"Integritetspolicy f\u00f6r sociala medier &#187; Eltako","og_description":"Leverant\u00f6r, dataskyddsinformation, juridiska meddelanden och n\u00e4tetikett f\u00f6r de sociala medieplattformar erbjuds och drivs av oss. Leverant\u00f6r ELTAKO GmbH.Hofener street 54 70736 FellbachTel.: +49 (0)711 94350000E-mail: info@eltako.de Registreringskontor : StuttgartOrganisationsnummer: HRB261445Verkst\u00e4llande direkt\u00f6r: Ulrich Horst Ziegler, Ulrich ZieglerMomsregistreringsnummer: DE147330893 Sekretessinformation f\u00f6r anv\u00e4ndning av v\u00e5ra sociala mediekanaler V\u00e5ra sociala mediekanaler drivs av oss sj\u00e4lva (leverant\u00f6r). DataskyddsansvarigDataskyddStefan KnechtTel: +49 [&hellip;]","og_url":"https:\/\/www.eltako.com\/sv\/integritetspolicy-foer-sociala-medier\/","og_site_name":"Eltako","article_modified_time":"2023-02-09T08:21:08+00:00","twitter_card":"summary_large_image","twitter_misc":{"Ber\u00e4knad l\u00e4stid":"7 minuter"},"schema":{"@context":"https:\/\/schema.org","@graph":[{"@type":"WebPage","@id":"https:\/\/www.eltako.com\/sv\/integritetspolicy-foer-sociala-medier\/","url":"https:\/\/www.eltako.com\/sv\/integritetspolicy-foer-sociala-medier\/","name":"Integritetspolicy f\u00f6r sociala medier &#187; Eltako","isPartOf":{"@id":"https:\/\/www.eltako.com\/en\/#website"},"datePublished":"2023-02-09T08:14:28+00:00","dateModified":"2023-02-09T08:21:08+00:00","breadcrumb":{"@id":"https:\/\/www.eltako.com\/sv\/integritetspolicy-foer-sociala-medier\/#breadcrumb"},"inLanguage":"sv-SE","potentialAction":[{"@type":"ReadAction","target":["https:\/\/www.eltako.com\/sv\/integritetspolicy-foer-sociala-medier\/"]}]},{"@type":"BreadcrumbList","@id":"https:\/\/www.eltako.com\/sv\/integritetspolicy-foer-sociala-medier\/#breadcrumb","itemListElement":[{"@type":"ListItem","position":1,"name":"Hemsida","item":"https:\/\/www.eltako.com\/sv\/"},{"@type":"ListItem","position":2,"name":"Integritetspolicy f\u00f6r sociala medier"}]},{"@type":"WebSite","@id":"https:\/\/www.eltako.com\/en\/#website","url":"https:\/\/www.eltako.com\/en\/","name":"Eltako","description":"Schaltger\u00e4te, Netzteile, Stromz\u00e4hler, Dimmer, Geb\u00e4udeinstallation, Steuerungstechnik, Smart Home-L\u00f6sungen, Geb\u00e4udefunk, EnOcean-Technologie","potentialAction":[{"@type":"SearchAction","target":{"@type":"EntryPoint","urlTemplate":"https:\/\/www.eltako.com\/en\/?s={search_term_string}"},"query-input":{"@type":"PropertyValueSpecification","valueRequired":true,"valueName":"search_term_string"}}],"inLanguage":"sv-SE"}]}},"_links":{"self":[{"href":"https:\/\/www.eltako.com\/sv\/wp-json\/wp\/v2\/pages\/127136","targetHints":{"allow":["GET"]}}],"collection":[{"href":"https:\/\/www.eltako.com\/sv\/wp-json\/wp\/v2\/pages"}],"about":[{"href":"https:\/\/www.eltako.com\/sv\/wp-json\/wp\/v2\/types\/page"}],"author":[{"embeddable":true,"href":"https:\/\/www.eltako.com\/sv\/wp-json\/wp\/v2\/users\/39"}],"replies":[{"embeddable":true,"href":"https:\/\/www.eltako.com\/sv\/wp-json\/wp\/v2\/comments?post=127136"}],"version-history":[{"count":3,"href":"https:\/\/www.eltako.com\/sv\/wp-json\/wp\/v2\/pages\/127136\/revisions"}],"predecessor-version":[{"id":127139,"href":"https:\/\/www.eltako.com\/sv\/wp-json\/wp\/v2\/pages\/127136\/revisions\/127139"}],"wp:attachment":[{"href":"https:\/\/www.eltako.com\/sv\/wp-json\/wp\/v2\/media?parent=127136"}],"curies":[{"name":"wp","href":"https:\/\/api.w.org\/{rel}","templated":true}]}}