{"id":146326,"date":"2025-09-04T10:46:19","date_gmt":"2025-09-04T08:46:19","guid":{"rendered":"https:\/\/www.eltako.com\/company\/partner-und-allianzen\/przyjaciele-hue\/"},"modified":"2025-09-04T10:46:20","modified_gmt":"2025-09-04T08:46:20","slug":"przyjaciele-hue","status":"publish","type":"page","link":"https:\/\/www.eltako.com\/pl\/company\/partner-und-allianzen\/przyjaciele-hue\/","title":{"rendered":"Przyjaciele Hue"},"content":{"rendered":"\n<h2 class=\"wp-block-heading\">Przyjaciele Hue<\/h2>\n\n<div style=\"height:50px\" aria-hidden=\"true\" class=\"wp-block-spacer\"><\/div>\n\n<figure class=\"wp-block-image size-large\"><img decoding=\"async\" width=\"1024\" height=\"577\" src=\"https:\/\/www.eltako.com\/wp-content\/uploads\/2021\/09\/foh-1-1024x577.jpg\" alt=\"\" class=\"wp-image-23430\" srcset=\"https:\/\/www.eltako.com\/wp-content\/uploads\/2021\/09\/foh-1-1024x577.jpg 1024w, https:\/\/www.eltako.com\/wp-content\/uploads\/2021\/09\/foh-1-300x169.jpg 300w, https:\/\/www.eltako.com\/wp-content\/uploads\/2021\/09\/foh-1-768x433.jpg 768w, https:\/\/www.eltako.com\/wp-content\/uploads\/2021\/09\/foh-1-600x338.jpg 600w, https:\/\/www.eltako.com\/wp-content\/uploads\/2021\/09\/foh-1.jpg 1500w\" sizes=\"(max-width: 1024px) 100vw, 1024px\" \/><\/figure>\n\n<div style=\"height:50px\" aria-hidden=\"true\" class=\"wp-block-spacer\"><\/div>\n\n<p class=\"has-medium-font-size\">Program Philips &#8222;Friends of Hue&#8221; oferuje klientom mo\u017cliwo\u015b\u0107 tworzenia w\u0142asnych scen \u015bwietlnych i zmiany zar\u00f3wno jasno\u015bci, jak i koloru wed\u0142ug w\u0142asnego uznania. Ich lampy nadaj\u0105 si\u0119 do ka\u017cdego pomieszczenia i do ka\u017cdego rodzaju o\u015bwietlenia. Dzi\u0119ki prostemu, ale eleganckiemu wzornictwu i niezliczonym ustawieniom kolor\u00f3w dostosowuj\u0105 si\u0119 do ka\u017cdego wn\u0119trza i nadaj\u0105 mu jeszcze wi\u0119cej osobowo\u015bci.  <\/p>\n\n<p class=\"has-medium-font-size\">Pozwalaj\u0105 one u\u017cytkownikom sterowa\u0107 nimi bezpo\u015brednio za pomoc\u0105 przycisk\u00f3w lub smartfon\u00f3w i oczywi\u015bcie mog\u0105 by\u0107 r\u00f3wnie\u017c sterowane g\u0142osowo. Nasze przyciski wyprodukowane specjalnie dla &#8222;Przyjaci\u00f3\u0142 Hue&#8221; mog\u0105 w\u0142\u0105cza\u0107 i wy\u0142\u0105cza\u0107 \u015bwiat\u0142a w klasyczny spos\u00f3b, przyciemnia\u0107 je lub wywo\u0142ywa\u0107 spersonalizowane sceny \u015bwietlne.   <\/p>\n\n<div style=\"height:80px\" aria-hidden=\"true\" class=\"wp-block-spacer\"><\/div>\n\n<h3 class=\"wp-block-heading\"><strong>NASZE KOMPATYBILNE PRODUKTY<\/strong><\/h3>\n\n<div style=\"height:30px\" aria-hidden=\"true\" class=\"wp-block-spacer\"><\/div>\n","protected":false},"excerpt":{"rendered":"<p>Przyjaciele Hue Program Philips &#8222;Friends of Hue&#8221; oferuje klientom mo\u017cliwo\u015b\u0107 tworzenia w\u0142asnych scen \u015bwietlnych i zmiany zar\u00f3wno jasno\u015bci, jak i koloru wed\u0142ug w\u0142asnego uznania. Ich lampy nadaj\u0105 si\u0119 do ka\u017cdego pomieszczenia i do ka\u017cdego rodzaju o\u015bwietlenia. Dzi\u0119ki prostemu, ale eleganckiemu wzornictwu i niezliczonym ustawieniom kolor\u00f3w dostosowuj\u0105 si\u0119 do ka\u017cdego wn\u0119trza i nadaj\u0105 mu jeszcze wi\u0119cej [&hellip;]<\/p>\n","protected":false},"author":31,"featured_media":146045,"parent":146022,"menu_order":2,"comment_status":"closed","ping_status":"closed","template":"","meta":{"_acf_changed":false,"footnotes":"","_links_to":"","_links_to_target":""},"class_list":["post-146326","page","type-page","status-publish","has-post-thumbnail","hentry"],"acf":[],"yoast_head":"<!-- This site is optimized with the Yoast SEO plugin v27.2 - https:\/\/yoast.com\/product\/yoast-seo-wordpress\/ -->\n<title>Przyjaciele Hue &#187; Eltako<\/title>\n<meta name=\"robots\" content=\"index, follow, max-snippet:-1, max-image-preview:large, max-video-preview:-1\" \/>\n<link rel=\"canonical\" href=\"https:\/\/www.eltako.com\/pl\/company\/partner-und-allianzen\/przyjaciele-hue\/\" \/>\n<meta property=\"og:locale\" content=\"pl_PL\" \/>\n<meta property=\"og:type\" content=\"article\" \/>\n<meta property=\"og:title\" content=\"Przyjaciele Hue &#187; Eltako\" \/>\n<meta property=\"og:description\" content=\"Przyjaciele Hue Program Philips &#8222;Friends of Hue&#8221; oferuje klientom mo\u017cliwo\u015b\u0107 tworzenia w\u0142asnych scen \u015bwietlnych i zmiany zar\u00f3wno jasno\u015bci, jak i koloru wed\u0142ug w\u0142asnego uznania. Ich lampy nadaj\u0105 si\u0119 do ka\u017cdego pomieszczenia i do ka\u017cdego rodzaju o\u015bwietlenia. Dzi\u0119ki prostemu, ale eleganckiemu wzornictwu i niezliczonym ustawieniom kolor\u00f3w dostosowuj\u0105 si\u0119 do ka\u017cdego wn\u0119trza i nadaj\u0105 mu jeszcze wi\u0119cej [&hellip;]\" \/>\n<meta property=\"og:url\" content=\"https:\/\/www.eltako.com\/pl\/company\/partner-und-allianzen\/przyjaciele-hue\/\" \/>\n<meta property=\"og:site_name\" content=\"Eltako\" \/>\n<meta property=\"article:modified_time\" content=\"2025-09-04T08:46:20+00:00\" \/>\n<meta property=\"og:image\" content=\"https:\/\/www.eltako.com\/wp-content\/uploads\/2021\/09\/AdobeStock_314574426.jpeg\" \/>\n\t<meta property=\"og:image:width\" content=\"1920\" \/>\n\t<meta property=\"og:image:height\" content=\"1536\" \/>\n\t<meta property=\"og:image:type\" content=\"image\/jpeg\" \/>\n<meta name=\"twitter:card\" content=\"summary_large_image\" \/>\n<meta name=\"twitter:label1\" content=\"Szacowany czas czytania\" \/>\n\t<meta name=\"twitter:data1\" content=\"1 minuta\" \/>\n<script type=\"application\/ld+json\" class=\"yoast-schema-graph\">{\"@context\":\"https:\/\/schema.org\",\"@graph\":[{\"@type\":\"WebPage\",\"@id\":\"https:\/\/www.eltako.com\/pl\/company\/partner-und-allianzen\/przyjaciele-hue\/\",\"url\":\"https:\/\/www.eltako.com\/pl\/company\/partner-und-allianzen\/przyjaciele-hue\/\",\"name\":\"Przyjaciele Hue &#187; Eltako\",\"isPartOf\":{\"@id\":\"https:\/\/www.eltako.com\/en\/#website\"},\"primaryImageOfPage\":{\"@id\":\"https:\/\/www.eltako.com\/pl\/company\/partner-und-allianzen\/przyjaciele-hue\/#primaryimage\"},\"image\":{\"@id\":\"https:\/\/www.eltako.com\/pl\/company\/partner-und-allianzen\/przyjaciele-hue\/#primaryimage\"},\"thumbnailUrl\":\"https:\/\/www.eltako.com\/wp-content\/uploads\/2021\/09\/AdobeStock_314574426.jpeg\",\"datePublished\":\"2025-09-04T08:46:19+00:00\",\"dateModified\":\"2025-09-04T08:46:20+00:00\",\"breadcrumb\":{\"@id\":\"https:\/\/www.eltako.com\/pl\/company\/partner-und-allianzen\/przyjaciele-hue\/#breadcrumb\"},\"inLanguage\":\"pl-PL\",\"potentialAction\":[{\"@type\":\"ReadAction\",\"target\":[\"https:\/\/www.eltako.com\/pl\/company\/partner-und-allianzen\/przyjaciele-hue\/\"]}]},{\"@type\":\"ImageObject\",\"inLanguage\":\"pl-PL\",\"@id\":\"https:\/\/www.eltako.com\/pl\/company\/partner-und-allianzen\/przyjaciele-hue\/#primaryimage\",\"url\":\"https:\/\/www.eltako.com\/wp-content\/uploads\/2021\/09\/AdobeStock_314574426.jpeg\",\"contentUrl\":\"https:\/\/www.eltako.com\/wp-content\/uploads\/2021\/09\/AdobeStock_314574426.jpeg\",\"width\":1920,\"height\":1536},{\"@type\":\"BreadcrumbList\",\"@id\":\"https:\/\/www.eltako.com\/pl\/company\/partner-und-allianzen\/przyjaciele-hue\/#breadcrumb\",\"itemListElement\":[{\"@type\":\"ListItem\",\"position\":1,\"name\":\"Home\",\"item\":\"https:\/\/www.eltako.com\/pl\/\"},{\"@type\":\"ListItem\",\"position\":2,\"name\":\"Przedsi\u0119biorstwo\",\"item\":\"https:\/\/www.eltako.com\/pl\/company\/\"},{\"@type\":\"ListItem\",\"position\":3,\"name\":\"Partnerzy i sojusze\",\"item\":\"https:\/\/www.eltako.com\/pl\/company\/partner-und-allianzen\/\"},{\"@type\":\"ListItem\",\"position\":4,\"name\":\"Przyjaciele Hue\"}]},{\"@type\":\"WebSite\",\"@id\":\"https:\/\/www.eltako.com\/en\/#website\",\"url\":\"https:\/\/www.eltako.com\/en\/\",\"name\":\"Eltako\",\"description\":\"Schaltger\u00e4te, Netzteile, Stromz\u00e4hler, Dimmer, Geb\u00e4udeinstallation, Steuerungstechnik, Smart Home-L\u00f6sungen, Geb\u00e4udefunk, EnOcean-Technologie\",\"potentialAction\":[{\"@type\":\"SearchAction\",\"target\":{\"@type\":\"EntryPoint\",\"urlTemplate\":\"https:\/\/www.eltako.com\/en\/?s={search_term_string}\"},\"query-input\":{\"@type\":\"PropertyValueSpecification\",\"valueRequired\":true,\"valueName\":\"search_term_string\"}}],\"inLanguage\":\"pl-PL\"}]}<\/script>\n<!-- \/ Yoast SEO plugin. -->","yoast_head_json":{"title":"Przyjaciele Hue &#187; Eltako","robots":{"index":"index","follow":"follow","max-snippet":"max-snippet:-1","max-image-preview":"max-image-preview:large","max-video-preview":"max-video-preview:-1"},"canonical":"https:\/\/www.eltako.com\/pl\/company\/partner-und-allianzen\/przyjaciele-hue\/","og_locale":"pl_PL","og_type":"article","og_title":"Przyjaciele Hue &#187; Eltako","og_description":"Przyjaciele Hue Program Philips &#8222;Friends of Hue&#8221; oferuje klientom mo\u017cliwo\u015b\u0107 tworzenia w\u0142asnych scen \u015bwietlnych i zmiany zar\u00f3wno jasno\u015bci, jak i koloru wed\u0142ug w\u0142asnego uznania. Ich lampy nadaj\u0105 si\u0119 do ka\u017cdego pomieszczenia i do ka\u017cdego rodzaju o\u015bwietlenia. Dzi\u0119ki prostemu, ale eleganckiemu wzornictwu i niezliczonym ustawieniom kolor\u00f3w dostosowuj\u0105 si\u0119 do ka\u017cdego wn\u0119trza i nadaj\u0105 mu jeszcze wi\u0119cej [&hellip;]","og_url":"https:\/\/www.eltako.com\/pl\/company\/partner-und-allianzen\/przyjaciele-hue\/","og_site_name":"Eltako","article_modified_time":"2025-09-04T08:46:20+00:00","og_image":[{"width":1920,"height":1536,"url":"https:\/\/www.eltako.com\/wp-content\/uploads\/2021\/09\/AdobeStock_314574426.jpeg","type":"image\/jpeg"}],"twitter_card":"summary_large_image","twitter_misc":{"Szacowany czas czytania":"1 minuta"},"schema":{"@context":"https:\/\/schema.org","@graph":[{"@type":"WebPage","@id":"https:\/\/www.eltako.com\/pl\/company\/partner-und-allianzen\/przyjaciele-hue\/","url":"https:\/\/www.eltako.com\/pl\/company\/partner-und-allianzen\/przyjaciele-hue\/","name":"Przyjaciele Hue &#187; Eltako","isPartOf":{"@id":"https:\/\/www.eltako.com\/en\/#website"},"primaryImageOfPage":{"@id":"https:\/\/www.eltako.com\/pl\/company\/partner-und-allianzen\/przyjaciele-hue\/#primaryimage"},"image":{"@id":"https:\/\/www.eltako.com\/pl\/company\/partner-und-allianzen\/przyjaciele-hue\/#primaryimage"},"thumbnailUrl":"https:\/\/www.eltako.com\/wp-content\/uploads\/2021\/09\/AdobeStock_314574426.jpeg","datePublished":"2025-09-04T08:46:19+00:00","dateModified":"2025-09-04T08:46:20+00:00","breadcrumb":{"@id":"https:\/\/www.eltako.com\/pl\/company\/partner-und-allianzen\/przyjaciele-hue\/#breadcrumb"},"inLanguage":"pl-PL","potentialAction":[{"@type":"ReadAction","target":["https:\/\/www.eltako.com\/pl\/company\/partner-und-allianzen\/przyjaciele-hue\/"]}]},{"@type":"ImageObject","inLanguage":"pl-PL","@id":"https:\/\/www.eltako.com\/pl\/company\/partner-und-allianzen\/przyjaciele-hue\/#primaryimage","url":"https:\/\/www.eltako.com\/wp-content\/uploads\/2021\/09\/AdobeStock_314574426.jpeg","contentUrl":"https:\/\/www.eltako.com\/wp-content\/uploads\/2021\/09\/AdobeStock_314574426.jpeg","width":1920,"height":1536},{"@type":"BreadcrumbList","@id":"https:\/\/www.eltako.com\/pl\/company\/partner-und-allianzen\/przyjaciele-hue\/#breadcrumb","itemListElement":[{"@type":"ListItem","position":1,"name":"Home","item":"https:\/\/www.eltako.com\/pl\/"},{"@type":"ListItem","position":2,"name":"Przedsi\u0119biorstwo","item":"https:\/\/www.eltako.com\/pl\/company\/"},{"@type":"ListItem","position":3,"name":"Partnerzy i sojusze","item":"https:\/\/www.eltako.com\/pl\/company\/partner-und-allianzen\/"},{"@type":"ListItem","position":4,"name":"Przyjaciele Hue"}]},{"@type":"WebSite","@id":"https:\/\/www.eltako.com\/en\/#website","url":"https:\/\/www.eltako.com\/en\/","name":"Eltako","description":"Schaltger\u00e4te, Netzteile, Stromz\u00e4hler, Dimmer, Geb\u00e4udeinstallation, Steuerungstechnik, Smart Home-L\u00f6sungen, Geb\u00e4udefunk, EnOcean-Technologie","potentialAction":[{"@type":"SearchAction","target":{"@type":"EntryPoint","urlTemplate":"https:\/\/www.eltako.com\/en\/?s={search_term_string}"},"query-input":{"@type":"PropertyValueSpecification","valueRequired":true,"valueName":"search_term_string"}}],"inLanguage":"pl-PL"}]}},"_links":{"self":[{"href":"https:\/\/www.eltako.com\/pl\/wp-json\/wp\/v2\/pages\/146326","targetHints":{"allow":["GET"]}}],"collection":[{"href":"https:\/\/www.eltako.com\/pl\/wp-json\/wp\/v2\/pages"}],"about":[{"href":"https:\/\/www.eltako.com\/pl\/wp-json\/wp\/v2\/types\/page"}],"author":[{"embeddable":true,"href":"https:\/\/www.eltako.com\/pl\/wp-json\/wp\/v2\/users\/31"}],"replies":[{"embeddable":true,"href":"https:\/\/www.eltako.com\/pl\/wp-json\/wp\/v2\/comments?post=146326"}],"version-history":[{"count":1,"href":"https:\/\/www.eltako.com\/pl\/wp-json\/wp\/v2\/pages\/146326\/revisions"}],"predecessor-version":[{"id":146328,"href":"https:\/\/www.eltako.com\/pl\/wp-json\/wp\/v2\/pages\/146326\/revisions\/146328"}],"up":[{"embeddable":true,"href":"https:\/\/www.eltako.com\/pl\/wp-json\/wp\/v2\/pages\/146022"}],"wp:featuredmedia":[{"embeddable":true,"href":"https:\/\/www.eltako.com\/pl\/wp-json\/wp\/v2\/media\/146045"}],"wp:attachment":[{"href":"https:\/\/www.eltako.com\/pl\/wp-json\/wp\/v2\/media?parent=146326"}],"curies":[{"name":"wp","href":"https:\/\/api.w.org\/{rel}","templated":true}]}}