{"id":146153,"date":"2025-09-03T15:48:26","date_gmt":"2025-09-03T13:48:26","guid":{"rendered":"https:\/\/www.eltako.com\/nadruk\/"},"modified":"2025-10-16T16:15:08","modified_gmt":"2025-10-16T14:15:08","slug":"nadruk","status":"publish","type":"page","link":"https:\/\/www.eltako.com\/pl\/nadruk\/","title":{"rendered":"Nadruk"},"content":{"rendered":"\n<div class=\"wp-block-group\"><div class=\"wp-block-group__inner-container is-layout-flow wp-block-group-is-layout-flow\">\n<div class=\"wp-block-group\"><div class=\"wp-block-group__inner-container is-layout-flow wp-block-group-is-layout-flow\">\n<b>ELTAKO GmbH<\/b><br\/>Hofener Stra\u00dfe 54 <br\/>70736 Fellbach<br\/>Telefon: 0711 94350000<br\/>E-mail: website@eltako.de<br\/><br\/>S\u0105d rejestrowy: Stuttgart<br\/>Numer rejestru: HRB261445<br\/>Dyrektorzy zarz\u0105dzaj\u0105cy: Ulrich Ziegler<br\/>Numer identyfikacji podatkowej: DE147330893\n<\/div><\/div>\n\n\n\n<p><\/p>\n<\/div><\/div>\n\n\n\n<p><\/p>\n\n\n\n<p>W przypadku bezpo\u015brednich lub po\u015brednich odsy\u0142aczy do zewn\u0119trznych stron internetowych (hiper\u0142\u0105cza), kt\u00f3re le\u017c\u0105 poza zakresem odpowiedzialno\u015bci ELTAKO GmbH, zobowi\u0105zanie do odpowiedzialno\u015bci wchodzi w \u017cycie tylko wtedy, gdy ELTAKO GmbH posiada wiedz\u0119 o tre\u015bci i jest technicznie mo\u017cliwe i uzasadnione, aby zapobiec korzystaniu w przypadku nielegalnych tre\u015bci. ELTAKO GmbH niniejszym wyra\u017anie o\u015bwiadcza, \u017ce w momencie tworzenia link\u00f3w na stronach, do kt\u00f3rych prowadz\u0105 linki, nie mo\u017cna by\u0142o rozpozna\u0107 \u017cadnych nielegalnych tre\u015bci. ELTAKO GmbH nie ma \u017cadnego wp\u0142ywu na aktualny i przysz\u0142y wygl\u0105d, tre\u015b\u0107 lub autorstwo stron, do kt\u00f3rych prowadz\u0105 linki.  <\/p>\n\n\n\n<p>Dlatego niniejszym wyra\u017anie dystansuje si\u0119 od wszelkich tre\u015bci wszystkich stron, do kt\u00f3rych prowadz\u0105 linki, kt\u00f3re zosta\u0142y zmienione po utworzeniu linku.<\/p>\n\n\n\n<p>Odpowiedzialno\u015b\u0107 za nielegalne, nieprawid\u0142owe lub niekompletne tre\u015bci, a w szczeg\u00f3lno\u015bci za szkody wynikaj\u0105ce z wykorzystania lub niewykorzystania takich informacji, ponosi wy\u0142\u0105cznie dostawca strony, do kt\u00f3rej nast\u0119puje odniesienie, a nie strona, kt\u00f3ra jedynie odsy\u0142a do danej publikacji za po\u015brednictwem link\u00f3w.<\/p>\n\n\n\n<p><a href=\"https:\/\/www.take-e-way.de\/leistungen\/elektrogesetz-weee-elektrog\/berichts-informationspflichten\/\">Obowi\u0105zki informacyjne zgodnie z \u00a718 ust. 2 ustawy o sprz\u0119cie elektrycznym i elektronicznym <\/a><\/p>\n\n\n\n<p><\/p>\n\n\n\n<p>Numer rejestracji baterii: DE 36818306<\/p>\n\n\n\n<div class=\"wp-block-buttons is-layout-flex wp-block-buttons-is-layout-flex\">\n<div class=\"wp-block-button\"><a class=\"wp-block-button__link has-background wp-element-button\" href=\"https:\/\/www.eltako.com\/fileadmin\/downloads\/pl\/Sonstiges\/Eltako_Gesamtkatalog_2026_Kap_S-Polish_S-4.pdf\" style=\"border-radius:0px;background-color:#0063af\">Gwarancja i r\u0119kojmia (PDF)<\/a><\/div>\n<\/div>\n\n\n\n<p><\/p>\n","protected":false},"excerpt":{"rendered":"<p>ELTAKO GmbHHofener Stra\u00dfe 54 70736 FellbachTelefon: 0711 94350000E-mail: website@eltako.de S\u0105d rejestrowy: StuttgartNumer rejestru: HRB261445Dyrektorzy zarz\u0105dzaj\u0105cy: Ulrich ZieglerNumer identyfikacji podatkowej: DE147330893 W przypadku bezpo\u015brednich lub po\u015brednich odsy\u0142aczy do zewn\u0119trznych stron internetowych (hiper\u0142\u0105cza), kt\u00f3re le\u017c\u0105 poza zakresem odpowiedzialno\u015bci ELTAKO GmbH, zobowi\u0105zanie do odpowiedzialno\u015bci wchodzi w \u017cycie tylko wtedy, gdy ELTAKO GmbH posiada wiedz\u0119 o tre\u015bci i jest [&hellip;]<\/p>\n","protected":false},"author":31,"featured_media":0,"parent":0,"menu_order":0,"comment_status":"closed","ping_status":"closed","template":"","meta":{"_acf_changed":false,"footnotes":"","_links_to":"","_links_to_target":""},"class_list":["post-146153","page","type-page","status-publish","hentry"],"acf":[],"yoast_head":"<!-- This site is optimized with the Yoast SEO plugin v27.2 - https:\/\/yoast.com\/product\/yoast-seo-wordpress\/ -->\n<title>Nadruk &#187; Eltako<\/title>\n<meta name=\"robots\" content=\"index, follow, max-snippet:-1, max-image-preview:large, max-video-preview:-1\" \/>\n<link rel=\"canonical\" href=\"https:\/\/www.eltako.com\/pl\/nadruk\/\" \/>\n<meta property=\"og:locale\" content=\"pl_PL\" \/>\n<meta property=\"og:type\" content=\"article\" \/>\n<meta property=\"og:title\" content=\"Nadruk &#187; Eltako\" \/>\n<meta property=\"og:description\" content=\"ELTAKO GmbHHofener Stra\u00dfe 54 70736 FellbachTelefon: 0711 94350000E-mail: website@eltako.de S\u0105d rejestrowy: StuttgartNumer rejestru: HRB261445Dyrektorzy zarz\u0105dzaj\u0105cy: Ulrich ZieglerNumer identyfikacji podatkowej: DE147330893 W przypadku bezpo\u015brednich lub po\u015brednich odsy\u0142aczy do zewn\u0119trznych stron internetowych (hiper\u0142\u0105cza), kt\u00f3re le\u017c\u0105 poza zakresem odpowiedzialno\u015bci ELTAKO GmbH, zobowi\u0105zanie do odpowiedzialno\u015bci wchodzi w \u017cycie tylko wtedy, gdy ELTAKO GmbH posiada wiedz\u0119 o tre\u015bci i jest [&hellip;]\" \/>\n<meta property=\"og:url\" content=\"https:\/\/www.eltako.com\/pl\/nadruk\/\" \/>\n<meta property=\"og:site_name\" content=\"Eltako\" \/>\n<meta property=\"article:modified_time\" content=\"2025-10-16T14:15:08+00:00\" \/>\n<meta name=\"twitter:card\" content=\"summary_large_image\" \/>\n<meta name=\"twitter:label1\" content=\"Szacowany czas czytania\" \/>\n\t<meta name=\"twitter:data1\" content=\"2 minuty\" \/>\n<script type=\"application\/ld+json\" class=\"yoast-schema-graph\">{\"@context\":\"https:\/\/schema.org\",\"@graph\":[{\"@type\":\"WebPage\",\"@id\":\"https:\/\/www.eltako.com\/pl\/nadruk\/\",\"url\":\"https:\/\/www.eltako.com\/pl\/nadruk\/\",\"name\":\"Nadruk &#187; Eltako\",\"isPartOf\":{\"@id\":\"https:\/\/www.eltako.com\/en\/#website\"},\"datePublished\":\"2025-09-03T13:48:26+00:00\",\"dateModified\":\"2025-10-16T14:15:08+00:00\",\"breadcrumb\":{\"@id\":\"https:\/\/www.eltako.com\/pl\/nadruk\/#breadcrumb\"},\"inLanguage\":\"pl-PL\",\"potentialAction\":[{\"@type\":\"ReadAction\",\"target\":[\"https:\/\/www.eltako.com\/pl\/nadruk\/\"]}]},{\"@type\":\"BreadcrumbList\",\"@id\":\"https:\/\/www.eltako.com\/pl\/nadruk\/#breadcrumb\",\"itemListElement\":[{\"@type\":\"ListItem\",\"position\":1,\"name\":\"Home\",\"item\":\"https:\/\/www.eltako.com\/pl\/\"},{\"@type\":\"ListItem\",\"position\":2,\"name\":\"Nadruk\"}]},{\"@type\":\"WebSite\",\"@id\":\"https:\/\/www.eltako.com\/en\/#website\",\"url\":\"https:\/\/www.eltako.com\/en\/\",\"name\":\"Eltako\",\"description\":\"Schaltger\u00e4te, Netzteile, Stromz\u00e4hler, Dimmer, Geb\u00e4udeinstallation, Steuerungstechnik, Smart Home-L\u00f6sungen, Geb\u00e4udefunk, EnOcean-Technologie\",\"potentialAction\":[{\"@type\":\"SearchAction\",\"target\":{\"@type\":\"EntryPoint\",\"urlTemplate\":\"https:\/\/www.eltako.com\/en\/?s={search_term_string}\"},\"query-input\":{\"@type\":\"PropertyValueSpecification\",\"valueRequired\":true,\"valueName\":\"search_term_string\"}}],\"inLanguage\":\"pl-PL\"}]}<\/script>\n<!-- \/ Yoast SEO plugin. -->","yoast_head_json":{"title":"Nadruk &#187; Eltako","robots":{"index":"index","follow":"follow","max-snippet":"max-snippet:-1","max-image-preview":"max-image-preview:large","max-video-preview":"max-video-preview:-1"},"canonical":"https:\/\/www.eltako.com\/pl\/nadruk\/","og_locale":"pl_PL","og_type":"article","og_title":"Nadruk &#187; Eltako","og_description":"ELTAKO GmbHHofener Stra\u00dfe 54 70736 FellbachTelefon: 0711 94350000E-mail: website@eltako.de S\u0105d rejestrowy: StuttgartNumer rejestru: HRB261445Dyrektorzy zarz\u0105dzaj\u0105cy: Ulrich ZieglerNumer identyfikacji podatkowej: DE147330893 W przypadku bezpo\u015brednich lub po\u015brednich odsy\u0142aczy do zewn\u0119trznych stron internetowych (hiper\u0142\u0105cza), kt\u00f3re le\u017c\u0105 poza zakresem odpowiedzialno\u015bci ELTAKO GmbH, zobowi\u0105zanie do odpowiedzialno\u015bci wchodzi w \u017cycie tylko wtedy, gdy ELTAKO GmbH posiada wiedz\u0119 o tre\u015bci i jest [&hellip;]","og_url":"https:\/\/www.eltako.com\/pl\/nadruk\/","og_site_name":"Eltako","article_modified_time":"2025-10-16T14:15:08+00:00","twitter_card":"summary_large_image","twitter_misc":{"Szacowany czas czytania":"2 minuty"},"schema":{"@context":"https:\/\/schema.org","@graph":[{"@type":"WebPage","@id":"https:\/\/www.eltako.com\/pl\/nadruk\/","url":"https:\/\/www.eltako.com\/pl\/nadruk\/","name":"Nadruk &#187; Eltako","isPartOf":{"@id":"https:\/\/www.eltako.com\/en\/#website"},"datePublished":"2025-09-03T13:48:26+00:00","dateModified":"2025-10-16T14:15:08+00:00","breadcrumb":{"@id":"https:\/\/www.eltako.com\/pl\/nadruk\/#breadcrumb"},"inLanguage":"pl-PL","potentialAction":[{"@type":"ReadAction","target":["https:\/\/www.eltako.com\/pl\/nadruk\/"]}]},{"@type":"BreadcrumbList","@id":"https:\/\/www.eltako.com\/pl\/nadruk\/#breadcrumb","itemListElement":[{"@type":"ListItem","position":1,"name":"Home","item":"https:\/\/www.eltako.com\/pl\/"},{"@type":"ListItem","position":2,"name":"Nadruk"}]},{"@type":"WebSite","@id":"https:\/\/www.eltako.com\/en\/#website","url":"https:\/\/www.eltako.com\/en\/","name":"Eltako","description":"Schaltger\u00e4te, Netzteile, Stromz\u00e4hler, Dimmer, Geb\u00e4udeinstallation, Steuerungstechnik, Smart Home-L\u00f6sungen, Geb\u00e4udefunk, EnOcean-Technologie","potentialAction":[{"@type":"SearchAction","target":{"@type":"EntryPoint","urlTemplate":"https:\/\/www.eltako.com\/en\/?s={search_term_string}"},"query-input":{"@type":"PropertyValueSpecification","valueRequired":true,"valueName":"search_term_string"}}],"inLanguage":"pl-PL"}]}},"_links":{"self":[{"href":"https:\/\/www.eltako.com\/pl\/wp-json\/wp\/v2\/pages\/146153","targetHints":{"allow":["GET"]}}],"collection":[{"href":"https:\/\/www.eltako.com\/pl\/wp-json\/wp\/v2\/pages"}],"about":[{"href":"https:\/\/www.eltako.com\/pl\/wp-json\/wp\/v2\/types\/page"}],"author":[{"embeddable":true,"href":"https:\/\/www.eltako.com\/pl\/wp-json\/wp\/v2\/users\/31"}],"replies":[{"embeddable":true,"href":"https:\/\/www.eltako.com\/pl\/wp-json\/wp\/v2\/comments?post=146153"}],"version-history":[{"count":7,"href":"https:\/\/www.eltako.com\/pl\/wp-json\/wp\/v2\/pages\/146153\/revisions"}],"predecessor-version":[{"id":147471,"href":"https:\/\/www.eltako.com\/pl\/wp-json\/wp\/v2\/pages\/146153\/revisions\/147471"}],"wp:attachment":[{"href":"https:\/\/www.eltako.com\/pl\/wp-json\/wp\/v2\/media?parent=146153"}],"curies":[{"name":"wp","href":"https:\/\/api.w.org\/{rel}","templated":true}]}}