{"id":146041,"date":"2021-09-21T18:55:15","date_gmt":"2021-09-21T16:55:15","guid":{"rendered":"https:\/\/www.eltako.com\/company\/partner-und-allianzen\/dali\/"},"modified":"2025-09-05T08:05:36","modified_gmt":"2025-09-05T06:05:36","slug":"dali","status":"publish","type":"page","link":"https:\/\/www.eltako.com\/pl\/company\/partner-und-allianzen\/dali\/","title":{"rendered":"Dali"},"content":{"rendered":"\n<h2 class=\"wp-block-heading\" id=\"wir-sind-dali-anbieter\">ELASTYCZNE ZARZ\u0104DZANIE O\u015aWIETLENIEM ZA POMOC\u0104 DALI \u2013<br>W PE\u0141NI ZINTEGROWANE Z KOSMOSEM ELTAKO<\/h2>\n\n\n\n<div style=\"height:50px\" aria-hidden=\"true\" class=\"wp-block-spacer\"><\/div>\n\n\n\n<figure class=\"wp-block-image size-large\"><img decoding=\"async\" src=\"https:\/\/www.eltako.com\/wp-content\/uploads\/2024\/06\/eltako-website_dali2-schaubild-1024x747.jpg\" alt=\"\"\/><\/figure>\n\n\n\n<div style=\"height:50px\" aria-hidden=\"true\" class=\"wp-block-spacer\"><\/div>\n\n\n\n<p class=\"has-medium-font-size\">DALI to niezale\u017cny od producenta system instalacji o\u015bwietleniowej, kt\u00f3ry ma na celu maksymalne uproszczenie instalacji, sterowania i komunikacji poszczeg\u00f3lnych opraw o\u015bwietleniowych i grup opraw. Mo\u017ce zarz\u0105dza\u0107 do 64 adresami, 16 grupami i 16 scenami, dzi\u0119ki czemu nadaje si\u0119 do o\u015bwietlenia zar\u00f3wno ma\u0142ych mieszka\u0144, jak i obiekt\u00f3w komercyjnych. Dzi\u0119ki tym w\u0142a\u015bciwo\u015bciom DALI stanowi podstaw\u0119 inteligentnego i elastycznego zarz\u0105dzania o\u015bwietleniem.<\/p>\n\n\n\n<p class=\"has-medium-font-size\">Nowe produkty obs\u0142uguj\u0105ce DALI-2 s\u0105 teraz r\u00f3wnie\u017c kompatybilne z multimaster! Oznacza to, \u017ce na jednej linii DALI mo\u017ce dzia\u0142a\u0107 kilka czujnik\u00f3w, takich jak czujniki ruchu i jasno\u015bci lub modu\u0142y przyciskowe DALI. Kolejn\u0105 zalet\u0105 jest bezpo\u015brednie po\u0142\u0105czenie z nasz\u0105 seri\u0105 14, a tak\u017ce przetwarzanie komunikat\u00f3w zdarze\u0144 DALI-2, co u\u0142atwia inteligentn\u0105 automatyzacj\u0119 i integracj\u0119 z systemami EnOcean.<\/p>\n\n\n\n<div style=\"height:50px\" aria-hidden=\"true\" class=\"wp-block-spacer\"><\/div>\n\n\n\n<div class=\"wp-block-columns is-layout-flex wp-container-core-columns-is-layout-9d6595d7 wp-block-columns-is-layout-flex\">\n<div class=\"wp-block-column is-layout-flow wp-block-column-is-layout-flow\">\n<a href=\"hwww.eltako.com\/pl\/catalog\/chapters\/38\/Das%20ELTAKO-DALI-Programm\/?search=\" target=\"_blank\" class=\"text-uppercase font-weight-bold btn text-white p-3 mt-1 mb-1 w-100\" style=\"background : #016db7; font-size:20px\" rel=\"noopener\">DO NASZEGO PROGRAMU DALI<\/a>\n<\/div>\n\n\n\n<div class=\"wp-block-column is-layout-flow wp-block-column-is-layout-flow\"><\/div>\n\n\n\n<div class=\"wp-block-column is-layout-flow wp-block-column-is-layout-flow\"><\/div>\n<\/div>\n\n\n\n<div style=\"height:50px\" aria-hidden=\"true\" class=\"wp-block-spacer\"><\/div>\n\n\n\n<figure class=\"wp-block-image size-large\"><img decoding=\"async\" width=\"1024\" height=\"341\" src=\"https:\/\/www.eltako.com\/wp-content\/uploads\/2022\/11\/Eltako_Website_Content-Bilder-Aktuelles_Dali-Programm_gb-1024x341.jpg\" alt=\"\" class=\"wp-image-121467\" srcset=\"https:\/\/www.eltako.com\/wp-content\/uploads\/2022\/11\/Eltako_Website_Content-Bilder-Aktuelles_Dali-Programm_gb-1024x341.jpg 1024w, https:\/\/www.eltako.com\/wp-content\/uploads\/2022\/11\/Eltako_Website_Content-Bilder-Aktuelles_Dali-Programm_gb-300x100.jpg 300w, https:\/\/www.eltako.com\/wp-content\/uploads\/2022\/11\/Eltako_Website_Content-Bilder-Aktuelles_Dali-Programm_gb-768x256.jpg 768w, https:\/\/www.eltako.com\/wp-content\/uploads\/2022\/11\/Eltako_Website_Content-Bilder-Aktuelles_Dali-Programm_gb-1536x512.jpg 1536w, https:\/\/www.eltako.com\/wp-content\/uploads\/2022\/11\/Eltako_Website_Content-Bilder-Aktuelles_Dali-Programm_gb-600x200.jpg 600w, https:\/\/www.eltako.com\/wp-content\/uploads\/2022\/11\/Eltako_Website_Content-Bilder-Aktuelles_Dali-Programm_gb.jpg 1920w\" sizes=\"(max-width: 1024px) 100vw, 1024px\" \/><\/figure>\n\n\n\n<div style=\"height:50px\" aria-hidden=\"true\" class=\"wp-block-spacer\"><\/div>\n\n\n\n<p class=\"has-medium-font-size\">Istniej\u0105ce instalacje DALI mo\u017cna rozbudowa\u0107 za pomoc\u0105 naszego bramki EnOcean-DALI, aby pod\u0142\u0105czy\u0107 bezprzewodowe czujniki i elementy wykonawcze.<\/p>\n\n\n\n<p class=\"has-medium-font-size\">Zalety DALI:<\/p>\n\n\n\n<ul class=\"wp-block-list\">\n<li class=\"has-medium-font-size\">Pod\u0142\u0105czenie wszystkich urz\u0105dze\u0144 DALI zabezpieczone przed odwrotnym pod\u0142\u0105czeniem biegun\u00f3w<\/li>\n<\/ul>\n\n\n\n<ul class=\"wp-block-list\">\n<li class=\"has-medium-font-size\">Proste prowadzenie przewod\u00f3w, wsp\u00f3lnie z zasilaniem sieciowym 230 V w jednym 5-\u017cy\u0142owym przewodzie p\u0142aszczowym.<\/li>\n<\/ul>\n\n\n\n<ul class=\"wp-block-list\">\n<li class=\"has-medium-font-size\">W sterowniku DALI mo\u017cna zapisywa\u0107 i wywo\u0142ywa\u0107 sceny \u015bwietlne.&nbsp;<\/li>\n<\/ul>\n\n\n\n<ul class=\"wp-block-list\">\n<li class=\"has-medium-font-size\">szybka reakcja i lokalizacja awarii lamp<\/li>\n<\/ul>\n\n\n\n<ul class=\"wp-block-list\">\n<li class=\"has-medium-font-size\">w przypadku zmiany przeznaczenia pomieszczenia lampy mo\u017cna \u0142atwo przestawi\u0107 bez konieczno\u015bci ponownego okablowania lub zmiany instalacji&nbsp;<\/li>\n<\/ul>\n\n\n\n<div style=\"height:50px\" aria-hidden=\"true\" class=\"wp-block-spacer\"><\/div>\n\n\n\n<figure class=\"wp-block-image size-large\"><img decoding=\"async\" src=\"https:\/\/www.eltako.de\/wp-content\/uploads\/2023\/05\/Bild-2-1024x683_GB.jpg\" alt=\"\"\/><\/figure>\n","protected":false},"excerpt":{"rendered":"<p>ELASTYCZNE ZARZ\u0104DZANIE O\u015aWIETLENIEM ZA POMOC\u0104 DALI \u2013W PE\u0141NI ZINTEGROWANE Z KOSMOSEM ELTAKO DALI to niezale\u017cny od producenta system instalacji o\u015bwietleniowej, kt\u00f3ry ma na celu maksymalne uproszczenie instalacji, sterowania i komunikacji poszczeg\u00f3lnych opraw o\u015bwietleniowych i grup opraw. Mo\u017ce zarz\u0105dza\u0107 do 64 adresami, 16 grupami i 16 scenami, dzi\u0119ki czemu nadaje si\u0119 do o\u015bwietlenia zar\u00f3wno ma\u0142ych mieszka\u0144, [&hellip;]<\/p>\n","protected":false},"author":31,"featured_media":146042,"parent":146022,"menu_order":0,"comment_status":"closed","ping_status":"closed","template":"templates\/custom_header.php","meta":{"_acf_changed":false,"footnotes":"","_links_to":"","_links_to_target":""},"class_list":["post-146041","page","type-page","status-publish","has-post-thumbnail","hentry"],"acf":[],"yoast_head":"<!-- This site is optimized with the Yoast SEO plugin v27.2 - https:\/\/yoast.com\/product\/yoast-seo-wordpress\/ -->\n<title>Dali &#187; Eltako<\/title>\n<meta name=\"robots\" content=\"index, follow, max-snippet:-1, max-image-preview:large, max-video-preview:-1\" \/>\n<link rel=\"canonical\" href=\"https:\/\/www.eltako.com\/pl\/company\/partner-und-allianzen\/dali\/\" \/>\n<meta property=\"og:locale\" content=\"pl_PL\" \/>\n<meta property=\"og:type\" content=\"article\" \/>\n<meta property=\"og:title\" content=\"Dali &#187; Eltako\" \/>\n<meta property=\"og:description\" content=\"ELASTYCZNE ZARZ\u0104DZANIE O\u015aWIETLENIEM ZA POMOC\u0104 DALI \u2013W PE\u0141NI ZINTEGROWANE Z KOSMOSEM ELTAKO DALI to niezale\u017cny od producenta system instalacji o\u015bwietleniowej, kt\u00f3ry ma na celu maksymalne uproszczenie instalacji, sterowania i komunikacji poszczeg\u00f3lnych opraw o\u015bwietleniowych i grup opraw. Mo\u017ce zarz\u0105dza\u0107 do 64 adresami, 16 grupami i 16 scenami, dzi\u0119ki czemu nadaje si\u0119 do o\u015bwietlenia zar\u00f3wno ma\u0142ych mieszka\u0144, [&hellip;]\" \/>\n<meta property=\"og:url\" content=\"https:\/\/www.eltako.com\/pl\/company\/partner-und-allianzen\/dali\/\" \/>\n<meta property=\"og:site_name\" content=\"Eltako\" \/>\n<meta property=\"article:modified_time\" content=\"2025-09-05T06:05:36+00:00\" \/>\n<meta property=\"og:image\" content=\"https:\/\/www.eltako.com\/wp-content\/uploads\/2021\/09\/Bild-1-1-e1626779207216.jpg\" \/>\n\t<meta property=\"og:image:width\" content=\"1920\" \/>\n\t<meta property=\"og:image:height\" content=\"931\" \/>\n\t<meta property=\"og:image:type\" content=\"image\/jpeg\" \/>\n<meta name=\"twitter:card\" content=\"summary_large_image\" \/>\n<meta name=\"twitter:label1\" content=\"Szacowany czas czytania\" \/>\n\t<meta name=\"twitter:data1\" content=\"2 minuty\" \/>\n<script type=\"application\/ld+json\" class=\"yoast-schema-graph\">{\"@context\":\"https:\/\/schema.org\",\"@graph\":[{\"@type\":\"WebPage\",\"@id\":\"https:\/\/www.eltako.com\/pl\/company\/partner-und-allianzen\/dali\/\",\"url\":\"https:\/\/www.eltako.com\/pl\/company\/partner-und-allianzen\/dali\/\",\"name\":\"Dali &#187; Eltako\",\"isPartOf\":{\"@id\":\"https:\/\/www.eltako.com\/en\/#website\"},\"primaryImageOfPage\":{\"@id\":\"https:\/\/www.eltako.com\/pl\/company\/partner-und-allianzen\/dali\/#primaryimage\"},\"image\":{\"@id\":\"https:\/\/www.eltako.com\/pl\/company\/partner-und-allianzen\/dali\/#primaryimage\"},\"thumbnailUrl\":\"https:\/\/www.eltako.com\/wp-content\/uploads\/2021\/09\/Bild-1-1-e1626779207216.jpg\",\"datePublished\":\"2021-09-21T16:55:15+00:00\",\"dateModified\":\"2025-09-05T06:05:36+00:00\",\"breadcrumb\":{\"@id\":\"https:\/\/www.eltako.com\/pl\/company\/partner-und-allianzen\/dali\/#breadcrumb\"},\"inLanguage\":\"pl-PL\",\"potentialAction\":[{\"@type\":\"ReadAction\",\"target\":[\"https:\/\/www.eltako.com\/pl\/company\/partner-und-allianzen\/dali\/\"]}]},{\"@type\":\"ImageObject\",\"inLanguage\":\"pl-PL\",\"@id\":\"https:\/\/www.eltako.com\/pl\/company\/partner-und-allianzen\/dali\/#primaryimage\",\"url\":\"https:\/\/www.eltako.com\/wp-content\/uploads\/2021\/09\/Bild-1-1-e1626779207216.jpg\",\"contentUrl\":\"https:\/\/www.eltako.com\/wp-content\/uploads\/2021\/09\/Bild-1-1-e1626779207216.jpg\",\"width\":1920,\"height\":931},{\"@type\":\"BreadcrumbList\",\"@id\":\"https:\/\/www.eltako.com\/pl\/company\/partner-und-allianzen\/dali\/#breadcrumb\",\"itemListElement\":[{\"@type\":\"ListItem\",\"position\":1,\"name\":\"Home\",\"item\":\"https:\/\/www.eltako.com\/pl\/\"},{\"@type\":\"ListItem\",\"position\":2,\"name\":\"Przedsi\u0119biorstwo\",\"item\":\"https:\/\/www.eltako.com\/pl\/company\/\"},{\"@type\":\"ListItem\",\"position\":3,\"name\":\"Partnerzy i sojusze\",\"item\":\"https:\/\/www.eltako.com\/pl\/company\/partner-und-allianzen\/\"},{\"@type\":\"ListItem\",\"position\":4,\"name\":\"Dali\"}]},{\"@type\":\"WebSite\",\"@id\":\"https:\/\/www.eltako.com\/en\/#website\",\"url\":\"https:\/\/www.eltako.com\/en\/\",\"name\":\"Eltako\",\"description\":\"Schaltger\u00e4te, Netzteile, Stromz\u00e4hler, Dimmer, Geb\u00e4udeinstallation, Steuerungstechnik, Smart Home-L\u00f6sungen, Geb\u00e4udefunk, EnOcean-Technologie\",\"potentialAction\":[{\"@type\":\"SearchAction\",\"target\":{\"@type\":\"EntryPoint\",\"urlTemplate\":\"https:\/\/www.eltako.com\/en\/?s={search_term_string}\"},\"query-input\":{\"@type\":\"PropertyValueSpecification\",\"valueRequired\":true,\"valueName\":\"search_term_string\"}}],\"inLanguage\":\"pl-PL\"}]}<\/script>\n<!-- \/ Yoast SEO plugin. -->","yoast_head_json":{"title":"Dali &#187; Eltako","robots":{"index":"index","follow":"follow","max-snippet":"max-snippet:-1","max-image-preview":"max-image-preview:large","max-video-preview":"max-video-preview:-1"},"canonical":"https:\/\/www.eltako.com\/pl\/company\/partner-und-allianzen\/dali\/","og_locale":"pl_PL","og_type":"article","og_title":"Dali &#187; Eltako","og_description":"ELASTYCZNE ZARZ\u0104DZANIE O\u015aWIETLENIEM ZA POMOC\u0104 DALI \u2013W PE\u0141NI ZINTEGROWANE Z KOSMOSEM ELTAKO DALI to niezale\u017cny od producenta system instalacji o\u015bwietleniowej, kt\u00f3ry ma na celu maksymalne uproszczenie instalacji, sterowania i komunikacji poszczeg\u00f3lnych opraw o\u015bwietleniowych i grup opraw. Mo\u017ce zarz\u0105dza\u0107 do 64 adresami, 16 grupami i 16 scenami, dzi\u0119ki czemu nadaje si\u0119 do o\u015bwietlenia zar\u00f3wno ma\u0142ych mieszka\u0144, [&hellip;]","og_url":"https:\/\/www.eltako.com\/pl\/company\/partner-und-allianzen\/dali\/","og_site_name":"Eltako","article_modified_time":"2025-09-05T06:05:36+00:00","og_image":[{"width":1920,"height":931,"url":"https:\/\/www.eltako.com\/wp-content\/uploads\/2021\/09\/Bild-1-1-e1626779207216.jpg","type":"image\/jpeg"}],"twitter_card":"summary_large_image","twitter_misc":{"Szacowany czas czytania":"2 minuty"},"schema":{"@context":"https:\/\/schema.org","@graph":[{"@type":"WebPage","@id":"https:\/\/www.eltako.com\/pl\/company\/partner-und-allianzen\/dali\/","url":"https:\/\/www.eltako.com\/pl\/company\/partner-und-allianzen\/dali\/","name":"Dali &#187; Eltako","isPartOf":{"@id":"https:\/\/www.eltako.com\/en\/#website"},"primaryImageOfPage":{"@id":"https:\/\/www.eltako.com\/pl\/company\/partner-und-allianzen\/dali\/#primaryimage"},"image":{"@id":"https:\/\/www.eltako.com\/pl\/company\/partner-und-allianzen\/dali\/#primaryimage"},"thumbnailUrl":"https:\/\/www.eltako.com\/wp-content\/uploads\/2021\/09\/Bild-1-1-e1626779207216.jpg","datePublished":"2021-09-21T16:55:15+00:00","dateModified":"2025-09-05T06:05:36+00:00","breadcrumb":{"@id":"https:\/\/www.eltako.com\/pl\/company\/partner-und-allianzen\/dali\/#breadcrumb"},"inLanguage":"pl-PL","potentialAction":[{"@type":"ReadAction","target":["https:\/\/www.eltako.com\/pl\/company\/partner-und-allianzen\/dali\/"]}]},{"@type":"ImageObject","inLanguage":"pl-PL","@id":"https:\/\/www.eltako.com\/pl\/company\/partner-und-allianzen\/dali\/#primaryimage","url":"https:\/\/www.eltako.com\/wp-content\/uploads\/2021\/09\/Bild-1-1-e1626779207216.jpg","contentUrl":"https:\/\/www.eltako.com\/wp-content\/uploads\/2021\/09\/Bild-1-1-e1626779207216.jpg","width":1920,"height":931},{"@type":"BreadcrumbList","@id":"https:\/\/www.eltako.com\/pl\/company\/partner-und-allianzen\/dali\/#breadcrumb","itemListElement":[{"@type":"ListItem","position":1,"name":"Home","item":"https:\/\/www.eltako.com\/pl\/"},{"@type":"ListItem","position":2,"name":"Przedsi\u0119biorstwo","item":"https:\/\/www.eltako.com\/pl\/company\/"},{"@type":"ListItem","position":3,"name":"Partnerzy i sojusze","item":"https:\/\/www.eltako.com\/pl\/company\/partner-und-allianzen\/"},{"@type":"ListItem","position":4,"name":"Dali"}]},{"@type":"WebSite","@id":"https:\/\/www.eltako.com\/en\/#website","url":"https:\/\/www.eltako.com\/en\/","name":"Eltako","description":"Schaltger\u00e4te, Netzteile, Stromz\u00e4hler, Dimmer, Geb\u00e4udeinstallation, Steuerungstechnik, Smart Home-L\u00f6sungen, Geb\u00e4udefunk, EnOcean-Technologie","potentialAction":[{"@type":"SearchAction","target":{"@type":"EntryPoint","urlTemplate":"https:\/\/www.eltako.com\/en\/?s={search_term_string}"},"query-input":{"@type":"PropertyValueSpecification","valueRequired":true,"valueName":"search_term_string"}}],"inLanguage":"pl-PL"}]}},"_links":{"self":[{"href":"https:\/\/www.eltako.com\/pl\/wp-json\/wp\/v2\/pages\/146041","targetHints":{"allow":["GET"]}}],"collection":[{"href":"https:\/\/www.eltako.com\/pl\/wp-json\/wp\/v2\/pages"}],"about":[{"href":"https:\/\/www.eltako.com\/pl\/wp-json\/wp\/v2\/types\/page"}],"author":[{"embeddable":true,"href":"https:\/\/www.eltako.com\/pl\/wp-json\/wp\/v2\/users\/31"}],"replies":[{"embeddable":true,"href":"https:\/\/www.eltako.com\/pl\/wp-json\/wp\/v2\/comments?post=146041"}],"version-history":[{"count":12,"href":"https:\/\/www.eltako.com\/pl\/wp-json\/wp\/v2\/pages\/146041\/revisions"}],"predecessor-version":[{"id":146394,"href":"https:\/\/www.eltako.com\/pl\/wp-json\/wp\/v2\/pages\/146041\/revisions\/146394"}],"up":[{"embeddable":true,"href":"https:\/\/www.eltako.com\/pl\/wp-json\/wp\/v2\/pages\/146022"}],"wp:featuredmedia":[{"embeddable":true,"href":"https:\/\/www.eltako.com\/pl\/wp-json\/wp\/v2\/media\/146042"}],"wp:attachment":[{"href":"https:\/\/www.eltako.com\/pl\/wp-json\/wp\/v2\/media?parent=146041"}],"curies":[{"name":"wp","href":"https:\/\/api.w.org\/{rel}","templated":true}]}}