{"id":145894,"date":"2025-08-28T14:47:57","date_gmt":"2025-08-28T12:47:57","guid":{"rendered":"https:\/\/www.eltako.com\/aktualizacja-oprogramowania-sprzetowego-kontrolera\/"},"modified":"2025-08-28T14:48:00","modified_gmt":"2025-08-28T12:48:00","slug":"aktualizacja-oprogramowania-sprzetowego-kontrolera","status":"publish","type":"page","link":"https:\/\/www.eltako.com\/pl\/aktualizacja-oprogramowania-sprzetowego-kontrolera\/","title":{"rendered":"Aktualizacja oprogramowania sprz\u0119towego kontrolera"},"content":{"rendered":"\n<h3 class=\"wp-block-heading\">Aktualizacja oprogramowania sprz\u0119towego  <\/h3>\n\n<p><\/p>\n\n<p class=\"has-normal-font-size\">Upewnij si\u0119, \u017ce zawsze u\u017cywasz kontrolera z najnowsz\u0105 wersj\u0105 oprogramowania uk\u0142adowego, aby zapewni\u0107 p\u0142ynn\u0105 interakcj\u0119 z aplikacj\u0105 GFA5. Post\u0119puj zgodnie z poni\u017cszymi instrukcjami aktualizacji:   <\/p>\n\n<h3 class=\"wp-block-heading\">Aktualizacja oprogramowania sprz\u0119towego za pomoc\u0105 aplikacji GFA5<\/h3>\n\n<p><\/p>\n\n<p class=\"has-normal-font-size\">W aplikacji GFA5 mo\u017cna zainicjowa\u0107 aktualizacj\u0119 oprogramowania uk\u0142adowego sterownika bezpo\u015brednio w aplikacji. Je\u015bli dost\u0119pne jest nowe oprogramowanie sprz\u0119towe, w aplikacji pojawi si\u0119 wyskakuj\u0105ce powiadomienie. Alternatywnie mo\u017cna przej\u015b\u0107 do: Ustawienia \u2192 Kontroler, aby sprawdzi\u0107, czy dost\u0119pna jest aktualizacja oprogramowania sprz\u0119towego i zainicjowa\u0107 aktualizacj\u0119 bezpo\u015brednio tutaj.    <\/p>\n\n<p class=\"has-normal-font-size\"><strong>Uwaga: <\/strong>Do przeprowadzenia aktualizacji wymagane jest po\u0142\u0105czenie z Internetem.  <\/p>\n\n<p class=\"has-normal-font-size\">W rzadkich przypadkach, gdy aktualizacja oprogramowania uk\u0142adowego nie mo\u017ce zosta\u0107 zainicjowana za po\u015brednictwem aplikacji GFA5, mo\u017cliwe jest zaktualizowanie oprogramowania uk\u0142adowego za pomoc\u0105 narz\u0119dzia ConfigTool NEO.  <\/p>\n\n<p><strong>Pobierz oprogramowanie sprz\u0119towe kontrolera<\/strong><\/p>\n\n<p><a href=\"https:\/\/eltakocloud-download.s3.eu-central-1.amazonaws.com\/fw\/mediola\/C2\/c2eltako_latest.hex\" target=\"_blank\" rel=\"noreferrer noopener\">Pobierz wersj\u0119 1.25.6<\/a> (\u0142\u0105cze zewn\u0119trzne)<\/p>\n\n<p><a href=\"https:\/\/docs.eltako.de\/docs\/changelog_minisafe2\/\" target=\"_blank\" rel=\"noreferrer noopener\">Changelog MiniSafe2<\/a><\/p>\n\n<p><a href=\"https:\/\/docs.eltako.de\/docs\/changelog_gfa5\/\" target=\"_blank\" rel=\"noreferrer noopener\">Changelog GFA5<\/a><\/p>\n\n<p><\/p>\n\n<h3 class=\"wp-block-heading\">Aktualizacja oprogramowania sprz\u0119towego za pomoc\u0105 ConfigTool NEO  <\/h3>\n\n<p><\/p>\n\n<p class=\"has-normal-font-size\"><strong>Wymagania wst\u0119pne:  <\/strong><\/p>\n\n<ol class=\"wp-block-list\">\n<li>Narz\u0119dzie ConfigTool NEO jest zainstalowane  <\/li>\n<\/ol>\n\n<ol start=\"2\" class=\"wp-block-list\">\n<li>Komputer i kontroler znajduj\u0105 si\u0119 w tej samej sieci.  <\/li>\n<\/ol>\n\n<p>Po uruchomieniu ConfigTool NEO sterownik jest wy\u015bwietlany bezpo\u015brednio na stronie startowej.  <\/p>\n\n<ol class=\"wp-block-list\">\n<li>Kliknij kontroler, aby uzyska\u0107 dost\u0119p do ustawie\u0144  <\/li>\n<\/ol>\n\n<ol start=\"2\" class=\"wp-block-list\">\n<li>Zak\u0142adka &#8222;Og\u00f3lne&#8221;: Tutaj wy\u015bwietlane s\u0105 informacje o nowych wersjach oprogramowania sprz\u0119towego.  <\/li>\n<\/ol>\n\n<ol start=\"3\" class=\"wp-block-list\">\n<li>Kliknij &#8222;Aktywuj formularze&#8221;  <\/li>\n<\/ol>\n\n<ol start=\"4\" class=\"wp-block-list\">\n<li>Zainstaluj oprogramowanie sprz\u0119towe na kontrolerze  <\/li>\n<\/ol>\n\n<p><strong>Pobierz ConfigTool NEO<\/strong> <\/p>\n\n<p><a href=\"https:\/\/s3-eu-west-1.amazonaws.com\/mediola-download\/configtool_neo\/ConfigTool+NEO.exe\" target=\"_blank\" rel=\"noreferrer noopener\">Pobierz wersj\u0119<\/a><a href=\"https:\/\/s3-eu-west-1.amazonaws.com\/mediola-download\/configtool_neo\/1.17.0\/ConfigTool+NEO.exe\" target=\"_blank\" rel=\"noreferrer noopener\">Windows<\/a> (\u0142\u0105cze zewn\u0119trzne)  <\/p>\n\n<p><a href=\"https:\/\/s3-eu-west-1.amazonaws.com\/mediola-download\/configtool_neo\/ConfigTool+NEO.dmg\" target=\"_blank\" rel=\"noreferrer noopener\">Pobierz wersj\u0119 macOS<\/a><a href=\"https:\/\/s3-eu-west-1.amazonaws.com\/mediola-download\/configtool_neo\/1.17.0\/ConfigTool+NEO.dmg\" target=\"_blank\" rel=\"noreferrer noopener\">12+<\/a> (\u0142\u0105cze zewn\u0119trzne)<\/p>\n\n<p><a href=\"https:\/\/s3-eu-west-1.amazonaws.com\/mediola-download\/configtool_neo\/1.17.0\/ConfigTool+NEO-mac10.dmg\">Pobierz wersj\u0119 macOS 10\/11<\/a> (\u0142\u0105cze zewn\u0119trzne)<\/p>\n\n<p><a href=\"https:\/\/s3-eu-west-1.amazonaws.com\/mediola-download\/configtool_neo\/1.9.0\/ConfigTool+NEO.tar.gz\" target=\"_blank\" rel=\"noreferrer noopener\">Pobierz wersj\u0119 dla<\/a><a href=\"https:\/\/s3-eu-west-1.amazonaws.com\/mediola-download\/configtool_neo\/1.17.0\/ConfigTool+NEO.tar.gz\" target=\"_blank\" rel=\"noreferrer noopener\">systemu Linux<\/a> (\u0142\u0105cze zewn\u0119trzne)<\/p>\n\n<p><\/p>\n\n<p><\/p>\n","protected":false},"excerpt":{"rendered":"<p>Aktualizacja oprogramowania sprz\u0119towego Upewnij si\u0119, \u017ce zawsze u\u017cywasz kontrolera z najnowsz\u0105 wersj\u0105 oprogramowania uk\u0142adowego, aby zapewni\u0107 p\u0142ynn\u0105 interakcj\u0119 z aplikacj\u0105 GFA5. Post\u0119puj zgodnie z poni\u017cszymi instrukcjami aktualizacji: Aktualizacja oprogramowania sprz\u0119towego za pomoc\u0105 aplikacji GFA5 W aplikacji GFA5 mo\u017cna zainicjowa\u0107 aktualizacj\u0119 oprogramowania uk\u0142adowego sterownika bezpo\u015brednio w aplikacji. Je\u015bli dost\u0119pne jest nowe oprogramowanie sprz\u0119towe, w aplikacji pojawi [&hellip;]<\/p>\n","protected":false},"author":31,"featured_media":145896,"parent":0,"menu_order":0,"comment_status":"closed","ping_status":"closed","template":"","meta":{"_acf_changed":false,"footnotes":"","_links_to":"","_links_to_target":""},"class_list":["post-145894","page","type-page","status-publish","has-post-thumbnail","hentry"],"acf":[],"yoast_head":"<!-- This site is optimized with the Yoast SEO plugin v27.2 - https:\/\/yoast.com\/product\/yoast-seo-wordpress\/ -->\n<title>Aktualizacja oprogramowania sprz\u0119towego kontrolera &#187; Eltako<\/title>\n<meta name=\"robots\" content=\"index, follow, max-snippet:-1, max-image-preview:large, max-video-preview:-1\" \/>\n<link rel=\"canonical\" href=\"https:\/\/www.eltako.com\/pl\/aktualizacja-oprogramowania-sprzetowego-kontrolera\/\" \/>\n<meta property=\"og:locale\" content=\"pl_PL\" \/>\n<meta property=\"og:type\" content=\"article\" \/>\n<meta property=\"og:title\" content=\"Aktualizacja oprogramowania sprz\u0119towego kontrolera &#187; Eltako\" \/>\n<meta property=\"og:description\" content=\"Aktualizacja oprogramowania sprz\u0119towego Upewnij si\u0119, \u017ce zawsze u\u017cywasz kontrolera z najnowsz\u0105 wersj\u0105 oprogramowania uk\u0142adowego, aby zapewni\u0107 p\u0142ynn\u0105 interakcj\u0119 z aplikacj\u0105 GFA5. Post\u0119puj zgodnie z poni\u017cszymi instrukcjami aktualizacji: Aktualizacja oprogramowania sprz\u0119towego za pomoc\u0105 aplikacji GFA5 W aplikacji GFA5 mo\u017cna zainicjowa\u0107 aktualizacj\u0119 oprogramowania uk\u0142adowego sterownika bezpo\u015brednio w aplikacji. Je\u015bli dost\u0119pne jest nowe oprogramowanie sprz\u0119towe, w aplikacji pojawi [&hellip;]\" \/>\n<meta property=\"og:url\" content=\"https:\/\/www.eltako.com\/pl\/aktualizacja-oprogramowania-sprzetowego-kontrolera\/\" \/>\n<meta property=\"og:site_name\" content=\"Eltako\" \/>\n<meta property=\"article:modified_time\" content=\"2025-08-28T12:48:00+00:00\" \/>\n<meta property=\"og:image\" content=\"https:\/\/www.eltako.com\/wp-content\/uploads\/2021\/05\/Layout-Firmware-Update-Neu.jpg\" \/>\n\t<meta property=\"og:image:width\" content=\"1920\" \/>\n\t<meta property=\"og:image:height\" content=\"1080\" \/>\n\t<meta property=\"og:image:type\" content=\"image\/jpeg\" \/>\n<meta name=\"twitter:card\" content=\"summary_large_image\" \/>\n<meta name=\"twitter:label1\" content=\"Szacowany czas czytania\" \/>\n\t<meta name=\"twitter:data1\" content=\"1 minuta\" \/>\n<script type=\"application\/ld+json\" class=\"yoast-schema-graph\">{\"@context\":\"https:\/\/schema.org\",\"@graph\":[{\"@type\":\"WebPage\",\"@id\":\"https:\/\/www.eltako.com\/pl\/aktualizacja-oprogramowania-sprzetowego-kontrolera\/\",\"url\":\"https:\/\/www.eltako.com\/pl\/aktualizacja-oprogramowania-sprzetowego-kontrolera\/\",\"name\":\"Aktualizacja oprogramowania sprz\u0119towego kontrolera &#187; Eltako\",\"isPartOf\":{\"@id\":\"https:\/\/www.eltako.com\/en\/#website\"},\"primaryImageOfPage\":{\"@id\":\"https:\/\/www.eltako.com\/pl\/aktualizacja-oprogramowania-sprzetowego-kontrolera\/#primaryimage\"},\"image\":{\"@id\":\"https:\/\/www.eltako.com\/pl\/aktualizacja-oprogramowania-sprzetowego-kontrolera\/#primaryimage\"},\"thumbnailUrl\":\"https:\/\/www.eltako.com\/wp-content\/uploads\/2021\/05\/Layout-Firmware-Update-Neu.jpg\",\"datePublished\":\"2025-08-28T12:47:57+00:00\",\"dateModified\":\"2025-08-28T12:48:00+00:00\",\"breadcrumb\":{\"@id\":\"https:\/\/www.eltako.com\/pl\/aktualizacja-oprogramowania-sprzetowego-kontrolera\/#breadcrumb\"},\"inLanguage\":\"pl-PL\",\"potentialAction\":[{\"@type\":\"ReadAction\",\"target\":[\"https:\/\/www.eltako.com\/pl\/aktualizacja-oprogramowania-sprzetowego-kontrolera\/\"]}]},{\"@type\":\"ImageObject\",\"inLanguage\":\"pl-PL\",\"@id\":\"https:\/\/www.eltako.com\/pl\/aktualizacja-oprogramowania-sprzetowego-kontrolera\/#primaryimage\",\"url\":\"https:\/\/www.eltako.com\/wp-content\/uploads\/2021\/05\/Layout-Firmware-Update-Neu.jpg\",\"contentUrl\":\"https:\/\/www.eltako.com\/wp-content\/uploads\/2021\/05\/Layout-Firmware-Update-Neu.jpg\",\"width\":1920,\"height\":1080},{\"@type\":\"BreadcrumbList\",\"@id\":\"https:\/\/www.eltako.com\/pl\/aktualizacja-oprogramowania-sprzetowego-kontrolera\/#breadcrumb\",\"itemListElement\":[{\"@type\":\"ListItem\",\"position\":1,\"name\":\"Home\",\"item\":\"https:\/\/www.eltako.com\/pl\/\"},{\"@type\":\"ListItem\",\"position\":2,\"name\":\"Aktualizacja oprogramowania sprz\u0119towego kontrolera\"}]},{\"@type\":\"WebSite\",\"@id\":\"https:\/\/www.eltako.com\/en\/#website\",\"url\":\"https:\/\/www.eltako.com\/en\/\",\"name\":\"Eltako\",\"description\":\"Schaltger\u00e4te, Netzteile, Stromz\u00e4hler, Dimmer, Geb\u00e4udeinstallation, Steuerungstechnik, Smart Home-L\u00f6sungen, Geb\u00e4udefunk, EnOcean-Technologie\",\"potentialAction\":[{\"@type\":\"SearchAction\",\"target\":{\"@type\":\"EntryPoint\",\"urlTemplate\":\"https:\/\/www.eltako.com\/en\/?s={search_term_string}\"},\"query-input\":{\"@type\":\"PropertyValueSpecification\",\"valueRequired\":true,\"valueName\":\"search_term_string\"}}],\"inLanguage\":\"pl-PL\"}]}<\/script>\n<!-- \/ Yoast SEO plugin. -->","yoast_head_json":{"title":"Aktualizacja oprogramowania sprz\u0119towego kontrolera &#187; Eltako","robots":{"index":"index","follow":"follow","max-snippet":"max-snippet:-1","max-image-preview":"max-image-preview:large","max-video-preview":"max-video-preview:-1"},"canonical":"https:\/\/www.eltako.com\/pl\/aktualizacja-oprogramowania-sprzetowego-kontrolera\/","og_locale":"pl_PL","og_type":"article","og_title":"Aktualizacja oprogramowania sprz\u0119towego kontrolera &#187; Eltako","og_description":"Aktualizacja oprogramowania sprz\u0119towego Upewnij si\u0119, \u017ce zawsze u\u017cywasz kontrolera z najnowsz\u0105 wersj\u0105 oprogramowania uk\u0142adowego, aby zapewni\u0107 p\u0142ynn\u0105 interakcj\u0119 z aplikacj\u0105 GFA5. Post\u0119puj zgodnie z poni\u017cszymi instrukcjami aktualizacji: Aktualizacja oprogramowania sprz\u0119towego za pomoc\u0105 aplikacji GFA5 W aplikacji GFA5 mo\u017cna zainicjowa\u0107 aktualizacj\u0119 oprogramowania uk\u0142adowego sterownika bezpo\u015brednio w aplikacji. Je\u015bli dost\u0119pne jest nowe oprogramowanie sprz\u0119towe, w aplikacji pojawi [&hellip;]","og_url":"https:\/\/www.eltako.com\/pl\/aktualizacja-oprogramowania-sprzetowego-kontrolera\/","og_site_name":"Eltako","article_modified_time":"2025-08-28T12:48:00+00:00","og_image":[{"width":1920,"height":1080,"url":"https:\/\/www.eltako.com\/wp-content\/uploads\/2021\/05\/Layout-Firmware-Update-Neu.jpg","type":"image\/jpeg"}],"twitter_card":"summary_large_image","twitter_misc":{"Szacowany czas czytania":"1 minuta"},"schema":{"@context":"https:\/\/schema.org","@graph":[{"@type":"WebPage","@id":"https:\/\/www.eltako.com\/pl\/aktualizacja-oprogramowania-sprzetowego-kontrolera\/","url":"https:\/\/www.eltako.com\/pl\/aktualizacja-oprogramowania-sprzetowego-kontrolera\/","name":"Aktualizacja oprogramowania sprz\u0119towego kontrolera &#187; Eltako","isPartOf":{"@id":"https:\/\/www.eltako.com\/en\/#website"},"primaryImageOfPage":{"@id":"https:\/\/www.eltako.com\/pl\/aktualizacja-oprogramowania-sprzetowego-kontrolera\/#primaryimage"},"image":{"@id":"https:\/\/www.eltako.com\/pl\/aktualizacja-oprogramowania-sprzetowego-kontrolera\/#primaryimage"},"thumbnailUrl":"https:\/\/www.eltako.com\/wp-content\/uploads\/2021\/05\/Layout-Firmware-Update-Neu.jpg","datePublished":"2025-08-28T12:47:57+00:00","dateModified":"2025-08-28T12:48:00+00:00","breadcrumb":{"@id":"https:\/\/www.eltako.com\/pl\/aktualizacja-oprogramowania-sprzetowego-kontrolera\/#breadcrumb"},"inLanguage":"pl-PL","potentialAction":[{"@type":"ReadAction","target":["https:\/\/www.eltako.com\/pl\/aktualizacja-oprogramowania-sprzetowego-kontrolera\/"]}]},{"@type":"ImageObject","inLanguage":"pl-PL","@id":"https:\/\/www.eltako.com\/pl\/aktualizacja-oprogramowania-sprzetowego-kontrolera\/#primaryimage","url":"https:\/\/www.eltako.com\/wp-content\/uploads\/2021\/05\/Layout-Firmware-Update-Neu.jpg","contentUrl":"https:\/\/www.eltako.com\/wp-content\/uploads\/2021\/05\/Layout-Firmware-Update-Neu.jpg","width":1920,"height":1080},{"@type":"BreadcrumbList","@id":"https:\/\/www.eltako.com\/pl\/aktualizacja-oprogramowania-sprzetowego-kontrolera\/#breadcrumb","itemListElement":[{"@type":"ListItem","position":1,"name":"Home","item":"https:\/\/www.eltako.com\/pl\/"},{"@type":"ListItem","position":2,"name":"Aktualizacja oprogramowania sprz\u0119towego kontrolera"}]},{"@type":"WebSite","@id":"https:\/\/www.eltako.com\/en\/#website","url":"https:\/\/www.eltako.com\/en\/","name":"Eltako","description":"Schaltger\u00e4te, Netzteile, Stromz\u00e4hler, Dimmer, Geb\u00e4udeinstallation, Steuerungstechnik, Smart Home-L\u00f6sungen, Geb\u00e4udefunk, EnOcean-Technologie","potentialAction":[{"@type":"SearchAction","target":{"@type":"EntryPoint","urlTemplate":"https:\/\/www.eltako.com\/en\/?s={search_term_string}"},"query-input":{"@type":"PropertyValueSpecification","valueRequired":true,"valueName":"search_term_string"}}],"inLanguage":"pl-PL"}]}},"_links":{"self":[{"href":"https:\/\/www.eltako.com\/pl\/wp-json\/wp\/v2\/pages\/145894","targetHints":{"allow":["GET"]}}],"collection":[{"href":"https:\/\/www.eltako.com\/pl\/wp-json\/wp\/v2\/pages"}],"about":[{"href":"https:\/\/www.eltako.com\/pl\/wp-json\/wp\/v2\/types\/page"}],"author":[{"embeddable":true,"href":"https:\/\/www.eltako.com\/pl\/wp-json\/wp\/v2\/users\/31"}],"replies":[{"embeddable":true,"href":"https:\/\/www.eltako.com\/pl\/wp-json\/wp\/v2\/comments?post=145894"}],"version-history":[{"count":1,"href":"https:\/\/www.eltako.com\/pl\/wp-json\/wp\/v2\/pages\/145894\/revisions"}],"predecessor-version":[{"id":145897,"href":"https:\/\/www.eltako.com\/pl\/wp-json\/wp\/v2\/pages\/145894\/revisions\/145897"}],"wp:featuredmedia":[{"embeddable":true,"href":"https:\/\/www.eltako.com\/pl\/wp-json\/wp\/v2\/media\/145896"}],"wp:attachment":[{"href":"https:\/\/www.eltako.com\/pl\/wp-json\/wp\/v2\/media?parent=145894"}],"curies":[{"name":"wp","href":"https:\/\/api.w.org\/{rel}","templated":true}]}}