{"id":145886,"date":"2025-08-28T14:47:16","date_gmt":"2025-08-28T12:47:16","guid":{"rendered":"https:\/\/www.eltako.com\/company\/kariera\/"},"modified":"2025-09-05T09:55:24","modified_gmt":"2025-09-05T07:55:24","slug":"kariera","status":"publish","type":"page","link":"https:\/\/www.eltako.com\/pl\/company\/kariera\/","title":{"rendered":"Kariera"},"content":{"rendered":"\n<h2 class=\"wp-block-heading\">ELTAKO jako pracodawca &#8211; Twoja kariera z nami!<\/h2>\n\n\n\n<div style=\"height:32px\" aria-hidden=\"true\" class=\"wp-block-spacer\"><\/div>\n\n\n\n<div class=\"wp-block-columns is-layout-flex wp-container-core-columns-is-layout-9d6595d7 wp-block-columns-is-layout-flex\">\n<div class=\"wp-block-column is-layout-flow wp-block-column-is-layout-flow\"><\/div>\n\n\n\n<div class=\"wp-block-column is-layout-flow wp-block-column-is-layout-flow\">\n<a href=\"https:\/\/jobs.eltako.com\/en\" target=\"_blank\" class=\"text-uppercase font-weight-bold btn text-white p-3 mt-1 mb-1 w-100\" style=\"background : #016db7; font-size:20px\" rel=\"noopener\">Do platformy dla wnioskodawc\u00f3w<\/a>\n<\/div>\n\n\n\n<div class=\"wp-block-column is-layout-flow wp-block-column-is-layout-flow\"><\/div>\n<\/div>\n\n\n\n<h3 class=\"wp-block-heading\"><strong>O nas:<\/strong><\/h3>\n\n\n\n<p><\/p>\n\n\n\n<div style=\"height:20px\" aria-hidden=\"true\" class=\"wp-block-spacer\"><\/div>\n\n\n\n<h4 class=\"wp-block-heading\">W <strong>ELTAKO<\/strong> mamy wsp\u00f3lny cel: przekszta\u0142ci\u0107 ka\u017cdy dom w inteligentny dom. Nasz przepis na sukces? Najwyra\u017aniej naszych ponad 135 pracownik\u00f3w w ca\u0142ej Europie, kt\u00f3rzy ka\u017cdego dnia wk\u0142adaj\u0105 serce i dusz\u0119 w swoj\u0105 prac\u0119. Dzi\u0119ki innowacyjnym i kreatywnym pomys\u0142om naszych pracownik\u00f3w oraz ponad 75-letniemu do\u015bwiadczeniu reprezentujemy najwy\u017cszy poziom wiedzy i jako\u015bci, je\u015bli chodzi o opracowywanie innowacyjnych produkt\u00f3w do instalacji budynk\u00f3w i technologii sterowania.   <\/h4>\n\n\n\n<div style=\"height:20px\" aria-hidden=\"true\" class=\"wp-block-spacer\"><\/div>\n\n\n\n<h3 class=\"wp-block-heading\"><strong>O Tobie:<\/strong><\/h3>\n\n\n\n<div style=\"height:20px\" aria-hidden=\"true\" class=\"wp-block-spacer\"><\/div>\n\n\n\n<h4 class=\"wp-block-heading\">Nie boisz si\u0119 nowych zada\u0144, lubisz pracowa\u0107 w zespole i jeste\u015b pasjonatem swojej pracy? W takim razie z przyjemno\u015bci\u0105 powitamy Ci\u0119 w naszym zespole w przysz\u0142o\u015bci.   <\/h4>\n\n\n\n<h4 class=\"wp-block-heading\">Jako cz\u0142onek ELTAKO mo\u017cesz spodziewa\u0107 si\u0119 ekscytuj\u0105cych projekt\u00f3w, przyjaznych ludzi i nieko\u0144cz\u0105cych si\u0119 mo\u017cliwo\u015bci.  <\/h4>\n\n\n\n<h4 class=\"wp-block-heading\">Opr\u00f3cz sta\u0142ych pracownik\u00f3w oferujemy r\u00f3wnie\u017c przestrze\u0144 dla pracuj\u0105cych student\u00f3w i regularne sta\u017ce.  <\/h4>\n\n\n\n<h4 class=\"wp-block-heading\">Nie mo\u017cemy zaoferowa\u0107 Ci stanowiska, kt\u00f3re Ci odpowiada? Niewa\u017cne, wy\u015blij nam niezam\u00f3wion\u0105 aplikacj\u0119 &#8211; zawsze jeste\u015bmy zainteresowani dobrymi pracownikami!   <\/h4>\n\n\n\n<h5 class=\"wp-block-heading\"><\/h5>\n","protected":false},"excerpt":{"rendered":"<p>ELTAKO jako pracodawca &#8211; Twoja kariera z nami! Do platformy dla wnioskodawc\u00f3w O nas: W ELTAKO mamy wsp\u00f3lny cel: przekszta\u0142ci\u0107 ka\u017cdy dom w inteligentny dom. Nasz przepis na sukces? Najwyra\u017aniej naszych ponad 135 pracownik\u00f3w w ca\u0142ej Europie, kt\u00f3rzy ka\u017cdego dnia wk\u0142adaj\u0105 serce i dusz\u0119 w swoj\u0105 prac\u0119. Dzi\u0119ki innowacyjnym i kreatywnym pomys\u0142om naszych pracownik\u00f3w oraz [&hellip;]<\/p>\n","protected":false},"author":31,"featured_media":145887,"parent":145698,"menu_order":6,"comment_status":"closed","ping_status":"closed","template":"","meta":{"_acf_changed":false,"footnotes":"","_links_to":"","_links_to_target":""},"class_list":["post-145886","page","type-page","status-publish","has-post-thumbnail","hentry"],"acf":[],"yoast_head":"<!-- This site is optimized with the Yoast SEO plugin v27.2 - https:\/\/yoast.com\/product\/yoast-seo-wordpress\/ -->\n<title>Kariera &#187; Eltako<\/title>\n<meta name=\"robots\" content=\"index, follow, max-snippet:-1, max-image-preview:large, max-video-preview:-1\" \/>\n<link rel=\"canonical\" href=\"https:\/\/www.eltako.com\/pl\/company\/kariera\/\" \/>\n<meta property=\"og:locale\" content=\"pl_PL\" \/>\n<meta property=\"og:type\" content=\"article\" \/>\n<meta property=\"og:title\" content=\"Kariera &#187; Eltako\" \/>\n<meta property=\"og:description\" content=\"ELTAKO jako pracodawca &#8211; Twoja kariera z nami! Do platformy dla wnioskodawc\u00f3w O nas: W ELTAKO mamy wsp\u00f3lny cel: przekszta\u0142ci\u0107 ka\u017cdy dom w inteligentny dom. Nasz przepis na sukces? Najwyra\u017aniej naszych ponad 135 pracownik\u00f3w w ca\u0142ej Europie, kt\u00f3rzy ka\u017cdego dnia wk\u0142adaj\u0105 serce i dusz\u0119 w swoj\u0105 prac\u0119. Dzi\u0119ki innowacyjnym i kreatywnym pomys\u0142om naszych pracownik\u00f3w oraz [&hellip;]\" \/>\n<meta property=\"og:url\" content=\"https:\/\/www.eltako.com\/pl\/company\/kariera\/\" \/>\n<meta property=\"og:site_name\" content=\"Eltako\" \/>\n<meta property=\"article:modified_time\" content=\"2025-09-05T07:55:24+00:00\" \/>\n<meta property=\"og:image\" content=\"https:\/\/www.eltako.com\/wp-content\/uploads\/2020\/10\/Karriere-Website-NEU-scaled.jpg\" \/>\n\t<meta property=\"og:image:width\" content=\"1920\" \/>\n\t<meta property=\"og:image:height\" content=\"1280\" \/>\n\t<meta property=\"og:image:type\" content=\"image\/jpeg\" \/>\n<meta name=\"twitter:card\" content=\"summary_large_image\" \/>\n<meta name=\"twitter:label1\" content=\"Szacowany czas czytania\" \/>\n\t<meta name=\"twitter:data1\" content=\"2 minuty\" \/>\n<script type=\"application\/ld+json\" class=\"yoast-schema-graph\">{\"@context\":\"https:\/\/schema.org\",\"@graph\":[{\"@type\":\"WebPage\",\"@id\":\"https:\/\/www.eltako.com\/pl\/company\/kariera\/\",\"url\":\"https:\/\/www.eltako.com\/pl\/company\/kariera\/\",\"name\":\"Kariera &#187; Eltako\",\"isPartOf\":{\"@id\":\"https:\/\/www.eltako.com\/en\/#website\"},\"primaryImageOfPage\":{\"@id\":\"https:\/\/www.eltako.com\/pl\/company\/kariera\/#primaryimage\"},\"image\":{\"@id\":\"https:\/\/www.eltako.com\/pl\/company\/kariera\/#primaryimage\"},\"thumbnailUrl\":\"https:\/\/www.eltako.com\/wp-content\/uploads\/2020\/10\/Karriere-Website-NEU-scaled.jpg\",\"datePublished\":\"2025-08-28T12:47:16+00:00\",\"dateModified\":\"2025-09-05T07:55:24+00:00\",\"breadcrumb\":{\"@id\":\"https:\/\/www.eltako.com\/pl\/company\/kariera\/#breadcrumb\"},\"inLanguage\":\"pl-PL\",\"potentialAction\":[{\"@type\":\"ReadAction\",\"target\":[\"https:\/\/www.eltako.com\/pl\/company\/kariera\/\"]}]},{\"@type\":\"ImageObject\",\"inLanguage\":\"pl-PL\",\"@id\":\"https:\/\/www.eltako.com\/pl\/company\/kariera\/#primaryimage\",\"url\":\"https:\/\/www.eltako.com\/wp-content\/uploads\/2020\/10\/Karriere-Website-NEU-scaled.jpg\",\"contentUrl\":\"https:\/\/www.eltako.com\/wp-content\/uploads\/2020\/10\/Karriere-Website-NEU-scaled.jpg\",\"width\":1920,\"height\":1280,\"caption\":\"Business people handshake, sitting at the table .\"},{\"@type\":\"BreadcrumbList\",\"@id\":\"https:\/\/www.eltako.com\/pl\/company\/kariera\/#breadcrumb\",\"itemListElement\":[{\"@type\":\"ListItem\",\"position\":1,\"name\":\"Home\",\"item\":\"https:\/\/www.eltako.com\/pl\/\"},{\"@type\":\"ListItem\",\"position\":2,\"name\":\"Przedsi\u0119biorstwo\",\"item\":\"https:\/\/www.eltako.com\/pl\/company\/\"},{\"@type\":\"ListItem\",\"position\":3,\"name\":\"Kariera\"}]},{\"@type\":\"WebSite\",\"@id\":\"https:\/\/www.eltako.com\/en\/#website\",\"url\":\"https:\/\/www.eltako.com\/en\/\",\"name\":\"Eltako\",\"description\":\"Schaltger\u00e4te, Netzteile, Stromz\u00e4hler, Dimmer, Geb\u00e4udeinstallation, Steuerungstechnik, Smart Home-L\u00f6sungen, Geb\u00e4udefunk, EnOcean-Technologie\",\"potentialAction\":[{\"@type\":\"SearchAction\",\"target\":{\"@type\":\"EntryPoint\",\"urlTemplate\":\"https:\/\/www.eltako.com\/en\/?s={search_term_string}\"},\"query-input\":{\"@type\":\"PropertyValueSpecification\",\"valueRequired\":true,\"valueName\":\"search_term_string\"}}],\"inLanguage\":\"pl-PL\"}]}<\/script>\n<!-- \/ Yoast SEO plugin. -->","yoast_head_json":{"title":"Kariera &#187; Eltako","robots":{"index":"index","follow":"follow","max-snippet":"max-snippet:-1","max-image-preview":"max-image-preview:large","max-video-preview":"max-video-preview:-1"},"canonical":"https:\/\/www.eltako.com\/pl\/company\/kariera\/","og_locale":"pl_PL","og_type":"article","og_title":"Kariera &#187; Eltako","og_description":"ELTAKO jako pracodawca &#8211; Twoja kariera z nami! Do platformy dla wnioskodawc\u00f3w O nas: W ELTAKO mamy wsp\u00f3lny cel: przekszta\u0142ci\u0107 ka\u017cdy dom w inteligentny dom. Nasz przepis na sukces? Najwyra\u017aniej naszych ponad 135 pracownik\u00f3w w ca\u0142ej Europie, kt\u00f3rzy ka\u017cdego dnia wk\u0142adaj\u0105 serce i dusz\u0119 w swoj\u0105 prac\u0119. Dzi\u0119ki innowacyjnym i kreatywnym pomys\u0142om naszych pracownik\u00f3w oraz [&hellip;]","og_url":"https:\/\/www.eltako.com\/pl\/company\/kariera\/","og_site_name":"Eltako","article_modified_time":"2025-09-05T07:55:24+00:00","og_image":[{"width":1920,"height":1280,"url":"https:\/\/www.eltako.com\/wp-content\/uploads\/2020\/10\/Karriere-Website-NEU-scaled.jpg","type":"image\/jpeg"}],"twitter_card":"summary_large_image","twitter_misc":{"Szacowany czas czytania":"2 minuty"},"schema":{"@context":"https:\/\/schema.org","@graph":[{"@type":"WebPage","@id":"https:\/\/www.eltako.com\/pl\/company\/kariera\/","url":"https:\/\/www.eltako.com\/pl\/company\/kariera\/","name":"Kariera &#187; Eltako","isPartOf":{"@id":"https:\/\/www.eltako.com\/en\/#website"},"primaryImageOfPage":{"@id":"https:\/\/www.eltako.com\/pl\/company\/kariera\/#primaryimage"},"image":{"@id":"https:\/\/www.eltako.com\/pl\/company\/kariera\/#primaryimage"},"thumbnailUrl":"https:\/\/www.eltako.com\/wp-content\/uploads\/2020\/10\/Karriere-Website-NEU-scaled.jpg","datePublished":"2025-08-28T12:47:16+00:00","dateModified":"2025-09-05T07:55:24+00:00","breadcrumb":{"@id":"https:\/\/www.eltako.com\/pl\/company\/kariera\/#breadcrumb"},"inLanguage":"pl-PL","potentialAction":[{"@type":"ReadAction","target":["https:\/\/www.eltako.com\/pl\/company\/kariera\/"]}]},{"@type":"ImageObject","inLanguage":"pl-PL","@id":"https:\/\/www.eltako.com\/pl\/company\/kariera\/#primaryimage","url":"https:\/\/www.eltako.com\/wp-content\/uploads\/2020\/10\/Karriere-Website-NEU-scaled.jpg","contentUrl":"https:\/\/www.eltako.com\/wp-content\/uploads\/2020\/10\/Karriere-Website-NEU-scaled.jpg","width":1920,"height":1280,"caption":"Business people handshake, sitting at the table ."},{"@type":"BreadcrumbList","@id":"https:\/\/www.eltako.com\/pl\/company\/kariera\/#breadcrumb","itemListElement":[{"@type":"ListItem","position":1,"name":"Home","item":"https:\/\/www.eltako.com\/pl\/"},{"@type":"ListItem","position":2,"name":"Przedsi\u0119biorstwo","item":"https:\/\/www.eltako.com\/pl\/company\/"},{"@type":"ListItem","position":3,"name":"Kariera"}]},{"@type":"WebSite","@id":"https:\/\/www.eltako.com\/en\/#website","url":"https:\/\/www.eltako.com\/en\/","name":"Eltako","description":"Schaltger\u00e4te, Netzteile, Stromz\u00e4hler, Dimmer, Geb\u00e4udeinstallation, Steuerungstechnik, Smart Home-L\u00f6sungen, Geb\u00e4udefunk, EnOcean-Technologie","potentialAction":[{"@type":"SearchAction","target":{"@type":"EntryPoint","urlTemplate":"https:\/\/www.eltako.com\/en\/?s={search_term_string}"},"query-input":{"@type":"PropertyValueSpecification","valueRequired":true,"valueName":"search_term_string"}}],"inLanguage":"pl-PL"}]}},"_links":{"self":[{"href":"https:\/\/www.eltako.com\/pl\/wp-json\/wp\/v2\/pages\/145886","targetHints":{"allow":["GET"]}}],"collection":[{"href":"https:\/\/www.eltako.com\/pl\/wp-json\/wp\/v2\/pages"}],"about":[{"href":"https:\/\/www.eltako.com\/pl\/wp-json\/wp\/v2\/types\/page"}],"author":[{"embeddable":true,"href":"https:\/\/www.eltako.com\/pl\/wp-json\/wp\/v2\/users\/31"}],"replies":[{"embeddable":true,"href":"https:\/\/www.eltako.com\/pl\/wp-json\/wp\/v2\/comments?post=145886"}],"version-history":[{"count":2,"href":"https:\/\/www.eltako.com\/pl\/wp-json\/wp\/v2\/pages\/145886\/revisions"}],"predecessor-version":[{"id":146395,"href":"https:\/\/www.eltako.com\/pl\/wp-json\/wp\/v2\/pages\/145886\/revisions\/146395"}],"up":[{"embeddable":true,"href":"https:\/\/www.eltako.com\/pl\/wp-json\/wp\/v2\/pages\/145698"}],"wp:featuredmedia":[{"embeddable":true,"href":"https:\/\/www.eltako.com\/pl\/wp-json\/wp\/v2\/media\/145887"}],"wp:attachment":[{"href":"https:\/\/www.eltako.com\/pl\/wp-json\/wp\/v2\/media?parent=145886"}],"curies":[{"name":"wp","href":"https:\/\/api.w.org\/{rel}","templated":true}]}}