{"id":145846,"date":"2025-08-28T14:47:08","date_gmt":"2025-08-28T12:47:08","guid":{"rendered":"https:\/\/www.eltako.com\/enocean\/"},"modified":"2025-08-28T14:47:09","modified_gmt":"2025-08-28T12:47:09","slug":"enocean","status":"publish","type":"page","link":"https:\/\/www.eltako.com\/pl\/company\/partner-und-allianzen\/enocean\/","title":{"rendered":"EnOcean"},"content":{"rendered":"\n<div style=\"height:50px\" aria-hidden=\"true\" class=\"wp-block-spacer\"><\/div>\n\n<h2 class=\"has-text-color wp-block-heading\" id=\"enocean\" style=\"color:#016db7\">EnOcean<\/h2>\n\n<div style=\"height:50px\" aria-hidden=\"true\" class=\"wp-block-spacer\"><\/div>\n\n<p class=\"has-medium-font-size\">Do\u0142\u0105czyli\u015bmy do EnOcean Alliance w 2008 roku i od tego czasu \u015bci\u015ble wsp\u00f3\u0142pracujemy z firm\u0105 o tej samej nazwie. Obecnie jeste\u015bmy jednym z niewielu promotor\u00f3w i stali\u015bmy si\u0119 najbardziej wszechstronnym dostawc\u0105 produkt\u00f3w opartych na technologii radiowej EnOcean.   <\/p>\n\n<p class=\"has-medium-font-size\">EnOcean GmbH, z siedzib\u0105 w Oberhaching niedaleko Monachium, oznacza w du\u017cej mierze bezbateryjny standard bezprzewodowy i jest wa\u017cnym filarem w \u0142a\u0144cuchu dostaw profesjonalnych produkt\u00f3w Smart Home.  <\/p>\n\n<p class=\"has-medium-font-size\">EnOcean Alliance zrzesza ponad 400 firm z r\u00f3\u017cnych bran\u017c, kt\u00f3re wprowadzaj\u0105 na rynek produkty i rozwi\u0105zania oparte na tym wsp\u00f3lnym standardzie i wyposa\u017cy\u0142y ju\u017c ponad milion budynk\u00f3w na ca\u0142ym \u015bwiecie.  <\/p>\n\n<p class=\"has-medium-font-size\">Jako wieloletni partner zrealizowali\u015bmy ju\u017c wsp\u00f3lnie wiele projekt\u00f3w. Jednym z najwi\u0119kszych by\u0142 Mandarin Oriental Hotel w Makau w 2015 roku. Ten luksusowy hotel oferuje wygod\u0119 i efektywno\u015b\u0107 energetyczn\u0105 we wszystkich obszarach dzi\u0119ki inteligentnej instalacji elektrycznej Eltako i EnOcean. Wbudowane czujniki imponuj\u0105 bezkablowym, bezbateryjnym i bezobs\u0142ugowym dzia\u0142aniem oraz nowoczesnym designem. Praktyczne sceny mog\u0105 by\u0107 wywo\u0142ywane przez odwiedzaj\u0105cych jednym klikni\u0119ciem myszy. Wygrawerowane piktogramy m\u00f3wi\u0105 same za siebie i u\u0142atwiaj\u0105 obs\u0142ug\u0119.       <\/p>\n\n<p class=\"has-medium-font-size\">Dalsze projekty, informacje i wi\u0119cej o firmie EnOcean mo\u017cna znale\u017a\u0107 <strong><a href=\"https:\/\/www.enocean.com\/de\/\">tutaj<\/a><\/strong>.  <\/p>\n\n<p><\/p>\n\n<div style=\"height:50px\" aria-hidden=\"true\" class=\"wp-block-spacer\"><\/div>\n\n<figure class=\"wp-block-image size-large\"><img decoding=\"async\" width=\"1024\" height=\"249\" src=\"https:\/\/betax923lb8kd7v0.eltako.de\/wp-content\/uploads\/2022\/02\/banner-2-1024x249.jpeg\" alt=\"\" class=\"wp-image-33516\" srcset=\"https:\/\/www.eltako.com\/wp-content\/uploads\/2022\/02\/banner-2-1024x249.jpeg 1024w, https:\/\/www.eltako.com\/wp-content\/uploads\/2022\/02\/banner-2-300x73.jpeg 300w, https:\/\/www.eltako.com\/wp-content\/uploads\/2022\/02\/banner-2-768x187.jpeg 768w, https:\/\/www.eltako.com\/wp-content\/uploads\/2022\/02\/banner-2-600x146.jpeg 600w, https:\/\/www.eltako.com\/wp-content\/uploads\/2022\/02\/banner-2.jpeg 1374w\" sizes=\"(max-width: 1024px) 100vw, 1024px\" \/><\/figure>\n\n<div style=\"height:80px\" aria-hidden=\"true\" class=\"wp-block-spacer\"><\/div>\n\n<div class=\"wp-block-columns is-layout-flex wp-container-core-columns-is-layout-9d6595d7 wp-block-columns-is-layout-flex\">\n<div class=\"wp-block-column is-layout-flow wp-block-column-is-layout-flow\">\n<p><\/p>\n\n\n\n<div style=\"height:100px\" aria-hidden=\"true\" class=\"wp-block-spacer\"><\/div>\n\n\n\n<h2 class=\"has-text-color wp-block-heading\" id=\"lorem-ipsum\" style=\"color:#016db7\"><strong>Zbieranie energii:<\/strong><\/h2>\n\n\n\n<div style=\"height:16px\" aria-hidden=\"true\" class=\"wp-block-spacer\"><\/div>\n\n\n\n<p class=\"has-medium-font-size\">Technologia EnOcean opiera si\u0119 na tak zwanym &#8222;zbieraniu energii&#8221;, kt\u00f3re pozyskuje energi\u0119 potrzebn\u0105 do generowania sygna\u0142u z otoczenia. W tym celu czujniki zbieraj\u0105 i magazynuj\u0105 energi\u0119 kinetyczn\u0105, ciepln\u0105 i s\u0142oneczn\u0105. Naci\u015bni\u0119cie klawisza, r\u00f3\u017cnica temperatur mi\u0119dzy grzejnikiem a powietrzem w pomieszczeniu lub ogniwa s\u0142oneczne mog\u0105 by\u0107 zatem wykorzystane do dostarczenia cennej energii. Bardzo ma\u0142e konwertery energii i wydajna technologia radiowa oznaczaj\u0105, \u017ce nie ma potrzeby pod\u0142\u0105czania baterii lub kabli. W ten spos\u00f3b u\u017cytkownicy otrzymuj\u0105 inteligentn\u0105 i przede wszystkim przyjazn\u0105 dla \u015brodowiska technologi\u0119 do u\u017cytku prywatnego, kt\u00f3ra zapewnia r\u00f3wnie\u017c ni\u017csze zu\u017cycie energii.      <\/p>\n\n\n\n<div style=\"height:56px\" aria-hidden=\"true\" class=\"wp-block-spacer\"><\/div>\n<\/div>\n\n\n\n<div class=\"wp-block-column is-layout-flow wp-block-column-is-layout-flow\">\n<figure class=\"wp-block-image size-full\"><img decoding=\"async\" width=\"800\" height=\"1000\" src=\"https:\/\/www.eltako.com\/wp-content\/uploads\/2022\/02\/banner.jpg\" alt=\"\" class=\"wp-image-33568\" srcset=\"https:\/\/www.eltako.com\/wp-content\/uploads\/2022\/02\/banner.jpg 800w, https:\/\/www.eltako.com\/wp-content\/uploads\/2022\/02\/banner-240x300.jpg 240w, https:\/\/www.eltako.com\/wp-content\/uploads\/2022\/02\/banner-768x960.jpg 768w, https:\/\/www.eltako.com\/wp-content\/uploads\/2022\/02\/banner-600x750.jpg 600w\" sizes=\"(max-width: 800px) 100vw, 800px\" \/><\/figure>\n<\/div>\n<\/div>\n\n<div style=\"height:50px\" aria-hidden=\"true\" class=\"wp-block-spacer\"><\/div>\n\n<figure class=\"wp-block-image size-large\"><img decoding=\"async\" src=\"https:\/\/www.eltako.de\/wp-content\/uploads\/2021\/07\/Fill.m.1-1024x249.jpg\" alt=\"\" class=\"wp-image-35569\"\/><\/figure>\n\n<p><\/p>\n\n<div style=\"height:50px\" aria-hidden=\"true\" class=\"wp-block-spacer\"><\/div>\n\n<h2 class=\"has-text-color wp-block-heading\" id=\"lorem-ipsum\" style=\"color:#016db7\"><strong><strong>Nasze profesjonalne produkty Smart Home z bezprzewodowym standardem EnOcean to wszechstronne rozwi\u0105zania dla niezliczonych inteligentnych rozwi\u0105za\u0144.  <\/strong> <\/strong> <\/h2>\n\n<div style=\"height:50px\" aria-hidden=\"true\" class=\"wp-block-spacer\"><\/div>\n\n<p class=\"has-medium-font-size\">Dzi\u0119ki swojej ogromnej elastyczno\u015bci, komponenty te mog\u0105 by\u0107 sterowane centralnie, decentralnie lub w kombinacji obu.  <br\/>Opcjonalnie do sterowania mo\u017cna r\u00f3wnie\u017c u\u017cy\u0107 kontrolera inteligentnego domu, co rozszerza mo\u017cliwo\u015bci systemu.  <\/p>\n\n<p class=\"has-medium-font-size\">Fakt, \u017ce standard bezprzewodowy EnOcean jest zintegrowany przez wielu r\u00f3\u017cnych producent\u00f3w oznacza, \u017ce jest on wysoce kompatybilny.  <br\/>W centrum inteligentnego domu produkty z r\u00f3\u017cnych sektor\u00f3w i marek mog\u0105 wsp\u00f3\u0142pracowa\u0107 ze sob\u0105 w ramach inteligentnego systemu.  <\/p>\n\n<div style=\"height:50px\" aria-hidden=\"true\" class=\"wp-block-spacer\"><\/div>\n\n<div class=\"wp-block-columns is-layout-flex wp-container-core-columns-is-layout-9d6595d7 wp-block-columns-is-layout-flex\">\n<div class=\"wp-block-column p-3 has-background is-layout-flow wp-block-column-is-layout-flow\" style=\"background-color:#016db7\">\n<h2 class=\"has-white-color has-text-color wp-block-heading\" id=\"lorem-ipsum-1\"><\/h2>\n\n\n\n<p class=\"has-white-color has-text-color has-medium-font-size\">Je\u015bli chcesz dowiedzie\u0107 si\u0119 wi\u0119cej o pracy EnOcean Alliance i naszej wsp\u00f3\u0142pracy jako partner\u00f3w, kliknij <a href=\"https:\/\/www.enocean-alliance.org\"><strong>tutaj<\/strong> <\/a>bezpo\u015brednio na stron\u0119 Alliance.  <\/p>\n<\/div>\n\n\n\n<div class=\"wp-block-column p-3 has-background is-layout-flow wp-block-column-is-layout-flow\" style=\"background-color:#016db7\">\n<h2 class=\"has-white-color has-text-color wp-block-heading\" id=\"lorem-ipsum-2\"><\/h2>\n\n\n\n<p class=\"has-white-color has-text-color has-medium-font-size\">Na naszym kanale YouTube pokazujemy inteligentne aplikacje, w kt\u00f3rych du\u017co pracujemy z bezprzewodowymi czujnikami opartymi na EnOcean. Je\u015bli chcesz uzyska\u0107 g\u0142\u0119bszy wgl\u0105d w kontrol\u0119 i integracj\u0119 tych zr\u00f3wnowa\u017conych produkt\u00f3w, przejd\u017a <strong><a href=\"https:\/\/www.youtube.com\/c\/EltakoOfficial\/videos\">tutaj<\/a><\/strong> bezpo\u015brednio na nasze konto.   <\/p>\n\n\n\n<p><\/p>\n\n\n\n<p><\/p>\n<\/div>\n<\/div>\n\n<p><\/p>\n","protected":false},"excerpt":{"rendered":"<p>EnOcean Do\u0142\u0105czyli\u015bmy do EnOcean Alliance w 2008 roku i od tego czasu \u015bci\u015ble wsp\u00f3\u0142pracujemy z firm\u0105 o tej samej nazwie. Obecnie jeste\u015bmy jednym z niewielu promotor\u00f3w i stali\u015bmy si\u0119 najbardziej wszechstronnym dostawc\u0105 produkt\u00f3w opartych na technologii radiowej EnOcean. EnOcean GmbH, z siedzib\u0105 w Oberhaching niedaleko Monachium, oznacza w du\u017cej mierze bezbateryjny standard bezprzewodowy i jest [&hellip;]<\/p>\n","protected":false},"author":31,"featured_media":145852,"parent":146022,"menu_order":1,"comment_status":"closed","ping_status":"closed","template":"","meta":{"_acf_changed":false,"footnotes":"","_links_to":"","_links_to_target":""},"class_list":["post-145846","page","type-page","status-publish","has-post-thumbnail","hentry"],"acf":[],"yoast_head":"<!-- This site is optimized with the Yoast SEO plugin v27.2 - https:\/\/yoast.com\/product\/yoast-seo-wordpress\/ -->\n<title>EnOcean &#187; Eltako<\/title>\n<meta name=\"robots\" content=\"index, follow, max-snippet:-1, max-image-preview:large, max-video-preview:-1\" \/>\n<link rel=\"canonical\" href=\"https:\/\/www.eltako.com\/pl\/enocean\/\" \/>\n<meta property=\"og:locale\" content=\"pl_PL\" \/>\n<meta property=\"og:type\" content=\"article\" \/>\n<meta property=\"og:title\" content=\"EnOcean &#187; Eltako\" \/>\n<meta property=\"og:description\" content=\"EnOcean Do\u0142\u0105czyli\u015bmy do EnOcean Alliance w 2008 roku i od tego czasu \u015bci\u015ble wsp\u00f3\u0142pracujemy z firm\u0105 o tej samej nazwie. Obecnie jeste\u015bmy jednym z niewielu promotor\u00f3w i stali\u015bmy si\u0119 najbardziej wszechstronnym dostawc\u0105 produkt\u00f3w opartych na technologii radiowej EnOcean. EnOcean GmbH, z siedzib\u0105 w Oberhaching niedaleko Monachium, oznacza w du\u017cej mierze bezbateryjny standard bezprzewodowy i jest [&hellip;]\" \/>\n<meta property=\"og:url\" content=\"https:\/\/www.eltako.com\/pl\/enocean\/\" \/>\n<meta property=\"og:site_name\" content=\"Eltako\" \/>\n<meta property=\"article:modified_time\" content=\"2025-08-28T12:47:09+00:00\" \/>\n<meta property=\"og:image\" content=\"https:\/\/www.eltako.com\/wp-content\/uploads\/2021\/09\/AdobeStock_134947037.jpeg\" \/>\n\t<meta property=\"og:image:width\" content=\"1920\" \/>\n\t<meta property=\"og:image:height\" content=\"1037\" \/>\n\t<meta property=\"og:image:type\" content=\"image\/jpeg\" \/>\n<meta name=\"twitter:card\" content=\"summary_large_image\" \/>\n<meta name=\"twitter:label1\" content=\"Szacowany czas czytania\" \/>\n\t<meta name=\"twitter:data1\" content=\"2 minuty\" \/>\n<script type=\"application\/ld+json\" class=\"yoast-schema-graph\">{\"@context\":\"https:\/\/schema.org\",\"@graph\":[{\"@type\":\"WebPage\",\"@id\":\"https:\/\/www.eltako.com\/pl\/enocean\/\",\"url\":\"https:\/\/www.eltako.com\/pl\/enocean\/\",\"name\":\"EnOcean &#187; Eltako\",\"isPartOf\":{\"@id\":\"https:\/\/www.eltako.com\/en\/#website\"},\"primaryImageOfPage\":{\"@id\":\"https:\/\/www.eltako.com\/pl\/enocean\/#primaryimage\"},\"image\":{\"@id\":\"https:\/\/www.eltako.com\/pl\/enocean\/#primaryimage\"},\"thumbnailUrl\":\"https:\/\/www.eltako.com\/wp-content\/uploads\/2021\/09\/AdobeStock_134947037.jpeg\",\"datePublished\":\"2025-08-28T12:47:08+00:00\",\"dateModified\":\"2025-08-28T12:47:09+00:00\",\"breadcrumb\":{\"@id\":\"https:\/\/www.eltako.com\/pl\/enocean\/#breadcrumb\"},\"inLanguage\":\"pl-PL\",\"potentialAction\":[{\"@type\":\"ReadAction\",\"target\":[\"https:\/\/www.eltako.com\/pl\/enocean\/\"]}]},{\"@type\":\"ImageObject\",\"inLanguage\":\"pl-PL\",\"@id\":\"https:\/\/www.eltako.com\/pl\/enocean\/#primaryimage\",\"url\":\"https:\/\/www.eltako.com\/wp-content\/uploads\/2021\/09\/AdobeStock_134947037.jpeg\",\"contentUrl\":\"https:\/\/www.eltako.com\/wp-content\/uploads\/2021\/09\/AdobeStock_134947037.jpeg\",\"width\":1920,\"height\":1037},{\"@type\":\"BreadcrumbList\",\"@id\":\"https:\/\/www.eltako.com\/pl\/enocean\/#breadcrumb\",\"itemListElement\":[{\"@type\":\"ListItem\",\"position\":1,\"name\":\"Home\",\"item\":\"https:\/\/www.eltako.com\/pl\/\"},{\"@type\":\"ListItem\",\"position\":2,\"name\":\"EnOcean\"}]},{\"@type\":\"WebSite\",\"@id\":\"https:\/\/www.eltako.com\/en\/#website\",\"url\":\"https:\/\/www.eltako.com\/en\/\",\"name\":\"Eltako\",\"description\":\"Schaltger\u00e4te, Netzteile, Stromz\u00e4hler, Dimmer, Geb\u00e4udeinstallation, Steuerungstechnik, Smart Home-L\u00f6sungen, Geb\u00e4udefunk, EnOcean-Technologie\",\"potentialAction\":[{\"@type\":\"SearchAction\",\"target\":{\"@type\":\"EntryPoint\",\"urlTemplate\":\"https:\/\/www.eltako.com\/en\/?s={search_term_string}\"},\"query-input\":{\"@type\":\"PropertyValueSpecification\",\"valueRequired\":true,\"valueName\":\"search_term_string\"}}],\"inLanguage\":\"pl-PL\"}]}<\/script>\n<!-- \/ Yoast SEO plugin. -->","yoast_head_json":{"title":"EnOcean &#187; Eltako","robots":{"index":"index","follow":"follow","max-snippet":"max-snippet:-1","max-image-preview":"max-image-preview:large","max-video-preview":"max-video-preview:-1"},"canonical":"https:\/\/www.eltako.com\/pl\/enocean\/","og_locale":"pl_PL","og_type":"article","og_title":"EnOcean &#187; Eltako","og_description":"EnOcean Do\u0142\u0105czyli\u015bmy do EnOcean Alliance w 2008 roku i od tego czasu \u015bci\u015ble wsp\u00f3\u0142pracujemy z firm\u0105 o tej samej nazwie. Obecnie jeste\u015bmy jednym z niewielu promotor\u00f3w i stali\u015bmy si\u0119 najbardziej wszechstronnym dostawc\u0105 produkt\u00f3w opartych na technologii radiowej EnOcean. EnOcean GmbH, z siedzib\u0105 w Oberhaching niedaleko Monachium, oznacza w du\u017cej mierze bezbateryjny standard bezprzewodowy i jest [&hellip;]","og_url":"https:\/\/www.eltako.com\/pl\/enocean\/","og_site_name":"Eltako","article_modified_time":"2025-08-28T12:47:09+00:00","og_image":[{"width":1920,"height":1037,"url":"https:\/\/www.eltako.com\/wp-content\/uploads\/2021\/09\/AdobeStock_134947037.jpeg","type":"image\/jpeg"}],"twitter_card":"summary_large_image","twitter_misc":{"Szacowany czas czytania":"2 minuty"},"schema":{"@context":"https:\/\/schema.org","@graph":[{"@type":"WebPage","@id":"https:\/\/www.eltako.com\/pl\/enocean\/","url":"https:\/\/www.eltako.com\/pl\/enocean\/","name":"EnOcean &#187; Eltako","isPartOf":{"@id":"https:\/\/www.eltako.com\/en\/#website"},"primaryImageOfPage":{"@id":"https:\/\/www.eltako.com\/pl\/enocean\/#primaryimage"},"image":{"@id":"https:\/\/www.eltako.com\/pl\/enocean\/#primaryimage"},"thumbnailUrl":"https:\/\/www.eltako.com\/wp-content\/uploads\/2021\/09\/AdobeStock_134947037.jpeg","datePublished":"2025-08-28T12:47:08+00:00","dateModified":"2025-08-28T12:47:09+00:00","breadcrumb":{"@id":"https:\/\/www.eltako.com\/pl\/enocean\/#breadcrumb"},"inLanguage":"pl-PL","potentialAction":[{"@type":"ReadAction","target":["https:\/\/www.eltako.com\/pl\/enocean\/"]}]},{"@type":"ImageObject","inLanguage":"pl-PL","@id":"https:\/\/www.eltako.com\/pl\/enocean\/#primaryimage","url":"https:\/\/www.eltako.com\/wp-content\/uploads\/2021\/09\/AdobeStock_134947037.jpeg","contentUrl":"https:\/\/www.eltako.com\/wp-content\/uploads\/2021\/09\/AdobeStock_134947037.jpeg","width":1920,"height":1037},{"@type":"BreadcrumbList","@id":"https:\/\/www.eltako.com\/pl\/enocean\/#breadcrumb","itemListElement":[{"@type":"ListItem","position":1,"name":"Home","item":"https:\/\/www.eltako.com\/pl\/"},{"@type":"ListItem","position":2,"name":"EnOcean"}]},{"@type":"WebSite","@id":"https:\/\/www.eltako.com\/en\/#website","url":"https:\/\/www.eltako.com\/en\/","name":"Eltako","description":"Schaltger\u00e4te, Netzteile, Stromz\u00e4hler, Dimmer, Geb\u00e4udeinstallation, Steuerungstechnik, Smart Home-L\u00f6sungen, Geb\u00e4udefunk, EnOcean-Technologie","potentialAction":[{"@type":"SearchAction","target":{"@type":"EntryPoint","urlTemplate":"https:\/\/www.eltako.com\/en\/?s={search_term_string}"},"query-input":{"@type":"PropertyValueSpecification","valueRequired":true,"valueName":"search_term_string"}}],"inLanguage":"pl-PL"}]}},"_links":{"self":[{"href":"https:\/\/www.eltako.com\/pl\/wp-json\/wp\/v2\/pages\/145846","targetHints":{"allow":["GET"]}}],"collection":[{"href":"https:\/\/www.eltako.com\/pl\/wp-json\/wp\/v2\/pages"}],"about":[{"href":"https:\/\/www.eltako.com\/pl\/wp-json\/wp\/v2\/types\/page"}],"author":[{"embeddable":true,"href":"https:\/\/www.eltako.com\/pl\/wp-json\/wp\/v2\/users\/31"}],"replies":[{"embeddable":true,"href":"https:\/\/www.eltako.com\/pl\/wp-json\/wp\/v2\/comments?post=145846"}],"version-history":[{"count":1,"href":"https:\/\/www.eltako.com\/pl\/wp-json\/wp\/v2\/pages\/145846\/revisions"}],"predecessor-version":[{"id":145854,"href":"https:\/\/www.eltako.com\/pl\/wp-json\/wp\/v2\/pages\/145846\/revisions\/145854"}],"up":[{"embeddable":true,"href":"https:\/\/www.eltako.com\/pl\/wp-json\/wp\/v2\/pages\/146022"}],"wp:featuredmedia":[{"embeddable":true,"href":"https:\/\/www.eltako.com\/pl\/wp-json\/wp\/v2\/media\/145852"}],"wp:attachment":[{"href":"https:\/\/www.eltako.com\/pl\/wp-json\/wp\/v2\/media?parent=145846"}],"curies":[{"name":"wp","href":"https:\/\/api.w.org\/{rel}","templated":true}]}}