{"id":145832,"date":"2025-08-28T14:47:04","date_gmt":"2025-08-28T12:47:04","guid":{"rendered":"https:\/\/www.eltako.com\/wibutler\/"},"modified":"2025-09-03T15:06:01","modified_gmt":"2025-09-03T13:06:01","slug":"wibutler-2","status":"publish","type":"page","link":"https:\/\/www.eltako.com\/pl\/company\/partner-und-allianzen\/wibutler-2\/","title":{"rendered":"Wibutler"},"content":{"rendered":"\n<p class=\"has-medium-font-size\">Kontroler wibutler pro zosta\u0142 wprowadzony na rynek niemiecki w 2015 roku. Kontroler inteligentnego domu \u0142\u0105czy ze sob\u0105 urz\u0105dzenia r\u00f3\u017cnych producent\u00f3w i r\u00f3\u017cnych standard\u00f3w, umo\u017cliwiaj\u0105c ich wsp\u00f3lne u\u017cytkowanie. Ich g\u0142\u00f3wnym celem sta\u0142a si\u0119 cyfryzacja i dalszy rozw\u00f3j niezale\u017cnych i ca\u0142o\u015bciowych technologii w domu, a w ostatnich latach uda\u0142o im si\u0119 ugruntowa\u0107 swoj\u0105 pozycj\u0119 w tej dziedzinie.    <\/p>\n\n<div style=\"height:19px\" aria-hidden=\"true\" class=\"wp-block-spacer\"><\/div>\n\n<div class=\"wp-block-columns is-layout-flex wp-container-core-columns-is-layout-9d6595d7 wp-block-columns-is-layout-flex\">\n<div class=\"wp-block-column is-layout-flow wp-block-column-is-layout-flow\"><\/div>\n\n\n\n<div class=\"wp-block-column has-white-color has-text-color has-background is-layout-flow wp-block-column-is-layout-flow\" style=\"background-color:#016db7\">\n<p><\/p>\n\n\n\n<p class=\"has-text-align-center has-white-color has-text-color has-medium-font-size\"><strong><a href=\"https:\/\/my.matterport.com\/show\/?m=9FGsyMtKn6C&amp;utm_source=alliance-Website&amp;utm_medium=Websitebutton&amp;utm_campaign=2022_alliance-Musterhaustour&amp;utm_id=2022_wibutler-Musterhaus&amp;utm_term=Smart+Home\" target=\"_blank\" rel=\"noreferrer noopener\">Wi\u0119cej o wibutler<\/a><\/strong><\/p>\n<\/div>\n\n\n\n<div class=\"wp-block-column is-layout-flow wp-block-column-is-layout-flow\"><\/div>\n<\/div>\n\n<div style=\"height:17px\" aria-hidden=\"true\" class=\"wp-block-spacer\"><\/div>\n\n<figure class=\"wp-block-image size-large\"><img decoding=\"async\" width=\"1024\" height=\"367\" src=\"https:\/\/betax923lb8kd7v0.eltako.de\/wp-content\/uploads\/2022\/02\/parnter-und-allianzen_content-bild-1024x367.jpg\" alt=\"\" class=\"wp-image-61438\" srcset=\"https:\/\/www.eltako.com\/wp-content\/uploads\/2022\/02\/parnter-und-allianzen_content-bild-1024x367.jpg 1024w, https:\/\/www.eltako.com\/wp-content\/uploads\/2022\/02\/parnter-und-allianzen_content-bild-300x108.jpg 300w, https:\/\/www.eltako.com\/wp-content\/uploads\/2022\/02\/parnter-und-allianzen_content-bild-768x276.jpg 768w, https:\/\/www.eltako.com\/wp-content\/uploads\/2022\/02\/parnter-und-allianzen_content-bild-1536x551.jpg 1536w, https:\/\/www.eltako.com\/wp-content\/uploads\/2022\/02\/parnter-und-allianzen_content-bild.jpg 1920w\" sizes=\"(max-width: 1024px) 100vw, 1024px\" \/><\/figure>\n\n<div style=\"height:30px\" aria-hidden=\"true\" class=\"wp-block-spacer\"><\/div>\n\n<div class=\"wp-block-columns is-layout-flex wp-container-core-columns-is-layout-9d6595d7 wp-block-columns-is-layout-flex\">\n<div class=\"wp-block-column is-layout-flow wp-block-column-is-layout-flow\"><\/div>\n\n\n\n<div class=\"wp-block-column has-white-color has-text-color has-background is-layout-flow wp-block-column-is-layout-flow\" style=\"background-color:#016db7\">\n<p><\/p>\n\n\n\n<p class=\"has-text-align-center has-white-color has-text-color has-medium-font-size\"><strong><a href=\"https:\/\/my.matterport.com\/show\/?m=9FGsyMtKn6C&amp;utm_source=alliance-Website&amp;utm_medium=Websitebutton&amp;utm_campaign=2022_alliance-Musterhaustour&amp;utm_id=2022_wibutler-Musterhaus&amp;utm_term=Smart+Home\" target=\"_blank\" rel=\"noreferrer noopener\">Widok na dom pokazowy<\/a><\/strong><\/p>\n<\/div>\n\n\n\n<div class=\"wp-block-column is-layout-flow wp-block-column-is-layout-flow\"><\/div>\n<\/div>\n\n<div style=\"height:15px\" aria-hidden=\"true\" class=\"wp-block-spacer\"><\/div>\n\n<p class=\"has-medium-font-size\">Sojusz wibutler \u0142\u0105czy nas i ponad 30 do\u015bwiadczonych producent\u00f3w w jednym systemie, umo\u017cliwiaj\u0105c klientom centralne sterowanie i konfigurowanie istniej\u0105cych i nowych urz\u0105dze\u0144. Wsp\u00f3\u0142pracujemy z innymi znanymi cz\u0142onkami sojuszu, takimi jak Viessmann, Oventrop, Busch-Jaeger i BEGA, aby ulepsza\u0107 i rozwija\u0107 innowacje produktowe, aby zapewni\u0107 jeszcze wi\u0119ksz\u0105 kompatybilno\u015b\u0107 i wydajno\u015b\u0107. Konfigurator wibutler zapewnia indywidualnie przetestowane zalecenia dotycz\u0105ce produkt\u00f3w, kt\u00f3re dok\u0142adnie pasuj\u0105 do nowego projektu budowlanego lub renowacyjnego.  <\/p>\n\n<div style=\"height:21px\" aria-hidden=\"true\" class=\"wp-block-spacer\"><\/div>\n\n<div class=\"wp-block-columns is-layout-flex wp-container-core-columns-is-layout-9d6595d7 wp-block-columns-is-layout-flex\">\n<div class=\"wp-block-column is-layout-flow wp-block-column-is-layout-flow\"><\/div>\n\n\n\n<div class=\"wp-block-column has-white-color has-text-color has-background is-layout-flow wp-block-column-is-layout-flow\" style=\"background-color:#016db7\">\n<p><\/p>\n\n\n\n<p class=\"has-text-align-center has-white-color has-text-color has-medium-font-size\"><strong><a href=\"https:\/\/dbt-platform.com\/support\/\">Centrum pomocy<\/a><\/strong><\/p>\n<\/div>\n\n\n\n<div class=\"wp-block-column is-layout-flow wp-block-column-is-layout-flow\"><\/div>\n<\/div>\n\n<div style=\"height:29px\" aria-hidden=\"true\" class=\"wp-block-spacer\"><\/div>\n\n<div class=\"wp-block-columns is-layout-flex wp-container-core-columns-is-layout-9d6595d7 wp-block-columns-is-layout-flex\">\n<div class=\"wp-block-column bg-primary p-4 text-white mb-2 is-layout-flow wp-block-column-is-layout-flow\">\n<p class=\"has-medium-font-size\"><strong>O\u015bwietlenie:  <\/strong><\/p>\n\n\n\n<p class=\"has-medium-font-size\">Przechowywanie osobistych ustawie\u0144, \u015bciemnianie, automatyzacja&#8230; niesko\u0144czone mo\u017cliwo\u015bci dla profesjonalnych produkt\u00f3w Smart Home od Eltako poprzez sterowanie nimi za pomoc\u0105 wibutlera.  <\/p>\n\n\n\n<div style=\"height:23px\" aria-hidden=\"true\" class=\"wp-block-spacer\"><\/div>\n\n\n\n<a href=\"https:\/\/www.youtube.com\/watch?v=GG7cgY104SM\">\n\n\n<figure class=\"text-center\"><img decoding=\"async\" width=\"100\" height=\"70\" style=\"width:50px !important;\" src=\"https:\/\/www.eltako.com\/wp-content\/uploads\/2022\/02\/YT-Like-Button-29-1.png\" alt=\"\" class=\"wp-image-33655\"\/><\/figure>\n\n\n<\/a>\n<\/div>\n\n\n\n<div class=\"wp-block-column bg-primary p-4 text-white mb-2 is-layout-flow wp-block-column-is-layout-flow\">\n<p class=\"has-medium-font-size\"><strong>Klimat wewn\u0119trzny:  <\/strong><\/p>\n\n\n\n<p class=\"has-medium-font-size\">Za ciep\u0142o czy za zimno? Wibutler sprawi, \u017ce b\u0119dzie &#8222;w sam raz&#8221;. Automatyczna regulacja temperatury w pomieszczeniu i wprowadzanie zmian za pomoc\u0105 zaledwie kilku klikni\u0119\u0107 zapewnia odpowiedni\u0105 temperatur\u0119 w ka\u017cdym pomieszczeniu przez ca\u0142y czas.    <\/p>\n\n\n\n<div style=\"height:23px\" aria-hidden=\"true\" class=\"wp-block-spacer\"><\/div>\n\n\n\n<a href=\"https:\/\/www.youtube.com\/watch?v=W2nUY-vWpHQ\">\n\n\n<figure class=\"text-center\"><img decoding=\"async\" width=\"100\" height=\"70\" style=\"width:50px !important;\" src=\"https:\/\/www.eltako.com\/wp-content\/uploads\/2022\/02\/YT-Like-Button-29-1.png\" alt=\"\" class=\"wp-image-33655\"\/><\/figure>\n\n\n<\/a>\n<\/div>\n<\/div>\n\n<div class=\"wp-block-columns is-layout-flex wp-container-core-columns-is-layout-9d6595d7 wp-block-columns-is-layout-flex\">\n<div class=\"wp-block-column bg-primary p-4 text-white mb-2 is-layout-flow wp-block-column-is-layout-flow\">\n<p class=\"has-medium-font-size\"><strong>Bezpiecze\u0144stwo:  <\/strong><\/p>\n\n\n\n<p class=\"has-medium-font-size\">Inteligentne jest bezpieczne. Czujniki dymu, monitoring kamer, czujniki ruchu, monitoring okien i drzwi czy symulacja obecno\u015bci: Eltako oferuje wiele rozwi\u0105za\u0144, kt\u00f3re sprawi\u0105, \u017ce Tw\u00f3j dom b\u0119dzie bezpieczniejszy. <\/p>\n\n\n\n<div style=\"height:23px\" aria-hidden=\"true\" class=\"wp-block-spacer\"><\/div>\n\n\n\n<a href=\"https:\/\/www.youtube.com\/watch?v=x2fcBzki4bM\">\n\n\n<figure class=\"text-center\"><img decoding=\"async\" width=\"100\" height=\"70\" style=\"width:50px !important;\" src=\"https:\/\/www.eltako.com\/wp-content\/uploads\/2022\/02\/YT-Like-Button-29-1.png\" alt=\"\" class=\"wp-image-33655\"\/><\/figure>\n\n\n<\/a>\n<\/div>\n\n\n\n<div class=\"wp-block-column bg-primary p-4 text-white mb-2 is-layout-flow wp-block-column-is-layout-flow\">\n<p class=\"has-medium-font-size\"><strong>Cieniowanie<\/strong>:<\/p>\n\n\n\n<p class=\"has-medium-font-size\">Rolety, \u017caluzje i markizy mog\u0105 by\u0107 sterowane automatycznie za pomoc\u0105 czujnika, czasu lub funkcji centralnej. Pozwala to nie tylko zapewni\u0107 ch\u0142\u00f3d, ale tak\u017ce obni\u017cy\u0107 koszty energii zu\u017cywanej na ogrzewanie lub klimatyzacj\u0119. <\/p>\n\n\n\n<div style=\"height:23px\" aria-hidden=\"true\" class=\"wp-block-spacer\"><\/div>\n\n\n\n<a href=\"https:\/\/youtu.be\/zYFOlomyWSQ\">\n\n\n<figure class=\"text-center\"><img decoding=\"async\" width=\"100\" height=\"70\" style=\"width:50px !important;\" src=\"https:\/\/www.eltako.com\/wp-content\/uploads\/2022\/02\/YT-Like-Button-29-1.png\" alt=\"\" class=\"wp-image-33655\"\/><\/figure>\n\n\n<\/a>\n<\/div>\n<\/div>\n\n<div class=\"wp-block-columns is-layout-flex wp-container-core-columns-is-layout-9d6595d7 wp-block-columns-is-layout-flex\"><\/div>\n\n<div style=\"height:50px\" aria-hidden=\"true\" class=\"wp-block-spacer\"><\/div>\n\n<div class=\"wp-block-columns is-layout-flex wp-container-core-columns-is-layout-9d6595d7 wp-block-columns-is-layout-flex\">\n<div class=\"wp-block-column is-layout-flow wp-block-column-is-layout-flow\" style=\"flex-basis:100%\">\n<div class=\"wp-block-columns is-layout-flex wp-container-core-columns-is-layout-9d6595d7 wp-block-columns-is-layout-flex\">\n<div class=\"wp-block-column is-layout-flow wp-block-column-is-layout-flow\" style=\"flex-basis:60%\">\n<h2 class=\"wp-block-heading text-primary text-uppercase\" id=\"nichts-mehr-verpassen\"><strong>Nigdy wi\u0119cej niczego nie przegap  <\/strong><\/h2>\n\n\n\n<p class=\"text-primary\" style=\"font-size:24px\">Platformy medi\u00f3w spo\u0142eczno\u015bciowych Eltako i wibutler regularnie publikuj\u0105 posty dotycz\u0105ce interakcji mi\u0119dzy profesjonalnymi produktami inteligentnego domu Eltako a wibutlerem. Je\u015bli nie chcesz niczego przegapi\u0107, zasubskrybuj wszystkie kana\u0142y!   <\/p>\n<\/div>\n\n\n\n<div class=\"wp-block-column is-layout-flow wp-block-column-is-layout-flow\" style=\"flex-basis:66.66%\">\n<figure class=\"wp-block-image size-full\"><img decoding=\"async\" width=\"1024\" height=\"782\" src=\"https:\/\/www.eltako.com\/wp-content\/uploads\/2024\/10\/roboter-wibutler-24.jpg\" alt=\"\" class=\"wp-image-142389\" srcset=\"https:\/\/www.eltako.com\/wp-content\/uploads\/2024\/10\/roboter-wibutler-24.jpg 1024w, https:\/\/www.eltako.com\/wp-content\/uploads\/2024\/10\/roboter-wibutler-24-300x229.jpg 300w, https:\/\/www.eltako.com\/wp-content\/uploads\/2024\/10\/roboter-wibutler-24-768x587.jpg 768w, https:\/\/www.eltako.com\/wp-content\/uploads\/2024\/10\/roboter-wibutler-24-600x458.jpg 600w\" sizes=\"(max-width: 1024px) 100vw, 1024px\" \/><\/figure>\n<\/div>\n<\/div>\n<\/div>\n<\/div>\n\n<p><\/p>\n","protected":false},"excerpt":{"rendered":"<p>Kontroler wibutler pro zosta\u0142 wprowadzony na rynek niemiecki w 2015 roku. Kontroler inteligentnego domu \u0142\u0105czy ze sob\u0105 urz\u0105dzenia r\u00f3\u017cnych producent\u00f3w i r\u00f3\u017cnych standard\u00f3w, umo\u017cliwiaj\u0105c ich wsp\u00f3lne u\u017cytkowanie. Ich g\u0142\u00f3wnym celem sta\u0142a si\u0119 cyfryzacja i dalszy rozw\u00f3j niezale\u017cnych i ca\u0142o\u015bciowych technologii w domu, a w ostatnich latach uda\u0142o im si\u0119 ugruntowa\u0107 swoj\u0105 pozycj\u0119 w tej dziedzinie. [&hellip;]<\/p>\n","protected":false},"author":31,"featured_media":145842,"parent":146022,"menu_order":6,"comment_status":"closed","ping_status":"closed","template":"templates\/custom_header.php","meta":{"_acf_changed":false,"footnotes":"","_links_to":"","_links_to_target":""},"class_list":["post-145832","page","type-page","status-publish","has-post-thumbnail","hentry"],"acf":[],"yoast_head":"<!-- This site is optimized with the Yoast SEO plugin v27.2 - https:\/\/yoast.com\/product\/yoast-seo-wordpress\/ -->\n<title>Wibutler &#187; Eltako<\/title>\n<meta name=\"robots\" content=\"index, follow, max-snippet:-1, max-image-preview:large, max-video-preview:-1\" \/>\n<link rel=\"canonical\" href=\"https:\/\/www.eltako.com\/pl\/company\/partner-und-allianzen\/wibutler-2\/\" \/>\n<meta property=\"og:locale\" content=\"pl_PL\" \/>\n<meta property=\"og:type\" content=\"article\" \/>\n<meta property=\"og:title\" content=\"Wibutler &#187; Eltako\" \/>\n<meta property=\"og:description\" content=\"Kontroler wibutler pro zosta\u0142 wprowadzony na rynek niemiecki w 2015 roku. Kontroler inteligentnego domu \u0142\u0105czy ze sob\u0105 urz\u0105dzenia r\u00f3\u017cnych producent\u00f3w i r\u00f3\u017cnych standard\u00f3w, umo\u017cliwiaj\u0105c ich wsp\u00f3lne u\u017cytkowanie. Ich g\u0142\u00f3wnym celem sta\u0142a si\u0119 cyfryzacja i dalszy rozw\u00f3j niezale\u017cnych i ca\u0142o\u015bciowych technologii w domu, a w ostatnich latach uda\u0142o im si\u0119 ugruntowa\u0107 swoj\u0105 pozycj\u0119 w tej dziedzinie. [&hellip;]\" \/>\n<meta property=\"og:url\" content=\"https:\/\/www.eltako.com\/pl\/company\/partner-und-allianzen\/wibutler-2\/\" \/>\n<meta property=\"og:site_name\" content=\"Eltako\" \/>\n<meta property=\"article:modified_time\" content=\"2025-09-03T13:06:01+00:00\" \/>\n<meta property=\"og:image\" content=\"https:\/\/www.eltako.com\/wp-content\/uploads\/2022\/02\/partner-und-allianzen_headerbild_wibutler.png\" \/>\n\t<meta property=\"og:image:width\" content=\"1800\" \/>\n\t<meta property=\"og:image:height\" content=\"800\" \/>\n\t<meta property=\"og:image:type\" content=\"image\/png\" \/>\n<meta name=\"twitter:card\" content=\"summary_large_image\" \/>\n<meta name=\"twitter:label1\" content=\"Szacowany czas czytania\" \/>\n\t<meta name=\"twitter:data1\" content=\"3 minuty\" \/>\n<script type=\"application\/ld+json\" class=\"yoast-schema-graph\">{\"@context\":\"https:\/\/schema.org\",\"@graph\":[{\"@type\":\"WebPage\",\"@id\":\"https:\/\/www.eltako.com\/pl\/company\/partner-und-allianzen\/wibutler-2\/\",\"url\":\"https:\/\/www.eltako.com\/pl\/company\/partner-und-allianzen\/wibutler-2\/\",\"name\":\"Wibutler &#187; Eltako\",\"isPartOf\":{\"@id\":\"https:\/\/www.eltako.com\/en\/#website\"},\"primaryImageOfPage\":{\"@id\":\"https:\/\/www.eltako.com\/pl\/company\/partner-und-allianzen\/wibutler-2\/#primaryimage\"},\"image\":{\"@id\":\"https:\/\/www.eltako.com\/pl\/company\/partner-und-allianzen\/wibutler-2\/#primaryimage\"},\"thumbnailUrl\":\"https:\/\/www.eltako.com\/wp-content\/uploads\/2022\/02\/partner-und-allianzen_headerbild_wibutler.png\",\"datePublished\":\"2025-08-28T12:47:04+00:00\",\"dateModified\":\"2025-09-03T13:06:01+00:00\",\"breadcrumb\":{\"@id\":\"https:\/\/www.eltako.com\/pl\/company\/partner-und-allianzen\/wibutler-2\/#breadcrumb\"},\"inLanguage\":\"pl-PL\",\"potentialAction\":[{\"@type\":\"ReadAction\",\"target\":[\"https:\/\/www.eltako.com\/pl\/company\/partner-und-allianzen\/wibutler-2\/\"]}]},{\"@type\":\"ImageObject\",\"inLanguage\":\"pl-PL\",\"@id\":\"https:\/\/www.eltako.com\/pl\/company\/partner-und-allianzen\/wibutler-2\/#primaryimage\",\"url\":\"https:\/\/www.eltako.com\/wp-content\/uploads\/2022\/02\/partner-und-allianzen_headerbild_wibutler.png\",\"contentUrl\":\"https:\/\/www.eltako.com\/wp-content\/uploads\/2022\/02\/partner-und-allianzen_headerbild_wibutler.png\",\"width\":1800,\"height\":800},{\"@type\":\"BreadcrumbList\",\"@id\":\"https:\/\/www.eltako.com\/pl\/company\/partner-und-allianzen\/wibutler-2\/#breadcrumb\",\"itemListElement\":[{\"@type\":\"ListItem\",\"position\":1,\"name\":\"Home\",\"item\":\"https:\/\/www.eltako.com\/pl\/\"},{\"@type\":\"ListItem\",\"position\":2,\"name\":\"Przedsi\u0119biorstwo\",\"item\":\"https:\/\/www.eltako.com\/pl\/company\/\"},{\"@type\":\"ListItem\",\"position\":3,\"name\":\"Partnerzy i sojusze\",\"item\":\"https:\/\/www.eltako.com\/pl\/company\/partner-und-allianzen\/\"},{\"@type\":\"ListItem\",\"position\":4,\"name\":\"Wibutler\"}]},{\"@type\":\"WebSite\",\"@id\":\"https:\/\/www.eltako.com\/en\/#website\",\"url\":\"https:\/\/www.eltako.com\/en\/\",\"name\":\"Eltako\",\"description\":\"Schaltger\u00e4te, Netzteile, Stromz\u00e4hler, Dimmer, Geb\u00e4udeinstallation, Steuerungstechnik, Smart Home-L\u00f6sungen, Geb\u00e4udefunk, EnOcean-Technologie\",\"potentialAction\":[{\"@type\":\"SearchAction\",\"target\":{\"@type\":\"EntryPoint\",\"urlTemplate\":\"https:\/\/www.eltako.com\/en\/?s={search_term_string}\"},\"query-input\":{\"@type\":\"PropertyValueSpecification\",\"valueRequired\":true,\"valueName\":\"search_term_string\"}}],\"inLanguage\":\"pl-PL\"}]}<\/script>\n<!-- \/ Yoast SEO plugin. -->","yoast_head_json":{"title":"Wibutler &#187; Eltako","robots":{"index":"index","follow":"follow","max-snippet":"max-snippet:-1","max-image-preview":"max-image-preview:large","max-video-preview":"max-video-preview:-1"},"canonical":"https:\/\/www.eltako.com\/pl\/company\/partner-und-allianzen\/wibutler-2\/","og_locale":"pl_PL","og_type":"article","og_title":"Wibutler &#187; Eltako","og_description":"Kontroler wibutler pro zosta\u0142 wprowadzony na rynek niemiecki w 2015 roku. Kontroler inteligentnego domu \u0142\u0105czy ze sob\u0105 urz\u0105dzenia r\u00f3\u017cnych producent\u00f3w i r\u00f3\u017cnych standard\u00f3w, umo\u017cliwiaj\u0105c ich wsp\u00f3lne u\u017cytkowanie. Ich g\u0142\u00f3wnym celem sta\u0142a si\u0119 cyfryzacja i dalszy rozw\u00f3j niezale\u017cnych i ca\u0142o\u015bciowych technologii w domu, a w ostatnich latach uda\u0142o im si\u0119 ugruntowa\u0107 swoj\u0105 pozycj\u0119 w tej dziedzinie. [&hellip;]","og_url":"https:\/\/www.eltako.com\/pl\/company\/partner-und-allianzen\/wibutler-2\/","og_site_name":"Eltako","article_modified_time":"2025-09-03T13:06:01+00:00","og_image":[{"width":1800,"height":800,"url":"https:\/\/www.eltako.com\/wp-content\/uploads\/2022\/02\/partner-und-allianzen_headerbild_wibutler.png","type":"image\/png"}],"twitter_card":"summary_large_image","twitter_misc":{"Szacowany czas czytania":"3 minuty"},"schema":{"@context":"https:\/\/schema.org","@graph":[{"@type":"WebPage","@id":"https:\/\/www.eltako.com\/pl\/company\/partner-und-allianzen\/wibutler-2\/","url":"https:\/\/www.eltako.com\/pl\/company\/partner-und-allianzen\/wibutler-2\/","name":"Wibutler &#187; Eltako","isPartOf":{"@id":"https:\/\/www.eltako.com\/en\/#website"},"primaryImageOfPage":{"@id":"https:\/\/www.eltako.com\/pl\/company\/partner-und-allianzen\/wibutler-2\/#primaryimage"},"image":{"@id":"https:\/\/www.eltako.com\/pl\/company\/partner-und-allianzen\/wibutler-2\/#primaryimage"},"thumbnailUrl":"https:\/\/www.eltako.com\/wp-content\/uploads\/2022\/02\/partner-und-allianzen_headerbild_wibutler.png","datePublished":"2025-08-28T12:47:04+00:00","dateModified":"2025-09-03T13:06:01+00:00","breadcrumb":{"@id":"https:\/\/www.eltako.com\/pl\/company\/partner-und-allianzen\/wibutler-2\/#breadcrumb"},"inLanguage":"pl-PL","potentialAction":[{"@type":"ReadAction","target":["https:\/\/www.eltako.com\/pl\/company\/partner-und-allianzen\/wibutler-2\/"]}]},{"@type":"ImageObject","inLanguage":"pl-PL","@id":"https:\/\/www.eltako.com\/pl\/company\/partner-und-allianzen\/wibutler-2\/#primaryimage","url":"https:\/\/www.eltako.com\/wp-content\/uploads\/2022\/02\/partner-und-allianzen_headerbild_wibutler.png","contentUrl":"https:\/\/www.eltako.com\/wp-content\/uploads\/2022\/02\/partner-und-allianzen_headerbild_wibutler.png","width":1800,"height":800},{"@type":"BreadcrumbList","@id":"https:\/\/www.eltako.com\/pl\/company\/partner-und-allianzen\/wibutler-2\/#breadcrumb","itemListElement":[{"@type":"ListItem","position":1,"name":"Home","item":"https:\/\/www.eltako.com\/pl\/"},{"@type":"ListItem","position":2,"name":"Przedsi\u0119biorstwo","item":"https:\/\/www.eltako.com\/pl\/company\/"},{"@type":"ListItem","position":3,"name":"Partnerzy i sojusze","item":"https:\/\/www.eltako.com\/pl\/company\/partner-und-allianzen\/"},{"@type":"ListItem","position":4,"name":"Wibutler"}]},{"@type":"WebSite","@id":"https:\/\/www.eltako.com\/en\/#website","url":"https:\/\/www.eltako.com\/en\/","name":"Eltako","description":"Schaltger\u00e4te, Netzteile, Stromz\u00e4hler, Dimmer, Geb\u00e4udeinstallation, Steuerungstechnik, Smart Home-L\u00f6sungen, Geb\u00e4udefunk, EnOcean-Technologie","potentialAction":[{"@type":"SearchAction","target":{"@type":"EntryPoint","urlTemplate":"https:\/\/www.eltako.com\/en\/?s={search_term_string}"},"query-input":{"@type":"PropertyValueSpecification","valueRequired":true,"valueName":"search_term_string"}}],"inLanguage":"pl-PL"}]}},"_links":{"self":[{"href":"https:\/\/www.eltako.com\/pl\/wp-json\/wp\/v2\/pages\/145832","targetHints":{"allow":["GET"]}}],"collection":[{"href":"https:\/\/www.eltako.com\/pl\/wp-json\/wp\/v2\/pages"}],"about":[{"href":"https:\/\/www.eltako.com\/pl\/wp-json\/wp\/v2\/types\/page"}],"author":[{"embeddable":true,"href":"https:\/\/www.eltako.com\/pl\/wp-json\/wp\/v2\/users\/31"}],"replies":[{"embeddable":true,"href":"https:\/\/www.eltako.com\/pl\/wp-json\/wp\/v2\/comments?post=145832"}],"version-history":[{"count":4,"href":"https:\/\/www.eltako.com\/pl\/wp-json\/wp\/v2\/pages\/145832\/revisions"}],"predecessor-version":[{"id":146123,"href":"https:\/\/www.eltako.com\/pl\/wp-json\/wp\/v2\/pages\/145832\/revisions\/146123"}],"up":[{"embeddable":true,"href":"https:\/\/www.eltako.com\/pl\/wp-json\/wp\/v2\/pages\/146022"}],"wp:featuredmedia":[{"embeddable":true,"href":"https:\/\/www.eltako.com\/pl\/wp-json\/wp\/v2\/media\/145842"}],"wp:attachment":[{"href":"https:\/\/www.eltako.com\/pl\/wp-json\/wp\/v2\/media?parent=145832"}],"curies":[{"name":"wp","href":"https:\/\/api.w.org\/{rel}","templated":true}]}}