{"id":145825,"date":"2025-08-28T14:47:01","date_gmt":"2025-08-28T12:47:01","guid":{"rendered":"https:\/\/www.eltako.com\/company\/media-spolecznosciowe\/"},"modified":"2025-08-28T14:47:02","modified_gmt":"2025-08-28T12:47:02","slug":"media-spolecznosciowe","status":"publish","type":"page","link":"https:\/\/www.eltako.com\/pl\/company\/media-spolecznosciowe\/","title":{"rendered":"Media spo\u0142eczno\u015bciowe"},"content":{"rendered":" <div class=\"brlbs-cmpnt-container brlbs-cmpnt-content-blocker brlbs-cmpnt-with-individual-styles\" data-borlabs-cookie-content-blocker-id=\"feedblocker\" data-borlabs-cookie-content=\"PGxpbmsgcmVsPSdzdHlsZXNoZWV0JyBpZD0nZmYtZHluYW1pYy1jc3MzJyB0eXBlPSd0ZXh0L2NzcycgaHJlZj0naHR0cHM6Ly93d3cuZWx0YWtvLmNvbS93cC1jb250ZW50L3Jlc291cmNlcy9mbG93LWZsb3cvY3NzL3N0cmVhbS1pZDMuY3NzP3Zlcj0xNjQ0MzU1MjE1Jy8+PCEtLSBGbG93LUZsb3cg4oCUIFNvY2lhbCBzdHJlYW0gcGx1Z2luIGZvciBXb3JkUHJlc3MgLS0+CjxkaXYgY2xhc3M9ImZmLXN0cmVhbSIgZGF0YS1wbHVnaW49ImZsb3dfZmxvdyIgaWQ9ImZmLXN0cmVhbS0zIj48c3BhbiBjbGFzcz0iZmYtbG9hZGVyIj48c3BhbgogICAgICAgICAgICBjbGFzcz0iZmYtc3F1YXJlIj48L3NwYW4+PHNwYW4gY2xhc3M9ImZmLXNxdWFyZSI+PC9zcGFuPjxzcGFuIGNsYXNzPSJmZi1zcXVhcmUgZmYtbGFzdCI+PC9zcGFuPjxzcGFuCiAgICAgICAgICAgIGNsYXNzPSJmZi1zcXVhcmUgZmYtY2xlYXIiPjwvc3Bhbj48c3BhbiBjbGFzcz0iZmYtc3F1YXJlIj48L3NwYW4+PHNwYW4KICAgICAgICAgICAgY2xhc3M9ImZmLXNxdWFyZSBmZi1sYXN0Ij48L3NwYW4+PHNwYW4gY2xhc3M9ImZmLXNxdWFyZSBmZi1jbGVhciI+PC9zcGFuPjxzcGFuCiAgICAgICAgICAgIGNsYXNzPSJmZi1zcXVhcmUiPjwvc3Bhbj48c3BhbiBjbGFzcz0iZmYtc3F1YXJlIGZmLWxhc3QiPjwvc3Bhbj48L3NwYW4+PC9kaXY+CjxzdmcgYXJpYS1oaWRkZW49InRydWUiIHN0eWxlPSJwb3NpdGlvbjogYWJzb2x1dGU7IHdpZHRoOiAwOyBoZWlnaHQ6IDA7IG92ZXJmbG93OiBoaWRkZW47IiB2ZXJzaW9uPSIxLjEiPgogICAgPGRlZnM+CiAgICAgICAgPHN5bWJvbCBpZD0iZmYtaWNvbi1oZWFydCIgdmlld0JveD0iMCAwIDQ4IDQ4Ij4KICAgICAgICAgICAgPHBhdGgKICAgICAgICAgICAgICAgIGQ9Ik0zNC42IDMuMWMtNC41IDAtNy45IDEuOC0xMC42IDUuNi0yLjctMy43LTYuMS01LjUtMTAuNi01LjVDNiAzLjEgMCA5LjYgMCAxNy42YzAgNy4zIDUuNCAxMiAxMC42IDE2LjUuNi41IDEuMyAxLjEgMS45IDEuN2wyLjMgMmM0LjQgMy45IDYuNiA1LjkgNy42IDYuNS41LjMgMS4xLjUgMS42LjVzMS4xLS4yIDEuNi0uNWMxLS42IDIuOC0yLjIgNy44LTYuOGwyLTEuOGMuNy0uNiAxLjMtMS4yIDItMS43QzQyLjcgMjkuNiA0OCAyNSA0OCAxNy42YzAtOC02LTE0LjUtMTMuNC0xNC41eiI+CiAgICAgICAgICAgIDwvcGF0aD4KICAgICAgICA8L3N5bWJvbD4KICAgIDwvZGVmcz4KPC9zdmc+CgoKPHNjcmlwdD4KICAgIHdpbmRvdy5mbG93X2Zsb3dfc3RyZWFtcyA9IHdpbmRvdy5mbG93X2Zsb3dfc3RyZWFtcyB8fCBbXTsKICAgIHdpbmRvdy5mbG93X2Zsb3dfc3RyZWFtcy5wdXNoKHsiaWQiOiIzIiwiaGFzaCI6IjE3Mzk0NjE2NTQuOGUwMDE0MzBlOWI4ZTVkMWMwMDEwYjcxNGZiM2EyOWU2OGNiMjcyNTI0YjViYmM5MjM5YTU4ZWY0NWE3YjJlYmNlNWI4YzNkOTgyNjMyY2U1NDBhNjg5YzBlMDVkYTRjIiwic3RyZWFtIjp7ImNsb3VkIjoibm9wZSIsIm1vZCI6Im5vcGUiLCJvcmRlciI6InNtYXJ0Q29tcGFyZSIsInBvc3RzIjoiMzAiLCJwYWdlLXBvc3RzIjoiMTUiLCJjYWNoZSI6InllcCIsImNhY2hlX2xpZmV0aW1lIjoiMTAiLCJnYWxsZXJ5IjoieWVwIiwiZ2FsbGVyeS10eXBlIjoiY2xhc3NpYyIsInByaXZhdGUiOiJub3BlIiwiaGlkZS1vbi1kZXNrdG9wIjoibm9wZSIsImhpZGUtb24tbW9iaWxlIjoibm9wZSIsIm1heC1yZXMiOiJub3BlIiwic2hvdy1vbmx5LW1lZGlhLXBvc3RzIjoibm9wZSIsInRpdGxlcyI6Im5vcGUiLCJoaWRlbWV0YSI6InllcCIsImhpZGV0ZXh0Ijoibm9wZSIsImhlYWRpbmdjb2xvciI6InJnYig1OSwgNjEsIDY0KSIsInN1YmhlYWRpbmdjb2xvciI6InJnYigxMTQsIDExMiwgMTE0KSIsImhoYWxpZ24iOiJjZW50ZXIiLCJiZ2NvbG9yIjoicmdiKDI0OCwgMjQ5LCAyNTApIiwiZmlsdGVyIjoieWVwIiwiZmlsdGVyY29sb3IiOiJyZ2IoMjA1LCAyMDUsIDIwNSkiLCJtb2JpbGVzbGlkZXIiOiJub3BlIiwidmlld3BvcnRpbiI6InllcCIsIndpZHRoIjoiMjYwIiwibWFyZ2luIjoiMjAiLCJsYXlvdXQiOiJtYXNvbnJ5IiwidGhlbWUiOiJjbGFzc2ljIiwiZ2Mtc3R5bGUiOiJzdHlsZS0xIiwidXBpYy1wb3MiOiJ0aW1lc3RhbXAiLCJ1cGljLXN0eWxlIjoicm91bmQiLCJicmFkaXVzIjoiMTUiLCJpY29uLXN0eWxlIjoibGFiZWwxIiwiaWNvbi1jb2wiOiJjb2xvcmVkIiwiY2FyZGNvbG9yIjoicmdiKDI1NSwgMjU1LCAyNTUpIiwibmFtZWNvbG9yIjoicmdiKDU5LCA2MSwgNjQpIiwidGV4dGNvbG9yIjoicmdiKDEzMSwgMTQxLCAxNDMpIiwibGlua3Njb2xvciI6InJnYig5NCwgMTU5LCAyMDIpIiwicmVzdGNvbG9yIjoicmdiKDEzMiwgMTE4LCAxMjkpIiwic2hhZG93IjoicmdiYSgwLCAwLCAwLCAwLjA1KSIsImJjb2xvciI6InJnYmEoMCwgMCwgMCwgMC43NSkiLCJ0YWxpZ24iOiJsZWZ0IiwiaWNvbnMtc3R5bGUiOiJvdXRsaW5lIiwiY2FyZHMtbnVtIjoiMyIsInNjcm9sbHRvcCI6InllcCIsImMtZGVza3RvcCI6IjUiLCJjLWxhcHRvcCI6IjQiLCJjLXRhYmxldC1sIjoiMyIsImMtdGFibGV0LXAiOiIyIiwiYy1zbWFydC1sIjoiMiIsImMtc21hcnQtcCI6IjEiLCJzLWRlc2t0b3AiOiIxNSIsInMtbGFwdG9wIjoiMTUiLCJzLXRhYmxldC1sIjoiMTAiLCJzLXRhYmxldC1wIjoiMTAiLCJzLXNtYXJ0LWwiOiI1Iiwicy1zbWFydC1wIjoiNSIsIm0tYy1kZXNrdG9wIjoiNSIsIm0tYy1sYXB0b3AiOiI0IiwibS1jLXRhYmxldC1sIjoiMyIsIm0tYy10YWJsZXQtcCI6IjIiLCJtLWMtc21hcnQtbCI6IjIiLCJtLWMtc21hcnQtcCI6IjEiLCJtLXMtZGVza3RvcCI6IjE1IiwibS1zLWxhcHRvcCI6IjE1IiwibS1zLXRhYmxldC1sIjoiMTAiLCJtLXMtdGFibGV0LXAiOiIxMCIsIm0tcy1zbWFydC1sIjoiNSIsIm0tcy1zbWFydC1wIjoiNSIsImotaC1kZXNrdG9wIjoiMjYwIiwiai1oLWxhcHRvcCI6IjI0MCIsImotaC10YWJsZXQtbCI6IjIyMCIsImotaC10YWJsZXQtcCI6IjIwMCIsImotaC1zbWFydC1sIjoiMTgwIiwiai1oLXNtYXJ0LXAiOiIxNjAiLCJqLXMtZGVza3RvcCI6IjAiLCJqLXMtbGFwdG9wIjoiMCIsImotcy10YWJsZXQtbCI6IjAiLCJqLXMtdGFibGV0LXAiOiIwIiwiai1zLXNtYXJ0LWwiOiIwIiwiai1zLXNtYXJ0LXAiOiIwIiwiYy1yLWRlc2t0b3AiOiIyIiwiYy1yLWxhcHRvcCI6IjIiLCJjLXItdGFibGV0LWwiOiIyIiwiYy1yLXRhYmxldC1wIjoiMiIsImMtci1zbWFydC1sIjoiMiIsImMtci1zbWFydC1wIjoiMiIsImMtYy1kZXNrdG9wIjoiNSIsImMtYy1sYXB0b3AiOiI0IiwiYy1jLXRhYmxldC1sIjoiMyIsImMtYy10YWJsZXQtcCI6IjMiLCJjLWMtc21hcnQtbCI6IjIiLCJjLWMtc21hcnQtcCI6IjIiLCJjLXMtZGVza3RvcCI6IjAiLCJjLXMtbGFwdG9wIjoiMCIsImMtcy10YWJsZXQtbCI6IjAiLCJjLXMtdGFibGV0LXAiOiIwIiwiYy1zLXNtYXJ0LWwiOiIwIiwiYy1zLXNtYXJ0LXAiOiIwIiwiYy1hcnJvd3MtYWx3YXlzIjoieWVwIiwiYy1hcnJvd3MtbW9iIjoibm9wZSIsImMtZG90cyI6InllcCIsImMtZG90cy1tb2IiOiJub3BlIiwid2FsbHZtIjoiMjAiLCJ3YWxsaG0iOiIwIiwid2FsbGNvbW1lbnRzIjoieWVwIiwiZy1yYXRpby13IjoiMSIsImctcmF0aW8taCI6IjIiLCJnLXJhdGlvLWltZyI6IjFcLzIiLCJnLW92ZXJsYXkiOiJub3BlIiwibS1vdmVybGF5Ijoibm9wZSIsInRlbXBsYXRlIjpbImhlYWRlciIsInRleHQiLCJpbWFnZSIsIm1ldGEiXSwidHYiOiJub3BlIiwidHYtaW50IjoiNSIsImJpZyI6Im5vcGUiLCJpZCI6IjMiLCJsYXN0X2NoYW5nZXMiOjE2NDQzNTUyMTUsInN0YXR1cyI6IjAiLCJmZWVkcyI6W3siaWQiOiJqdjc1MzkxIiwiZXJyb3JzIjpbeyJ1cmwiOiJodHRwczpcL1wvZ3JhcGguZmFjZWJvb2suY29tXC92MjQuMFwvbWVcL2FjY291bnRzP2ZpZWxkcz1pZCUyQ25hbWUlMkNhY2Nlc3NfdG9rZW4lMkNpbnN0YWdyYW1fYnVzaW5lc3NfYWNjb3VudCU3QmlkJTdEJmFjY2Vzc190b2tlbj1FQUFCWkN3RGRvV0M4QkFEWWlmSHM5ZFdiZVJnNm5vTEJpcElTZHE3UEdidm9COFg3RWFiRWVxbkRaQ0RiQlVBS3AxeVJHZVpCMEVCOVA1b1pDSlhQS3FwNEVwNDJaQmNlQmJhUVFHeDZmZ0xzaUhRRGhpTHBiUXdPR3VHM0M4REdKcWM3cE9hTUxaQzh2Z1ZkWW10YlFFT1Z3cGd5V1lwc3hnVjY3dzVpcFpBSGVaQmJwOGpJWkJiWkFSN0laQlBPZlpBdjFaQzB1RUN1bWh5MzR4RTlXdDByaGQ4Sjd1bTdzdGR3NVFaQmVGSFpCUWtaQzlYcWRnWkRaRCIsIm1lc3NhZ2UiOiJFcnJvciB2YWxpZGF0aW5nIGFjY2VzcyB0b2tlbjogVGhlIHNlc3Npb24gaGFzIGJlZW4gaW52YWxpZGF0ZWQgYmVjYXVzZSB0aGUgdXNlciBjaGFuZ2VkIHRoZWlyIHBhc3N3b3JkIG9yIEZhY2Vib29rIGhhcyBjaGFuZ2VkIHRoZSBzZXNzaW9uIGZvciBzZWN1cml0eSByZWFzb25zLiIsInR5cGUiOiJpbnN0YWdyYW0ifV0sInN0YXR1cyI6IjAiLCJlbmFibGVkIjoibm9wZSIsImxhc3RfdXBkYXRlIjoiTlwvQSIsImNhY2hlX2xpZmV0aW1lIjoiMTIwIiwic3lzdGVtX2VuYWJsZWQiOiIwIiwiYm9vc3RlZCI6Im5vcGUiLCJ0aW1lbGluZS10eXBlIjoidXNlcl90aW1lbGluZSIsImNvbnRlbnQiOiJlbHRha29fb2ZmaWNpYWwiLCJhcGktdHlwZSI6Im9mZmljaWFsMiIsInBvc3RzIjoiMTAiLCJtb2QiOiJub3BlIiwidHlwZSI6Imluc3RhZ3JhbSIsImluY2x1ZGUiOiIiLCJmaWx0ZXItYnktd29yZHMiOiIiLCJwYWdlIjoiMSIsIm1vZC1hcHByb3ZlIjoibm9wZSJ9LHsiaWQiOiJtaTEwNDk0IiwiZXJyb3JzIjpbeyJ1cmwiOiJodHRwczpcL1wvZ3JhcGguZmFjZWJvb2suY29tXC92MTIuMFwvbWVcL2FjY291bnRzP2ZpZWxkcz1pZCUyQ2FjY2Vzc190b2tlbiZhY2Nlc3NfdG9rZW49RUFBQlpDd0Rkb1dDOEJBRFlpZkhzOWRXYmVSZzZub0xCaXBJU2RxN1BHYnZvQjhYN0VhYkVlcW5EWkNEYkJVQUtwMXlSR2VaQjBFQjlQNW9aQ0pYUEtxcDRFcDQyWkJjZUJiYVFRR3g2ZmdMc2lIUURoaUxwYlF3T0d1RzNDOERHSnFjN3BPYU1MWkM4dmdWZFltdGJRRU9Wd3BneVdZcHN4Z1Y2N3c1aXBaQUhlWkJicDhqSVpCYlpBUjdJWkJQT2ZaQXYxWkMwdUVDdW1oeTM0eEU5V3QwcmhkOEo3dW03c3RkdzVRWkJlRkhaQlFrWkM5WHFkZ1pEWkQiLCJtZXNzYWdlIjoiRXJyb3IgdmFsaWRhdGluZyBhY2Nlc3MgdG9rZW46IFRoZSBzZXNzaW9uIGhhcyBiZWVuIGludmFsaWRhdGVkIGJlY2F1c2UgdGhlIHVzZXIgY2hhbmdlZCB0aGVpciBwYXNzd29yZCBvciBGYWNlYm9vayBoYXMgY2hhbmdlZCB0aGUgc2Vzc2lvbiBmb3Igc2VjdXJpdHkgcmVhc29ucy4iLCJ0eXBlIjoiZmFjZWJvb2sifV0sInN0YXR1cyI6IjAiLCJlbmFibGVkIjoibm9wZSIsImxhc3RfdXBkYXRlIjoiTlwvQSIsImNhY2hlX2xpZmV0aW1lIjoiMTIwIiwic3lzdGVtX2VuYWJsZWQiOiIwIiwiYm9vc3RlZCI6Im5vcGUiLCJ0aW1lbGluZS10eXBlIjoicGFnZV90aW1lbGluZSIsImNvbnRlbnQiOiJlbHRha29vZmZpY2lhbCIsInBvc3RzIjoiMTAiLCJtb2QiOiJub3BlIiwidHlwZSI6ImZhY2Vib29rIiwiaW5jbHVkZSI6IiIsImZpbHRlci1ieS13b3JkcyI6IiIsInBhZ2UiOiIxIn0seyJpZCI6InVmNDcyNDYiLCJlcnJvcnMiOlt7InVybCI6Imh0dHBzOlwvXC93d3cuZ29vZ2xlYXBpcy5jb21cL3lvdXR1YmVcL3YzXC9jaGFubmVscyUzZnBhcnQ9c25pcHBldCUyQ2NvbnRlbnREZXRhaWxzJmlkPVVDQ0UtNVlYRXRtUnRpNlZ3UW5xV1F6dyZrZXk9QUl6YVN5QkpfcEtxSkZETndwZXhSM2FwTDdVR0FTTUEwTFh0VlpRIiwibWVzc2FnZSI6IkFQSSBrZXkgbm90IHZhbGlkLiBQbGVhc2UgcGFzcyBhIHZhbGlkIEFQSSBrZXkuIiwidHlwZSI6InlvdXR1YmUifV0sInN0YXR1cyI6IjAiLCJlbmFibGVkIjoibm9wZSIsImxhc3RfdXBkYXRlIjoiTlwvQSIsImNhY2hlX2xpZmV0aW1lIjoiMTIwIiwic3lzdGVtX2VuYWJsZWQiOiIwIiwiYm9vc3RlZCI6Im5vcGUiLCJ0aW1lbGluZS10eXBlIjoiY2hhbm5lbCIsImNvbnRlbnQiOiJVQ0NFLTVZWEV0bVJ0aTZWd1FucVdRenciLCJwbGF5bGlzdC1vcmRlciI6Im5vcGUiLCJwb3N0cyI6IjEwIiwibW9kIjoibm9wZSIsInR5cGUiOiJ5b3V0dWJlIiwiaW5jbHVkZSI6IiIsImZpbHRlci1ieS13b3JkcyI6IiIsInBhZ2UiOiIxIn1dLCJwcmV2aWV3IjpmYWxzZX0sImFkcyI6ZmFsc2UsImpzX29wdHMiOnsic3RyZWFtcyI6e30sIm9wZW5faW5fbmV3Ijoibm9wZSIsImZpbHRlcl9hbGwiOiJBbGwiLCJmaWx0ZXJfc2VhcmNoIjoiU2VhcmNoIiwiZXhwYW5kX3RleHQiOiJFeHBhbmQiLCJjb2xsYXBzZV90ZXh0IjoiQ29sbGFwc2UiLCJwb3N0ZWRfb24iOiJQb3N0ZWQgb24iLCJmb2xsb3dlcnMiOiJGb2xsb3dlcnMiLCJmb2xsb3dpbmciOiJGb2xsb3dpbmciLCJwb3N0cyI6IlBvc3RzIiwic2hvd19tb3JlIjoiU2hvdyBtb3JlIiwiZGF0ZV9zdHlsZSI6IndwU3R5bGVEYXRlIiwiZGF0ZXMiOnsiWWVzdGVyZGF5IjoiWWVzdGVyZGF5IiwicyI6InMiLCJtIjoibSIsImgiOiJoIiwiYWdvIjoiYWdvIiwibW9udGhzIjpbIkphbiIsIkZlYiIsIk1hcmNoIiwiQXByaWwiLCJNYXkiLCJKdW5lIiwiSnVseSIsIkF1ZyIsIlNlcHQiLCJPY3QiLCJOb3YiLCJEZWMiXX0sImxpZ2h0Ym94X25hdmlnYXRlIjoiTmF2aWdhdGUgd2l0aCBhcnJvdyBrZXlzIiwidmlld19vbiI6IlZpZXcgb24iLCJ2aWV3X29uX3NpdGUiOiJWaWV3IG9uIHNpdGUiLCJ2aWV3X2FsbCI6IlZpZXcgYWxsIiwiY29tbWVudHMiOiJjb21tZW50cyIsInNjcm9sbCI6IlNjcm9sbCBmb3IgbW9yZSIsIm5vX2NvbW1lbnRzIjoiTm8gY29tbWVudHMgeWV0LiIsImNoZWNrX2NvbW1lbnRzIjoiQ2hlY2sgYWxsIGNvbW1lbnRzIiwiYmVfZmlyc3QiOiJCZSB0aGUgZmlyc3QhIiwibG9hZGluZyI6IkxvYWRpbmciLCJzZXJ2ZXJfdGltZSI6MTc3NTgyMzY0OCwiZm9yY2VIVFRQUyI6Im5vcGUiLCJpc0FkbWluIjpmYWxzZSwiYWpheHVybCI6Imh0dHBzOlwvXC93d3cuZWx0YWtvLmNvbVwvd3AtYWRtaW5cL2FkbWluLWFqYXgucGhwIiwiaXNMb2ciOmZhbHNlLCJwbHVnaW5fYmFzZSI6Imh0dHBzOlwvXC93d3cuZWx0YWtvLmNvbVwvd3AtY29udGVudFwvcGx1Z2luc1wvZmxvdy1mbG93IiwicGx1Z2luX3ZlciI6IjQuOS44NiIsImRvbWFpbiI6Ind3dy5lbHRha28uY29tIiwicmVmcmVzaF9ub25jZSI6IjA1NmU4YmU0ZWMiLCJ0b2tlbiI6IiJ9LCJkb21haW4iOiJ3d3cuZWx0YWtvLmNvbSIsInBsdWdpbl9kaXJlY3RvcnkiOiJodHRwczpcL1wvd3d3LmVsdGFrby5jb21cL3dwLWNvbnRlbnRcL3BsdWdpbnNcL2Zsb3ctZmxvdyIsInBsdWdpbl9iYXNlIjoiaHR0cHM6XC9cL3d3dy5lbHRha28uY29tXC93cC1jb250ZW50XC9wbHVnaW5zXC9mbG93LWZsb3ciLCJ2ZXJzaW9uIjoiNC45Ljg2IiwiYWpheHVybCI6Imh0dHBzOlwvXC93d3cuZWx0YWtvLmNvbVwvd3AtYWRtaW5cL2FkbWluLWFqYXgucGhwIiwiZGlzYWJsZUNhY2hlIjpmYWxzZSwicGFnZSI6IjAiLCJpc19wcmV2aWV3IjpmYWxzZSwiYm9vc3RlZCI6ZmFsc2UsIm1vZGVyYXRpb24iOmZhbHNlLCJhZG1pbiI6ZmFsc2UsImRlcGVuZGVuY2llcyI6W119KTsKPC9zY3JpcHQ+Cgo8c2NyaXB0IHNyYz0iaHR0cHM6Ly93d3cuZWx0YWtvLmNvbS93cC1jb250ZW50L3BsdWdpbnMvZmxvdy1mbG93L2pzL3N0cmVhbS1sb2FkZXIuanM\/dmVyPTQuOS44NiI+PC9zY3JpcHQ+CjwhLS0gRmxvdy1GbG93IOKAlCBTb2NpYWwgc3RyZWFtcyBwbHVnaW4gZm9yIFdvcmRwcmVzcyAtLT4=\"><div class=\"BorlabsCookie _brlbs-cb-feedblocker\">. <div class=\"_brlbs-content-blocker\"> <div class=\"_brlbs-default\"> <p>Kliknij poni\u017cszy przycisk, aby za\u0142adowa\u0107 tre\u015bci z r\u00f3\u017cnych platform medi\u00f3w spo\u0142eczno\u015bciowych.<br> Wczytuj\u0105c zawarto\u015b\u0107, akceptujesz polityk\u0119 prywatno\u015bci <a href=\"https:\/\/policies.google.com\/privacy\" target=\"_blank\" style=\"color:#0064af; text-transform:underline; font-weight:bold;\">Youtube<\/a>, <a href=\"https:\/\/www.facebook.com\/privacy\/explanation\" target=\"_blank\" style=\"color:#0064af; text-transform:underline; font-weight:bold;\">Facebook<\/a>. oraz <a href=\"https:\/\/www.instagram.com\/legal\/privacy\/\" target=\"_blank\" style=\"color:#0064af; text-transform:underline; font-weight:bold;\">Instagram<\/a>. <\/p> <p><a class=\"_brlbs-btn\" href=\"#\" data-borlabs-cookie-unblock role=\"button\">Za\u0142aduj zawarto\u015b\u0107<\/a><\/p> <\/div> <\/div> <\/div><\/div>\n\n\n","protected":false},"excerpt":{"rendered":"","protected":false},"author":31,"featured_media":0,"parent":145698,"menu_order":3,"comment_status":"closed","ping_status":"closed","template":"","meta":{"_acf_changed":false,"footnotes":"","_links_to":"","_links_to_target":""},"class_list":["post-145825","page","type-page","status-publish","hentry"],"acf":[],"yoast_head":"<!-- This site is optimized with the Yoast SEO plugin v27.2 - https:\/\/yoast.com\/product\/yoast-seo-wordpress\/ -->\n<title>Media spo\u0142eczno\u015bciowe &#187; Eltako<\/title>\n<meta name=\"robots\" content=\"index, follow, max-snippet:-1, max-image-preview:large, max-video-preview:-1\" \/>\n<link rel=\"canonical\" href=\"https:\/\/www.eltako.com\/pl\/company\/media-spolecznosciowe\/\" \/>\n<meta property=\"og:locale\" content=\"pl_PL\" \/>\n<meta property=\"og:type\" content=\"article\" \/>\n<meta property=\"og:title\" content=\"Media spo\u0142eczno\u015bciowe &#187; Eltako\" \/>\n<meta property=\"og:url\" content=\"https:\/\/www.eltako.com\/pl\/company\/media-spolecznosciowe\/\" \/>\n<meta property=\"og:site_name\" content=\"Eltako\" \/>\n<meta property=\"article:modified_time\" content=\"2025-08-28T12:47:02+00:00\" \/>\n<meta name=\"twitter:card\" content=\"summary_large_image\" \/>\n<script type=\"application\/ld+json\" class=\"yoast-schema-graph\">{\"@context\":\"https:\/\/schema.org\",\"@graph\":[{\"@type\":\"WebPage\",\"@id\":\"https:\/\/www.eltako.com\/pl\/company\/media-spolecznosciowe\/\",\"url\":\"https:\/\/www.eltako.com\/pl\/company\/media-spolecznosciowe\/\",\"name\":\"Media spo\u0142eczno\u015bciowe &#187; Eltako\",\"isPartOf\":{\"@id\":\"https:\/\/www.eltako.com\/en\/#website\"},\"datePublished\":\"2025-08-28T12:47:01+00:00\",\"dateModified\":\"2025-08-28T12:47:02+00:00\",\"breadcrumb\":{\"@id\":\"https:\/\/www.eltako.com\/pl\/company\/media-spolecznosciowe\/#breadcrumb\"},\"inLanguage\":\"pl-PL\",\"potentialAction\":[{\"@type\":\"ReadAction\",\"target\":[\"https:\/\/www.eltako.com\/pl\/company\/media-spolecznosciowe\/\"]}]},{\"@type\":\"BreadcrumbList\",\"@id\":\"https:\/\/www.eltako.com\/pl\/company\/media-spolecznosciowe\/#breadcrumb\",\"itemListElement\":[{\"@type\":\"ListItem\",\"position\":1,\"name\":\"Home\",\"item\":\"https:\/\/www.eltako.com\/pl\/\"},{\"@type\":\"ListItem\",\"position\":2,\"name\":\"Przedsi\u0119biorstwo\",\"item\":\"https:\/\/www.eltako.com\/pl\/company\/\"},{\"@type\":\"ListItem\",\"position\":3,\"name\":\"Media spo\u0142eczno\u015bciowe\"}]},{\"@type\":\"WebSite\",\"@id\":\"https:\/\/www.eltako.com\/en\/#website\",\"url\":\"https:\/\/www.eltako.com\/en\/\",\"name\":\"Eltako\",\"description\":\"Schaltger\u00e4te, Netzteile, Stromz\u00e4hler, Dimmer, Geb\u00e4udeinstallation, Steuerungstechnik, Smart Home-L\u00f6sungen, Geb\u00e4udefunk, EnOcean-Technologie\",\"potentialAction\":[{\"@type\":\"SearchAction\",\"target\":{\"@type\":\"EntryPoint\",\"urlTemplate\":\"https:\/\/www.eltako.com\/en\/?s={search_term_string}\"},\"query-input\":{\"@type\":\"PropertyValueSpecification\",\"valueRequired\":true,\"valueName\":\"search_term_string\"}}],\"inLanguage\":\"pl-PL\"}]}<\/script>\n<!-- \/ Yoast SEO plugin. -->","yoast_head_json":{"title":"Media spo\u0142eczno\u015bciowe &#187; Eltako","robots":{"index":"index","follow":"follow","max-snippet":"max-snippet:-1","max-image-preview":"max-image-preview:large","max-video-preview":"max-video-preview:-1"},"canonical":"https:\/\/www.eltako.com\/pl\/company\/media-spolecznosciowe\/","og_locale":"pl_PL","og_type":"article","og_title":"Media spo\u0142eczno\u015bciowe &#187; Eltako","og_url":"https:\/\/www.eltako.com\/pl\/company\/media-spolecznosciowe\/","og_site_name":"Eltako","article_modified_time":"2025-08-28T12:47:02+00:00","twitter_card":"summary_large_image","schema":{"@context":"https:\/\/schema.org","@graph":[{"@type":"WebPage","@id":"https:\/\/www.eltako.com\/pl\/company\/media-spolecznosciowe\/","url":"https:\/\/www.eltako.com\/pl\/company\/media-spolecznosciowe\/","name":"Media spo\u0142eczno\u015bciowe &#187; Eltako","isPartOf":{"@id":"https:\/\/www.eltako.com\/en\/#website"},"datePublished":"2025-08-28T12:47:01+00:00","dateModified":"2025-08-28T12:47:02+00:00","breadcrumb":{"@id":"https:\/\/www.eltako.com\/pl\/company\/media-spolecznosciowe\/#breadcrumb"},"inLanguage":"pl-PL","potentialAction":[{"@type":"ReadAction","target":["https:\/\/www.eltako.com\/pl\/company\/media-spolecznosciowe\/"]}]},{"@type":"BreadcrumbList","@id":"https:\/\/www.eltako.com\/pl\/company\/media-spolecznosciowe\/#breadcrumb","itemListElement":[{"@type":"ListItem","position":1,"name":"Home","item":"https:\/\/www.eltako.com\/pl\/"},{"@type":"ListItem","position":2,"name":"Przedsi\u0119biorstwo","item":"https:\/\/www.eltako.com\/pl\/company\/"},{"@type":"ListItem","position":3,"name":"Media spo\u0142eczno\u015bciowe"}]},{"@type":"WebSite","@id":"https:\/\/www.eltako.com\/en\/#website","url":"https:\/\/www.eltako.com\/en\/","name":"Eltako","description":"Schaltger\u00e4te, Netzteile, Stromz\u00e4hler, Dimmer, Geb\u00e4udeinstallation, Steuerungstechnik, Smart Home-L\u00f6sungen, Geb\u00e4udefunk, EnOcean-Technologie","potentialAction":[{"@type":"SearchAction","target":{"@type":"EntryPoint","urlTemplate":"https:\/\/www.eltako.com\/en\/?s={search_term_string}"},"query-input":{"@type":"PropertyValueSpecification","valueRequired":true,"valueName":"search_term_string"}}],"inLanguage":"pl-PL"}]}},"_links":{"self":[{"href":"https:\/\/www.eltako.com\/pl\/wp-json\/wp\/v2\/pages\/145825","targetHints":{"allow":["GET"]}}],"collection":[{"href":"https:\/\/www.eltako.com\/pl\/wp-json\/wp\/v2\/pages"}],"about":[{"href":"https:\/\/www.eltako.com\/pl\/wp-json\/wp\/v2\/types\/page"}],"author":[{"embeddable":true,"href":"https:\/\/www.eltako.com\/pl\/wp-json\/wp\/v2\/users\/31"}],"replies":[{"embeddable":true,"href":"https:\/\/www.eltako.com\/pl\/wp-json\/wp\/v2\/comments?post=145825"}],"version-history":[{"count":1,"href":"https:\/\/www.eltako.com\/pl\/wp-json\/wp\/v2\/pages\/145825\/revisions"}],"predecessor-version":[{"id":145827,"href":"https:\/\/www.eltako.com\/pl\/wp-json\/wp\/v2\/pages\/145825\/revisions\/145827"}],"up":[{"embeddable":true,"href":"https:\/\/www.eltako.com\/pl\/wp-json\/wp\/v2\/pages\/145698"}],"wp:attachment":[{"href":"https:\/\/www.eltako.com\/pl\/wp-json\/wp\/v2\/media?parent=145825"}],"curies":[{"name":"wp","href":"https:\/\/api.w.org\/{rel}","templated":true}]}}