{"id":145823,"date":"2025-08-28T14:47:01","date_gmt":"2025-08-28T12:47:01","guid":{"rendered":"https:\/\/www.eltako.com\/polityka-prywatnosci-media-spolecznosciowe\/"},"modified":"2025-08-28T14:47:02","modified_gmt":"2025-08-28T12:47:02","slug":"polityka-prywatnosci-media-spolecznosciowe","status":"publish","type":"page","link":"https:\/\/www.eltako.com\/pl\/polityka-prywatnosci-media-spolecznosciowe\/","title":{"rendered":"Polityka prywatno\u015bci Media spo\u0142eczno\u015bciowe"},"content":{"rendered":"\n<h2 class=\"wp-block-heading\"><strong>Dostawca, informacje o ochronie danych, informacje prawne i netykieta dla oferowanych i obs\u0142ugiwanych przez nas platform medi\u00f3w spo\u0142eczno\u015bciowych<\/strong><\/h2>\n\n<div style=\"height:30px\" aria-hidden=\"true\" class=\"wp-block-spacer\"><\/div>\n\n<h3 class=\"wp-block-heading\"><strong>Dostawca<\/strong><\/h3>\n\n<p>ELTAKO GmbH<br\/>Hofener Stra\u00dfe 54 <br\/>70736 Fellbach<br\/>Telefon: 0711 94350000<br\/>E-mail: info@eltako.de<br\/><br\/>S\u0105d rejestrowy: Stuttgart<br\/>Numer rejestru: HRB261445<br\/>Dyrektorzy zarz\u0105dzaj\u0105cy: Ulrich Horst Ziegler, Ulrich Ziegler<br\/>Numer identyfikacji podatkowej: DE147330893<\/p>\n\n<div style=\"height:30px\" aria-hidden=\"true\" class=\"wp-block-spacer\"><\/div>\n\n<h3 class=\"wp-block-heading\"><strong>Informacje o ochronie danych w przypadku korzystania z naszych kana\u0142\u00f3w medi\u00f3w spo\u0142eczno\u015bciowych<\/strong><\/h3>\n\n<p>Nasze kana\u0142y medi\u00f3w spo\u0142eczno\u015bciowych s\u0105 obs\u0142ugiwane przez nas (dostawc\u0119).<\/p>\n\n<p><strong>Inspektor ochrony danych<\/strong><strong><br\/><\/strong>Knecht Data Protection<br\/>Stefan Knecht<br\/>Telefon: +49 (0)7021 487628<br\/><a href=\"mailto:datenschutz@eltako.de\">datenschutz@eltako.de<\/a><\/p>\n\n<p><strong>Informacje og\u00f3lne<\/strong><\/p>\n\n<p>Aby dotrze\u0107 do zainteresowanych kandydat\u00f3w lub zainteresowanych stron oraz zapewni\u0107 aktualne tre\u015bci i informacje o nas, oferujemy je na platformach stron trzecich poza witryn\u0105, kt\u00f3r\u0105 sami prowadzimy.<\/p>\n\n<p>Aktualne orzecznictwo sugeruje, \u017ce w takim przypadku jeste\u015bmy cz\u0119\u015bciowo odpowiedzialni za przetwarzanie danych osobowych, kt\u00f3re ma tam miejsce. Z tego powodu informujemy o tym przetwarzaniu na platformach, na kt\u00f3rych jeste\u015bmy obecni i w zakresie, w jakim jeste\u015bmy tego \u015bwiadomi. Eltako GmbH nie ma wp\u0142ywu na przetwarzanie danych przez te platformy. Nasz dost\u0119p do danych osobowych jest ograniczony do tych, kt\u00f3re u\u017cytkownik sam upublicznia za po\u015brednictwem platformy. Mo\u017cemy przetwarza\u0107 te dane do innych cel\u00f3w. Prosimy o zapoznanie si\u0119 z naszymi dalszymi informacjami dotycz\u0105cymi ochrony danych, w szczeg\u00f3lno\u015bci dla zainteresowanych stron i wnioskodawc\u00f3w.     <\/p>\n\n<p><strong>Jakie kategorie danych osobowych s\u0105 przetwarzane i w jakich celach?  <\/strong><\/p>\n\n<p>Gdy u\u017cytkownik odwiedza jedn\u0105 z naszych stron internetowych na platformie, operator platformy zazwyczaj ustawia pliki cookie. Pliki cookie to pakiety danych zawieraj\u0105ce informacje gromadzone przez przegl\u0105dark\u0119 i przechowywane na komputerze u\u017cytkownika przez okre\u015blony czas. Wa\u017cne jest dla nas, aby\u015b wiedzia\u0142, \u017ce operatorzy platform stron trzecich u\u017cywaj\u0105 plik\u00f3w cookie do zbierania danych osobowych od u\u017cytkownik\u00f3w w celu oceny ich zachowania. Mo\u017ce to s\u0142u\u017cy\u0107 celom statystycznym lub ewentualnie profilowaniu. W szczeg\u00f3lno\u015bci przetwarzanie to ma miejsce, je\u015bli u\u017cytkownik jest zarejestrowany na tych platformach stron trzecich. Bardziej szczeg\u00f3\u0142owe informacje na temat cel\u00f3w mo\u017cna znale\u017a\u0107 w odpowiednich informacjach o ochronie danych platform.     <\/p>\n\n<p>Eltako GmbH otrzymuje analizy korzystania z naszej strony internetowej w formie zagregowanej lub pseudonimizowanej od operator\u00f3w platform stron trzecich. Tylko ca\u0142kowicie zanonimizowane dane nie podlegaj\u0105 RODO, poniewa\u017c ponowna identyfikacja u\u017cytkownika nie jest mo\u017cliwa, bior\u0105c pod uwag\u0119 zwi\u0105zany z tym wysi\u0142ek i pozwolenie prawne. U\u017cywamy tych danych statystycznych, aby lepiej dostosowa\u0107 nasze oferty i dotrze\u0107 do odwiedzaj\u0105cych i zainteresowanych stron.<br\/>Takie przetwarzanie pseudonimizowanych lub zagregowanych danych jest naj\u0142agodniejszym \u015brodkiem, kt\u00f3ry przewa\u017ca nad Twoimi interesami lub podstawowymi prawami i wolno\u015bciami, kt\u00f3re wymagaj\u0105 ochrony danych osobowych. Podstaw\u0105 prawn\u0105 tego przetwarzania jest art. 6 ust. 1 lit. f) RODO.     <\/p>\n\n<p>Operatorzy platform przekazuj\u0105 nam nast\u0119puj\u0105ce kategorie danych w celu analizy aktywno\u015bci na stronie internetowej, pod warunkiem, \u017ce u\u017cytkownik poda\u0142 odpowiednie informacje lub operator je gromadzi:<\/p>\n\n<ul class=\"wp-block-list\"><li>Przedzia\u0142 wiekowy<\/li><li>P\u0142e\u0107<\/li><li>Miejsce zamieszkania (miasto i kraj)<\/li><li>Urz\u0105dzenia<\/li><li>J\u0119zyk<\/li><li>Dane demograficzne (obszar dzia\u0142alno\u015bci, wielko\u015b\u0107 firmy, bran\u017ca, lokalizacja, poziom kariery)<\/li><li>Mobilny lub stacjonarny widok strony (YouTube dodatkowo poszczeg\u00f3lne typy urz\u0105dze\u0144)<\/li><li>Interakcje w kontek\u015bcie post\u00f3w (np. reakcje, komentarze, udost\u0119pnienia, klikni\u0119cia, wy\u015bwietlenia, czas korzystania z wideo)<\/li><li>Czas u\u017cytkowania  <\/li><\/ul>\n\n<p>Jak ju\u017c wspomniano, nie posiadamy dok\u0142adnej wiedzy na temat tego, jakie dane i w jakim celu gromadz\u0105 operatorzy platform. Prosimy o zrozumienie, \u017ce mo\u017cemy udziela\u0107 informacji wy\u0142\u0105cznie w zakresie przetwarzanych przez nas danych osobowych. <\/p>\n\n<p><strong>Okres przechowywania i obowi\u0105zek przekazania nam danych osobowych<\/strong><\/p>\n\n<p>Dane osobowe u\u017cytkownika mog\u0105 by\u0107 przechowywane w naszych systemach, je\u015bli i tak d\u0142ugo, jak jest to wymagane do cel\u00f3w, dla kt\u00f3rych zosta\u0142y zgromadzone, lub je\u015bli istniej\u0105 ustawowe obowi\u0105zki przechowywania.<\/p>\n\n<p>U\u017cytkownik nie jest umownie ani prawnie zobowi\u0105zany do przekazania nam swoich danych osobowych.<\/p>\n\n<p><strong>Eksport danych do niebezpiecznego kraju trzeciego<\/strong><\/p>\n\n<p>Wa\u017cne jest dla nas, aby\u015b by\u0142 \u015bwiadomy, \u017ce operatorzy platform s\u0105 w wielu przypadkach firmami ameryka\u0144skimi. Dane osobowe u\u017cytkownika mog\u0105 by\u0107 zatem przetwarzane poza EOG w niezabezpieczonym kraju trzecim (brak decyzji UE stwierdzaj\u0105cej odpowiedni stopie\u0144 ochrony). Do operator\u00f3w platform eksportuj\u0105cych nale\u017cy zapewnienie, \u017ce prawa i wolno\u015bci u\u017cytkownika w zakresie ochrony danych s\u0105 odpowiednio zagwarantowane. Mo\u017ce to skutkowa\u0107 pewn\u0105 utrat\u0105 kontroli przez u\u017cytkownika. Na przyk\u0142ad ameryka\u0144skie s\u0142u\u017cby wywiadowcze mog\u0105 mie\u0107 wgl\u0105d w dane u\u017cytkownika lub u\u017cytkownik mo\u017ce nie mie\u0107 \u017cadnych lub mie\u0107 utrudnione prawa lub \u015brodki prawne w odniesieniu do jego danych osobowych.    <\/p>\n\n<p><strong>Operator platformy<\/strong><strong><br\/><\/strong>Informacje na temat przetwarzania danych przez platformy mo\u017cna znale\u017a\u0107 w odpowiednich politykach prywatno\u015bci. Nale\u017cy r\u00f3wnie\u017c zwr\u00f3ci\u0107 uwag\u0119 na warunki korzystania z platform w odniesieniu do danych osobowych u\u017cytkownika. <strong><\/strong><\/p>\n\n<p><strong>LinkedIn<br\/>LinkedIn Ireland Unlimited Company<br\/><\/strong>Wilton Place, Dublin 2, Irlandia<br\/><a href=\"https:\/\/www.linkedin.com\/legal\/privacy-policy?trk=d_org_guest_company_overview_footer-privacy-policy\">Ochrona danych w LinkedIn<\/a><br\/><a href=\"https:\/\/legal.linkedin.com\/pages-joint-controller-addendum\">Umowa o wsp\u00f3lnym przetwarzaniu danych<\/a><strong><\/strong><\/p>\n\n<p><strong>Twitter International Company<\/strong><br\/>One Cumberland Place<br\/>Fenian Street<br\/>Dublin 2<br\/>D02 AX07<br\/>Irlandia<br\/><a href=\"https:\/\/twitter.com\/de\/privacy\">Polityka prywatno\u015bci serwisu Twitter<\/a><\/p>\n\n<p><strong>XING<br\/><\/strong>New Work SE<br\/>Am Strandkai 1<br\/>20457 Hamburg<br\/>Niemcy<br\/><a href=\"https:\/\/privacy.xing.com\/\">Ochrona danych w XING<\/a><strong><\/strong><\/p>\n\n<p><strong>YouTube<\/strong><br\/>YouTube LLC<br\/>901 Cherry Ave.<br\/>San Bruno, CA 94066, USA<br\/><a href=\"https:\/\/policies.google.com\/privacy\">Ochrona danych w YouTube<\/a><\/p>\n\n<p><strong>Meta Platforms Ireland Limited<\/strong><br\/>4 Grand Canal Square<br\/>Dublin 2, Irlandia<br\/><a href=\"https:\/\/www.facebook.com\/privacy\/policy\/?entry_point=data_policy_redirect&amp;entry=0\">Ochrona danych w serwisie Facebook<\/a><br\/><a href=\"https:\/\/privacycenter.instagram.com\/policy\">Ochrona danych w serwisie Instagram<\/a><\/p>\n\n<p><strong>Prawa u\u017cytkownika do ochrony danych<\/strong><\/p>\n\n<p>U\u017cytkownik ma prawo dost\u0119pu zgodnie z art. 15 RODO, prawo do sprostowania zgodnie z art. 16 RODO, prawo do usuni\u0119cia zgodnie z art. 17 RODO, prawo do ograniczenia przetwarzania zgodnie z art. 18 RODO oraz prawo do przenoszenia danych zgodnie z art. 20 RODO. Zasadniczo istnieje prawo do wniesienia sprzeciwu wobec przetwarzania przez nas danych osobowych zgodnie z art. 21 RODO, pod warunkiem, \u017ce przetwarzanie odbywa si\u0119 na podstawie uzasadnionego interesu (art. 6 ust. 1 lit. f RODO). To prawo do sprzeciwu ma jednak zastosowanie tylko wtedy, gdy istniej\u0105 bardzo szczeg\u00f3lne okoliczno\u015bci zwi\u0105zane z sytuacj\u0105 osobist\u0105 u\u017cytkownika, w kt\u00f3rych prawa naszej firmy mog\u0105 by\u0107 sprzeczne z jego prawem do sprzeciwu. U\u017cytkownik mo\u017ce r\u00f3wnie\u017c w dowolnym momencie sprzeciwi\u0107 si\u0119 przetwarzaniu jego danych osobowych do cel\u00f3w marketingu bezpo\u015bredniego lub profilowania.   <\/p>\n\n<p>Aby skorzysta\u0107 z tych praw w odniesieniu do przetwarzania danych przez platformy, nale\u017cy skontaktowa\u0107 si\u0119 z nami tak bezpo\u015brednio, jak to mo\u017cliwe, korzystaj\u0105c z podanych danych kontaktowych. <br\/>W innych przypadkach lub w inny spos\u00f3b, je\u015bli jest to wymagane, prosimy o przes\u0142anie nam wiadomo\u015bci e-mail na adres <a href=\"mailto:datenschutz@eltako.de\">datenschutz@eltako.de<\/a><\/p>\n\n<p>U\u017cytkownik ma prawo do z\u0142o\u017cenia skargi do organu nadzorczego ds. ochrony danych (art. 77 RODO). W\u0142a\u015bciwym dla nas organem nadzorczym jest: <br\/>The State Commissioner for Data Protection and Freedom of Information<br\/>Lautenschlagerstra\u00dfe 20<br\/>70173 Stuttgart <\/p>\n\n<div style=\"height:30px\" aria-hidden=\"true\" class=\"wp-block-spacer\"><\/div>\n\n<h3 class=\"wp-block-heading\"><strong>Informacje prawne<\/strong><\/h3>\n\n<p><strong>Prawa autorskie  <\/strong><\/p>\n\n<p>Tre\u015bci\/dzie\u0142a stworzone przez nas lub przez osoby trzecie na nasze zlecenie podlegaj\u0105 niemieckiemu prawu autorskiemu. Wszelkiego rodzaju wykorzystanie wykraczaj\u0105ce poza granice prawa autorskiego wymaga pisemnej zgody autora lub tw\u00f3rcy. Pobieranie i kopiowanie jest dozwolone wy\u0142\u0105cznie do prywatnego, niekomercyjnego u\u017cytku. Tre\u015bci os\u00f3b trzecich s\u0105 oznaczone jako takie. Je\u015bli dowiesz si\u0119 o naruszeniu praw autorskich, uprzejmie prosimy o poinformowanie nas o tym. Natychmiast usuniemy wszelkie tre\u015bci, kt\u00f3re stanowi\u0105 naruszenie.     <\/p>\n\n<p><strong>Prawa licencyjne<\/strong><\/p>\n\n<p>Musimy chroni\u0107 nasz\u0105 w\u0142asno\u015b\u0107 intelektualn\u0105 (patenty, znaki towarowe i prawa autorskie) i nie udzielamy tutaj \u017cadnych praw licencyjnych.<\/p>\n\n<p><strong>Odpowiedzialno\u015b\u0107  <\/strong><\/p>\n\n<p>Mo\u017cesz r\u00f3wnie\u017c znale\u017a\u0107 linki do innych stron internetowych na &#8222;Wild-Wild-Web&#8221; lub w Internecie na naszych stronach medi\u00f3w spo\u0142eczno\u015bciowych. Nie mamy wp\u0142ywu na ich wygl\u0105d i zawarto\u015b\u0107. W zwi\u0105zku z tym nie mo\u017cemy ponosi\u0107 \u017cadnej odpowiedzialno\u015bci za ich aktualno\u015b\u0107, poprawno\u015b\u0107, kompletno\u015b\u0107 lub jako\u015b\u0107 i dystansujemy si\u0119 od nich.  <br\/><br\/><strong>Dokumenty post\u0119powania<\/strong><\/p>\n\n<p>Warunki u\u017cytkowania (np. warunki og\u00f3lne, warunki u\u017cytkowania lub warunki \u015bwiadczenia us\u0142ug) dotycz\u0105ce naszych innych ofert cyfrowych maj\u0105 pierwsze\u0144stwo przed niniejsz\u0105 informacj\u0105 prawn\u0105.<\/p>\n\n<div style=\"height:30px\" aria-hidden=\"true\" class=\"wp-block-spacer\"><\/div>\n\n<h3 class=\"wp-block-heading\"><strong>Netykieta<\/strong><\/h3>\n\n<p>Prosimy o przyjazny i pe\u0142en szacunku ton. Ka\u017cdy ma prawo do swobodnej opinii &#8211; w granicach dozwolonych przez prawo. <\/p>\n\n<p>Nie s\u0105 tu mile widziani:<\/p>\n\n<ul class=\"wp-block-list\"><li>Obelgi, gro\u017aby i obelgi<\/li><li>Wezwania do przemocy<\/li><li>Radykalne idee, rasizm, propaganda nienawi\u015bci<\/li><li>Pornografia i wulgaryzmy<\/li><li>Naruszenia przez osoby trzecie<\/li><li>Apele o darowizny lub apele o kampanie\/rajdy<\/li><li>Reklama wyborcza lub partyjna<\/li><li>Komentarze lub linki bez odniesienia do odpowiedniego postu<\/li><li>Niew\u0142a\u015bciwe wykorzystanie do cel\u00f3w reklamowych<\/li><li>Publikacje z post\u00f3w na forach\/blogach, prywatna korespondencja lub prywatne dane (np. adres, adres e-mail lub numer telefonu)<\/li><\/ul>\n\n<p>Zastrzegamy sobie prawo do usuwania komentarzy i, w razie potrzeby, blokowania &#8222;recydywist\u00f3w&#8221;. Ka\u017cdy u\u017cytkownik jest odpowiedzialny za posty, kt\u00f3re sam publikuje. Nie ponosimy za to \u017cadnej odpowiedzialno\u015bci.<br\/>Zawsze pami\u0119taj, \u017ce Internet niczego nie zapomina i najprawdopodobniej nie jeste\u015b anonimowy.<br\/>Mamy nadziej\u0119, \u017ce spodoba Ci si\u0119 nasza oferta medi\u00f3w spo\u0142eczno\u015bciowych!  <br\/><br\/>Status: listopad 2022 r.<\/p>\n","protected":false},"excerpt":{"rendered":"<p>Dostawca, informacje o ochronie danych, informacje prawne i netykieta dla oferowanych i obs\u0142ugiwanych przez nas platform medi\u00f3w spo\u0142eczno\u015bciowych Dostawca ELTAKO GmbHHofener Stra\u00dfe 54 70736 FellbachTelefon: 0711 94350000E-mail: info@eltako.de S\u0105d rejestrowy: StuttgartNumer rejestru: HRB261445Dyrektorzy zarz\u0105dzaj\u0105cy: Ulrich Horst Ziegler, Ulrich ZieglerNumer identyfikacji podatkowej: DE147330893 Informacje o ochronie danych w przypadku korzystania z naszych kana\u0142\u00f3w medi\u00f3w spo\u0142eczno\u015bciowych Nasze [&hellip;]<\/p>\n","protected":false},"author":39,"featured_media":0,"parent":0,"menu_order":0,"comment_status":"closed","ping_status":"closed","template":"","meta":{"_acf_changed":false,"footnotes":"","_links_to":"","_links_to_target":""},"class_list":["post-145823","page","type-page","status-publish","hentry"],"acf":[],"yoast_head":"<!-- This site is optimized with the Yoast SEO plugin v27.2 - https:\/\/yoast.com\/product\/yoast-seo-wordpress\/ -->\n<title>Polityka prywatno\u015bci Media spo\u0142eczno\u015bciowe &#187; Eltako<\/title>\n<meta name=\"robots\" content=\"index, follow, max-snippet:-1, max-image-preview:large, max-video-preview:-1\" \/>\n<link rel=\"canonical\" href=\"https:\/\/www.eltako.com\/pl\/polityka-prywatnosci-media-spolecznosciowe\/\" \/>\n<meta property=\"og:locale\" content=\"pl_PL\" \/>\n<meta property=\"og:type\" content=\"article\" \/>\n<meta property=\"og:title\" content=\"Polityka prywatno\u015bci Media spo\u0142eczno\u015bciowe &#187; Eltako\" \/>\n<meta property=\"og:description\" content=\"Dostawca, informacje o ochronie danych, informacje prawne i netykieta dla oferowanych i obs\u0142ugiwanych przez nas platform medi\u00f3w spo\u0142eczno\u015bciowych Dostawca ELTAKO GmbHHofener Stra\u00dfe 54 70736 FellbachTelefon: 0711 94350000E-mail: info@eltako.de S\u0105d rejestrowy: StuttgartNumer rejestru: HRB261445Dyrektorzy zarz\u0105dzaj\u0105cy: Ulrich Horst Ziegler, Ulrich ZieglerNumer identyfikacji podatkowej: DE147330893 Informacje o ochronie danych w przypadku korzystania z naszych kana\u0142\u00f3w medi\u00f3w spo\u0142eczno\u015bciowych Nasze [&hellip;]\" \/>\n<meta property=\"og:url\" content=\"https:\/\/www.eltako.com\/pl\/polityka-prywatnosci-media-spolecznosciowe\/\" \/>\n<meta property=\"og:site_name\" content=\"Eltako\" \/>\n<meta property=\"article:modified_time\" content=\"2025-08-28T12:47:02+00:00\" \/>\n<meta name=\"twitter:card\" content=\"summary_large_image\" \/>\n<meta name=\"twitter:label1\" content=\"Szacowany czas czytania\" \/>\n\t<meta name=\"twitter:data1\" content=\"7 minut\" \/>\n<script type=\"application\/ld+json\" class=\"yoast-schema-graph\">{\"@context\":\"https:\/\/schema.org\",\"@graph\":[{\"@type\":\"WebPage\",\"@id\":\"https:\/\/www.eltako.com\/pl\/polityka-prywatnosci-media-spolecznosciowe\/\",\"url\":\"https:\/\/www.eltako.com\/pl\/polityka-prywatnosci-media-spolecznosciowe\/\",\"name\":\"Polityka prywatno\u015bci Media spo\u0142eczno\u015bciowe &#187; Eltako\",\"isPartOf\":{\"@id\":\"https:\/\/www.eltako.com\/en\/#website\"},\"datePublished\":\"2025-08-28T12:47:01+00:00\",\"dateModified\":\"2025-08-28T12:47:02+00:00\",\"breadcrumb\":{\"@id\":\"https:\/\/www.eltako.com\/pl\/polityka-prywatnosci-media-spolecznosciowe\/#breadcrumb\"},\"inLanguage\":\"pl-PL\",\"potentialAction\":[{\"@type\":\"ReadAction\",\"target\":[\"https:\/\/www.eltako.com\/pl\/polityka-prywatnosci-media-spolecznosciowe\/\"]}]},{\"@type\":\"BreadcrumbList\",\"@id\":\"https:\/\/www.eltako.com\/pl\/polityka-prywatnosci-media-spolecznosciowe\/#breadcrumb\",\"itemListElement\":[{\"@type\":\"ListItem\",\"position\":1,\"name\":\"Home\",\"item\":\"https:\/\/www.eltako.com\/pl\/\"},{\"@type\":\"ListItem\",\"position\":2,\"name\":\"Polityka prywatno\u015bci Media spo\u0142eczno\u015bciowe\"}]},{\"@type\":\"WebSite\",\"@id\":\"https:\/\/www.eltako.com\/en\/#website\",\"url\":\"https:\/\/www.eltako.com\/en\/\",\"name\":\"Eltako\",\"description\":\"Schaltger\u00e4te, Netzteile, Stromz\u00e4hler, Dimmer, Geb\u00e4udeinstallation, Steuerungstechnik, Smart Home-L\u00f6sungen, Geb\u00e4udefunk, EnOcean-Technologie\",\"potentialAction\":[{\"@type\":\"SearchAction\",\"target\":{\"@type\":\"EntryPoint\",\"urlTemplate\":\"https:\/\/www.eltako.com\/en\/?s={search_term_string}\"},\"query-input\":{\"@type\":\"PropertyValueSpecification\",\"valueRequired\":true,\"valueName\":\"search_term_string\"}}],\"inLanguage\":\"pl-PL\"}]}<\/script>\n<!-- \/ Yoast SEO plugin. -->","yoast_head_json":{"title":"Polityka prywatno\u015bci Media spo\u0142eczno\u015bciowe &#187; Eltako","robots":{"index":"index","follow":"follow","max-snippet":"max-snippet:-1","max-image-preview":"max-image-preview:large","max-video-preview":"max-video-preview:-1"},"canonical":"https:\/\/www.eltako.com\/pl\/polityka-prywatnosci-media-spolecznosciowe\/","og_locale":"pl_PL","og_type":"article","og_title":"Polityka prywatno\u015bci Media spo\u0142eczno\u015bciowe &#187; Eltako","og_description":"Dostawca, informacje o ochronie danych, informacje prawne i netykieta dla oferowanych i obs\u0142ugiwanych przez nas platform medi\u00f3w spo\u0142eczno\u015bciowych Dostawca ELTAKO GmbHHofener Stra\u00dfe 54 70736 FellbachTelefon: 0711 94350000E-mail: info@eltako.de S\u0105d rejestrowy: StuttgartNumer rejestru: HRB261445Dyrektorzy zarz\u0105dzaj\u0105cy: Ulrich Horst Ziegler, Ulrich ZieglerNumer identyfikacji podatkowej: DE147330893 Informacje o ochronie danych w przypadku korzystania z naszych kana\u0142\u00f3w medi\u00f3w spo\u0142eczno\u015bciowych Nasze [&hellip;]","og_url":"https:\/\/www.eltako.com\/pl\/polityka-prywatnosci-media-spolecznosciowe\/","og_site_name":"Eltako","article_modified_time":"2025-08-28T12:47:02+00:00","twitter_card":"summary_large_image","twitter_misc":{"Szacowany czas czytania":"7 minut"},"schema":{"@context":"https:\/\/schema.org","@graph":[{"@type":"WebPage","@id":"https:\/\/www.eltako.com\/pl\/polityka-prywatnosci-media-spolecznosciowe\/","url":"https:\/\/www.eltako.com\/pl\/polityka-prywatnosci-media-spolecznosciowe\/","name":"Polityka prywatno\u015bci Media spo\u0142eczno\u015bciowe &#187; Eltako","isPartOf":{"@id":"https:\/\/www.eltako.com\/en\/#website"},"datePublished":"2025-08-28T12:47:01+00:00","dateModified":"2025-08-28T12:47:02+00:00","breadcrumb":{"@id":"https:\/\/www.eltako.com\/pl\/polityka-prywatnosci-media-spolecznosciowe\/#breadcrumb"},"inLanguage":"pl-PL","potentialAction":[{"@type":"ReadAction","target":["https:\/\/www.eltako.com\/pl\/polityka-prywatnosci-media-spolecznosciowe\/"]}]},{"@type":"BreadcrumbList","@id":"https:\/\/www.eltako.com\/pl\/polityka-prywatnosci-media-spolecznosciowe\/#breadcrumb","itemListElement":[{"@type":"ListItem","position":1,"name":"Home","item":"https:\/\/www.eltako.com\/pl\/"},{"@type":"ListItem","position":2,"name":"Polityka prywatno\u015bci Media spo\u0142eczno\u015bciowe"}]},{"@type":"WebSite","@id":"https:\/\/www.eltako.com\/en\/#website","url":"https:\/\/www.eltako.com\/en\/","name":"Eltako","description":"Schaltger\u00e4te, Netzteile, Stromz\u00e4hler, Dimmer, Geb\u00e4udeinstallation, Steuerungstechnik, Smart Home-L\u00f6sungen, Geb\u00e4udefunk, EnOcean-Technologie","potentialAction":[{"@type":"SearchAction","target":{"@type":"EntryPoint","urlTemplate":"https:\/\/www.eltako.com\/en\/?s={search_term_string}"},"query-input":{"@type":"PropertyValueSpecification","valueRequired":true,"valueName":"search_term_string"}}],"inLanguage":"pl-PL"}]}},"_links":{"self":[{"href":"https:\/\/www.eltako.com\/pl\/wp-json\/wp\/v2\/pages\/145823","targetHints":{"allow":["GET"]}}],"collection":[{"href":"https:\/\/www.eltako.com\/pl\/wp-json\/wp\/v2\/pages"}],"about":[{"href":"https:\/\/www.eltako.com\/pl\/wp-json\/wp\/v2\/types\/page"}],"author":[{"embeddable":true,"href":"https:\/\/www.eltako.com\/pl\/wp-json\/wp\/v2\/users\/39"}],"replies":[{"embeddable":true,"href":"https:\/\/www.eltako.com\/pl\/wp-json\/wp\/v2\/comments?post=145823"}],"version-history":[{"count":1,"href":"https:\/\/www.eltako.com\/pl\/wp-json\/wp\/v2\/pages\/145823\/revisions"}],"predecessor-version":[{"id":145828,"href":"https:\/\/www.eltako.com\/pl\/wp-json\/wp\/v2\/pages\/145823\/revisions\/145828"}],"wp:attachment":[{"href":"https:\/\/www.eltako.com\/pl\/wp-json\/wp\/v2\/media?parent=145823"}],"curies":[{"name":"wp","href":"https:\/\/api.w.org\/{rel}","templated":true}]}}