{"id":145788,"date":"2025-08-28T14:47:00","date_gmt":"2025-08-28T12:47:00","guid":{"rendered":"https:\/\/www.eltako.com\/eebus\/"},"modified":"2025-08-28T14:47:00","modified_gmt":"2025-08-28T12:47:00","slug":"eebus","status":"publish","type":"page","link":"https:\/\/www.eltako.com\/pl\/company\/partner-und-allianzen\/eebus\/","title":{"rendered":"EEBUS"},"content":{"rendered":"\n<p class=\"has-medium-font-size\">Za\u0142o\u017cona w 2012 roku firma non-profit &#8222;EEBus Initiative e.V.&#8221; ma na celu zminimalizowanie zu\u017cycia energii elektrycznej na gospodarstwo domowe dzi\u0119ki cyfrowemu podej\u015bciu i roz\u0142o\u017ceniu zu\u017cycia energii elektrycznej w ci\u0105gu dnia w taki spos\u00f3b, aby unikn\u0105\u0107 obci\u0105\u017ce\u0144 szczytowych. Z biegiem lat coraz wi\u0119cej du\u017cych firm przy\u0142\u0105cza si\u0119 do tej wizji. Nale\u017c\u0105 do nich Bosch, E.ON, Hager, JUNG, Miele, Telekom i Viessmann.    <\/p>\n\n<div style=\"height:50px\" aria-hidden=\"true\" class=\"wp-block-spacer\"><\/div>\n\n<figure class=\"wp-block-image size-large\"><img decoding=\"async\" width=\"1024\" height=\"455\" src=\"https:\/\/betax923lb8kd7v0.eltako.de\/wp-content\/uploads\/2022\/01\/Bild-2-1-1024x455.png\" alt=\"\" class=\"wp-image-30495\" srcset=\"https:\/\/www.eltako.com\/wp-content\/uploads\/2022\/01\/Bild-2-1-1024x455.png 1024w, https:\/\/www.eltako.com\/wp-content\/uploads\/2022\/01\/Bild-2-1-300x133.png 300w, https:\/\/www.eltako.com\/wp-content\/uploads\/2022\/01\/Bild-2-1-768x341.png 768w, https:\/\/www.eltako.com\/wp-content\/uploads\/2022\/01\/Bild-2-1-1536x683.png 1536w, https:\/\/www.eltako.com\/wp-content\/uploads\/2022\/01\/Bild-2-1-600x267.png 600w, https:\/\/www.eltako.com\/wp-content\/uploads\/2022\/01\/Bild-2-1.png 1800w\" sizes=\"(max-width: 1024px) 100vw, 1024px\" \/><\/figure>\n\n<div style=\"height:50px\" aria-hidden=\"true\" class=\"wp-block-spacer\"><\/div>\n\n<p class=\"has-medium-font-size\">Wiele innych firm, w tym my, wspiera cel, jakim jest ustandaryzowany j\u0119zyk IP dla wszystkich urz\u0105dze\u0144 elektronicznych w domu i wok\u00f3\u0142 niego. Umo\u017cliwi to ich wzajemn\u0105 komunikacj\u0119 niezale\u017cnie od producenta. Niezale\u017cnie od tego, czy jest to system fotowoltaiczny, wallbox, magazyn energii, o\u015bwietlenie, sprz\u0119t AGD, klimatyzacja, ogrzewanie czy pojazdy elektryczne.    <\/p>\n\n<p class=\"has-medium-font-size\">Zasadniczo ka\u017cdy odbiorca energii elektrycznej w sieci zg\u0142asza swoje zapotrzebowanie, ka\u017cdy generator lub system magazynowania zg\u0142asza dost\u0119pn\u0105 moc, a technologia EEBUS bardzo inteligentnie reguluje rozk\u0142ad obci\u0105\u017cenia.  <\/p>\n\n<p class=\"has-medium-font-size\">Jeste\u015bmy przekonani, \u017ce ten pomys\u0142 i nasza wsp\u00f3\u0142praca s\u0105 absolutnie przysz\u0142o\u015bciowe i wa\u017cne dla cyfryzacji sieci energetycznych, a ostatecznie tak\u017ce dla ochrony \u015brodowiska. Dlatego jeste\u015bmy bardzo zadowoleni, \u017ce mo\u017cemy by\u0107 cz\u0119\u015bci\u0105 tej sieci i pracowa\u0107 na rzecz tego wsp\u00f3lnego celu.   <\/p>\n","protected":false},"excerpt":{"rendered":"<p>Za\u0142o\u017cona w 2012 roku firma non-profit &#8222;EEBus Initiative e.V.&#8221; ma na celu zminimalizowanie zu\u017cycia energii elektrycznej na gospodarstwo domowe dzi\u0119ki cyfrowemu podej\u015bciu i roz\u0142o\u017ceniu zu\u017cycia energii elektrycznej w ci\u0105gu dnia w taki spos\u00f3b, aby unikn\u0105\u0107 obci\u0105\u017ce\u0144 szczytowych. Z biegiem lat coraz wi\u0119cej du\u017cych firm przy\u0142\u0105cza si\u0119 do tej wizji. Nale\u017c\u0105 do nich Bosch, E.ON, Hager, [&hellip;]<\/p>\n","protected":false},"author":31,"featured_media":145793,"parent":146022,"menu_order":0,"comment_status":"closed","ping_status":"closed","template":"","meta":{"_acf_changed":false,"footnotes":"","_links_to":"","_links_to_target":""},"class_list":["post-145788","page","type-page","status-publish","has-post-thumbnail","hentry"],"acf":[],"yoast_head":"<!-- This site is optimized with the Yoast SEO plugin v27.2 - https:\/\/yoast.com\/product\/yoast-seo-wordpress\/ -->\n<title>EEBUS &#187; Eltako<\/title>\n<meta name=\"robots\" content=\"index, follow, max-snippet:-1, max-image-preview:large, max-video-preview:-1\" \/>\n<link rel=\"canonical\" href=\"https:\/\/www.eltako.com\/pl\/eebus\/\" \/>\n<meta property=\"og:locale\" content=\"pl_PL\" \/>\n<meta property=\"og:type\" content=\"article\" \/>\n<meta property=\"og:title\" content=\"EEBUS &#187; Eltako\" \/>\n<meta property=\"og:description\" content=\"Za\u0142o\u017cona w 2012 roku firma non-profit &#8222;EEBus Initiative e.V.&#8221; ma na celu zminimalizowanie zu\u017cycia energii elektrycznej na gospodarstwo domowe dzi\u0119ki cyfrowemu podej\u015bciu i roz\u0142o\u017ceniu zu\u017cycia energii elektrycznej w ci\u0105gu dnia w taki spos\u00f3b, aby unikn\u0105\u0107 obci\u0105\u017ce\u0144 szczytowych. Z biegiem lat coraz wi\u0119cej du\u017cych firm przy\u0142\u0105cza si\u0119 do tej wizji. Nale\u017c\u0105 do nich Bosch, E.ON, Hager, [&hellip;]\" \/>\n<meta property=\"og:url\" content=\"https:\/\/www.eltako.com\/pl\/eebus\/\" \/>\n<meta property=\"og:site_name\" content=\"Eltako\" \/>\n<meta property=\"og:image\" content=\"https:\/\/www.eltako.com\/wp-content\/uploads\/2022\/01\/Bild-1-1.png\" \/>\n\t<meta property=\"og:image:width\" content=\"1800\" \/>\n\t<meta property=\"og:image:height\" content=\"800\" \/>\n\t<meta property=\"og:image:type\" content=\"image\/png\" \/>\n<meta name=\"twitter:card\" content=\"summary_large_image\" \/>\n<meta name=\"twitter:label1\" content=\"Szacowany czas czytania\" \/>\n\t<meta name=\"twitter:data1\" content=\"1 minuta\" \/>\n<script type=\"application\/ld+json\" class=\"yoast-schema-graph\">{\"@context\":\"https:\/\/schema.org\",\"@graph\":[{\"@type\":\"WebPage\",\"@id\":\"https:\/\/www.eltako.com\/pl\/eebus\/\",\"url\":\"https:\/\/www.eltako.com\/pl\/eebus\/\",\"name\":\"EEBUS &#187; Eltako\",\"isPartOf\":{\"@id\":\"https:\/\/www.eltako.com\/en\/#website\"},\"primaryImageOfPage\":{\"@id\":\"https:\/\/www.eltako.com\/pl\/eebus\/#primaryimage\"},\"image\":{\"@id\":\"https:\/\/www.eltako.com\/pl\/eebus\/#primaryimage\"},\"thumbnailUrl\":\"https:\/\/www.eltako.com\/wp-content\/uploads\/2022\/01\/Bild-1-1.png\",\"datePublished\":\"2025-08-28T12:47:00+00:00\",\"breadcrumb\":{\"@id\":\"https:\/\/www.eltako.com\/pl\/eebus\/#breadcrumb\"},\"inLanguage\":\"pl-PL\",\"potentialAction\":[{\"@type\":\"ReadAction\",\"target\":[\"https:\/\/www.eltako.com\/pl\/eebus\/\"]}]},{\"@type\":\"ImageObject\",\"inLanguage\":\"pl-PL\",\"@id\":\"https:\/\/www.eltako.com\/pl\/eebus\/#primaryimage\",\"url\":\"https:\/\/www.eltako.com\/wp-content\/uploads\/2022\/01\/Bild-1-1.png\",\"contentUrl\":\"https:\/\/www.eltako.com\/wp-content\/uploads\/2022\/01\/Bild-1-1.png\",\"width\":1800,\"height\":800},{\"@type\":\"BreadcrumbList\",\"@id\":\"https:\/\/www.eltako.com\/pl\/eebus\/#breadcrumb\",\"itemListElement\":[{\"@type\":\"ListItem\",\"position\":1,\"name\":\"Home\",\"item\":\"https:\/\/www.eltako.com\/pl\/\"},{\"@type\":\"ListItem\",\"position\":2,\"name\":\"EEBUS\"}]},{\"@type\":\"WebSite\",\"@id\":\"https:\/\/www.eltako.com\/en\/#website\",\"url\":\"https:\/\/www.eltako.com\/en\/\",\"name\":\"Eltako\",\"description\":\"Schaltger\u00e4te, Netzteile, Stromz\u00e4hler, Dimmer, Geb\u00e4udeinstallation, Steuerungstechnik, Smart Home-L\u00f6sungen, Geb\u00e4udefunk, EnOcean-Technologie\",\"potentialAction\":[{\"@type\":\"SearchAction\",\"target\":{\"@type\":\"EntryPoint\",\"urlTemplate\":\"https:\/\/www.eltako.com\/en\/?s={search_term_string}\"},\"query-input\":{\"@type\":\"PropertyValueSpecification\",\"valueRequired\":true,\"valueName\":\"search_term_string\"}}],\"inLanguage\":\"pl-PL\"}]}<\/script>\n<!-- \/ Yoast SEO plugin. -->","yoast_head_json":{"title":"EEBUS &#187; Eltako","robots":{"index":"index","follow":"follow","max-snippet":"max-snippet:-1","max-image-preview":"max-image-preview:large","max-video-preview":"max-video-preview:-1"},"canonical":"https:\/\/www.eltako.com\/pl\/eebus\/","og_locale":"pl_PL","og_type":"article","og_title":"EEBUS &#187; Eltako","og_description":"Za\u0142o\u017cona w 2012 roku firma non-profit &#8222;EEBus Initiative e.V.&#8221; ma na celu zminimalizowanie zu\u017cycia energii elektrycznej na gospodarstwo domowe dzi\u0119ki cyfrowemu podej\u015bciu i roz\u0142o\u017ceniu zu\u017cycia energii elektrycznej w ci\u0105gu dnia w taki spos\u00f3b, aby unikn\u0105\u0107 obci\u0105\u017ce\u0144 szczytowych. Z biegiem lat coraz wi\u0119cej du\u017cych firm przy\u0142\u0105cza si\u0119 do tej wizji. Nale\u017c\u0105 do nich Bosch, E.ON, Hager, [&hellip;]","og_url":"https:\/\/www.eltako.com\/pl\/eebus\/","og_site_name":"Eltako","og_image":[{"width":1800,"height":800,"url":"https:\/\/www.eltako.com\/wp-content\/uploads\/2022\/01\/Bild-1-1.png","type":"image\/png"}],"twitter_card":"summary_large_image","twitter_misc":{"Szacowany czas czytania":"1 minuta"},"schema":{"@context":"https:\/\/schema.org","@graph":[{"@type":"WebPage","@id":"https:\/\/www.eltako.com\/pl\/eebus\/","url":"https:\/\/www.eltako.com\/pl\/eebus\/","name":"EEBUS &#187; Eltako","isPartOf":{"@id":"https:\/\/www.eltako.com\/en\/#website"},"primaryImageOfPage":{"@id":"https:\/\/www.eltako.com\/pl\/eebus\/#primaryimage"},"image":{"@id":"https:\/\/www.eltako.com\/pl\/eebus\/#primaryimage"},"thumbnailUrl":"https:\/\/www.eltako.com\/wp-content\/uploads\/2022\/01\/Bild-1-1.png","datePublished":"2025-08-28T12:47:00+00:00","breadcrumb":{"@id":"https:\/\/www.eltako.com\/pl\/eebus\/#breadcrumb"},"inLanguage":"pl-PL","potentialAction":[{"@type":"ReadAction","target":["https:\/\/www.eltako.com\/pl\/eebus\/"]}]},{"@type":"ImageObject","inLanguage":"pl-PL","@id":"https:\/\/www.eltako.com\/pl\/eebus\/#primaryimage","url":"https:\/\/www.eltako.com\/wp-content\/uploads\/2022\/01\/Bild-1-1.png","contentUrl":"https:\/\/www.eltako.com\/wp-content\/uploads\/2022\/01\/Bild-1-1.png","width":1800,"height":800},{"@type":"BreadcrumbList","@id":"https:\/\/www.eltako.com\/pl\/eebus\/#breadcrumb","itemListElement":[{"@type":"ListItem","position":1,"name":"Home","item":"https:\/\/www.eltako.com\/pl\/"},{"@type":"ListItem","position":2,"name":"EEBUS"}]},{"@type":"WebSite","@id":"https:\/\/www.eltako.com\/en\/#website","url":"https:\/\/www.eltako.com\/en\/","name":"Eltako","description":"Schaltger\u00e4te, Netzteile, Stromz\u00e4hler, Dimmer, Geb\u00e4udeinstallation, Steuerungstechnik, Smart Home-L\u00f6sungen, Geb\u00e4udefunk, EnOcean-Technologie","potentialAction":[{"@type":"SearchAction","target":{"@type":"EntryPoint","urlTemplate":"https:\/\/www.eltako.com\/en\/?s={search_term_string}"},"query-input":{"@type":"PropertyValueSpecification","valueRequired":true,"valueName":"search_term_string"}}],"inLanguage":"pl-PL"}]}},"_links":{"self":[{"href":"https:\/\/www.eltako.com\/pl\/wp-json\/wp\/v2\/pages\/145788","targetHints":{"allow":["GET"]}}],"collection":[{"href":"https:\/\/www.eltako.com\/pl\/wp-json\/wp\/v2\/pages"}],"about":[{"href":"https:\/\/www.eltako.com\/pl\/wp-json\/wp\/v2\/types\/page"}],"author":[{"embeddable":true,"href":"https:\/\/www.eltako.com\/pl\/wp-json\/wp\/v2\/users\/31"}],"replies":[{"embeddable":true,"href":"https:\/\/www.eltako.com\/pl\/wp-json\/wp\/v2\/comments?post=145788"}],"version-history":[{"count":1,"href":"https:\/\/www.eltako.com\/pl\/wp-json\/wp\/v2\/pages\/145788\/revisions"}],"predecessor-version":[{"id":145824,"href":"https:\/\/www.eltako.com\/pl\/wp-json\/wp\/v2\/pages\/145788\/revisions\/145824"}],"up":[{"embeddable":true,"href":"https:\/\/www.eltako.com\/pl\/wp-json\/wp\/v2\/pages\/146022"}],"wp:featuredmedia":[{"embeddable":true,"href":"https:\/\/www.eltako.com\/pl\/wp-json\/wp\/v2\/media\/145793"}],"wp:attachment":[{"href":"https:\/\/www.eltako.com\/pl\/wp-json\/wp\/v2\/media?parent=145788"}],"curies":[{"name":"wp","href":"https:\/\/api.w.org\/{rel}","templated":true}]}}