{"id":145786,"date":"2025-08-28T14:47:00","date_gmt":"2025-08-28T12:47:00","guid":{"rendered":"https:\/\/www.eltako.com\/aruba\/"},"modified":"2025-08-28T14:47:00","modified_gmt":"2025-08-28T12:47:00","slug":"aruba","status":"publish","type":"page","link":"https:\/\/www.eltako.com\/pl\/company\/partner-und-allianzen\/aruba\/","title":{"rendered":"Aruba"},"content":{"rendered":"\n<h2 class=\"wp-block-heading\" id=\"aruba-ist-nun-teil-der-enocean-alliance\"><strong>Aruba jest teraz cz\u0119\u015bci\u0105 EnOcean Alliance!<\/strong><\/h2>\n\n<div style=\"height:40px\" aria-hidden=\"true\" class=\"wp-block-spacer\"><\/div>\n\n<div class=\"wp-block-columns is-layout-flex wp-container-core-columns-is-layout-9d6595d7 wp-block-columns-is-layout-flex\">\n<div class=\"wp-block-column is-layout-flow wp-block-column-is-layout-flow\">\n<figure class=\"wp-block-image size-large is-style-default\"><img decoding=\"async\" width=\"1024\" height=\"1009\" src=\"https:\/\/betax923lb8kd7v0.eltako.de\/wp-content\/uploads\/2022\/02\/thumbnail-1024x1009.jpg\" alt=\"\" class=\"wp-image-33936\" srcset=\"https:\/\/www.eltako.com\/wp-content\/uploads\/2022\/02\/thumbnail-1024x1009.jpg 1024w, https:\/\/www.eltako.com\/wp-content\/uploads\/2022\/02\/thumbnail-300x295.jpg 300w, https:\/\/www.eltako.com\/wp-content\/uploads\/2022\/02\/thumbnail-768x756.jpg 768w, https:\/\/www.eltako.com\/wp-content\/uploads\/2022\/02\/thumbnail-600x591.jpg 600w, https:\/\/www.eltako.com\/wp-content\/uploads\/2022\/02\/thumbnail-100x100.jpg 100w, https:\/\/www.eltako.com\/wp-content\/uploads\/2022\/02\/thumbnail.jpg 1462w\" sizes=\"(max-width: 1024px) 100vw, 1024px\" \/><\/figure>\n<\/div>\n\n\n\n<div class=\"wp-block-column is-layout-flow wp-block-column-is-layout-flow\">\n<p class=\"has-medium-font-size\">Kalifornijska firma jest pionierem w us\u0142ugach IoT i wnosi do sojuszu nie tylko du\u017c\u0105 sie\u0107 klient\u00f3w, ale tak\u017ce bezkonkurencyjn\u0105 technologi\u0119. Wraz z bezprzewodowymi rozwi\u0105zaniami EnOcean do zbierania energii, klienci otrzymuj\u0105 system, kt\u00f3ry nie tylko sprawia, \u017ce ich dom jest inteligentniejszy ju\u017c dzi\u015b, ale tak\u017ce zapewnia, \u017ce pozostanie on elastyczny i ulepszalny w przysz\u0142o\u015bci. Urz\u0105dzenia IoT zbieraj\u0105 dane z aplikacji i wykorzystuj\u0105 je do stworzenia cyfrowego bli\u017aniaka opartego na chmurze. Umo\u017cliwia to urz\u0105dzeniom poznanie po\u017c\u0105danych wymaga\u0144 bezpiecze\u0144stwa, wymaga\u0144 energetycznych i aktualnego stanu \u015brodowiska. Im wi\u0119cej danych mo\u017cna zebra\u0107, tym bardziej inteligentne i elastyczne staj\u0105 si\u0119 budynki.    <\/p>\n\n\n\n<p class=\"has-medium-font-size\">Wsp\u00f3\u0142praca przynosi ogromne korzy\u015bci wszystkim cz\u0142onkom EnOcean Alliance i jest kolejnym wa\u017cnym krokiem w kierunku cyfryzacji i inteligentnego \u017cycia.<\/p>\n\n\n\n<p style=\"font-size:16px\">Wi\u0119cej informacji mo\u017cna znale\u017a\u0107 na stronie: <a href=\"https:\/\/www.enocean-alliance.org\/de\/aruba\/\">https:\/\/www.enocean-alliance.org\/de\/aruba\/<\/a><\/p>\n<\/div>\n<\/div>\n\n<p><\/p>\n\n<figure class=\"wp-block-image size-large\"><img decoding=\"async\" width=\"1024\" height=\"455\" src=\"https:\/\/betax923lb8kd7v0.eltako.de\/wp-content\/uploads\/2021\/09\/2-1024x455.jpg\" alt=\"\" class=\"wp-image-23453\" srcset=\"https:\/\/www.eltako.com\/wp-content\/uploads\/2021\/09\/2-1024x455.jpg 1024w, https:\/\/www.eltako.com\/wp-content\/uploads\/2021\/09\/2-300x133.jpg 300w, https:\/\/www.eltako.com\/wp-content\/uploads\/2021\/09\/2-768x341.jpg 768w, https:\/\/www.eltako.com\/wp-content\/uploads\/2021\/09\/2-1536x683.jpg 1536w, https:\/\/www.eltako.com\/wp-content\/uploads\/2021\/09\/2-600x267.jpg 600w, https:\/\/www.eltako.com\/wp-content\/uploads\/2021\/09\/2.jpg 1600w\" sizes=\"(max-width: 1024px) 100vw, 1024px\" \/><\/figure>\n","protected":false},"excerpt":{"rendered":"<p>Aruba jest teraz cz\u0119\u015bci\u0105 EnOcean Alliance! Kalifornijska firma jest pionierem w us\u0142ugach IoT i wnosi do sojuszu nie tylko du\u017c\u0105 sie\u0107 klient\u00f3w, ale tak\u017ce bezkonkurencyjn\u0105 technologi\u0119. Wraz z bezprzewodowymi rozwi\u0105zaniami EnOcean do zbierania energii, klienci otrzymuj\u0105 system, kt\u00f3ry nie tylko sprawia, \u017ce ich dom jest inteligentniejszy ju\u017c dzi\u015b, ale tak\u017ce zapewnia, \u017ce pozostanie on elastyczny [&hellip;]<\/p>\n","protected":false},"author":31,"featured_media":0,"parent":146022,"menu_order":0,"comment_status":"closed","ping_status":"closed","template":"","meta":{"_acf_changed":false,"footnotes":"","_links_to":"","_links_to_target":""},"class_list":["post-145786","page","type-page","status-publish","hentry"],"acf":[],"yoast_head":"<!-- This site is optimized with the Yoast SEO plugin v27.2 - https:\/\/yoast.com\/product\/yoast-seo-wordpress\/ -->\n<title>Aruba &#187; Eltako<\/title>\n<meta name=\"robots\" content=\"index, follow, max-snippet:-1, max-image-preview:large, max-video-preview:-1\" \/>\n<link rel=\"canonical\" href=\"https:\/\/www.eltako.com\/pl\/aruba\/\" \/>\n<meta property=\"og:locale\" content=\"pl_PL\" \/>\n<meta property=\"og:type\" content=\"article\" \/>\n<meta property=\"og:title\" content=\"Aruba &#187; Eltako\" \/>\n<meta property=\"og:description\" content=\"Aruba jest teraz cz\u0119\u015bci\u0105 EnOcean Alliance! Kalifornijska firma jest pionierem w us\u0142ugach IoT i wnosi do sojuszu nie tylko du\u017c\u0105 sie\u0107 klient\u00f3w, ale tak\u017ce bezkonkurencyjn\u0105 technologi\u0119. Wraz z bezprzewodowymi rozwi\u0105zaniami EnOcean do zbierania energii, klienci otrzymuj\u0105 system, kt\u00f3ry nie tylko sprawia, \u017ce ich dom jest inteligentniejszy ju\u017c dzi\u015b, ale tak\u017ce zapewnia, \u017ce pozostanie on elastyczny [&hellip;]\" \/>\n<meta property=\"og:url\" content=\"https:\/\/www.eltako.com\/pl\/aruba\/\" \/>\n<meta property=\"og:site_name\" content=\"Eltako\" \/>\n<meta property=\"og:image\" content=\"https:\/\/www.eltako.com\/wp-content\/uploads\/2022\/02\/thumbnail.jpg\" \/>\n\t<meta property=\"og:image:width\" content=\"1462\" \/>\n\t<meta property=\"og:image:height\" content=\"1440\" \/>\n\t<meta property=\"og:image:type\" content=\"image\/jpeg\" \/>\n<meta name=\"twitter:card\" content=\"summary_large_image\" \/>\n<meta name=\"twitter:label1\" content=\"Szacowany czas czytania\" \/>\n\t<meta name=\"twitter:data1\" content=\"1 minuta\" \/>\n<script type=\"application\/ld+json\" class=\"yoast-schema-graph\">{\"@context\":\"https:\/\/schema.org\",\"@graph\":[{\"@type\":\"WebPage\",\"@id\":\"https:\/\/www.eltako.com\/pl\/aruba\/\",\"url\":\"https:\/\/www.eltako.com\/pl\/aruba\/\",\"name\":\"Aruba &#187; Eltako\",\"isPartOf\":{\"@id\":\"https:\/\/www.eltako.com\/en\/#website\"},\"primaryImageOfPage\":{\"@id\":\"https:\/\/www.eltako.com\/pl\/aruba\/#primaryimage\"},\"image\":{\"@id\":\"https:\/\/www.eltako.com\/pl\/aruba\/#primaryimage\"},\"thumbnailUrl\":\"https:\/\/betax923lb8kd7v0.eltako.de\/wp-content\/uploads\/2022\/02\/thumbnail-1024x1009.jpg\",\"datePublished\":\"2025-08-28T12:47:00+00:00\",\"breadcrumb\":{\"@id\":\"https:\/\/www.eltako.com\/pl\/aruba\/#breadcrumb\"},\"inLanguage\":\"pl-PL\",\"potentialAction\":[{\"@type\":\"ReadAction\",\"target\":[\"https:\/\/www.eltako.com\/pl\/aruba\/\"]}]},{\"@type\":\"ImageObject\",\"inLanguage\":\"pl-PL\",\"@id\":\"https:\/\/www.eltako.com\/pl\/aruba\/#primaryimage\",\"url\":\"https:\/\/betax923lb8kd7v0.eltako.de\/wp-content\/uploads\/2022\/02\/thumbnail-1024x1009.jpg\",\"contentUrl\":\"https:\/\/betax923lb8kd7v0.eltako.de\/wp-content\/uploads\/2022\/02\/thumbnail-1024x1009.jpg\"},{\"@type\":\"BreadcrumbList\",\"@id\":\"https:\/\/www.eltako.com\/pl\/aruba\/#breadcrumb\",\"itemListElement\":[{\"@type\":\"ListItem\",\"position\":1,\"name\":\"Home\",\"item\":\"https:\/\/www.eltako.com\/pl\/\"},{\"@type\":\"ListItem\",\"position\":2,\"name\":\"Aruba\"}]},{\"@type\":\"WebSite\",\"@id\":\"https:\/\/www.eltako.com\/en\/#website\",\"url\":\"https:\/\/www.eltako.com\/en\/\",\"name\":\"Eltako\",\"description\":\"Schaltger\u00e4te, Netzteile, Stromz\u00e4hler, Dimmer, Geb\u00e4udeinstallation, Steuerungstechnik, Smart Home-L\u00f6sungen, Geb\u00e4udefunk, EnOcean-Technologie\",\"potentialAction\":[{\"@type\":\"SearchAction\",\"target\":{\"@type\":\"EntryPoint\",\"urlTemplate\":\"https:\/\/www.eltako.com\/en\/?s={search_term_string}\"},\"query-input\":{\"@type\":\"PropertyValueSpecification\",\"valueRequired\":true,\"valueName\":\"search_term_string\"}}],\"inLanguage\":\"pl-PL\"}]}<\/script>\n<!-- \/ Yoast SEO plugin. -->","yoast_head_json":{"title":"Aruba &#187; Eltako","robots":{"index":"index","follow":"follow","max-snippet":"max-snippet:-1","max-image-preview":"max-image-preview:large","max-video-preview":"max-video-preview:-1"},"canonical":"https:\/\/www.eltako.com\/pl\/aruba\/","og_locale":"pl_PL","og_type":"article","og_title":"Aruba &#187; Eltako","og_description":"Aruba jest teraz cz\u0119\u015bci\u0105 EnOcean Alliance! Kalifornijska firma jest pionierem w us\u0142ugach IoT i wnosi do sojuszu nie tylko du\u017c\u0105 sie\u0107 klient\u00f3w, ale tak\u017ce bezkonkurencyjn\u0105 technologi\u0119. Wraz z bezprzewodowymi rozwi\u0105zaniami EnOcean do zbierania energii, klienci otrzymuj\u0105 system, kt\u00f3ry nie tylko sprawia, \u017ce ich dom jest inteligentniejszy ju\u017c dzi\u015b, ale tak\u017ce zapewnia, \u017ce pozostanie on elastyczny [&hellip;]","og_url":"https:\/\/www.eltako.com\/pl\/aruba\/","og_site_name":"Eltako","og_image":[{"width":1462,"height":1440,"url":"https:\/\/www.eltako.com\/wp-content\/uploads\/2022\/02\/thumbnail.jpg","type":"image\/jpeg"}],"twitter_card":"summary_large_image","twitter_misc":{"Szacowany czas czytania":"1 minuta"},"schema":{"@context":"https:\/\/schema.org","@graph":[{"@type":"WebPage","@id":"https:\/\/www.eltako.com\/pl\/aruba\/","url":"https:\/\/www.eltako.com\/pl\/aruba\/","name":"Aruba &#187; Eltako","isPartOf":{"@id":"https:\/\/www.eltako.com\/en\/#website"},"primaryImageOfPage":{"@id":"https:\/\/www.eltako.com\/pl\/aruba\/#primaryimage"},"image":{"@id":"https:\/\/www.eltako.com\/pl\/aruba\/#primaryimage"},"thumbnailUrl":"https:\/\/betax923lb8kd7v0.eltako.de\/wp-content\/uploads\/2022\/02\/thumbnail-1024x1009.jpg","datePublished":"2025-08-28T12:47:00+00:00","breadcrumb":{"@id":"https:\/\/www.eltako.com\/pl\/aruba\/#breadcrumb"},"inLanguage":"pl-PL","potentialAction":[{"@type":"ReadAction","target":["https:\/\/www.eltako.com\/pl\/aruba\/"]}]},{"@type":"ImageObject","inLanguage":"pl-PL","@id":"https:\/\/www.eltako.com\/pl\/aruba\/#primaryimage","url":"https:\/\/betax923lb8kd7v0.eltako.de\/wp-content\/uploads\/2022\/02\/thumbnail-1024x1009.jpg","contentUrl":"https:\/\/betax923lb8kd7v0.eltako.de\/wp-content\/uploads\/2022\/02\/thumbnail-1024x1009.jpg"},{"@type":"BreadcrumbList","@id":"https:\/\/www.eltako.com\/pl\/aruba\/#breadcrumb","itemListElement":[{"@type":"ListItem","position":1,"name":"Home","item":"https:\/\/www.eltako.com\/pl\/"},{"@type":"ListItem","position":2,"name":"Aruba"}]},{"@type":"WebSite","@id":"https:\/\/www.eltako.com\/en\/#website","url":"https:\/\/www.eltako.com\/en\/","name":"Eltako","description":"Schaltger\u00e4te, Netzteile, Stromz\u00e4hler, Dimmer, Geb\u00e4udeinstallation, Steuerungstechnik, Smart Home-L\u00f6sungen, Geb\u00e4udefunk, EnOcean-Technologie","potentialAction":[{"@type":"SearchAction","target":{"@type":"EntryPoint","urlTemplate":"https:\/\/www.eltako.com\/en\/?s={search_term_string}"},"query-input":{"@type":"PropertyValueSpecification","valueRequired":true,"valueName":"search_term_string"}}],"inLanguage":"pl-PL"}]}},"_links":{"self":[{"href":"https:\/\/www.eltako.com\/pl\/wp-json\/wp\/v2\/pages\/145786","targetHints":{"allow":["GET"]}}],"collection":[{"href":"https:\/\/www.eltako.com\/pl\/wp-json\/wp\/v2\/pages"}],"about":[{"href":"https:\/\/www.eltako.com\/pl\/wp-json\/wp\/v2\/types\/page"}],"author":[{"embeddable":true,"href":"https:\/\/www.eltako.com\/pl\/wp-json\/wp\/v2\/users\/31"}],"replies":[{"embeddable":true,"href":"https:\/\/www.eltako.com\/pl\/wp-json\/wp\/v2\/comments?post=145786"}],"version-history":[{"count":1,"href":"https:\/\/www.eltako.com\/pl\/wp-json\/wp\/v2\/pages\/145786\/revisions"}],"predecessor-version":[{"id":145826,"href":"https:\/\/www.eltako.com\/pl\/wp-json\/wp\/v2\/pages\/145786\/revisions\/145826"}],"up":[{"embeddable":true,"href":"https:\/\/www.eltako.com\/pl\/wp-json\/wp\/v2\/pages\/146022"}],"wp:attachment":[{"href":"https:\/\/www.eltako.com\/pl\/wp-json\/wp\/v2\/media?parent=145786"}],"curies":[{"name":"wp","href":"https:\/\/api.w.org\/{rel}","templated":true}]}}