{"id":145781,"date":"2025-08-28T14:46:57","date_gmt":"2025-08-28T12:46:57","guid":{"rendered":"https:\/\/www.eltako.com\/najnowsze-wiadomosci\/"},"modified":"2025-09-09T14:16:38","modified_gmt":"2025-09-09T12:16:38","slug":"najnowsze-wiadomosci","status":"publish","type":"page","link":"https:\/\/www.eltako.com\/pl\/najnowsze-wiadomosci\/","title":{"rendered":"Najnowsze wiadomo\u015bci"},"content":{"rendered":"<p>[awsmjobs]<\/p>\n","protected":false},"excerpt":{"rendered":"<p>[awsmjobs]<\/p>\n","protected":false},"author":31,"featured_media":0,"parent":0,"menu_order":0,"comment_status":"closed","ping_status":"closed","template":"templates\/aktuelles.php","meta":{"_acf_changed":false,"footnotes":"","_links_to":"","_links_to_target":""},"class_list":["post-145781","page","type-page","status-publish","hentry"],"acf":[],"yoast_head":"<!-- This site is optimized with the Yoast SEO plugin v27.2 - https:\/\/yoast.com\/product\/yoast-seo-wordpress\/ -->\n<title>Najnowsze wiadomo\u015bci &#187; Eltako<\/title>\n<meta name=\"robots\" content=\"index, follow, max-snippet:-1, max-image-preview:large, max-video-preview:-1\" \/>\n<link rel=\"canonical\" href=\"https:\/\/www.eltako.com\/pl\/najnowsze-wiadomosci\/\" \/>\n<meta property=\"og:locale\" content=\"pl_PL\" \/>\n<meta property=\"og:type\" content=\"article\" \/>\n<meta property=\"og:title\" content=\"Najnowsze wiadomo\u015bci &#187; Eltako\" \/>\n<meta property=\"og:description\" content=\"[awsmjobs]\" \/>\n<meta property=\"og:url\" content=\"https:\/\/www.eltako.com\/pl\/najnowsze-wiadomosci\/\" \/>\n<meta property=\"og:site_name\" content=\"Eltako\" \/>\n<meta property=\"article:modified_time\" content=\"2025-09-09T12:16:38+00:00\" \/>\n<meta name=\"twitter:card\" content=\"summary_large_image\" \/>\n<meta name=\"twitter:label1\" content=\"Szacowany czas czytania\" \/>\n\t<meta name=\"twitter:data1\" content=\"1 minuta\" \/>\n<script type=\"application\/ld+json\" class=\"yoast-schema-graph\">{\"@context\":\"https:\/\/schema.org\",\"@graph\":[{\"@type\":\"WebPage\",\"@id\":\"https:\/\/www.eltako.com\/pl\/najnowsze-wiadomosci\/\",\"url\":\"https:\/\/www.eltako.com\/pl\/najnowsze-wiadomosci\/\",\"name\":\"Najnowsze wiadomo\u015bci &#187; Eltako\",\"isPartOf\":{\"@id\":\"https:\/\/www.eltako.com\/en\/#website\"},\"datePublished\":\"2025-08-28T12:46:57+00:00\",\"dateModified\":\"2025-09-09T12:16:38+00:00\",\"breadcrumb\":{\"@id\":\"https:\/\/www.eltako.com\/pl\/najnowsze-wiadomosci\/#breadcrumb\"},\"inLanguage\":\"pl-PL\",\"potentialAction\":[{\"@type\":\"ReadAction\",\"target\":[\"https:\/\/www.eltako.com\/pl\/najnowsze-wiadomosci\/\"]}]},{\"@type\":\"BreadcrumbList\",\"@id\":\"https:\/\/www.eltako.com\/pl\/najnowsze-wiadomosci\/#breadcrumb\",\"itemListElement\":[{\"@type\":\"ListItem\",\"position\":1,\"name\":\"Home\",\"item\":\"https:\/\/www.eltako.com\/pl\/\"},{\"@type\":\"ListItem\",\"position\":2,\"name\":\"Najnowsze wiadomo\u015bci\"}]},{\"@type\":\"WebSite\",\"@id\":\"https:\/\/www.eltako.com\/en\/#website\",\"url\":\"https:\/\/www.eltako.com\/en\/\",\"name\":\"Eltako\",\"description\":\"Schaltger\u00e4te, Netzteile, Stromz\u00e4hler, Dimmer, Geb\u00e4udeinstallation, Steuerungstechnik, Smart Home-L\u00f6sungen, Geb\u00e4udefunk, EnOcean-Technologie\",\"potentialAction\":[{\"@type\":\"SearchAction\",\"target\":{\"@type\":\"EntryPoint\",\"urlTemplate\":\"https:\/\/www.eltako.com\/en\/?s={search_term_string}\"},\"query-input\":{\"@type\":\"PropertyValueSpecification\",\"valueRequired\":true,\"valueName\":\"search_term_string\"}}],\"inLanguage\":\"pl-PL\"}]}<\/script>\n<!-- \/ Yoast SEO plugin. -->","yoast_head_json":{"title":"Najnowsze wiadomo\u015bci &#187; Eltako","robots":{"index":"index","follow":"follow","max-snippet":"max-snippet:-1","max-image-preview":"max-image-preview:large","max-video-preview":"max-video-preview:-1"},"canonical":"https:\/\/www.eltako.com\/pl\/najnowsze-wiadomosci\/","og_locale":"pl_PL","og_type":"article","og_title":"Najnowsze wiadomo\u015bci &#187; Eltako","og_description":"[awsmjobs]","og_url":"https:\/\/www.eltako.com\/pl\/najnowsze-wiadomosci\/","og_site_name":"Eltako","article_modified_time":"2025-09-09T12:16:38+00:00","twitter_card":"summary_large_image","twitter_misc":{"Szacowany czas czytania":"1 minuta"},"schema":{"@context":"https:\/\/schema.org","@graph":[{"@type":"WebPage","@id":"https:\/\/www.eltako.com\/pl\/najnowsze-wiadomosci\/","url":"https:\/\/www.eltako.com\/pl\/najnowsze-wiadomosci\/","name":"Najnowsze wiadomo\u015bci &#187; Eltako","isPartOf":{"@id":"https:\/\/www.eltako.com\/en\/#website"},"datePublished":"2025-08-28T12:46:57+00:00","dateModified":"2025-09-09T12:16:38+00:00","breadcrumb":{"@id":"https:\/\/www.eltako.com\/pl\/najnowsze-wiadomosci\/#breadcrumb"},"inLanguage":"pl-PL","potentialAction":[{"@type":"ReadAction","target":["https:\/\/www.eltako.com\/pl\/najnowsze-wiadomosci\/"]}]},{"@type":"BreadcrumbList","@id":"https:\/\/www.eltako.com\/pl\/najnowsze-wiadomosci\/#breadcrumb","itemListElement":[{"@type":"ListItem","position":1,"name":"Home","item":"https:\/\/www.eltako.com\/pl\/"},{"@type":"ListItem","position":2,"name":"Najnowsze wiadomo\u015bci"}]},{"@type":"WebSite","@id":"https:\/\/www.eltako.com\/en\/#website","url":"https:\/\/www.eltako.com\/en\/","name":"Eltako","description":"Schaltger\u00e4te, Netzteile, Stromz\u00e4hler, Dimmer, Geb\u00e4udeinstallation, Steuerungstechnik, Smart Home-L\u00f6sungen, Geb\u00e4udefunk, EnOcean-Technologie","potentialAction":[{"@type":"SearchAction","target":{"@type":"EntryPoint","urlTemplate":"https:\/\/www.eltako.com\/en\/?s={search_term_string}"},"query-input":{"@type":"PropertyValueSpecification","valueRequired":true,"valueName":"search_term_string"}}],"inLanguage":"pl-PL"}]}},"_links":{"self":[{"href":"https:\/\/www.eltako.com\/pl\/wp-json\/wp\/v2\/pages\/145781","targetHints":{"allow":["GET"]}}],"collection":[{"href":"https:\/\/www.eltako.com\/pl\/wp-json\/wp\/v2\/pages"}],"about":[{"href":"https:\/\/www.eltako.com\/pl\/wp-json\/wp\/v2\/types\/page"}],"author":[{"embeddable":true,"href":"https:\/\/www.eltako.com\/pl\/wp-json\/wp\/v2\/users\/31"}],"replies":[{"embeddable":true,"href":"https:\/\/www.eltako.com\/pl\/wp-json\/wp\/v2\/comments?post=145781"}],"version-history":[{"count":1,"href":"https:\/\/www.eltako.com\/pl\/wp-json\/wp\/v2\/pages\/145781\/revisions"}],"predecessor-version":[{"id":146530,"href":"https:\/\/www.eltako.com\/pl\/wp-json\/wp\/v2\/pages\/145781\/revisions\/146530"}],"wp:attachment":[{"href":"https:\/\/www.eltako.com\/pl\/wp-json\/wp\/v2\/media?parent=145781"}],"curies":[{"name":"wp","href":"https:\/\/api.w.org\/{rel}","templated":true}]}}