{"id":145761,"date":"2025-08-28T14:46:54","date_gmt":"2025-08-28T12:46:54","guid":{"rendered":"https:\/\/www.eltako.com\/company\/zrownowazony-rozwoj\/"},"modified":"2025-09-05T11:29:04","modified_gmt":"2025-09-05T09:29:04","slug":"zrownowazony-rozwoj","status":"publish","type":"page","link":"https:\/\/www.eltako.com\/pl\/company\/zrownowazony-rozwoj\/","title":{"rendered":"Zr\u00f3wnowa\u017cony rozw\u00f3j"},"content":{"rendered":"\n<p class=\"has-text-align-left has-text-color\" style=\"color:#0064af\">Definicja zr\u00f3wnowa\u017conego rozwoju m\u00f3wi, \u017ce potrzeby tera\u017aniejszo\u015bci musz\u0105 by\u0107 zaspokajane w taki spos\u00f3b, aby nie ogranicza\u0107 mo\u017cliwo\u015bci przysz\u0142ych pokole\u0144.  <\/p>\n\n<p class=\"has-text-align-left has-text-color\" style=\"color:#0064af\">Dzi\u0119ki naszym innowacjom chcemy pracowa\u0107 dok\u0142adnie z t\u0105 my\u015bl\u0105: Opracowujemy zaawansowane technologie, kt\u00f3re poprawiaj\u0105 \u017cycie naszych klient\u00f3w teraz i w przysz\u0142o\u015bci, nie trac\u0105c z oczu naszego celu, jakim jest stawanie si\u0119 coraz bardziej zr\u00f3wnowa\u017conym i przyjaznym dla \u015brodowiska.  <\/p>\n\n<div style=\"height:70px\" aria-hidden=\"true\" class=\"wp-block-spacer\"><\/div>\n\n<div id=\"\" class=\"wp-block-gosign-gosign-background-contianer gosign-color-section btn-full align-true def-verticalAlignBottom default-padding no-margin custom-width no-min-height lightColorLayout no-top-border no-bottom-border colorSectionFe background-scroll background-repeat overlay-false defined-width\"><div class=\"outer-container background-scroll\" style=\"padding-top:100px;padding-bottom:70px;padding-left:10px;padding-right:10px;background-repeat:repeat;background-color:#0064af\"><div class=\"inner-container\"><div class=\"contentBlock\" style=\"max-width:1110px\">\n<div class=\"wp-block-columns is-layout-flex wp-container-core-columns-is-layout-9d6595d7 wp-block-columns-is-layout-flex\">\n<div class=\"wp-block-column is-layout-flow wp-block-column-is-layout-flow\">\n<div class=\"wp-block-media-text alignwide is-stacked-on-mobile is-vertically-aligned-center\" style=\"grid-template-columns:35% auto\"><figure class=\"wp-block-media-text__media\"><img decoding=\"async\" width=\"600\" height=\"600\" src=\"https:\/\/www.eltako.com\/wp-content\/uploads\/2022\/06\/eltako_website_content_600x600_nachhaltigkeit_01.jpg\" alt=\"\" class=\"wp-image-77875 size-full\" srcset=\"https:\/\/www.eltako.com\/wp-content\/uploads\/2022\/06\/eltako_website_content_600x600_nachhaltigkeit_01.jpg 600w, https:\/\/www.eltako.com\/wp-content\/uploads\/2022\/06\/eltako_website_content_600x600_nachhaltigkeit_01-300x300.jpg 300w, https:\/\/www.eltako.com\/wp-content\/uploads\/2022\/06\/eltako_website_content_600x600_nachhaltigkeit_01-150x150.jpg 150w, https:\/\/www.eltako.com\/wp-content\/uploads\/2022\/06\/eltako_website_content_600x600_nachhaltigkeit_01-100x100.jpg 100w\" sizes=\"(max-width: 600px) 100vw, 600px\" \/><\/figure><div class=\"wp-block-media-text__content\">\n<h2 class=\"wp-block-heading has-large-font-size\" style=\"text-transform:uppercase\"><strong>Technologia EnOcean<\/strong><\/h2>\n\n\n\n<p>Nasze bezprzewodowe czujniki z technologi\u0105 EnOcean zbieraj\u0105 i magazynuj\u0105 energi\u0119 kinetyczn\u0105, ciepln\u0105 i s\u0142oneczn\u0105 z otoczenia. Ten tak zwany &#8222;energy harvesting&#8221; dostarcza dok\u0142adnie tyle energii, ile potrzeba do wys\u0142ania telegramu radiowego. Oznacza to, \u017ce nie ma potrzeby stosowania jakiegokolwiek \u017ar\u00f3d\u0142a zasilania.    <\/p>\n\n\n\n<p>Wiele z naszych czujnik\u00f3w zewn\u0119trznych, na przyk\u0142ad, dzia\u0142a g\u0142\u00f3wnie z wykorzystaniem energii s\u0142onecznej. Je\u015bli zostan\u0105 umieszczone w wystarczaj\u0105co jasnym miejscu, s\u0105 natychmiast gotowe do u\u017cycia. Oszcz\u0119dza to zasoby i energi\u0119 oraz sprawia, \u017ce czujniki nie wymagaj\u0105 konserwacji.    <\/p>\n\n\n\n<p>Wi\u0119cej informacji na temat naszej wsp\u00f3\u0142pracy z EnOcean mo\u017cna znale\u017a\u0107 <a href=\"https:\/\/www.eltako.de\/unternehmen\/partner-und-allianzen\/enocean\/\">tutaj.<\/a><\/p>\n<\/div><\/div>\n<\/div>\n<\/div>\n<\/div><\/div><\/div><\/div>\n\n<div id=\"\" class=\"wp-block-gosign-gosign-background-contianer gosign-color-section btn-full align-true def-verticalAlignBottom default-padding no-margin custom-width no-min-height lightColorLayout no-top-border no-bottom-border colorSectionFe background-scroll background-repeat overlay-false defined-width\"><div class=\"outer-container background-scroll\" style=\"padding-top:100px;padding-bottom:70px;padding-left:10px;padding-right:10px;background-repeat:repeat;background-color:#ffffff\"><div class=\"inner-container\"><div class=\"contentBlock\" style=\"max-width:1110px\">\n<div class=\"wp-block-columns is-layout-flex wp-container-core-columns-is-layout-9d6595d7 wp-block-columns-is-layout-flex\">\n<div class=\"wp-block-column is-layout-flow wp-block-column-is-layout-flow\">\n<div class=\"wp-block-media-text alignwide has-media-on-the-right is-stacked-on-mobile is-vertically-aligned-center\" style=\"grid-template-columns:auto 35%\"><div class=\"wp-block-media-text__content\">\n<h2 class=\"wp-block-heading has-text-color has-large-font-size\" style=\"color:#0064af;text-transform:uppercase\"><strong>Przyjazny dla \u015brodowiska proces zamawiania, wysy\u0142ki i obs\u0142ugi<\/strong><\/h2>\n\n\n\n<p class=\"has-text-color\" style=\"color:#0064af\">Nasza komunikacja z klientami i zam\u00f3wienia s\u0105 g\u0142\u00f3wnie cyfrowe. Us\u0142uga WhatsApp, telefoniczna i e-mailowa pomaga klientom i jednocze\u015bnie oszcz\u0119dza zasoby.   <\/p>\n\n\n\n<p class=\"has-text-color\" style=\"color:#0064af\">Nasze opakowania i materia\u0142y wysy\u0142kowe s\u0105 wykonane z papieru, kartonu lub kompostowalnego plastiku.  <\/p>\n<\/div><figure class=\"wp-block-media-text__media\"><img decoding=\"async\" width=\"600\" height=\"600\" src=\"https:\/\/www.eltako.com\/wp-content\/uploads\/2022\/06\/eltako_website_content_600x600_nachhaltigkeit_02.jpg\" alt=\"\" class=\"wp-image-78744 size-full\" srcset=\"https:\/\/www.eltako.com\/wp-content\/uploads\/2022\/06\/eltako_website_content_600x600_nachhaltigkeit_02.jpg 600w, https:\/\/www.eltako.com\/wp-content\/uploads\/2022\/06\/eltako_website_content_600x600_nachhaltigkeit_02-300x300.jpg 300w, https:\/\/www.eltako.com\/wp-content\/uploads\/2022\/06\/eltako_website_content_600x600_nachhaltigkeit_02-150x150.jpg 150w, https:\/\/www.eltako.com\/wp-content\/uploads\/2022\/06\/eltako_website_content_600x600_nachhaltigkeit_02-100x100.jpg 100w\" sizes=\"(max-width: 600px) 100vw, 600px\" \/><\/figure><\/div>\n<\/div>\n<\/div>\n<\/div><\/div><\/div><\/div>\n\n<div id=\"\" class=\"wp-block-gosign-gosign-background-contianer gosign-color-section btn-full align-true def-verticalAlignBottom default-padding no-margin custom-width no-min-height lightColorLayout no-top-border no-bottom-border colorSectionFe background-scroll background-repeat overlay-false defined-width\"><div class=\"outer-container background-scroll\" style=\"padding-top:100px;padding-bottom:70px;padding-left:10px;padding-right:10px;background-repeat:repeat;background-color:#0064af\"><div class=\"inner-container\"><div class=\"contentBlock\" style=\"max-width:1110px\">\n<div class=\"wp-block-columns is-layout-flex wp-container-core-columns-is-layout-9d6595d7 wp-block-columns-is-layout-flex\">\n<div class=\"wp-block-column is-layout-flow wp-block-column-is-layout-flow\">\n<div class=\"wp-block-media-text alignwide is-stacked-on-mobile is-vertically-aligned-center\" style=\"grid-template-columns:35% auto\"><figure class=\"wp-block-media-text__media\"><img decoding=\"async\" width=\"600\" height=\"600\" src=\"https:\/\/www.eltako.com\/wp-content\/uploads\/2022\/06\/eltako_website_content_600x600_nachhaltigkeit_03.jpg\" alt=\"\" class=\"wp-image-78753 size-full\" srcset=\"https:\/\/www.eltako.com\/wp-content\/uploads\/2022\/06\/eltako_website_content_600x600_nachhaltigkeit_03.jpg 600w, https:\/\/www.eltako.com\/wp-content\/uploads\/2022\/06\/eltako_website_content_600x600_nachhaltigkeit_03-300x300.jpg 300w, https:\/\/www.eltako.com\/wp-content\/uploads\/2022\/06\/eltako_website_content_600x600_nachhaltigkeit_03-150x150.jpg 150w, https:\/\/www.eltako.com\/wp-content\/uploads\/2022\/06\/eltako_website_content_600x600_nachhaltigkeit_03-100x100.jpg 100w\" sizes=\"(max-width: 600px) 100vw, 600px\" \/><\/figure><div class=\"wp-block-media-text__content\">\n<h2 class=\"wp-block-heading has-large-font-size\" style=\"text-transform:uppercase\"><strong>Brak strat w trybie gotowo\u015bci dzi\u0119ki przeka\u017anikom bistabilnym<\/strong><\/h2>\n\n\n\n<p>Zastosowanie przeka\u017anik\u00f3w bistabilnych oznacza, \u017ce straty w trybie gotowo\u015bci dla tych produkt\u00f3w wynosz\u0105 zero. Zwykle ma to miejsce, gdy przeka\u017anik jest zasilany. Dzi\u0119ki zastosowaniu specjalnej technologii, nasze przeka\u017aniki s\u0105 mechanicznie blokowane, co pozwala zaoszcz\u0119dzi\u0107 energi\u0119.    <\/p>\n<\/div><\/div>\n<\/div>\n<\/div>\n<\/div><\/div><\/div><\/div>\n\n<div id=\"\" class=\"wp-block-gosign-gosign-background-contianer gosign-color-section btn-full align-true def-verticalAlignBottom default-padding no-margin custom-width no-min-height lightColorLayout no-top-border no-bottom-border colorSectionFe background-scroll background-repeat overlay-false defined-width\"><div class=\"outer-container background-scroll\" style=\"padding-top:100px;padding-bottom:10px;padding-left:10px;padding-right:10px;background-repeat:repeat;background-color:#ffffff\"><div class=\"inner-container\"><div class=\"contentBlock\" style=\"max-width:1110px\">\n<div class=\"wp-block-columns is-layout-flex wp-container-core-columns-is-layout-9d6595d7 wp-block-columns-is-layout-flex\">\n<div class=\"wp-block-column is-layout-flow wp-block-column-is-layout-flow\">\n<div class=\"wp-block-media-text alignwide has-media-on-the-right is-stacked-on-mobile is-vertically-aligned-center\" style=\"grid-template-columns:auto 35%\"><div class=\"wp-block-media-text__content\">\n<h2 class=\"wp-block-heading has-text-color has-large-font-size\" style=\"color:#0064af;text-transform:uppercase\"><strong>E-mobilno\u015b\u0107<\/strong><\/h2>\n\n\n\n<p class=\"has-text-color\" style=\"color:#0064af\">Ponad 10 lat temu byli\u015bmy cz\u0119\u015bci\u0105 projektu badawczego w Badenii-Wirtembergii, kt\u00f3ry testowa\u0142 przydatno\u015b\u0107 samochod\u00f3w elektrycznych do codziennego u\u017cytku. W tym czasie w naszej firmie pojawi\u0142y si\u0119 pierwsze samochody tego typu. W mi\u0119dzyczasie wielu naszych pracownik\u00f3w zosta\u0142o wyposa\u017conych w pojazdy z nap\u0119dem elektrycznym, kt\u00f3re mo\u017cna &#8222;zatankowa\u0107&#8221; za pomoc\u0105 w\u0142asnych stacji \u0142adowania na terenie naszej firmy.    <\/p>\n\n\n\n<p class=\"has-text-color\" style=\"color:#0064af\">Jeste\u015bmy przekonani, \u017ce e-mobilno\u015b\u0107 mo\u017ce w znacznym stopniu przyczyni\u0107 si\u0119 do przyjaznej dla klimatu przysz\u0142o\u015bci i dlatego planujemy dalsz\u0105 rozbudow\u0119 naszego e-flotu.  <\/p>\n\n\n\n<p class=\"has-text-color\" style=\"color:#0064af\">Kolejna przyjazna \u015brodowisku oferta dla naszych pracownik\u00f3w powsta\u0142a dzi\u0119ki wsp\u00f3\u0142pracy z firm\u0105 &#8222;BusinessBikes&#8221;. ELTAKO wspiera wszystkich pracownik\u00f3w w wynajmie roweru, czy to klasycznego, czy nowoczesnego e-roweru. Pozwala im to nie tylko szybciej dosta\u0107 si\u0119 z punktu A do punktu B, cieszy\u0107 si\u0119 wi\u0119ksz\u0105 ilo\u015bci\u0105 czasu na \u015bwie\u017cym powietrzu i pozosta\u0107 w ruchu pomimo codziennej rutyny pracy, ale tak\u017ce zrobi\u0107 co\u015b dla \u015brodowiska!    <\/p>\n<\/div><figure class=\"wp-block-media-text__media\"><img decoding=\"async\" width=\"600\" height=\"600\" src=\"https:\/\/www.eltako.com\/wp-content\/uploads\/2022\/06\/eltako_website_content_600x600_nachhaltigkeit_04.jpg\" alt=\"\" class=\"wp-image-78762 size-full\" srcset=\"https:\/\/www.eltako.com\/wp-content\/uploads\/2022\/06\/eltako_website_content_600x600_nachhaltigkeit_04.jpg 600w, https:\/\/www.eltako.com\/wp-content\/uploads\/2022\/06\/eltako_website_content_600x600_nachhaltigkeit_04-300x300.jpg 300w, https:\/\/www.eltako.com\/wp-content\/uploads\/2022\/06\/eltako_website_content_600x600_nachhaltigkeit_04-150x150.jpg 150w, https:\/\/www.eltako.com\/wp-content\/uploads\/2022\/06\/eltako_website_content_600x600_nachhaltigkeit_04-100x100.jpg 100w\" sizes=\"(max-width: 600px) 100vw, 600px\" \/><\/figure><\/div>\n<\/div>\n<\/div>\n<\/div><\/div><\/div><\/div>\n\n<p><\/p>\n","protected":false},"excerpt":{"rendered":"<p>Definicja zr\u00f3wnowa\u017conego rozwoju m\u00f3wi, \u017ce potrzeby tera\u017aniejszo\u015bci musz\u0105 by\u0107 zaspokajane w taki spos\u00f3b, aby nie ogranicza\u0107 mo\u017cliwo\u015bci przysz\u0142ych pokole\u0144. Dzi\u0119ki naszym innowacjom chcemy pracowa\u0107 dok\u0142adnie z t\u0105 my\u015bl\u0105: Opracowujemy zaawansowane technologie, kt\u00f3re poprawiaj\u0105 \u017cycie naszych klient\u00f3w teraz i w przysz\u0142o\u015bci, nie trac\u0105c z oczu naszego celu, jakim jest stawanie si\u0119 coraz bardziej zr\u00f3wnowa\u017conym i przyjaznym [&hellip;]<\/p>\n","protected":false},"author":39,"featured_media":145777,"parent":145698,"menu_order":2,"comment_status":"closed","ping_status":"closed","template":"templates\/custom_header.php","meta":{"_acf_changed":false,"footnotes":"","_links_to":"","_links_to_target":""},"class_list":["post-145761","page","type-page","status-publish","has-post-thumbnail","hentry"],"acf":[],"yoast_head":"<!-- This site is optimized with the Yoast SEO plugin v27.2 - https:\/\/yoast.com\/product\/yoast-seo-wordpress\/ -->\n<title>Zr\u00f3wnowa\u017cony rozw\u00f3j &#187; Eltako<\/title>\n<meta name=\"robots\" content=\"index, follow, max-snippet:-1, max-image-preview:large, max-video-preview:-1\" \/>\n<link rel=\"canonical\" href=\"https:\/\/www.eltako.com\/pl\/company\/zrownowazony-rozwoj\/\" \/>\n<meta property=\"og:locale\" content=\"pl_PL\" \/>\n<meta property=\"og:type\" content=\"article\" \/>\n<meta property=\"og:title\" content=\"Zr\u00f3wnowa\u017cony rozw\u00f3j &#187; Eltako\" \/>\n<meta property=\"og:description\" content=\"Definicja zr\u00f3wnowa\u017conego rozwoju m\u00f3wi, \u017ce potrzeby tera\u017aniejszo\u015bci musz\u0105 by\u0107 zaspokajane w taki spos\u00f3b, aby nie ogranicza\u0107 mo\u017cliwo\u015bci przysz\u0142ych pokole\u0144. Dzi\u0119ki naszym innowacjom chcemy pracowa\u0107 dok\u0142adnie z t\u0105 my\u015bl\u0105: Opracowujemy zaawansowane technologie, kt\u00f3re poprawiaj\u0105 \u017cycie naszych klient\u00f3w teraz i w przysz\u0142o\u015bci, nie trac\u0105c z oczu naszego celu, jakim jest stawanie si\u0119 coraz bardziej zr\u00f3wnowa\u017conym i przyjaznym [&hellip;]\" \/>\n<meta property=\"og:url\" content=\"https:\/\/www.eltako.com\/pl\/company\/zrownowazony-rozwoj\/\" \/>\n<meta property=\"og:site_name\" content=\"Eltako\" \/>\n<meta property=\"article:modified_time\" content=\"2025-09-05T09:29:04+00:00\" \/>\n<meta property=\"og:image\" content=\"https:\/\/www.eltako.com\/wp-content\/uploads\/2022\/06\/eltako_website_header_1920x700_nachhaltigkeit_01.jpg\" \/>\n\t<meta property=\"og:image:width\" content=\"1920\" \/>\n\t<meta property=\"og:image:height\" content=\"700\" \/>\n\t<meta property=\"og:image:type\" content=\"image\/jpeg\" \/>\n<meta name=\"twitter:card\" content=\"summary_large_image\" \/>\n<meta name=\"twitter:label1\" content=\"Szacowany czas czytania\" \/>\n\t<meta name=\"twitter:data1\" content=\"4 minuty\" \/>\n<script type=\"application\/ld+json\" class=\"yoast-schema-graph\">{\"@context\":\"https:\/\/schema.org\",\"@graph\":[{\"@type\":\"WebPage\",\"@id\":\"https:\/\/www.eltako.com\/pl\/company\/zrownowazony-rozwoj\/\",\"url\":\"https:\/\/www.eltako.com\/pl\/company\/zrownowazony-rozwoj\/\",\"name\":\"Zr\u00f3wnowa\u017cony rozw\u00f3j &#187; Eltako\",\"isPartOf\":{\"@id\":\"https:\/\/www.eltako.com\/en\/#website\"},\"primaryImageOfPage\":{\"@id\":\"https:\/\/www.eltako.com\/pl\/company\/zrownowazony-rozwoj\/#primaryimage\"},\"image\":{\"@id\":\"https:\/\/www.eltako.com\/pl\/company\/zrownowazony-rozwoj\/#primaryimage\"},\"thumbnailUrl\":\"https:\/\/www.eltako.com\/wp-content\/uploads\/2022\/06\/eltako_website_header_1920x700_nachhaltigkeit_01.jpg\",\"datePublished\":\"2025-08-28T12:46:54+00:00\",\"dateModified\":\"2025-09-05T09:29:04+00:00\",\"breadcrumb\":{\"@id\":\"https:\/\/www.eltako.com\/pl\/company\/zrownowazony-rozwoj\/#breadcrumb\"},\"inLanguage\":\"pl-PL\",\"potentialAction\":[{\"@type\":\"ReadAction\",\"target\":[\"https:\/\/www.eltako.com\/pl\/company\/zrownowazony-rozwoj\/\"]}]},{\"@type\":\"ImageObject\",\"inLanguage\":\"pl-PL\",\"@id\":\"https:\/\/www.eltako.com\/pl\/company\/zrownowazony-rozwoj\/#primaryimage\",\"url\":\"https:\/\/www.eltako.com\/wp-content\/uploads\/2022\/06\/eltako_website_header_1920x700_nachhaltigkeit_01.jpg\",\"contentUrl\":\"https:\/\/www.eltako.com\/wp-content\/uploads\/2022\/06\/eltako_website_header_1920x700_nachhaltigkeit_01.jpg\",\"width\":1920,\"height\":700},{\"@type\":\"BreadcrumbList\",\"@id\":\"https:\/\/www.eltako.com\/pl\/company\/zrownowazony-rozwoj\/#breadcrumb\",\"itemListElement\":[{\"@type\":\"ListItem\",\"position\":1,\"name\":\"Home\",\"item\":\"https:\/\/www.eltako.com\/pl\/\"},{\"@type\":\"ListItem\",\"position\":2,\"name\":\"Przedsi\u0119biorstwo\",\"item\":\"https:\/\/www.eltako.com\/pl\/company\/\"},{\"@type\":\"ListItem\",\"position\":3,\"name\":\"Zr\u00f3wnowa\u017cony rozw\u00f3j\"}]},{\"@type\":\"WebSite\",\"@id\":\"https:\/\/www.eltako.com\/en\/#website\",\"url\":\"https:\/\/www.eltako.com\/en\/\",\"name\":\"Eltako\",\"description\":\"Schaltger\u00e4te, Netzteile, Stromz\u00e4hler, Dimmer, Geb\u00e4udeinstallation, Steuerungstechnik, Smart Home-L\u00f6sungen, Geb\u00e4udefunk, EnOcean-Technologie\",\"potentialAction\":[{\"@type\":\"SearchAction\",\"target\":{\"@type\":\"EntryPoint\",\"urlTemplate\":\"https:\/\/www.eltako.com\/en\/?s={search_term_string}\"},\"query-input\":{\"@type\":\"PropertyValueSpecification\",\"valueRequired\":true,\"valueName\":\"search_term_string\"}}],\"inLanguage\":\"pl-PL\"}]}<\/script>\n<!-- \/ Yoast SEO plugin. -->","yoast_head_json":{"title":"Zr\u00f3wnowa\u017cony rozw\u00f3j &#187; Eltako","robots":{"index":"index","follow":"follow","max-snippet":"max-snippet:-1","max-image-preview":"max-image-preview:large","max-video-preview":"max-video-preview:-1"},"canonical":"https:\/\/www.eltako.com\/pl\/company\/zrownowazony-rozwoj\/","og_locale":"pl_PL","og_type":"article","og_title":"Zr\u00f3wnowa\u017cony rozw\u00f3j &#187; Eltako","og_description":"Definicja zr\u00f3wnowa\u017conego rozwoju m\u00f3wi, \u017ce potrzeby tera\u017aniejszo\u015bci musz\u0105 by\u0107 zaspokajane w taki spos\u00f3b, aby nie ogranicza\u0107 mo\u017cliwo\u015bci przysz\u0142ych pokole\u0144. Dzi\u0119ki naszym innowacjom chcemy pracowa\u0107 dok\u0142adnie z t\u0105 my\u015bl\u0105: Opracowujemy zaawansowane technologie, kt\u00f3re poprawiaj\u0105 \u017cycie naszych klient\u00f3w teraz i w przysz\u0142o\u015bci, nie trac\u0105c z oczu naszego celu, jakim jest stawanie si\u0119 coraz bardziej zr\u00f3wnowa\u017conym i przyjaznym [&hellip;]","og_url":"https:\/\/www.eltako.com\/pl\/company\/zrownowazony-rozwoj\/","og_site_name":"Eltako","article_modified_time":"2025-09-05T09:29:04+00:00","og_image":[{"width":1920,"height":700,"url":"https:\/\/www.eltako.com\/wp-content\/uploads\/2022\/06\/eltako_website_header_1920x700_nachhaltigkeit_01.jpg","type":"image\/jpeg"}],"twitter_card":"summary_large_image","twitter_misc":{"Szacowany czas czytania":"4 minuty"},"schema":{"@context":"https:\/\/schema.org","@graph":[{"@type":"WebPage","@id":"https:\/\/www.eltako.com\/pl\/company\/zrownowazony-rozwoj\/","url":"https:\/\/www.eltako.com\/pl\/company\/zrownowazony-rozwoj\/","name":"Zr\u00f3wnowa\u017cony rozw\u00f3j &#187; Eltako","isPartOf":{"@id":"https:\/\/www.eltako.com\/en\/#website"},"primaryImageOfPage":{"@id":"https:\/\/www.eltako.com\/pl\/company\/zrownowazony-rozwoj\/#primaryimage"},"image":{"@id":"https:\/\/www.eltako.com\/pl\/company\/zrownowazony-rozwoj\/#primaryimage"},"thumbnailUrl":"https:\/\/www.eltako.com\/wp-content\/uploads\/2022\/06\/eltako_website_header_1920x700_nachhaltigkeit_01.jpg","datePublished":"2025-08-28T12:46:54+00:00","dateModified":"2025-09-05T09:29:04+00:00","breadcrumb":{"@id":"https:\/\/www.eltako.com\/pl\/company\/zrownowazony-rozwoj\/#breadcrumb"},"inLanguage":"pl-PL","potentialAction":[{"@type":"ReadAction","target":["https:\/\/www.eltako.com\/pl\/company\/zrownowazony-rozwoj\/"]}]},{"@type":"ImageObject","inLanguage":"pl-PL","@id":"https:\/\/www.eltako.com\/pl\/company\/zrownowazony-rozwoj\/#primaryimage","url":"https:\/\/www.eltako.com\/wp-content\/uploads\/2022\/06\/eltako_website_header_1920x700_nachhaltigkeit_01.jpg","contentUrl":"https:\/\/www.eltako.com\/wp-content\/uploads\/2022\/06\/eltako_website_header_1920x700_nachhaltigkeit_01.jpg","width":1920,"height":700},{"@type":"BreadcrumbList","@id":"https:\/\/www.eltako.com\/pl\/company\/zrownowazony-rozwoj\/#breadcrumb","itemListElement":[{"@type":"ListItem","position":1,"name":"Home","item":"https:\/\/www.eltako.com\/pl\/"},{"@type":"ListItem","position":2,"name":"Przedsi\u0119biorstwo","item":"https:\/\/www.eltako.com\/pl\/company\/"},{"@type":"ListItem","position":3,"name":"Zr\u00f3wnowa\u017cony rozw\u00f3j"}]},{"@type":"WebSite","@id":"https:\/\/www.eltako.com\/en\/#website","url":"https:\/\/www.eltako.com\/en\/","name":"Eltako","description":"Schaltger\u00e4te, Netzteile, Stromz\u00e4hler, Dimmer, Geb\u00e4udeinstallation, Steuerungstechnik, Smart Home-L\u00f6sungen, Geb\u00e4udefunk, EnOcean-Technologie","potentialAction":[{"@type":"SearchAction","target":{"@type":"EntryPoint","urlTemplate":"https:\/\/www.eltako.com\/en\/?s={search_term_string}"},"query-input":{"@type":"PropertyValueSpecification","valueRequired":true,"valueName":"search_term_string"}}],"inLanguage":"pl-PL"}]}},"_links":{"self":[{"href":"https:\/\/www.eltako.com\/pl\/wp-json\/wp\/v2\/pages\/145761","targetHints":{"allow":["GET"]}}],"collection":[{"href":"https:\/\/www.eltako.com\/pl\/wp-json\/wp\/v2\/pages"}],"about":[{"href":"https:\/\/www.eltako.com\/pl\/wp-json\/wp\/v2\/types\/page"}],"author":[{"embeddable":true,"href":"https:\/\/www.eltako.com\/pl\/wp-json\/wp\/v2\/users\/39"}],"replies":[{"embeddable":true,"href":"https:\/\/www.eltako.com\/pl\/wp-json\/wp\/v2\/comments?post=145761"}],"version-history":[{"count":2,"href":"https:\/\/www.eltako.com\/pl\/wp-json\/wp\/v2\/pages\/145761\/revisions"}],"predecessor-version":[{"id":146122,"href":"https:\/\/www.eltako.com\/pl\/wp-json\/wp\/v2\/pages\/145761\/revisions\/146122"}],"up":[{"embeddable":true,"href":"https:\/\/www.eltako.com\/pl\/wp-json\/wp\/v2\/pages\/145698"}],"wp:featuredmedia":[{"embeddable":true,"href":"https:\/\/www.eltako.com\/pl\/wp-json\/wp\/v2\/media\/145777"}],"wp:attachment":[{"href":"https:\/\/www.eltako.com\/pl\/wp-json\/wp\/v2\/media?parent=145761"}],"curies":[{"name":"wp","href":"https:\/\/api.w.org\/{rel}","templated":true}]}}