{"id":145743,"date":"2025-08-28T14:46:49","date_gmt":"2025-08-28T12:46:49","guid":{"rendered":"https:\/\/www.eltako.com\/zgw16wl-ip-firmware-2\/"},"modified":"2025-10-01T11:43:43","modified_gmt":"2025-10-01T09:43:43","slug":"zgw16wl-ip-firmware-2","status":"publish","type":"page","link":"https:\/\/www.eltako.com\/pl\/zgw16wl-ip-firmware-2\/","title":{"rendered":"ZGW16WL-IP FIRMWARE"},"content":{"rendered":"\n<div class=\"wp-block-columns is-layout-flex wp-container-core-columns-is-layout-9d6595d7 wp-block-columns-is-layout-flex\">\n<div class=\"wp-block-column is-layout-flow wp-block-column-is-layout-flow\"><div class=\"wp-block-image\">\n<figure class=\"aligncenter size-full is-resized\"><img decoding=\"async\" width=\"901\" height=\"1086\" src=\"https:\/\/www.eltako.com\/wp-content\/uploads\/2024\/06\/zgw16wl-ip-produktbild-aktuelles-beitrag.png\" alt=\"\" class=\"wp-image-140994\" style=\"width:300px;height:undefinedpx\" srcset=\"https:\/\/www.eltako.com\/wp-content\/uploads\/2024\/06\/zgw16wl-ip-produktbild-aktuelles-beitrag.png 901w, https:\/\/www.eltako.com\/wp-content\/uploads\/2024\/06\/zgw16wl-ip-produktbild-aktuelles-beitrag-249x300.png 249w, https:\/\/www.eltako.com\/wp-content\/uploads\/2024\/06\/zgw16wl-ip-produktbild-aktuelles-beitrag-850x1024.png 850w, https:\/\/www.eltako.com\/wp-content\/uploads\/2024\/06\/zgw16wl-ip-produktbild-aktuelles-beitrag-768x926.png 768w, https:\/\/www.eltako.com\/wp-content\/uploads\/2024\/06\/zgw16wl-ip-produktbild-aktuelles-beitrag-300x362.png 300w, https:\/\/www.eltako.com\/wp-content\/uploads\/2024\/06\/zgw16wl-ip-produktbild-aktuelles-beitrag-600x723.png 600w\" sizes=\"(max-width: 901px) 100vw, 901px\" \/><\/figure>\n<\/div>\n\n\n<h3 class=\"wp-block-heading has-text-align-center has-text-color\" style=\"color:#0064af\"><strong><a href=\"https:\/\/www.eltako.com\/pl\/catalog\/\">ZGW16WL-IP<\/a><\/strong><\/h3>\n<\/div>\n<\/div>\n\n<p>W tej aktualizacji Modbus TCP jest domy\u015blnie aktywowany, a MQTT jest dezaktywowany. Mo\u017cna to zmieni\u0107 w ustawieniach. Dzi\u0119ki obs\u0142udze do 16 licznik\u00f3w dokonano wielu optymalizacji; mo\u017ce to prowadzi\u0107 do zmian w ustawieniach urz\u0105dzenia. Po zmianie ustawie\u0144 nale\u017cy ponownie uruchomi\u0107 urz\u0105dzenie. Po aktualizacji konieczne jest ponowne za\u0142adowanie\/od\u015bwie\u017cenie strony internetowej ZGW, aby wszystkie nowe funkcje zosta\u0142y w pe\u0142ni wy\u015bwietlone.    <\/p>\n\n<div class=\"w-100 text-center\">\n<a href=\"https:\/\/www.eltako.com\/fileadmin\/downloads\/firmware\/zgw16\/zgw_production.bin\" class=\"text-uppercase font-weight-bold btn text-white p-3 mt-1 mb-1 w-50\" style=\"background : #016db7; font-size:20px; min-width:250px;\" rel=\"noopener\">Pobierz oprogramowanie uk\u0142adowe<\/a>\n<\/div>\n\n<p><\/p>\n","protected":false},"excerpt":{"rendered":"<p>ZGW16WL-IP W tej aktualizacji Modbus TCP jest domy\u015blnie aktywowany, a MQTT jest dezaktywowany. Mo\u017cna to zmieni\u0107 w ustawieniach. Dzi\u0119ki obs\u0142udze do 16 licznik\u00f3w dokonano wielu optymalizacji; mo\u017ce to prowadzi\u0107 do zmian w ustawieniach urz\u0105dzenia. Po zmianie ustawie\u0144 nale\u017cy ponownie uruchomi\u0107 urz\u0105dzenie. Po aktualizacji konieczne jest ponowne za\u0142adowanie\/od\u015bwie\u017cenie strony internetowej ZGW, aby wszystkie nowe funkcje zosta\u0142y [&hellip;]<\/p>\n","protected":false},"author":39,"featured_media":0,"parent":0,"menu_order":0,"comment_status":"closed","ping_status":"closed","template":"","meta":{"_acf_changed":false,"footnotes":"","_links_to":"","_links_to_target":""},"class_list":["post-145743","page","type-page","status-publish","hentry"],"acf":[],"yoast_head":"<!-- This site is optimized with the Yoast SEO plugin v27.2 - https:\/\/yoast.com\/product\/yoast-seo-wordpress\/ -->\n<title>ZGW16WL-IP FIRMWARE &#187; Eltako<\/title>\n<meta name=\"robots\" content=\"index, follow, max-snippet:-1, max-image-preview:large, max-video-preview:-1\" \/>\n<link rel=\"canonical\" href=\"https:\/\/www.eltako.com\/pl\/zgw16wl-ip-firmware-2\/\" \/>\n<meta property=\"og:locale\" content=\"pl_PL\" \/>\n<meta property=\"og:type\" content=\"article\" \/>\n<meta property=\"og:title\" content=\"ZGW16WL-IP FIRMWARE &#187; Eltako\" \/>\n<meta property=\"og:description\" content=\"ZGW16WL-IP W tej aktualizacji Modbus TCP jest domy\u015blnie aktywowany, a MQTT jest dezaktywowany. Mo\u017cna to zmieni\u0107 w ustawieniach. Dzi\u0119ki obs\u0142udze do 16 licznik\u00f3w dokonano wielu optymalizacji; mo\u017ce to prowadzi\u0107 do zmian w ustawieniach urz\u0105dzenia. Po zmianie ustawie\u0144 nale\u017cy ponownie uruchomi\u0107 urz\u0105dzenie. Po aktualizacji konieczne jest ponowne za\u0142adowanie\/od\u015bwie\u017cenie strony internetowej ZGW, aby wszystkie nowe funkcje zosta\u0142y [&hellip;]\" \/>\n<meta property=\"og:url\" content=\"https:\/\/www.eltako.com\/pl\/zgw16wl-ip-firmware-2\/\" \/>\n<meta property=\"og:site_name\" content=\"Eltako\" \/>\n<meta property=\"article:modified_time\" content=\"2025-10-01T09:43:43+00:00\" \/>\n<meta property=\"og:image\" content=\"https:\/\/www.eltako.com\/wp-content\/uploads\/2024\/06\/zgw16wl-ip-produktbild-aktuelles-beitrag.png\" \/>\n\t<meta property=\"og:image:width\" content=\"901\" \/>\n\t<meta property=\"og:image:height\" content=\"1086\" \/>\n\t<meta property=\"og:image:type\" content=\"image\/png\" \/>\n<meta name=\"twitter:card\" content=\"summary_large_image\" \/>\n<script type=\"application\/ld+json\" class=\"yoast-schema-graph\">{\"@context\":\"https:\/\/schema.org\",\"@graph\":[{\"@type\":\"WebPage\",\"@id\":\"https:\/\/www.eltako.com\/pl\/zgw16wl-ip-firmware-2\/\",\"url\":\"https:\/\/www.eltako.com\/pl\/zgw16wl-ip-firmware-2\/\",\"name\":\"ZGW16WL-IP FIRMWARE &#187; Eltako\",\"isPartOf\":{\"@id\":\"https:\/\/www.eltako.com\/en\/#website\"},\"primaryImageOfPage\":{\"@id\":\"https:\/\/www.eltako.com\/pl\/zgw16wl-ip-firmware-2\/#primaryimage\"},\"image\":{\"@id\":\"https:\/\/www.eltako.com\/pl\/zgw16wl-ip-firmware-2\/#primaryimage\"},\"thumbnailUrl\":\"https:\/\/www.eltako.com\/wp-content\/uploads\/2024\/06\/zgw16wl-ip-produktbild-aktuelles-beitrag.png\",\"datePublished\":\"2025-08-28T12:46:49+00:00\",\"dateModified\":\"2025-10-01T09:43:43+00:00\",\"breadcrumb\":{\"@id\":\"https:\/\/www.eltako.com\/pl\/zgw16wl-ip-firmware-2\/#breadcrumb\"},\"inLanguage\":\"pl-PL\",\"potentialAction\":[{\"@type\":\"ReadAction\",\"target\":[\"https:\/\/www.eltako.com\/pl\/zgw16wl-ip-firmware-2\/\"]}]},{\"@type\":\"ImageObject\",\"inLanguage\":\"pl-PL\",\"@id\":\"https:\/\/www.eltako.com\/pl\/zgw16wl-ip-firmware-2\/#primaryimage\",\"url\":\"https:\/\/www.eltako.com\/wp-content\/uploads\/2024\/06\/zgw16wl-ip-produktbild-aktuelles-beitrag.png\",\"contentUrl\":\"https:\/\/www.eltako.com\/wp-content\/uploads\/2024\/06\/zgw16wl-ip-produktbild-aktuelles-beitrag.png\"},{\"@type\":\"BreadcrumbList\",\"@id\":\"https:\/\/www.eltako.com\/pl\/zgw16wl-ip-firmware-2\/#breadcrumb\",\"itemListElement\":[{\"@type\":\"ListItem\",\"position\":1,\"name\":\"Home\",\"item\":\"https:\/\/www.eltako.com\/pl\/\"},{\"@type\":\"ListItem\",\"position\":2,\"name\":\"ZGW16WL-IP FIRMWARE\"}]},{\"@type\":\"WebSite\",\"@id\":\"https:\/\/www.eltako.com\/en\/#website\",\"url\":\"https:\/\/www.eltako.com\/en\/\",\"name\":\"Eltako\",\"description\":\"Schaltger\u00e4te, Netzteile, Stromz\u00e4hler, Dimmer, Geb\u00e4udeinstallation, Steuerungstechnik, Smart Home-L\u00f6sungen, Geb\u00e4udefunk, EnOcean-Technologie\",\"potentialAction\":[{\"@type\":\"SearchAction\",\"target\":{\"@type\":\"EntryPoint\",\"urlTemplate\":\"https:\/\/www.eltako.com\/en\/?s={search_term_string}\"},\"query-input\":{\"@type\":\"PropertyValueSpecification\",\"valueRequired\":true,\"valueName\":\"search_term_string\"}}],\"inLanguage\":\"pl-PL\"}]}<\/script>\n<!-- \/ Yoast SEO plugin. -->","yoast_head_json":{"title":"ZGW16WL-IP FIRMWARE &#187; Eltako","robots":{"index":"index","follow":"follow","max-snippet":"max-snippet:-1","max-image-preview":"max-image-preview:large","max-video-preview":"max-video-preview:-1"},"canonical":"https:\/\/www.eltako.com\/pl\/zgw16wl-ip-firmware-2\/","og_locale":"pl_PL","og_type":"article","og_title":"ZGW16WL-IP FIRMWARE &#187; Eltako","og_description":"ZGW16WL-IP W tej aktualizacji Modbus TCP jest domy\u015blnie aktywowany, a MQTT jest dezaktywowany. Mo\u017cna to zmieni\u0107 w ustawieniach. Dzi\u0119ki obs\u0142udze do 16 licznik\u00f3w dokonano wielu optymalizacji; mo\u017ce to prowadzi\u0107 do zmian w ustawieniach urz\u0105dzenia. Po zmianie ustawie\u0144 nale\u017cy ponownie uruchomi\u0107 urz\u0105dzenie. Po aktualizacji konieczne jest ponowne za\u0142adowanie\/od\u015bwie\u017cenie strony internetowej ZGW, aby wszystkie nowe funkcje zosta\u0142y [&hellip;]","og_url":"https:\/\/www.eltako.com\/pl\/zgw16wl-ip-firmware-2\/","og_site_name":"Eltako","article_modified_time":"2025-10-01T09:43:43+00:00","og_image":[{"width":901,"height":1086,"url":"https:\/\/www.eltako.com\/wp-content\/uploads\/2024\/06\/zgw16wl-ip-produktbild-aktuelles-beitrag.png","type":"image\/png"}],"twitter_card":"summary_large_image","schema":{"@context":"https:\/\/schema.org","@graph":[{"@type":"WebPage","@id":"https:\/\/www.eltako.com\/pl\/zgw16wl-ip-firmware-2\/","url":"https:\/\/www.eltako.com\/pl\/zgw16wl-ip-firmware-2\/","name":"ZGW16WL-IP FIRMWARE &#187; Eltako","isPartOf":{"@id":"https:\/\/www.eltako.com\/en\/#website"},"primaryImageOfPage":{"@id":"https:\/\/www.eltako.com\/pl\/zgw16wl-ip-firmware-2\/#primaryimage"},"image":{"@id":"https:\/\/www.eltako.com\/pl\/zgw16wl-ip-firmware-2\/#primaryimage"},"thumbnailUrl":"https:\/\/www.eltako.com\/wp-content\/uploads\/2024\/06\/zgw16wl-ip-produktbild-aktuelles-beitrag.png","datePublished":"2025-08-28T12:46:49+00:00","dateModified":"2025-10-01T09:43:43+00:00","breadcrumb":{"@id":"https:\/\/www.eltako.com\/pl\/zgw16wl-ip-firmware-2\/#breadcrumb"},"inLanguage":"pl-PL","potentialAction":[{"@type":"ReadAction","target":["https:\/\/www.eltako.com\/pl\/zgw16wl-ip-firmware-2\/"]}]},{"@type":"ImageObject","inLanguage":"pl-PL","@id":"https:\/\/www.eltako.com\/pl\/zgw16wl-ip-firmware-2\/#primaryimage","url":"https:\/\/www.eltako.com\/wp-content\/uploads\/2024\/06\/zgw16wl-ip-produktbild-aktuelles-beitrag.png","contentUrl":"https:\/\/www.eltako.com\/wp-content\/uploads\/2024\/06\/zgw16wl-ip-produktbild-aktuelles-beitrag.png"},{"@type":"BreadcrumbList","@id":"https:\/\/www.eltako.com\/pl\/zgw16wl-ip-firmware-2\/#breadcrumb","itemListElement":[{"@type":"ListItem","position":1,"name":"Home","item":"https:\/\/www.eltako.com\/pl\/"},{"@type":"ListItem","position":2,"name":"ZGW16WL-IP FIRMWARE"}]},{"@type":"WebSite","@id":"https:\/\/www.eltako.com\/en\/#website","url":"https:\/\/www.eltako.com\/en\/","name":"Eltako","description":"Schaltger\u00e4te, Netzteile, Stromz\u00e4hler, Dimmer, Geb\u00e4udeinstallation, Steuerungstechnik, Smart Home-L\u00f6sungen, Geb\u00e4udefunk, EnOcean-Technologie","potentialAction":[{"@type":"SearchAction","target":{"@type":"EntryPoint","urlTemplate":"https:\/\/www.eltako.com\/en\/?s={search_term_string}"},"query-input":{"@type":"PropertyValueSpecification","valueRequired":true,"valueName":"search_term_string"}}],"inLanguage":"pl-PL"}]}},"_links":{"self":[{"href":"https:\/\/www.eltako.com\/pl\/wp-json\/wp\/v2\/pages\/145743","targetHints":{"allow":["GET"]}}],"collection":[{"href":"https:\/\/www.eltako.com\/pl\/wp-json\/wp\/v2\/pages"}],"about":[{"href":"https:\/\/www.eltako.com\/pl\/wp-json\/wp\/v2\/types\/page"}],"author":[{"embeddable":true,"href":"https:\/\/www.eltako.com\/pl\/wp-json\/wp\/v2\/users\/39"}],"replies":[{"embeddable":true,"href":"https:\/\/www.eltako.com\/pl\/wp-json\/wp\/v2\/comments?post=145743"}],"version-history":[{"count":2,"href":"https:\/\/www.eltako.com\/pl\/wp-json\/wp\/v2\/pages\/145743\/revisions"}],"predecessor-version":[{"id":145928,"href":"https:\/\/www.eltako.com\/pl\/wp-json\/wp\/v2\/pages\/145743\/revisions\/145928"}],"wp:attachment":[{"href":"https:\/\/www.eltako.com\/pl\/wp-json\/wp\/v2\/media?parent=145743"}],"curies":[{"name":"wp","href":"https:\/\/api.w.org\/{rel}","templated":true}]}}