{"id":86847,"date":"2022-08-10T10:46:04","date_gmt":"2022-08-10T08:46:04","guid":{"rendered":"https:\/\/www.eltako.de\/bedrijf\/duurzaamheid\/"},"modified":"2024-02-01T12:39:13","modified_gmt":"2024-02-01T11:39:13","slug":"duurzaamheid","status":"publish","type":"page","link":"https:\/\/www.eltako.com\/nl\/bedrijf\/duurzaamheid\/","title":{"rendered":"Duurzaamheid"},"content":{"rendered":"\n<p class=\"has-text-align-left has-text-color\" style=\"color:#0064af\">De definitie van duurzame ontwikkeling stelt dat de behoeften van het heden zo vervuld moeten worden dat de mogelijkheden van toekomstige generaties niet beperkt worden. <\/p>\n\n<p class=\"has-text-align-left has-text-color\" style=\"color:#0064af\">Met onze innovaties willen we precies zo te werk gaan: We ontwikkelen geavanceerde technologie\u00ebn die het leven van onze klanten nu en in de toekomst verbeteren, zonder ons doel om steeds duurzamer en milieuvriendelijker te worden uit het oog te verliezen. <\/p>\n\n<div style=\"height:70px\" aria-hidden=\"true\" class=\"wp-block-spacer\"><\/div>\n\n<div id=\"\" class=\"wp-block-gosign-gosign-background-contianer gosign-color-section btn-full align-true def-verticalAlignBottom default-padding no-margin custom-width no-min-height lightColorLayout no-top-border no-bottom-border colorSectionFe background-scroll background-repeat overlay-false defined-width\"><div class=\"outer-container background-scroll\" style=\"padding-top:100px;padding-bottom:70px;padding-left:10px;padding-right:10px;background-repeat:repeat;background-color:#0064af\"><div class=\"inner-container\"><div class=\"contentBlock\" style=\"max-width:1110px\">\n<div class=\"wp-block-columns is-layout-flex wp-container-core-columns-is-layout-9d6595d7 wp-block-columns-is-layout-flex\">\n<div class=\"wp-block-column is-layout-flow wp-block-column-is-layout-flow\">\n<div class=\"wp-block-media-text alignwide is-stacked-on-mobile is-vertically-aligned-center\" style=\"grid-template-columns:35% auto\"><figure class=\"wp-block-media-text__media\"><img decoding=\"async\" width=\"600\" height=\"600\" src=\"https:\/\/www.eltako.com\/wp-content\/uploads\/2022\/06\/eltako_website_content_600x600_nachhaltigkeit_01.jpg\" alt=\"\" class=\"wp-image-77875 size-full\" srcset=\"https:\/\/www.eltako.com\/wp-content\/uploads\/2022\/06\/eltako_website_content_600x600_nachhaltigkeit_01.jpg 600w, https:\/\/www.eltako.com\/wp-content\/uploads\/2022\/06\/eltako_website_content_600x600_nachhaltigkeit_01-300x300.jpg 300w, https:\/\/www.eltako.com\/wp-content\/uploads\/2022\/06\/eltako_website_content_600x600_nachhaltigkeit_01-150x150.jpg 150w, https:\/\/www.eltako.com\/wp-content\/uploads\/2022\/06\/eltako_website_content_600x600_nachhaltigkeit_01-100x100.jpg 100w\" sizes=\"(max-width: 600px) 100vw, 600px\" \/><\/figure><div class=\"wp-block-media-text__content\">\n<h2 class=\"wp-block-heading has-large-font-size\" style=\"text-transform:uppercase\"><strong>EnOcean technologie<\/strong><\/h2>\n\n\n\n<p>Onze draadloze sensoren met EnOcean technologie verzamelen en slaan kinetische, thermische en zonne-energie uit de omgeving op. Deze zogenaamde &#8220;energy harvesting&#8221; levert precies de energie die nodig is om een draadloos signaal te versturen. Dit betekent dat elke andere vorm van stroomvoorziening achterwege kan blijven. <\/p>\n\n\n\n<p>Veel van onze buitensensoren werken bijvoorbeeld hoofdzakelijk op zonne-energie. Als u ze op een voldoende verlichte plaats plaatst, zijn ze onmiddellijk klaar voor gebruik. Dit bespaart resources en energie en maakt de sensoren onderhoudsvrij. <\/p>\n\n\n\n<p>Meer informatie over onze samenwerking met EnOcean vind je <a href=\"https:\/\/www.eltako.de\/unternehmen\/partner-und-allianzen\/enocean\/\">hier<\/a>.<\/p>\n<\/div><\/div>\n<\/div>\n<\/div>\n<\/div><\/div><\/div><\/div>\n\n<div id=\"\" class=\"wp-block-gosign-gosign-background-contianer gosign-color-section btn-full align-true def-verticalAlignBottom default-padding no-margin custom-width no-min-height lightColorLayout no-top-border no-bottom-border colorSectionFe background-scroll background-repeat overlay-false defined-width\"><div class=\"outer-container background-scroll\" style=\"padding-top:100px;padding-bottom:70px;padding-left:10px;padding-right:10px;background-repeat:repeat;background-color:#ffffff\"><div class=\"inner-container\"><div class=\"contentBlock\" style=\"max-width:1110px\">\n<div class=\"wp-block-columns is-layout-flex wp-container-core-columns-is-layout-9d6595d7 wp-block-columns-is-layout-flex\">\n<div class=\"wp-block-column is-layout-flow wp-block-column-is-layout-flow\">\n<div class=\"wp-block-media-text alignwide has-media-on-the-right is-stacked-on-mobile is-vertically-aligned-center\" style=\"grid-template-columns:auto 35%\"><div class=\"wp-block-media-text__content\">\n<h2 class=\"wp-block-heading has-text-color has-large-font-size\" style=\"color:#0064af;text-transform:uppercase\"><strong>Milieuvriendelijk bestelproces, verzending en service<\/strong><\/h2>\n\n\n\n<p class=\"has-text-color\" style=\"color:#0064af\">De communicatie en de bestellingen van onze klanten verlopen hoofdzakelijk digitaal. De WhatsApp-, telefoon- en mail-service helpt klanten en bespaart tegelijkertijd andere resources. <\/p>\n\n\n\n<p class=\"has-text-color\" style=\"color:#0064af\">Onze verpakkings- en verzendingsmaterialen zijn gemaakt van papier, karton of composteerbaar plastic. <\/p>\n<\/div><figure class=\"wp-block-media-text__media\"><img decoding=\"async\" width=\"600\" height=\"600\" src=\"https:\/\/www.eltako.com\/wp-content\/uploads\/2022\/06\/eltako_website_content_600x600_nachhaltigkeit_02.jpg\" alt=\"\" class=\"wp-image-78744 size-full\" srcset=\"https:\/\/www.eltako.com\/wp-content\/uploads\/2022\/06\/eltako_website_content_600x600_nachhaltigkeit_02.jpg 600w, https:\/\/www.eltako.com\/wp-content\/uploads\/2022\/06\/eltako_website_content_600x600_nachhaltigkeit_02-300x300.jpg 300w, https:\/\/www.eltako.com\/wp-content\/uploads\/2022\/06\/eltako_website_content_600x600_nachhaltigkeit_02-150x150.jpg 150w, https:\/\/www.eltako.com\/wp-content\/uploads\/2022\/06\/eltako_website_content_600x600_nachhaltigkeit_02-100x100.jpg 100w\" sizes=\"(max-width: 600px) 100vw, 600px\" \/><\/figure><\/div>\n<\/div>\n<\/div>\n<\/div><\/div><\/div><\/div>\n\n<div id=\"\" class=\"wp-block-gosign-gosign-background-contianer gosign-color-section btn-full align-true def-verticalAlignBottom default-padding no-margin custom-width no-min-height lightColorLayout no-top-border no-bottom-border colorSectionFe background-scroll background-repeat overlay-false defined-width\"><div class=\"outer-container background-scroll\" style=\"padding-top:100px;padding-bottom:70px;padding-left:10px;padding-right:10px;background-repeat:repeat;background-color:#0064af\"><div class=\"inner-container\"><div class=\"contentBlock\" style=\"max-width:1110px\">\n<div class=\"wp-block-columns is-layout-flex wp-container-core-columns-is-layout-9d6595d7 wp-block-columns-is-layout-flex\">\n<div class=\"wp-block-column is-layout-flow wp-block-column-is-layout-flow\">\n<div class=\"wp-block-media-text alignwide is-stacked-on-mobile is-vertically-aligned-center\" style=\"grid-template-columns:35% auto\"><figure class=\"wp-block-media-text__media\"><img decoding=\"async\" width=\"600\" height=\"600\" src=\"https:\/\/www.eltako.com\/wp-content\/uploads\/2022\/06\/eltako_website_content_600x600_nachhaltigkeit_03.jpg\" alt=\"\" class=\"wp-image-78753 size-full\" srcset=\"https:\/\/www.eltako.com\/wp-content\/uploads\/2022\/06\/eltako_website_content_600x600_nachhaltigkeit_03.jpg 600w, https:\/\/www.eltako.com\/wp-content\/uploads\/2022\/06\/eltako_website_content_600x600_nachhaltigkeit_03-300x300.jpg 300w, https:\/\/www.eltako.com\/wp-content\/uploads\/2022\/06\/eltako_website_content_600x600_nachhaltigkeit_03-150x150.jpg 150w, https:\/\/www.eltako.com\/wp-content\/uploads\/2022\/06\/eltako_website_content_600x600_nachhaltigkeit_03-100x100.jpg 100w\" sizes=\"(max-width: 600px) 100vw, 600px\" \/><\/figure><div class=\"wp-block-media-text__content\">\n<h2 class=\"wp-block-heading has-large-font-size\" style=\"text-transform:uppercase\"><strong>Geen stand-by verlies door bistabiel relais<\/strong><\/h2>\n\n\n\n<p>Door het gebruik van bistabiel relais is het stand-by verlies voor deze producten haast nul. Dit gebeurt gewoonlijk wanneer een relais wordt bekrachtigd. Met behulp van een speciale technologie worden deze mechanisch vergrendeld en besparen zo de energie. <\/p>\n<\/div><\/div>\n<\/div>\n<\/div>\n<\/div><\/div><\/div><\/div>\n\n<div id=\"\" class=\"wp-block-gosign-gosign-background-contianer gosign-color-section btn-full align-true def-verticalAlignBottom default-padding no-margin custom-width no-min-height lightColorLayout no-top-border no-bottom-border colorSectionFe background-scroll background-repeat overlay-false defined-width\"><div class=\"outer-container background-scroll\" style=\"padding-top:100px;padding-bottom:10px;padding-left:10px;padding-right:10px;background-repeat:repeat;background-color:#ffffff\"><div class=\"inner-container\"><div class=\"contentBlock\" style=\"max-width:1110px\">\n<div class=\"wp-block-columns is-layout-flex wp-container-core-columns-is-layout-9d6595d7 wp-block-columns-is-layout-flex\">\n<div class=\"wp-block-column is-layout-flow wp-block-column-is-layout-flow\">\n<div class=\"wp-block-media-text alignwide has-media-on-the-right is-stacked-on-mobile is-vertically-aligned-center\" style=\"grid-template-columns:auto 35%\"><div class=\"wp-block-media-text__content\">\n<h2 class=\"wp-block-heading has-text-color has-large-font-size\" style=\"color:#0064af;text-transform:uppercase\"><strong>E-mobiliteit<\/strong><\/h2>\n\n\n\n<p class=\"has-text-color\" style=\"color:#0064af\">Meer dan 10 jaar geleden maakten wij deel uit van een onderzoeksproject in Baden-W\u00fcrttemberg waarbij de geschiktheid van e-auto&#8217;s voor dagelijks gebruik werd getest. Het was in die tijd dat de eerste auto&#8217;s van dit type hun weg vonden naar ons bedrijf. Intussen zijn veel van onze werknemers uitgerust met elektrisch aangedreven voertuigen, die kunnen worden &#8220;opgeladen&#8221; door de eigen laadstations van het bedrijf op ons terrein. <\/p>\n\n\n\n<p class=\"has-text-color\" style=\"color:#0064af\">We zijn ervan overtuigd dat e-mobiliteit een grote bijdrage kan leveren aan een klimaatvriendelijke toekomst en zijn daarom van plan om ons e-vloot verder uit te breiden. <\/p>\n\n\n\n<p class=\"has-text-color\" style=\"color:#0064af\">Een ander milieuvriendelijk aanbod voor onze werknemers werd gecre\u00eberd door onze samenwerking met het bedrijf &#8220;BusinessBikes&#8221;. ELTAKO ondersteunt alle medewerkers bij het leasen van een fiets, of het nu een klassieke of een moderne e-bike is. Zo kom je niet alleen sneller van A naar B, geniet je meer van de frisse lucht en blijf je in beweging ondanks je werkdag, maar doe je ook nog iets voor het milieu! <\/p>\n<\/div><figure class=\"wp-block-media-text__media\"><img decoding=\"async\" width=\"600\" height=\"600\" src=\"https:\/\/www.eltako.com\/wp-content\/uploads\/2022\/06\/eltako_website_content_600x600_nachhaltigkeit_04.jpg\" alt=\"\" class=\"wp-image-78762 size-full\" srcset=\"https:\/\/www.eltako.com\/wp-content\/uploads\/2022\/06\/eltako_website_content_600x600_nachhaltigkeit_04.jpg 600w, https:\/\/www.eltako.com\/wp-content\/uploads\/2022\/06\/eltako_website_content_600x600_nachhaltigkeit_04-300x300.jpg 300w, https:\/\/www.eltako.com\/wp-content\/uploads\/2022\/06\/eltako_website_content_600x600_nachhaltigkeit_04-150x150.jpg 150w, https:\/\/www.eltako.com\/wp-content\/uploads\/2022\/06\/eltako_website_content_600x600_nachhaltigkeit_04-100x100.jpg 100w\" sizes=\"(max-width: 600px) 100vw, 600px\" \/><\/figure><\/div>\n<\/div>\n<\/div>\n<\/div><\/div><\/div><\/div>\n\n<p><\/p>\n","protected":false},"excerpt":{"rendered":"<p>De definitie van duurzame ontwikkeling stelt dat de behoeften van het heden zo vervuld moeten worden dat de mogelijkheden van toekomstige generaties niet beperkt worden. Met onze innovaties willen we precies zo te werk gaan: We ontwikkelen geavanceerde technologie\u00ebn die het leven van onze klanten nu en in de toekomst verbeteren, zonder ons doel om [&hellip;]<\/p>\n","protected":false},"author":39,"featured_media":78774,"parent":63682,"menu_order":2,"comment_status":"closed","ping_status":"closed","template":"templates\/custom_header.php","meta":{"_acf_changed":false,"footnotes":"","_links_to":"","_links_to_target":""},"class_list":["post-86847","page","type-page","status-publish","has-post-thumbnail","hentry"],"acf":[],"yoast_head":"<!-- This site is optimized with the Yoast SEO plugin v27.2 - https:\/\/yoast.com\/product\/yoast-seo-wordpress\/ -->\n<title>Duurzaamheid &#187; Eltako<\/title>\n<meta name=\"robots\" content=\"index, follow, max-snippet:-1, max-image-preview:large, max-video-preview:-1\" \/>\n<link rel=\"canonical\" href=\"https:\/\/www.eltako.com\/nl\/bedrijf\/duurzaamheid\/\" \/>\n<meta property=\"og:locale\" content=\"nl_NL\" \/>\n<meta property=\"og:type\" content=\"article\" \/>\n<meta property=\"og:title\" content=\"Duurzaamheid &#187; Eltako\" \/>\n<meta property=\"og:description\" content=\"De definitie van duurzame ontwikkeling stelt dat de behoeften van het heden zo vervuld moeten worden dat de mogelijkheden van toekomstige generaties niet beperkt worden. Met onze innovaties willen we precies zo te werk gaan: We ontwikkelen geavanceerde technologie\u00ebn die het leven van onze klanten nu en in de toekomst verbeteren, zonder ons doel om [&hellip;]\" \/>\n<meta property=\"og:url\" content=\"https:\/\/www.eltako.com\/nl\/bedrijf\/duurzaamheid\/\" \/>\n<meta property=\"og:site_name\" content=\"Eltako\" \/>\n<meta property=\"article:modified_time\" content=\"2024-02-01T11:39:13+00:00\" \/>\n<meta property=\"og:image\" content=\"https:\/\/www.eltako.com\/wp-content\/uploads\/2022\/06\/eltako_website_header_1920x700_nachhaltigkeit_01.jpg\" \/>\n\t<meta property=\"og:image:width\" content=\"1920\" \/>\n\t<meta property=\"og:image:height\" content=\"700\" \/>\n\t<meta property=\"og:image:type\" content=\"image\/jpeg\" \/>\n<meta name=\"twitter:card\" content=\"summary_large_image\" \/>\n<meta name=\"twitter:label1\" content=\"Geschatte leestijd\" \/>\n\t<meta name=\"twitter:data1\" content=\"4 minuten\" \/>\n<script type=\"application\/ld+json\" class=\"yoast-schema-graph\">{\"@context\":\"https:\/\/schema.org\",\"@graph\":[{\"@type\":\"WebPage\",\"@id\":\"https:\/\/www.eltako.com\/nl\/bedrijf\/duurzaamheid\/\",\"url\":\"https:\/\/www.eltako.com\/nl\/bedrijf\/duurzaamheid\/\",\"name\":\"Duurzaamheid &#187; Eltako\",\"isPartOf\":{\"@id\":\"https:\/\/www.eltako.com\/en\/#website\"},\"primaryImageOfPage\":{\"@id\":\"https:\/\/www.eltako.com\/nl\/bedrijf\/duurzaamheid\/#primaryimage\"},\"image\":{\"@id\":\"https:\/\/www.eltako.com\/nl\/bedrijf\/duurzaamheid\/#primaryimage\"},\"thumbnailUrl\":\"https:\/\/www.eltako.com\/wp-content\/uploads\/2022\/06\/eltako_website_header_1920x700_nachhaltigkeit_01.jpg\",\"datePublished\":\"2022-08-10T08:46:04+00:00\",\"dateModified\":\"2024-02-01T11:39:13+00:00\",\"breadcrumb\":{\"@id\":\"https:\/\/www.eltako.com\/nl\/bedrijf\/duurzaamheid\/#breadcrumb\"},\"inLanguage\":\"nl-NL\",\"potentialAction\":[{\"@type\":\"ReadAction\",\"target\":[\"https:\/\/www.eltako.com\/nl\/bedrijf\/duurzaamheid\/\"]}]},{\"@type\":\"ImageObject\",\"inLanguage\":\"nl-NL\",\"@id\":\"https:\/\/www.eltako.com\/nl\/bedrijf\/duurzaamheid\/#primaryimage\",\"url\":\"https:\/\/www.eltako.com\/wp-content\/uploads\/2022\/06\/eltako_website_header_1920x700_nachhaltigkeit_01.jpg\",\"contentUrl\":\"https:\/\/www.eltako.com\/wp-content\/uploads\/2022\/06\/eltako_website_header_1920x700_nachhaltigkeit_01.jpg\",\"width\":1920,\"height\":700},{\"@type\":\"BreadcrumbList\",\"@id\":\"https:\/\/www.eltako.com\/nl\/bedrijf\/duurzaamheid\/#breadcrumb\",\"itemListElement\":[{\"@type\":\"ListItem\",\"position\":1,\"name\":\"Home\",\"item\":\"https:\/\/www.eltako.com\/nl\/\"},{\"@type\":\"ListItem\",\"position\":2,\"name\":\"Bedrijf\",\"item\":\"https:\/\/www.eltako.com\/nl\/bedrijf\/\"},{\"@type\":\"ListItem\",\"position\":3,\"name\":\"Duurzaamheid\"}]},{\"@type\":\"WebSite\",\"@id\":\"https:\/\/www.eltako.com\/en\/#website\",\"url\":\"https:\/\/www.eltako.com\/en\/\",\"name\":\"Eltako\",\"description\":\"Schaltger\u00e4te, Netzteile, Stromz\u00e4hler, Dimmer, Geb\u00e4udeinstallation, Steuerungstechnik, Smart Home-L\u00f6sungen, Geb\u00e4udefunk, EnOcean-Technologie\",\"potentialAction\":[{\"@type\":\"SearchAction\",\"target\":{\"@type\":\"EntryPoint\",\"urlTemplate\":\"https:\/\/www.eltako.com\/en\/?s={search_term_string}\"},\"query-input\":{\"@type\":\"PropertyValueSpecification\",\"valueRequired\":true,\"valueName\":\"search_term_string\"}}],\"inLanguage\":\"nl-NL\"}]}<\/script>\n<!-- \/ Yoast SEO plugin. -->","yoast_head_json":{"title":"Duurzaamheid &#187; Eltako","robots":{"index":"index","follow":"follow","max-snippet":"max-snippet:-1","max-image-preview":"max-image-preview:large","max-video-preview":"max-video-preview:-1"},"canonical":"https:\/\/www.eltako.com\/nl\/bedrijf\/duurzaamheid\/","og_locale":"nl_NL","og_type":"article","og_title":"Duurzaamheid &#187; Eltako","og_description":"De definitie van duurzame ontwikkeling stelt dat de behoeften van het heden zo vervuld moeten worden dat de mogelijkheden van toekomstige generaties niet beperkt worden. Met onze innovaties willen we precies zo te werk gaan: We ontwikkelen geavanceerde technologie\u00ebn die het leven van onze klanten nu en in de toekomst verbeteren, zonder ons doel om [&hellip;]","og_url":"https:\/\/www.eltako.com\/nl\/bedrijf\/duurzaamheid\/","og_site_name":"Eltako","article_modified_time":"2024-02-01T11:39:13+00:00","og_image":[{"width":1920,"height":700,"url":"https:\/\/www.eltako.com\/wp-content\/uploads\/2022\/06\/eltako_website_header_1920x700_nachhaltigkeit_01.jpg","type":"image\/jpeg"}],"twitter_card":"summary_large_image","twitter_misc":{"Geschatte leestijd":"4 minuten"},"schema":{"@context":"https:\/\/schema.org","@graph":[{"@type":"WebPage","@id":"https:\/\/www.eltako.com\/nl\/bedrijf\/duurzaamheid\/","url":"https:\/\/www.eltako.com\/nl\/bedrijf\/duurzaamheid\/","name":"Duurzaamheid &#187; Eltako","isPartOf":{"@id":"https:\/\/www.eltako.com\/en\/#website"},"primaryImageOfPage":{"@id":"https:\/\/www.eltako.com\/nl\/bedrijf\/duurzaamheid\/#primaryimage"},"image":{"@id":"https:\/\/www.eltako.com\/nl\/bedrijf\/duurzaamheid\/#primaryimage"},"thumbnailUrl":"https:\/\/www.eltako.com\/wp-content\/uploads\/2022\/06\/eltako_website_header_1920x700_nachhaltigkeit_01.jpg","datePublished":"2022-08-10T08:46:04+00:00","dateModified":"2024-02-01T11:39:13+00:00","breadcrumb":{"@id":"https:\/\/www.eltako.com\/nl\/bedrijf\/duurzaamheid\/#breadcrumb"},"inLanguage":"nl-NL","potentialAction":[{"@type":"ReadAction","target":["https:\/\/www.eltako.com\/nl\/bedrijf\/duurzaamheid\/"]}]},{"@type":"ImageObject","inLanguage":"nl-NL","@id":"https:\/\/www.eltako.com\/nl\/bedrijf\/duurzaamheid\/#primaryimage","url":"https:\/\/www.eltako.com\/wp-content\/uploads\/2022\/06\/eltako_website_header_1920x700_nachhaltigkeit_01.jpg","contentUrl":"https:\/\/www.eltako.com\/wp-content\/uploads\/2022\/06\/eltako_website_header_1920x700_nachhaltigkeit_01.jpg","width":1920,"height":700},{"@type":"BreadcrumbList","@id":"https:\/\/www.eltako.com\/nl\/bedrijf\/duurzaamheid\/#breadcrumb","itemListElement":[{"@type":"ListItem","position":1,"name":"Home","item":"https:\/\/www.eltako.com\/nl\/"},{"@type":"ListItem","position":2,"name":"Bedrijf","item":"https:\/\/www.eltako.com\/nl\/bedrijf\/"},{"@type":"ListItem","position":3,"name":"Duurzaamheid"}]},{"@type":"WebSite","@id":"https:\/\/www.eltako.com\/en\/#website","url":"https:\/\/www.eltako.com\/en\/","name":"Eltako","description":"Schaltger\u00e4te, Netzteile, Stromz\u00e4hler, Dimmer, Geb\u00e4udeinstallation, Steuerungstechnik, Smart Home-L\u00f6sungen, Geb\u00e4udefunk, EnOcean-Technologie","potentialAction":[{"@type":"SearchAction","target":{"@type":"EntryPoint","urlTemplate":"https:\/\/www.eltako.com\/en\/?s={search_term_string}"},"query-input":{"@type":"PropertyValueSpecification","valueRequired":true,"valueName":"search_term_string"}}],"inLanguage":"nl-NL"}]}},"_links":{"self":[{"href":"https:\/\/www.eltako.com\/nl\/wp-json\/wp\/v2\/pages\/86847","targetHints":{"allow":["GET"]}}],"collection":[{"href":"https:\/\/www.eltako.com\/nl\/wp-json\/wp\/v2\/pages"}],"about":[{"href":"https:\/\/www.eltako.com\/nl\/wp-json\/wp\/v2\/types\/page"}],"author":[{"embeddable":true,"href":"https:\/\/www.eltako.com\/nl\/wp-json\/wp\/v2\/users\/39"}],"replies":[{"embeddable":true,"href":"https:\/\/www.eltako.com\/nl\/wp-json\/wp\/v2\/comments?post=86847"}],"version-history":[{"count":6,"href":"https:\/\/www.eltako.com\/nl\/wp-json\/wp\/v2\/pages\/86847\/revisions"}],"predecessor-version":[{"id":136978,"href":"https:\/\/www.eltako.com\/nl\/wp-json\/wp\/v2\/pages\/86847\/revisions\/136978"}],"up":[{"embeddable":true,"href":"https:\/\/www.eltako.com\/nl\/wp-json\/wp\/v2\/pages\/63682"}],"wp:featuredmedia":[{"embeddable":true,"href":"https:\/\/www.eltako.com\/nl\/wp-json\/wp\/v2\/media\/78774"}],"wp:attachment":[{"href":"https:\/\/www.eltako.com\/nl\/wp-json\/wp\/v2\/media?parent=86847"}],"curies":[{"name":"wp","href":"https:\/\/api.w.org\/{rel}","templated":true}]}}