{"id":77559,"date":"2022-06-01T14:52:20","date_gmt":"2022-06-01T12:52:20","guid":{"rendered":"https:\/\/www.eltako.de\/bedrijf\/carriere\/"},"modified":"2025-03-20T12:01:19","modified_gmt":"2025-03-20T11:01:19","slug":"carriere","status":"publish","type":"page","link":"https:\/\/www.eltako.com\/nl\/bedrijf\/carriere\/","title":{"rendered":"Carri\u00e8re"},"content":{"rendered":"\n<h2 class=\"wp-block-heading\">ELTAKO als werkgever &#8211; Uw carri\u00e8re bij ons!<\/h2>\n\n\n\n<div style=\"height:32px\" aria-hidden=\"true\" class=\"wp-block-spacer\"><\/div>\n\n\n\n<div class=\"wp-block-columns is-layout-flex wp-container-core-columns-is-layout-9d6595d7 wp-block-columns-is-layout-flex\">\n<div class=\"wp-block-column is-layout-flow wp-block-column-is-layout-flow\"><\/div>\n\n\n\n<div class=\"wp-block-column is-layout-flow wp-block-column-is-layout-flow\">\n<a href=\"https:\/\/jobs.eltako.com\/en\" target=\"_blank\" class=\"text-uppercase font-weight-bold btn text-white p-3 mt-1 mb-1 w-100\" style=\"background : #016db7; font-size:20px\" rel=\"noopener\">Naar het aanvragersplatform\n<\/a>\n<\/div>\n\n\n\n<div class=\"wp-block-column is-layout-flow wp-block-column-is-layout-flow\"><\/div>\n<\/div>\n\n\n\n<h3 class=\"wp-block-heading\"><strong>Over ons:<\/strong><\/h3>\n\n\n\n<p><\/p>\n\n\n\n<div style=\"height:20px\" aria-hidden=\"true\" class=\"wp-block-spacer\"><\/div>\n\n\n\n<h4 class=\"wp-block-heading\">Wij van <strong>ELTAKO<\/strong> hebben een gemeenschappelijk doel: van elk huis een slim huis maken. Ons recept voor succes? Wij hebben meer dan 135 medewerkers in heel Europa, die zich elke dag met hart en ziel inzetten voor hun werk. Met de innovatieve en creatieve idee\u00ebn van onze medewerkers en meer dan 75 jaar ervaring staan&nbsp;\u200b\u200bwij voor het hoogste niveau van competentie en kwaliteit als het gaat om de ontwikkeling van innovatieve producten voor gebouwbeheer- en besturingstechniek.<\/h4>\n\n\n\n<div style=\"height:20px\" aria-hidden=\"true\" class=\"wp-block-spacer\"><\/div>\n\n\n\n<h3 class=\"wp-block-heading\"><strong>Over jou:<\/strong><\/h3>\n\n\n\n<div style=\"height:20px\" aria-hidden=\"true\" class=\"wp-block-spacer\"><\/div>\n\n\n\n<h4 class=\"wp-block-heading\">Ben je niet bang voor nieuwe taken, werk je graag in een team en ben je gepassioneerd door je werk? Dan zouden wij u in de toekomst graag bij ons verwelkomen. <\/h4>\n\n\n\n<h4 class=\"wp-block-heading\">Als lid van ELTAKO kun je rekenen op boeiende projecten, hartelijke mensen en eindeloze mogelijkheden.<\/h4>\n\n\n\n<h4 class=\"wp-block-heading\">Naast onze vaste medewerkers bieden wij ook ruimte aan werkende studenten en bieden wij ook regelmatig stageplaatsen aan. <\/h4>\n\n\n\n<h4 class=\"wp-block-heading\">Kunnen we u niet de vacature aanbieden die u op dit moment aanspreekt? Laat maar zitten, solliciteer op eigen initiatief &#8211; wij zijn altijd ge\u00efnteresseerd in goede medewerkers! <\/h4>\n\n\n\n<h5 class=\"wp-block-heading\"><\/h5>\n","protected":false},"excerpt":{"rendered":"<p>ELTAKO als werkgever &#8211; Uw carri\u00e8re bij ons! Naar het aanvragersplatform Over ons: Wij van ELTAKO hebben een gemeenschappelijk doel: van elk huis een slim huis maken. Ons recept voor succes? Wij hebben meer dan 135 medewerkers in heel Europa, die zich elke dag met hart en ziel inzetten voor hun werk. Met de innovatieve [&hellip;]<\/p>\n","protected":false},"author":31,"featured_media":60903,"parent":63682,"menu_order":6,"comment_status":"closed","ping_status":"closed","template":"","meta":{"_acf_changed":false,"footnotes":"","_links_to":"","_links_to_target":""},"class_list":["post-77559","page","type-page","status-publish","has-post-thumbnail","hentry"],"acf":[],"yoast_head":"<!-- This site is optimized with the Yoast SEO plugin v27.2 - https:\/\/yoast.com\/product\/yoast-seo-wordpress\/ -->\n<title>Carri\u00e8re &#187; Eltako<\/title>\n<meta name=\"robots\" content=\"index, follow, max-snippet:-1, max-image-preview:large, max-video-preview:-1\" \/>\n<link rel=\"canonical\" href=\"https:\/\/www.eltako.com\/nl\/bedrijf\/carriere\/\" \/>\n<meta property=\"og:locale\" content=\"nl_NL\" \/>\n<meta property=\"og:type\" content=\"article\" \/>\n<meta property=\"og:title\" content=\"Carri\u00e8re &#187; Eltako\" \/>\n<meta property=\"og:description\" content=\"ELTAKO als werkgever &#8211; Uw carri\u00e8re bij ons! Naar het aanvragersplatform Over ons: Wij van ELTAKO hebben een gemeenschappelijk doel: van elk huis een slim huis maken. Ons recept voor succes? Wij hebben meer dan 135 medewerkers in heel Europa, die zich elke dag met hart en ziel inzetten voor hun werk. Met de innovatieve [&hellip;]\" \/>\n<meta property=\"og:url\" content=\"https:\/\/www.eltako.com\/nl\/bedrijf\/carriere\/\" \/>\n<meta property=\"og:site_name\" content=\"Eltako\" \/>\n<meta property=\"article:modified_time\" content=\"2025-03-20T11:01:19+00:00\" \/>\n<meta property=\"og:image\" content=\"https:\/\/www.eltako.com\/wp-content\/uploads\/2020\/10\/Karriere-Website-NEU-scaled.jpg\" \/>\n\t<meta property=\"og:image:width\" content=\"1920\" \/>\n\t<meta property=\"og:image:height\" content=\"1280\" \/>\n\t<meta property=\"og:image:type\" content=\"image\/jpeg\" \/>\n<meta name=\"twitter:card\" content=\"summary_large_image\" \/>\n<meta name=\"twitter:label1\" content=\"Geschatte leestijd\" \/>\n\t<meta name=\"twitter:data1\" content=\"2 minuten\" \/>\n<script type=\"application\/ld+json\" class=\"yoast-schema-graph\">{\"@context\":\"https:\/\/schema.org\",\"@graph\":[{\"@type\":\"WebPage\",\"@id\":\"https:\/\/www.eltako.com\/nl\/bedrijf\/carriere\/\",\"url\":\"https:\/\/www.eltako.com\/nl\/bedrijf\/carriere\/\",\"name\":\"Carri\u00e8re &#187; Eltako\",\"isPartOf\":{\"@id\":\"https:\/\/www.eltako.com\/en\/#website\"},\"primaryImageOfPage\":{\"@id\":\"https:\/\/www.eltako.com\/nl\/bedrijf\/carriere\/#primaryimage\"},\"image\":{\"@id\":\"https:\/\/www.eltako.com\/nl\/bedrijf\/carriere\/#primaryimage\"},\"thumbnailUrl\":\"https:\/\/www.eltako.com\/wp-content\/uploads\/2020\/10\/Karriere-Website-NEU-scaled.jpg\",\"datePublished\":\"2022-06-01T12:52:20+00:00\",\"dateModified\":\"2025-03-20T11:01:19+00:00\",\"breadcrumb\":{\"@id\":\"https:\/\/www.eltako.com\/nl\/bedrijf\/carriere\/#breadcrumb\"},\"inLanguage\":\"nl-NL\",\"potentialAction\":[{\"@type\":\"ReadAction\",\"target\":[\"https:\/\/www.eltako.com\/nl\/bedrijf\/carriere\/\"]}]},{\"@type\":\"ImageObject\",\"inLanguage\":\"nl-NL\",\"@id\":\"https:\/\/www.eltako.com\/nl\/bedrijf\/carriere\/#primaryimage\",\"url\":\"https:\/\/www.eltako.com\/wp-content\/uploads\/2020\/10\/Karriere-Website-NEU-scaled.jpg\",\"contentUrl\":\"https:\/\/www.eltako.com\/wp-content\/uploads\/2020\/10\/Karriere-Website-NEU-scaled.jpg\",\"width\":1920,\"height\":1280,\"caption\":\"Zakenmensen schudden elkaar de hand, zittend aan de tafel\"},{\"@type\":\"BreadcrumbList\",\"@id\":\"https:\/\/www.eltako.com\/nl\/bedrijf\/carriere\/#breadcrumb\",\"itemListElement\":[{\"@type\":\"ListItem\",\"position\":1,\"name\":\"Home\",\"item\":\"https:\/\/www.eltako.com\/nl\/\"},{\"@type\":\"ListItem\",\"position\":2,\"name\":\"Bedrijf\",\"item\":\"https:\/\/www.eltako.com\/nl\/bedrijf\/\"},{\"@type\":\"ListItem\",\"position\":3,\"name\":\"Carri\u00e8re\"}]},{\"@type\":\"WebSite\",\"@id\":\"https:\/\/www.eltako.com\/en\/#website\",\"url\":\"https:\/\/www.eltako.com\/en\/\",\"name\":\"Eltako\",\"description\":\"Schaltger\u00e4te, Netzteile, Stromz\u00e4hler, Dimmer, Geb\u00e4udeinstallation, Steuerungstechnik, Smart Home-L\u00f6sungen, Geb\u00e4udefunk, EnOcean-Technologie\",\"potentialAction\":[{\"@type\":\"SearchAction\",\"target\":{\"@type\":\"EntryPoint\",\"urlTemplate\":\"https:\/\/www.eltako.com\/en\/?s={search_term_string}\"},\"query-input\":{\"@type\":\"PropertyValueSpecification\",\"valueRequired\":true,\"valueName\":\"search_term_string\"}}],\"inLanguage\":\"nl-NL\"}]}<\/script>\n<!-- \/ Yoast SEO plugin. -->","yoast_head_json":{"title":"Carri\u00e8re &#187; Eltako","robots":{"index":"index","follow":"follow","max-snippet":"max-snippet:-1","max-image-preview":"max-image-preview:large","max-video-preview":"max-video-preview:-1"},"canonical":"https:\/\/www.eltako.com\/nl\/bedrijf\/carriere\/","og_locale":"nl_NL","og_type":"article","og_title":"Carri\u00e8re &#187; Eltako","og_description":"ELTAKO als werkgever &#8211; Uw carri\u00e8re bij ons! Naar het aanvragersplatform Over ons: Wij van ELTAKO hebben een gemeenschappelijk doel: van elk huis een slim huis maken. Ons recept voor succes? Wij hebben meer dan 135 medewerkers in heel Europa, die zich elke dag met hart en ziel inzetten voor hun werk. Met de innovatieve [&hellip;]","og_url":"https:\/\/www.eltako.com\/nl\/bedrijf\/carriere\/","og_site_name":"Eltako","article_modified_time":"2025-03-20T11:01:19+00:00","og_image":[{"width":1920,"height":1280,"url":"https:\/\/www.eltako.com\/wp-content\/uploads\/2020\/10\/Karriere-Website-NEU-scaled.jpg","type":"image\/jpeg"}],"twitter_card":"summary_large_image","twitter_misc":{"Geschatte leestijd":"2 minuten"},"schema":{"@context":"https:\/\/schema.org","@graph":[{"@type":"WebPage","@id":"https:\/\/www.eltako.com\/nl\/bedrijf\/carriere\/","url":"https:\/\/www.eltako.com\/nl\/bedrijf\/carriere\/","name":"Carri\u00e8re &#187; Eltako","isPartOf":{"@id":"https:\/\/www.eltako.com\/en\/#website"},"primaryImageOfPage":{"@id":"https:\/\/www.eltako.com\/nl\/bedrijf\/carriere\/#primaryimage"},"image":{"@id":"https:\/\/www.eltako.com\/nl\/bedrijf\/carriere\/#primaryimage"},"thumbnailUrl":"https:\/\/www.eltako.com\/wp-content\/uploads\/2020\/10\/Karriere-Website-NEU-scaled.jpg","datePublished":"2022-06-01T12:52:20+00:00","dateModified":"2025-03-20T11:01:19+00:00","breadcrumb":{"@id":"https:\/\/www.eltako.com\/nl\/bedrijf\/carriere\/#breadcrumb"},"inLanguage":"nl-NL","potentialAction":[{"@type":"ReadAction","target":["https:\/\/www.eltako.com\/nl\/bedrijf\/carriere\/"]}]},{"@type":"ImageObject","inLanguage":"nl-NL","@id":"https:\/\/www.eltako.com\/nl\/bedrijf\/carriere\/#primaryimage","url":"https:\/\/www.eltako.com\/wp-content\/uploads\/2020\/10\/Karriere-Website-NEU-scaled.jpg","contentUrl":"https:\/\/www.eltako.com\/wp-content\/uploads\/2020\/10\/Karriere-Website-NEU-scaled.jpg","width":1920,"height":1280,"caption":"Zakenmensen schudden elkaar de hand, zittend aan de tafel"},{"@type":"BreadcrumbList","@id":"https:\/\/www.eltako.com\/nl\/bedrijf\/carriere\/#breadcrumb","itemListElement":[{"@type":"ListItem","position":1,"name":"Home","item":"https:\/\/www.eltako.com\/nl\/"},{"@type":"ListItem","position":2,"name":"Bedrijf","item":"https:\/\/www.eltako.com\/nl\/bedrijf\/"},{"@type":"ListItem","position":3,"name":"Carri\u00e8re"}]},{"@type":"WebSite","@id":"https:\/\/www.eltako.com\/en\/#website","url":"https:\/\/www.eltako.com\/en\/","name":"Eltako","description":"Schaltger\u00e4te, Netzteile, Stromz\u00e4hler, Dimmer, Geb\u00e4udeinstallation, Steuerungstechnik, Smart Home-L\u00f6sungen, Geb\u00e4udefunk, EnOcean-Technologie","potentialAction":[{"@type":"SearchAction","target":{"@type":"EntryPoint","urlTemplate":"https:\/\/www.eltako.com\/en\/?s={search_term_string}"},"query-input":{"@type":"PropertyValueSpecification","valueRequired":true,"valueName":"search_term_string"}}],"inLanguage":"nl-NL"}]}},"_links":{"self":[{"href":"https:\/\/www.eltako.com\/nl\/wp-json\/wp\/v2\/pages\/77559","targetHints":{"allow":["GET"]}}],"collection":[{"href":"https:\/\/www.eltako.com\/nl\/wp-json\/wp\/v2\/pages"}],"about":[{"href":"https:\/\/www.eltako.com\/nl\/wp-json\/wp\/v2\/types\/page"}],"author":[{"embeddable":true,"href":"https:\/\/www.eltako.com\/nl\/wp-json\/wp\/v2\/users\/31"}],"replies":[{"embeddable":true,"href":"https:\/\/www.eltako.com\/nl\/wp-json\/wp\/v2\/comments?post=77559"}],"version-history":[{"count":4,"href":"https:\/\/www.eltako.com\/nl\/wp-json\/wp\/v2\/pages\/77559\/revisions"}],"predecessor-version":[{"id":144504,"href":"https:\/\/www.eltako.com\/nl\/wp-json\/wp\/v2\/pages\/77559\/revisions\/144504"}],"up":[{"embeddable":true,"href":"https:\/\/www.eltako.com\/nl\/wp-json\/wp\/v2\/pages\/63682"}],"wp:featuredmedia":[{"embeddable":true,"href":"https:\/\/www.eltako.com\/nl\/wp-json\/wp\/v2\/media\/60903"}],"wp:attachment":[{"href":"https:\/\/www.eltako.com\/nl\/wp-json\/wp\/v2\/media?parent=77559"}],"curies":[{"name":"wp","href":"https:\/\/api.w.org\/{rel}","templated":true}]}}