{"id":62320,"date":"2022-03-09T15:57:05","date_gmt":"2022-03-09T14:57:05","guid":{"rendered":"https:\/\/betax923lb8kd7v0.eltako.de\/dali\/"},"modified":"2025-10-03T10:47:42","modified_gmt":"2025-10-03T08:47:42","slug":"dali","status":"publish","type":"page","link":"https:\/\/www.eltako.com\/nl\/bedrijf\/partners-en-allianties\/dali\/","title":{"rendered":"Dali"},"content":{"rendered":"\n<h2 class=\"wp-block-heading\" id=\"wir-sind-dali-anbieter\"><strong>FLEXIBEL LICHTBEHEER MET DALI &#8211; <\/strong><br\/><strong>VOLLEDIG GE\u00cfNTEGREERD IN DE ELTAKO COSMOS<\/strong><\/h2>\n\n<div style=\"height:50px\" aria-hidden=\"true\" class=\"wp-block-spacer\"><\/div>\n\n<figure class=\"wp-block-image size-large\"><img decoding=\"async\" src=\"https:\/\/www.eltako.com\/wp-content\/uploads\/2024\/10\/eltako-website_dali2-schaubild_facelift-1024x560.png\" alt=\"\" class=\"wp-image-142313\"\/><\/figure>\n\n<div style=\"height:50px\" aria-hidden=\"true\" class=\"wp-block-spacer\"><\/div>\n\n<p class=\"has-medium-font-size\">DALI is een fabrikantonafhankelijk verlichtingsinstallatiesysteem dat is ontworpen voor de eenvoudigst mogelijke installatie, bediening en communicatie van individuele armaturen en groepen armaturen. Hij kan tot 64 adressen, 16 groepen en 16 sc\u00e8nes beheren en is daarom geschikt voor verlichtingsapparatuur van kleine flats tot commerci\u00eble gebouwen. Dankzij deze eigenschappen cre\u00ebert DALI een basis voor intelligent en flexibel verlichtingsbeheer.<\/p>\n\n<p class=\"has-medium-font-size\">De nieuwe producten die geschikt zijn voor DALI-2 zijn nu ook geschikt voor multimaster! Dit betekent dat meerdere sensoren, zoals bewegings- en helderheidssensoren of DALI drukknopkoppelingen, op \u00e9\u00e9n DALI-lijn kunnen worden bediend. Een ander voordeel is de directe verbinding met onze 14-serie en de verwerking van DALI-2 gebeurtenisberichten, wat intelligente automatisering en integratie met EnOcean systemen vergemakkelijkt.  <\/p>\n\n<div style=\"height:50px\" aria-hidden=\"true\" class=\"wp-block-spacer\"><\/div>\n\n<div class=\"wp-block-columns is-layout-flex wp-container-core-columns-is-layout-9d6595d7 wp-block-columns-is-layout-flex\">\n<div class=\"wp-block-column is-layout-flow wp-block-column-is-layout-flow\">\n<a href=\"https:\/\/www.eltako.com\/nl\/catalog\/?search=\" target=\"_blank\" class=\"text-uppercase font-weight-bold btn text-white p-3 mt-1 mb-1 w-100\" style=\"background : #016db7; font-size:20px\" rel=\"noopener\">NAAR ONS DALI PROGRAMMA<\/a>\n<\/div>\n\n\n\n<div class=\"wp-block-column is-layout-flow wp-block-column-is-layout-flow\"><\/div>\n\n\n\n<div class=\"wp-block-column is-layout-flow wp-block-column-is-layout-flow\"><\/div>\n<\/div>\n\n<div style=\"height:50px\" aria-hidden=\"true\" class=\"wp-block-spacer\"><\/div>\n\n<figure class=\"wp-block-image size-large\"><img decoding=\"async\" width=\"1024\" height=\"341\" src=\"https:\/\/betax923lb8kd7v0.eltako.de\/wp-content\/uploads\/2021\/10\/Bild-3-1024x341.jpg\" alt=\"\" class=\"wp-image-24393\" srcset=\"https:\/\/www.eltako.com\/wp-content\/uploads\/2021\/10\/Bild-3-1024x341.jpg 1024w, https:\/\/www.eltako.com\/wp-content\/uploads\/2021\/10\/Bild-3-300x100.jpg 300w, https:\/\/www.eltako.com\/wp-content\/uploads\/2021\/10\/Bild-3-768x256.jpg 768w, https:\/\/www.eltako.com\/wp-content\/uploads\/2021\/10\/Bild-3-1536x512.jpg 1536w, https:\/\/www.eltako.com\/wp-content\/uploads\/2021\/10\/Bild-3-600x200.jpg 600w, https:\/\/www.eltako.com\/wp-content\/uploads\/2021\/10\/Bild-3.jpg 1800w\" sizes=\"(max-width: 1024px) 100vw, 1024px\" \/><\/figure>\n\n<div style=\"height:50px\" aria-hidden=\"true\" class=\"wp-block-spacer\"><\/div>\n\n<p class=\"has-medium-font-size\">Bestaande DALI installaties kunnen worden uitgebreid met onze EnOcean DALI gateway om draadloze sensoren en actuatoren te integreren.<\/p>\n\n<p class=\"has-medium-font-size\">Voordelen van DALI:<\/p>\n\n<ul class=\"wp-block-list\">\n<li class=\"has-medium-font-size\">Aansluiting van alle DALI-apparaten beveiligd tegen omgekeerde polariteit<\/li>\n<\/ul>\n\n<ul class=\"wp-block-list\">\n<li class=\"has-medium-font-size\">Eenvoudige kabelgeleiding, samen met de 230 V netvoeding in een gemeenschappelijke 5-aderige mantelkabel<\/li>\n<\/ul>\n\n<ul class=\"wp-block-list\">\n<li class=\"has-medium-font-size\">Verlichtingssc\u00e8nes kunnen worden opgeslagen en opgeroepen op de DALI besturingseenheid  <\/li>\n<\/ul>\n\n<ul class=\"wp-block-list\">\n<li class=\"has-medium-font-size\">Snelle feedback en lokalisatie van lampstoringen<\/li>\n<\/ul>\n\n<ul class=\"wp-block-list\">\n<li class=\"has-medium-font-size\">Bij verandering van gebruik kunnen de lampen eenvoudig opnieuw worden gegroepeerd zonder de bedrading te veranderen of de installatie aan te passen.  <\/li>\n<\/ul>\n\n<div style=\"height:50px\" aria-hidden=\"true\" class=\"wp-block-spacer\"><\/div>\n\n<figure class=\"wp-block-image size-large\"><img decoding=\"async\" src=\"https:\/\/www.eltako.de\/wp-content\/uploads\/2021\/07\/Bild-2-1024x683.jpg\" alt=\"\" class=\"wp-image-35538\"\/><\/figure>\n","protected":false},"excerpt":{"rendered":"<p>FLEXIBEL LICHTBEHEER MET DALI &#8211; VOLLEDIG GE\u00cfNTEGREERD IN DE ELTAKO COSMOS DALI is een fabrikantonafhankelijk verlichtingsinstallatiesysteem dat is ontworpen voor de eenvoudigst mogelijke installatie, bediening en communicatie van individuele armaturen en groepen armaturen. Hij kan tot 64 adressen, 16 groepen en 16 sc\u00e8nes beheren en is daarom geschikt voor verlichtingsapparatuur van kleine flats tot commerci\u00eble [&hellip;]<\/p>\n","protected":false},"author":31,"featured_media":23296,"parent":62732,"menu_order":0,"comment_status":"closed","ping_status":"closed","template":"templates\/custom_header.php","meta":{"_acf_changed":false,"footnotes":"","_links_to":"","_links_to_target":""},"class_list":["post-62320","page","type-page","status-publish","has-post-thumbnail","hentry"],"acf":[],"yoast_head":"<!-- This site is optimized with the Yoast SEO plugin v27.2 - https:\/\/yoast.com\/product\/yoast-seo-wordpress\/ -->\n<title>Dali &#187; Eltako<\/title>\n<meta name=\"robots\" content=\"index, follow, max-snippet:-1, max-image-preview:large, max-video-preview:-1\" \/>\n<link rel=\"canonical\" href=\"https:\/\/www.eltako.com\/nl\/bedrijf\/partners-en-allianties\/dali\/\" \/>\n<meta property=\"og:locale\" content=\"nl_NL\" \/>\n<meta property=\"og:type\" content=\"article\" \/>\n<meta property=\"og:title\" content=\"Dali &#187; Eltako\" \/>\n<meta property=\"og:description\" content=\"FLEXIBEL LICHTBEHEER MET DALI &#8211; VOLLEDIG GE\u00cfNTEGREERD IN DE ELTAKO COSMOS DALI is een fabrikantonafhankelijk verlichtingsinstallatiesysteem dat is ontworpen voor de eenvoudigst mogelijke installatie, bediening en communicatie van individuele armaturen en groepen armaturen. Hij kan tot 64 adressen, 16 groepen en 16 sc\u00e8nes beheren en is daarom geschikt voor verlichtingsapparatuur van kleine flats tot commerci\u00eble [&hellip;]\" \/>\n<meta property=\"og:url\" content=\"https:\/\/www.eltako.com\/nl\/bedrijf\/partners-en-allianties\/dali\/\" \/>\n<meta property=\"og:site_name\" content=\"Eltako\" \/>\n<meta property=\"article:modified_time\" content=\"2025-10-03T08:47:42+00:00\" \/>\n<meta property=\"og:image\" content=\"https:\/\/www.eltako.com\/wp-content\/uploads\/2021\/09\/Bild-1-1-e1626779207216.jpg\" \/>\n\t<meta property=\"og:image:width\" content=\"1920\" \/>\n\t<meta property=\"og:image:height\" content=\"931\" \/>\n\t<meta property=\"og:image:type\" content=\"image\/jpeg\" \/>\n<meta name=\"twitter:card\" content=\"summary_large_image\" \/>\n<meta name=\"twitter:label1\" content=\"Geschatte leestijd\" \/>\n\t<meta name=\"twitter:data1\" content=\"2 minuten\" \/>\n<script type=\"application\/ld+json\" class=\"yoast-schema-graph\">{\"@context\":\"https:\/\/schema.org\",\"@graph\":[{\"@type\":\"WebPage\",\"@id\":\"https:\/\/www.eltako.com\/nl\/bedrijf\/partners-en-allianties\/dali\/\",\"url\":\"https:\/\/www.eltako.com\/nl\/bedrijf\/partners-en-allianties\/dali\/\",\"name\":\"Dali &#187; Eltako\",\"isPartOf\":{\"@id\":\"https:\/\/www.eltako.com\/en\/#website\"},\"primaryImageOfPage\":{\"@id\":\"https:\/\/www.eltako.com\/nl\/bedrijf\/partners-en-allianties\/dali\/#primaryimage\"},\"image\":{\"@id\":\"https:\/\/www.eltako.com\/nl\/bedrijf\/partners-en-allianties\/dali\/#primaryimage\"},\"thumbnailUrl\":\"https:\/\/www.eltako.com\/wp-content\/uploads\/2021\/09\/Bild-1-1-e1626779207216.jpg\",\"datePublished\":\"2022-03-09T14:57:05+00:00\",\"dateModified\":\"2025-10-03T08:47:42+00:00\",\"breadcrumb\":{\"@id\":\"https:\/\/www.eltako.com\/nl\/bedrijf\/partners-en-allianties\/dali\/#breadcrumb\"},\"inLanguage\":\"nl-NL\",\"potentialAction\":[{\"@type\":\"ReadAction\",\"target\":[\"https:\/\/www.eltako.com\/nl\/bedrijf\/partners-en-allianties\/dali\/\"]}]},{\"@type\":\"ImageObject\",\"inLanguage\":\"nl-NL\",\"@id\":\"https:\/\/www.eltako.com\/nl\/bedrijf\/partners-en-allianties\/dali\/#primaryimage\",\"url\":\"https:\/\/www.eltako.com\/wp-content\/uploads\/2021\/09\/Bild-1-1-e1626779207216.jpg\",\"contentUrl\":\"https:\/\/www.eltako.com\/wp-content\/uploads\/2021\/09\/Bild-1-1-e1626779207216.jpg\",\"width\":1920,\"height\":931},{\"@type\":\"BreadcrumbList\",\"@id\":\"https:\/\/www.eltako.com\/nl\/bedrijf\/partners-en-allianties\/dali\/#breadcrumb\",\"itemListElement\":[{\"@type\":\"ListItem\",\"position\":1,\"name\":\"Home\",\"item\":\"https:\/\/www.eltako.com\/nl\/\"},{\"@type\":\"ListItem\",\"position\":2,\"name\":\"Bedrijf\",\"item\":\"https:\/\/www.eltako.com\/nl\/bedrijf\/\"},{\"@type\":\"ListItem\",\"position\":3,\"name\":\"Partners en allianties\",\"item\":\"https:\/\/www.eltako.com\/nl\/bedrijf\/partners-en-allianties\/\"},{\"@type\":\"ListItem\",\"position\":4,\"name\":\"Dali\"}]},{\"@type\":\"WebSite\",\"@id\":\"https:\/\/www.eltako.com\/en\/#website\",\"url\":\"https:\/\/www.eltako.com\/en\/\",\"name\":\"Eltako\",\"description\":\"Schaltger\u00e4te, Netzteile, Stromz\u00e4hler, Dimmer, Geb\u00e4udeinstallation, Steuerungstechnik, Smart Home-L\u00f6sungen, Geb\u00e4udefunk, EnOcean-Technologie\",\"potentialAction\":[{\"@type\":\"SearchAction\",\"target\":{\"@type\":\"EntryPoint\",\"urlTemplate\":\"https:\/\/www.eltako.com\/en\/?s={search_term_string}\"},\"query-input\":{\"@type\":\"PropertyValueSpecification\",\"valueRequired\":true,\"valueName\":\"search_term_string\"}}],\"inLanguage\":\"nl-NL\"}]}<\/script>\n<!-- \/ Yoast SEO plugin. -->","yoast_head_json":{"title":"Dali &#187; Eltako","robots":{"index":"index","follow":"follow","max-snippet":"max-snippet:-1","max-image-preview":"max-image-preview:large","max-video-preview":"max-video-preview:-1"},"canonical":"https:\/\/www.eltako.com\/nl\/bedrijf\/partners-en-allianties\/dali\/","og_locale":"nl_NL","og_type":"article","og_title":"Dali &#187; Eltako","og_description":"FLEXIBEL LICHTBEHEER MET DALI &#8211; VOLLEDIG GE\u00cfNTEGREERD IN DE ELTAKO COSMOS DALI is een fabrikantonafhankelijk verlichtingsinstallatiesysteem dat is ontworpen voor de eenvoudigst mogelijke installatie, bediening en communicatie van individuele armaturen en groepen armaturen. Hij kan tot 64 adressen, 16 groepen en 16 sc\u00e8nes beheren en is daarom geschikt voor verlichtingsapparatuur van kleine flats tot commerci\u00eble [&hellip;]","og_url":"https:\/\/www.eltako.com\/nl\/bedrijf\/partners-en-allianties\/dali\/","og_site_name":"Eltako","article_modified_time":"2025-10-03T08:47:42+00:00","og_image":[{"width":1920,"height":931,"url":"https:\/\/www.eltako.com\/wp-content\/uploads\/2021\/09\/Bild-1-1-e1626779207216.jpg","type":"image\/jpeg"}],"twitter_card":"summary_large_image","twitter_misc":{"Geschatte leestijd":"2 minuten"},"schema":{"@context":"https:\/\/schema.org","@graph":[{"@type":"WebPage","@id":"https:\/\/www.eltako.com\/nl\/bedrijf\/partners-en-allianties\/dali\/","url":"https:\/\/www.eltako.com\/nl\/bedrijf\/partners-en-allianties\/dali\/","name":"Dali &#187; Eltako","isPartOf":{"@id":"https:\/\/www.eltako.com\/en\/#website"},"primaryImageOfPage":{"@id":"https:\/\/www.eltako.com\/nl\/bedrijf\/partners-en-allianties\/dali\/#primaryimage"},"image":{"@id":"https:\/\/www.eltako.com\/nl\/bedrijf\/partners-en-allianties\/dali\/#primaryimage"},"thumbnailUrl":"https:\/\/www.eltako.com\/wp-content\/uploads\/2021\/09\/Bild-1-1-e1626779207216.jpg","datePublished":"2022-03-09T14:57:05+00:00","dateModified":"2025-10-03T08:47:42+00:00","breadcrumb":{"@id":"https:\/\/www.eltako.com\/nl\/bedrijf\/partners-en-allianties\/dali\/#breadcrumb"},"inLanguage":"nl-NL","potentialAction":[{"@type":"ReadAction","target":["https:\/\/www.eltako.com\/nl\/bedrijf\/partners-en-allianties\/dali\/"]}]},{"@type":"ImageObject","inLanguage":"nl-NL","@id":"https:\/\/www.eltako.com\/nl\/bedrijf\/partners-en-allianties\/dali\/#primaryimage","url":"https:\/\/www.eltako.com\/wp-content\/uploads\/2021\/09\/Bild-1-1-e1626779207216.jpg","contentUrl":"https:\/\/www.eltako.com\/wp-content\/uploads\/2021\/09\/Bild-1-1-e1626779207216.jpg","width":1920,"height":931},{"@type":"BreadcrumbList","@id":"https:\/\/www.eltako.com\/nl\/bedrijf\/partners-en-allianties\/dali\/#breadcrumb","itemListElement":[{"@type":"ListItem","position":1,"name":"Home","item":"https:\/\/www.eltako.com\/nl\/"},{"@type":"ListItem","position":2,"name":"Bedrijf","item":"https:\/\/www.eltako.com\/nl\/bedrijf\/"},{"@type":"ListItem","position":3,"name":"Partners en allianties","item":"https:\/\/www.eltako.com\/nl\/bedrijf\/partners-en-allianties\/"},{"@type":"ListItem","position":4,"name":"Dali"}]},{"@type":"WebSite","@id":"https:\/\/www.eltako.com\/en\/#website","url":"https:\/\/www.eltako.com\/en\/","name":"Eltako","description":"Schaltger\u00e4te, Netzteile, Stromz\u00e4hler, Dimmer, Geb\u00e4udeinstallation, Steuerungstechnik, Smart Home-L\u00f6sungen, Geb\u00e4udefunk, EnOcean-Technologie","potentialAction":[{"@type":"SearchAction","target":{"@type":"EntryPoint","urlTemplate":"https:\/\/www.eltako.com\/en\/?s={search_term_string}"},"query-input":{"@type":"PropertyValueSpecification","valueRequired":true,"valueName":"search_term_string"}}],"inLanguage":"nl-NL"}]}},"_links":{"self":[{"href":"https:\/\/www.eltako.com\/nl\/wp-json\/wp\/v2\/pages\/62320","targetHints":{"allow":["GET"]}}],"collection":[{"href":"https:\/\/www.eltako.com\/nl\/wp-json\/wp\/v2\/pages"}],"about":[{"href":"https:\/\/www.eltako.com\/nl\/wp-json\/wp\/v2\/types\/page"}],"author":[{"embeddable":true,"href":"https:\/\/www.eltako.com\/nl\/wp-json\/wp\/v2\/users\/31"}],"replies":[{"embeddable":true,"href":"https:\/\/www.eltako.com\/nl\/wp-json\/wp\/v2\/comments?post=62320"}],"version-history":[{"count":4,"href":"https:\/\/www.eltako.com\/nl\/wp-json\/wp\/v2\/pages\/62320\/revisions"}],"predecessor-version":[{"id":146879,"href":"https:\/\/www.eltako.com\/nl\/wp-json\/wp\/v2\/pages\/62320\/revisions\/146879"}],"up":[{"embeddable":true,"href":"https:\/\/www.eltako.com\/nl\/wp-json\/wp\/v2\/pages\/62732"}],"wp:featuredmedia":[{"embeddable":true,"href":"https:\/\/www.eltako.com\/nl\/wp-json\/wp\/v2\/media\/23296"}],"wp:attachment":[{"href":"https:\/\/www.eltako.com\/nl\/wp-json\/wp\/v2\/media?parent=62320"}],"curies":[{"name":"wp","href":"https:\/\/api.w.org\/{rel}","templated":true}]}}