{"id":62128,"date":"2022-03-07T14:48:29","date_gmt":"2022-03-07T13:48:29","guid":{"rendered":"https:\/\/betax923lb8kd7v0.eltako.de\/controller-firmware-update\/"},"modified":"2025-02-05T08:53:15","modified_gmt":"2025-02-05T07:53:15","slug":"controller-firmware-update","status":"publish","type":"page","link":"https:\/\/www.eltako.com\/nl\/controller-firmware-update\/","title":{"rendered":"Controller firmware update"},"content":{"rendered":"\n<h3 class=\"wp-block-heading\">Firmware-Update <\/h3>\n\n\n\n<p><\/p>\n\n\n\n<p class=\"has-normal-font-size\">Zorg ervoor dat u uw controller altijd met de laatste firmwareversie gebruikt om een soepele interactie met de GFA5 app te garanderen. Volg de update-instructies hieronder: <\/p>\n\n\n\n<h3 class=\"wp-block-heading\">Firmware update met de GFA5 app<\/h3>\n\n\n\n<p><\/p>\n\n\n\n<p class=\"has-normal-font-size\">In de GFA5 app kunt u de firmware-update voor de controller direct in de app starten. Als er een nieuwe firmware beschikbaar is, verschijnt er een pop-up melding in de app. U kunt ook gaan naar: Instellingen \u2192 Controller om te zien of er een firmware-update aanwezig is en om de update direct te starten. <\/p>\n\n\n\n<p class=\"has-normal-font-size\"><strong>Opmerking: <\/strong>Voor de update is een internetverbinding vereist. <\/p>\n\n\n\n<p class=\"has-normal-font-size\">In zeldzame gevallen waarin een firmware-update niet kan worden gestart via de GFA5-app, is het mogelijk om de firmware te installeren met de ConfigTool NEO. <\/p>\n\n\n\n<p><strong>Besturingsfirmware downloaden<\/strong><\/p>\n\n\n\n<p><a href=\"https:\/\/eltakocloud-download.s3.eu-central-1.amazonaws.com\/fw\/mediola\/C2\/c2eltako_latest.hex\">Versie downloaden 1.25.6<\/a> (external link)<\/p>\n\n\n\n<p><a href=\"https:\/\/docs.eltako.de\/docs\/changelog_minisafe2\/\">Changelog MiniSafe2<\/a><\/p>\n\n\n\n<p><a href=\"https:\/\/docs.eltako.de\/docs\/changelog_gfa5\/\">Changelog GFA5<\/a><\/p>\n\n\n\n<h3 class=\"wp-block-heading\">Firmware bijwerken met de ConfigTool NEO <\/h3>\n\n\n\n<p><\/p>\n\n\n\n<p class=\"has-normal-font-size\"><strong>Vereist: <\/strong><\/p>\n\n\n\n<ol class=\"wp-block-list\">\n<li>De ConfigTool NEO is ge\u00efnstalleerd <\/li>\n<\/ol>\n\n\n\n<ol start=\"2\" class=\"wp-block-list\">\n<li>PC en controller zitten in hetzelfde netwerk. <\/li>\n<\/ol>\n\n\n\n<p>Na het starten van de ConfigTool NEO, wordt de controller direct weergegeven op de startpagina. <\/p>\n\n\n\n<ol class=\"wp-block-list\">\n<li>Klik op de controller om de instellingen te openen. <\/li>\n<\/ol>\n\n\n\n<ol start=\"2\" class=\"wp-block-list\">\n<li>Tab &#8220;Algemeen&#8221;: Opmerkingen over nieuwe firmwareversies worden hier weergegeven <\/li>\n<\/ol>\n\n\n\n<ol start=\"3\" class=\"wp-block-list\">\n<li>Klik op &#8220;Activeer formulieren&#8221; <\/li>\n<\/ol>\n\n\n\n<ol start=\"4\" class=\"wp-block-list\">\n<li>Firmware installeren op de controller <\/li>\n<\/ol>\n\n\n\n<p><strong>Downloaden ConfigTool NEO<\/strong> <\/p>\n\n\n\n<p><a href=\"https:\/\/s3-eu-west-1.amazonaws.com\/mediola-download\/configtool_neo\/1.17.0\/ConfigTool+NEO.exe\">Windows-versie downloaden <\/a>(externe link) <\/p>\n\n\n\n<p><a href=\"https:\/\/s3-eu-west-1.amazonaws.com\/mediola-download\/configtool_neo\/ConfigTool+NEO.dmg\" target=\"_blank\" rel=\"noreferrer noopener\">MacOS-versie 12+ downloade<\/a><a href=\"https:\/\/s3-eu-west-1.amazonaws.com\/mediola-download\/configtool_neo\/1.17.0\/ConfigTool+NEO.dmg\" target=\"_blank\" rel=\"noreferrer noopener\">n<\/a> (externe link)<\/p>\n\n\n\n<p><a href=\"https:\/\/s3-eu-west-1.amazonaws.com\/mediola-download\/configtool_neo\/ConfigTool+NEO.dmg\" target=\"_blank\" rel=\"noreferrer noopener\">MacOS-versie 10\/11 downloade<\/a><a href=\"https:\/\/s3-eu-west-1.amazonaws.com\/mediola-download\/configtool_neo\/1.17.0\/ConfigTool+NEO-mac10.dmg\" target=\"_blank\" rel=\"noreferrer noopener\">n<\/a> (externe link)<\/p>\n\n\n\n<p><a href=\"https:\/\/s3-eu-west-1.amazonaws.com\/mediola-download\/configtool_neo\/1.9.0\/ConfigTool+NEO.tar.gz\" target=\"_blank\" rel=\"noreferrer noopener\">Linux-versie downloade<\/a><a href=\"https:\/\/s3-eu-west-1.amazonaws.com\/mediola-download\/configtool_neo\/1.17.0\/ConfigTool+NEO.tar.gz\" target=\"_blank\" rel=\"noreferrer noopener\">n<\/a> (externe link)<\/p>\n\n\n\n<div style=\"height:100px\" aria-hidden=\"true\" class=\"wp-block-spacer\"><\/div>\n\n\n\n<h4 class=\"wp-block-heading\">Change Log<\/h4>\n\n\n\n<p>All notable changes to this project will be documented in this file.<\/p>\n\n\n\n<p>The format is based on <a href=\"http:\/\/keepachangelog.com\/\">Keep a Changelog<\/a> and this project adheres to <a href=\"http:\/\/semver.org\/\">Semantic Versioning<\/a>.<\/p>\n\n\n\n<h4 class=\"wp-block-heading\"><a href=\"https:\/\/gist.github.com\/juampynr\/4c18214a8eb554084e21d6e288a18a2c#unreleased---yyyy-mm-dd\"><\/a>[Unreleased] &#8211; yyyy-mm-dd<\/h4>\n\n\n\n<p>Here we write upgrading notes for brands. It&#8217;s a team effort to make them as straightforward as possible.<\/p>\n\n\n\n<h5 class=\"wp-block-heading\"><a href=\"https:\/\/gist.github.com\/juampynr\/4c18214a8eb554084e21d6e288a18a2c#added\"><\/a>Added<\/h5>\n\n\n\n<ul class=\"wp-block-list\">\n<li><a href=\"http:\/\/tickets.projectname.com\/browse\/PROJECTNAME-XXXX\">PROJECTNAME-XXXX<\/a> MINOR Ticket title goes here.<\/li>\n\n\n\n<li><a href=\"http:\/\/tickets.projectname.com\/browse\/PROJECTNAME-YYYY\">PROJECTNAME-YYYY<\/a> PATCH Ticket title goes here.<\/li>\n<\/ul>\n\n\n\n<h5 class=\"wp-block-heading\"><a href=\"https:\/\/gist.github.com\/juampynr\/4c18214a8eb554084e21d6e288a18a2c#changed\"><\/a>Changed<\/h5>\n\n\n\n<h5 class=\"wp-block-heading\"><a href=\"https:\/\/gist.github.com\/juampynr\/4c18214a8eb554084e21d6e288a18a2c#fixed\"><\/a>Fixed<\/h5>\n","protected":false},"excerpt":{"rendered":"<p>Firmware-Update Zorg ervoor dat u uw controller altijd met de laatste firmwareversie gebruikt om een soepele interactie met de GFA5 app te garanderen. Volg de update-instructies hieronder: Firmware update met de GFA5 app In de GFA5 app kunt u de firmware-update voor de controller direct in de app starten. Als er een nieuwe firmware beschikbaar [&hellip;]<\/p>\n","protected":false},"author":31,"featured_media":22012,"parent":0,"menu_order":0,"comment_status":"closed","ping_status":"closed","template":"templates\/custom_header.php","meta":{"_acf_changed":false,"footnotes":"","_links_to":"","_links_to_target":""},"class_list":["post-62128","page","type-page","status-publish","has-post-thumbnail","hentry"],"acf":[],"yoast_head":"<!-- This site is optimized with the Yoast SEO plugin v27.2 - https:\/\/yoast.com\/product\/yoast-seo-wordpress\/ -->\n<title>Controller firmware update &#187; Eltako<\/title>\n<meta name=\"robots\" content=\"index, follow, max-snippet:-1, max-image-preview:large, max-video-preview:-1\" \/>\n<link rel=\"canonical\" href=\"https:\/\/www.eltako.com\/nl\/controller-firmware-update\/\" \/>\n<meta property=\"og:locale\" content=\"nl_NL\" \/>\n<meta property=\"og:type\" content=\"article\" \/>\n<meta property=\"og:title\" content=\"Controller firmware update &#187; Eltako\" \/>\n<meta property=\"og:description\" content=\"Firmware-Update Zorg ervoor dat u uw controller altijd met de laatste firmwareversie gebruikt om een soepele interactie met de GFA5 app te garanderen. Volg de update-instructies hieronder: Firmware update met de GFA5 app In de GFA5 app kunt u de firmware-update voor de controller direct in de app starten. Als er een nieuwe firmware beschikbaar [&hellip;]\" \/>\n<meta property=\"og:url\" content=\"https:\/\/www.eltako.com\/nl\/controller-firmware-update\/\" \/>\n<meta property=\"og:site_name\" content=\"Eltako\" \/>\n<meta property=\"article:modified_time\" content=\"2025-02-05T07:53:15+00:00\" \/>\n<meta property=\"og:image\" content=\"https:\/\/www.eltako.com\/wp-content\/uploads\/2021\/05\/Layout-Firmware-Update-Neu.jpg\" \/>\n\t<meta property=\"og:image:width\" content=\"2000\" \/>\n\t<meta property=\"og:image:height\" content=\"1125\" \/>\n\t<meta property=\"og:image:type\" content=\"image\/jpeg\" \/>\n<meta name=\"twitter:card\" content=\"summary_large_image\" \/>\n<meta name=\"twitter:label1\" content=\"Geschatte leestijd\" \/>\n\t<meta name=\"twitter:data1\" content=\"2 minuten\" \/>\n<script type=\"application\/ld+json\" class=\"yoast-schema-graph\">{\"@context\":\"https:\/\/schema.org\",\"@graph\":[{\"@type\":\"WebPage\",\"@id\":\"https:\/\/www.eltako.com\/nl\/controller-firmware-update\/\",\"url\":\"https:\/\/www.eltako.com\/nl\/controller-firmware-update\/\",\"name\":\"Controller firmware update &#187; Eltako\",\"isPartOf\":{\"@id\":\"https:\/\/www.eltako.com\/en\/#website\"},\"primaryImageOfPage\":{\"@id\":\"https:\/\/www.eltako.com\/nl\/controller-firmware-update\/#primaryimage\"},\"image\":{\"@id\":\"https:\/\/www.eltako.com\/nl\/controller-firmware-update\/#primaryimage\"},\"thumbnailUrl\":\"https:\/\/www.eltako.com\/wp-content\/uploads\/2021\/05\/Layout-Firmware-Update-Neu.jpg\",\"datePublished\":\"2022-03-07T13:48:29+00:00\",\"dateModified\":\"2025-02-05T07:53:15+00:00\",\"breadcrumb\":{\"@id\":\"https:\/\/www.eltako.com\/nl\/controller-firmware-update\/#breadcrumb\"},\"inLanguage\":\"nl-NL\",\"potentialAction\":[{\"@type\":\"ReadAction\",\"target\":[\"https:\/\/www.eltako.com\/nl\/controller-firmware-update\/\"]}]},{\"@type\":\"ImageObject\",\"inLanguage\":\"nl-NL\",\"@id\":\"https:\/\/www.eltako.com\/nl\/controller-firmware-update\/#primaryimage\",\"url\":\"https:\/\/www.eltako.com\/wp-content\/uploads\/2021\/05\/Layout-Firmware-Update-Neu.jpg\",\"contentUrl\":\"https:\/\/www.eltako.com\/wp-content\/uploads\/2021\/05\/Layout-Firmware-Update-Neu.jpg\",\"width\":2000,\"height\":1125},{\"@type\":\"BreadcrumbList\",\"@id\":\"https:\/\/www.eltako.com\/nl\/controller-firmware-update\/#breadcrumb\",\"itemListElement\":[{\"@type\":\"ListItem\",\"position\":1,\"name\":\"Home\",\"item\":\"https:\/\/www.eltako.com\/nl\/\"},{\"@type\":\"ListItem\",\"position\":2,\"name\":\"Controller firmware update\"}]},{\"@type\":\"WebSite\",\"@id\":\"https:\/\/www.eltako.com\/en\/#website\",\"url\":\"https:\/\/www.eltako.com\/en\/\",\"name\":\"Eltako\",\"description\":\"Schaltger\u00e4te, Netzteile, Stromz\u00e4hler, Dimmer, Geb\u00e4udeinstallation, Steuerungstechnik, Smart Home-L\u00f6sungen, Geb\u00e4udefunk, EnOcean-Technologie\",\"potentialAction\":[{\"@type\":\"SearchAction\",\"target\":{\"@type\":\"EntryPoint\",\"urlTemplate\":\"https:\/\/www.eltako.com\/en\/?s={search_term_string}\"},\"query-input\":{\"@type\":\"PropertyValueSpecification\",\"valueRequired\":true,\"valueName\":\"search_term_string\"}}],\"inLanguage\":\"nl-NL\"}]}<\/script>\n<!-- \/ Yoast SEO plugin. -->","yoast_head_json":{"title":"Controller firmware update &#187; Eltako","robots":{"index":"index","follow":"follow","max-snippet":"max-snippet:-1","max-image-preview":"max-image-preview:large","max-video-preview":"max-video-preview:-1"},"canonical":"https:\/\/www.eltako.com\/nl\/controller-firmware-update\/","og_locale":"nl_NL","og_type":"article","og_title":"Controller firmware update &#187; Eltako","og_description":"Firmware-Update Zorg ervoor dat u uw controller altijd met de laatste firmwareversie gebruikt om een soepele interactie met de GFA5 app te garanderen. Volg de update-instructies hieronder: Firmware update met de GFA5 app In de GFA5 app kunt u de firmware-update voor de controller direct in de app starten. Als er een nieuwe firmware beschikbaar [&hellip;]","og_url":"https:\/\/www.eltako.com\/nl\/controller-firmware-update\/","og_site_name":"Eltako","article_modified_time":"2025-02-05T07:53:15+00:00","og_image":[{"width":2000,"height":1125,"url":"https:\/\/www.eltako.com\/wp-content\/uploads\/2021\/05\/Layout-Firmware-Update-Neu.jpg","type":"image\/jpeg"}],"twitter_card":"summary_large_image","twitter_misc":{"Geschatte leestijd":"2 minuten"},"schema":{"@context":"https:\/\/schema.org","@graph":[{"@type":"WebPage","@id":"https:\/\/www.eltako.com\/nl\/controller-firmware-update\/","url":"https:\/\/www.eltako.com\/nl\/controller-firmware-update\/","name":"Controller firmware update &#187; Eltako","isPartOf":{"@id":"https:\/\/www.eltako.com\/en\/#website"},"primaryImageOfPage":{"@id":"https:\/\/www.eltako.com\/nl\/controller-firmware-update\/#primaryimage"},"image":{"@id":"https:\/\/www.eltako.com\/nl\/controller-firmware-update\/#primaryimage"},"thumbnailUrl":"https:\/\/www.eltako.com\/wp-content\/uploads\/2021\/05\/Layout-Firmware-Update-Neu.jpg","datePublished":"2022-03-07T13:48:29+00:00","dateModified":"2025-02-05T07:53:15+00:00","breadcrumb":{"@id":"https:\/\/www.eltako.com\/nl\/controller-firmware-update\/#breadcrumb"},"inLanguage":"nl-NL","potentialAction":[{"@type":"ReadAction","target":["https:\/\/www.eltako.com\/nl\/controller-firmware-update\/"]}]},{"@type":"ImageObject","inLanguage":"nl-NL","@id":"https:\/\/www.eltako.com\/nl\/controller-firmware-update\/#primaryimage","url":"https:\/\/www.eltako.com\/wp-content\/uploads\/2021\/05\/Layout-Firmware-Update-Neu.jpg","contentUrl":"https:\/\/www.eltako.com\/wp-content\/uploads\/2021\/05\/Layout-Firmware-Update-Neu.jpg","width":2000,"height":1125},{"@type":"BreadcrumbList","@id":"https:\/\/www.eltako.com\/nl\/controller-firmware-update\/#breadcrumb","itemListElement":[{"@type":"ListItem","position":1,"name":"Home","item":"https:\/\/www.eltako.com\/nl\/"},{"@type":"ListItem","position":2,"name":"Controller firmware update"}]},{"@type":"WebSite","@id":"https:\/\/www.eltako.com\/en\/#website","url":"https:\/\/www.eltako.com\/en\/","name":"Eltako","description":"Schaltger\u00e4te, Netzteile, Stromz\u00e4hler, Dimmer, Geb\u00e4udeinstallation, Steuerungstechnik, Smart Home-L\u00f6sungen, Geb\u00e4udefunk, EnOcean-Technologie","potentialAction":[{"@type":"SearchAction","target":{"@type":"EntryPoint","urlTemplate":"https:\/\/www.eltako.com\/en\/?s={search_term_string}"},"query-input":{"@type":"PropertyValueSpecification","valueRequired":true,"valueName":"search_term_string"}}],"inLanguage":"nl-NL"}]}},"_links":{"self":[{"href":"https:\/\/www.eltako.com\/nl\/wp-json\/wp\/v2\/pages\/62128","targetHints":{"allow":["GET"]}}],"collection":[{"href":"https:\/\/www.eltako.com\/nl\/wp-json\/wp\/v2\/pages"}],"about":[{"href":"https:\/\/www.eltako.com\/nl\/wp-json\/wp\/v2\/types\/page"}],"author":[{"embeddable":true,"href":"https:\/\/www.eltako.com\/nl\/wp-json\/wp\/v2\/users\/31"}],"replies":[{"embeddable":true,"href":"https:\/\/www.eltako.com\/nl\/wp-json\/wp\/v2\/comments?post=62128"}],"version-history":[{"count":9,"href":"https:\/\/www.eltako.com\/nl\/wp-json\/wp\/v2\/pages\/62128\/revisions"}],"predecessor-version":[{"id":144030,"href":"https:\/\/www.eltako.com\/nl\/wp-json\/wp\/v2\/pages\/62128\/revisions\/144030"}],"wp:featuredmedia":[{"embeddable":true,"href":"https:\/\/www.eltako.com\/nl\/wp-json\/wp\/v2\/media\/22012"}],"wp:attachment":[{"href":"https:\/\/www.eltako.com\/nl\/wp-json\/wp\/v2\/media?parent=62128"}],"curies":[{"name":"wp","href":"https:\/\/api.w.org\/{rel}","templated":true}]}}