{"id":62112,"date":"2022-03-07T13:53:13","date_gmt":"2022-03-07T12:53:13","guid":{"rendered":"https:\/\/betax923lb8kd7v0.eltako.de\/wibutler\/"},"modified":"2024-10-04T12:02:30","modified_gmt":"2024-10-04T10:02:30","slug":"wibutler","status":"publish","type":"page","link":"https:\/\/www.eltako.com\/nl\/bedrijf\/partners-en-allianties\/wibutler\/","title":{"rendered":"Wibutler"},"content":{"rendered":"\n<p class=\"has-medium-font-size\">De wibutler pro controller werd in 2015 in Duitsland op de markt gebracht. De Smart Home Controller brengt de apparaten van verschillende fabrikanten en verschillende standaard protocollen met elkaar in verbinding en maakt zo gezamenlijk gebruik mogelijk. Zij hebben de digitalisering en verdere ontwikkeling van onafhankelijke en holistische technologie\u00ebn in de woning tot hun belangrijkste aandachtspunt gemaakt en hebben zich in de afgelopen jaren op dit gebied weten te vestigen. <\/p>\n\n\n\n<div style=\"height:19px\" aria-hidden=\"true\" class=\"wp-block-spacer\"><\/div>\n\n\n\n<div class=\"wp-block-columns is-layout-flex wp-container-core-columns-is-layout-9d6595d7 wp-block-columns-is-layout-flex\">\n<div class=\"wp-block-column is-layout-flow wp-block-column-is-layout-flow\"><\/div>\n\n\n\n<div class=\"wp-block-column has-white-color has-text-color has-background is-layout-flow wp-block-column-is-layout-flow\" style=\"background-color:#016db7\">\n<p><\/p>\n\n\n\n<p class=\"has-text-align-center has-white-color has-text-color has-medium-font-size\"><strong><a href=\"https:\/\/my.matterport.com\/show\/?m=9FGsyMtKn6C&amp;utm_source=alliance-Website&amp;utm_medium=Websitebutton&amp;utm_campaign=2022_alliance-Musterhaustour&amp;utm_id=2022_wibutler-Musterhaus&amp;utm_term=Smart+Home\" target=\"_blank\" rel=\"noreferrer noopener\">Meer over wibutler<\/a><\/strong><\/p>\n<\/div>\n\n\n\n<div class=\"wp-block-column is-layout-flow wp-block-column-is-layout-flow\"><\/div>\n<\/div>\n\n\n\n<div style=\"height:17px\" aria-hidden=\"true\" class=\"wp-block-spacer\"><\/div>\n\n\n\n<figure class=\"wp-block-image size-large\"><img decoding=\"async\" width=\"1024\" height=\"367\" src=\"https:\/\/betax923lb8kd7v0.eltako.de\/wp-content\/uploads\/2022\/02\/parnter-und-allianzen_content-bild-1024x367.jpg\" alt=\"\" class=\"wp-image-61438\" srcset=\"https:\/\/www.eltako.com\/wp-content\/uploads\/2022\/02\/parnter-und-allianzen_content-bild-1024x367.jpg 1024w, https:\/\/www.eltako.com\/wp-content\/uploads\/2022\/02\/parnter-und-allianzen_content-bild-300x108.jpg 300w, https:\/\/www.eltako.com\/wp-content\/uploads\/2022\/02\/parnter-und-allianzen_content-bild-768x276.jpg 768w, https:\/\/www.eltako.com\/wp-content\/uploads\/2022\/02\/parnter-und-allianzen_content-bild-1536x551.jpg 1536w, https:\/\/www.eltako.com\/wp-content\/uploads\/2022\/02\/parnter-und-allianzen_content-bild.jpg 1920w\" sizes=\"(max-width: 1024px) 100vw, 1024px\" \/><\/figure>\n\n\n\n<div style=\"height:30px\" aria-hidden=\"true\" class=\"wp-block-spacer\"><\/div>\n\n\n\n<div class=\"wp-block-columns is-layout-flex wp-container-core-columns-is-layout-9d6595d7 wp-block-columns-is-layout-flex\">\n<div class=\"wp-block-column is-layout-flow wp-block-column-is-layout-flow\"><\/div>\n\n\n\n<div class=\"wp-block-column has-white-color has-text-color has-background is-layout-flow wp-block-column-is-layout-flow\" style=\"background-color:#016db7\">\n<p><\/p>\n\n\n\n<p class=\"has-text-align-center has-white-color has-text-color has-medium-font-size\"><strong><a href=\"https:\/\/my.matterport.com\/show\/?m=9FGsyMtKn6C&amp;utm_source=alliance-Website&amp;utm_medium=Websitebutton&amp;utm_campaign=2022_alliance-Musterhaustour&amp;utm_id=2022_wibutler-Musterhaus&amp;utm_term=Smart+Home\" target=\"_blank\" rel=\"noreferrer noopener\">Blik in de modelwoning<\/a><\/strong><\/p>\n<\/div>\n\n\n\n<div class=\"wp-block-column is-layout-flow wp-block-column-is-layout-flow\"><\/div>\n<\/div>\n\n\n\n<div style=\"height:15px\" aria-hidden=\"true\" class=\"wp-block-spacer\"><\/div>\n\n\n\n<p class=\"has-medium-font-size\">De wibutler alliantie verenigt samen met ons meer dan 30 ervaren fabrikanten op \u00e9\u00e9n systeem en maakt het zo voor klanten mogelijk om bestaande en nieuwe apparaten centraal te bedienen en te configureren. Hier werken wij samen met andere bekende alliantiepartners zoals Viessmann, Oventrop, Busch-Jaeger of ook BEGA aan de verbetering en ontwikkeling van productinnovaties, zodat nog meer compatibiliteit en prestaties kunnen worden geboden. Met de wibutler configurator krijgt u individueel geteste productaanbevelingen die exact bij uw nieuwbouw of renovatie passen.<\/p>\n\n\n\n<div style=\"height:21px\" aria-hidden=\"true\" class=\"wp-block-spacer\"><\/div>\n\n\n\n<div class=\"wp-block-columns is-layout-flex wp-container-core-columns-is-layout-9d6595d7 wp-block-columns-is-layout-flex\">\n<div class=\"wp-block-column is-layout-flow wp-block-column-is-layout-flow\"><\/div>\n\n\n\n<div class=\"wp-block-column has-white-color has-text-color has-background is-layout-flow wp-block-column-is-layout-flow\" style=\"background-color:#016db7\">\n<p><\/p>\n\n\n\n<p class=\"has-text-align-center has-white-color has-text-color has-medium-font-size\"><a href=\"https:\/\/dbt-platform.com\/support\/\">Helpcentrum<\/a><\/p>\n<\/div>\n\n\n\n<div class=\"wp-block-column is-layout-flow wp-block-column-is-layout-flow\"><\/div>\n<\/div>\n\n\n\n<div style=\"height:29px\" aria-hidden=\"true\" class=\"wp-block-spacer\"><\/div>\n\n\n\n<div class=\"wp-block-columns is-layout-flex wp-container-core-columns-is-layout-9d6595d7 wp-block-columns-is-layout-flex\">\n<div class=\"wp-block-column bg-primary p-4 text-white mb-2 is-layout-flow wp-block-column-is-layout-flow\">\n<p class=\"has-medium-font-size\"><strong>Verlichting: <\/strong><\/p>\n\n\n\n<p class=\"has-medium-font-size\">Persoonlijke instellingen opslaan, dimmen, automatiseren&#8230; eindeloze mogelijkheden voor de Professional Smart Home producten van Eltako door bediening met de wibutler. <\/p>\n\n\n\n<div style=\"height:23px\" aria-hidden=\"true\" class=\"wp-block-spacer\"><\/div>\n\n\n\n<a href=\"https:\/\/www.youtube.com\/watch?v=GG7cgY104SM\">\n\n\n<figure class=\"text-center\"><img decoding=\"async\" width=\"100\" height=\"70\" style=\"width:50px !important;\" src=\"https:\/\/prod.wxccizj.de\/wp-content\/uploads\/2022\/02\/YT-Like-Button-29-1.png\" alt=\"\" class=\"wp-image-33657\"\/><\/figure>\n\n\n<\/a>\n<\/div>\n\n\n\n<div class=\"wp-block-column bg-primary p-4 text-white mb-2 is-layout-flow wp-block-column-is-layout-flow\">\n<p class=\"has-medium-font-size\"><strong>Ruimteklimaat: <\/strong><\/p>\n\n\n\n<p class=\"has-medium-font-size\">Te warm of te koud? De wibutler maakt het een &#8220;precies goed&#8221;. De automatische aanpassing van de kamertemperatuur en de bijstelling met behulp van een paar klikken zorgen steeds voor de juiste temperatuur in elke kamer. <\/p>\n\n\n\n<div style=\"height:23px\" aria-hidden=\"true\" class=\"wp-block-spacer\"><\/div>\n\n\n\n<a href=\"https:\/\/www.youtube.com\/watch?v=W2nUY-vWpHQ\">\n\n\n<figure class=\"text-center\"><img decoding=\"async\" width=\"100\" height=\"70\" style=\"width:50px !important;\" src=\"https:\/\/prod.wxccizj.de\/wp-content\/uploads\/2022\/02\/YT-Like-Button-29-1.png\" alt=\"\" class=\"wp-image-33657\"\/><\/figure>\n\n\n<\/a>\n<\/div>\n<\/div>\n\n\n\n<div class=\"wp-block-columns is-layout-flex wp-container-core-columns-is-layout-9d6595d7 wp-block-columns-is-layout-flex\">\n<div class=\"wp-block-column bg-primary p-4 text-white mb-2 is-layout-flow wp-block-column-is-layout-flow\">\n<p class=\"has-medium-font-size\"><strong>Beveiliging: <\/strong><\/p>\n\n\n\n<p class=\"has-medium-font-size\">Slim is veilig. Of het nu gaat om rookmelders, camerabewaking, bewegingsmelders, raam- en deurbewaking of aanwezigheidssimulatie: Eltako biedt een groot tal van oplossingen om de woning veiliger te maken.<\/p>\n\n\n\n<div style=\"height:23px\" aria-hidden=\"true\" class=\"wp-block-spacer\"><\/div>\n\n\n\n<a href=\"https:\/\/www.youtube.com\/watch?v=x2fcBzki4bM\">\n\n\n<figure class=\"text-center\"><img decoding=\"async\" width=\"100\" height=\"70\" style=\"width:50px !important;\" src=\"https:\/\/prod.wxccizj.de\/wp-content\/uploads\/2022\/02\/YT-Like-Button-29-1.png\" alt=\"\" class=\"wp-image-33657\"\/><\/figure>\n\n\n<\/a>\n<\/div>\n\n\n\n<div class=\"wp-block-column bg-primary p-4 text-white mb-2 is-layout-flow wp-block-column-is-layout-flow\">\n<p class=\"has-medium-font-size\"><strong>Zonwering<\/strong>:<\/p>\n\n\n\n<p class=\"has-medium-font-size\">Rolluiken, jaloezie\u00ebn en markiezen kunnen automatisch worden aangestuurd met een sensor, tijd of centrale functie. Zo houdt u niet alleen het hoofd koel, maar bespaart u ook energiekosten voor verwarming of airconditioning.<\/p>\n\n\n\n<div style=\"height:23px\" aria-hidden=\"true\" class=\"wp-block-spacer\"><\/div>\n\n\n\n<a href=\"https:\/\/youtu.be\/zYFOlomyWSQ\">\n\n\n<figure class=\"text-center\"><img decoding=\"async\" width=\"100\" height=\"70\" style=\"width:50px !important;\" src=\"https:\/\/prod.wxccizj.de\/wp-content\/uploads\/2022\/02\/YT-Like-Button-29-1.png\" alt=\"\" class=\"wp-image-33657\"\/><\/figure>\n\n\n<\/a>\n<\/div>\n<\/div>\n\n\n\n<div class=\"wp-block-columns is-layout-flex wp-container-core-columns-is-layout-9d6595d7 wp-block-columns-is-layout-flex\"><\/div>\n\n\n\n<div style=\"height:50px\" aria-hidden=\"true\" class=\"wp-block-spacer\"><\/div>\n\n\n\n<div class=\"wp-block-columns is-layout-flex wp-container-core-columns-is-layout-9d6595d7 wp-block-columns-is-layout-flex\">\n<div class=\"wp-block-column is-layout-flow wp-block-column-is-layout-flow\" style=\"flex-basis:100%\">\n<div class=\"wp-block-columns is-layout-flex wp-container-core-columns-is-layout-9d6595d7 wp-block-columns-is-layout-flex\">\n<div class=\"wp-block-column is-layout-flow wp-block-column-is-layout-flow\" style=\"flex-basis:60%\">\n<h2 class=\"wp-block-heading text-primary text-uppercase\" id=\"nichts-mehr-verpassen\"><strong>Mis nooit meer iets. <\/strong><\/h2>\n\n\n\n<p class=\"text-primary\" style=\"font-size:24px\">Berichten over de interactie van Eltako&#8217;s Professional Smart Home producten met de wibutler verschijnen regelmatig op de social media platforms van Eltako en wibutler. Als u niets wilt missen, kunt u zich op alle kanalen abonneren! <\/p>\n<\/div>\n\n\n\n<div class=\"wp-block-column is-layout-flow wp-block-column-is-layout-flow\" style=\"flex-basis:66.66%\">\n<figure class=\"wp-block-image size-full\"><img decoding=\"async\" src=\"https:\/\/www.eltako.com\/wp-content\/uploads\/2024\/10\/roboter-wibutler-24.jpg\" alt=\"\" class=\"wp-image-142391\"\/><\/figure>\n<\/div>\n<\/div>\n<\/div>\n<\/div>\n","protected":false},"excerpt":{"rendered":"<p>De wibutler pro controller werd in 2015 in Duitsland op de markt gebracht. De Smart Home Controller brengt de apparaten van verschillende fabrikanten en verschillende standaard protocollen met elkaar in verbinding en maakt zo gezamenlijk gebruik mogelijk. Zij hebben de digitalisering en verdere ontwikkeling van onafhankelijke en holistische technologie\u00ebn in de woning tot hun belangrijkste [&hellip;]<\/p>\n","protected":false},"author":31,"featured_media":61432,"parent":62732,"menu_order":6,"comment_status":"closed","ping_status":"closed","template":"templates\/custom_header.php","meta":{"_acf_changed":false,"footnotes":"","_links_to":"","_links_to_target":""},"class_list":["post-62112","page","type-page","status-publish","has-post-thumbnail","hentry"],"acf":[],"yoast_head":"<!-- This site is optimized with the Yoast SEO plugin v27.2 - https:\/\/yoast.com\/product\/yoast-seo-wordpress\/ -->\n<title>Wibutler &#187; Eltako<\/title>\n<meta name=\"robots\" content=\"index, follow, max-snippet:-1, max-image-preview:large, max-video-preview:-1\" \/>\n<link rel=\"canonical\" href=\"https:\/\/www.eltako.com\/nl\/bedrijf\/partners-en-allianties\/wibutler\/\" \/>\n<meta property=\"og:locale\" content=\"nl_NL\" \/>\n<meta property=\"og:type\" content=\"article\" \/>\n<meta property=\"og:title\" content=\"Wibutler &#187; Eltako\" \/>\n<meta property=\"og:description\" content=\"De wibutler pro controller werd in 2015 in Duitsland op de markt gebracht. De Smart Home Controller brengt de apparaten van verschillende fabrikanten en verschillende standaard protocollen met elkaar in verbinding en maakt zo gezamenlijk gebruik mogelijk. Zij hebben de digitalisering en verdere ontwikkeling van onafhankelijke en holistische technologie\u00ebn in de woning tot hun belangrijkste [&hellip;]\" \/>\n<meta property=\"og:url\" content=\"https:\/\/www.eltako.com\/nl\/bedrijf\/partners-en-allianties\/wibutler\/\" \/>\n<meta property=\"og:site_name\" content=\"Eltako\" \/>\n<meta property=\"article:modified_time\" content=\"2024-10-04T10:02:30+00:00\" \/>\n<meta property=\"og:image\" content=\"https:\/\/www.eltako.com\/wp-content\/uploads\/2022\/02\/partner-und-allianzen_headerbild_wibutler.png\" \/>\n\t<meta property=\"og:image:width\" content=\"1800\" \/>\n\t<meta property=\"og:image:height\" content=\"800\" \/>\n\t<meta property=\"og:image:type\" content=\"image\/png\" \/>\n<meta name=\"twitter:card\" content=\"summary_large_image\" \/>\n<meta name=\"twitter:label1\" content=\"Geschatte leestijd\" \/>\n\t<meta name=\"twitter:data1\" content=\"4 minuten\" \/>\n<script type=\"application\/ld+json\" class=\"yoast-schema-graph\">{\"@context\":\"https:\/\/schema.org\",\"@graph\":[{\"@type\":\"WebPage\",\"@id\":\"https:\/\/www.eltako.com\/nl\/bedrijf\/partners-en-allianties\/wibutler\/\",\"url\":\"https:\/\/www.eltako.com\/nl\/bedrijf\/partners-en-allianties\/wibutler\/\",\"name\":\"Wibutler &#187; Eltako\",\"isPartOf\":{\"@id\":\"https:\/\/www.eltako.com\/en\/#website\"},\"primaryImageOfPage\":{\"@id\":\"https:\/\/www.eltako.com\/nl\/bedrijf\/partners-en-allianties\/wibutler\/#primaryimage\"},\"image\":{\"@id\":\"https:\/\/www.eltako.com\/nl\/bedrijf\/partners-en-allianties\/wibutler\/#primaryimage\"},\"thumbnailUrl\":\"https:\/\/www.eltako.com\/wp-content\/uploads\/2022\/02\/partner-und-allianzen_headerbild_wibutler.png\",\"datePublished\":\"2022-03-07T12:53:13+00:00\",\"dateModified\":\"2024-10-04T10:02:30+00:00\",\"breadcrumb\":{\"@id\":\"https:\/\/www.eltako.com\/nl\/bedrijf\/partners-en-allianties\/wibutler\/#breadcrumb\"},\"inLanguage\":\"nl-NL\",\"potentialAction\":[{\"@type\":\"ReadAction\",\"target\":[\"https:\/\/www.eltako.com\/nl\/bedrijf\/partners-en-allianties\/wibutler\/\"]}]},{\"@type\":\"ImageObject\",\"inLanguage\":\"nl-NL\",\"@id\":\"https:\/\/www.eltako.com\/nl\/bedrijf\/partners-en-allianties\/wibutler\/#primaryimage\",\"url\":\"https:\/\/www.eltako.com\/wp-content\/uploads\/2022\/02\/partner-und-allianzen_headerbild_wibutler.png\",\"contentUrl\":\"https:\/\/www.eltako.com\/wp-content\/uploads\/2022\/02\/partner-und-allianzen_headerbild_wibutler.png\",\"width\":1800,\"height\":800},{\"@type\":\"BreadcrumbList\",\"@id\":\"https:\/\/www.eltako.com\/nl\/bedrijf\/partners-en-allianties\/wibutler\/#breadcrumb\",\"itemListElement\":[{\"@type\":\"ListItem\",\"position\":1,\"name\":\"Home\",\"item\":\"https:\/\/www.eltako.com\/nl\/\"},{\"@type\":\"ListItem\",\"position\":2,\"name\":\"Bedrijf\",\"item\":\"https:\/\/www.eltako.com\/nl\/bedrijf\/\"},{\"@type\":\"ListItem\",\"position\":3,\"name\":\"Partners en allianties\",\"item\":\"https:\/\/www.eltako.com\/nl\/bedrijf\/partners-en-allianties\/\"},{\"@type\":\"ListItem\",\"position\":4,\"name\":\"Wibutler\"}]},{\"@type\":\"WebSite\",\"@id\":\"https:\/\/www.eltako.com\/en\/#website\",\"url\":\"https:\/\/www.eltako.com\/en\/\",\"name\":\"Eltako\",\"description\":\"Schaltger\u00e4te, Netzteile, Stromz\u00e4hler, Dimmer, Geb\u00e4udeinstallation, Steuerungstechnik, Smart Home-L\u00f6sungen, Geb\u00e4udefunk, EnOcean-Technologie\",\"potentialAction\":[{\"@type\":\"SearchAction\",\"target\":{\"@type\":\"EntryPoint\",\"urlTemplate\":\"https:\/\/www.eltako.com\/en\/?s={search_term_string}\"},\"query-input\":{\"@type\":\"PropertyValueSpecification\",\"valueRequired\":true,\"valueName\":\"search_term_string\"}}],\"inLanguage\":\"nl-NL\"}]}<\/script>\n<!-- \/ Yoast SEO plugin. -->","yoast_head_json":{"title":"Wibutler &#187; Eltako","robots":{"index":"index","follow":"follow","max-snippet":"max-snippet:-1","max-image-preview":"max-image-preview:large","max-video-preview":"max-video-preview:-1"},"canonical":"https:\/\/www.eltako.com\/nl\/bedrijf\/partners-en-allianties\/wibutler\/","og_locale":"nl_NL","og_type":"article","og_title":"Wibutler &#187; Eltako","og_description":"De wibutler pro controller werd in 2015 in Duitsland op de markt gebracht. De Smart Home Controller brengt de apparaten van verschillende fabrikanten en verschillende standaard protocollen met elkaar in verbinding en maakt zo gezamenlijk gebruik mogelijk. Zij hebben de digitalisering en verdere ontwikkeling van onafhankelijke en holistische technologie\u00ebn in de woning tot hun belangrijkste [&hellip;]","og_url":"https:\/\/www.eltako.com\/nl\/bedrijf\/partners-en-allianties\/wibutler\/","og_site_name":"Eltako","article_modified_time":"2024-10-04T10:02:30+00:00","og_image":[{"width":1800,"height":800,"url":"https:\/\/www.eltako.com\/wp-content\/uploads\/2022\/02\/partner-und-allianzen_headerbild_wibutler.png","type":"image\/png"}],"twitter_card":"summary_large_image","twitter_misc":{"Geschatte leestijd":"4 minuten"},"schema":{"@context":"https:\/\/schema.org","@graph":[{"@type":"WebPage","@id":"https:\/\/www.eltako.com\/nl\/bedrijf\/partners-en-allianties\/wibutler\/","url":"https:\/\/www.eltako.com\/nl\/bedrijf\/partners-en-allianties\/wibutler\/","name":"Wibutler &#187; Eltako","isPartOf":{"@id":"https:\/\/www.eltako.com\/en\/#website"},"primaryImageOfPage":{"@id":"https:\/\/www.eltako.com\/nl\/bedrijf\/partners-en-allianties\/wibutler\/#primaryimage"},"image":{"@id":"https:\/\/www.eltako.com\/nl\/bedrijf\/partners-en-allianties\/wibutler\/#primaryimage"},"thumbnailUrl":"https:\/\/www.eltako.com\/wp-content\/uploads\/2022\/02\/partner-und-allianzen_headerbild_wibutler.png","datePublished":"2022-03-07T12:53:13+00:00","dateModified":"2024-10-04T10:02:30+00:00","breadcrumb":{"@id":"https:\/\/www.eltako.com\/nl\/bedrijf\/partners-en-allianties\/wibutler\/#breadcrumb"},"inLanguage":"nl-NL","potentialAction":[{"@type":"ReadAction","target":["https:\/\/www.eltako.com\/nl\/bedrijf\/partners-en-allianties\/wibutler\/"]}]},{"@type":"ImageObject","inLanguage":"nl-NL","@id":"https:\/\/www.eltako.com\/nl\/bedrijf\/partners-en-allianties\/wibutler\/#primaryimage","url":"https:\/\/www.eltako.com\/wp-content\/uploads\/2022\/02\/partner-und-allianzen_headerbild_wibutler.png","contentUrl":"https:\/\/www.eltako.com\/wp-content\/uploads\/2022\/02\/partner-und-allianzen_headerbild_wibutler.png","width":1800,"height":800},{"@type":"BreadcrumbList","@id":"https:\/\/www.eltako.com\/nl\/bedrijf\/partners-en-allianties\/wibutler\/#breadcrumb","itemListElement":[{"@type":"ListItem","position":1,"name":"Home","item":"https:\/\/www.eltako.com\/nl\/"},{"@type":"ListItem","position":2,"name":"Bedrijf","item":"https:\/\/www.eltako.com\/nl\/bedrijf\/"},{"@type":"ListItem","position":3,"name":"Partners en allianties","item":"https:\/\/www.eltako.com\/nl\/bedrijf\/partners-en-allianties\/"},{"@type":"ListItem","position":4,"name":"Wibutler"}]},{"@type":"WebSite","@id":"https:\/\/www.eltako.com\/en\/#website","url":"https:\/\/www.eltako.com\/en\/","name":"Eltako","description":"Schaltger\u00e4te, Netzteile, Stromz\u00e4hler, Dimmer, Geb\u00e4udeinstallation, Steuerungstechnik, Smart Home-L\u00f6sungen, Geb\u00e4udefunk, EnOcean-Technologie","potentialAction":[{"@type":"SearchAction","target":{"@type":"EntryPoint","urlTemplate":"https:\/\/www.eltako.com\/en\/?s={search_term_string}"},"query-input":{"@type":"PropertyValueSpecification","valueRequired":true,"valueName":"search_term_string"}}],"inLanguage":"nl-NL"}]}},"_links":{"self":[{"href":"https:\/\/www.eltako.com\/nl\/wp-json\/wp\/v2\/pages\/62112","targetHints":{"allow":["GET"]}}],"collection":[{"href":"https:\/\/www.eltako.com\/nl\/wp-json\/wp\/v2\/pages"}],"about":[{"href":"https:\/\/www.eltako.com\/nl\/wp-json\/wp\/v2\/types\/page"}],"author":[{"embeddable":true,"href":"https:\/\/www.eltako.com\/nl\/wp-json\/wp\/v2\/users\/31"}],"replies":[{"embeddable":true,"href":"https:\/\/www.eltako.com\/nl\/wp-json\/wp\/v2\/comments?post=62112"}],"version-history":[{"count":2,"href":"https:\/\/www.eltako.com\/nl\/wp-json\/wp\/v2\/pages\/62112\/revisions"}],"predecessor-version":[{"id":142407,"href":"https:\/\/www.eltako.com\/nl\/wp-json\/wp\/v2\/pages\/62112\/revisions\/142407"}],"up":[{"embeddable":true,"href":"https:\/\/www.eltako.com\/nl\/wp-json\/wp\/v2\/pages\/62732"}],"wp:featuredmedia":[{"embeddable":true,"href":"https:\/\/www.eltako.com\/nl\/wp-json\/wp\/v2\/media\/61432"}],"wp:attachment":[{"href":"https:\/\/www.eltako.com\/nl\/wp-json\/wp\/v2\/media?parent=62112"}],"curies":[{"name":"wp","href":"https:\/\/api.w.org\/{rel}","templated":true}]}}