{"id":62078,"date":"2022-03-07T13:44:28","date_gmt":"2022-03-07T12:44:28","guid":{"rendered":"https:\/\/betax923lb8kd7v0.eltako.de\/minisafe2-en-gfa5\/"},"modified":"2025-03-07T09:36:32","modified_gmt":"2025-03-07T08:36:32","slug":"minisafe2-en-gfa5","status":"publish","type":"page","link":"https:\/\/www.eltako.com\/nl\/minisafe2-en-gfa5\/","title":{"rendered":"MiniSafe2 en GFA5"},"content":{"rendered":"\n<div style=\"height:100px\" aria-hidden=\"true\" class=\"wp-block-spacer\"><\/div>\n\n\n\n<div class=\"wp-block-columns is-layout-flex wp-container-core-columns-is-layout-9d6595d7 wp-block-columns-is-layout-flex\">\n<div class=\"wp-block-column is-layout-flow wp-block-column-is-layout-flow\"><div class=\"wp-block-image\">\n<figure class=\"aligncenter size-large is-resized\"><img decoding=\"async\" width=\"824\" height=\"1024\" src=\"https:\/\/prod.wxccizj.de\/wp-content\/uploads\/2021\/08\/phones-824x1024.png\" alt=\"\" class=\"wp-image-22748\" style=\"width:494px;height:615px\" srcset=\"https:\/\/www.eltako.com\/wp-content\/uploads\/2021\/08\/phones-824x1024.png 824w, https:\/\/www.eltako.com\/wp-content\/uploads\/2021\/08\/phones-241x300.png 241w, https:\/\/www.eltako.com\/wp-content\/uploads\/2021\/08\/phones-768x954.png 768w, https:\/\/www.eltako.com\/wp-content\/uploads\/2021\/08\/phones-600x746.png 600w, https:\/\/www.eltako.com\/wp-content\/uploads\/2021\/08\/phones.png 1236w\" sizes=\"(max-width: 824px) 100vw, 824px\" \/><\/figure>\n<\/div><\/div>\n\n\n\n<div class=\"wp-block-column bg-primary text-white pl-4 pr-4 is-layout-flow wp-block-column-is-layout-flow\">\n<div style=\"height:38px\" aria-hidden=\"true\" class=\"wp-block-spacer\"><\/div>\n\n\n\n<h2 class=\"wp-block-heading\" style=\"font-size:40px\"><strong>De nieuwe GFA5 app voldoet aan de MiniSafe<\/strong> <\/h2>\n\n\n\n<div style=\"height:20px\" aria-hidden=\"true\" class=\"wp-block-spacer\"><\/div>\n\n\n\n<p class=\"has-medium-font-size\">De MiniSafe2 is er en daarmee ook de nieuwe GFA5 app. Deze Smart Home controller is de optimale instap in de wereld van intelligente gebouwbesturing. Hij biedt intu\u00eftieve bediening, een modern ontwerp en uitgebreide compatibiliteit. De nieuwe app wordt gebruikt om de aangesloten Professional Smart Home producten te bedienen en te beheren. Het is beschikbaar voor iOS- en Android-apparaten en maakt ook spraakbesturing via Google en Amazon mogelijk. Dankzij de gebruiksvriendelijke interface vindt u snel uw weg en kunt u persoonlijke instellingen en sc\u00e8nes op elk moment eenvoudig opslaan, oproepen en wijzigen.  <\/p>\n\n\n\n<div style=\"height:20px\" aria-hidden=\"true\" class=\"wp-block-spacer\"><\/div>\n\n\n\n<div class=\"wp-block-buttons is-layout-flex wp-block-buttons-is-layout-flex\"><\/div>\n\n\n\n\n\n<div style=\"height:30px\" aria-hidden=\"true\" class=\"wp-block-spacer\"><\/div>\n\n\n\n<div class=\"wp-block-columns is-layout-flex wp-container-core-columns-is-layout-9d6595d7 wp-block-columns-is-layout-flex\">\n<div class=\"wp-block-column is-layout-flow wp-block-column-is-layout-flow\">\n<figure class=\"wp-block-image size-full is-resized\"><a href=\"https:\/\/apps.apple.com\/de\/app\/eltako-gfa5\/id1555852467\"><img decoding=\"async\" width=\"600\" height=\"180\" src=\"https:\/\/prod.wxccizj.de\/wp-content\/uploads\/2021\/08\/app.png\" alt=\"\" class=\"wp-image-22784\" style=\"width:150px;height:45px\" srcset=\"https:\/\/www.eltako.com\/wp-content\/uploads\/2021\/08\/app.png 600w, https:\/\/www.eltako.com\/wp-content\/uploads\/2021\/08\/app-300x90.png 300w\" sizes=\"(max-width: 600px) 100vw, 600px\" \/><\/a><\/figure>\n<\/div>\n\n\n\n<div class=\"wp-block-column is-layout-flow wp-block-column-is-layout-flow\">\n<figure class=\"wp-block-image size-full is-resized\"><a href=\"https:\/\/play.google.com\/store\/apps\/details?id=com.eltako.gfa5&amp;hl=de&amp;gl=US\"><img decoding=\"async\" width=\"600\" height=\"180\" src=\"https:\/\/prod.wxccizj.de\/wp-content\/uploads\/2021\/08\/google.png\" alt=\"\" class=\"wp-image-22792\" style=\"width:150px;height:45px\" srcset=\"https:\/\/www.eltako.com\/wp-content\/uploads\/2021\/08\/google.png 600w, https:\/\/www.eltako.com\/wp-content\/uploads\/2021\/08\/google-300x90.png 300w\" sizes=\"(max-width: 600px) 100vw, 600px\" \/><\/a><\/figure>\n<\/div>\n<\/div>\n\n\n\n<div class=\"wp-block-buttons is-layout-flex wp-block-buttons-is-layout-flex\"><\/div>\n<\/div>\n<\/div>\n\n\n\n<div style=\"height:40px\" aria-hidden=\"true\" class=\"wp-block-spacer\"><\/div>\n\n\n\n<div class=\"wp-block-columns is-layout-flex wp-container-core-columns-is-layout-9d6595d7 wp-block-columns-is-layout-flex\">\n<div class=\"wp-block-column is-layout-flow wp-block-column-is-layout-flow\">\n<a href=\"https:\/\/www.eltako.com\/en\/controller-firmware-update\/\" class=\"text-uppercase font-weight-bold btn text-white p-3 mt-1 mb-1 w-100\" style=\"background : #016db7; font-size:20px\">Firmware bijwerken<\/a>\n\n\n\n<a href=\"https:\/\/www.eltako.com\/nl\/catalog\/products\/266\/minisafe2\/\" class=\"btn font-weight-bold text-white mt-1 mb-1 p-3 w-100 text-uppercase\" style=\"background : #016db7; font-size:20px\">naar de MiniSafe2<\/a>\n<\/div>\n\n\n\n<div class=\"wp-block-column is-layout-flow wp-block-column-is-layout-flow\">\n<a href=\"https:\/\/www.eltako.com\/fileadmin\/downloads\/nl\/brochure\/GFA5-App-Prospekt_nl_2022_09_Internet.pdf\" class=\"text-uppercase font-weight-bold btn text-white mt-1 mb-1 p-3 w-100\" style=\"background : #016db7; font-size:20px\">Gegevensblad  <\/a>\n\n\n\n<a href=\"https:\/\/www.eltako.com\/be\/catalog\/products\/267\/minisafe2-reg\" class=\"btn font-weight-bold text-white mt-1 mb-1 p-3 w-100 text-uppercase\" style=\"background : #016db7; font-size:20px\">naar de MiniSafe2-REG<\/a>\n<\/div>\n\n\n\n<div class=\"wp-block-column is-layout-flow wp-block-column-is-layout-flow\"><\/div>\n<\/div>\n\n\n\n<div style=\"height:50px\" aria-hidden=\"true\" class=\"wp-block-spacer\"><\/div>\n\n\n\n<figure class=\"wp-block-image size-large\"><img decoding=\"async\" width=\"1024\" height=\"469\" src=\"https:\/\/www.eltako.com\/wp-content\/uploads\/2022\/11\/Eltako_Website_Content-Bilder-Landingpage_MiniSafe2-GFA-App_NL-1024x469.png\" alt=\"\" class=\"wp-image-122205\" srcset=\"https:\/\/www.eltako.com\/wp-content\/uploads\/2022\/11\/Eltako_Website_Content-Bilder-Landingpage_MiniSafe2-GFA-App_NL-1024x469.png 1024w, https:\/\/www.eltako.com\/wp-content\/uploads\/2022\/11\/Eltako_Website_Content-Bilder-Landingpage_MiniSafe2-GFA-App_NL-300x138.png 300w, https:\/\/www.eltako.com\/wp-content\/uploads\/2022\/11\/Eltako_Website_Content-Bilder-Landingpage_MiniSafe2-GFA-App_NL-768x352.png 768w, https:\/\/www.eltako.com\/wp-content\/uploads\/2022\/11\/Eltako_Website_Content-Bilder-Landingpage_MiniSafe2-GFA-App_NL-1536x704.png 1536w, https:\/\/www.eltako.com\/wp-content\/uploads\/2022\/11\/Eltako_Website_Content-Bilder-Landingpage_MiniSafe2-GFA-App_NL-600x275.png 600w, https:\/\/www.eltako.com\/wp-content\/uploads\/2022\/11\/Eltako_Website_Content-Bilder-Landingpage_MiniSafe2-GFA-App_NL.png 1920w\" sizes=\"(max-width: 1024px) 100vw, 1024px\" \/><\/figure>\n\n\n\n<div style=\"height:60px\" aria-hidden=\"true\" class=\"wp-block-spacer\"><\/div>\n\n\n\n<div class=\"wp-block-columns is-layout-flex wp-container-core-columns-is-layout-9d6595d7 wp-block-columns-is-layout-flex\">\n<div class=\"wp-block-column is-layout-flow wp-block-column-is-layout-flow\">\n <div class=\"brlbs-cmpnt-container brlbs-cmpnt-content-blocker brlbs-cmpnt-with-individual-styles\" data-borlabs-cookie-content-blocker-id=\"youtube-content-blocker\" data-borlabs-cookie-content=\"PGlmcmFtZSBzcmM9Imh0dHBzOi8vd3d3LnlvdXR1YmUtbm9jb29raWUuY29tL2VtYmVkL1c5MlhQQl90dHowIiB3aWR0aD0iMTAwJSIgaGVpZ2h0PSIzMTUiIGZyYW1lYm9yZGVyPSIwIj48L2lmcmFtZT4=\"><div class=\"brlbs-cmpnt-cb-preset-c brlbs-cmpnt-cb-youtube\"> <div class=\"brlbs-cmpnt-cb-thumbnail\" style=\"background-image: url('https:\/\/www.eltako.com\/wp-content\/uploads\/borlabs-cookie\/1\/yt_W92XPB_ttz0_hqdefault.jpg')\"><\/div> <div class=\"brlbs-cmpnt-cb-main\"> <div class=\"brlbs-cmpnt-cb-play-button\"><\/div> <div class=\"brlbs-cmpnt-cb-content\"> <p class=\"brlbs-cmpnt-cb-description\">U bekijkt momenteel inhoud van een plaatshouder van <strong>YouTube<\/strong>. Klik op de knop hieronder om de volledige inhoud te bekijken. Houd er rekening mee dat u op deze manier gegevens deelt met providers van derden.<\/p> <a class=\"brlbs-cmpnt-cb-provider-toggle\" href=\"#\" data-borlabs-cookie-show-provider-information role=\"button\">Meer informatie<\/a> <\/div> <div class=\"brlbs-cmpnt-cb-buttons\"> <a class=\"brlbs-cmpnt-cb-btn\" href=\"#\" data-borlabs-cookie-unblock role=\"button\">Inhoud deblokkeren<\/a> <a class=\"brlbs-cmpnt-cb-btn\" href=\"#\" data-borlabs-cookie-accept-service role=\"button\" style=\"display: inherit\">Vereiste service accepteren en inhouden deblokkeren<\/a> <\/div> <\/div> <\/div><\/div>\n<\/div>\n\n\n\n<div class=\"wp-block-column is-layout-flow wp-block-column-is-layout-flow\">\n <div class=\"brlbs-cmpnt-container brlbs-cmpnt-content-blocker brlbs-cmpnt-with-individual-styles\" data-borlabs-cookie-content-blocker-id=\"youtube-content-blocker\" data-borlabs-cookie-content=\"PGlmcmFtZSBzcmM9Imh0dHBzOi8vd3d3LnlvdXR1YmUtbm9jb29raWUuY29tL2VtYmVkL0hkTGZSWkNMeEYwIiB0aXRsZT0iWW91VHViZS12aWRlb3NwZWxlciIgYWxsb3c9ImFjY2VsZXJvbWV0ZXI7IGNsaXBib2FyZC13cml0ZTsgZW5jcnlwdGVkLW1lZGlhOyBneXJvc2NvcGU7IHBpY3R1cmUtaW4tcGljdHVyZSIgYWxsb3dmdWxsc2NyZWVuPSIiIHdpZHRoPSIxMDAlIiBoZWlnaHQ9IjMxNSIgZnJhbWVib3JkZXI9IjAiPjwvaWZyYW1lPg==\"><div class=\"brlbs-cmpnt-cb-preset-c brlbs-cmpnt-cb-youtube\"> <div class=\"brlbs-cmpnt-cb-thumbnail\" style=\"background-image: url('https:\/\/www.eltako.com\/wp-content\/uploads\/borlabs-cookie\/1\/yt_HdLfRZCLxF0_hqdefault.jpg')\"><\/div> <div class=\"brlbs-cmpnt-cb-main\"> <div class=\"brlbs-cmpnt-cb-play-button\"><\/div> <div class=\"brlbs-cmpnt-cb-content\"> <p class=\"brlbs-cmpnt-cb-description\">U bekijkt momenteel inhoud van een plaatshouder van <strong>YouTube<\/strong>. Klik op de knop hieronder om de volledige inhoud te bekijken. Houd er rekening mee dat u op deze manier gegevens deelt met providers van derden.<\/p> <a class=\"brlbs-cmpnt-cb-provider-toggle\" href=\"#\" data-borlabs-cookie-show-provider-information role=\"button\">Meer informatie<\/a> <\/div> <div class=\"brlbs-cmpnt-cb-buttons\"> <a class=\"brlbs-cmpnt-cb-btn\" href=\"#\" data-borlabs-cookie-unblock role=\"button\">Inhoud deblokkeren<\/a> <a class=\"brlbs-cmpnt-cb-btn\" href=\"#\" data-borlabs-cookie-accept-service role=\"button\" style=\"display: inherit\">Vereiste service accepteren en inhouden deblokkeren<\/a> <\/div> <\/div> <\/div><\/div>\n<\/div>\n<\/div>\n","protected":false},"excerpt":{"rendered":"<p>De nieuwe GFA5 app voldoet aan de MiniSafe De MiniSafe2 is er en daarmee ook de nieuwe GFA5 app. Deze Smart Home controller is de optimale instap in de wereld van intelligente gebouwbesturing. Hij biedt intu\u00eftieve bediening, een modern ontwerp en uitgebreide compatibiliteit. De nieuwe app wordt gebruikt om de aangesloten Professional Smart Home producten [&hellip;]<\/p>\n","protected":false},"author":31,"featured_media":23505,"parent":0,"menu_order":0,"comment_status":"closed","ping_status":"closed","template":"templates\/padding_header.php","meta":{"_acf_changed":false,"footnotes":"","_links_to":"","_links_to_target":""},"class_list":["post-62078","page","type-page","status-publish","has-post-thumbnail","hentry"],"acf":[],"yoast_head":"<!-- This site is optimized with the Yoast SEO plugin v27.2 - https:\/\/yoast.com\/product\/yoast-seo-wordpress\/ -->\n<title>MiniSafe2 en GFA5 &#187; Eltako<\/title>\n<meta name=\"robots\" content=\"index, follow, max-snippet:-1, max-image-preview:large, max-video-preview:-1\" \/>\n<link rel=\"canonical\" href=\"https:\/\/www.eltako.com\/nl\/minisafe2-en-gfa5\/\" \/>\n<meta property=\"og:locale\" content=\"nl_NL\" \/>\n<meta property=\"og:type\" content=\"article\" \/>\n<meta property=\"og:title\" content=\"MiniSafe2 en GFA5 &#187; Eltako\" \/>\n<meta property=\"og:description\" content=\"De nieuwe GFA5 app voldoet aan de MiniSafe De MiniSafe2 is er en daarmee ook de nieuwe GFA5 app. Deze Smart Home controller is de optimale instap in de wereld van intelligente gebouwbesturing. Hij biedt intu\u00eftieve bediening, een modern ontwerp en uitgebreide compatibiliteit. De nieuwe app wordt gebruikt om de aangesloten Professional Smart Home producten [&hellip;]\" \/>\n<meta property=\"og:url\" content=\"https:\/\/www.eltako.com\/nl\/minisafe2-en-gfa5\/\" \/>\n<meta property=\"og:site_name\" content=\"Eltako\" \/>\n<meta property=\"article:modified_time\" content=\"2025-03-07T08:36:32+00:00\" \/>\n<meta property=\"og:image\" content=\"https:\/\/www.eltako.com\/wp-content\/uploads\/2021\/09\/gfa5.jpg\" \/>\n\t<meta property=\"og:image:width\" content=\"3584\" \/>\n\t<meta property=\"og:image:height\" content=\"1304\" \/>\n\t<meta property=\"og:image:type\" content=\"image\/jpeg\" \/>\n<meta name=\"twitter:card\" content=\"summary_large_image\" \/>\n<meta name=\"twitter:label1\" content=\"Geschatte leestijd\" \/>\n\t<meta name=\"twitter:data1\" content=\"2 minuten\" \/>\n<script type=\"application\/ld+json\" class=\"yoast-schema-graph\">{\"@context\":\"https:\/\/schema.org\",\"@graph\":[{\"@type\":\"WebPage\",\"@id\":\"https:\/\/www.eltako.com\/nl\/minisafe2-en-gfa5\/\",\"url\":\"https:\/\/www.eltako.com\/nl\/minisafe2-en-gfa5\/\",\"name\":\"MiniSafe2 en GFA5 &#187; Eltako\",\"isPartOf\":{\"@id\":\"https:\/\/www.eltako.com\/en\/#website\"},\"primaryImageOfPage\":{\"@id\":\"https:\/\/www.eltako.com\/nl\/minisafe2-en-gfa5\/#primaryimage\"},\"image\":{\"@id\":\"https:\/\/www.eltako.com\/nl\/minisafe2-en-gfa5\/#primaryimage\"},\"thumbnailUrl\":\"https:\/\/www.eltako.com\/wp-content\/uploads\/2021\/09\/gfa5.jpg\",\"datePublished\":\"2022-03-07T12:44:28+00:00\",\"dateModified\":\"2025-03-07T08:36:32+00:00\",\"breadcrumb\":{\"@id\":\"https:\/\/www.eltako.com\/nl\/minisafe2-en-gfa5\/#breadcrumb\"},\"inLanguage\":\"nl-NL\",\"potentialAction\":[{\"@type\":\"ReadAction\",\"target\":[\"https:\/\/www.eltako.com\/nl\/minisafe2-en-gfa5\/\"]}]},{\"@type\":\"ImageObject\",\"inLanguage\":\"nl-NL\",\"@id\":\"https:\/\/www.eltako.com\/nl\/minisafe2-en-gfa5\/#primaryimage\",\"url\":\"https:\/\/www.eltako.com\/wp-content\/uploads\/2021\/09\/gfa5.jpg\",\"contentUrl\":\"https:\/\/www.eltako.com\/wp-content\/uploads\/2021\/09\/gfa5.jpg\",\"width\":3584,\"height\":1304},{\"@type\":\"BreadcrumbList\",\"@id\":\"https:\/\/www.eltako.com\/nl\/minisafe2-en-gfa5\/#breadcrumb\",\"itemListElement\":[{\"@type\":\"ListItem\",\"position\":1,\"name\":\"Home\",\"item\":\"https:\/\/www.eltako.com\/nl\/\"},{\"@type\":\"ListItem\",\"position\":2,\"name\":\"MiniSafe2 en GFA5\"}]},{\"@type\":\"WebSite\",\"@id\":\"https:\/\/www.eltako.com\/en\/#website\",\"url\":\"https:\/\/www.eltako.com\/en\/\",\"name\":\"Eltako\",\"description\":\"Schaltger\u00e4te, Netzteile, Stromz\u00e4hler, Dimmer, Geb\u00e4udeinstallation, Steuerungstechnik, Smart Home-L\u00f6sungen, Geb\u00e4udefunk, EnOcean-Technologie\",\"potentialAction\":[{\"@type\":\"SearchAction\",\"target\":{\"@type\":\"EntryPoint\",\"urlTemplate\":\"https:\/\/www.eltako.com\/en\/?s={search_term_string}\"},\"query-input\":{\"@type\":\"PropertyValueSpecification\",\"valueRequired\":true,\"valueName\":\"search_term_string\"}}],\"inLanguage\":\"nl-NL\"}]}<\/script>\n<!-- \/ Yoast SEO plugin. -->","yoast_head_json":{"title":"MiniSafe2 en GFA5 &#187; Eltako","robots":{"index":"index","follow":"follow","max-snippet":"max-snippet:-1","max-image-preview":"max-image-preview:large","max-video-preview":"max-video-preview:-1"},"canonical":"https:\/\/www.eltako.com\/nl\/minisafe2-en-gfa5\/","og_locale":"nl_NL","og_type":"article","og_title":"MiniSafe2 en GFA5 &#187; Eltako","og_description":"De nieuwe GFA5 app voldoet aan de MiniSafe De MiniSafe2 is er en daarmee ook de nieuwe GFA5 app. Deze Smart Home controller is de optimale instap in de wereld van intelligente gebouwbesturing. Hij biedt intu\u00eftieve bediening, een modern ontwerp en uitgebreide compatibiliteit. De nieuwe app wordt gebruikt om de aangesloten Professional Smart Home producten [&hellip;]","og_url":"https:\/\/www.eltako.com\/nl\/minisafe2-en-gfa5\/","og_site_name":"Eltako","article_modified_time":"2025-03-07T08:36:32+00:00","og_image":[{"width":3584,"height":1304,"url":"https:\/\/www.eltako.com\/wp-content\/uploads\/2021\/09\/gfa5.jpg","type":"image\/jpeg"}],"twitter_card":"summary_large_image","twitter_misc":{"Geschatte leestijd":"2 minuten"},"schema":{"@context":"https:\/\/schema.org","@graph":[{"@type":"WebPage","@id":"https:\/\/www.eltako.com\/nl\/minisafe2-en-gfa5\/","url":"https:\/\/www.eltako.com\/nl\/minisafe2-en-gfa5\/","name":"MiniSafe2 en GFA5 &#187; Eltako","isPartOf":{"@id":"https:\/\/www.eltako.com\/en\/#website"},"primaryImageOfPage":{"@id":"https:\/\/www.eltako.com\/nl\/minisafe2-en-gfa5\/#primaryimage"},"image":{"@id":"https:\/\/www.eltako.com\/nl\/minisafe2-en-gfa5\/#primaryimage"},"thumbnailUrl":"https:\/\/www.eltako.com\/wp-content\/uploads\/2021\/09\/gfa5.jpg","datePublished":"2022-03-07T12:44:28+00:00","dateModified":"2025-03-07T08:36:32+00:00","breadcrumb":{"@id":"https:\/\/www.eltako.com\/nl\/minisafe2-en-gfa5\/#breadcrumb"},"inLanguage":"nl-NL","potentialAction":[{"@type":"ReadAction","target":["https:\/\/www.eltako.com\/nl\/minisafe2-en-gfa5\/"]}]},{"@type":"ImageObject","inLanguage":"nl-NL","@id":"https:\/\/www.eltako.com\/nl\/minisafe2-en-gfa5\/#primaryimage","url":"https:\/\/www.eltako.com\/wp-content\/uploads\/2021\/09\/gfa5.jpg","contentUrl":"https:\/\/www.eltako.com\/wp-content\/uploads\/2021\/09\/gfa5.jpg","width":3584,"height":1304},{"@type":"BreadcrumbList","@id":"https:\/\/www.eltako.com\/nl\/minisafe2-en-gfa5\/#breadcrumb","itemListElement":[{"@type":"ListItem","position":1,"name":"Home","item":"https:\/\/www.eltako.com\/nl\/"},{"@type":"ListItem","position":2,"name":"MiniSafe2 en GFA5"}]},{"@type":"WebSite","@id":"https:\/\/www.eltako.com\/en\/#website","url":"https:\/\/www.eltako.com\/en\/","name":"Eltako","description":"Schaltger\u00e4te, Netzteile, Stromz\u00e4hler, Dimmer, Geb\u00e4udeinstallation, Steuerungstechnik, Smart Home-L\u00f6sungen, Geb\u00e4udefunk, EnOcean-Technologie","potentialAction":[{"@type":"SearchAction","target":{"@type":"EntryPoint","urlTemplate":"https:\/\/www.eltako.com\/en\/?s={search_term_string}"},"query-input":{"@type":"PropertyValueSpecification","valueRequired":true,"valueName":"search_term_string"}}],"inLanguage":"nl-NL"}]}},"_links":{"self":[{"href":"https:\/\/www.eltako.com\/nl\/wp-json\/wp\/v2\/pages\/62078","targetHints":{"allow":["GET"]}}],"collection":[{"href":"https:\/\/www.eltako.com\/nl\/wp-json\/wp\/v2\/pages"}],"about":[{"href":"https:\/\/www.eltako.com\/nl\/wp-json\/wp\/v2\/types\/page"}],"author":[{"embeddable":true,"href":"https:\/\/www.eltako.com\/nl\/wp-json\/wp\/v2\/users\/31"}],"replies":[{"embeddable":true,"href":"https:\/\/www.eltako.com\/nl\/wp-json\/wp\/v2\/comments?post=62078"}],"version-history":[{"count":5,"href":"https:\/\/www.eltako.com\/nl\/wp-json\/wp\/v2\/pages\/62078\/revisions"}],"predecessor-version":[{"id":144385,"href":"https:\/\/www.eltako.com\/nl\/wp-json\/wp\/v2\/pages\/62078\/revisions\/144385"}],"wp:featuredmedia":[{"embeddable":true,"href":"https:\/\/www.eltako.com\/nl\/wp-json\/wp\/v2\/media\/23505"}],"wp:attachment":[{"href":"https:\/\/www.eltako.com\/nl\/wp-json\/wp\/v2\/media?parent=62078"}],"curies":[{"name":"wp","href":"https:\/\/api.w.org\/{rel}","templated":true}]}}