{"id":31822,"date":"2022-01-26T21:38:34","date_gmt":"2022-01-26T20:38:34","guid":{"rendered":"https:\/\/betax923lb8kd7v0.eltako.de\/vrienden-van-hue\/"},"modified":"2024-07-17T12:04:57","modified_gmt":"2024-07-17T10:04:57","slug":"vrienden-van-hue","status":"publish","type":"page","link":"https:\/\/www.eltako.com\/nl\/bedrijf\/partners-en-allianties\/vrienden-van-hue\/","title":{"rendered":"Friends of Hue"},"content":{"rendered":"\n<h2 class=\"wp-block-heading\">Friends of Hue<\/h2>\n\n<div style=\"height:50px\" aria-hidden=\"true\" class=\"wp-block-spacer\"><\/div>\n\n<figure class=\"wp-block-image size-large\"><img decoding=\"async\" width=\"1024\" height=\"577\" src=\"https:\/\/www.eltako.com\/wp-content\/uploads\/2021\/09\/foh-1-1024x577.jpg\" alt=\"\" class=\"wp-image-23430\" srcset=\"https:\/\/www.eltako.com\/wp-content\/uploads\/2021\/09\/foh-1-1024x577.jpg 1024w, https:\/\/www.eltako.com\/wp-content\/uploads\/2021\/09\/foh-1-300x169.jpg 300w, https:\/\/www.eltako.com\/wp-content\/uploads\/2021\/09\/foh-1-768x433.jpg 768w, https:\/\/www.eltako.com\/wp-content\/uploads\/2021\/09\/foh-1-600x338.jpg 600w, https:\/\/www.eltako.com\/wp-content\/uploads\/2021\/09\/foh-1.jpg 1500w\" sizes=\"(max-width: 1024px) 100vw, 1024px\" \/><\/figure>\n\n<div style=\"height:50px\" aria-hidden=\"true\" class=\"wp-block-spacer\"><\/div>\n\n<p class=\"has-medium-font-size\">Het Philips &#8220;Friends of Hue&#8221;-programma biedt klanten de mogelijkheid om hun eigen lichtsc\u00e8nes te cre\u00ebren en zowel de helderheid als de kleur naar believen te wijzigen. Hun lampen zijn geschikt voor elke kamer en voor elk type verlichting. Met hun eenvoudige maar chique design en talloze kleurinstellingen passen ze in elk interieur en geven ze het nog meer persoonlijkheid.<\/p>\n\n<p class=\"has-medium-font-size\">Ze laten de gebruiker toe ze rechtstreeks te bedienen via pulsdrukkers of via de smartphone en uiteraard kunnen ze ook met de stem worden bediend. Met onze speciaal voor de &#8220;Friends of Hue&#8221; geproduceerde pulsdrukkers kunnen de armaturen op de klassieke manier worden in- en uitgeschakeld, gedimd of gepersonaliseerde lichtsc\u00e8nes worden opgeroepen. <\/p>\n\n<div style=\"height:80px\" aria-hidden=\"true\" class=\"wp-block-spacer\"><\/div>\n\n<h3 class=\"wp-block-heading\"><strong>ONZE COMPATIBELE PRODUCTEN<\/strong><\/h3>\n\n<div style=\"height:30px\" aria-hidden=\"true\" class=\"wp-block-spacer\"><\/div>\n","protected":false},"excerpt":{"rendered":"<p>Friends of Hue Het Philips &#8220;Friends of Hue&#8221;-programma biedt klanten de mogelijkheid om hun eigen lichtsc\u00e8nes te cre\u00ebren en zowel de helderheid als de kleur naar believen te wijzigen. Hun lampen zijn geschikt voor elke kamer en voor elk type verlichting. Met hun eenvoudige maar chique design en talloze kleurinstellingen passen ze in elk interieur [&hellip;]<\/p>\n","protected":false},"author":31,"featured_media":23288,"parent":62732,"menu_order":2,"comment_status":"closed","ping_status":"closed","template":"templates\/custom_header.php","meta":{"_acf_changed":false,"footnotes":"","_links_to":"","_links_to_target":""},"class_list":["post-31822","page","type-page","status-publish","has-post-thumbnail","hentry"],"acf":[],"yoast_head":"<!-- This site is optimized with the Yoast SEO plugin v27.2 - https:\/\/yoast.com\/product\/yoast-seo-wordpress\/ -->\n<title>Friends of Hue &#187; Eltako<\/title>\n<meta name=\"robots\" content=\"index, follow, max-snippet:-1, max-image-preview:large, max-video-preview:-1\" \/>\n<link rel=\"canonical\" href=\"https:\/\/www.eltako.com\/nl\/bedrijf\/partners-en-allianties\/vrienden-van-hue\/\" \/>\n<meta property=\"og:locale\" content=\"nl_NL\" \/>\n<meta property=\"og:type\" content=\"article\" \/>\n<meta property=\"og:title\" content=\"Friends of Hue &#187; Eltako\" \/>\n<meta property=\"og:description\" content=\"Friends of Hue Het Philips &#8220;Friends of Hue&#8221;-programma biedt klanten de mogelijkheid om hun eigen lichtsc\u00e8nes te cre\u00ebren en zowel de helderheid als de kleur naar believen te wijzigen. Hun lampen zijn geschikt voor elke kamer en voor elk type verlichting. Met hun eenvoudige maar chique design en talloze kleurinstellingen passen ze in elk interieur [&hellip;]\" \/>\n<meta property=\"og:url\" content=\"https:\/\/www.eltako.com\/nl\/bedrijf\/partners-en-allianties\/vrienden-van-hue\/\" \/>\n<meta property=\"og:site_name\" content=\"Eltako\" \/>\n<meta property=\"article:modified_time\" content=\"2024-07-17T10:04:57+00:00\" \/>\n<meta property=\"og:image\" content=\"https:\/\/www.eltako.com\/wp-content\/uploads\/2021\/09\/AdobeStock_314574426.jpeg\" \/>\n\t<meta property=\"og:image:width\" content=\"1920\" \/>\n\t<meta property=\"og:image:height\" content=\"1536\" \/>\n\t<meta property=\"og:image:type\" content=\"image\/jpeg\" \/>\n<meta name=\"twitter:card\" content=\"summary_large_image\" \/>\n<meta name=\"twitter:label1\" content=\"Geschatte leestijd\" \/>\n\t<meta name=\"twitter:data1\" content=\"1 minuut\" \/>\n<script type=\"application\/ld+json\" class=\"yoast-schema-graph\">{\"@context\":\"https:\/\/schema.org\",\"@graph\":[{\"@type\":\"WebPage\",\"@id\":\"https:\/\/www.eltako.com\/nl\/bedrijf\/partners-en-allianties\/vrienden-van-hue\/\",\"url\":\"https:\/\/www.eltako.com\/nl\/bedrijf\/partners-en-allianties\/vrienden-van-hue\/\",\"name\":\"Friends of Hue &#187; Eltako\",\"isPartOf\":{\"@id\":\"https:\/\/www.eltako.com\/en\/#website\"},\"primaryImageOfPage\":{\"@id\":\"https:\/\/www.eltako.com\/nl\/bedrijf\/partners-en-allianties\/vrienden-van-hue\/#primaryimage\"},\"image\":{\"@id\":\"https:\/\/www.eltako.com\/nl\/bedrijf\/partners-en-allianties\/vrienden-van-hue\/#primaryimage\"},\"thumbnailUrl\":\"https:\/\/www.eltako.com\/wp-content\/uploads\/2021\/09\/AdobeStock_314574426.jpeg\",\"datePublished\":\"2022-01-26T20:38:34+00:00\",\"dateModified\":\"2024-07-17T10:04:57+00:00\",\"breadcrumb\":{\"@id\":\"https:\/\/www.eltako.com\/nl\/bedrijf\/partners-en-allianties\/vrienden-van-hue\/#breadcrumb\"},\"inLanguage\":\"nl-NL\",\"potentialAction\":[{\"@type\":\"ReadAction\",\"target\":[\"https:\/\/www.eltako.com\/nl\/bedrijf\/partners-en-allianties\/vrienden-van-hue\/\"]}]},{\"@type\":\"ImageObject\",\"inLanguage\":\"nl-NL\",\"@id\":\"https:\/\/www.eltako.com\/nl\/bedrijf\/partners-en-allianties\/vrienden-van-hue\/#primaryimage\",\"url\":\"https:\/\/www.eltako.com\/wp-content\/uploads\/2021\/09\/AdobeStock_314574426.jpeg\",\"contentUrl\":\"https:\/\/www.eltako.com\/wp-content\/uploads\/2021\/09\/AdobeStock_314574426.jpeg\",\"width\":1920,\"height\":1536},{\"@type\":\"BreadcrumbList\",\"@id\":\"https:\/\/www.eltako.com\/nl\/bedrijf\/partners-en-allianties\/vrienden-van-hue\/#breadcrumb\",\"itemListElement\":[{\"@type\":\"ListItem\",\"position\":1,\"name\":\"Home\",\"item\":\"https:\/\/www.eltako.com\/nl\/\"},{\"@type\":\"ListItem\",\"position\":2,\"name\":\"Bedrijf\",\"item\":\"https:\/\/www.eltako.com\/nl\/bedrijf\/\"},{\"@type\":\"ListItem\",\"position\":3,\"name\":\"Partners en allianties\",\"item\":\"https:\/\/www.eltako.com\/nl\/bedrijf\/partners-en-allianties\/\"},{\"@type\":\"ListItem\",\"position\":4,\"name\":\"Friends of Hue\"}]},{\"@type\":\"WebSite\",\"@id\":\"https:\/\/www.eltako.com\/en\/#website\",\"url\":\"https:\/\/www.eltako.com\/en\/\",\"name\":\"Eltako\",\"description\":\"Schaltger\u00e4te, Netzteile, Stromz\u00e4hler, Dimmer, Geb\u00e4udeinstallation, Steuerungstechnik, Smart Home-L\u00f6sungen, Geb\u00e4udefunk, EnOcean-Technologie\",\"potentialAction\":[{\"@type\":\"SearchAction\",\"target\":{\"@type\":\"EntryPoint\",\"urlTemplate\":\"https:\/\/www.eltako.com\/en\/?s={search_term_string}\"},\"query-input\":{\"@type\":\"PropertyValueSpecification\",\"valueRequired\":true,\"valueName\":\"search_term_string\"}}],\"inLanguage\":\"nl-NL\"}]}<\/script>\n<!-- \/ Yoast SEO plugin. -->","yoast_head_json":{"title":"Friends of Hue &#187; Eltako","robots":{"index":"index","follow":"follow","max-snippet":"max-snippet:-1","max-image-preview":"max-image-preview:large","max-video-preview":"max-video-preview:-1"},"canonical":"https:\/\/www.eltako.com\/nl\/bedrijf\/partners-en-allianties\/vrienden-van-hue\/","og_locale":"nl_NL","og_type":"article","og_title":"Friends of Hue &#187; Eltako","og_description":"Friends of Hue Het Philips &#8220;Friends of Hue&#8221;-programma biedt klanten de mogelijkheid om hun eigen lichtsc\u00e8nes te cre\u00ebren en zowel de helderheid als de kleur naar believen te wijzigen. Hun lampen zijn geschikt voor elke kamer en voor elk type verlichting. Met hun eenvoudige maar chique design en talloze kleurinstellingen passen ze in elk interieur [&hellip;]","og_url":"https:\/\/www.eltako.com\/nl\/bedrijf\/partners-en-allianties\/vrienden-van-hue\/","og_site_name":"Eltako","article_modified_time":"2024-07-17T10:04:57+00:00","og_image":[{"width":1920,"height":1536,"url":"https:\/\/www.eltako.com\/wp-content\/uploads\/2021\/09\/AdobeStock_314574426.jpeg","type":"image\/jpeg"}],"twitter_card":"summary_large_image","twitter_misc":{"Geschatte leestijd":"1 minuut"},"schema":{"@context":"https:\/\/schema.org","@graph":[{"@type":"WebPage","@id":"https:\/\/www.eltako.com\/nl\/bedrijf\/partners-en-allianties\/vrienden-van-hue\/","url":"https:\/\/www.eltako.com\/nl\/bedrijf\/partners-en-allianties\/vrienden-van-hue\/","name":"Friends of Hue &#187; Eltako","isPartOf":{"@id":"https:\/\/www.eltako.com\/en\/#website"},"primaryImageOfPage":{"@id":"https:\/\/www.eltako.com\/nl\/bedrijf\/partners-en-allianties\/vrienden-van-hue\/#primaryimage"},"image":{"@id":"https:\/\/www.eltako.com\/nl\/bedrijf\/partners-en-allianties\/vrienden-van-hue\/#primaryimage"},"thumbnailUrl":"https:\/\/www.eltako.com\/wp-content\/uploads\/2021\/09\/AdobeStock_314574426.jpeg","datePublished":"2022-01-26T20:38:34+00:00","dateModified":"2024-07-17T10:04:57+00:00","breadcrumb":{"@id":"https:\/\/www.eltako.com\/nl\/bedrijf\/partners-en-allianties\/vrienden-van-hue\/#breadcrumb"},"inLanguage":"nl-NL","potentialAction":[{"@type":"ReadAction","target":["https:\/\/www.eltako.com\/nl\/bedrijf\/partners-en-allianties\/vrienden-van-hue\/"]}]},{"@type":"ImageObject","inLanguage":"nl-NL","@id":"https:\/\/www.eltako.com\/nl\/bedrijf\/partners-en-allianties\/vrienden-van-hue\/#primaryimage","url":"https:\/\/www.eltako.com\/wp-content\/uploads\/2021\/09\/AdobeStock_314574426.jpeg","contentUrl":"https:\/\/www.eltako.com\/wp-content\/uploads\/2021\/09\/AdobeStock_314574426.jpeg","width":1920,"height":1536},{"@type":"BreadcrumbList","@id":"https:\/\/www.eltako.com\/nl\/bedrijf\/partners-en-allianties\/vrienden-van-hue\/#breadcrumb","itemListElement":[{"@type":"ListItem","position":1,"name":"Home","item":"https:\/\/www.eltako.com\/nl\/"},{"@type":"ListItem","position":2,"name":"Bedrijf","item":"https:\/\/www.eltako.com\/nl\/bedrijf\/"},{"@type":"ListItem","position":3,"name":"Partners en allianties","item":"https:\/\/www.eltako.com\/nl\/bedrijf\/partners-en-allianties\/"},{"@type":"ListItem","position":4,"name":"Friends of Hue"}]},{"@type":"WebSite","@id":"https:\/\/www.eltako.com\/en\/#website","url":"https:\/\/www.eltako.com\/en\/","name":"Eltako","description":"Schaltger\u00e4te, Netzteile, Stromz\u00e4hler, Dimmer, Geb\u00e4udeinstallation, Steuerungstechnik, Smart Home-L\u00f6sungen, Geb\u00e4udefunk, EnOcean-Technologie","potentialAction":[{"@type":"SearchAction","target":{"@type":"EntryPoint","urlTemplate":"https:\/\/www.eltako.com\/en\/?s={search_term_string}"},"query-input":{"@type":"PropertyValueSpecification","valueRequired":true,"valueName":"search_term_string"}}],"inLanguage":"nl-NL"}]}},"_links":{"self":[{"href":"https:\/\/www.eltako.com\/nl\/wp-json\/wp\/v2\/pages\/31822","targetHints":{"allow":["GET"]}}],"collection":[{"href":"https:\/\/www.eltako.com\/nl\/wp-json\/wp\/v2\/pages"}],"about":[{"href":"https:\/\/www.eltako.com\/nl\/wp-json\/wp\/v2\/types\/page"}],"author":[{"embeddable":true,"href":"https:\/\/www.eltako.com\/nl\/wp-json\/wp\/v2\/users\/31"}],"replies":[{"embeddable":true,"href":"https:\/\/www.eltako.com\/nl\/wp-json\/wp\/v2\/comments?post=31822"}],"version-history":[{"count":7,"href":"https:\/\/www.eltako.com\/nl\/wp-json\/wp\/v2\/pages\/31822\/revisions"}],"predecessor-version":[{"id":141522,"href":"https:\/\/www.eltako.com\/nl\/wp-json\/wp\/v2\/pages\/31822\/revisions\/141522"}],"up":[{"embeddable":true,"href":"https:\/\/www.eltako.com\/nl\/wp-json\/wp\/v2\/pages\/62732"}],"wp:featuredmedia":[{"embeddable":true,"href":"https:\/\/www.eltako.com\/nl\/wp-json\/wp\/v2\/media\/23288"}],"wp:attachment":[{"href":"https:\/\/www.eltako.com\/nl\/wp-json\/wp\/v2\/media?parent=31822"}],"curies":[{"name":"wp","href":"https:\/\/api.w.org\/{rel}","templated":true}]}}