{"id":31362,"date":"2022-01-20T23:57:48","date_gmt":"2022-01-20T22:57:48","guid":{"rendered":"https:\/\/betax923lb8kd7v0.eltako.de\/overzicht-van-toepassingen\/"},"modified":"2025-03-18T14:57:11","modified_gmt":"2025-03-18T13:57:11","slug":"overzicht-van-toepassingen","status":"publish","type":"page","link":"https:\/\/www.eltako.com\/nl\/overzicht-van-toepassingen\/","title":{"rendered":"Overzicht van de toepassingen"},"content":{"rendered":"","protected":false},"excerpt":{"rendered":"","protected":false},"author":31,"featured_media":25981,"parent":0,"menu_order":0,"comment_status":"closed","ping_status":"closed","template":"templates\/applications.php","meta":{"_acf_changed":false,"footnotes":"","_links_to":"","_links_to_target":""},"class_list":["post-31362","page","type-page","status-publish","has-post-thumbnail","hentry"],"acf":[],"yoast_head":"<!-- This site is optimized with the Yoast SEO plugin v27.2 - https:\/\/yoast.com\/product\/yoast-seo-wordpress\/ -->\n<title>Overzicht van de toepassingen &#187; Eltako<\/title>\n<meta name=\"robots\" content=\"index, follow, max-snippet:-1, max-image-preview:large, max-video-preview:-1\" \/>\n<link rel=\"canonical\" href=\"https:\/\/www.eltako.com\/nl\/overzicht-van-toepassingen\/\" \/>\n<meta property=\"og:locale\" content=\"nl_NL\" \/>\n<meta property=\"og:type\" content=\"article\" \/>\n<meta property=\"og:title\" content=\"Overzicht van de toepassingen &#187; Eltako\" \/>\n<meta property=\"og:url\" content=\"https:\/\/www.eltako.com\/nl\/overzicht-van-toepassingen\/\" \/>\n<meta property=\"og:site_name\" content=\"Eltako\" \/>\n<meta property=\"article:modified_time\" content=\"2025-03-18T13:57:11+00:00\" \/>\n<meta property=\"og:image\" content=\"https:\/\/www.eltako.com\/wp-content\/uploads\/2020\/09\/anwendungen.jpg\" \/>\n\t<meta property=\"og:image:width\" content=\"1882\" \/>\n\t<meta property=\"og:image:height\" content=\"720\" \/>\n\t<meta property=\"og:image:type\" content=\"image\/jpeg\" \/>\n<meta name=\"twitter:card\" content=\"summary_large_image\" \/>\n<meta name=\"twitter:label1\" content=\"Geschatte leestijd\" \/>\n\t<meta name=\"twitter:data1\" content=\"5 minuten\" \/>\n<script type=\"application\/ld+json\" class=\"yoast-schema-graph\">{\"@context\":\"https:\/\/schema.org\",\"@graph\":[{\"@type\":\"WebPage\",\"@id\":\"https:\/\/www.eltako.com\/nl\/overzicht-van-toepassingen\/\",\"url\":\"https:\/\/www.eltako.com\/nl\/overzicht-van-toepassingen\/\",\"name\":\"Overzicht van de toepassingen &#187; Eltako\",\"isPartOf\":{\"@id\":\"https:\/\/www.eltako.com\/en\/#website\"},\"primaryImageOfPage\":{\"@id\":\"https:\/\/www.eltako.com\/nl\/overzicht-van-toepassingen\/#primaryimage\"},\"image\":{\"@id\":\"https:\/\/www.eltako.com\/nl\/overzicht-van-toepassingen\/#primaryimage\"},\"thumbnailUrl\":\"https:\/\/www.eltako.com\/wp-content\/uploads\/2020\/09\/anwendungen.jpg\",\"datePublished\":\"2022-01-20T22:57:48+00:00\",\"dateModified\":\"2025-03-18T13:57:11+00:00\",\"breadcrumb\":{\"@id\":\"https:\/\/www.eltako.com\/nl\/overzicht-van-toepassingen\/#breadcrumb\"},\"inLanguage\":\"nl-NL\",\"potentialAction\":[{\"@type\":\"ReadAction\",\"target\":[\"https:\/\/www.eltako.com\/nl\/overzicht-van-toepassingen\/\"]}]},{\"@type\":\"ImageObject\",\"inLanguage\":\"nl-NL\",\"@id\":\"https:\/\/www.eltako.com\/nl\/overzicht-van-toepassingen\/#primaryimage\",\"url\":\"https:\/\/www.eltako.com\/wp-content\/uploads\/2020\/09\/anwendungen.jpg\",\"contentUrl\":\"https:\/\/www.eltako.com\/wp-content\/uploads\/2020\/09\/anwendungen.jpg\",\"width\":1882,\"height\":720,\"caption\":\"Toepassingen\"},{\"@type\":\"BreadcrumbList\",\"@id\":\"https:\/\/www.eltako.com\/nl\/overzicht-van-toepassingen\/#breadcrumb\",\"itemListElement\":[{\"@type\":\"ListItem\",\"position\":1,\"name\":\"Home\",\"item\":\"https:\/\/www.eltako.com\/nl\/\"},{\"@type\":\"ListItem\",\"position\":2,\"name\":\"Overzicht van de toepassingen\"}]},{\"@type\":\"WebSite\",\"@id\":\"https:\/\/www.eltako.com\/en\/#website\",\"url\":\"https:\/\/www.eltako.com\/en\/\",\"name\":\"Eltako\",\"description\":\"Schaltger\u00e4te, Netzteile, Stromz\u00e4hler, Dimmer, Geb\u00e4udeinstallation, Steuerungstechnik, Smart Home-L\u00f6sungen, Geb\u00e4udefunk, EnOcean-Technologie\",\"potentialAction\":[{\"@type\":\"SearchAction\",\"target\":{\"@type\":\"EntryPoint\",\"urlTemplate\":\"https:\/\/www.eltako.com\/en\/?s={search_term_string}\"},\"query-input\":{\"@type\":\"PropertyValueSpecification\",\"valueRequired\":true,\"valueName\":\"search_term_string\"}}],\"inLanguage\":\"nl-NL\"}]}<\/script>\n<!-- \/ Yoast SEO plugin. -->","yoast_head_json":{"title":"Overzicht van de toepassingen &#187; Eltako","robots":{"index":"index","follow":"follow","max-snippet":"max-snippet:-1","max-image-preview":"max-image-preview:large","max-video-preview":"max-video-preview:-1"},"canonical":"https:\/\/www.eltako.com\/nl\/overzicht-van-toepassingen\/","og_locale":"nl_NL","og_type":"article","og_title":"Overzicht van de toepassingen &#187; Eltako","og_url":"https:\/\/www.eltako.com\/nl\/overzicht-van-toepassingen\/","og_site_name":"Eltako","article_modified_time":"2025-03-18T13:57:11+00:00","og_image":[{"width":1882,"height":720,"url":"https:\/\/www.eltako.com\/wp-content\/uploads\/2020\/09\/anwendungen.jpg","type":"image\/jpeg"}],"twitter_card":"summary_large_image","twitter_misc":{"Geschatte leestijd":"5 minuten"},"schema":{"@context":"https:\/\/schema.org","@graph":[{"@type":"WebPage","@id":"https:\/\/www.eltako.com\/nl\/overzicht-van-toepassingen\/","url":"https:\/\/www.eltako.com\/nl\/overzicht-van-toepassingen\/","name":"Overzicht van de toepassingen &#187; Eltako","isPartOf":{"@id":"https:\/\/www.eltako.com\/en\/#website"},"primaryImageOfPage":{"@id":"https:\/\/www.eltako.com\/nl\/overzicht-van-toepassingen\/#primaryimage"},"image":{"@id":"https:\/\/www.eltako.com\/nl\/overzicht-van-toepassingen\/#primaryimage"},"thumbnailUrl":"https:\/\/www.eltako.com\/wp-content\/uploads\/2020\/09\/anwendungen.jpg","datePublished":"2022-01-20T22:57:48+00:00","dateModified":"2025-03-18T13:57:11+00:00","breadcrumb":{"@id":"https:\/\/www.eltako.com\/nl\/overzicht-van-toepassingen\/#breadcrumb"},"inLanguage":"nl-NL","potentialAction":[{"@type":"ReadAction","target":["https:\/\/www.eltako.com\/nl\/overzicht-van-toepassingen\/"]}]},{"@type":"ImageObject","inLanguage":"nl-NL","@id":"https:\/\/www.eltako.com\/nl\/overzicht-van-toepassingen\/#primaryimage","url":"https:\/\/www.eltako.com\/wp-content\/uploads\/2020\/09\/anwendungen.jpg","contentUrl":"https:\/\/www.eltako.com\/wp-content\/uploads\/2020\/09\/anwendungen.jpg","width":1882,"height":720,"caption":"Toepassingen"},{"@type":"BreadcrumbList","@id":"https:\/\/www.eltako.com\/nl\/overzicht-van-toepassingen\/#breadcrumb","itemListElement":[{"@type":"ListItem","position":1,"name":"Home","item":"https:\/\/www.eltako.com\/nl\/"},{"@type":"ListItem","position":2,"name":"Overzicht van de toepassingen"}]},{"@type":"WebSite","@id":"https:\/\/www.eltako.com\/en\/#website","url":"https:\/\/www.eltako.com\/en\/","name":"Eltako","description":"Schaltger\u00e4te, Netzteile, Stromz\u00e4hler, Dimmer, Geb\u00e4udeinstallation, Steuerungstechnik, Smart Home-L\u00f6sungen, Geb\u00e4udefunk, EnOcean-Technologie","potentialAction":[{"@type":"SearchAction","target":{"@type":"EntryPoint","urlTemplate":"https:\/\/www.eltako.com\/en\/?s={search_term_string}"},"query-input":{"@type":"PropertyValueSpecification","valueRequired":true,"valueName":"search_term_string"}}],"inLanguage":"nl-NL"}]}},"_links":{"self":[{"href":"https:\/\/www.eltako.com\/nl\/wp-json\/wp\/v2\/pages\/31362","targetHints":{"allow":["GET"]}}],"collection":[{"href":"https:\/\/www.eltako.com\/nl\/wp-json\/wp\/v2\/pages"}],"about":[{"href":"https:\/\/www.eltako.com\/nl\/wp-json\/wp\/v2\/types\/page"}],"author":[{"embeddable":true,"href":"https:\/\/www.eltako.com\/nl\/wp-json\/wp\/v2\/users\/31"}],"replies":[{"embeddable":true,"href":"https:\/\/www.eltako.com\/nl\/wp-json\/wp\/v2\/comments?post=31362"}],"version-history":[{"count":6,"href":"https:\/\/www.eltako.com\/nl\/wp-json\/wp\/v2\/pages\/31362\/revisions"}],"predecessor-version":[{"id":144467,"href":"https:\/\/www.eltako.com\/nl\/wp-json\/wp\/v2\/pages\/31362\/revisions\/144467"}],"wp:featuredmedia":[{"embeddable":true,"href":"https:\/\/www.eltako.com\/nl\/wp-json\/wp\/v2\/media\/25981"}],"wp:attachment":[{"href":"https:\/\/www.eltako.com\/nl\/wp-json\/wp\/v2\/media?parent=31362"}],"curies":[{"name":"wp","href":"https:\/\/api.w.org\/{rel}","templated":true}]}}