{"id":31319,"date":"2022-01-20T22:06:28","date_gmt":"2022-01-20T21:06:28","guid":{"rendered":"https:\/\/betax923lb8kd7v0.eltako.de\/afdruk\/"},"modified":"2025-10-16T16:15:03","modified_gmt":"2025-10-16T14:15:03","slug":"afdruk","status":"publish","type":"page","link":"https:\/\/www.eltako.com\/nl\/afdruk\/","title":{"rendered":"Afdruk"},"content":{"rendered":"\n<div class=\"wp-block-group\"><div class=\"wp-block-group__inner-container is-layout-flow wp-block-group-is-layout-flow\">\n<div class=\"wp-block-group\"><div class=\"wp-block-group__inner-container is-layout-flow wp-block-group-is-layout-flow\">\n<b>ELTAKO GmbH<\/b><br\/>Hofener Stra\u00dfe 54 <br\/>70736 Fellbach<br\/>Telefoon: 0711 94350000<br\/>E-mail: website@eltako.de<br\/><br\/>Rechtbank van registratie: Stuttgart<br\/>Registratienummer: HRB261445<br\/>Bedrijfsleiders: Ulrich Ziegler<br\/>Identificatienummer omzetbelasting: DE147330893\n<\/div><\/div>\n\n\n\n<p><\/p>\n<\/div><\/div>\n\n\n\n<p><\/p>\n\n\n\n<p>Bij directe of indirecte verwijzingen naar externe websites (hyperlinks) die buiten de verantwoordelijkheid van ELTAKO GmbH vallen, zou een aansprakelijkheidsverplichting uitsluitend van kracht worden in het geval dat ELTAKO GmbH op de hoogte is van de inhoud en het technisch mogelijk en redelijk zou zijn om het gebruik in geval van onwettige inhoud te voorkomen. ELTAKO GmbH verklaart hierbij uitdrukkelijk dat op het moment van het plaatsen van de links geen illegale inhoud op de te linken pagina&#8217;s herkenbaar was. ELTAKO GmbH heeft geen enkele invloed op de huidige en toekomstige vormgeving, de inhoud of het auteurschap van de gelinkte\/gekoppelde pagina&#8217;s.  <\/p>\n\n\n\n<p>Daarom distantieert zij zich hierbij uitdrukkelijk van alle inhoud van alle gelinkte\/gekoppelde pagina&#8217;s die na het plaatsen van de link zijn gewijzigd.<\/p>\n\n\n\n<p>Aansprakelijkheid voor illegale, onjuiste of onvolledige inhoud en in het bijzonder voor schade die voortvloeit uit het gebruik of niet-gebruik van dergelijke informatie ligt uitsluitend bij de aanbieder van de pagina waarnaar wordt verwezen, en niet bij degene die slechts via links naar de betreffende publicatie verwijst.<\/p>\n\n\n\n<p><a href=\"https:\/\/www.take-e-way.de\/leistungen\/elektrogesetz-weee-elektrog\/berichts-informationspflichten\/\">Informatieverplichtingen volgens \u00a718 lid 2 van de Wet op Elektrische en Elektronische Apparatuur <\/a><\/p>\n\n\n\n<p><\/p>\n\n\n\n<p>Registratienummer batterijwet: DE 36818306<\/p>\n\n\n\n<div class=\"wp-block-buttons is-layout-flex wp-block-buttons-is-layout-flex\">\n<div class=\"wp-block-button\"><a class=\"wp-block-button__link has-background wp-element-button\" href=\"\/wp-content\/uploads\/2022\/03\/Eltako_Gesamtkatalog_2022_dt_Kap_S-4.pdf\" style=\"border-radius:0px;background-color:#0063af\">Garantie en waarborg (PDF)<\/a><\/div>\n<\/div>\n\n\n\n<p><\/p>\n","protected":false},"excerpt":{"rendered":"<p>ELTAKO GmbHHofener Stra\u00dfe 54 70736 FellbachTelefoon: 0711 94350000E-mail: website@eltako.de Rechtbank van registratie: StuttgartRegistratienummer: HRB261445Bedrijfsleiders: Ulrich ZieglerIdentificatienummer omzetbelasting: DE147330893 Bij directe of indirecte verwijzingen naar externe websites (hyperlinks) die buiten de verantwoordelijkheid van ELTAKO GmbH vallen, zou een aansprakelijkheidsverplichting uitsluitend van kracht worden in het geval dat ELTAKO GmbH op de hoogte is van de inhoud [&hellip;]<\/p>\n","protected":false},"author":31,"featured_media":0,"parent":0,"menu_order":0,"comment_status":"closed","ping_status":"closed","template":"","meta":{"_acf_changed":false,"footnotes":"","_links_to":"","_links_to_target":""},"class_list":["post-31319","page","type-page","status-publish","hentry"],"acf":[],"yoast_head":"<!-- This site is optimized with the Yoast SEO plugin v27.2 - https:\/\/yoast.com\/product\/yoast-seo-wordpress\/ -->\n<title>Afdruk &#187; Eltako<\/title>\n<meta name=\"robots\" content=\"index, follow, max-snippet:-1, max-image-preview:large, max-video-preview:-1\" \/>\n<link rel=\"canonical\" href=\"https:\/\/www.eltako.com\/nl\/afdruk\/\" \/>\n<meta property=\"og:locale\" content=\"nl_NL\" \/>\n<meta property=\"og:type\" content=\"article\" \/>\n<meta property=\"og:title\" content=\"Afdruk &#187; Eltako\" \/>\n<meta property=\"og:description\" content=\"ELTAKO GmbHHofener Stra\u00dfe 54 70736 FellbachTelefoon: 0711 94350000E-mail: website@eltako.de Rechtbank van registratie: StuttgartRegistratienummer: HRB261445Bedrijfsleiders: Ulrich ZieglerIdentificatienummer omzetbelasting: DE147330893 Bij directe of indirecte verwijzingen naar externe websites (hyperlinks) die buiten de verantwoordelijkheid van ELTAKO GmbH vallen, zou een aansprakelijkheidsverplichting uitsluitend van kracht worden in het geval dat ELTAKO GmbH op de hoogte is van de inhoud [&hellip;]\" \/>\n<meta property=\"og:url\" content=\"https:\/\/www.eltako.com\/nl\/afdruk\/\" \/>\n<meta property=\"og:site_name\" content=\"Eltako\" \/>\n<meta property=\"article:modified_time\" content=\"2025-10-16T14:15:03+00:00\" \/>\n<meta name=\"twitter:card\" content=\"summary_large_image\" \/>\n<meta name=\"twitter:label1\" content=\"Geschatte leestijd\" \/>\n\t<meta name=\"twitter:data1\" content=\"2 minuten\" \/>\n<script type=\"application\/ld+json\" class=\"yoast-schema-graph\">{\"@context\":\"https:\/\/schema.org\",\"@graph\":[{\"@type\":\"WebPage\",\"@id\":\"https:\/\/www.eltako.com\/nl\/afdruk\/\",\"url\":\"https:\/\/www.eltako.com\/nl\/afdruk\/\",\"name\":\"Afdruk &#187; Eltako\",\"isPartOf\":{\"@id\":\"https:\/\/www.eltako.com\/en\/#website\"},\"datePublished\":\"2022-01-20T21:06:28+00:00\",\"dateModified\":\"2025-10-16T14:15:03+00:00\",\"breadcrumb\":{\"@id\":\"https:\/\/www.eltako.com\/nl\/afdruk\/#breadcrumb\"},\"inLanguage\":\"nl-NL\",\"potentialAction\":[{\"@type\":\"ReadAction\",\"target\":[\"https:\/\/www.eltako.com\/nl\/afdruk\/\"]}]},{\"@type\":\"BreadcrumbList\",\"@id\":\"https:\/\/www.eltako.com\/nl\/afdruk\/#breadcrumb\",\"itemListElement\":[{\"@type\":\"ListItem\",\"position\":1,\"name\":\"Home\",\"item\":\"https:\/\/www.eltako.com\/nl\/\"},{\"@type\":\"ListItem\",\"position\":2,\"name\":\"Afdruk\"}]},{\"@type\":\"WebSite\",\"@id\":\"https:\/\/www.eltako.com\/en\/#website\",\"url\":\"https:\/\/www.eltako.com\/en\/\",\"name\":\"Eltako\",\"description\":\"Schaltger\u00e4te, Netzteile, Stromz\u00e4hler, Dimmer, Geb\u00e4udeinstallation, Steuerungstechnik, Smart Home-L\u00f6sungen, Geb\u00e4udefunk, EnOcean-Technologie\",\"potentialAction\":[{\"@type\":\"SearchAction\",\"target\":{\"@type\":\"EntryPoint\",\"urlTemplate\":\"https:\/\/www.eltako.com\/en\/?s={search_term_string}\"},\"query-input\":{\"@type\":\"PropertyValueSpecification\",\"valueRequired\":true,\"valueName\":\"search_term_string\"}}],\"inLanguage\":\"nl-NL\"}]}<\/script>\n<!-- \/ Yoast SEO plugin. -->","yoast_head_json":{"title":"Afdruk &#187; Eltako","robots":{"index":"index","follow":"follow","max-snippet":"max-snippet:-1","max-image-preview":"max-image-preview:large","max-video-preview":"max-video-preview:-1"},"canonical":"https:\/\/www.eltako.com\/nl\/afdruk\/","og_locale":"nl_NL","og_type":"article","og_title":"Afdruk &#187; Eltako","og_description":"ELTAKO GmbHHofener Stra\u00dfe 54 70736 FellbachTelefoon: 0711 94350000E-mail: website@eltako.de Rechtbank van registratie: StuttgartRegistratienummer: HRB261445Bedrijfsleiders: Ulrich ZieglerIdentificatienummer omzetbelasting: DE147330893 Bij directe of indirecte verwijzingen naar externe websites (hyperlinks) die buiten de verantwoordelijkheid van ELTAKO GmbH vallen, zou een aansprakelijkheidsverplichting uitsluitend van kracht worden in het geval dat ELTAKO GmbH op de hoogte is van de inhoud [&hellip;]","og_url":"https:\/\/www.eltako.com\/nl\/afdruk\/","og_site_name":"Eltako","article_modified_time":"2025-10-16T14:15:03+00:00","twitter_card":"summary_large_image","twitter_misc":{"Geschatte leestijd":"2 minuten"},"schema":{"@context":"https:\/\/schema.org","@graph":[{"@type":"WebPage","@id":"https:\/\/www.eltako.com\/nl\/afdruk\/","url":"https:\/\/www.eltako.com\/nl\/afdruk\/","name":"Afdruk &#187; Eltako","isPartOf":{"@id":"https:\/\/www.eltako.com\/en\/#website"},"datePublished":"2022-01-20T21:06:28+00:00","dateModified":"2025-10-16T14:15:03+00:00","breadcrumb":{"@id":"https:\/\/www.eltako.com\/nl\/afdruk\/#breadcrumb"},"inLanguage":"nl-NL","potentialAction":[{"@type":"ReadAction","target":["https:\/\/www.eltako.com\/nl\/afdruk\/"]}]},{"@type":"BreadcrumbList","@id":"https:\/\/www.eltako.com\/nl\/afdruk\/#breadcrumb","itemListElement":[{"@type":"ListItem","position":1,"name":"Home","item":"https:\/\/www.eltako.com\/nl\/"},{"@type":"ListItem","position":2,"name":"Afdruk"}]},{"@type":"WebSite","@id":"https:\/\/www.eltako.com\/en\/#website","url":"https:\/\/www.eltako.com\/en\/","name":"Eltako","description":"Schaltger\u00e4te, Netzteile, Stromz\u00e4hler, Dimmer, Geb\u00e4udeinstallation, Steuerungstechnik, Smart Home-L\u00f6sungen, Geb\u00e4udefunk, EnOcean-Technologie","potentialAction":[{"@type":"SearchAction","target":{"@type":"EntryPoint","urlTemplate":"https:\/\/www.eltako.com\/en\/?s={search_term_string}"},"query-input":{"@type":"PropertyValueSpecification","valueRequired":true,"valueName":"search_term_string"}}],"inLanguage":"nl-NL"}]}},"_links":{"self":[{"href":"https:\/\/www.eltako.com\/nl\/wp-json\/wp\/v2\/pages\/31319","targetHints":{"allow":["GET"]}}],"collection":[{"href":"https:\/\/www.eltako.com\/nl\/wp-json\/wp\/v2\/pages"}],"about":[{"href":"https:\/\/www.eltako.com\/nl\/wp-json\/wp\/v2\/types\/page"}],"author":[{"embeddable":true,"href":"https:\/\/www.eltako.com\/nl\/wp-json\/wp\/v2\/users\/31"}],"replies":[{"embeddable":true,"href":"https:\/\/www.eltako.com\/nl\/wp-json\/wp\/v2\/comments?post=31319"}],"version-history":[{"count":5,"href":"https:\/\/www.eltako.com\/nl\/wp-json\/wp\/v2\/pages\/31319\/revisions"}],"predecessor-version":[{"id":147470,"href":"https:\/\/www.eltako.com\/nl\/wp-json\/wp\/v2\/pages\/31319\/revisions\/147470"}],"wp:attachment":[{"href":"https:\/\/www.eltako.com\/nl\/wp-json\/wp\/v2\/media?parent=31319"}],"curies":[{"name":"wp","href":"https:\/\/api.w.org\/{rel}","templated":true}]}}