{"id":31217,"date":"2022-01-20T20:29:46","date_gmt":"2022-01-20T19:29:46","guid":{"rendered":"https:\/\/betax923lb8kd7v0.eltako.de\/enocean\/"},"modified":"2024-05-23T19:48:38","modified_gmt":"2024-05-23T17:48:38","slug":"enocean","status":"publish","type":"page","link":"https:\/\/www.eltako.com\/nl\/bedrijf\/partners-en-allianties\/enocean\/","title":{"rendered":"EnOcean"},"content":{"rendered":"\n<div style=\"height:50px\" aria-hidden=\"true\" class=\"wp-block-spacer\"><\/div>\n\n<h2 class=\"has-text-color wp-block-heading\" id=\"enocean\" style=\"color:#016db7\">EnOcean<\/h2>\n\n<div style=\"height:50px\" aria-hidden=\"true\" class=\"wp-block-spacer\"><\/div>\n\n<p class=\"has-medium-font-size\">We zijn in 2008 lid geworden van de EnOcean Alliance en werken sindsdien nauw samen met het bedrijf met dezelfde naam. Vandaag de dag zijn we een van de weinige promotors en hebben we ons gevestigd als de meest uitgebreide leverancier van op EnOcean gebaseerde producten. <\/p>\n\n<p class=\"has-medium-font-size\">EnOcean GmbH, gevestigd in Oberhaching bij M\u00fcnchen, staat voor de grotendeels batterijloze draadloze standaard en is een belangrijke pijler in de toeleveringsketen voor professionele Smart Home producten. <\/p>\n\n<p class=\"has-medium-font-size\">Meer dan 350 bedrijven uit diverse sectoren hebben zich verenigd in de EnOcean Alliance om producten en oplossingen op de markt te brengen die op deze gemeenschappelijke standaard zijn gebaseerd en hebben nu wereldwijd meer dan 1 miljoen gebouwen met dit standaard uitgerust. <\/p>\n\n<p class=\"has-medium-font-size\">Als langdurige partner hebben we al veel projecten samen gerealiseerd. Een van de grootste vond plaats in 2015 in het Mandarin Oriental Hotel in Macau. Dit luxe hotel biedt comfort en energie-effici\u00ebntie in alle ruimtes dankzij de intelligente elektrische installatie van Eltako en EnOcean. Ingebouwde sensoren maken indruk met hun kabelvrije, batterijvrije en onderhoudsvrije werking en moderne ontwerp. Praktische sc\u00e8nes kunnen naar wens door bezoekers worden opgeroepen met een klik. De gegraveerde pictogrammen spreken voor zich en maken de bediening eenvoudiger. <\/p>\n\n<p class=\"has-medium-font-size\">Meer projecten, informatie en meer over het bedrijf EnOcean vindt u <strong><a href=\"https:\/\/www.enocean.com\/de\/\">hier<\/a><\/strong>. <\/p>\n\n<p><\/p>\n\n<div style=\"height:50px\" aria-hidden=\"true\" class=\"wp-block-spacer\"><\/div>\n\n<figure class=\"wp-block-image size-large\"><img decoding=\"async\" width=\"1024\" height=\"249\" src=\"https:\/\/betax923lb8kd7v0.eltako.de\/wp-content\/uploads\/2022\/02\/banner-2-1024x249.jpeg\" alt=\"\" class=\"wp-image-33516\" srcset=\"https:\/\/www.eltako.com\/wp-content\/uploads\/2022\/02\/banner-2-1024x249.jpeg 1024w, https:\/\/www.eltako.com\/wp-content\/uploads\/2022\/02\/banner-2-300x73.jpeg 300w, https:\/\/www.eltako.com\/wp-content\/uploads\/2022\/02\/banner-2-768x187.jpeg 768w, https:\/\/www.eltako.com\/wp-content\/uploads\/2022\/02\/banner-2-600x146.jpeg 600w, https:\/\/www.eltako.com\/wp-content\/uploads\/2022\/02\/banner-2.jpeg 1374w\" sizes=\"(max-width: 1024px) 100vw, 1024px\" \/><\/figure>\n\n<div style=\"height:80px\" aria-hidden=\"true\" class=\"wp-block-spacer\"><\/div>\n\n<div class=\"wp-block-columns is-layout-flex wp-container-core-columns-is-layout-9d6595d7 wp-block-columns-is-layout-flex\">\n<div class=\"wp-block-column is-layout-flow wp-block-column-is-layout-flow\">\n<p><\/p>\n\n\n\n<div style=\"height:100px\" aria-hidden=\"true\" class=\"wp-block-spacer\"><\/div>\n\n\n\n<h2 class=\"has-text-color wp-block-heading\" id=\"lorem-ipsum\" style=\"color:#016db7\"><strong>Energy Harvesting:<\/strong><\/h2>\n\n\n\n<div style=\"height:16px\" aria-hidden=\"true\" class=\"wp-block-spacer\"><\/div>\n\n\n\n<p class=\"has-medium-font-size\">De EnOcean-technologie is gebaseerd op zogenaamde &#8220;energy harvesting&#8221;, waarbij de energie die nodig is voor het genereren van signalen uit de omgeving wordt gehaald. Hiervoor verzamelen en slaan de sensoren kinetische, thermische en zonne-energie op. Een druk op de knop, het temperatuurverschil tussen de radiator en de lucht in de kamer of zonnecellen kunnen worden gebruikt om waardevolle energie op te slaan. Dankzij de zeer kleine energieconverters en effici\u00ebnte draadloze technologie zijn er geen batterij of kabelverbinding nodig. Gebruikers krijgen dus een intelligente en vooral milieuvriendelijke technologie voor priv\u00e9gebruik aangeboden, die ook een lager elektriciteitsverbruik garandeert. <\/p>\n\n\n\n<div style=\"height:56px\" aria-hidden=\"true\" class=\"wp-block-spacer\"><\/div>\n<\/div>\n\n\n\n<div class=\"wp-block-column is-layout-flow wp-block-column-is-layout-flow\">\n<figure class=\"wp-block-image size-full\"><img decoding=\"async\" width=\"800\" height=\"1000\" src=\"https:\/\/www.eltako.com\/wp-content\/uploads\/2022\/02\/banner.jpg\" alt=\"\" class=\"wp-image-33568\" srcset=\"https:\/\/www.eltako.com\/wp-content\/uploads\/2022\/02\/banner.jpg 800w, https:\/\/www.eltako.com\/wp-content\/uploads\/2022\/02\/banner-240x300.jpg 240w, https:\/\/www.eltako.com\/wp-content\/uploads\/2022\/02\/banner-768x960.jpg 768w, https:\/\/www.eltako.com\/wp-content\/uploads\/2022\/02\/banner-600x750.jpg 600w\" sizes=\"(max-width: 800px) 100vw, 800px\" \/><\/figure>\n<\/div>\n<\/div>\n\n<div style=\"height:50px\" aria-hidden=\"true\" class=\"wp-block-spacer\"><\/div>\n\n<figure class=\"wp-block-image size-large\"><img decoding=\"async\" src=\"https:\/\/www.eltako.de\/wp-content\/uploads\/2021\/07\/Fill.m.1-1024x249.jpg\" alt=\"\" class=\"wp-image-35569\"\/><\/figure>\n\n<p><\/p>\n\n<div style=\"height:50px\" aria-hidden=\"true\" class=\"wp-block-spacer\"><\/div>\n\n<h2 class=\"has-text-color wp-block-heading\" id=\"lorem-ipsum\" style=\"color:#016db7\"><strong><strong>Onze Professional Smart Home producten met de draadloze EnOcean standaard zijn de alleskunners voor talloze intelligente oplossingen. <\/strong> <\/strong> <\/h2>\n\n<div style=\"height:50px\" aria-hidden=\"true\" class=\"wp-block-spacer\"><\/div>\n\n<p class=\"has-medium-font-size\">Dankzij hun enorme flexibiliteit kunnen deze componenten centraal, decentraal of in een combinatie van beide worden aangestuurd. <br\/>Optioneel kan ook een smart home controller worden gebruikt voor de bediening, waardoor de mogelijkheden van het systeem worden uitgebreid. <\/p>\n\n<p class=\"has-medium-font-size\">Het feit dat de draadloze EnOcean standaard door veel verschillende fabrikanten is ge\u00efntegreerd, betekent dat deze zeer compatibel is. <br\/>In een smart home server kunnen producten uit verschillende sectoren en van verschillende merken samenwerken in een intelligent systeem. <\/p>\n\n<div style=\"height:50px\" aria-hidden=\"true\" class=\"wp-block-spacer\"><\/div>\n\n<div class=\"wp-block-columns is-layout-flex wp-container-core-columns-is-layout-9d6595d7 wp-block-columns-is-layout-flex\">\n<div class=\"wp-block-column p-3 has-background is-layout-flow wp-block-column-is-layout-flow\" style=\"background-color:#016db7\">\n<h2 class=\"has-white-color has-text-color wp-block-heading\" id=\"lorem-ipsum-1\"><\/h2>\n\n\n\n<p class=\"has-white-color has-text-color has-medium-font-size\">Als u meer wilt weten over het werk van de EnOcean Alliance en onze samenwerking als partner, klik dan <a href=\"https:\/\/www.enocean-alliance.org\"><strong>hier<\/strong><\/a>rechtstreeks naar de website van de Alliantie. <\/p>\n<\/div>\n\n\n\n<div class=\"wp-block-column p-3 has-background is-layout-flow wp-block-column-is-layout-flow\" style=\"background-color:#016db7\">\n<h2 class=\"has-white-color has-text-color wp-block-heading\" id=\"lorem-ipsum-2\"><\/h2>\n\n\n\n<p class=\"has-white-color has-text-color has-medium-font-size\">Op ons YouTube-kanaal laten we intelligente toepassingen zien waarin we veel werken met op EnOcean gebaseerde draadloze sensoren. Als je meer wilt weten over het beheer en de integratie van deze duurzame producten, kun je <strong><a href=\"https:\/\/www.youtube.com\/c\/EltakoOfficial\/videos\">hier<\/a><\/strong> rechtstreeks naar ons account. <\/p>\n\n\n\n<p><\/p>\n\n\n\n<p><\/p>\n<\/div>\n<\/div>\n\n<p><\/p>\n","protected":false},"excerpt":{"rendered":"<p>EnOcean We zijn in 2008 lid geworden van de EnOcean Alliance en werken sindsdien nauw samen met het bedrijf met dezelfde naam. Vandaag de dag zijn we een van de weinige promotors en hebben we ons gevestigd als de meest uitgebreide leverancier van op EnOcean gebaseerde producten. EnOcean GmbH, gevestigd in Oberhaching bij M\u00fcnchen, staat [&hellip;]<\/p>\n","protected":false},"author":31,"featured_media":23280,"parent":62732,"menu_order":1,"comment_status":"closed","ping_status":"closed","template":"templates\/custom_header.php","meta":{"_acf_changed":false,"footnotes":"","_links_to":"","_links_to_target":""},"class_list":["post-31217","page","type-page","status-publish","has-post-thumbnail","hentry"],"acf":[],"yoast_head":"<!-- This site is optimized with the Yoast SEO plugin v27.2 - https:\/\/yoast.com\/product\/yoast-seo-wordpress\/ -->\n<title>EnOcean &#187; Eltako<\/title>\n<meta name=\"robots\" content=\"index, follow, max-snippet:-1, max-image-preview:large, max-video-preview:-1\" \/>\n<link rel=\"canonical\" href=\"https:\/\/www.eltako.com\/nl\/bedrijf\/partners-en-allianties\/enocean\/\" \/>\n<meta property=\"og:locale\" content=\"nl_NL\" \/>\n<meta property=\"og:type\" content=\"article\" \/>\n<meta property=\"og:title\" content=\"EnOcean &#187; Eltako\" \/>\n<meta property=\"og:description\" content=\"EnOcean We zijn in 2008 lid geworden van de EnOcean Alliance en werken sindsdien nauw samen met het bedrijf met dezelfde naam. Vandaag de dag zijn we een van de weinige promotors en hebben we ons gevestigd als de meest uitgebreide leverancier van op EnOcean gebaseerde producten. EnOcean GmbH, gevestigd in Oberhaching bij M\u00fcnchen, staat [&hellip;]\" \/>\n<meta property=\"og:url\" content=\"https:\/\/www.eltako.com\/nl\/bedrijf\/partners-en-allianties\/enocean\/\" \/>\n<meta property=\"og:site_name\" content=\"Eltako\" \/>\n<meta property=\"article:modified_time\" content=\"2024-05-23T17:48:38+00:00\" \/>\n<meta property=\"og:image\" content=\"https:\/\/www.eltako.com\/wp-content\/uploads\/2021\/09\/AdobeStock_134947037.jpeg\" \/>\n\t<meta property=\"og:image:width\" content=\"1920\" \/>\n\t<meta property=\"og:image:height\" content=\"1037\" \/>\n\t<meta property=\"og:image:type\" content=\"image\/jpeg\" \/>\n<meta name=\"twitter:card\" content=\"summary_large_image\" \/>\n<meta name=\"twitter:label1\" content=\"Geschatte leestijd\" \/>\n\t<meta name=\"twitter:data1\" content=\"2 minuten\" \/>\n<script type=\"application\/ld+json\" class=\"yoast-schema-graph\">{\"@context\":\"https:\/\/schema.org\",\"@graph\":[{\"@type\":\"WebPage\",\"@id\":\"https:\/\/www.eltako.com\/nl\/bedrijf\/partners-en-allianties\/enocean\/\",\"url\":\"https:\/\/www.eltako.com\/nl\/bedrijf\/partners-en-allianties\/enocean\/\",\"name\":\"EnOcean &#187; Eltako\",\"isPartOf\":{\"@id\":\"https:\/\/www.eltako.com\/en\/#website\"},\"primaryImageOfPage\":{\"@id\":\"https:\/\/www.eltako.com\/nl\/bedrijf\/partners-en-allianties\/enocean\/#primaryimage\"},\"image\":{\"@id\":\"https:\/\/www.eltako.com\/nl\/bedrijf\/partners-en-allianties\/enocean\/#primaryimage\"},\"thumbnailUrl\":\"https:\/\/www.eltako.com\/wp-content\/uploads\/2021\/09\/AdobeStock_134947037.jpeg\",\"datePublished\":\"2022-01-20T19:29:46+00:00\",\"dateModified\":\"2024-05-23T17:48:38+00:00\",\"breadcrumb\":{\"@id\":\"https:\/\/www.eltako.com\/nl\/bedrijf\/partners-en-allianties\/enocean\/#breadcrumb\"},\"inLanguage\":\"nl-NL\",\"potentialAction\":[{\"@type\":\"ReadAction\",\"target\":[\"https:\/\/www.eltako.com\/nl\/bedrijf\/partners-en-allianties\/enocean\/\"]}]},{\"@type\":\"ImageObject\",\"inLanguage\":\"nl-NL\",\"@id\":\"https:\/\/www.eltako.com\/nl\/bedrijf\/partners-en-allianties\/enocean\/#primaryimage\",\"url\":\"https:\/\/www.eltako.com\/wp-content\/uploads\/2021\/09\/AdobeStock_134947037.jpeg\",\"contentUrl\":\"https:\/\/www.eltako.com\/wp-content\/uploads\/2021\/09\/AdobeStock_134947037.jpeg\",\"width\":1920,\"height\":1037},{\"@type\":\"BreadcrumbList\",\"@id\":\"https:\/\/www.eltako.com\/nl\/bedrijf\/partners-en-allianties\/enocean\/#breadcrumb\",\"itemListElement\":[{\"@type\":\"ListItem\",\"position\":1,\"name\":\"Home\",\"item\":\"https:\/\/www.eltako.com\/nl\/\"},{\"@type\":\"ListItem\",\"position\":2,\"name\":\"Bedrijf\",\"item\":\"https:\/\/www.eltako.com\/nl\/bedrijf\/\"},{\"@type\":\"ListItem\",\"position\":3,\"name\":\"Partners en allianties\",\"item\":\"https:\/\/www.eltako.com\/nl\/bedrijf\/partners-en-allianties\/\"},{\"@type\":\"ListItem\",\"position\":4,\"name\":\"EnOcean\"}]},{\"@type\":\"WebSite\",\"@id\":\"https:\/\/www.eltako.com\/en\/#website\",\"url\":\"https:\/\/www.eltako.com\/en\/\",\"name\":\"Eltako\",\"description\":\"Schaltger\u00e4te, Netzteile, Stromz\u00e4hler, Dimmer, Geb\u00e4udeinstallation, Steuerungstechnik, Smart Home-L\u00f6sungen, Geb\u00e4udefunk, EnOcean-Technologie\",\"potentialAction\":[{\"@type\":\"SearchAction\",\"target\":{\"@type\":\"EntryPoint\",\"urlTemplate\":\"https:\/\/www.eltako.com\/en\/?s={search_term_string}\"},\"query-input\":{\"@type\":\"PropertyValueSpecification\",\"valueRequired\":true,\"valueName\":\"search_term_string\"}}],\"inLanguage\":\"nl-NL\"}]}<\/script>\n<!-- \/ Yoast SEO plugin. -->","yoast_head_json":{"title":"EnOcean &#187; Eltako","robots":{"index":"index","follow":"follow","max-snippet":"max-snippet:-1","max-image-preview":"max-image-preview:large","max-video-preview":"max-video-preview:-1"},"canonical":"https:\/\/www.eltako.com\/nl\/bedrijf\/partners-en-allianties\/enocean\/","og_locale":"nl_NL","og_type":"article","og_title":"EnOcean &#187; Eltako","og_description":"EnOcean We zijn in 2008 lid geworden van de EnOcean Alliance en werken sindsdien nauw samen met het bedrijf met dezelfde naam. Vandaag de dag zijn we een van de weinige promotors en hebben we ons gevestigd als de meest uitgebreide leverancier van op EnOcean gebaseerde producten. EnOcean GmbH, gevestigd in Oberhaching bij M\u00fcnchen, staat [&hellip;]","og_url":"https:\/\/www.eltako.com\/nl\/bedrijf\/partners-en-allianties\/enocean\/","og_site_name":"Eltako","article_modified_time":"2024-05-23T17:48:38+00:00","og_image":[{"width":1920,"height":1037,"url":"https:\/\/www.eltako.com\/wp-content\/uploads\/2021\/09\/AdobeStock_134947037.jpeg","type":"image\/jpeg"}],"twitter_card":"summary_large_image","twitter_misc":{"Geschatte leestijd":"2 minuten"},"schema":{"@context":"https:\/\/schema.org","@graph":[{"@type":"WebPage","@id":"https:\/\/www.eltako.com\/nl\/bedrijf\/partners-en-allianties\/enocean\/","url":"https:\/\/www.eltako.com\/nl\/bedrijf\/partners-en-allianties\/enocean\/","name":"EnOcean &#187; Eltako","isPartOf":{"@id":"https:\/\/www.eltako.com\/en\/#website"},"primaryImageOfPage":{"@id":"https:\/\/www.eltako.com\/nl\/bedrijf\/partners-en-allianties\/enocean\/#primaryimage"},"image":{"@id":"https:\/\/www.eltako.com\/nl\/bedrijf\/partners-en-allianties\/enocean\/#primaryimage"},"thumbnailUrl":"https:\/\/www.eltako.com\/wp-content\/uploads\/2021\/09\/AdobeStock_134947037.jpeg","datePublished":"2022-01-20T19:29:46+00:00","dateModified":"2024-05-23T17:48:38+00:00","breadcrumb":{"@id":"https:\/\/www.eltako.com\/nl\/bedrijf\/partners-en-allianties\/enocean\/#breadcrumb"},"inLanguage":"nl-NL","potentialAction":[{"@type":"ReadAction","target":["https:\/\/www.eltako.com\/nl\/bedrijf\/partners-en-allianties\/enocean\/"]}]},{"@type":"ImageObject","inLanguage":"nl-NL","@id":"https:\/\/www.eltako.com\/nl\/bedrijf\/partners-en-allianties\/enocean\/#primaryimage","url":"https:\/\/www.eltako.com\/wp-content\/uploads\/2021\/09\/AdobeStock_134947037.jpeg","contentUrl":"https:\/\/www.eltako.com\/wp-content\/uploads\/2021\/09\/AdobeStock_134947037.jpeg","width":1920,"height":1037},{"@type":"BreadcrumbList","@id":"https:\/\/www.eltako.com\/nl\/bedrijf\/partners-en-allianties\/enocean\/#breadcrumb","itemListElement":[{"@type":"ListItem","position":1,"name":"Home","item":"https:\/\/www.eltako.com\/nl\/"},{"@type":"ListItem","position":2,"name":"Bedrijf","item":"https:\/\/www.eltako.com\/nl\/bedrijf\/"},{"@type":"ListItem","position":3,"name":"Partners en allianties","item":"https:\/\/www.eltako.com\/nl\/bedrijf\/partners-en-allianties\/"},{"@type":"ListItem","position":4,"name":"EnOcean"}]},{"@type":"WebSite","@id":"https:\/\/www.eltako.com\/en\/#website","url":"https:\/\/www.eltako.com\/en\/","name":"Eltako","description":"Schaltger\u00e4te, Netzteile, Stromz\u00e4hler, Dimmer, Geb\u00e4udeinstallation, Steuerungstechnik, Smart Home-L\u00f6sungen, Geb\u00e4udefunk, EnOcean-Technologie","potentialAction":[{"@type":"SearchAction","target":{"@type":"EntryPoint","urlTemplate":"https:\/\/www.eltako.com\/en\/?s={search_term_string}"},"query-input":{"@type":"PropertyValueSpecification","valueRequired":true,"valueName":"search_term_string"}}],"inLanguage":"nl-NL"}]}},"_links":{"self":[{"href":"https:\/\/www.eltako.com\/nl\/wp-json\/wp\/v2\/pages\/31217","targetHints":{"allow":["GET"]}}],"collection":[{"href":"https:\/\/www.eltako.com\/nl\/wp-json\/wp\/v2\/pages"}],"about":[{"href":"https:\/\/www.eltako.com\/nl\/wp-json\/wp\/v2\/types\/page"}],"author":[{"embeddable":true,"href":"https:\/\/www.eltako.com\/nl\/wp-json\/wp\/v2\/users\/31"}],"replies":[{"embeddable":true,"href":"https:\/\/www.eltako.com\/nl\/wp-json\/wp\/v2\/comments?post=31217"}],"version-history":[{"count":2,"href":"https:\/\/www.eltako.com\/nl\/wp-json\/wp\/v2\/pages\/31217\/revisions"}],"predecessor-version":[{"id":139778,"href":"https:\/\/www.eltako.com\/nl\/wp-json\/wp\/v2\/pages\/31217\/revisions\/139778"}],"up":[{"embeddable":true,"href":"https:\/\/www.eltako.com\/nl\/wp-json\/wp\/v2\/pages\/62732"}],"wp:featuredmedia":[{"embeddable":true,"href":"https:\/\/www.eltako.com\/nl\/wp-json\/wp\/v2\/media\/23280"}],"wp:attachment":[{"href":"https:\/\/www.eltako.com\/nl\/wp-json\/wp\/v2\/media?parent=31217"}],"curies":[{"name":"wp","href":"https:\/\/api.w.org\/{rel}","templated":true}]}}