{"id":135565,"date":"2024-01-10T08:45:42","date_gmt":"2024-01-10T07:45:42","guid":{"rendered":"https:\/\/www.eltako.com\/sociale-media-privacybeleid\/"},"modified":"2024-01-10T08:46:00","modified_gmt":"2024-01-10T07:46:00","slug":"sociale-media-privacybeleid","status":"publish","type":"page","link":"https:\/\/www.eltako.com\/nl\/sociale-media-privacybeleid\/","title":{"rendered":"SOCIALE MEDIA PRIVACYBELEID"},"content":{"rendered":"\n<h2 class=\"wp-block-heading\"><strong>Aanbieder, informatie over gegevensbescherming, juridische mededelingen en nettiquette voor de door ons aangeboden en beheerde social media platformen.<\/strong><\/h2>\n\n<div style=\"height:30px\" aria-hidden=\"true\" class=\"wp-block-spacer\"><\/div>\n\n<h3 class=\"wp-block-heading\"><strong>Aanbieder<\/strong><\/h3>\n\n<p>ELTAKO GmbH<br\/>Hofener Stra\u00dfe 54 <br\/>70736 Fellbach<br\/>Tel.: 0711 94350000<br\/>E-Mail: info@eltako.de<br\/><br\/>Ondernemingsregister van inschrijving: Stuttgart<br\/>Registratienummer: HRB261445<br\/>Directeur: Ulrich Horst Ziegler, Ulrich Ziegler<br\/>Btw-identificatienummer: DE147330893<\/p>\n\n<div style=\"height:30px\" aria-hidden=\"true\" class=\"wp-block-spacer\"><\/div>\n\n<h3 class=\"wp-block-heading\"><strong>Privacyverklaring voor het gebruik van onze social media kanalen<\/strong><\/h3>\n\n<p>Onze social media kanalen worden beheerd door onszelf (provider).<\/p>\n\n<p><strong>Functionaris voor gegevensbescherming<\/strong><strong><br\/><\/strong>Knecht Datenschutz<br\/>Stefan Knecht<br\/>Telefoon: +49 (0)7021 487628<br\/><a href=\"mailto:datenschutz@eltako.de\">datenschutz@eltako.de<\/a><\/p>\n\n<p><strong>Algemeen<\/strong><\/p>\n\n<p>Om ge\u00efnteresseerde sollicitanten of prospecten te bereiken en om up-to-date inhoud en informatie over ons te verstrekken, bieden we dit aan op platformen van derden, buiten de website die we zelf beheren.<\/p>\n\n<p>Volgens de huidige jurisprudentie zijn wij in dit geval medeverantwoordelijk voor de verwerking van uw persoonsgegevens die daar plaatsvindt. Om deze reden informeren wij u over deze verwerking op de platformen waarop wij aanwezig zijn en voor zover wij daarover kennis hebben. Eltako GmbH heeft geen invloed op de verwerking die via de platformen plaatsvindt. Onze toegang tot persoonsgegevens is beperkt tot datgene wat u zelf openbaar maakt via het platform. We kunnen ze voor andere doeleinden verwerken. Raadpleeg onze verdere informatie over gegevensbescherming, vooral voor ge\u00efnteresseerden en sollicitanten.<\/p>\n\n<p><strong>Welke categorie\u00ebn persoonsgegevens worden verwerkt en voor welke doeleinden <\/strong><\/p>\n\n<p>Zodra u een van onze websites op een platform bezoekt, plaatst de platformbeheerder meestal cookies. Cookies zijn datapakketten met informatie die door uw browser worden verzameld en voor een bepaalde tijd op uw computer worden opgeslagen. Het is belangrijk voor ons dat u weet dat de exploitanten van platformen van derden cookies gebruiken om persoonlijke gegevens van gebruikers te verzamelen om het gebruikersgedrag te evalueren. Dit kan zijn voor statistische doeleinden en eventueel profilering. Deze verwerking vindt met name plaats als u op deze platformen van derden bent geregistreerd. Meer specifieke informatie over de doeleinden vindt u in de respectieve privacy informatie van de platformen.<\/p>\n\n<p>Eltako GmbH ontvangt evaluaties van het gebruik van onze website in geaggregeerde of gepseudonimiseerde vorm van de exploitanten van de externe platformen. Alleen volledig geanonimiseerde gegevens vallen niet onder de AVG, aangezien een her-identificatie van uw persoon gezien de inspanning en wettelijke toestemming niet mogelijk is. We gebruiken deze statistische gegevens om ons aanbod en bereik beter af te stemmen op onze bezoekers en prospecten.<br\/>Een dergelijke verwerking van pseudonieme of geaggregeerde gegevens is het minst ingrijpende middel dat prevaleert boven uw belangen of fundamentele rechten en vrijheden die de bescherming van persoonsgegevens vereisen. De wettelijke basis voor deze verwerking is Artikel 6 Abs. 1 lit. f DSGVO.<\/p>\n\n<p>De platformexploitanten stellen ons de volgende gegevenscategorie\u00ebn ter beschikking om de activiteiten van de aanwezigheid te evalueren, voor zover u overeenkomstige gegevens hebt ingevoerd of de exploitant deze verzamelt:<\/p>\n\n<ul class=\"wp-block-list\"><li>Leeftijdscategorie<\/li><li>Geslacht<\/li><li>Woonplaats (stad en land)<\/li><li>Apparaten<\/li><li>Taal<\/li><li>Demografische gegevens (werkgebied, bedrijfsgrootte, branche, locatie, carri\u00e8reniveau)<\/li><li>mobiele of stationaire paginaweergave (YouTube bovendien individuele apparaat types)<\/li><li>Interacties in de context van berichten (bijv. reacties, opmerkingen, deelacties, klikken, weergaven, gebruikstijd van video).<\/li><li>Tijd van gebruik <\/li><\/ul>\n\n<p>Zoals eerder vermeld, hebben we geen precieze kennis van welke gegevens de platformexploitanten van u verzamelen en voor welke doeleinden. Begrijp alsjeblieft dat we alleen informatie kunnen verstrekken in het kader van de persoonlijke gegevens die we verwerken.<\/p>\n\n<p><strong>Bewaartermijn en verplichting om persoonsgegevens aan ons te verstrekken<\/strong><\/p>\n\n<p>Uw persoonlijke gegevens kunnen op onze systemen worden opgeslagen als en zolang dit nodig is voor de doeleinden van verzameling of als er wettelijke bewaarplichten zijn.<\/p>\n\n<p>U bent niet contractueel of wettelijk verplicht om ons uw persoonsgegevens te verstrekken.<\/p>\n\n<p><strong>Gegevensexport naar een onveilig derde land<\/strong><\/p>\n\n<p>Het is voor ons belangrijk dat u weet dat de platformoperators in veel gevallen Amerikaanse bedrijven zijn. Uw persoonsgegevens kunnen daarom buiten de EER worden verwerkt in een onveilig derde land (geen EU-adequaatheidsbesluit). Het is de verantwoordelijkheid van de exploitanten van het exporterende platform om passende waarborgen te bieden voor uw rechten en vrijheden op het gebied van gegevensbescherming. Dit kan resulteren in een verlies van controle voor u. Zo kunnen Amerikaanse inlichtingendiensten uw gegevens inzien of heeft u geen of moeilijkere rechten of rechtsmiddelen met betrekking tot uw persoonsgegevens.<\/p>\n\n<p><strong>Platform operator<\/strong><strong><br\/><\/strong>Informatie over de gegevensverwerking van de platformen vindt u in de respectieve gegevensbeschermingen. Houd u ook aan de gebruiksvoorwaarden van de platformexploitanten met betrekking tot uw persoonlijke gegevens.<strong><\/strong><\/p>\n\n<p><strong>LinkedIn<br\/>LinkedIn Ireland Unlimited bedrijf<br\/><\/strong>Wilton Place, Dublin 2, Ierland<br\/><a href=\"https:\/\/www.linkedin.com\/legal\/privacy-policy?trk=d_org_guest_company_overview_footer-privacy-policy\">Gegevensbescherming bij LinkedIn<\/a><br\/><a href=\"https:\/\/legal.linkedin.com\/pages-joint-controller-addendum\">Gezamenlijke verwerkersovereenkomst<\/a><strong><\/strong><\/p>\n\n<p><strong>Twitter International Company<\/strong><br\/>One Cumberland Place<br\/>Fenian Street<br\/>Dublin 2<br\/>D02 AX07<br\/>Ierland<br\/><a href=\"https:\/\/twitter.com\/de\/privacy\">Gegevensbescherming bij Twitter<\/a><\/p>\n\n<p><strong>XING<br\/><\/strong>New Work SE<br\/>Am Strandkai 1<br\/>20457 Hamburg<br\/>Duitsland<br\/><a href=\"https:\/\/privacy.xing.com\/\">Gegevensbescherming bij XING<\/a><strong><\/strong><\/p>\n\n<p><strong>YouTube<\/strong><br\/>YouTube LLC<br\/>901 Cherry Ave.<br\/>San Bruno, CA 94066, USA<br\/><a href=\"https:\/\/policies.google.com\/privacy\">Gegevensbescherming bij YouTube<\/a><\/p>\n\n<p><strong>Meta Platforms Ireland Limited<\/strong><br\/>4 Grand Canal Square<br\/>Dublin 2, Ierland<br\/><a href=\"https:\/\/www.facebook.com\/privacy\/policy\/?entry_point=data_policy_redirect&amp;entry=0\">Gegevensbescherming bij Facebook<\/a><br\/><a href=\"https:\/\/privacycenter.instagram.com\/policy\">Gegevensbescherming bij Instagram<\/a><\/p>\n\n<p><strong>Uw gegevensbeschermingsrechten<\/strong><\/p>\n\n<p>U hebt recht op informatie volgens Art. 15 DSGVO, het recht op rectificatie volgens Art. 16 DSGVO, het recht op verwijdering volgens Art. 17 DSGVO, het recht op beperking van de verwerking volgens Art. 18 DSGVO en het recht op gegevensoverdraagbaarheid volgens Art. 20 DSGVO. Artikel 21 DSGVO biedt in principe het recht om bezwaar te maken tegen de verwerking van persoonsgegevens door ons, op voorwaarde dat de verwerking is gebaseerd op een gerechtvaardigd belang (Art. 6 lid 1 f DSGVO). Dit recht van bezwaar geldt echter alleen in zeer bijzondere omstandigheden van uw persoonlijke situatie, waarbij rechten van ons bedrijf in strijd kunnen zijn met uw recht van bezwaar. U kunt ook te allen tijde bezwaar maken tegen de verwerking van uw persoonsgegevens met het oog op direct marketing of profilering.<\/p>\n\n<p>Om deze rechten met betrekking tot de gegevensverwerking door de Platformen uit te oefenen, kunt u indien mogelijk rechtstreeks contact opnemen met de aangekondigde contactmogelijkheden. <br\/>Stuur ons in andere gevallen, of indien nodig, een e-mail via <a href=\"mailto:datenschutz@eltako.de\">datenschutz@eltako.de<\/a><\/p>\n\n<p>U heeft het recht om in beroep te gaan bij de toezichthoudende autoriteit voor gegevensbescherming (Art. 77 DSGVO). De voor ons verantwoordelijke toezichthoudende autoriteit is: <br\/>De staatscommissaris voor gegevensbescherming en vrijheid van informatie<br\/>Lautenschlagerstra\u00dfe 20<br\/>70173 Stuttgart<\/p>\n\n<div style=\"height:30px\" aria-hidden=\"true\" class=\"wp-block-spacer\"><\/div>\n\n<h3 class=\"wp-block-heading\"><strong>Juridische kennisgeving<\/strong><\/h3>\n\n<p><strong>Auteursrechten <\/strong><\/p>\n\n<p>De inhoud\/werken die door ons of door ons in opdracht van derden zijn gemaakt, vallen onder het Duitse auteursrecht. Elke vorm van exploitatie buiten de grenzen van het auteursrecht vereist de schriftelijke toestemming van de auteur of maker. Downloads en kopie\u00ebn zijn alleen toegestaan voor priv\u00e9, niet-commercieel gebruik. Inhoud van derden wordt als zodanig ge\u00efdentificeerd. Mocht u zich bewust worden van een inbreuk op het auteursrecht, dan verzoeken wij u vriendelijk ons hiervan op de hoogte te stellen. We zullen onmiddellijk alle inhoud verwijderen die een overtreding van de wet vertegenwoordigt.<\/p>\n\n<p><strong>Licentierechten<\/strong><\/p>\n\n<p>We moeten ons intellectueel eigendom (octrooien, handelsmerken en auteursrechten) beschermen en verlenen op dit moment geen licentierechten.<\/p>\n\n<p><strong>Betrouwbaarheid <\/strong><\/p>\n\n<p>Indien van toepassing vindt u ook links naar andere websites op het &#8220;Wild-Wild-Web&#8221; of internet op onze sociale mediasites. Wij hebben geen invloed op de vormgeving en inhoud ervan. Daarom kunnen wij de actualiteit, juistheid, volledigheid of kwaliteit niet garanderen en distanti\u00ebren ons hiervan.<br\/><br\/><strong>Procedure documenten<\/strong><\/p>\n\n<p>Gebruiksvoorwaarden (bijv. AV, gebruiksvoorwaarden of servicevoorwaarden) voor onze andere digitale aanbiedingen hebben voorrang op deze juridische kennisgeving.<\/p>\n\n<div style=\"height:30px\" aria-hidden=\"true\" class=\"wp-block-spacer\"><\/div>\n\n<h3 class=\"wp-block-heading\"><strong>Netiquette<\/strong><\/h3>\n\n<p>We vragen om een vriendelijke en respectvolle toon. Iedereen heeft recht op een vrije mening binnen de door de wet toegestane grenzen.<\/p>\n\n<p>Bij ons is niet gewenst:<\/p>\n\n<ul class=\"wp-block-list\"><li>Beledigingen, bedreigingen en smaad<\/li><li>Oproept tot geweld<\/li><li>Radicale gedachte, racisme, haatpropaganda<\/li><li>Pornografie en obsceniteiten<\/li><li>Inbreuken door derden<\/li><li>Oproepen voor donaties of oproepen voor campagnes\/bijeenkomsten<\/li><li>Verkiezingsreclame of partijreclame<\/li><li>Opmerkingen of links zonder verwijzing naar het betreffende bericht<\/li><li>Misbruik voor reclamedoeleinden<\/li><li>Publicaties uit forum-\/blogberichten, priv\u00e9correspondentie of priv\u00e9gegevens (bijv. adres, e-mailadres of telefoonnummer)<\/li><\/ul>\n\n<p>We behouden ons het recht voor om opmerkingen te verwijderen en &#8220;herhaaldelijke overtreders&#8221; indien nodig te blokkeren. Elke gebruiker is verantwoordelijk voor de door hemzelf gepubliceerde bijdragen. Wij aanvaarden hiervoor geen enkele aansprakelijkheid.<br\/>Onthoud altijd dat internet niets vergeet en dat u hoogstwaarschijnlijk niet anoniem bent.<br\/>We hopen dat u geniet van ons aanbod op sociale media!<br\/><br\/>Stand: November 2022<\/p>\n","protected":false},"excerpt":{"rendered":"<p>Aanbieder, informatie over gegevensbescherming, juridische mededelingen en nettiquette voor de door ons aangeboden en beheerde social media platformen. Aanbieder ELTAKO GmbHHofener Stra\u00dfe 54 70736 FellbachTel.: 0711 94350000E-Mail: info@eltako.de Ondernemingsregister van inschrijving: StuttgartRegistratienummer: HRB261445Directeur: Ulrich Horst Ziegler, Ulrich ZieglerBtw-identificatienummer: DE147330893 Privacyverklaring voor het gebruik van onze social media kanalen Onze social media kanalen worden beheerd door [&hellip;]<\/p>\n","protected":false},"author":39,"featured_media":0,"parent":0,"menu_order":0,"comment_status":"closed","ping_status":"closed","template":"","meta":{"_acf_changed":false,"footnotes":"","_links_to":"","_links_to_target":""},"class_list":["post-135565","page","type-page","status-publish","hentry"],"acf":[],"yoast_head":"<!-- This site is optimized with the Yoast SEO plugin v27.2 - https:\/\/yoast.com\/product\/yoast-seo-wordpress\/ -->\n<title>SOCIALE MEDIA PRIVACYBELEID &#187; Eltako<\/title>\n<meta name=\"robots\" content=\"index, follow, max-snippet:-1, max-image-preview:large, max-video-preview:-1\" \/>\n<link rel=\"canonical\" href=\"https:\/\/www.eltako.com\/nl\/sociale-media-privacybeleid\/\" \/>\n<meta property=\"og:locale\" content=\"nl_NL\" \/>\n<meta property=\"og:type\" content=\"article\" \/>\n<meta property=\"og:title\" content=\"SOCIALE MEDIA PRIVACYBELEID &#187; Eltako\" \/>\n<meta property=\"og:description\" content=\"Aanbieder, informatie over gegevensbescherming, juridische mededelingen en nettiquette voor de door ons aangeboden en beheerde social media platformen. Aanbieder ELTAKO GmbHHofener Stra\u00dfe 54 70736 FellbachTel.: 0711 94350000E-Mail: info@eltako.de Ondernemingsregister van inschrijving: StuttgartRegistratienummer: HRB261445Directeur: Ulrich Horst Ziegler, Ulrich ZieglerBtw-identificatienummer: DE147330893 Privacyverklaring voor het gebruik van onze social media kanalen Onze social media kanalen worden beheerd door [&hellip;]\" \/>\n<meta property=\"og:url\" content=\"https:\/\/www.eltako.com\/nl\/sociale-media-privacybeleid\/\" \/>\n<meta property=\"og:site_name\" content=\"Eltako\" \/>\n<meta property=\"article:modified_time\" content=\"2024-01-10T07:46:00+00:00\" \/>\n<meta name=\"twitter:card\" content=\"summary_large_image\" \/>\n<meta name=\"twitter:label1\" content=\"Geschatte leestijd\" \/>\n\t<meta name=\"twitter:data1\" content=\"6 minuten\" \/>\n<script type=\"application\/ld+json\" class=\"yoast-schema-graph\">{\"@context\":\"https:\/\/schema.org\",\"@graph\":[{\"@type\":\"WebPage\",\"@id\":\"https:\/\/www.eltako.com\/nl\/sociale-media-privacybeleid\/\",\"url\":\"https:\/\/www.eltako.com\/nl\/sociale-media-privacybeleid\/\",\"name\":\"SOCIALE MEDIA PRIVACYBELEID &#187; Eltako\",\"isPartOf\":{\"@id\":\"https:\/\/www.eltako.com\/en\/#website\"},\"datePublished\":\"2024-01-10T07:45:42+00:00\",\"dateModified\":\"2024-01-10T07:46:00+00:00\",\"breadcrumb\":{\"@id\":\"https:\/\/www.eltako.com\/nl\/sociale-media-privacybeleid\/#breadcrumb\"},\"inLanguage\":\"nl-NL\",\"potentialAction\":[{\"@type\":\"ReadAction\",\"target\":[\"https:\/\/www.eltako.com\/nl\/sociale-media-privacybeleid\/\"]}]},{\"@type\":\"BreadcrumbList\",\"@id\":\"https:\/\/www.eltako.com\/nl\/sociale-media-privacybeleid\/#breadcrumb\",\"itemListElement\":[{\"@type\":\"ListItem\",\"position\":1,\"name\":\"Home\",\"item\":\"https:\/\/www.eltako.com\/nl\/\"},{\"@type\":\"ListItem\",\"position\":2,\"name\":\"SOCIALE MEDIA PRIVACYBELEID\"}]},{\"@type\":\"WebSite\",\"@id\":\"https:\/\/www.eltako.com\/en\/#website\",\"url\":\"https:\/\/www.eltako.com\/en\/\",\"name\":\"Eltako\",\"description\":\"Schaltger\u00e4te, Netzteile, Stromz\u00e4hler, Dimmer, Geb\u00e4udeinstallation, Steuerungstechnik, Smart Home-L\u00f6sungen, Geb\u00e4udefunk, EnOcean-Technologie\",\"potentialAction\":[{\"@type\":\"SearchAction\",\"target\":{\"@type\":\"EntryPoint\",\"urlTemplate\":\"https:\/\/www.eltako.com\/en\/?s={search_term_string}\"},\"query-input\":{\"@type\":\"PropertyValueSpecification\",\"valueRequired\":true,\"valueName\":\"search_term_string\"}}],\"inLanguage\":\"nl-NL\"}]}<\/script>\n<!-- \/ Yoast SEO plugin. -->","yoast_head_json":{"title":"SOCIALE MEDIA PRIVACYBELEID &#187; Eltako","robots":{"index":"index","follow":"follow","max-snippet":"max-snippet:-1","max-image-preview":"max-image-preview:large","max-video-preview":"max-video-preview:-1"},"canonical":"https:\/\/www.eltako.com\/nl\/sociale-media-privacybeleid\/","og_locale":"nl_NL","og_type":"article","og_title":"SOCIALE MEDIA PRIVACYBELEID &#187; Eltako","og_description":"Aanbieder, informatie over gegevensbescherming, juridische mededelingen en nettiquette voor de door ons aangeboden en beheerde social media platformen. Aanbieder ELTAKO GmbHHofener Stra\u00dfe 54 70736 FellbachTel.: 0711 94350000E-Mail: info@eltako.de Ondernemingsregister van inschrijving: StuttgartRegistratienummer: HRB261445Directeur: Ulrich Horst Ziegler, Ulrich ZieglerBtw-identificatienummer: DE147330893 Privacyverklaring voor het gebruik van onze social media kanalen Onze social media kanalen worden beheerd door [&hellip;]","og_url":"https:\/\/www.eltako.com\/nl\/sociale-media-privacybeleid\/","og_site_name":"Eltako","article_modified_time":"2024-01-10T07:46:00+00:00","twitter_card":"summary_large_image","twitter_misc":{"Geschatte leestijd":"6 minuten"},"schema":{"@context":"https:\/\/schema.org","@graph":[{"@type":"WebPage","@id":"https:\/\/www.eltako.com\/nl\/sociale-media-privacybeleid\/","url":"https:\/\/www.eltako.com\/nl\/sociale-media-privacybeleid\/","name":"SOCIALE MEDIA PRIVACYBELEID &#187; Eltako","isPartOf":{"@id":"https:\/\/www.eltako.com\/en\/#website"},"datePublished":"2024-01-10T07:45:42+00:00","dateModified":"2024-01-10T07:46:00+00:00","breadcrumb":{"@id":"https:\/\/www.eltako.com\/nl\/sociale-media-privacybeleid\/#breadcrumb"},"inLanguage":"nl-NL","potentialAction":[{"@type":"ReadAction","target":["https:\/\/www.eltako.com\/nl\/sociale-media-privacybeleid\/"]}]},{"@type":"BreadcrumbList","@id":"https:\/\/www.eltako.com\/nl\/sociale-media-privacybeleid\/#breadcrumb","itemListElement":[{"@type":"ListItem","position":1,"name":"Home","item":"https:\/\/www.eltako.com\/nl\/"},{"@type":"ListItem","position":2,"name":"SOCIALE MEDIA PRIVACYBELEID"}]},{"@type":"WebSite","@id":"https:\/\/www.eltako.com\/en\/#website","url":"https:\/\/www.eltako.com\/en\/","name":"Eltako","description":"Schaltger\u00e4te, Netzteile, Stromz\u00e4hler, Dimmer, Geb\u00e4udeinstallation, Steuerungstechnik, Smart Home-L\u00f6sungen, Geb\u00e4udefunk, EnOcean-Technologie","potentialAction":[{"@type":"SearchAction","target":{"@type":"EntryPoint","urlTemplate":"https:\/\/www.eltako.com\/en\/?s={search_term_string}"},"query-input":{"@type":"PropertyValueSpecification","valueRequired":true,"valueName":"search_term_string"}}],"inLanguage":"nl-NL"}]}},"_links":{"self":[{"href":"https:\/\/www.eltako.com\/nl\/wp-json\/wp\/v2\/pages\/135565","targetHints":{"allow":["GET"]}}],"collection":[{"href":"https:\/\/www.eltako.com\/nl\/wp-json\/wp\/v2\/pages"}],"about":[{"href":"https:\/\/www.eltako.com\/nl\/wp-json\/wp\/v2\/types\/page"}],"author":[{"embeddable":true,"href":"https:\/\/www.eltako.com\/nl\/wp-json\/wp\/v2\/users\/39"}],"replies":[{"embeddable":true,"href":"https:\/\/www.eltako.com\/nl\/wp-json\/wp\/v2\/comments?post=135565"}],"version-history":[{"count":3,"href":"https:\/\/www.eltako.com\/nl\/wp-json\/wp\/v2\/pages\/135565\/revisions"}],"predecessor-version":[{"id":135568,"href":"https:\/\/www.eltako.com\/nl\/wp-json\/wp\/v2\/pages\/135565\/revisions\/135568"}],"wp:attachment":[{"href":"https:\/\/www.eltako.com\/nl\/wp-json\/wp\/v2\/media?parent=135565"}],"curies":[{"name":"wp","href":"https:\/\/api.w.org\/{rel}","templated":true}]}}