{"id":127170,"date":"2023-02-09T11:16:26","date_gmt":"2023-02-09T10:16:26","guid":{"rendered":"https:\/\/www.eltako.com\/informatie-over-gegevensbescherming-voor-gfa5\/"},"modified":"2023-02-09T11:26:03","modified_gmt":"2023-02-09T10:26:03","slug":"informatie-over-gegevensbescherming-voor-gfa5","status":"publish","type":"page","link":"https:\/\/www.eltako.com\/nl\/informatie-over-gegevensbescherming-voor-gfa5\/","title":{"rendered":"Informatie over gegevensbescherming voor GFA5"},"content":{"rendered":"\n<h2 class=\"wp-block-heading\">overeenkomstig artikel 13 van de algemene verordening gegevensbescherming DS-GVO<\/h2>\n\n<div style=\"height:30px\" aria-hidden=\"true\" class=\"wp-block-spacer\"><\/div>\n\n<p>Privacy is van groot belang voor ons en daarom is het ook onderdeel van onze Code of Conduct. Hierna informeren wij u welke persoonsgegevens wij verzamelen, d.w.z. over welke gegevens wij actief kunnen beschikken, op welke rechtsgrondslag wij gegevens verwerken en op welke rechten u aanspraak kunt maken.<\/p>\n\n<p><strong>Wie is verantwoordelijk voor de gegevensverwerking en met wie kunt u contact opnemen?<\/strong><br\/>Eltako GmbH<br\/>Hofener Stra\u00dfe 54<br\/>70736 Fellbach<br\/>Leiding: Horst Ulrich Ziegler, Ulrich Ziegler<br\/>E-mail: <a href=\"mailto:info@eltako.de\">info@eltako.de<\/a><\/p>\n\n<p><strong>2. Contactgegevens van de functionaris voor gegevensbescherming<\/strong><br\/>Stefan Knecht<br\/>Tel.: +49 (0) 7021 487628<br\/>E-mail: <a href=\"mailto:datenschutz@eltako.de\">datenschutz@eltako.de<\/a><\/p>\n\n<p><strong>3. verwerkingsdoeleinden en rechtsgrondslag<\/strong><br\/>Uw persoonsgegevens worden verwerkt in overeenstemming met de bepalingen van de Algemene Verordening Gegevensbescherming (DSGVO), de Wet bescherming persoonsgegevens telecommunicatie telemedia (TTDSG) en andere relevante voorschriften inzake gegevensbescherming. Verdere details en aanvullingen over de gegevens en de verwerkingsdoeleinden vindt u in onze contractuele documenten (EULA).<\/p>\n\n<p><strong>3.1 Toestemming (art. 6 lid 1 letter a DSVGO)<\/strong><br\/>Indien u ons actief toestemming hebt gegeven om persoonsgegevens voor een bepaald doel te verwerken, is de desbetreffende toestemming de rechtsgrondslag voor de daar vermelde verwerking. U kunt uw toestemming ten allen tijde intrekken met werking voor de toekomst. &gt;&gt; De toestemming voor gegevensverwerking is in Duitsland pas geldig vanaf 16 jaar. Als je jonger bent dan 16 jaar, vraag dan je ouder of voogd om toestemming. U geeft uw toestemming, bijvoorbeeld door bestaande interfaces of comfortfuncties te activeren. Dit is vooral het geval met spraakbesturing. Voordat u uw gegevens activeert\/toestemt, dient u kennis te nemen van de toepasselijke instructies voor gegevensverwerking van de dienstverleners die uw gegevens ook voor hun eigen doeleinden gebruiken. In dit verband verwijzen wij uitdrukkelijk naar par. nr. 6 betreffende passende garanties.<br\/><a href=\"https:\/\/policies.google.com\/privacy?hl=de\" target=\"_blank\" rel=\"noreferrer noopener\">https:\/\/policies.google.com\/privacy?hl=de<\/a><br\/><a href=\"https:\/\/www.amazon.de\/Datenschutzportal-f%C3%BCr-Alexa\/\" target=\"_blank\" rel=\"noreferrer noopener\">https:\/\/www.amazon.de\/Datenschutzportal-f%C3%BCr-Alexa\/<\/a><\/p>\n\n<p><strong>3.2 Uitvoering van een overeenkomst (paragraaf 6, lid 1, onder b))<\/strong><br\/>Wij verwerken uw persoonsgegevens op basis van onze eindgebruikerslicentieovereenkomst met u. De gegevens worden verwerkt voor de volgende doeleinden:<\/p>\n\n<ul class=\"wp-block-list\">\n<li>Opzetten van een klantenregistratie met cloudfunctie<\/li>\n\n\n\n<li>Zorgen voor functionaliteit<\/li>\n\n\n\n<li>Producten en diensten leveren en verbeteren<\/li>\n\n\n\n<li>Productondersteuning<\/li>\n\n\n\n<li>De naleving van de licentieovereenkomst controleren<\/li>\n\n\n\n<li>Documentatie van de aanvaarding van de EULA<\/li>\n<\/ul>\n\n<p><strong>3.3 Nakoming van wettelijke verplichtingen (par. 6 lid 1 lit. c DSGVO)<\/strong><br\/>Wij verwerken uw persoonsgegevens wanneer dit noodzakelijk is om te voldoen aan de wettelijke verplichtingen. Bijv. op bevel van een informatieprocedure of een bewaartermijn van een belastingcode.<\/p>\n\n<p><strong>3.4 Gerechtvaardigd belang van ons of van derden (par. 6 lid 1 lit. f DSGVO)<\/strong><br\/>We kunnen uw persoonsgegevens ook gebruiken op basis van een belangenafweging om onze legitieme belangen of die van derden te beschermen. Dit wordt gedaan voor de volgende doeleinden:<\/p>\n\n<ul class=\"wp-block-list\">\n<li>voor het verdedigen of doen gelden van rechtsvorderingen<\/li>\n\n\n\n<li>Controle op misbruik en zorgen voor systeem-\/netwerkbeveiliging<\/li>\n\n\n\n<li>Niet-gepersonaliseerde statistieken om producten en marketingconcepten te verbeteren<\/li>\n\n\n\n<li>Op interesses gebaseerde reclame wordt momenteel niet gemaakt. Mocht dit later worden ingevoerd, dan krijgen onze gebruikers een OPT-OUT optie voor de bijbehorende automatische samenvoeging\/analyse van gegevens.<\/li>\n<\/ul>\n\n<p><strong>4. categorie\u00ebn van door ons verwerkte persoonsgegevens<\/strong><br\/>De volgende gegevens worden verwerkt:<\/p>\n\n<ul class=\"wp-block-list\">\n<li>Naam, voornaam -&gt; U hoeft hier niet uw echte naam in te vullen. Een pseudoniem is voldoende.<\/li>\n\n\n\n<li>Accountgegevens (e-mailadres, wachtwoord en bijbehorende geleverde inhoud (ingeleerde apparaten &amp; serienummer))<\/li>\n\n\n\n<li>IP-adres en tijdstempel<\/li>\n\n\n\n<li>Diagnostische gegevens<\/li>\n\n\n\n<li>Systeem- en apparaatgegevens van uw eindapparaat<\/li>\n\n\n\n<li>Apparaatgebeurtenissen en apparaattoestanden wanneer u een storing meldt<\/li>\n\n\n\n<li>Gegevens die ontstaan wanneer comfortfuncties worden geactiveerd (bv. locatie, aansluiting van spraakbesturing)<\/li>\n<\/ul>\n\n<p><strong>5. wie ontvangt uw gegevens?<\/strong><\/p>\n\n<ul class=\"wp-block-list\">\n<li>Verwerkers (art. 28 DSVGO) of dienstverleners die door ons worden gebruikt voor ondersteunende activiteiten, met name op het gebied van IT-diensten, softwareleveranciers, externe datacenters, ondersteuning\/onderhoud van IT-toepassingen, hosting, ontwikkeling, analyse, gemaksfuncties.<\/li>\n\n\n\n<li>Onafhankelijke derden indien dit noodzakelijk is om te voldoen aan wettelijke vereisten (bijvoorbeeld belastingadviseurs).<\/li>\n<\/ul>\n\n<p>Onze geselecteerde dienstverleners moeten voldoen aan speciale vertrouwelijkheidseisen. Zij hebben toegang tot persoonsgegevens in de beperkte mate en voor de beperkte duur die nodig zijn voor de uitvoering van de taak of taken.<\/p>\n\n<p><strong>6. doorgifte van uw gegevens aan een derde land of een internationale organisatie<\/strong><br\/>Wanneer u comfortfuncties activeert, met name spraakbesturing, ontvangen providers die in een onveilig derde land zijn gevestigd uw gegevens. Bij ons weten zijn er geen passende waarborgen voor uw rechten en vrijheden voor deze gegevensoverdrachten. Wees u hiervan bewust voordat u deze interfaces gebruikt.<\/p>\n\n<p>Wij verwerken geen gegevens buiten de EU of de EER. Mochten wij daar later toe besluiten, dan zullen wij bijzondere nadruk leggen op passende garanties.<\/p>\n\n<p><strong>7. Hoe lang bewaren we uw gegevens?<\/strong><br\/>De bewaartermijn hangt af van het doel van de verwerking en is zo lang als nodig is om het beoogde doel te bereiken. De gegevens worden vervolgens gewist of onomkeerbaar geanonimiseerd, bijvoorbeeld door samenvoeging of verwijdering van gegevens die heridentificatie mogelijk maken.<br\/><br\/>Wanneer er een wettelijke verjaringstermijn geldt, bewaren wij bepaalde persoonsgegevens tot het einde van die termijn.<br\/><br\/>Indien wij op grond van wettelijke verplichtingen de gegevens moeten blijven opslaan, wordt de verwerking ervan beperkt en wordt de toegang tot de gegevens geblokkeerd.<br\/>U kunt uw klantenaccount zelf verwijderen via de APP.<\/p>\n\n<p><strong>8. in hoeverre is er sprake van geautomatiseerde besluitvorming in individuele gevallen (met inbegrip van profilering)?<\/strong><br\/>Wij maken geen gebruik van zuiver geautomatiseerde besluitvormingsprocessen overeenkomstig artikel 22 van de DSGVO. Indien wij deze procedures in individuele gevallen toepassen, zullen wij u hierover afzonderlijk informeren indien dit wettelijk vereist is.<\/p>\n\n<p><strong>9. Uw rechten inzake gegevensbescherming <\/strong><br\/>U heeft het recht op informatie krachtens artikel 15 van de DSGVO, het recht op rectificatie krachtens artikel 16 van de DSGVO, het recht op wissen krachtens artikel 17 van de DSGVO, het recht op beperking van de verwerking krachtens artikel 18 van de DSGVO en het recht op gegevensportabiliteit krachtens artikel 20 van de DSGVO. Volgens art. 21 DSGVO bestaat in principe het recht om bezwaar te maken tegen de verwerking van persoonsgegevens door ons, mits de verwerking berust op een gerechtvaardigd belang (art. 6 lid 1 letter f DSGVO). Dit recht van bezwaar geldt echter alleen in geval van zeer bijzondere omstandigheden van uw persoonlijke situatie, waarbij rechten van ons bedrijf mogelijk in strijd zijn met uw recht van bezwaar.<br\/>Met betrekking tot het recht op informatie en het recht op verwijdering zijn de beperkingen volgens \u00a7\u00a7 34 en 35 DSGVO van toepassing.<br\/>Als u een van deze rechten wilt uitoefenen, kunt u contact opnemen met onze functionaris voor gegevensbescherming op <a href=\"mailto:datenschutz@eltako.de\">datenschutz@eltako.de.<\/a><br\/><br\/>U heeft een recht van beroep bij de toezichthoudende autoriteit voor gegevensbescherming (art. 77 DSGVO). De voor ons verantwoordelijke toezichthoudende autoriteit is:<br\/>De staatscommissaris voor gegevensbescherming en vrijheid van informatie<br\/>Lautenschlagerstra\u00dfe 20<br\/>70173 Stuttgart<\/p>\n\n<p><strong>10. Omvang van uw verplichtingen om ons uw gegevens te verstrekken<\/strong><br\/>U hoeft alleen de gegevens te verstrekken die nodig zijn voor de uitvoering van het contract, met name de functionaliteit, de verbetering en de ondersteunende diensten. In het geval van facultatieve gegevens kan niet-verstrekking betekenen dat de dienst niet zoals gebruikelijk kan worden verleend, zoals de activering van comfortfuncties.<\/p>\n\n<div style=\"height:30px\" aria-hidden=\"true\" class=\"wp-block-spacer\"><\/div>\n\n<p>Status: 27.01.2023<\/p>\n","protected":false},"excerpt":{"rendered":"<p>overeenkomstig artikel 13 van de algemene verordening gegevensbescherming DS-GVO Privacy is van groot belang voor ons en daarom is het ook onderdeel van onze Code of Conduct. Hierna informeren wij u welke persoonsgegevens wij verzamelen, d.w.z. over welke gegevens wij actief kunnen beschikken, op welke rechtsgrondslag wij gegevens verwerken en op welke rechten u aanspraak [&hellip;]<\/p>\n","protected":false},"author":39,"featured_media":0,"parent":0,"menu_order":0,"comment_status":"closed","ping_status":"closed","template":"","meta":{"_acf_changed":false,"footnotes":"","_links_to":"","_links_to_target":""},"class_list":["post-127170","page","type-page","status-publish","hentry"],"acf":[],"yoast_head":"<!-- This site is optimized with the Yoast SEO plugin v27.2 - https:\/\/yoast.com\/product\/yoast-seo-wordpress\/ -->\n<title>Informatie over gegevensbescherming voor GFA5 &#187; Eltako<\/title>\n<meta name=\"robots\" content=\"index, follow, max-snippet:-1, max-image-preview:large, max-video-preview:-1\" \/>\n<link rel=\"canonical\" href=\"https:\/\/www.eltako.com\/nl\/informatie-over-gegevensbescherming-voor-gfa5\/\" \/>\n<meta property=\"og:locale\" content=\"nl_NL\" \/>\n<meta property=\"og:type\" content=\"article\" \/>\n<meta property=\"og:title\" content=\"Informatie over gegevensbescherming voor GFA5 &#187; Eltako\" \/>\n<meta property=\"og:description\" content=\"overeenkomstig artikel 13 van de algemene verordening gegevensbescherming DS-GVO Privacy is van groot belang voor ons en daarom is het ook onderdeel van onze Code of Conduct. Hierna informeren wij u welke persoonsgegevens wij verzamelen, d.w.z. over welke gegevens wij actief kunnen beschikken, op welke rechtsgrondslag wij gegevens verwerken en op welke rechten u aanspraak [&hellip;]\" \/>\n<meta property=\"og:url\" content=\"https:\/\/www.eltako.com\/nl\/informatie-over-gegevensbescherming-voor-gfa5\/\" \/>\n<meta property=\"og:site_name\" content=\"Eltako\" \/>\n<meta property=\"article:modified_time\" content=\"2023-02-09T10:26:03+00:00\" \/>\n<meta name=\"twitter:card\" content=\"summary_large_image\" \/>\n<meta name=\"twitter:label1\" content=\"Geschatte leestijd\" \/>\n\t<meta name=\"twitter:data1\" content=\"5 minuten\" \/>\n<script type=\"application\/ld+json\" class=\"yoast-schema-graph\">{\"@context\":\"https:\/\/schema.org\",\"@graph\":[{\"@type\":\"WebPage\",\"@id\":\"https:\/\/www.eltako.com\/nl\/informatie-over-gegevensbescherming-voor-gfa5\/\",\"url\":\"https:\/\/www.eltako.com\/nl\/informatie-over-gegevensbescherming-voor-gfa5\/\",\"name\":\"Informatie over gegevensbescherming voor GFA5 &#187; Eltako\",\"isPartOf\":{\"@id\":\"https:\/\/www.eltako.com\/en\/#website\"},\"datePublished\":\"2023-02-09T10:16:26+00:00\",\"dateModified\":\"2023-02-09T10:26:03+00:00\",\"breadcrumb\":{\"@id\":\"https:\/\/www.eltako.com\/nl\/informatie-over-gegevensbescherming-voor-gfa5\/#breadcrumb\"},\"inLanguage\":\"nl-NL\",\"potentialAction\":[{\"@type\":\"ReadAction\",\"target\":[\"https:\/\/www.eltako.com\/nl\/informatie-over-gegevensbescherming-voor-gfa5\/\"]}]},{\"@type\":\"BreadcrumbList\",\"@id\":\"https:\/\/www.eltako.com\/nl\/informatie-over-gegevensbescherming-voor-gfa5\/#breadcrumb\",\"itemListElement\":[{\"@type\":\"ListItem\",\"position\":1,\"name\":\"Home\",\"item\":\"https:\/\/www.eltako.com\/nl\/\"},{\"@type\":\"ListItem\",\"position\":2,\"name\":\"Informatie over gegevensbescherming voor GFA5\"}]},{\"@type\":\"WebSite\",\"@id\":\"https:\/\/www.eltako.com\/en\/#website\",\"url\":\"https:\/\/www.eltako.com\/en\/\",\"name\":\"Eltako\",\"description\":\"Schaltger\u00e4te, Netzteile, Stromz\u00e4hler, Dimmer, Geb\u00e4udeinstallation, Steuerungstechnik, Smart Home-L\u00f6sungen, Geb\u00e4udefunk, EnOcean-Technologie\",\"potentialAction\":[{\"@type\":\"SearchAction\",\"target\":{\"@type\":\"EntryPoint\",\"urlTemplate\":\"https:\/\/www.eltako.com\/en\/?s={search_term_string}\"},\"query-input\":{\"@type\":\"PropertyValueSpecification\",\"valueRequired\":true,\"valueName\":\"search_term_string\"}}],\"inLanguage\":\"nl-NL\"}]}<\/script>\n<!-- \/ Yoast SEO plugin. -->","yoast_head_json":{"title":"Informatie over gegevensbescherming voor GFA5 &#187; Eltako","robots":{"index":"index","follow":"follow","max-snippet":"max-snippet:-1","max-image-preview":"max-image-preview:large","max-video-preview":"max-video-preview:-1"},"canonical":"https:\/\/www.eltako.com\/nl\/informatie-over-gegevensbescherming-voor-gfa5\/","og_locale":"nl_NL","og_type":"article","og_title":"Informatie over gegevensbescherming voor GFA5 &#187; Eltako","og_description":"overeenkomstig artikel 13 van de algemene verordening gegevensbescherming DS-GVO Privacy is van groot belang voor ons en daarom is het ook onderdeel van onze Code of Conduct. Hierna informeren wij u welke persoonsgegevens wij verzamelen, d.w.z. over welke gegevens wij actief kunnen beschikken, op welke rechtsgrondslag wij gegevens verwerken en op welke rechten u aanspraak [&hellip;]","og_url":"https:\/\/www.eltako.com\/nl\/informatie-over-gegevensbescherming-voor-gfa5\/","og_site_name":"Eltako","article_modified_time":"2023-02-09T10:26:03+00:00","twitter_card":"summary_large_image","twitter_misc":{"Geschatte leestijd":"5 minuten"},"schema":{"@context":"https:\/\/schema.org","@graph":[{"@type":"WebPage","@id":"https:\/\/www.eltako.com\/nl\/informatie-over-gegevensbescherming-voor-gfa5\/","url":"https:\/\/www.eltako.com\/nl\/informatie-over-gegevensbescherming-voor-gfa5\/","name":"Informatie over gegevensbescherming voor GFA5 &#187; Eltako","isPartOf":{"@id":"https:\/\/www.eltako.com\/en\/#website"},"datePublished":"2023-02-09T10:16:26+00:00","dateModified":"2023-02-09T10:26:03+00:00","breadcrumb":{"@id":"https:\/\/www.eltako.com\/nl\/informatie-over-gegevensbescherming-voor-gfa5\/#breadcrumb"},"inLanguage":"nl-NL","potentialAction":[{"@type":"ReadAction","target":["https:\/\/www.eltako.com\/nl\/informatie-over-gegevensbescherming-voor-gfa5\/"]}]},{"@type":"BreadcrumbList","@id":"https:\/\/www.eltako.com\/nl\/informatie-over-gegevensbescherming-voor-gfa5\/#breadcrumb","itemListElement":[{"@type":"ListItem","position":1,"name":"Home","item":"https:\/\/www.eltako.com\/nl\/"},{"@type":"ListItem","position":2,"name":"Informatie over gegevensbescherming voor GFA5"}]},{"@type":"WebSite","@id":"https:\/\/www.eltako.com\/en\/#website","url":"https:\/\/www.eltako.com\/en\/","name":"Eltako","description":"Schaltger\u00e4te, Netzteile, Stromz\u00e4hler, Dimmer, Geb\u00e4udeinstallation, Steuerungstechnik, Smart Home-L\u00f6sungen, Geb\u00e4udefunk, EnOcean-Technologie","potentialAction":[{"@type":"SearchAction","target":{"@type":"EntryPoint","urlTemplate":"https:\/\/www.eltako.com\/en\/?s={search_term_string}"},"query-input":{"@type":"PropertyValueSpecification","valueRequired":true,"valueName":"search_term_string"}}],"inLanguage":"nl-NL"}]}},"_links":{"self":[{"href":"https:\/\/www.eltako.com\/nl\/wp-json\/wp\/v2\/pages\/127170","targetHints":{"allow":["GET"]}}],"collection":[{"href":"https:\/\/www.eltako.com\/nl\/wp-json\/wp\/v2\/pages"}],"about":[{"href":"https:\/\/www.eltako.com\/nl\/wp-json\/wp\/v2\/types\/page"}],"author":[{"embeddable":true,"href":"https:\/\/www.eltako.com\/nl\/wp-json\/wp\/v2\/users\/39"}],"replies":[{"embeddable":true,"href":"https:\/\/www.eltako.com\/nl\/wp-json\/wp\/v2\/comments?post=127170"}],"version-history":[{"count":3,"href":"https:\/\/www.eltako.com\/nl\/wp-json\/wp\/v2\/pages\/127170\/revisions"}],"predecessor-version":[{"id":127176,"href":"https:\/\/www.eltako.com\/nl\/wp-json\/wp\/v2\/pages\/127170\/revisions\/127176"}],"wp:attachment":[{"href":"https:\/\/www.eltako.com\/nl\/wp-json\/wp\/v2\/media?parent=127170"}],"curies":[{"name":"wp","href":"https:\/\/api.w.org\/{rel}","templated":true}]}}