{"id":31818,"date":"2022-01-26T21:37:32","date_gmt":"2022-01-26T20:37:32","guid":{"rendered":"https:\/\/betax923lb8kd7v0.eltako.de\/amici-di-hue\/"},"modified":"2024-02-27T18:00:24","modified_gmt":"2024-02-27T17:00:24","slug":"amici-di-hue","status":"publish","type":"page","link":"https:\/\/www.eltako.com\/it\/company\/partners-alliances\/amici-di-hue\/","title":{"rendered":"Friends of Hue"},"content":{"rendered":"\n<h2 class=\"wp-block-heading\">Friends of Hue<\/h2>\n\n<div style=\"height:50px\" aria-hidden=\"true\" class=\"wp-block-spacer\"><\/div>\n\n<figure class=\"wp-block-image size-large\"><img decoding=\"async\" width=\"1024\" height=\"577\" src=\"https:\/\/www.eltako.com\/wp-content\/uploads\/2021\/09\/foh-1-1024x577.jpg\" alt=\"\" class=\"wp-image-23435\" srcset=\"https:\/\/www.eltako.com\/wp-content\/uploads\/2021\/09\/foh-1-1024x577.jpg 1024w, https:\/\/www.eltako.com\/wp-content\/uploads\/2021\/09\/foh-1-300x169.jpg 300w, https:\/\/www.eltako.com\/wp-content\/uploads\/2021\/09\/foh-1-768x433.jpg 768w, https:\/\/www.eltako.com\/wp-content\/uploads\/2021\/09\/foh-1-600x338.jpg 600w, https:\/\/www.eltako.com\/wp-content\/uploads\/2021\/09\/foh-1.jpg 1500w\" sizes=\"(max-width: 1024px) 100vw, 1024px\" \/><\/figure>\n\n<div style=\"height:50px\" aria-hidden=\"true\" class=\"wp-block-spacer\"><\/div>\n\n<p class=\"has-medium-font-size\">Il programma Philips &#8220;Friends of Hue&#8221; offre ai clienti la possibilit\u00e0 di creare i propri scenari di illuminazione e di modificare a piacimento sia la luminosit\u00e0 che il colore. Le loro lampade sono adatte a qualsiasi ambiente e a qualsiasi tipo di illuminazione. Il loro design semplice ma chic e la miriade di opzioni cromatiche permettono di adattarsi a qualsiasi arredamento e di aggiungere un tocco personale.<\/p>\n\n<p class=\"has-medium-font-size\">Consentono all&#8217;utente di controllarli direttamente tramite pulsanti o con il tocco dello smartphone e con la voce. Eltako offre pulsanti progettati appositamente per i &#8220;Friends of Hue&#8221;. Possono accendere e spegnere le luci, attenuarle o richiamare scenari di luce personalizzate. <\/p>\n\n\n\n<p class=\"has-medium-font-size\">They allow the user to control them directly via buttons or by touch through the smartphone and by voice. Eltako offer push buttons especially designed for the &#8220;Friends of Hue&#8221;. They can switch the lights on and off , dim them or call up personalized light scenes. <\/p>\n\n\n\n<div style=\"height:70px\" aria-hidden=\"true\" class=\"wp-block-spacer\"><\/div>\n\n\n\n<h3 class=\"wp-block-heading\"><strong>I NOSTRI PRODOTTI COMPATIBILI<\/strong><\/h3>\n\n\n\n<div style=\"height:30px\" aria-hidden=\"true\" class=\"wp-block-spacer\"><\/div>\n\n\n","protected":false},"excerpt":{"rendered":"<p>Friends of Hue Il programma Philips &#8220;Friends of Hue&#8221; offre ai clienti la possibilit\u00e0 di creare i propri scenari di illuminazione e di modificare a piacimento sia la luminosit\u00e0 che il colore. Le loro lampade sono adatte a qualsiasi ambiente e a qualsiasi tipo di illuminazione. Il loro design semplice ma chic e la miriade [&hellip;]<\/p>\n","protected":false},"author":31,"featured_media":23292,"parent":123546,"menu_order":2,"comment_status":"closed","ping_status":"closed","template":"templates\/custom_header.php","meta":{"_acf_changed":false,"footnotes":"","_links_to":"","_links_to_target":""},"class_list":["post-31818","page","type-page","status-publish","has-post-thumbnail","hentry"],"acf":[],"yoast_head":"<!-- This site is optimized with the Yoast SEO plugin v27.2 - https:\/\/yoast.com\/product\/yoast-seo-wordpress\/ -->\n<title>Friends of Hue &#187; Eltako<\/title>\n<meta name=\"robots\" content=\"index, follow, max-snippet:-1, max-image-preview:large, max-video-preview:-1\" \/>\n<link rel=\"canonical\" href=\"https:\/\/www.eltako.com\/it\/company\/partners-alliances\/amici-di-hue\/\" \/>\n<meta property=\"og:locale\" content=\"it_IT\" \/>\n<meta property=\"og:type\" content=\"article\" \/>\n<meta property=\"og:title\" content=\"Friends of Hue &#187; Eltako\" \/>\n<meta property=\"og:description\" content=\"Friends of Hue Il programma Philips &#8220;Friends of Hue&#8221; offre ai clienti la possibilit\u00e0 di creare i propri scenari di illuminazione e di modificare a piacimento sia la luminosit\u00e0 che il colore. Le loro lampade sono adatte a qualsiasi ambiente e a qualsiasi tipo di illuminazione. Il loro design semplice ma chic e la miriade [&hellip;]\" \/>\n<meta property=\"og:url\" content=\"https:\/\/www.eltako.com\/it\/company\/partners-alliances\/amici-di-hue\/\" \/>\n<meta property=\"og:site_name\" content=\"Eltako\" \/>\n<meta property=\"article:modified_time\" content=\"2024-02-27T17:00:24+00:00\" \/>\n<meta property=\"og:image\" content=\"https:\/\/www.eltako.com\/wp-content\/uploads\/2021\/09\/AdobeStock_314574426.jpeg\" \/>\n\t<meta property=\"og:image:width\" content=\"1920\" \/>\n\t<meta property=\"og:image:height\" content=\"1536\" \/>\n\t<meta property=\"og:image:type\" content=\"image\/jpeg\" \/>\n<meta name=\"twitter:card\" content=\"summary_large_image\" \/>\n<meta name=\"twitter:label1\" content=\"Tempo di lettura stimato\" \/>\n\t<meta name=\"twitter:data1\" content=\"2 minuti\" \/>\n<script type=\"application\/ld+json\" class=\"yoast-schema-graph\">{\"@context\":\"https:\/\/schema.org\",\"@graph\":[{\"@type\":\"WebPage\",\"@id\":\"https:\/\/www.eltako.com\/it\/company\/partners-alliances\/amici-di-hue\/\",\"url\":\"https:\/\/www.eltako.com\/it\/company\/partners-alliances\/amici-di-hue\/\",\"name\":\"Friends of Hue &#187; Eltako\",\"isPartOf\":{\"@id\":\"https:\/\/www.eltako.com\/en\/#website\"},\"primaryImageOfPage\":{\"@id\":\"https:\/\/www.eltako.com\/it\/company\/partners-alliances\/amici-di-hue\/#primaryimage\"},\"image\":{\"@id\":\"https:\/\/www.eltako.com\/it\/company\/partners-alliances\/amici-di-hue\/#primaryimage\"},\"thumbnailUrl\":\"https:\/\/www.eltako.com\/wp-content\/uploads\/2021\/09\/AdobeStock_314574426.jpeg\",\"datePublished\":\"2022-01-26T20:37:32+00:00\",\"dateModified\":\"2024-02-27T17:00:24+00:00\",\"breadcrumb\":{\"@id\":\"https:\/\/www.eltako.com\/it\/company\/partners-alliances\/amici-di-hue\/#breadcrumb\"},\"inLanguage\":\"it-IT\",\"potentialAction\":[{\"@type\":\"ReadAction\",\"target\":[\"https:\/\/www.eltako.com\/it\/company\/partners-alliances\/amici-di-hue\/\"]}]},{\"@type\":\"ImageObject\",\"inLanguage\":\"it-IT\",\"@id\":\"https:\/\/www.eltako.com\/it\/company\/partners-alliances\/amici-di-hue\/#primaryimage\",\"url\":\"https:\/\/www.eltako.com\/wp-content\/uploads\/2021\/09\/AdobeStock_314574426.jpeg\",\"contentUrl\":\"https:\/\/www.eltako.com\/wp-content\/uploads\/2021\/09\/AdobeStock_314574426.jpeg\",\"width\":1920,\"height\":1536},{\"@type\":\"BreadcrumbList\",\"@id\":\"https:\/\/www.eltako.com\/it\/company\/partners-alliances\/amici-di-hue\/#breadcrumb\",\"itemListElement\":[{\"@type\":\"ListItem\",\"position\":1,\"name\":\"Home\",\"item\":\"https:\/\/www.eltako.com\/it\/\"},{\"@type\":\"ListItem\",\"position\":2,\"name\":\"Azienda\",\"item\":\"https:\/\/www.eltako.com\/it\/company\/\"},{\"@type\":\"ListItem\",\"position\":3,\"name\":\"Partner e alleanze\",\"item\":\"https:\/\/www.eltako.com\/it\/company\/partners-alliances\/\"},{\"@type\":\"ListItem\",\"position\":4,\"name\":\"Friends of Hue\"}]},{\"@type\":\"WebSite\",\"@id\":\"https:\/\/www.eltako.com\/en\/#website\",\"url\":\"https:\/\/www.eltako.com\/en\/\",\"name\":\"Eltako\",\"description\":\"Schaltger\u00e4te, Netzteile, Stromz\u00e4hler, Dimmer, Geb\u00e4udeinstallation, Steuerungstechnik, Smart Home-L\u00f6sungen, Geb\u00e4udefunk, EnOcean-Technologie\",\"potentialAction\":[{\"@type\":\"SearchAction\",\"target\":{\"@type\":\"EntryPoint\",\"urlTemplate\":\"https:\/\/www.eltako.com\/en\/?s={search_term_string}\"},\"query-input\":{\"@type\":\"PropertyValueSpecification\",\"valueRequired\":true,\"valueName\":\"search_term_string\"}}],\"inLanguage\":\"it-IT\"}]}<\/script>\n<!-- \/ Yoast SEO plugin. -->","yoast_head_json":{"title":"Friends of Hue &#187; Eltako","robots":{"index":"index","follow":"follow","max-snippet":"max-snippet:-1","max-image-preview":"max-image-preview:large","max-video-preview":"max-video-preview:-1"},"canonical":"https:\/\/www.eltako.com\/it\/company\/partners-alliances\/amici-di-hue\/","og_locale":"it_IT","og_type":"article","og_title":"Friends of Hue &#187; Eltako","og_description":"Friends of Hue Il programma Philips &#8220;Friends of Hue&#8221; offre ai clienti la possibilit\u00e0 di creare i propri scenari di illuminazione e di modificare a piacimento sia la luminosit\u00e0 che il colore. Le loro lampade sono adatte a qualsiasi ambiente e a qualsiasi tipo di illuminazione. Il loro design semplice ma chic e la miriade [&hellip;]","og_url":"https:\/\/www.eltako.com\/it\/company\/partners-alliances\/amici-di-hue\/","og_site_name":"Eltako","article_modified_time":"2024-02-27T17:00:24+00:00","og_image":[{"width":1920,"height":1536,"url":"https:\/\/www.eltako.com\/wp-content\/uploads\/2021\/09\/AdobeStock_314574426.jpeg","type":"image\/jpeg"}],"twitter_card":"summary_large_image","twitter_misc":{"Tempo di lettura stimato":"2 minuti"},"schema":{"@context":"https:\/\/schema.org","@graph":[{"@type":"WebPage","@id":"https:\/\/www.eltako.com\/it\/company\/partners-alliances\/amici-di-hue\/","url":"https:\/\/www.eltako.com\/it\/company\/partners-alliances\/amici-di-hue\/","name":"Friends of Hue &#187; Eltako","isPartOf":{"@id":"https:\/\/www.eltako.com\/en\/#website"},"primaryImageOfPage":{"@id":"https:\/\/www.eltako.com\/it\/company\/partners-alliances\/amici-di-hue\/#primaryimage"},"image":{"@id":"https:\/\/www.eltako.com\/it\/company\/partners-alliances\/amici-di-hue\/#primaryimage"},"thumbnailUrl":"https:\/\/www.eltako.com\/wp-content\/uploads\/2021\/09\/AdobeStock_314574426.jpeg","datePublished":"2022-01-26T20:37:32+00:00","dateModified":"2024-02-27T17:00:24+00:00","breadcrumb":{"@id":"https:\/\/www.eltako.com\/it\/company\/partners-alliances\/amici-di-hue\/#breadcrumb"},"inLanguage":"it-IT","potentialAction":[{"@type":"ReadAction","target":["https:\/\/www.eltako.com\/it\/company\/partners-alliances\/amici-di-hue\/"]}]},{"@type":"ImageObject","inLanguage":"it-IT","@id":"https:\/\/www.eltako.com\/it\/company\/partners-alliances\/amici-di-hue\/#primaryimage","url":"https:\/\/www.eltako.com\/wp-content\/uploads\/2021\/09\/AdobeStock_314574426.jpeg","contentUrl":"https:\/\/www.eltako.com\/wp-content\/uploads\/2021\/09\/AdobeStock_314574426.jpeg","width":1920,"height":1536},{"@type":"BreadcrumbList","@id":"https:\/\/www.eltako.com\/it\/company\/partners-alliances\/amici-di-hue\/#breadcrumb","itemListElement":[{"@type":"ListItem","position":1,"name":"Home","item":"https:\/\/www.eltako.com\/it\/"},{"@type":"ListItem","position":2,"name":"Azienda","item":"https:\/\/www.eltako.com\/it\/company\/"},{"@type":"ListItem","position":3,"name":"Partner e alleanze","item":"https:\/\/www.eltako.com\/it\/company\/partners-alliances\/"},{"@type":"ListItem","position":4,"name":"Friends of Hue"}]},{"@type":"WebSite","@id":"https:\/\/www.eltako.com\/en\/#website","url":"https:\/\/www.eltako.com\/en\/","name":"Eltako","description":"Schaltger\u00e4te, Netzteile, Stromz\u00e4hler, Dimmer, Geb\u00e4udeinstallation, Steuerungstechnik, Smart Home-L\u00f6sungen, Geb\u00e4udefunk, EnOcean-Technologie","potentialAction":[{"@type":"SearchAction","target":{"@type":"EntryPoint","urlTemplate":"https:\/\/www.eltako.com\/en\/?s={search_term_string}"},"query-input":{"@type":"PropertyValueSpecification","valueRequired":true,"valueName":"search_term_string"}}],"inLanguage":"it-IT"}]}},"_links":{"self":[{"href":"https:\/\/www.eltako.com\/it\/wp-json\/wp\/v2\/pages\/31818","targetHints":{"allow":["GET"]}}],"collection":[{"href":"https:\/\/www.eltako.com\/it\/wp-json\/wp\/v2\/pages"}],"about":[{"href":"https:\/\/www.eltako.com\/it\/wp-json\/wp\/v2\/types\/page"}],"author":[{"embeddable":true,"href":"https:\/\/www.eltako.com\/it\/wp-json\/wp\/v2\/users\/31"}],"replies":[{"embeddable":true,"href":"https:\/\/www.eltako.com\/it\/wp-json\/wp\/v2\/comments?post=31818"}],"version-history":[{"count":6,"href":"https:\/\/www.eltako.com\/it\/wp-json\/wp\/v2\/pages\/31818\/revisions"}],"predecessor-version":[{"id":138116,"href":"https:\/\/www.eltako.com\/it\/wp-json\/wp\/v2\/pages\/31818\/revisions\/138116"}],"up":[{"embeddable":true,"href":"https:\/\/www.eltako.com\/it\/wp-json\/wp\/v2\/pages\/123546"}],"wp:featuredmedia":[{"embeddable":true,"href":"https:\/\/www.eltako.com\/it\/wp-json\/wp\/v2\/media\/23292"}],"wp:attachment":[{"href":"https:\/\/www.eltako.com\/it\/wp-json\/wp\/v2\/media?parent=31818"}],"curies":[{"name":"wp","href":"https:\/\/api.w.org\/{rel}","templated":true}]}}