{"id":31315,"date":"2022-01-20T22:04:33","date_gmt":"2022-01-20T21:04:33","guid":{"rendered":"https:\/\/betax923lb8kd7v0.eltako.de\/impronta\/"},"modified":"2025-10-16T16:14:46","modified_gmt":"2025-10-16T14:14:46","slug":"impronta","status":"publish","type":"page","link":"https:\/\/www.eltako.com\/it\/impronta\/","title":{"rendered":"Impronta"},"content":{"rendered":"\n<div class=\"wp-block-group\"><div class=\"wp-block-group__inner-container is-layout-flow wp-block-group-is-layout-flow\">\n<div class=\"wp-block-group\"><div class=\"wp-block-group__inner-container is-layout-flow wp-block-group-is-layout-flow\">\n<b>ELTAKO GmbH<\/b><br>\nHofener Stra\u00dfe 54 <br>\n70736 Fellbach<br>\nTel.: 0711 94350000<br>\nEmail: website@eltako.de<br><br>\nTribunale del registro: Stoccarda<br>\nNumero di registrazione: HRB261445<br>\nAmministratore delegato: Ulrich Ziegler<br>\nNumero di identificazione dell&#8217;imposta sulle vendite: DE147330893\n<\/div><\/div>\n\n\n\n<p><\/p>\n<\/div><\/div>\n\n\n\n<p><\/p>\n\n\n\n<p>ELTAKO GmbH non \u00e8 responsabile di eventuali contenuti collegati o richiamati da queste pagine, a meno che ELTAKO GmbH non sia a conoscenza di contenuti illegali e non sia in grado di impedire ai visitatori del suo sito di visualizzare tali pagine. ELTAKO GmbH dichiara espressamente che, al momento della creazione dei link, sulle pagine collegate non erano visibili contenuti illegali. ELTAKO GmbH non ha alcuna influenza sulla struttura attuale e futura, sui contenuti e sulla paternit\u00e0 delle pagine collegate.<\/p>\n\n\n\n<p>Pertanto si dissocia espressamente da tutti i contenuti di tutti i lati collegati, che sono stati modificati dopo l&#8217;impostazione del collegamento.<\/p>\n\n\n\n<p>Per i contenuti illegali, errati o incompleti e soprattutto per i danni derivanti dall&#8217;uso o dal mancato uso di tali informazioni, \u00e8 responsabile solo il fornitore del sito a cui si fa riferimento, non colui che ha collegato la rispettiva pubblicazione.<\/p>\n\n\n\n<p><a href=\"https:\/\/www.take-e-way.de\/leistungen\/elektrogesetz-weee-elektrog\/berichts-informationspflichten\/\">Obblighi di informazione ai sensi del \u00a718 Abs. 2 Legge sulle apparecchiature elettriche ed elettroniche<\/a><\/p>\n\n\n\n<p><\/p>\n\n\n\n<p>Batteriegesetz-Registierungsnummer: DE 36818306<\/p>\n\n\n\n<div class=\"wp-block-buttons is-layout-flex wp-block-buttons-is-layout-flex\">\n<div class=\"wp-block-button\"><a class=\"wp-block-button__link has-background wp-element-button\" href=\"\/wp-content\/uploads\/2023\/02\/Eltako_Gesamtkatalog_2022_it_Kap_S-4.pdf\" style=\"border-radius:0px;background-color:#0063af\">Garanzia (PDF)<\/a><\/div>\n<\/div>\n\n\n\n<p><\/p>\n","protected":false},"excerpt":{"rendered":"<p>ELTAKO GmbH Hofener Stra\u00dfe 54 70736 Fellbach Tel.: 0711 94350000 Email: website@eltako.de Tribunale del registro: Stoccarda Numero di registrazione: HRB261445 Amministratore delegato: Ulrich Ziegler Numero di identificazione dell&#8217;imposta sulle vendite: DE147330893 ELTAKO GmbH non \u00e8 responsabile di eventuali contenuti collegati o richiamati da queste pagine, a meno che ELTAKO GmbH non sia a conoscenza di [&hellip;]<\/p>\n","protected":false},"author":31,"featured_media":0,"parent":0,"menu_order":0,"comment_status":"closed","ping_status":"closed","template":"","meta":{"_acf_changed":false,"footnotes":"","_links_to":"","_links_to_target":""},"class_list":["post-31315","page","type-page","status-publish","hentry"],"acf":[],"yoast_head":"<!-- This site is optimized with the Yoast SEO plugin v27.2 - https:\/\/yoast.com\/product\/yoast-seo-wordpress\/ -->\n<title>Impronta &#187; Eltako<\/title>\n<meta name=\"robots\" content=\"index, follow, max-snippet:-1, max-image-preview:large, max-video-preview:-1\" \/>\n<link rel=\"canonical\" href=\"https:\/\/www.eltako.com\/it\/impronta\/\" \/>\n<meta property=\"og:locale\" content=\"it_IT\" \/>\n<meta property=\"og:type\" content=\"article\" \/>\n<meta property=\"og:title\" content=\"Impronta &#187; Eltako\" \/>\n<meta property=\"og:description\" content=\"ELTAKO GmbH Hofener Stra\u00dfe 54 70736 Fellbach Tel.: 0711 94350000 Email: website@eltako.de Tribunale del registro: Stoccarda Numero di registrazione: HRB261445 Amministratore delegato: Ulrich Ziegler Numero di identificazione dell&#8217;imposta sulle vendite: DE147330893 ELTAKO GmbH non \u00e8 responsabile di eventuali contenuti collegati o richiamati da queste pagine, a meno che ELTAKO GmbH non sia a conoscenza di [&hellip;]\" \/>\n<meta property=\"og:url\" content=\"https:\/\/www.eltako.com\/it\/impronta\/\" \/>\n<meta property=\"og:site_name\" content=\"Eltako\" \/>\n<meta property=\"article:modified_time\" content=\"2025-10-16T14:14:46+00:00\" \/>\n<meta name=\"twitter:card\" content=\"summary_large_image\" \/>\n<meta name=\"twitter:label1\" content=\"Tempo di lettura stimato\" \/>\n\t<meta name=\"twitter:data1\" content=\"2 minuti\" \/>\n<script type=\"application\/ld+json\" class=\"yoast-schema-graph\">{\"@context\":\"https:\/\/schema.org\",\"@graph\":[{\"@type\":\"WebPage\",\"@id\":\"https:\/\/www.eltako.com\/it\/impronta\/\",\"url\":\"https:\/\/www.eltako.com\/it\/impronta\/\",\"name\":\"Impronta &#187; Eltako\",\"isPartOf\":{\"@id\":\"https:\/\/www.eltako.com\/en\/#website\"},\"datePublished\":\"2022-01-20T21:04:33+00:00\",\"dateModified\":\"2025-10-16T14:14:46+00:00\",\"breadcrumb\":{\"@id\":\"https:\/\/www.eltako.com\/it\/impronta\/#breadcrumb\"},\"inLanguage\":\"it-IT\",\"potentialAction\":[{\"@type\":\"ReadAction\",\"target\":[\"https:\/\/www.eltako.com\/it\/impronta\/\"]}]},{\"@type\":\"BreadcrumbList\",\"@id\":\"https:\/\/www.eltako.com\/it\/impronta\/#breadcrumb\",\"itemListElement\":[{\"@type\":\"ListItem\",\"position\":1,\"name\":\"Home\",\"item\":\"https:\/\/www.eltako.com\/it\/\"},{\"@type\":\"ListItem\",\"position\":2,\"name\":\"Impronta\"}]},{\"@type\":\"WebSite\",\"@id\":\"https:\/\/www.eltako.com\/en\/#website\",\"url\":\"https:\/\/www.eltako.com\/en\/\",\"name\":\"Eltako\",\"description\":\"Schaltger\u00e4te, Netzteile, Stromz\u00e4hler, Dimmer, Geb\u00e4udeinstallation, Steuerungstechnik, Smart Home-L\u00f6sungen, Geb\u00e4udefunk, EnOcean-Technologie\",\"potentialAction\":[{\"@type\":\"SearchAction\",\"target\":{\"@type\":\"EntryPoint\",\"urlTemplate\":\"https:\/\/www.eltako.com\/en\/?s={search_term_string}\"},\"query-input\":{\"@type\":\"PropertyValueSpecification\",\"valueRequired\":true,\"valueName\":\"search_term_string\"}}],\"inLanguage\":\"it-IT\"}]}<\/script>\n<!-- \/ Yoast SEO plugin. -->","yoast_head_json":{"title":"Impronta &#187; Eltako","robots":{"index":"index","follow":"follow","max-snippet":"max-snippet:-1","max-image-preview":"max-image-preview:large","max-video-preview":"max-video-preview:-1"},"canonical":"https:\/\/www.eltako.com\/it\/impronta\/","og_locale":"it_IT","og_type":"article","og_title":"Impronta &#187; Eltako","og_description":"ELTAKO GmbH Hofener Stra\u00dfe 54 70736 Fellbach Tel.: 0711 94350000 Email: website@eltako.de Tribunale del registro: Stoccarda Numero di registrazione: HRB261445 Amministratore delegato: Ulrich Ziegler Numero di identificazione dell&#8217;imposta sulle vendite: DE147330893 ELTAKO GmbH non \u00e8 responsabile di eventuali contenuti collegati o richiamati da queste pagine, a meno che ELTAKO GmbH non sia a conoscenza di [&hellip;]","og_url":"https:\/\/www.eltako.com\/it\/impronta\/","og_site_name":"Eltako","article_modified_time":"2025-10-16T14:14:46+00:00","twitter_card":"summary_large_image","twitter_misc":{"Tempo di lettura stimato":"2 minuti"},"schema":{"@context":"https:\/\/schema.org","@graph":[{"@type":"WebPage","@id":"https:\/\/www.eltako.com\/it\/impronta\/","url":"https:\/\/www.eltako.com\/it\/impronta\/","name":"Impronta &#187; Eltako","isPartOf":{"@id":"https:\/\/www.eltako.com\/en\/#website"},"datePublished":"2022-01-20T21:04:33+00:00","dateModified":"2025-10-16T14:14:46+00:00","breadcrumb":{"@id":"https:\/\/www.eltako.com\/it\/impronta\/#breadcrumb"},"inLanguage":"it-IT","potentialAction":[{"@type":"ReadAction","target":["https:\/\/www.eltako.com\/it\/impronta\/"]}]},{"@type":"BreadcrumbList","@id":"https:\/\/www.eltako.com\/it\/impronta\/#breadcrumb","itemListElement":[{"@type":"ListItem","position":1,"name":"Home","item":"https:\/\/www.eltako.com\/it\/"},{"@type":"ListItem","position":2,"name":"Impronta"}]},{"@type":"WebSite","@id":"https:\/\/www.eltako.com\/en\/#website","url":"https:\/\/www.eltako.com\/en\/","name":"Eltako","description":"Schaltger\u00e4te, Netzteile, Stromz\u00e4hler, Dimmer, Geb\u00e4udeinstallation, Steuerungstechnik, Smart Home-L\u00f6sungen, Geb\u00e4udefunk, EnOcean-Technologie","potentialAction":[{"@type":"SearchAction","target":{"@type":"EntryPoint","urlTemplate":"https:\/\/www.eltako.com\/en\/?s={search_term_string}"},"query-input":{"@type":"PropertyValueSpecification","valueRequired":true,"valueName":"search_term_string"}}],"inLanguage":"it-IT"}]}},"_links":{"self":[{"href":"https:\/\/www.eltako.com\/it\/wp-json\/wp\/v2\/pages\/31315","targetHints":{"allow":["GET"]}}],"collection":[{"href":"https:\/\/www.eltako.com\/it\/wp-json\/wp\/v2\/pages"}],"about":[{"href":"https:\/\/www.eltako.com\/it\/wp-json\/wp\/v2\/types\/page"}],"author":[{"embeddable":true,"href":"https:\/\/www.eltako.com\/it\/wp-json\/wp\/v2\/users\/31"}],"replies":[{"embeddable":true,"href":"https:\/\/www.eltako.com\/it\/wp-json\/wp\/v2\/comments?post=31315"}],"version-history":[{"count":4,"href":"https:\/\/www.eltako.com\/it\/wp-json\/wp\/v2\/pages\/31315\/revisions"}],"predecessor-version":[{"id":147469,"href":"https:\/\/www.eltako.com\/it\/wp-json\/wp\/v2\/pages\/31315\/revisions\/147469"}],"wp:attachment":[{"href":"https:\/\/www.eltako.com\/it\/wp-json\/wp\/v2\/media?parent=31315"}],"curies":[{"name":"wp","href":"https:\/\/api.w.org\/{rel}","templated":true}]}}