{"id":31213,"date":"2022-01-20T20:27:48","date_gmt":"2022-01-20T19:27:48","guid":{"rendered":"https:\/\/betax923lb8kd7v0.eltako.de\/enocean\/"},"modified":"2023-02-07T08:09:15","modified_gmt":"2023-02-07T07:09:15","slug":"enocean","status":"publish","type":"page","link":"https:\/\/www.eltako.com\/it\/company\/partners-alliances\/enocean\/","title":{"rendered":"EnOcean"},"content":{"rendered":"\n<div style=\"height:50px\" aria-hidden=\"true\" class=\"wp-block-spacer\"><\/div>\n\n\n\n<h2 class=\"has-text-color wp-block-heading\" id=\"enocean\" style=\"color:#016db7\">EnOcean<\/h2>\n\n\n\n<div style=\"height:50px\" aria-hidden=\"true\" class=\"wp-block-spacer\"><\/div>\n\n\n\n<p class=\"has-medium-font-size\">Siamo entrati a far parte di EnOcean Alliance nel 2008 e da allora lavoriamo a stretto contatto con l&#8217;omonima societ\u00e0. Oggi siamo uno dei pochi promotori e siamo tra i pi\u00f9 importanti fornitori di prodotti EnOcean. <\/p>\n\n\n\n<p class=\"has-medium-font-size\">EnOcean GmbH, con sede a Oberhaching vicino a Monaco, rappresenta lo standard wireless autoalimentato ed \u00e8 un pilastro importante nella catena di fornitura di prodotti professionali per la smart home. <\/p>\n\n\n\n<p class=\"has-medium-font-size\">Pi\u00f9 di 350 aziende di vari settori si sono unite nella EnOcean Alliance per commercializzare prodotti e soluzioni che utilizzano questo standard comune e hanno equiaggiato pi\u00f9 di 1 milione di edifici in tutto il mondo.<\/p>\n\n\n\n<p class=\"has-medium-font-size\">Come partner di lunga data abbiamo portato a termine numerosi progetti insieme. Uno dei pi\u00f9 grandi ha avuto luogo nel 2015 presso il Mandarin Oriental Hotel di Macao. Questo Luxushotel offre, grazie all&#8217;intelligente installazione elettrica di Eltako ed EnOcean, comfort ed efficienza energetica in tutti gli ambienti. I sensori di qualit\u00e0 superiore sono caratterizzati da un design moderno e da un funzionamento semplice e sicuro. I pratici programmi possono essere modificati con un clic dopo aver ricevuto il consenso dei clienti. I pittogrammi dei tasti sono parlanti e migliorano l&#8217;assistenza. <\/p>\n\n\n\n<p class=\"has-medium-font-size\">Altri progetti, informazioni e altro ancora sull&#8217;azienda EnOcean <strong><a href=\"https:\/\/www.enocean.com\/en\/\">gerarchico<\/a><\/strong>. <\/p>\n\n\n\n<p><\/p>\n\n\n\n<div style=\"height:50px\" aria-hidden=\"true\" class=\"wp-block-spacer\"><\/div>\n\n\n\n<figure class=\"wp-block-image size-large\"><img decoding=\"async\" width=\"1024\" height=\"249\" src=\"https:\/\/betax923lb8kd7v0.eltako.de\/wp-content\/uploads\/2022\/02\/banner-2-1024x249.jpeg\" alt=\"\" class=\"wp-image-33516\" srcset=\"https:\/\/www.eltako.com\/wp-content\/uploads\/2022\/02\/banner-2-1024x249.jpeg 1024w, https:\/\/www.eltako.com\/wp-content\/uploads\/2022\/02\/banner-2-300x73.jpeg 300w, https:\/\/www.eltako.com\/wp-content\/uploads\/2022\/02\/banner-2-768x187.jpeg 768w, https:\/\/www.eltako.com\/wp-content\/uploads\/2022\/02\/banner-2-600x146.jpeg 600w, https:\/\/www.eltako.com\/wp-content\/uploads\/2022\/02\/banner-2.jpeg 1374w\" sizes=\"(max-width: 1024px) 100vw, 1024px\" \/><\/figure>\n\n\n\n<div style=\"height:80px\" aria-hidden=\"true\" class=\"wp-block-spacer\"><\/div>\n\n\n\n<div class=\"wp-block-columns is-layout-flex wp-container-core-columns-is-layout-9d6595d7 wp-block-columns-is-layout-flex\">\n<div class=\"wp-block-column is-layout-flow wp-block-column-is-layout-flow\">\n<p><\/p>\n\n\n\n<div style=\"height:100px\" aria-hidden=\"true\" class=\"wp-block-spacer\"><\/div>\n\n\n\n<h2 class=\"has-text-color wp-block-heading\" id=\"lorem-ipsum\" style=\"color:#016db7\"><strong>Energy Harvesting:<\/strong><\/h2>\n\n\n\n<div style=\"height:16px\" aria-hidden=\"true\" class=\"wp-block-spacer\"><\/div>\n\n\n\n<p class=\"has-medium-font-size\">La tecnologia brevettata EnOcean utilizza l&#8217;energy harvesting, che ricava dall&#8217;ambiente l&#8217;energia necessaria per la generazione del segnale. A questo scopo si utilizzano, ad esempio, convertitori di energia cinetica o celle solari, in modo da poter offrire dispositivi privi di elettricit\u00e0 di rete e quindi una tecnologia che non richiede manutenzione e che rispetta l&#8217;ambiente.<\/p>\n\n\n\n<div style=\"height:56px\" aria-hidden=\"true\" class=\"wp-block-spacer\"><\/div>\n<\/div>\n\n\n\n<div class=\"wp-block-column is-layout-flow wp-block-column-is-layout-flow\">\n<figure class=\"wp-block-image size-full\"><img decoding=\"async\" width=\"800\" height=\"1000\" src=\"https:\/\/www.eltako.com\/wp-content\/uploads\/2022\/02\/banner.jpg\" alt=\"\" class=\"wp-image-33574\" srcset=\"https:\/\/www.eltako.com\/wp-content\/uploads\/2022\/02\/banner.jpg 800w, https:\/\/www.eltako.com\/wp-content\/uploads\/2022\/02\/banner-240x300.jpg 240w, https:\/\/www.eltako.com\/wp-content\/uploads\/2022\/02\/banner-768x960.jpg 768w, https:\/\/www.eltako.com\/wp-content\/uploads\/2022\/02\/banner-600x750.jpg 600w\" sizes=\"(max-width: 800px) 100vw, 800px\" \/><\/figure>\n<\/div>\n<\/div>\n\n\n\n<div style=\"height:50px\" aria-hidden=\"true\" class=\"wp-block-spacer\"><\/div>\n\n\n\n<figure class=\"wp-block-image size-large\"><img decoding=\"async\" src=\"https:\/\/www.eltako.de\/wp-content\/uploads\/2021\/07\/Fill.m.1-1024x249.jpg\" alt=\"\" class=\"wp-image-35569\"\/><\/figure>\n\n\n\n<p><\/p>\n\n\n\n<div style=\"height:50px\" aria-hidden=\"true\" class=\"wp-block-spacer\"><\/div>\n\n\n\n<h2 class=\"has-text-color wp-block-heading\" id=\"lorem-ipsum\" style=\"color:#016db7\"><strong><strong>I nostri prodotti professionali per la smart home con lo standard Funk di EnOcean sono il punto di partenza per soluzioni intelligenti e complesse. <\/strong> <\/strong> <\/h2>\n\n\n\n<div style=\"height:50px\" aria-hidden=\"true\" class=\"wp-block-spacer\"><\/div>\n\n\n\n<p class=\"has-medium-font-size\">Grazie all&#8217;enorme flessibilit\u00e0, i componenti possono essere collocati in posizione centrale, decentrata o in combinazione tra loro. <br>Opzionale pu\u00f2 essere anche un controller per la casa intelligente con funzione di controllo, in modo da ampliare le possibilit\u00e0 dei sistemi. <\/p>\n\n\n\n<p class=\"has-medium-font-size\">Se si considera che lo standard EnOcean Funk \u00e8 integrato in diversi prodotti di molteplici produttori, si ottiene un&#8217;elevata compatibilit\u00e0. <br>In una Smart Home centralizzata \u00e8 possibile far confluire in un sistema intelligente prodotti di diversi settori e marchi. <\/p>\n\n\n\n<div style=\"height:50px\" aria-hidden=\"true\" class=\"wp-block-spacer\"><\/div>\n\n\n\n<div class=\"wp-block-columns is-layout-flex wp-container-core-columns-is-layout-9d6595d7 wp-block-columns-is-layout-flex\">\n<div class=\"wp-block-column p-3 has-background is-layout-flow wp-block-column-is-layout-flow\" style=\"background-color:#016db7\">\n<h2 class=\"has-white-color has-text-color wp-block-heading\" id=\"lorem-ipsum-1\"><\/h2>\n\n\n\n<p class=\"has-white-color has-text-color has-medium-font-size\">Se volete saperne di pi\u00f9 sul lavoro di EnOcean Alliance e sulla nostra collaborazione come partner, visitate il sito web di EnOcean Alliance. <a href=\"https:\/\/www.enocean-alliance.org\"><strong>gerarchico<\/strong><\/a>direttamente sul sito web dell&#8217;Alleanza. <\/p>\n<\/div>\n\n\n\n<div class=\"wp-block-column p-3 has-background is-layout-flow wp-block-column-is-layout-flow\" style=\"background-color:#016db7\">\n<h2 class=\"has-white-color has-text-color wp-block-heading\" id=\"lorem-ipsum-2\"><\/h2>\n\n\n\n<p class=\"has-white-color has-text-color has-medium-font-size\">Sul nostro canale YouTube mostriamo le nostre applicazioni intelligenti, che ci permettono di lavorare con i sensori Funk EnOcean. Se desideri avere una visione pi\u00f9 approfondita del controllo e dell&#8217;integrazione di questi prodotti sostenibili, vai direttamente al nostro account <strong><a href=\"https:\/\/www.youtube.com\/c\/EltakoOfficial\/videos\">qui.<\/a><\/strong> <\/p>\n\n\n\n<p><\/p>\n\n\n\n<p><\/p>\n<\/div>\n<\/div>\n\n\n\n<p><\/p>\n","protected":false},"excerpt":{"rendered":"<p>EnOcean Siamo entrati a far parte di EnOcean Alliance nel 2008 e da allora lavoriamo a stretto contatto con l&#8217;omonima societ\u00e0. Oggi siamo uno dei pochi promotori e siamo tra i pi\u00f9 importanti fornitori di prodotti EnOcean. EnOcean GmbH, con sede a Oberhaching vicino a Monaco, rappresenta lo standard wireless autoalimentato ed \u00e8 un pilastro [&hellip;]<\/p>\n","protected":false},"author":31,"featured_media":23284,"parent":123546,"menu_order":1,"comment_status":"closed","ping_status":"closed","template":"templates\/custom_header.php","meta":{"_acf_changed":false,"footnotes":"","_links_to":"","_links_to_target":""},"class_list":["post-31213","page","type-page","status-publish","has-post-thumbnail","hentry"],"acf":[],"yoast_head":"<!-- This site is optimized with the Yoast SEO plugin v27.2 - https:\/\/yoast.com\/product\/yoast-seo-wordpress\/ -->\n<title>EnOcean &#187; Eltako<\/title>\n<meta name=\"robots\" content=\"index, follow, max-snippet:-1, max-image-preview:large, max-video-preview:-1\" \/>\n<link rel=\"canonical\" href=\"https:\/\/www.eltako.com\/it\/company\/partners-alliances\/enocean\/\" \/>\n<meta property=\"og:locale\" content=\"it_IT\" \/>\n<meta property=\"og:type\" content=\"article\" \/>\n<meta property=\"og:title\" content=\"EnOcean &#187; Eltako\" \/>\n<meta property=\"og:description\" content=\"EnOcean Siamo entrati a far parte di EnOcean Alliance nel 2008 e da allora lavoriamo a stretto contatto con l&#8217;omonima societ\u00e0. Oggi siamo uno dei pochi promotori e siamo tra i pi\u00f9 importanti fornitori di prodotti EnOcean. EnOcean GmbH, con sede a Oberhaching vicino a Monaco, rappresenta lo standard wireless autoalimentato ed \u00e8 un pilastro [&hellip;]\" \/>\n<meta property=\"og:url\" content=\"https:\/\/www.eltako.com\/it\/company\/partners-alliances\/enocean\/\" \/>\n<meta property=\"og:site_name\" content=\"Eltako\" \/>\n<meta property=\"article:modified_time\" content=\"2023-02-07T07:09:15+00:00\" \/>\n<meta property=\"og:image\" content=\"https:\/\/www.eltako.com\/wp-content\/uploads\/2021\/09\/AdobeStock_134947037.jpeg\" \/>\n\t<meta property=\"og:image:width\" content=\"1920\" \/>\n\t<meta property=\"og:image:height\" content=\"1037\" \/>\n\t<meta property=\"og:image:type\" content=\"image\/jpeg\" \/>\n<meta name=\"twitter:card\" content=\"summary_large_image\" \/>\n<meta name=\"twitter:label1\" content=\"Tempo di lettura stimato\" \/>\n\t<meta name=\"twitter:data1\" content=\"3 minuti\" \/>\n<script type=\"application\/ld+json\" class=\"yoast-schema-graph\">{\"@context\":\"https:\/\/schema.org\",\"@graph\":[{\"@type\":\"WebPage\",\"@id\":\"https:\/\/www.eltako.com\/it\/company\/partners-alliances\/enocean\/\",\"url\":\"https:\/\/www.eltako.com\/it\/company\/partners-alliances\/enocean\/\",\"name\":\"EnOcean &#187; Eltako\",\"isPartOf\":{\"@id\":\"https:\/\/www.eltako.com\/en\/#website\"},\"primaryImageOfPage\":{\"@id\":\"https:\/\/www.eltako.com\/it\/company\/partners-alliances\/enocean\/#primaryimage\"},\"image\":{\"@id\":\"https:\/\/www.eltako.com\/it\/company\/partners-alliances\/enocean\/#primaryimage\"},\"thumbnailUrl\":\"https:\/\/www.eltako.com\/wp-content\/uploads\/2021\/09\/AdobeStock_134947037.jpeg\",\"datePublished\":\"2022-01-20T19:27:48+00:00\",\"dateModified\":\"2023-02-07T07:09:15+00:00\",\"breadcrumb\":{\"@id\":\"https:\/\/www.eltako.com\/it\/company\/partners-alliances\/enocean\/#breadcrumb\"},\"inLanguage\":\"it-IT\",\"potentialAction\":[{\"@type\":\"ReadAction\",\"target\":[\"https:\/\/www.eltako.com\/it\/company\/partners-alliances\/enocean\/\"]}]},{\"@type\":\"ImageObject\",\"inLanguage\":\"it-IT\",\"@id\":\"https:\/\/www.eltako.com\/it\/company\/partners-alliances\/enocean\/#primaryimage\",\"url\":\"https:\/\/www.eltako.com\/wp-content\/uploads\/2021\/09\/AdobeStock_134947037.jpeg\",\"contentUrl\":\"https:\/\/www.eltako.com\/wp-content\/uploads\/2021\/09\/AdobeStock_134947037.jpeg\",\"width\":1920,\"height\":1037},{\"@type\":\"BreadcrumbList\",\"@id\":\"https:\/\/www.eltako.com\/it\/company\/partners-alliances\/enocean\/#breadcrumb\",\"itemListElement\":[{\"@type\":\"ListItem\",\"position\":1,\"name\":\"Home\",\"item\":\"https:\/\/www.eltako.com\/it\/\"},{\"@type\":\"ListItem\",\"position\":2,\"name\":\"Azienda\",\"item\":\"https:\/\/www.eltako.com\/it\/company\/\"},{\"@type\":\"ListItem\",\"position\":3,\"name\":\"Partner e alleanze\",\"item\":\"https:\/\/www.eltako.com\/it\/company\/partners-alliances\/\"},{\"@type\":\"ListItem\",\"position\":4,\"name\":\"EnOcean\"}]},{\"@type\":\"WebSite\",\"@id\":\"https:\/\/www.eltako.com\/en\/#website\",\"url\":\"https:\/\/www.eltako.com\/en\/\",\"name\":\"Eltako\",\"description\":\"Schaltger\u00e4te, Netzteile, Stromz\u00e4hler, Dimmer, Geb\u00e4udeinstallation, Steuerungstechnik, Smart Home-L\u00f6sungen, Geb\u00e4udefunk, EnOcean-Technologie\",\"potentialAction\":[{\"@type\":\"SearchAction\",\"target\":{\"@type\":\"EntryPoint\",\"urlTemplate\":\"https:\/\/www.eltako.com\/en\/?s={search_term_string}\"},\"query-input\":{\"@type\":\"PropertyValueSpecification\",\"valueRequired\":true,\"valueName\":\"search_term_string\"}}],\"inLanguage\":\"it-IT\"}]}<\/script>\n<!-- \/ Yoast SEO plugin. -->","yoast_head_json":{"title":"EnOcean &#187; Eltako","robots":{"index":"index","follow":"follow","max-snippet":"max-snippet:-1","max-image-preview":"max-image-preview:large","max-video-preview":"max-video-preview:-1"},"canonical":"https:\/\/www.eltako.com\/it\/company\/partners-alliances\/enocean\/","og_locale":"it_IT","og_type":"article","og_title":"EnOcean &#187; Eltako","og_description":"EnOcean Siamo entrati a far parte di EnOcean Alliance nel 2008 e da allora lavoriamo a stretto contatto con l&#8217;omonima societ\u00e0. Oggi siamo uno dei pochi promotori e siamo tra i pi\u00f9 importanti fornitori di prodotti EnOcean. EnOcean GmbH, con sede a Oberhaching vicino a Monaco, rappresenta lo standard wireless autoalimentato ed \u00e8 un pilastro [&hellip;]","og_url":"https:\/\/www.eltako.com\/it\/company\/partners-alliances\/enocean\/","og_site_name":"Eltako","article_modified_time":"2023-02-07T07:09:15+00:00","og_image":[{"width":1920,"height":1037,"url":"https:\/\/www.eltako.com\/wp-content\/uploads\/2021\/09\/AdobeStock_134947037.jpeg","type":"image\/jpeg"}],"twitter_card":"summary_large_image","twitter_misc":{"Tempo di lettura stimato":"3 minuti"},"schema":{"@context":"https:\/\/schema.org","@graph":[{"@type":"WebPage","@id":"https:\/\/www.eltako.com\/it\/company\/partners-alliances\/enocean\/","url":"https:\/\/www.eltako.com\/it\/company\/partners-alliances\/enocean\/","name":"EnOcean &#187; Eltako","isPartOf":{"@id":"https:\/\/www.eltako.com\/en\/#website"},"primaryImageOfPage":{"@id":"https:\/\/www.eltako.com\/it\/company\/partners-alliances\/enocean\/#primaryimage"},"image":{"@id":"https:\/\/www.eltako.com\/it\/company\/partners-alliances\/enocean\/#primaryimage"},"thumbnailUrl":"https:\/\/www.eltako.com\/wp-content\/uploads\/2021\/09\/AdobeStock_134947037.jpeg","datePublished":"2022-01-20T19:27:48+00:00","dateModified":"2023-02-07T07:09:15+00:00","breadcrumb":{"@id":"https:\/\/www.eltako.com\/it\/company\/partners-alliances\/enocean\/#breadcrumb"},"inLanguage":"it-IT","potentialAction":[{"@type":"ReadAction","target":["https:\/\/www.eltako.com\/it\/company\/partners-alliances\/enocean\/"]}]},{"@type":"ImageObject","inLanguage":"it-IT","@id":"https:\/\/www.eltako.com\/it\/company\/partners-alliances\/enocean\/#primaryimage","url":"https:\/\/www.eltako.com\/wp-content\/uploads\/2021\/09\/AdobeStock_134947037.jpeg","contentUrl":"https:\/\/www.eltako.com\/wp-content\/uploads\/2021\/09\/AdobeStock_134947037.jpeg","width":1920,"height":1037},{"@type":"BreadcrumbList","@id":"https:\/\/www.eltako.com\/it\/company\/partners-alliances\/enocean\/#breadcrumb","itemListElement":[{"@type":"ListItem","position":1,"name":"Home","item":"https:\/\/www.eltako.com\/it\/"},{"@type":"ListItem","position":2,"name":"Azienda","item":"https:\/\/www.eltako.com\/it\/company\/"},{"@type":"ListItem","position":3,"name":"Partner e alleanze","item":"https:\/\/www.eltako.com\/it\/company\/partners-alliances\/"},{"@type":"ListItem","position":4,"name":"EnOcean"}]},{"@type":"WebSite","@id":"https:\/\/www.eltako.com\/en\/#website","url":"https:\/\/www.eltako.com\/en\/","name":"Eltako","description":"Schaltger\u00e4te, Netzteile, Stromz\u00e4hler, Dimmer, Geb\u00e4udeinstallation, Steuerungstechnik, Smart Home-L\u00f6sungen, Geb\u00e4udefunk, EnOcean-Technologie","potentialAction":[{"@type":"SearchAction","target":{"@type":"EntryPoint","urlTemplate":"https:\/\/www.eltako.com\/en\/?s={search_term_string}"},"query-input":{"@type":"PropertyValueSpecification","valueRequired":true,"valueName":"search_term_string"}}],"inLanguage":"it-IT"}]}},"_links":{"self":[{"href":"https:\/\/www.eltako.com\/it\/wp-json\/wp\/v2\/pages\/31213","targetHints":{"allow":["GET"]}}],"collection":[{"href":"https:\/\/www.eltako.com\/it\/wp-json\/wp\/v2\/pages"}],"about":[{"href":"https:\/\/www.eltako.com\/it\/wp-json\/wp\/v2\/types\/page"}],"author":[{"embeddable":true,"href":"https:\/\/www.eltako.com\/it\/wp-json\/wp\/v2\/users\/31"}],"replies":[{"embeddable":true,"href":"https:\/\/www.eltako.com\/it\/wp-json\/wp\/v2\/comments?post=31213"}],"version-history":[{"count":7,"href":"https:\/\/www.eltako.com\/it\/wp-json\/wp\/v2\/pages\/31213\/revisions"}],"predecessor-version":[{"id":126926,"href":"https:\/\/www.eltako.com\/it\/wp-json\/wp\/v2\/pages\/31213\/revisions\/126926"}],"up":[{"embeddable":true,"href":"https:\/\/www.eltako.com\/it\/wp-json\/wp\/v2\/pages\/123546"}],"wp:featuredmedia":[{"embeddable":true,"href":"https:\/\/www.eltako.com\/it\/wp-json\/wp\/v2\/media\/23284"}],"wp:attachment":[{"href":"https:\/\/www.eltako.com\/it\/wp-json\/wp\/v2\/media?parent=31213"}],"curies":[{"name":"wp","href":"https:\/\/api.w.org\/{rel}","templated":true}]}}