{"id":31194,"date":"2022-01-20T19:13:44","date_gmt":"2022-01-20T18:13:44","guid":{"rendered":"https:\/\/betax923lb8kd7v0.eltako.de\/mediola\/"},"modified":"2022-12-12T09:47:31","modified_gmt":"2022-12-12T08:47:31","slug":"mediola","status":"publish","type":"page","link":"https:\/\/www.eltako.com\/it\/company\/partners-alliances\/mediola\/","title":{"rendered":"Mediola"},"content":{"rendered":"\n<div style=\"height:40px\" aria-hidden=\"true\" class=\"wp-block-spacer\"><\/div>\n\n<p class=\"has-medium-font-size\">La collaborazione tra Eltako e mediola\u00ae combina i punti di forza di entrambe le aziende e consente di trarre il meglio dalle rispettive competenze. In questo modo si risparmiano risorse da entrambe le parti, ottenendo un prodotto ottimale al prezzo ottimale per i nostri clienti.<\/p>\n\n<div style=\"height:40px\" aria-hidden=\"true\" class=\"wp-block-spacer\"><\/div>\n\n<figure class=\"wp-block-image size-large\"><img decoding=\"async\" width=\"1024\" height=\"455\" src=\"https:\/\/betax923lb8kd7v0.eltako.de\/wp-content\/uploads\/2021\/09\/Bild-2-1024x455.png\" alt=\"\" class=\"wp-image-23391\" srcset=\"https:\/\/www.eltako.com\/wp-content\/uploads\/2021\/09\/Bild-2-1024x455.png 1024w, https:\/\/www.eltako.com\/wp-content\/uploads\/2021\/09\/Bild-2-300x133.png 300w, https:\/\/www.eltako.com\/wp-content\/uploads\/2021\/09\/Bild-2-768x341.png 768w, https:\/\/www.eltako.com\/wp-content\/uploads\/2021\/09\/Bild-2-1536x683.png 1536w, https:\/\/www.eltako.com\/wp-content\/uploads\/2021\/09\/Bild-2-600x267.png 600w, https:\/\/www.eltako.com\/wp-content\/uploads\/2021\/09\/Bild-2.png 1800w\" sizes=\"(max-width: 1024px) 100vw, 1024px\" \/><\/figure>\n\n<div style=\"height:40px\" aria-hidden=\"true\" class=\"wp-block-spacer\"><\/div>\n\n<h3 class=\"wp-block-heading\" id=\"wer-ist-mediola\"><strong>Chi \u00e8 mediola\u00ae?<\/strong><\/h3>\n\n<p class=\"has-medium-font-size\">mediola\u00ae produce soluzioni IoT e controller per la casa intelligente che consentono ai clienti di utilizzarli in tutti i marchi e settori. Con la loro soluzione, dispositivi diversi, di molti produttori diversi, possono essere combinati all&#8217;interno di un&#8217;unica installazione e completarsi a vicenda. In questo modo si risparmia tempo e denaro e il cliente rimane indipendente nella scelta dei produttori. L&#8217;azienda \u00e8 stata fondata nel 2007 a Francoforte e attualmente ha due diverse applicazioni sul mercato: L&#8217;app IQONTROL NEO \u00e8 prefabbricata, intuitiva e facile da usare, mentre l&#8217;app AIO CREATOR NEO \u00e8 adatta a un uso pi\u00f9 professionale e offre regolazioni flessibili fino a un&#8217;interfaccia utente completamente personalizzata.<\/p>\n\n<div style=\"height:40px\" aria-hidden=\"true\" class=\"wp-block-spacer\"><\/div>\n\n<figure class=\"wp-block-image size-large\"><img decoding=\"async\" width=\"1024\" height=\"455\" src=\"https:\/\/betax923lb8kd7v0.eltako.de\/wp-content\/uploads\/2021\/09\/Bild-3-1024x455.png\" alt=\"\" class=\"wp-image-23405\" srcset=\"https:\/\/www.eltako.com\/wp-content\/uploads\/2021\/09\/Bild-3-1024x455.png 1024w, https:\/\/www.eltako.com\/wp-content\/uploads\/2021\/09\/Bild-3-300x133.png 300w, https:\/\/www.eltako.com\/wp-content\/uploads\/2021\/09\/Bild-3-768x341.png 768w, https:\/\/www.eltako.com\/wp-content\/uploads\/2021\/09\/Bild-3-1536x683.png 1536w, https:\/\/www.eltako.com\/wp-content\/uploads\/2021\/09\/Bild-3-600x267.png 600w, https:\/\/www.eltako.com\/wp-content\/uploads\/2021\/09\/Bild-3.png 1800w\" sizes=\"(max-width: 1024px) 100vw, 1024px\" \/><\/figure>\n\n<div style=\"height:40px\" aria-hidden=\"true\" class=\"wp-block-spacer\"><\/div>\n\n<h3 class=\"wp-block-heading\" id=\"eltako-und-mediola\"><strong>Eltako e mediola\u00ae<\/strong><\/h3>\n\n<p class=\"has-medium-font-size\">La nostra esperienza come specialisti del controllo degli edifici e le soluzioni smart home di mediola, che coinvolgono pi\u00f9 produttori, ci permettono di collegare i nostri prodotti a quelli di altri produttori e industrie e di offrire ai clienti un&#8217;ampia gamma di applicazioni possibili.<\/p>\n\n<p class=\"has-medium-font-size\">In questo modo si crea un sistema di casa intelligente tutto in uno, con il quale ogni abitazione pu\u00f2 essere controllata e automatizzata in modo intelligente.<\/p>\n\n<p class=\"has-medium-font-size\">Il nuovo MiniSafe2, in combinazione con la nuova app GFA5, \u00e8 il primo risultato di questa collaborazione. Un controller smart home ideale per il mondo dei prodotti Eltako e un&#8217;app intuitiva per il funzionamento. Senza molte conoscenze particolari \u00e8 possibile trasformare qualsiasi casa in una smart home!<\/p>\n\n<div style=\"height:40px\" aria-hidden=\"true\" class=\"wp-block-spacer\"><\/div>\n\n<figure class=\"wp-block-image size-large\"><img decoding=\"async\" width=\"1024\" height=\"455\" src=\"https:\/\/betax923lb8kd7v0.eltako.de\/wp-content\/uploads\/2021\/09\/Bild-5-1024x455.png\" alt=\"\" class=\"wp-image-23414\" srcset=\"https:\/\/www.eltako.com\/wp-content\/uploads\/2021\/09\/Bild-5-1024x455.png 1024w, https:\/\/www.eltako.com\/wp-content\/uploads\/2021\/09\/Bild-5-300x133.png 300w, https:\/\/www.eltako.com\/wp-content\/uploads\/2021\/09\/Bild-5-768x341.png 768w, https:\/\/www.eltako.com\/wp-content\/uploads\/2021\/09\/Bild-5-1536x683.png 1536w, https:\/\/www.eltako.com\/wp-content\/uploads\/2021\/09\/Bild-5-600x267.png 600w, https:\/\/www.eltako.com\/wp-content\/uploads\/2021\/09\/Bild-5.png 1800w\" sizes=\"(max-width: 1024px) 100vw, 1024px\" \/><\/figure>\n\n<div style=\"height:40px\" aria-hidden=\"true\" class=\"wp-block-spacer\"><\/div>\n\n<h3 class=\"wp-block-heading\" id=\"social-media-prasenz-und-neue-informationen\"><strong>Presenza sui social media e nuove informazioni:<\/strong><\/h3>\n\n<p class=\"has-medium-font-size\">Su Instagram, Facebook, YouTube &amp; Co. ci sono aggiornamenti regolari su vari argomenti e quindi sempre qualcosa di nuovo sulla nostra collaborazione con mediola\u00ae.<\/p>\n\n<p class=\"has-medium-font-size\">Questo link vi porter\u00e0 al nostro sito <a href=\"#newsletter-modal\" data-toggle=\"modal\" data-target=\"#newsletter-modal\">\n \n \n <span>Newsletter<\/span>\n \n<\/a> dove \u00e8 possibile saperne di pi\u00f9 sulla cooperazione:<\/p>\n\n<p class=\"has-medium-font-size\">Se desiderate saperne di pi\u00f9 su mediola\u00ae:<\/p>\n\n<p class=\"has-medium-font-size\"><a href=\"https:\/\/www.mediola.com\">https:\/\/www.mediola.com <\/a><\/p>\n\n<p class=\"has-medium-font-size\"><a href=\"https:\/\/www.mediola.com\/eltako-mit-mediola-steuern\">https:\/\/www.mediola.com\/eltako-mit-mediola-steuern<\/a><\/p>\n\n<p class=\"has-medium-font-size\">Seguiteci su <a href=\"https:\/\/www.instagram.com\/eltako_official\/?hl=en\">Instagram<\/a> e <a href=\"https:\/\/www.facebook.com\/eltakoofficial\/\">Facebook<\/a> e non perdetevi un post!<\/p>\n","protected":false},"excerpt":{"rendered":"<p>La collaborazione tra Eltako e mediola\u00ae combina i punti di forza di entrambe le aziende e consente di trarre il meglio dalle rispettive competenze. In questo modo si risparmiano risorse da entrambe le parti, ottenendo un prodotto ottimale al prezzo ottimale per i nostri clienti. Chi \u00e8 mediola\u00ae? mediola\u00ae produce soluzioni IoT e controller per [&hellip;]<\/p>\n","protected":false},"author":31,"featured_media":23385,"parent":123546,"menu_order":5,"comment_status":"closed","ping_status":"closed","template":"templates\/custom_header.php","meta":{"_acf_changed":false,"footnotes":"","_links_to":"","_links_to_target":""},"class_list":["post-31194","page","type-page","status-publish","has-post-thumbnail","hentry"],"acf":[],"yoast_head":"<!-- This site is optimized with the Yoast SEO plugin v27.2 - https:\/\/yoast.com\/product\/yoast-seo-wordpress\/ -->\n<title>Mediola &#187; Eltako<\/title>\n<meta name=\"robots\" content=\"index, follow, max-snippet:-1, max-image-preview:large, max-video-preview:-1\" \/>\n<link rel=\"canonical\" href=\"https:\/\/www.eltako.com\/it\/mediola\/\" \/>\n<meta property=\"og:locale\" content=\"it_IT\" \/>\n<meta property=\"og:type\" content=\"article\" \/>\n<meta property=\"og:title\" content=\"Mediola &#187; Eltako\" \/>\n<meta property=\"og:description\" content=\"La collaborazione tra Eltako e mediola\u00ae combina i punti di forza di entrambe le aziende e consente di trarre il meglio dalle rispettive competenze. In questo modo si risparmiano risorse da entrambe le parti, ottenendo un prodotto ottimale al prezzo ottimale per i nostri clienti. Chi \u00e8 mediola\u00ae? mediola\u00ae produce soluzioni IoT e controller per [&hellip;]\" \/>\n<meta property=\"og:url\" content=\"https:\/\/www.eltako.com\/it\/mediola\/\" \/>\n<meta property=\"og:site_name\" content=\"Eltako\" \/>\n<meta property=\"article:modified_time\" content=\"2022-12-12T08:47:31+00:00\" \/>\n<meta property=\"og:image\" content=\"https:\/\/www.eltako.com\/wp-content\/uploads\/2021\/09\/mediola.jpg\" \/>\n\t<meta property=\"og:image:width\" content=\"1366\" \/>\n\t<meta property=\"og:image:height\" content=\"752\" \/>\n\t<meta property=\"og:image:type\" content=\"image\/jpeg\" \/>\n<meta name=\"twitter:card\" content=\"summary_large_image\" \/>\n<meta name=\"twitter:label1\" content=\"Tempo di lettura stimato\" \/>\n\t<meta name=\"twitter:data1\" content=\"2 minuti\" \/>\n<script type=\"application\/ld+json\" class=\"yoast-schema-graph\">{\"@context\":\"https:\/\/schema.org\",\"@graph\":[{\"@type\":\"WebPage\",\"@id\":\"https:\/\/www.eltako.com\/it\/mediola\/\",\"url\":\"https:\/\/www.eltako.com\/it\/mediola\/\",\"name\":\"Mediola &#187; Eltako\",\"isPartOf\":{\"@id\":\"https:\/\/www.eltako.com\/en\/#website\"},\"primaryImageOfPage\":{\"@id\":\"https:\/\/www.eltako.com\/it\/mediola\/#primaryimage\"},\"image\":{\"@id\":\"https:\/\/www.eltako.com\/it\/mediola\/#primaryimage\"},\"thumbnailUrl\":\"https:\/\/www.eltako.com\/wp-content\/uploads\/2021\/09\/mediola.jpg\",\"datePublished\":\"2022-01-20T18:13:44+00:00\",\"dateModified\":\"2022-12-12T08:47:31+00:00\",\"breadcrumb\":{\"@id\":\"https:\/\/www.eltako.com\/it\/mediola\/#breadcrumb\"},\"inLanguage\":\"it-IT\",\"potentialAction\":[{\"@type\":\"ReadAction\",\"target\":[\"https:\/\/www.eltako.com\/it\/mediola\/\"]}]},{\"@type\":\"ImageObject\",\"inLanguage\":\"it-IT\",\"@id\":\"https:\/\/www.eltako.com\/it\/mediola\/#primaryimage\",\"url\":\"https:\/\/www.eltako.com\/wp-content\/uploads\/2021\/09\/mediola.jpg\",\"contentUrl\":\"https:\/\/www.eltako.com\/wp-content\/uploads\/2021\/09\/mediola.jpg\",\"width\":1366,\"height\":752},{\"@type\":\"BreadcrumbList\",\"@id\":\"https:\/\/www.eltako.com\/it\/mediola\/#breadcrumb\",\"itemListElement\":[{\"@type\":\"ListItem\",\"position\":1,\"name\":\"Home\",\"item\":\"https:\/\/www.eltako.com\/it\/\"},{\"@type\":\"ListItem\",\"position\":2,\"name\":\"Azienda\",\"item\":\"https:\/\/www.eltako.com\/it\/company\/\"},{\"@type\":\"ListItem\",\"position\":3,\"name\":\"Partner e alleanze\",\"item\":\"https:\/\/www.eltako.com\/it\/company\/partners-alliances\/\"},{\"@type\":\"ListItem\",\"position\":4,\"name\":\"Mediola\"}]},{\"@type\":\"WebSite\",\"@id\":\"https:\/\/www.eltako.com\/en\/#website\",\"url\":\"https:\/\/www.eltako.com\/en\/\",\"name\":\"Eltako\",\"description\":\"Schaltger\u00e4te, Netzteile, Stromz\u00e4hler, Dimmer, Geb\u00e4udeinstallation, Steuerungstechnik, Smart Home-L\u00f6sungen, Geb\u00e4udefunk, EnOcean-Technologie\",\"potentialAction\":[{\"@type\":\"SearchAction\",\"target\":{\"@type\":\"EntryPoint\",\"urlTemplate\":\"https:\/\/www.eltako.com\/en\/?s={search_term_string}\"},\"query-input\":{\"@type\":\"PropertyValueSpecification\",\"valueRequired\":true,\"valueName\":\"search_term_string\"}}],\"inLanguage\":\"it-IT\"}]}<\/script>\n<!-- \/ Yoast SEO plugin. -->","yoast_head_json":{"title":"Mediola &#187; Eltako","robots":{"index":"index","follow":"follow","max-snippet":"max-snippet:-1","max-image-preview":"max-image-preview:large","max-video-preview":"max-video-preview:-1"},"canonical":"https:\/\/www.eltako.com\/it\/mediola\/","og_locale":"it_IT","og_type":"article","og_title":"Mediola &#187; Eltako","og_description":"La collaborazione tra Eltako e mediola\u00ae combina i punti di forza di entrambe le aziende e consente di trarre il meglio dalle rispettive competenze. In questo modo si risparmiano risorse da entrambe le parti, ottenendo un prodotto ottimale al prezzo ottimale per i nostri clienti. Chi \u00e8 mediola\u00ae? mediola\u00ae produce soluzioni IoT e controller per [&hellip;]","og_url":"https:\/\/www.eltako.com\/it\/mediola\/","og_site_name":"Eltako","article_modified_time":"2022-12-12T08:47:31+00:00","og_image":[{"width":1366,"height":752,"url":"https:\/\/www.eltako.com\/wp-content\/uploads\/2021\/09\/mediola.jpg","type":"image\/jpeg"}],"twitter_card":"summary_large_image","twitter_misc":{"Tempo di lettura stimato":"2 minuti"},"schema":{"@context":"https:\/\/schema.org","@graph":[{"@type":"WebPage","@id":"https:\/\/www.eltako.com\/it\/mediola\/","url":"https:\/\/www.eltako.com\/it\/mediola\/","name":"Mediola &#187; Eltako","isPartOf":{"@id":"https:\/\/www.eltako.com\/en\/#website"},"primaryImageOfPage":{"@id":"https:\/\/www.eltako.com\/it\/mediola\/#primaryimage"},"image":{"@id":"https:\/\/www.eltako.com\/it\/mediola\/#primaryimage"},"thumbnailUrl":"https:\/\/www.eltako.com\/wp-content\/uploads\/2021\/09\/mediola.jpg","datePublished":"2022-01-20T18:13:44+00:00","dateModified":"2022-12-12T08:47:31+00:00","breadcrumb":{"@id":"https:\/\/www.eltako.com\/it\/mediola\/#breadcrumb"},"inLanguage":"it-IT","potentialAction":[{"@type":"ReadAction","target":["https:\/\/www.eltako.com\/it\/mediola\/"]}]},{"@type":"ImageObject","inLanguage":"it-IT","@id":"https:\/\/www.eltako.com\/it\/mediola\/#primaryimage","url":"https:\/\/www.eltako.com\/wp-content\/uploads\/2021\/09\/mediola.jpg","contentUrl":"https:\/\/www.eltako.com\/wp-content\/uploads\/2021\/09\/mediola.jpg","width":1366,"height":752},{"@type":"BreadcrumbList","@id":"https:\/\/www.eltako.com\/it\/mediola\/#breadcrumb","itemListElement":[{"@type":"ListItem","position":1,"name":"Home","item":"https:\/\/www.eltako.com\/it\/"},{"@type":"ListItem","position":2,"name":"Azienda","item":"https:\/\/www.eltako.com\/it\/company\/"},{"@type":"ListItem","position":3,"name":"Partner e alleanze","item":"https:\/\/www.eltako.com\/it\/company\/partners-alliances\/"},{"@type":"ListItem","position":4,"name":"Mediola"}]},{"@type":"WebSite","@id":"https:\/\/www.eltako.com\/en\/#website","url":"https:\/\/www.eltako.com\/en\/","name":"Eltako","description":"Schaltger\u00e4te, Netzteile, Stromz\u00e4hler, Dimmer, Geb\u00e4udeinstallation, Steuerungstechnik, Smart Home-L\u00f6sungen, Geb\u00e4udefunk, EnOcean-Technologie","potentialAction":[{"@type":"SearchAction","target":{"@type":"EntryPoint","urlTemplate":"https:\/\/www.eltako.com\/en\/?s={search_term_string}"},"query-input":{"@type":"PropertyValueSpecification","valueRequired":true,"valueName":"search_term_string"}}],"inLanguage":"it-IT"}]}},"_links":{"self":[{"href":"https:\/\/www.eltako.com\/it\/wp-json\/wp\/v2\/pages\/31194","targetHints":{"allow":["GET"]}}],"collection":[{"href":"https:\/\/www.eltako.com\/it\/wp-json\/wp\/v2\/pages"}],"about":[{"href":"https:\/\/www.eltako.com\/it\/wp-json\/wp\/v2\/types\/page"}],"author":[{"embeddable":true,"href":"https:\/\/www.eltako.com\/it\/wp-json\/wp\/v2\/users\/31"}],"replies":[{"embeddable":true,"href":"https:\/\/www.eltako.com\/it\/wp-json\/wp\/v2\/comments?post=31194"}],"version-history":[{"count":2,"href":"https:\/\/www.eltako.com\/it\/wp-json\/wp\/v2\/pages\/31194\/revisions"}],"predecessor-version":[{"id":123320,"href":"https:\/\/www.eltako.com\/it\/wp-json\/wp\/v2\/pages\/31194\/revisions\/123320"}],"up":[{"embeddable":true,"href":"https:\/\/www.eltako.com\/it\/wp-json\/wp\/v2\/pages\/123546"}],"wp:featuredmedia":[{"embeddable":true,"href":"https:\/\/www.eltako.com\/it\/wp-json\/wp\/v2\/media\/23385"}],"wp:attachment":[{"href":"https:\/\/www.eltako.com\/it\/wp-json\/wp\/v2\/media?parent=31194"}],"curies":[{"name":"wp","href":"https:\/\/api.w.org\/{rel}","templated":true}]}}