{"id":31146,"date":"2022-01-20T18:37:31","date_gmt":"2022-01-20T17:37:31","guid":{"rendered":"https:\/\/betax923lb8kd7v0.eltako.de\/eltako-mobile\/"},"modified":"2024-05-16T10:33:52","modified_gmt":"2024-05-16T08:33:52","slug":"eltako-mobile","status":"publish","type":"page","link":"https:\/\/www.eltako.com\/it\/eltako-mobile\/","title":{"rendered":"Eltako mobile"},"content":{"rendered":"\n<p><\/p>\n\n<h1 class=\"font-weight-bold responsive-font has-text-color wp-block-heading\" id=\"endlich-ist-er-da-elmo-unser-zweiter-messeanhanger\" style=\"color:#2364af;font-size:80px\"><strong>Finalmente \u00e8 arrivato: <\/strong><br\/>ELMO &#8211; il <strong>nostro secondo trailer fieristico! <\/strong> <\/h1>\n\n<div style=\"height:40px\" aria-hidden=\"true\" class=\"wp-block-spacer\"><\/div>\n\n<p class=\"has-medium-font-size\">Il cosiddetto Eltako-Mobil \u00e8 il nuovo supporto per i nostri dipendenti in Scandinavia. Questo mese faremo per la prima volta un grande tour della Svezia, il cui percorso esatto \u00e8 riportato nella mappa qui sotto. <\/p>\n\n<p class=\"has-medium-font-size\">Questo approccio ludico ha lo scopo di dare ai clienti un&#8217;impressione di una Smart Home Eltako e di permettere loro di provare le prime funzioni. <\/p>\n\n<div style=\"height:40px\" aria-hidden=\"true\" class=\"wp-block-spacer\"><\/div>\n  \r\n  <div class=\"cd-product-wrapper el-mo-class\">\r\n    <img decoding=\"async\" src=\"https:\/\/www.eltako.com\/wp-content\/uploads\/2021\/09\/points.jpg\" id=\"home\" class=\"w-100\" alt=\"\" width=\"1288\" height=\"610\">\r\n    <ul class=\"list-unstyled\">\r\n    \r\n          <li class=\"cd-single-point\">\r\n        <a class=\"cd-img-replace\" href=\"#0\">Mehr<\/a>\r\n        <div class=\"cd-more-info cd-left\" style=\"margin-top:13px !important;\">\r\n          <h2>Veranda:<\/h2>\r\n          <p class=\"pt-3\">\r\n            Nel piccolo giardino anteriore puoi sperimentare la versatilit\u00e0 dei nostri prodotti per esterni. Questo include, ad esempio, la nostra sirena da esterno senza fili, una presa di corrente da esterno e un'illuminazione da giardino intelligente.          <\/p>\r\n          <a href=\"#0\" class=\"cd-close-info cd-img-replace\">Schliessen<\/a>\r\n        <\/div>\r\n      <\/li>\r\n          <li class=\"cd-single-point\">\r\n        <a class=\"cd-img-replace\" href=\"#0\">Mehr<\/a>\r\n        <div class=\"cd-more-info cd-left\" style=\"margin-top:13px !important;\">\r\n          <h2>Camere:<\/h2>\r\n          <p class=\"pt-3\">\r\n            Dietro la pagina che vedi qui, ci sono altre 2 stanze che aspettano di essere esplorate da te! Forse scoprirai la camera da letto e il soggiorno in uno dei prossimi post sui nostri canali social.          <\/p>\r\n          <a href=\"#0\" class=\"cd-close-info cd-img-replace\">Schliessen<\/a>\r\n        <\/div>\r\n      <\/li>\r\n          <li class=\"cd-single-point\">\r\n        <a class=\"cd-img-replace\" href=\"#0\">Mehr<\/a>\r\n        <div class=\"cd-more-info cd-left\" style=\"margin-top:13px !important;\">\r\n          <h2>Ripostiglio:<\/h2>\r\n          <p class=\"pt-3\">\r\n            Il ripostiglio dotato di intelligenza \u00e8 caratterizzato da un sensore d'acqua, che viene utilizzato per rilevare e segnalare il pi\u00f9 rapidamente possibile la rottura di un tubo o la perdita di una lavatrice, da un rilevatore di movimento e dal nuovo MiniSafe2.          <\/p>\r\n          <a href=\"#0\" class=\"cd-close-info cd-img-replace\">Schliessen<\/a>\r\n        <\/div>\r\n      <\/li>\r\n        \r\n    <\/ul>\r\n  <\/div>\r\n  \r\n  \n\n<p class=\"has-medium-font-size\">Il rimorchio Smart Home \u00e8 costruito come una casa in miniatura. Sono presenti 4 camere e una veranda con un piccolo giardino antistante. Vi sono installati diversi prodotti della nostra gamma Professional Smart Home. Tra le altre cose, sar\u00e0 presente il nostro Eltako OnWall, attraverso il quale gli interessati potranno sperimentare e testare dal vivo il controllo di un&#8217;intera casa attraverso un unico pannello di controllo. <\/p>\n\n<div style=\"height:40px\" aria-hidden=\"true\" class=\"wp-block-spacer\"><\/div>\n\n<figure class=\"wp-block-image size-large\"><img decoding=\"async\" width=\"1024\" height=\"683\" src=\"https:\/\/betax923lb8kd7v0.eltako.de\/wp-content\/uploads\/2021\/10\/Einzelne-Bilder3-Deutsch-2-1024x683.jpg\" alt=\"\" class=\"wp-image-24780\" srcset=\"https:\/\/www.eltako.com\/wp-content\/uploads\/2021\/10\/Einzelne-Bilder3-Deutsch-2-1024x683.jpg 1024w, https:\/\/www.eltako.com\/wp-content\/uploads\/2021\/10\/Einzelne-Bilder3-Deutsch-2-300x200.jpg 300w, https:\/\/www.eltako.com\/wp-content\/uploads\/2021\/10\/Einzelne-Bilder3-Deutsch-2-768x512.jpg 768w, https:\/\/www.eltako.com\/wp-content\/uploads\/2021\/10\/Einzelne-Bilder3-Deutsch-2-1536x1024.jpg 1536w, https:\/\/www.eltako.com\/wp-content\/uploads\/2021\/10\/Einzelne-Bilder3-Deutsch-2-600x400.jpg 600w, https:\/\/www.eltako.com\/wp-content\/uploads\/2021\/10\/Einzelne-Bilder3-Deutsch-2.jpg 1900w\" sizes=\"(max-width: 1024px) 100vw, 1024px\" \/><\/figure>\n\n<div style=\"height:40px\" aria-hidden=\"true\" class=\"wp-block-spacer\"><\/div>\n\n <div class=\"brlbs-cmpnt-container brlbs-cmpnt-content-blocker brlbs-cmpnt-with-individual-styles\" data-borlabs-cookie-content-blocker-id=\"youtube-content-blocker\" data-borlabs-cookie-content=\"PGlmcmFtZSB3aWR0aD0iMTAwJSIgaGVpZ2h0PSI1MTUiIHNyYz0iaHR0cHM6Ly93d3cueW91dHViZS1ub2Nvb2tpZS5jb20vZW1iZWQvTUU1ZG8xNm82QWciIHRpdGxlPSJMZXR0b3JlIHZpZGVvIGRpIFlvdVR1YmUiIGZyYW1lYm9yZGVyPSIwIiBhbGxvdz0iYWNjZWxlcm9tZXRlcjsgYXV0b3BsYXk7IGNsaXBib2FyZC13cml0ZTsgZW5jcnlwdGVkLW1lZGlhOyBneXJvc2NvcGU7IHBpY3R1cmUtaW4tcGljdHVyZSIgYWxsb3dmdWxsc2NyZWVuPSIiPjwvaWZyYW1lPg==\"><div class=\"brlbs-cmpnt-cb-preset-c brlbs-cmpnt-cb-youtube\"> <div class=\"brlbs-cmpnt-cb-thumbnail\" style=\"background-image: url('https:\/\/www.eltako.com\/wp-content\/uploads\/borlabs-cookie\/1\/yt_ME5do16o6Ag_hqdefault.jpg')\"><\/div> <div class=\"brlbs-cmpnt-cb-main\"> <div class=\"brlbs-cmpnt-cb-play-button\"><\/div> <div class=\"brlbs-cmpnt-cb-content\"> <p class=\"brlbs-cmpnt-cb-description\">Stai visualizzando un contenuto segnaposto da <strong>YouTube<\/strong>. Per accedere al contenuto effettivo, clicca sul pulsante sottostante. Si prega di notare che in questo modo si condividono i dati con provider di terze parti.<\/p> <a class=\"brlbs-cmpnt-cb-provider-toggle\" href=\"#\" data-borlabs-cookie-show-provider-information role=\"button\">Ulteriori informazioni<\/a> <\/div> <div class=\"brlbs-cmpnt-cb-buttons\"> <a class=\"brlbs-cmpnt-cb-btn\" href=\"#\" data-borlabs-cookie-unblock role=\"button\">Sblocca il contenuto<\/a> <a class=\"brlbs-cmpnt-cb-btn\" href=\"#\" data-borlabs-cookie-accept-service role=\"button\" style=\"display: inherit\">Accetta il servizio richiesto e sblocca i contenuti<\/a> <\/div> <\/div> <\/div><\/div>\n\n<div style=\"height:50px\" aria-hidden=\"true\" class=\"wp-block-spacer\"><\/div>\n","protected":false},"excerpt":{"rendered":"<p>Finalmente \u00e8 arrivato: ELMO &#8211; il nostro secondo trailer fieristico! Il cosiddetto Eltako-Mobil \u00e8 il nuovo supporto per i nostri dipendenti in Scandinavia. Questo mese faremo per la prima volta un grande tour della Svezia, il cui percorso esatto \u00e8 riportato nella mappa qui sotto. Questo approccio ludico ha lo scopo di dare ai clienti [&hellip;]<\/p>\n","protected":false},"author":31,"featured_media":23548,"parent":0,"menu_order":0,"comment_status":"closed","ping_status":"closed","template":"templates\/elmo-landingpage.php","meta":{"_acf_changed":false,"footnotes":"","_links_to":"","_links_to_target":""},"class_list":["post-31146","page","type-page","status-publish","has-post-thumbnail","hentry"],"acf":[],"yoast_head":"<!-- This site is optimized with the Yoast SEO plugin v27.2 - https:\/\/yoast.com\/product\/yoast-seo-wordpress\/ -->\n<title>Eltako mobile &#187; Eltako<\/title>\n<meta name=\"robots\" content=\"index, follow, max-snippet:-1, max-image-preview:large, max-video-preview:-1\" \/>\n<link rel=\"canonical\" href=\"https:\/\/www.eltako.com\/it\/eltako-mobile\/\" \/>\n<meta property=\"og:locale\" content=\"it_IT\" \/>\n<meta property=\"og:type\" content=\"article\" \/>\n<meta property=\"og:title\" content=\"Eltako mobile &#187; Eltako\" \/>\n<meta property=\"og:description\" content=\"Finalmente \u00e8 arrivato: ELMO &#8211; il nostro secondo trailer fieristico! Il cosiddetto Eltako-Mobil \u00e8 il nuovo supporto per i nostri dipendenti in Scandinavia. Questo mese faremo per la prima volta un grande tour della Svezia, il cui percorso esatto \u00e8 riportato nella mappa qui sotto. Questo approccio ludico ha lo scopo di dare ai clienti [&hellip;]\" \/>\n<meta property=\"og:url\" content=\"https:\/\/www.eltako.com\/it\/eltako-mobile\/\" \/>\n<meta property=\"og:site_name\" content=\"Eltako\" \/>\n<meta property=\"article:modified_time\" content=\"2024-05-16T08:33:52+00:00\" \/>\n<meta property=\"og:image\" content=\"https:\/\/www.eltako.com\/wp-content\/uploads\/2021\/09\/messe.jpg\" \/>\n\t<meta property=\"og:image:width\" content=\"3584\" \/>\n\t<meta property=\"og:image:height\" content=\"1304\" \/>\n\t<meta property=\"og:image:type\" content=\"image\/jpeg\" \/>\n<meta name=\"twitter:card\" content=\"summary_large_image\" \/>\n<meta name=\"twitter:label1\" content=\"Tempo di lettura stimato\" \/>\n\t<meta name=\"twitter:data1\" content=\"1 minuto\" \/>\n<script type=\"application\/ld+json\" class=\"yoast-schema-graph\">{\"@context\":\"https:\/\/schema.org\",\"@graph\":[{\"@type\":\"WebPage\",\"@id\":\"https:\/\/www.eltako.com\/it\/eltako-mobile\/\",\"url\":\"https:\/\/www.eltako.com\/it\/eltako-mobile\/\",\"name\":\"Eltako mobile &#187; Eltako\",\"isPartOf\":{\"@id\":\"https:\/\/www.eltako.com\/en\/#website\"},\"primaryImageOfPage\":{\"@id\":\"https:\/\/www.eltako.com\/it\/eltako-mobile\/#primaryimage\"},\"image\":{\"@id\":\"https:\/\/www.eltako.com\/it\/eltako-mobile\/#primaryimage\"},\"thumbnailUrl\":\"https:\/\/www.eltako.com\/wp-content\/uploads\/2021\/09\/messe.jpg\",\"datePublished\":\"2022-01-20T17:37:31+00:00\",\"dateModified\":\"2024-05-16T08:33:52+00:00\",\"breadcrumb\":{\"@id\":\"https:\/\/www.eltako.com\/it\/eltako-mobile\/#breadcrumb\"},\"inLanguage\":\"it-IT\",\"potentialAction\":[{\"@type\":\"ReadAction\",\"target\":[\"https:\/\/www.eltako.com\/it\/eltako-mobile\/\"]}]},{\"@type\":\"ImageObject\",\"inLanguage\":\"it-IT\",\"@id\":\"https:\/\/www.eltako.com\/it\/eltako-mobile\/#primaryimage\",\"url\":\"https:\/\/www.eltako.com\/wp-content\/uploads\/2021\/09\/messe.jpg\",\"contentUrl\":\"https:\/\/www.eltako.com\/wp-content\/uploads\/2021\/09\/messe.jpg\",\"width\":3584,\"height\":1304},{\"@type\":\"BreadcrumbList\",\"@id\":\"https:\/\/www.eltako.com\/it\/eltako-mobile\/#breadcrumb\",\"itemListElement\":[{\"@type\":\"ListItem\",\"position\":1,\"name\":\"Home\",\"item\":\"https:\/\/www.eltako.com\/it\/\"},{\"@type\":\"ListItem\",\"position\":2,\"name\":\"Eltako mobile\"}]},{\"@type\":\"WebSite\",\"@id\":\"https:\/\/www.eltako.com\/en\/#website\",\"url\":\"https:\/\/www.eltako.com\/en\/\",\"name\":\"Eltako\",\"description\":\"Schaltger\u00e4te, Netzteile, Stromz\u00e4hler, Dimmer, Geb\u00e4udeinstallation, Steuerungstechnik, Smart Home-L\u00f6sungen, Geb\u00e4udefunk, EnOcean-Technologie\",\"potentialAction\":[{\"@type\":\"SearchAction\",\"target\":{\"@type\":\"EntryPoint\",\"urlTemplate\":\"https:\/\/www.eltako.com\/en\/?s={search_term_string}\"},\"query-input\":{\"@type\":\"PropertyValueSpecification\",\"valueRequired\":true,\"valueName\":\"search_term_string\"}}],\"inLanguage\":\"it-IT\"}]}<\/script>\n<!-- \/ Yoast SEO plugin. -->","yoast_head_json":{"title":"Eltako mobile &#187; Eltako","robots":{"index":"index","follow":"follow","max-snippet":"max-snippet:-1","max-image-preview":"max-image-preview:large","max-video-preview":"max-video-preview:-1"},"canonical":"https:\/\/www.eltako.com\/it\/eltako-mobile\/","og_locale":"it_IT","og_type":"article","og_title":"Eltako mobile &#187; Eltako","og_description":"Finalmente \u00e8 arrivato: ELMO &#8211; il nostro secondo trailer fieristico! Il cosiddetto Eltako-Mobil \u00e8 il nuovo supporto per i nostri dipendenti in Scandinavia. Questo mese faremo per la prima volta un grande tour della Svezia, il cui percorso esatto \u00e8 riportato nella mappa qui sotto. Questo approccio ludico ha lo scopo di dare ai clienti [&hellip;]","og_url":"https:\/\/www.eltako.com\/it\/eltako-mobile\/","og_site_name":"Eltako","article_modified_time":"2024-05-16T08:33:52+00:00","og_image":[{"width":3584,"height":1304,"url":"https:\/\/www.eltako.com\/wp-content\/uploads\/2021\/09\/messe.jpg","type":"image\/jpeg"}],"twitter_card":"summary_large_image","twitter_misc":{"Tempo di lettura stimato":"1 minuto"},"schema":{"@context":"https:\/\/schema.org","@graph":[{"@type":"WebPage","@id":"https:\/\/www.eltako.com\/it\/eltako-mobile\/","url":"https:\/\/www.eltako.com\/it\/eltako-mobile\/","name":"Eltako mobile &#187; Eltako","isPartOf":{"@id":"https:\/\/www.eltako.com\/en\/#website"},"primaryImageOfPage":{"@id":"https:\/\/www.eltako.com\/it\/eltako-mobile\/#primaryimage"},"image":{"@id":"https:\/\/www.eltako.com\/it\/eltako-mobile\/#primaryimage"},"thumbnailUrl":"https:\/\/www.eltako.com\/wp-content\/uploads\/2021\/09\/messe.jpg","datePublished":"2022-01-20T17:37:31+00:00","dateModified":"2024-05-16T08:33:52+00:00","breadcrumb":{"@id":"https:\/\/www.eltako.com\/it\/eltako-mobile\/#breadcrumb"},"inLanguage":"it-IT","potentialAction":[{"@type":"ReadAction","target":["https:\/\/www.eltako.com\/it\/eltako-mobile\/"]}]},{"@type":"ImageObject","inLanguage":"it-IT","@id":"https:\/\/www.eltako.com\/it\/eltako-mobile\/#primaryimage","url":"https:\/\/www.eltako.com\/wp-content\/uploads\/2021\/09\/messe.jpg","contentUrl":"https:\/\/www.eltako.com\/wp-content\/uploads\/2021\/09\/messe.jpg","width":3584,"height":1304},{"@type":"BreadcrumbList","@id":"https:\/\/www.eltako.com\/it\/eltako-mobile\/#breadcrumb","itemListElement":[{"@type":"ListItem","position":1,"name":"Home","item":"https:\/\/www.eltako.com\/it\/"},{"@type":"ListItem","position":2,"name":"Eltako mobile"}]},{"@type":"WebSite","@id":"https:\/\/www.eltako.com\/en\/#website","url":"https:\/\/www.eltako.com\/en\/","name":"Eltako","description":"Schaltger\u00e4te, Netzteile, Stromz\u00e4hler, Dimmer, Geb\u00e4udeinstallation, Steuerungstechnik, Smart Home-L\u00f6sungen, Geb\u00e4udefunk, EnOcean-Technologie","potentialAction":[{"@type":"SearchAction","target":{"@type":"EntryPoint","urlTemplate":"https:\/\/www.eltako.com\/en\/?s={search_term_string}"},"query-input":{"@type":"PropertyValueSpecification","valueRequired":true,"valueName":"search_term_string"}}],"inLanguage":"it-IT"}]}},"_links":{"self":[{"href":"https:\/\/www.eltako.com\/it\/wp-json\/wp\/v2\/pages\/31146","targetHints":{"allow":["GET"]}}],"collection":[{"href":"https:\/\/www.eltako.com\/it\/wp-json\/wp\/v2\/pages"}],"about":[{"href":"https:\/\/www.eltako.com\/it\/wp-json\/wp\/v2\/types\/page"}],"author":[{"embeddable":true,"href":"https:\/\/www.eltako.com\/it\/wp-json\/wp\/v2\/users\/31"}],"replies":[{"embeddable":true,"href":"https:\/\/www.eltako.com\/it\/wp-json\/wp\/v2\/comments?post=31146"}],"version-history":[{"count":5,"href":"https:\/\/www.eltako.com\/it\/wp-json\/wp\/v2\/pages\/31146\/revisions"}],"predecessor-version":[{"id":139483,"href":"https:\/\/www.eltako.com\/it\/wp-json\/wp\/v2\/pages\/31146\/revisions\/139483"}],"wp:featuredmedia":[{"embeddable":true,"href":"https:\/\/www.eltako.com\/it\/wp-json\/wp\/v2\/media\/23548"}],"wp:attachment":[{"href":"https:\/\/www.eltako.com\/it\/wp-json\/wp\/v2\/media?parent=31146"}],"curies":[{"name":"wp","href":"https:\/\/api.w.org\/{rel}","templated":true}]}}