{"id":135968,"date":"2024-01-19T13:16:50","date_gmt":"2024-01-19T12:16:50","guid":{"rendered":"https:\/\/www.eltako.com\/company\/sostenibilita\/"},"modified":"2024-01-19T14:21:27","modified_gmt":"2024-01-19T13:21:27","slug":"sostenibilita","status":"publish","type":"page","link":"https:\/\/www.eltako.com\/it\/company\/sostenibilita\/","title":{"rendered":"Sostenibilit\u00e0"},"content":{"rendered":"\n<p class=\"has-text-align-left has-text-color\" style=\"color:#0064af\">La definizione di sviluppo sostenibile afferma che i bisogni del presente devono essere soddisfatti in modo tale da non limitare le opportunit\u00e0 delle generazioni future.  <\/p>\n\n<p class=\"has-text-align-left has-text-color\" style=\"color:#0064af\">Con le nostre innovazioni vogliamo lavorare proprio in quest&#8217;ottica: Sviluppiamo tecnologie avanzate che migliorano la vita dei nostri clienti oggi e in futuro, senza perdere di vista il nostro obiettivo di diventare sempre pi\u00f9 sostenibili e rispettosi dell&#8217;ambiente.  <\/p>\n\n<div style=\"height:70px\" aria-hidden=\"true\" class=\"wp-block-spacer\"><\/div>\n\n<div id=\"\" class=\"wp-block-gosign-gosign-background-contianer gosign-color-section btn-full align-true def-verticalAlignBottom default-padding no-margin custom-width no-min-height lightColorLayout no-top-border no-bottom-border colorSectionFe background-scroll background-repeat overlay-false defined-width\"><div class=\"outer-container background-scroll\" style=\"padding-top:100px;padding-bottom:70px;padding-left:10px;padding-right:10px;background-repeat:repeat;background-color:#0064af\"><div class=\"inner-container\"><div class=\"contentBlock\" style=\"max-width:1110px\">\n<div class=\"wp-block-columns is-layout-flex wp-container-core-columns-is-layout-9d6595d7 wp-block-columns-is-layout-flex\">\n<div class=\"wp-block-column is-layout-flow wp-block-column-is-layout-flow\">\n<div class=\"wp-block-media-text alignwide is-stacked-on-mobile is-vertically-aligned-center\" style=\"grid-template-columns:35% auto\"><figure class=\"wp-block-media-text__media\"><img decoding=\"async\" width=\"600\" height=\"600\" src=\"https:\/\/www.eltako.com\/wp-content\/uploads\/2022\/06\/eltako_website_content_600x600_nachhaltigkeit_01.jpg\" alt=\"\" class=\"wp-image-77875 size-full\" srcset=\"https:\/\/www.eltako.com\/wp-content\/uploads\/2022\/06\/eltako_website_content_600x600_nachhaltigkeit_01.jpg 600w, https:\/\/www.eltako.com\/wp-content\/uploads\/2022\/06\/eltako_website_content_600x600_nachhaltigkeit_01-300x300.jpg 300w, https:\/\/www.eltako.com\/wp-content\/uploads\/2022\/06\/eltako_website_content_600x600_nachhaltigkeit_01-150x150.jpg 150w, https:\/\/www.eltako.com\/wp-content\/uploads\/2022\/06\/eltako_website_content_600x600_nachhaltigkeit_01-100x100.jpg 100w\" sizes=\"(max-width: 600px) 100vw, 600px\" \/><\/figure><div class=\"wp-block-media-text__content\">\n<h2 class=\"wp-block-heading has-large-font-size\" style=\"text-transform:uppercase\"><strong>Tecnologia EnOcean<\/strong><\/h2>\n\n\n\n<p>I nostri sensori wireless con tecnologia EnOcean raccolgono e immagazzinano energia cinetica, termica e solare dall&#8217;ambiente. Questo cosiddetto &#8220;energy harvesting&#8221; fornisce esattamente l&#8217;energia necessaria per inviare un telegramma radio. Ci\u00f2 significa che non \u00e8 necessario alcun tipo di alimentazione.  <\/p>\n\n\n\n<p>Molti dei nostri sensori per esterni, ad esempio, funzionano principalmente con l&#8217;energia solare. Se vengono collocati in un luogo sufficientemente luminoso, sono subito pronti per l&#8217;uso. In questo modo si risparmiano risorse ed energia e i sensori non necessitano di manutenzione.  <\/p>\n\n\n\n<p>Per saperne di pi\u00f9 sulla nostra collaborazione con EnOcean, <a href=\"https:\/\/www.eltako.de\/unternehmen\/partner-und-allianzen\/enocean\/\">cliccate qui<\/a>.<\/p>\n<\/div><\/div>\n<\/div>\n<\/div>\n<\/div><\/div><\/div><\/div>\n\n<div id=\"\" class=\"wp-block-gosign-gosign-background-contianer gosign-color-section btn-full align-true def-verticalAlignBottom default-padding no-margin custom-width no-min-height lightColorLayout no-top-border no-bottom-border colorSectionFe background-scroll background-repeat overlay-false defined-width\"><div class=\"outer-container background-scroll\" style=\"padding-top:100px;padding-bottom:70px;padding-left:10px;padding-right:10px;background-repeat:repeat;background-color:#ffffff\"><div class=\"inner-container\"><div class=\"contentBlock\" style=\"max-width:1110px\">\n<div class=\"wp-block-columns is-layout-flex wp-container-core-columns-is-layout-9d6595d7 wp-block-columns-is-layout-flex\">\n<div class=\"wp-block-column is-layout-flow wp-block-column-is-layout-flow\">\n<div class=\"wp-block-media-text alignwide has-media-on-the-right is-stacked-on-mobile is-vertically-aligned-center\" style=\"grid-template-columns:auto 35%\"><div class=\"wp-block-media-text__content\">\n<h2 class=\"wp-block-heading has-text-color has-large-font-size\" style=\"color:#0064af;text-transform:uppercase\"><strong>Processo d&#8217;ordine, spedizione e servizio ecocompatibili<\/strong><\/h2>\n\n\n\n<p class=\"has-text-color\" style=\"color:#0064af\">Le comunicazioni e gli ordini dei nostri clienti sono principalmente digitali. Il servizio WhatsApp, telefonico e via e-mail aiuta i clienti e allo stesso tempo risparmia risorse.  <\/p>\n\n\n\n<p class=\"has-text-color\" style=\"color:#0064af\">I nostri materiali di imballaggio e spedizione sono realizzati in carta, cartone o plastica compostabile.  <\/p>\n<\/div><figure class=\"wp-block-media-text__media\"><img decoding=\"async\" width=\"600\" height=\"600\" src=\"https:\/\/www.eltako.com\/wp-content\/uploads\/2022\/06\/eltako_website_content_600x600_nachhaltigkeit_02.jpg\" alt=\"\" class=\"wp-image-78744 size-full\" srcset=\"https:\/\/www.eltako.com\/wp-content\/uploads\/2022\/06\/eltako_website_content_600x600_nachhaltigkeit_02.jpg 600w, https:\/\/www.eltako.com\/wp-content\/uploads\/2022\/06\/eltako_website_content_600x600_nachhaltigkeit_02-300x300.jpg 300w, https:\/\/www.eltako.com\/wp-content\/uploads\/2022\/06\/eltako_website_content_600x600_nachhaltigkeit_02-150x150.jpg 150w, https:\/\/www.eltako.com\/wp-content\/uploads\/2022\/06\/eltako_website_content_600x600_nachhaltigkeit_02-100x100.jpg 100w\" sizes=\"(max-width: 600px) 100vw, 600px\" \/><\/figure><\/div>\n<\/div>\n<\/div>\n<\/div><\/div><\/div><\/div>\n\n<div id=\"\" class=\"wp-block-gosign-gosign-background-contianer gosign-color-section btn-full align-true def-verticalAlignBottom default-padding no-margin custom-width no-min-height lightColorLayout no-top-border no-bottom-border colorSectionFe background-scroll background-repeat overlay-false defined-width\"><div class=\"outer-container background-scroll\" style=\"padding-top:100px;padding-bottom:70px;padding-left:10px;padding-right:10px;background-repeat:repeat;background-color:#0064af\"><div class=\"inner-container\"><div class=\"contentBlock\" style=\"max-width:1110px\">\n<div class=\"wp-block-columns is-layout-flex wp-container-core-columns-is-layout-9d6595d7 wp-block-columns-is-layout-flex\">\n<div class=\"wp-block-column is-layout-flow wp-block-column-is-layout-flow\">\n<div class=\"wp-block-media-text alignwide is-stacked-on-mobile is-vertically-aligned-center\" style=\"grid-template-columns:35% auto\"><figure class=\"wp-block-media-text__media\"><img decoding=\"async\" width=\"600\" height=\"600\" src=\"https:\/\/www.eltako.com\/wp-content\/uploads\/2022\/06\/eltako_website_content_600x600_nachhaltigkeit_03.jpg\" alt=\"\" class=\"wp-image-78753 size-full\" srcset=\"https:\/\/www.eltako.com\/wp-content\/uploads\/2022\/06\/eltako_website_content_600x600_nachhaltigkeit_03.jpg 600w, https:\/\/www.eltako.com\/wp-content\/uploads\/2022\/06\/eltako_website_content_600x600_nachhaltigkeit_03-300x300.jpg 300w, https:\/\/www.eltako.com\/wp-content\/uploads\/2022\/06\/eltako_website_content_600x600_nachhaltigkeit_03-150x150.jpg 150w, https:\/\/www.eltako.com\/wp-content\/uploads\/2022\/06\/eltako_website_content_600x600_nachhaltigkeit_03-100x100.jpg 100w\" sizes=\"(max-width: 600px) 100vw, 600px\" \/><\/figure><div class=\"wp-block-media-text__content\">\n<h2 class=\"wp-block-heading has-large-font-size\" style=\"text-transform:uppercase\"><strong>Nessuna perdita in standby grazie ai rel\u00e8 bistabili<\/strong><\/h2>\n\n\n\n<p>Grazie all&#8217;uso di rel\u00e8 bistabili, la perdita in standby per questi prodotti \u00e8 pari a zero. Ci\u00f2 si verifica normalmente quando un rel\u00e8 viene alimentato. Con l&#8217;aiuto di una speciale tecnologia, i nostri sono bloccati meccanicamente e quindi risparmiano energia.  <\/p>\n<\/div><\/div>\n<\/div>\n<\/div>\n<\/div><\/div><\/div><\/div>\n\n<div id=\"\" class=\"wp-block-gosign-gosign-background-contianer gosign-color-section btn-full align-true def-verticalAlignBottom default-padding no-margin custom-width no-min-height lightColorLayout no-top-border no-bottom-border colorSectionFe background-scroll background-repeat overlay-false defined-width\"><div class=\"outer-container background-scroll\" style=\"padding-top:100px;padding-bottom:10px;padding-left:10px;padding-right:10px;background-repeat:repeat;background-color:#ffffff\"><div class=\"inner-container\"><div class=\"contentBlock\" style=\"max-width:1110px\">\n<div class=\"wp-block-columns is-layout-flex wp-container-core-columns-is-layout-9d6595d7 wp-block-columns-is-layout-flex\">\n<div class=\"wp-block-column is-layout-flow wp-block-column-is-layout-flow\">\n<div class=\"wp-block-media-text alignwide has-media-on-the-right is-stacked-on-mobile is-vertically-aligned-center\" style=\"grid-template-columns:auto 35%\"><div class=\"wp-block-media-text__content\">\n<h2 class=\"wp-block-heading has-text-color has-large-font-size\" style=\"color:#0064af;text-transform:uppercase\"><strong>Mobilit\u00e0 elettrica<\/strong><\/h2>\n\n\n\n<p class=\"has-text-color\" style=\"color:#0064af\">Oltre 10 anni fa, abbiamo partecipato a un progetto di ricerca nel Baden-W\u00fcrttemberg che ha testato l&#8217;idoneit\u00e0 delle auto elettriche all&#8217;uso quotidiano. \u00c8 in questo periodo che le prime macchine di questo tipo sono state utilizzate nella nostra azienda. Molti dei nostri dipendenti sono ora dotati di veicoli elettrici, che possono essere &#8220;riforniti&#8221; utilizzando le stazioni di ricarica dell&#8217;azienda presso la nostra sede.  <\/p>\n\n\n\n<p class=\"has-text-color\" style=\"color:#0064af\">Siamo convinti che la mobilit\u00e0 elettrica possa dare un contributo importante a un futuro rispettoso del clima e stiamo quindi pianificando di continuare ad ampliare la nostra flotta elettrica.  <\/p>\n\n\n\n<p class=\"has-text-color\" style=\"color:#0064af\">Un&#8217;altra offerta ecologica per i nostri dipendenti \u00e8 stata creata grazie alla collaborazione con la societ\u00e0 &#8220;BusinessBikes&#8221;. ELTAKO supporta tutti i dipendenti nel noleggio di una bicicletta, sia essa una classica o una moderna e-bike. In questo modo non solo si va da A a B pi\u00f9 velocemente, si pu\u00f2 godere di pi\u00f9 tempo all&#8217;aria aperta e continuare a muoversi durante la giornata lavorativa, ma si pu\u00f2 anche fare qualcosa per l&#8217;ambiente!  <\/p>\n<\/div><figure class=\"wp-block-media-text__media\"><img decoding=\"async\" width=\"600\" height=\"600\" src=\"https:\/\/www.eltako.com\/wp-content\/uploads\/2022\/06\/eltako_website_content_600x600_nachhaltigkeit_04.jpg\" alt=\"\" class=\"wp-image-78762 size-full\" srcset=\"https:\/\/www.eltako.com\/wp-content\/uploads\/2022\/06\/eltako_website_content_600x600_nachhaltigkeit_04.jpg 600w, https:\/\/www.eltako.com\/wp-content\/uploads\/2022\/06\/eltako_website_content_600x600_nachhaltigkeit_04-300x300.jpg 300w, https:\/\/www.eltako.com\/wp-content\/uploads\/2022\/06\/eltako_website_content_600x600_nachhaltigkeit_04-150x150.jpg 150w, https:\/\/www.eltako.com\/wp-content\/uploads\/2022\/06\/eltako_website_content_600x600_nachhaltigkeit_04-100x100.jpg 100w\" sizes=\"(max-width: 600px) 100vw, 600px\" \/><\/figure><\/div>\n<\/div>\n<\/div>\n<\/div><\/div><\/div><\/div>\n\n<p><\/p>\n","protected":false},"excerpt":{"rendered":"<p>La definizione di sviluppo sostenibile afferma che i bisogni del presente devono essere soddisfatti in modo tale da non limitare le opportunit\u00e0 delle generazioni future. Con le nostre innovazioni vogliamo lavorare proprio in quest&#8217;ottica: Sviluppiamo tecnologie avanzate che migliorano la vita dei nostri clienti oggi e in futuro, senza perdere di vista il nostro obiettivo [&hellip;]<\/p>\n","protected":false},"author":39,"featured_media":113805,"parent":123454,"menu_order":2,"comment_status":"closed","ping_status":"closed","template":"templates\/custom_header.php","meta":{"_acf_changed":false,"footnotes":"","_links_to":"","_links_to_target":""},"class_list":["post-135968","page","type-page","status-publish","has-post-thumbnail","hentry"],"acf":[],"yoast_head":"<!-- This site is optimized with the Yoast SEO plugin v27.2 - https:\/\/yoast.com\/product\/yoast-seo-wordpress\/ -->\n<title>Sostenibilit\u00e0 &#187; Eltako<\/title>\n<meta name=\"robots\" content=\"index, follow, max-snippet:-1, max-image-preview:large, max-video-preview:-1\" \/>\n<link rel=\"canonical\" href=\"https:\/\/www.eltako.com\/it\/company\/sostenibilita\/\" \/>\n<meta property=\"og:locale\" content=\"it_IT\" \/>\n<meta property=\"og:type\" content=\"article\" \/>\n<meta property=\"og:title\" content=\"Sostenibilit\u00e0 &#187; Eltako\" \/>\n<meta property=\"og:description\" content=\"La definizione di sviluppo sostenibile afferma che i bisogni del presente devono essere soddisfatti in modo tale da non limitare le opportunit\u00e0 delle generazioni future. Con le nostre innovazioni vogliamo lavorare proprio in quest&#8217;ottica: Sviluppiamo tecnologie avanzate che migliorano la vita dei nostri clienti oggi e in futuro, senza perdere di vista il nostro obiettivo [&hellip;]\" \/>\n<meta property=\"og:url\" content=\"https:\/\/www.eltako.com\/it\/company\/sostenibilita\/\" \/>\n<meta property=\"og:site_name\" content=\"Eltako\" \/>\n<meta property=\"article:modified_time\" content=\"2024-01-19T13:21:27+00:00\" \/>\n<meta property=\"og:image\" content=\"https:\/\/www.eltako.com\/wp-content\/uploads\/2022\/06\/eltako_website_header_1920x700_nachhaltigkeit_01.jpg\" \/>\n\t<meta property=\"og:image:width\" content=\"1920\" \/>\n\t<meta property=\"og:image:height\" content=\"700\" \/>\n\t<meta property=\"og:image:type\" content=\"image\/jpeg\" \/>\n<meta name=\"twitter:card\" content=\"summary_large_image\" \/>\n<meta name=\"twitter:label1\" content=\"Tempo di lettura stimato\" \/>\n\t<meta name=\"twitter:data1\" content=\"4 minuti\" \/>\n<script type=\"application\/ld+json\" class=\"yoast-schema-graph\">{\"@context\":\"https:\/\/schema.org\",\"@graph\":[{\"@type\":\"WebPage\",\"@id\":\"https:\/\/www.eltako.com\/it\/company\/sostenibilita\/\",\"url\":\"https:\/\/www.eltako.com\/it\/company\/sostenibilita\/\",\"name\":\"Sostenibilit\u00e0 &#187; Eltako\",\"isPartOf\":{\"@id\":\"https:\/\/www.eltako.com\/en\/#website\"},\"primaryImageOfPage\":{\"@id\":\"https:\/\/www.eltako.com\/it\/company\/sostenibilita\/#primaryimage\"},\"image\":{\"@id\":\"https:\/\/www.eltako.com\/it\/company\/sostenibilita\/#primaryimage\"},\"thumbnailUrl\":\"https:\/\/www.eltako.com\/wp-content\/uploads\/2022\/06\/eltako_website_header_1920x700_nachhaltigkeit_01.jpg\",\"datePublished\":\"2024-01-19T12:16:50+00:00\",\"dateModified\":\"2024-01-19T13:21:27+00:00\",\"breadcrumb\":{\"@id\":\"https:\/\/www.eltako.com\/it\/company\/sostenibilita\/#breadcrumb\"},\"inLanguage\":\"it-IT\",\"potentialAction\":[{\"@type\":\"ReadAction\",\"target\":[\"https:\/\/www.eltako.com\/it\/company\/sostenibilita\/\"]}]},{\"@type\":\"ImageObject\",\"inLanguage\":\"it-IT\",\"@id\":\"https:\/\/www.eltako.com\/it\/company\/sostenibilita\/#primaryimage\",\"url\":\"https:\/\/www.eltako.com\/wp-content\/uploads\/2022\/06\/eltako_website_header_1920x700_nachhaltigkeit_01.jpg\",\"contentUrl\":\"https:\/\/www.eltako.com\/wp-content\/uploads\/2022\/06\/eltako_website_header_1920x700_nachhaltigkeit_01.jpg\",\"width\":1920,\"height\":700},{\"@type\":\"BreadcrumbList\",\"@id\":\"https:\/\/www.eltako.com\/it\/company\/sostenibilita\/#breadcrumb\",\"itemListElement\":[{\"@type\":\"ListItem\",\"position\":1,\"name\":\"Home\",\"item\":\"https:\/\/www.eltako.com\/it\/\"},{\"@type\":\"ListItem\",\"position\":2,\"name\":\"Azienda\",\"item\":\"https:\/\/www.eltako.com\/it\/company\/\"},{\"@type\":\"ListItem\",\"position\":3,\"name\":\"Sostenibilit\u00e0\"}]},{\"@type\":\"WebSite\",\"@id\":\"https:\/\/www.eltako.com\/en\/#website\",\"url\":\"https:\/\/www.eltako.com\/en\/\",\"name\":\"Eltako\",\"description\":\"Schaltger\u00e4te, Netzteile, Stromz\u00e4hler, Dimmer, Geb\u00e4udeinstallation, Steuerungstechnik, Smart Home-L\u00f6sungen, Geb\u00e4udefunk, EnOcean-Technologie\",\"potentialAction\":[{\"@type\":\"SearchAction\",\"target\":{\"@type\":\"EntryPoint\",\"urlTemplate\":\"https:\/\/www.eltako.com\/en\/?s={search_term_string}\"},\"query-input\":{\"@type\":\"PropertyValueSpecification\",\"valueRequired\":true,\"valueName\":\"search_term_string\"}}],\"inLanguage\":\"it-IT\"}]}<\/script>\n<!-- \/ Yoast SEO plugin. -->","yoast_head_json":{"title":"Sostenibilit\u00e0 &#187; Eltako","robots":{"index":"index","follow":"follow","max-snippet":"max-snippet:-1","max-image-preview":"max-image-preview:large","max-video-preview":"max-video-preview:-1"},"canonical":"https:\/\/www.eltako.com\/it\/company\/sostenibilita\/","og_locale":"it_IT","og_type":"article","og_title":"Sostenibilit\u00e0 &#187; Eltako","og_description":"La definizione di sviluppo sostenibile afferma che i bisogni del presente devono essere soddisfatti in modo tale da non limitare le opportunit\u00e0 delle generazioni future. Con le nostre innovazioni vogliamo lavorare proprio in quest&#8217;ottica: Sviluppiamo tecnologie avanzate che migliorano la vita dei nostri clienti oggi e in futuro, senza perdere di vista il nostro obiettivo [&hellip;]","og_url":"https:\/\/www.eltako.com\/it\/company\/sostenibilita\/","og_site_name":"Eltako","article_modified_time":"2024-01-19T13:21:27+00:00","og_image":[{"width":1920,"height":700,"url":"https:\/\/www.eltako.com\/wp-content\/uploads\/2022\/06\/eltako_website_header_1920x700_nachhaltigkeit_01.jpg","type":"image\/jpeg"}],"twitter_card":"summary_large_image","twitter_misc":{"Tempo di lettura stimato":"4 minuti"},"schema":{"@context":"https:\/\/schema.org","@graph":[{"@type":"WebPage","@id":"https:\/\/www.eltako.com\/it\/company\/sostenibilita\/","url":"https:\/\/www.eltako.com\/it\/company\/sostenibilita\/","name":"Sostenibilit\u00e0 &#187; Eltako","isPartOf":{"@id":"https:\/\/www.eltako.com\/en\/#website"},"primaryImageOfPage":{"@id":"https:\/\/www.eltako.com\/it\/company\/sostenibilita\/#primaryimage"},"image":{"@id":"https:\/\/www.eltako.com\/it\/company\/sostenibilita\/#primaryimage"},"thumbnailUrl":"https:\/\/www.eltako.com\/wp-content\/uploads\/2022\/06\/eltako_website_header_1920x700_nachhaltigkeit_01.jpg","datePublished":"2024-01-19T12:16:50+00:00","dateModified":"2024-01-19T13:21:27+00:00","breadcrumb":{"@id":"https:\/\/www.eltako.com\/it\/company\/sostenibilita\/#breadcrumb"},"inLanguage":"it-IT","potentialAction":[{"@type":"ReadAction","target":["https:\/\/www.eltako.com\/it\/company\/sostenibilita\/"]}]},{"@type":"ImageObject","inLanguage":"it-IT","@id":"https:\/\/www.eltako.com\/it\/company\/sostenibilita\/#primaryimage","url":"https:\/\/www.eltako.com\/wp-content\/uploads\/2022\/06\/eltako_website_header_1920x700_nachhaltigkeit_01.jpg","contentUrl":"https:\/\/www.eltako.com\/wp-content\/uploads\/2022\/06\/eltako_website_header_1920x700_nachhaltigkeit_01.jpg","width":1920,"height":700},{"@type":"BreadcrumbList","@id":"https:\/\/www.eltako.com\/it\/company\/sostenibilita\/#breadcrumb","itemListElement":[{"@type":"ListItem","position":1,"name":"Home","item":"https:\/\/www.eltako.com\/it\/"},{"@type":"ListItem","position":2,"name":"Azienda","item":"https:\/\/www.eltako.com\/it\/company\/"},{"@type":"ListItem","position":3,"name":"Sostenibilit\u00e0"}]},{"@type":"WebSite","@id":"https:\/\/www.eltako.com\/en\/#website","url":"https:\/\/www.eltako.com\/en\/","name":"Eltako","description":"Schaltger\u00e4te, Netzteile, Stromz\u00e4hler, Dimmer, Geb\u00e4udeinstallation, Steuerungstechnik, Smart Home-L\u00f6sungen, Geb\u00e4udefunk, EnOcean-Technologie","potentialAction":[{"@type":"SearchAction","target":{"@type":"EntryPoint","urlTemplate":"https:\/\/www.eltako.com\/en\/?s={search_term_string}"},"query-input":{"@type":"PropertyValueSpecification","valueRequired":true,"valueName":"search_term_string"}}],"inLanguage":"it-IT"}]}},"_links":{"self":[{"href":"https:\/\/www.eltako.com\/it\/wp-json\/wp\/v2\/pages\/135968","targetHints":{"allow":["GET"]}}],"collection":[{"href":"https:\/\/www.eltako.com\/it\/wp-json\/wp\/v2\/pages"}],"about":[{"href":"https:\/\/www.eltako.com\/it\/wp-json\/wp\/v2\/types\/page"}],"author":[{"embeddable":true,"href":"https:\/\/www.eltako.com\/it\/wp-json\/wp\/v2\/users\/39"}],"replies":[{"embeddable":true,"href":"https:\/\/www.eltako.com\/it\/wp-json\/wp\/v2\/comments?post=135968"}],"version-history":[{"count":4,"href":"https:\/\/www.eltako.com\/it\/wp-json\/wp\/v2\/pages\/135968\/revisions"}],"predecessor-version":[{"id":135972,"href":"https:\/\/www.eltako.com\/it\/wp-json\/wp\/v2\/pages\/135968\/revisions\/135972"}],"up":[{"embeddable":true,"href":"https:\/\/www.eltako.com\/it\/wp-json\/wp\/v2\/pages\/123454"}],"wp:featuredmedia":[{"embeddable":true,"href":"https:\/\/www.eltako.com\/it\/wp-json\/wp\/v2\/media\/113805"}],"wp:attachment":[{"href":"https:\/\/www.eltako.com\/it\/wp-json\/wp\/v2\/media?parent=135968"}],"curies":[{"name":"wp","href":"https:\/\/api.w.org\/{rel}","templated":true}]}}