{"id":134310,"date":"2023-11-07T07:32:19","date_gmt":"2023-11-07T06:32:19","guid":{"rendered":"https:\/\/www.eltako.com\/nr12-002-3x230v-nr12-001-3x230v\/"},"modified":"2023-11-07T07:32:19","modified_gmt":"2023-11-07T06:32:19","slug":"nr12-002-3x230v-nr12-001-3x230v","status":"publish","type":"page","link":"https:\/\/www.eltako.com\/it\/nr12-002-3x230v-nr12-001-3x230v\/","title":{"rendered":"NR12-002-3x230V, NR12-001-3x230V"},"content":{"rendered":"","protected":false},"excerpt":{"rendered":"","protected":false},"author":9,"featured_media":0,"parent":0,"menu_order":0,"comment_status":"closed","ping_status":"closed","template":"","meta":{"_acf_changed":false,"footnotes":"","_links_to":"","_links_to_target":""},"class_list":["post-134310","page","type-page","status-publish","hentry"],"acf":[],"yoast_head":"<!-- This site is optimized with the Yoast SEO plugin v27.2 - https:\/\/yoast.com\/product\/yoast-seo-wordpress\/ -->\n<title>NR12-002-3x230V, NR12-001-3x230V &#187; Eltako<\/title>\n<meta name=\"robots\" content=\"index, follow, max-snippet:-1, max-image-preview:large, max-video-preview:-1\" \/>\n<link rel=\"canonical\" href=\"https:\/\/www.eltako.com\/it\/nr12-002-3x230v-nr12-001-3x230v\/\" \/>\n<meta property=\"og:locale\" content=\"it_IT\" \/>\n<meta property=\"og:type\" content=\"article\" \/>\n<meta property=\"og:title\" content=\"NR12-002-3x230V, NR12-001-3x230V &#187; Eltako\" \/>\n<meta property=\"og:url\" content=\"https:\/\/www.eltako.com\/it\/nr12-002-3x230v-nr12-001-3x230v\/\" \/>\n<meta property=\"og:site_name\" content=\"Eltako\" \/>\n<meta name=\"twitter:card\" content=\"summary_large_image\" \/>\n<script type=\"application\/ld+json\" class=\"yoast-schema-graph\">{\"@context\":\"https:\/\/schema.org\",\"@graph\":[{\"@type\":\"WebPage\",\"@id\":\"https:\/\/www.eltako.com\/it\/nr12-002-3x230v-nr12-001-3x230v\/\",\"url\":\"https:\/\/www.eltako.com\/it\/nr12-002-3x230v-nr12-001-3x230v\/\",\"name\":\"NR12-002-3x230V, NR12-001-3x230V &#187; Eltako\",\"isPartOf\":{\"@id\":\"https:\/\/www.eltako.com\/en\/#website\"},\"datePublished\":\"2023-11-07T06:32:19+00:00\",\"breadcrumb\":{\"@id\":\"https:\/\/www.eltako.com\/it\/nr12-002-3x230v-nr12-001-3x230v\/#breadcrumb\"},\"inLanguage\":\"it-IT\",\"potentialAction\":[{\"@type\":\"ReadAction\",\"target\":[\"https:\/\/www.eltako.com\/it\/nr12-002-3x230v-nr12-001-3x230v\/\"]}]},{\"@type\":\"BreadcrumbList\",\"@id\":\"https:\/\/www.eltako.com\/it\/nr12-002-3x230v-nr12-001-3x230v\/#breadcrumb\",\"itemListElement\":[{\"@type\":\"ListItem\",\"position\":1,\"name\":\"Home\",\"item\":\"https:\/\/www.eltako.com\/it\/\"},{\"@type\":\"ListItem\",\"position\":2,\"name\":\"NR12-002-3x230V, NR12-001-3x230V\"}]},{\"@type\":\"WebSite\",\"@id\":\"https:\/\/www.eltako.com\/en\/#website\",\"url\":\"https:\/\/www.eltako.com\/en\/\",\"name\":\"Eltako\",\"description\":\"Schaltger\u00e4te, Netzteile, Stromz\u00e4hler, Dimmer, Geb\u00e4udeinstallation, Steuerungstechnik, Smart Home-L\u00f6sungen, Geb\u00e4udefunk, EnOcean-Technologie\",\"potentialAction\":[{\"@type\":\"SearchAction\",\"target\":{\"@type\":\"EntryPoint\",\"urlTemplate\":\"https:\/\/www.eltako.com\/en\/?s={search_term_string}\"},\"query-input\":{\"@type\":\"PropertyValueSpecification\",\"valueRequired\":true,\"valueName\":\"search_term_string\"}}],\"inLanguage\":\"it-IT\"}]}<\/script>\n<!-- \/ Yoast SEO plugin. -->","yoast_head_json":{"title":"NR12-002-3x230V, NR12-001-3x230V &#187; Eltako","robots":{"index":"index","follow":"follow","max-snippet":"max-snippet:-1","max-image-preview":"max-image-preview:large","max-video-preview":"max-video-preview:-1"},"canonical":"https:\/\/www.eltako.com\/it\/nr12-002-3x230v-nr12-001-3x230v\/","og_locale":"it_IT","og_type":"article","og_title":"NR12-002-3x230V, NR12-001-3x230V &#187; Eltako","og_url":"https:\/\/www.eltako.com\/it\/nr12-002-3x230v-nr12-001-3x230v\/","og_site_name":"Eltako","twitter_card":"summary_large_image","schema":{"@context":"https:\/\/schema.org","@graph":[{"@type":"WebPage","@id":"https:\/\/www.eltako.com\/it\/nr12-002-3x230v-nr12-001-3x230v\/","url":"https:\/\/www.eltako.com\/it\/nr12-002-3x230v-nr12-001-3x230v\/","name":"NR12-002-3x230V, NR12-001-3x230V &#187; Eltako","isPartOf":{"@id":"https:\/\/www.eltako.com\/en\/#website"},"datePublished":"2023-11-07T06:32:19+00:00","breadcrumb":{"@id":"https:\/\/www.eltako.com\/it\/nr12-002-3x230v-nr12-001-3x230v\/#breadcrumb"},"inLanguage":"it-IT","potentialAction":[{"@type":"ReadAction","target":["https:\/\/www.eltako.com\/it\/nr12-002-3x230v-nr12-001-3x230v\/"]}]},{"@type":"BreadcrumbList","@id":"https:\/\/www.eltako.com\/it\/nr12-002-3x230v-nr12-001-3x230v\/#breadcrumb","itemListElement":[{"@type":"ListItem","position":1,"name":"Home","item":"https:\/\/www.eltako.com\/it\/"},{"@type":"ListItem","position":2,"name":"NR12-002-3x230V, NR12-001-3x230V"}]},{"@type":"WebSite","@id":"https:\/\/www.eltako.com\/en\/#website","url":"https:\/\/www.eltako.com\/en\/","name":"Eltako","description":"Schaltger\u00e4te, Netzteile, Stromz\u00e4hler, Dimmer, Geb\u00e4udeinstallation, Steuerungstechnik, Smart Home-L\u00f6sungen, Geb\u00e4udefunk, EnOcean-Technologie","potentialAction":[{"@type":"SearchAction","target":{"@type":"EntryPoint","urlTemplate":"https:\/\/www.eltako.com\/en\/?s={search_term_string}"},"query-input":{"@type":"PropertyValueSpecification","valueRequired":true,"valueName":"search_term_string"}}],"inLanguage":"it-IT"}]}},"_links":{"self":[{"href":"https:\/\/www.eltako.com\/it\/wp-json\/wp\/v2\/pages\/134310","targetHints":{"allow":["GET"]}}],"collection":[{"href":"https:\/\/www.eltako.com\/it\/wp-json\/wp\/v2\/pages"}],"about":[{"href":"https:\/\/www.eltako.com\/it\/wp-json\/wp\/v2\/types\/page"}],"author":[{"embeddable":true,"href":"https:\/\/www.eltako.com\/it\/wp-json\/wp\/v2\/users\/9"}],"replies":[{"embeddable":true,"href":"https:\/\/www.eltako.com\/it\/wp-json\/wp\/v2\/comments?post=134310"}],"version-history":[{"count":0,"href":"https:\/\/www.eltako.com\/it\/wp-json\/wp\/v2\/pages\/134310\/revisions"}],"wp:attachment":[{"href":"https:\/\/www.eltako.com\/it\/wp-json\/wp\/v2\/media?parent=134310"}],"curies":[{"name":"wp","href":"https:\/\/api.w.org\/{rel}","templated":true}]}}