{"id":123550,"date":"2022-12-12T15:55:27","date_gmt":"2022-12-12T14:55:27","guid":{"rendered":"https:\/\/www.eltako.com\/company\/carriera\/"},"modified":"2025-03-24T09:05:21","modified_gmt":"2025-03-24T08:05:21","slug":"carriera","status":"publish","type":"page","link":"https:\/\/www.eltako.com\/it\/company\/carriera\/","title":{"rendered":"Carriera"},"content":{"rendered":"\n<h2 class=\"wp-block-heading\">ELTAKO come datore di lavoro &#8211; La tua carriera con noi!<\/h2>\n\n\n\n<div style=\"height:32px\" aria-hidden=\"true\" class=\"wp-block-spacer\"><\/div>\n\n\n\n<div class=\"wp-block-columns is-layout-flex wp-container-core-columns-is-layout-9d6595d7 wp-block-columns-is-layout-flex\">\n<div class=\"wp-block-column is-layout-flow wp-block-column-is-layout-flow\"><\/div>\n\n\n\n<div class=\"wp-block-column is-layout-flow wp-block-column-is-layout-flow\">\n<a href=\"https:\/\/jobs.eltako.com\/en\" target=\"_blank\" class=\"text-uppercase font-weight-bold btn text-white p-3 mt-1 mb-1 w-100\" style=\"background : #016db7; font-size:20px\" rel=\"noopener\">Alla piattaforma richiedente\n<\/a>\n<\/div>\n\n\n\n<div class=\"wp-block-column is-layout-flow wp-block-column-is-layout-flow\"><\/div>\n<\/div>\n\n\n\n<h3 class=\"wp-block-heading\"><strong>Chi siamo:<\/strong><\/h3>\n\n\n\n<p><\/p>\n\n\n\n<div style=\"height:20px\" aria-hidden=\"true\" class=\"wp-block-spacer\"><\/div>\n\n\n\n<h4 class=\"wp-block-heading\">Noi di <strong>ELTAKO<\/strong> abbiamo un obiettivo comune: trasformare ogni casa in una casa intelligente. La nostra ricetta per il successo? Chiaramente i nostri oltre 135 dipendenti in tutta Europa, che ogni giorno mettono anima e corpo nel loro lavoro. Grazie alle idee e alla passione dei nostri collaboratori, e agli oltre 75 anni di esperienza, siamo sinonimo di massima competenza e qualit\u00e0 nello sviluppo di prodotti innovativi per l&#8217;installazione e il controllo degli edifici.<\/h4>\n\n\n\n<div style=\"height:20px\" aria-hidden=\"true\" class=\"wp-block-spacer\"><\/div>\n\n\n\n<h3 class=\"wp-block-heading\"><strong>Su di te:<\/strong><\/h3>\n\n\n\n<div style=\"height:20px\" aria-hidden=\"true\" class=\"wp-block-spacer\"><\/div>\n\n\n\n<h4 class=\"wp-block-heading\">Non avere paura di affrontare nuovi compiti, ti piace lavorare in gruppo e sei appassionatoi del tuo lavoro? Allora saremo lieti di accoglierti con noi in futuro. <\/h4>\n\n\n\n<h4 class=\"wp-block-heading\">Come membro di ELTAKO, puoi aspettarti progetti entusiasmanti, persone calorose e infinite opportunit\u00e0.<\/h4>\n\n\n\n<h4 class=\"wp-block-heading\">Oltre ai nostri dipendenti fissi, offriamo spazio anche a studenti lavoratori e offriamo regolarmente stage. <\/h4>\n\n\n\n<h4 class=\"wp-block-heading\">Non possiamo offrirti il posto vacante che ti interessa in questo momento? Non importa, candidati di tua iniziativa: siamo sempre interessati a buoni collaboratori! <\/h4>\n\n\n\n<h5 class=\"wp-block-heading\"><\/h5>\n","protected":false},"excerpt":{"rendered":"<p>ELTAKO come datore di lavoro &#8211; La tua carriera con noi! Alla piattaforma richiedente Chi siamo: Noi di ELTAKO abbiamo un obiettivo comune: trasformare ogni casa in una casa intelligente. La nostra ricetta per il successo? Chiaramente i nostri oltre 135 dipendenti in tutta Europa, che ogni giorno mettono anima e corpo nel loro lavoro. [&hellip;]<\/p>\n","protected":false},"author":31,"featured_media":98356,"parent":123454,"menu_order":6,"comment_status":"closed","ping_status":"closed","template":"","meta":{"_acf_changed":false,"footnotes":"","_links_to":"","_links_to_target":""},"class_list":["post-123550","page","type-page","status-publish","has-post-thumbnail","hentry"],"acf":[],"yoast_head":"<!-- This site is optimized with the Yoast SEO plugin v27.2 - https:\/\/yoast.com\/product\/yoast-seo-wordpress\/ -->\n<title>Carriera &#187; Eltako<\/title>\n<meta name=\"robots\" content=\"index, follow, max-snippet:-1, max-image-preview:large, max-video-preview:-1\" \/>\n<link rel=\"canonical\" href=\"https:\/\/www.eltako.com\/it\/company\/carriera\/\" \/>\n<meta property=\"og:locale\" content=\"it_IT\" \/>\n<meta property=\"og:type\" content=\"article\" \/>\n<meta property=\"og:title\" content=\"Carriera &#187; Eltako\" \/>\n<meta property=\"og:description\" content=\"ELTAKO come datore di lavoro &#8211; La tua carriera con noi! Alla piattaforma richiedente Chi siamo: Noi di ELTAKO abbiamo un obiettivo comune: trasformare ogni casa in una casa intelligente. La nostra ricetta per il successo? Chiaramente i nostri oltre 135 dipendenti in tutta Europa, che ogni giorno mettono anima e corpo nel loro lavoro. [&hellip;]\" \/>\n<meta property=\"og:url\" content=\"https:\/\/www.eltako.com\/it\/company\/carriera\/\" \/>\n<meta property=\"og:site_name\" content=\"Eltako\" \/>\n<meta property=\"article:modified_time\" content=\"2025-03-24T08:05:21+00:00\" \/>\n<meta property=\"og:image\" content=\"https:\/\/www.eltako.com\/wp-content\/uploads\/2020\/10\/Karriere-Website-NEU-scaled.jpg\" \/>\n\t<meta property=\"og:image:width\" content=\"1920\" \/>\n\t<meta property=\"og:image:height\" content=\"1280\" \/>\n\t<meta property=\"og:image:type\" content=\"image\/jpeg\" \/>\n<meta name=\"twitter:card\" content=\"summary_large_image\" \/>\n<meta name=\"twitter:label1\" content=\"Tempo di lettura stimato\" \/>\n\t<meta name=\"twitter:data1\" content=\"2 minuti\" \/>\n<script type=\"application\/ld+json\" class=\"yoast-schema-graph\">{\"@context\":\"https:\/\/schema.org\",\"@graph\":[{\"@type\":\"WebPage\",\"@id\":\"https:\/\/www.eltako.com\/it\/company\/carriera\/\",\"url\":\"https:\/\/www.eltako.com\/it\/company\/carriera\/\",\"name\":\"Carriera &#187; Eltako\",\"isPartOf\":{\"@id\":\"https:\/\/www.eltako.com\/en\/#website\"},\"primaryImageOfPage\":{\"@id\":\"https:\/\/www.eltako.com\/it\/company\/carriera\/#primaryimage\"},\"image\":{\"@id\":\"https:\/\/www.eltako.com\/it\/company\/carriera\/#primaryimage\"},\"thumbnailUrl\":\"https:\/\/www.eltako.com\/wp-content\/uploads\/2020\/10\/Karriere-Website-NEU-scaled.jpg\",\"datePublished\":\"2022-12-12T14:55:27+00:00\",\"dateModified\":\"2025-03-24T08:05:21+00:00\",\"breadcrumb\":{\"@id\":\"https:\/\/www.eltako.com\/it\/company\/carriera\/#breadcrumb\"},\"inLanguage\":\"it-IT\",\"potentialAction\":[{\"@type\":\"ReadAction\",\"target\":[\"https:\/\/www.eltako.com\/it\/company\/carriera\/\"]}]},{\"@type\":\"ImageObject\",\"inLanguage\":\"it-IT\",\"@id\":\"https:\/\/www.eltako.com\/it\/company\/carriera\/#primaryimage\",\"url\":\"https:\/\/www.eltako.com\/wp-content\/uploads\/2020\/10\/Karriere-Website-NEU-scaled.jpg\",\"contentUrl\":\"https:\/\/www.eltako.com\/wp-content\/uploads\/2020\/10\/Karriere-Website-NEU-scaled.jpg\",\"width\":1920,\"height\":1280,\"caption\":\"Gli uomini d'affari si stringono la mano, seduti al tavolo.\"},{\"@type\":\"BreadcrumbList\",\"@id\":\"https:\/\/www.eltako.com\/it\/company\/carriera\/#breadcrumb\",\"itemListElement\":[{\"@type\":\"ListItem\",\"position\":1,\"name\":\"Home\",\"item\":\"https:\/\/www.eltako.com\/it\/\"},{\"@type\":\"ListItem\",\"position\":2,\"name\":\"Azienda\",\"item\":\"https:\/\/www.eltako.com\/it\/company\/\"},{\"@type\":\"ListItem\",\"position\":3,\"name\":\"Carriera\"}]},{\"@type\":\"WebSite\",\"@id\":\"https:\/\/www.eltako.com\/en\/#website\",\"url\":\"https:\/\/www.eltako.com\/en\/\",\"name\":\"Eltako\",\"description\":\"Schaltger\u00e4te, Netzteile, Stromz\u00e4hler, Dimmer, Geb\u00e4udeinstallation, Steuerungstechnik, Smart Home-L\u00f6sungen, Geb\u00e4udefunk, EnOcean-Technologie\",\"potentialAction\":[{\"@type\":\"SearchAction\",\"target\":{\"@type\":\"EntryPoint\",\"urlTemplate\":\"https:\/\/www.eltako.com\/en\/?s={search_term_string}\"},\"query-input\":{\"@type\":\"PropertyValueSpecification\",\"valueRequired\":true,\"valueName\":\"search_term_string\"}}],\"inLanguage\":\"it-IT\"}]}<\/script>\n<!-- \/ Yoast SEO plugin. -->","yoast_head_json":{"title":"Carriera &#187; Eltako","robots":{"index":"index","follow":"follow","max-snippet":"max-snippet:-1","max-image-preview":"max-image-preview:large","max-video-preview":"max-video-preview:-1"},"canonical":"https:\/\/www.eltako.com\/it\/company\/carriera\/","og_locale":"it_IT","og_type":"article","og_title":"Carriera &#187; Eltako","og_description":"ELTAKO come datore di lavoro &#8211; La tua carriera con noi! Alla piattaforma richiedente Chi siamo: Noi di ELTAKO abbiamo un obiettivo comune: trasformare ogni casa in una casa intelligente. La nostra ricetta per il successo? Chiaramente i nostri oltre 135 dipendenti in tutta Europa, che ogni giorno mettono anima e corpo nel loro lavoro. [&hellip;]","og_url":"https:\/\/www.eltako.com\/it\/company\/carriera\/","og_site_name":"Eltako","article_modified_time":"2025-03-24T08:05:21+00:00","og_image":[{"width":1920,"height":1280,"url":"https:\/\/www.eltako.com\/wp-content\/uploads\/2020\/10\/Karriere-Website-NEU-scaled.jpg","type":"image\/jpeg"}],"twitter_card":"summary_large_image","twitter_misc":{"Tempo di lettura stimato":"2 minuti"},"schema":{"@context":"https:\/\/schema.org","@graph":[{"@type":"WebPage","@id":"https:\/\/www.eltako.com\/it\/company\/carriera\/","url":"https:\/\/www.eltako.com\/it\/company\/carriera\/","name":"Carriera &#187; Eltako","isPartOf":{"@id":"https:\/\/www.eltako.com\/en\/#website"},"primaryImageOfPage":{"@id":"https:\/\/www.eltako.com\/it\/company\/carriera\/#primaryimage"},"image":{"@id":"https:\/\/www.eltako.com\/it\/company\/carriera\/#primaryimage"},"thumbnailUrl":"https:\/\/www.eltako.com\/wp-content\/uploads\/2020\/10\/Karriere-Website-NEU-scaled.jpg","datePublished":"2022-12-12T14:55:27+00:00","dateModified":"2025-03-24T08:05:21+00:00","breadcrumb":{"@id":"https:\/\/www.eltako.com\/it\/company\/carriera\/#breadcrumb"},"inLanguage":"it-IT","potentialAction":[{"@type":"ReadAction","target":["https:\/\/www.eltako.com\/it\/company\/carriera\/"]}]},{"@type":"ImageObject","inLanguage":"it-IT","@id":"https:\/\/www.eltako.com\/it\/company\/carriera\/#primaryimage","url":"https:\/\/www.eltako.com\/wp-content\/uploads\/2020\/10\/Karriere-Website-NEU-scaled.jpg","contentUrl":"https:\/\/www.eltako.com\/wp-content\/uploads\/2020\/10\/Karriere-Website-NEU-scaled.jpg","width":1920,"height":1280,"caption":"Gli uomini d'affari si stringono la mano, seduti al tavolo."},{"@type":"BreadcrumbList","@id":"https:\/\/www.eltako.com\/it\/company\/carriera\/#breadcrumb","itemListElement":[{"@type":"ListItem","position":1,"name":"Home","item":"https:\/\/www.eltako.com\/it\/"},{"@type":"ListItem","position":2,"name":"Azienda","item":"https:\/\/www.eltako.com\/it\/company\/"},{"@type":"ListItem","position":3,"name":"Carriera"}]},{"@type":"WebSite","@id":"https:\/\/www.eltako.com\/en\/#website","url":"https:\/\/www.eltako.com\/en\/","name":"Eltako","description":"Schaltger\u00e4te, Netzteile, Stromz\u00e4hler, Dimmer, Geb\u00e4udeinstallation, Steuerungstechnik, Smart Home-L\u00f6sungen, Geb\u00e4udefunk, EnOcean-Technologie","potentialAction":[{"@type":"SearchAction","target":{"@type":"EntryPoint","urlTemplate":"https:\/\/www.eltako.com\/en\/?s={search_term_string}"},"query-input":{"@type":"PropertyValueSpecification","valueRequired":true,"valueName":"search_term_string"}}],"inLanguage":"it-IT"}]}},"_links":{"self":[{"href":"https:\/\/www.eltako.com\/it\/wp-json\/wp\/v2\/pages\/123550","targetHints":{"allow":["GET"]}}],"collection":[{"href":"https:\/\/www.eltako.com\/it\/wp-json\/wp\/v2\/pages"}],"about":[{"href":"https:\/\/www.eltako.com\/it\/wp-json\/wp\/v2\/types\/page"}],"author":[{"embeddable":true,"href":"https:\/\/www.eltako.com\/it\/wp-json\/wp\/v2\/users\/31"}],"replies":[{"embeddable":true,"href":"https:\/\/www.eltako.com\/it\/wp-json\/wp\/v2\/comments?post=123550"}],"version-history":[{"count":5,"href":"https:\/\/www.eltako.com\/it\/wp-json\/wp\/v2\/pages\/123550\/revisions"}],"predecessor-version":[{"id":144506,"href":"https:\/\/www.eltako.com\/it\/wp-json\/wp\/v2\/pages\/123550\/revisions\/144506"}],"up":[{"embeddable":true,"href":"https:\/\/www.eltako.com\/it\/wp-json\/wp\/v2\/pages\/123454"}],"wp:featuredmedia":[{"embeddable":true,"href":"https:\/\/www.eltako.com\/it\/wp-json\/wp\/v2\/media\/98356"}],"wp:attachment":[{"href":"https:\/\/www.eltako.com\/it\/wp-json\/wp\/v2\/media?parent=123550"}],"curies":[{"name":"wp","href":"https:\/\/api.w.org\/{rel}","templated":true}]}}