{"id":123540,"date":"2022-12-12T15:45:05","date_gmt":"2022-12-12T14:45:05","guid":{"rendered":"https:\/\/www.eltako.com\/minisafe2-e-gfa5\/"},"modified":"2025-03-07T09:56:54","modified_gmt":"2025-03-07T08:56:54","slug":"minisafe2-e-gfa5","status":"publish","type":"page","link":"https:\/\/www.eltako.com\/it\/minisafe2-e-gfa5\/","title":{"rendered":"MiniSafe2 e GFA5"},"content":{"rendered":"\n<div style=\"height:100px\" aria-hidden=\"true\" class=\"wp-block-spacer\"><\/div>\n\n\n\n<div class=\"wp-block-columns is-layout-flex wp-container-core-columns-is-layout-9d6595d7 wp-block-columns-is-layout-flex\">\n<div class=\"wp-block-column is-layout-flow wp-block-column-is-layout-flow\"><div class=\"wp-block-image\">\n<figure class=\"aligncenter size-large is-resized\"><img decoding=\"async\" src=\"https:\/\/www.eltako.com\/wp-content\/uploads\/2022\/06\/eltako_website_content_landingpage_minisafe2-gfa5-app_app-ansichten_en.jpg\" alt=\"\" class=\"wp-image-22747\" style=\"width:494px;height:615px\"\/><\/figure>\n<\/div><\/div>\n\n\n\n<div class=\"wp-block-column bg-primary text-white pl-4 pr-4 is-layout-flow wp-block-column-is-layout-flow\">\n<div style=\"height:38px\" aria-hidden=\"true\" class=\"wp-block-spacer\"><\/div>\n\n\n\n<h2 class=\"wp-block-heading\" style=\"font-size:40px\"><strong>La nuova app GFA5 incontra il MiniSafe2<\/strong> <\/h2>\n\n\n\n<div style=\"height:20px\" aria-hidden=\"true\" class=\"wp-block-spacer\"><\/div>\n\n\n\n<p class=\"has-medium-font-size\">\u00c8 arrivato il MiniSafe2 e con esso la nuova app GFA5. Questo controller Smart Home \u00e8 l&#8217;ingresso ottimale nel mondo del controllo intelligente degli edifici. Offre un funzionamento intuitivo, un design moderno e un&#8217;ampia compatibilit\u00e0. La nuova applicazione viene utilizzata per controllare e gestire i prodotti Professional Smart Home connessi. Disponibile per dispositivi iOS e Android, consente anche il controllo vocale attraverso Google e Amazon. Grazie all&#8217;interfaccia intuitiva, \u00e8 possibile orientarsi rapidamente e memorizzare, richiamare e modificare facilmente le impostazioni e lgli scenari personali in qualsiasi momento. <\/p>\n\n\n\n<div style=\"height:20px\" aria-hidden=\"true\" class=\"wp-block-spacer\"><\/div>\n\n\n\n<div class=\"wp-block-buttons is-layout-flex wp-block-buttons-is-layout-flex\"><\/div>\n\n\n\n\n\n<div style=\"height:30px\" aria-hidden=\"true\" class=\"wp-block-spacer\"><\/div>\n\n\n\n<div class=\"wp-block-columns is-layout-flex wp-container-core-columns-is-layout-9d6595d7 wp-block-columns-is-layout-flex\">\n<div class=\"wp-block-column is-layout-flow wp-block-column-is-layout-flow\">\n<figure class=\"wp-block-image size-full is-resized\"><a href=\"https:\/\/apps.apple.com\/de\/app\/eltako-gfa5\/id1555852467\"><img decoding=\"async\" width=\"600\" height=\"180\" src=\"https:\/\/www.eltako.com\/wp-content\/uploads\/2021\/08\/app.png\" alt=\"\" class=\"wp-image-22788\" style=\"width:150px;height:45px\" srcset=\"https:\/\/www.eltako.com\/wp-content\/uploads\/2021\/08\/app.png 600w, https:\/\/www.eltako.com\/wp-content\/uploads\/2021\/08\/app-300x90.png 300w\" sizes=\"(max-width: 600px) 100vw, 600px\" \/><\/a><\/figure>\n<\/div>\n\n\n\n<div class=\"wp-block-column is-layout-flow wp-block-column-is-layout-flow\">\n<figure class=\"wp-block-image size-full is-resized\"><a href=\"https:\/\/play.google.com\/store\/apps\/details?id=com.eltako.gfa5&amp;hl=de&amp;gl=US\"><img decoding=\"async\" width=\"600\" height=\"180\" src=\"https:\/\/www.eltako.com\/wp-content\/uploads\/2021\/08\/google.png\" alt=\"\" class=\"wp-image-22796\" style=\"width:150px;height:45px\" srcset=\"https:\/\/www.eltako.com\/wp-content\/uploads\/2021\/08\/google.png 600w, https:\/\/www.eltako.com\/wp-content\/uploads\/2021\/08\/google-300x90.png 300w\" sizes=\"(max-width: 600px) 100vw, 600px\" \/><\/a><\/figure>\n<\/div>\n<\/div>\n\n\n\n<div class=\"wp-block-buttons is-layout-flex wp-block-buttons-is-layout-flex\"><\/div>\n<\/div>\n<\/div>\n\n\n\n<div style=\"height:40px\" aria-hidden=\"true\" class=\"wp-block-spacer\"><\/div>\n\n\n\n<div class=\"wp-block-columns is-layout-flex wp-container-core-columns-is-layout-9d6595d7 wp-block-columns-is-layout-flex\">\n<div class=\"wp-block-column is-layout-flow wp-block-column-is-layout-flow\">\n<a href=\"https:\/\/www.eltako.com\/it\/controller-aggiornamento-firmware\/\" class=\"text-uppercase font-weight-bold btn text-white p-3 mt-1 mb-1 w-100\" style=\"background : #016db7; font-size:20px\">Aggiornamento del firmware<\/a>\n\n\n\n<a href=\"https:\/\/www.eltako.com\/it\/catalog\/products\/266\/minisafe2\/\" class=\"btn font-weight-bold text-white mt-1 mb-1 p-3 w-100 text-uppercase\" style=\"background : #016db7; font-size:20px\">MiniSafe2<\/a>\n<\/div>\n\n\n\n<div class=\"wp-block-column is-layout-flow wp-block-column-is-layout-flow\">\n<a href=\"https:\/\/www.eltako.com\/fileadmin\/downloads\/en\/_brochure\/GFA5_app_brochure_gb_032022_Internet.pdf\" class=\"text-uppercase font-weight-bold btn text-white mt-1 mb-1 p-3 w-100\" style=\"background : #016db7; font-size:20px\">Opuscolo<\/a>\n\n\n\n<a href=\"https:\/\/www.eltako.com\/it\/catalog\/products\/267\/minisafe2-reg\/\" class=\"btn font-weight-bold text-white mt-1 mb-1 p-3 w-100 text-uppercase\" style=\"background : #016db7; font-size:20px\">MiniSafe2-REG<\/a>\n<\/div>\n<\/div>\n\n\n\n<div style=\"height:50px\" aria-hidden=\"true\" class=\"wp-block-spacer\"><\/div>\n\n\n\n<figure class=\"wp-block-image size-large\"><img decoding=\"async\" src=\"https:\/\/www.eltako.de\/wp-content\/uploads\/2023\/02\/Eltako_Website_Content-Bilder-Landingpage_MiniSafe2-GFA-App_IT.jpg\" alt=\"\" class=\"wp-image-75363\"\/><\/figure>\n\n\n\n<div style=\"height:60px\" aria-hidden=\"true\" class=\"wp-block-spacer\"><\/div>\n\n\n\n<div class=\"wp-block-columns is-layout-flex wp-container-core-columns-is-layout-9d6595d7 wp-block-columns-is-layout-flex\">\n<div class=\"wp-block-column is-layout-flow wp-block-column-is-layout-flow\">\n <div class=\"brlbs-cmpnt-container brlbs-cmpnt-content-blocker brlbs-cmpnt-with-individual-styles\" data-borlabs-cookie-content-blocker-id=\"youtube-content-blocker\" data-borlabs-cookie-content=\"PGlmcmFtZSBzcmM9Imh0dHBzOi8vd3d3LnlvdXR1YmUtbm9jb29raWUuY29tL2VtYmVkL1c5MlhQQl90dHowIiB3aWR0aD0iMTAwJSIgaGVpZ2h0PSIzMTUiIGZyYW1lYm9yZGVyPSIwIj48L2lmcmFtZT4=\"><div class=\"brlbs-cmpnt-cb-preset-c brlbs-cmpnt-cb-youtube\"> <div class=\"brlbs-cmpnt-cb-thumbnail\" style=\"background-image: url('https:\/\/www.eltako.com\/wp-content\/uploads\/borlabs-cookie\/1\/yt_W92XPB_ttz0_hqdefault.jpg')\"><\/div> <div class=\"brlbs-cmpnt-cb-main\"> <div class=\"brlbs-cmpnt-cb-play-button\"><\/div> <div class=\"brlbs-cmpnt-cb-content\"> <p class=\"brlbs-cmpnt-cb-description\">Stai visualizzando un contenuto segnaposto da <strong>YouTube<\/strong>. Per accedere al contenuto effettivo, clicca sul pulsante sottostante. Si prega di notare che in questo modo si condividono i dati con provider di terze parti.<\/p> <a class=\"brlbs-cmpnt-cb-provider-toggle\" href=\"#\" data-borlabs-cookie-show-provider-information role=\"button\">Ulteriori informazioni<\/a> <\/div> <div class=\"brlbs-cmpnt-cb-buttons\"> <a class=\"brlbs-cmpnt-cb-btn\" href=\"#\" data-borlabs-cookie-unblock role=\"button\">Sblocca il contenuto<\/a> <a class=\"brlbs-cmpnt-cb-btn\" href=\"#\" data-borlabs-cookie-accept-service role=\"button\" style=\"display: inherit\">Accetta il servizio richiesto e sblocca i contenuti<\/a> <\/div> <\/div> <\/div><\/div>\n<\/div>\n\n\n\n<div class=\"wp-block-column is-layout-flow wp-block-column-is-layout-flow\">\n <div class=\"brlbs-cmpnt-container brlbs-cmpnt-content-blocker brlbs-cmpnt-with-individual-styles\" data-borlabs-cookie-content-blocker-id=\"youtube-content-blocker\" data-borlabs-cookie-content=\"PGlmcmFtZSBzcmM9Imh0dHBzOi8vd3d3LnlvdXR1YmUtbm9jb29raWUuY29tL2VtYmVkL0hkTGZSWkNMeEYwIiB0aXRsZT0iTGV0dG9yZSB2aWRlbyBkaSBZb3VUdWJlIiBhbGxvdz0iYWNjZWxlcm9tZXRlcjsgY2xpcGJvYXJkLXdyaXRlOyBlbmNyeXB0ZWQtbWVkaWE7IGd5cm9zY29wZTsgcGljdHVyZS1pbi1waWN0dXJlIiBhbGxvd2Z1bGxzY3JlZW49IiIgd2lkdGg9IjEwMCUiIGhlaWdodD0iMzE1IiBmcmFtZWJvcmRlcj0iMCI+PC9pZnJhbWU+\"><div class=\"brlbs-cmpnt-cb-preset-c brlbs-cmpnt-cb-youtube\"> <div class=\"brlbs-cmpnt-cb-thumbnail\" style=\"background-image: url('https:\/\/www.eltako.com\/wp-content\/uploads\/borlabs-cookie\/1\/yt_HdLfRZCLxF0_hqdefault.jpg')\"><\/div> <div class=\"brlbs-cmpnt-cb-main\"> <div class=\"brlbs-cmpnt-cb-play-button\"><\/div> <div class=\"brlbs-cmpnt-cb-content\"> <p class=\"brlbs-cmpnt-cb-description\">Stai visualizzando un contenuto segnaposto da <strong>YouTube<\/strong>. Per accedere al contenuto effettivo, clicca sul pulsante sottostante. Si prega di notare che in questo modo si condividono i dati con provider di terze parti.<\/p> <a class=\"brlbs-cmpnt-cb-provider-toggle\" href=\"#\" data-borlabs-cookie-show-provider-information role=\"button\">Ulteriori informazioni<\/a> <\/div> <div class=\"brlbs-cmpnt-cb-buttons\"> <a class=\"brlbs-cmpnt-cb-btn\" href=\"#\" data-borlabs-cookie-unblock role=\"button\">Sblocca il contenuto<\/a> <a class=\"brlbs-cmpnt-cb-btn\" href=\"#\" data-borlabs-cookie-accept-service role=\"button\" style=\"display: inherit\">Accetta il servizio richiesto e sblocca i contenuti<\/a> <\/div> <\/div> <\/div><\/div>\n<\/div>\n<\/div>\n","protected":false},"excerpt":{"rendered":"<p>La nuova app GFA5 incontra il MiniSafe2 \u00c8 arrivato il MiniSafe2 e con esso la nuova app GFA5. Questo controller Smart Home \u00e8 l&#8217;ingresso ottimale nel mondo del controllo intelligente degli edifici. Offre un funzionamento intuitivo, un design moderno e un&#8217;ampia compatibilit\u00e0. La nuova applicazione viene utilizzata per controllare e gestire i prodotti Professional Smart [&hellip;]<\/p>\n","protected":false},"author":31,"featured_media":113718,"parent":0,"menu_order":0,"comment_status":"closed","ping_status":"closed","template":"templates\/padding_header.php","meta":{"_acf_changed":false,"footnotes":"","_links_to":"","_links_to_target":""},"class_list":["post-123540","page","type-page","status-publish","has-post-thumbnail","hentry"],"acf":[],"yoast_head":"<!-- This site is optimized with the Yoast SEO plugin v27.2 - https:\/\/yoast.com\/product\/yoast-seo-wordpress\/ -->\n<title>MiniSafe2 e GFA5 &#187; Eltako<\/title>\n<meta name=\"robots\" content=\"index, follow, max-snippet:-1, max-image-preview:large, max-video-preview:-1\" \/>\n<link rel=\"canonical\" href=\"https:\/\/www.eltako.com\/it\/minisafe2-e-gfa5\/\" \/>\n<meta property=\"og:locale\" content=\"it_IT\" \/>\n<meta property=\"og:type\" content=\"article\" \/>\n<meta property=\"og:title\" content=\"MiniSafe2 e GFA5 &#187; Eltako\" \/>\n<meta property=\"og:description\" content=\"La nuova app GFA5 incontra il MiniSafe2 \u00c8 arrivato il MiniSafe2 e con esso la nuova app GFA5. Questo controller Smart Home \u00e8 l&#8217;ingresso ottimale nel mondo del controllo intelligente degli edifici. Offre un funzionamento intuitivo, un design moderno e un&#8217;ampia compatibilit\u00e0. La nuova applicazione viene utilizzata per controllare e gestire i prodotti Professional Smart [&hellip;]\" \/>\n<meta property=\"og:url\" content=\"https:\/\/www.eltako.com\/it\/minisafe2-e-gfa5\/\" \/>\n<meta property=\"og:site_name\" content=\"Eltako\" \/>\n<meta property=\"article:modified_time\" content=\"2025-03-07T08:56:54+00:00\" \/>\n<meta property=\"og:image\" content=\"https:\/\/www.eltako.com\/wp-content\/uploads\/2022\/06\/eltako_website_header_1920x700_minisafe2-gfa5_en.jpg\" \/>\n\t<meta property=\"og:image:width\" content=\"1920\" \/>\n\t<meta property=\"og:image:height\" content=\"700\" \/>\n\t<meta property=\"og:image:type\" content=\"image\/jpeg\" \/>\n<meta name=\"twitter:card\" content=\"summary_large_image\" \/>\n<meta name=\"twitter:label1\" content=\"Tempo di lettura stimato\" \/>\n\t<meta name=\"twitter:data1\" content=\"2 minuti\" \/>\n<script type=\"application\/ld+json\" class=\"yoast-schema-graph\">{\"@context\":\"https:\/\/schema.org\",\"@graph\":[{\"@type\":\"WebPage\",\"@id\":\"https:\/\/www.eltako.com\/it\/minisafe2-e-gfa5\/\",\"url\":\"https:\/\/www.eltako.com\/it\/minisafe2-e-gfa5\/\",\"name\":\"MiniSafe2 e GFA5 &#187; Eltako\",\"isPartOf\":{\"@id\":\"https:\/\/www.eltako.com\/en\/#website\"},\"primaryImageOfPage\":{\"@id\":\"https:\/\/www.eltako.com\/it\/minisafe2-e-gfa5\/#primaryimage\"},\"image\":{\"@id\":\"https:\/\/www.eltako.com\/it\/minisafe2-e-gfa5\/#primaryimage\"},\"thumbnailUrl\":\"https:\/\/www.eltako.com\/wp-content\/uploads\/2022\/06\/eltako_website_header_1920x700_minisafe2-gfa5_en.jpg\",\"datePublished\":\"2022-12-12T14:45:05+00:00\",\"dateModified\":\"2025-03-07T08:56:54+00:00\",\"breadcrumb\":{\"@id\":\"https:\/\/www.eltako.com\/it\/minisafe2-e-gfa5\/#breadcrumb\"},\"inLanguage\":\"it-IT\",\"potentialAction\":[{\"@type\":\"ReadAction\",\"target\":[\"https:\/\/www.eltako.com\/it\/minisafe2-e-gfa5\/\"]}]},{\"@type\":\"ImageObject\",\"inLanguage\":\"it-IT\",\"@id\":\"https:\/\/www.eltako.com\/it\/minisafe2-e-gfa5\/#primaryimage\",\"url\":\"https:\/\/www.eltako.com\/wp-content\/uploads\/2022\/06\/eltako_website_header_1920x700_minisafe2-gfa5_en.jpg\",\"contentUrl\":\"https:\/\/www.eltako.com\/wp-content\/uploads\/2022\/06\/eltako_website_header_1920x700_minisafe2-gfa5_en.jpg\",\"width\":1920,\"height\":700},{\"@type\":\"BreadcrumbList\",\"@id\":\"https:\/\/www.eltako.com\/it\/minisafe2-e-gfa5\/#breadcrumb\",\"itemListElement\":[{\"@type\":\"ListItem\",\"position\":1,\"name\":\"Home\",\"item\":\"https:\/\/www.eltako.com\/it\/\"},{\"@type\":\"ListItem\",\"position\":2,\"name\":\"MiniSafe2 e GFA5\"}]},{\"@type\":\"WebSite\",\"@id\":\"https:\/\/www.eltako.com\/en\/#website\",\"url\":\"https:\/\/www.eltako.com\/en\/\",\"name\":\"Eltako\",\"description\":\"Schaltger\u00e4te, Netzteile, Stromz\u00e4hler, Dimmer, Geb\u00e4udeinstallation, Steuerungstechnik, Smart Home-L\u00f6sungen, Geb\u00e4udefunk, EnOcean-Technologie\",\"potentialAction\":[{\"@type\":\"SearchAction\",\"target\":{\"@type\":\"EntryPoint\",\"urlTemplate\":\"https:\/\/www.eltako.com\/en\/?s={search_term_string}\"},\"query-input\":{\"@type\":\"PropertyValueSpecification\",\"valueRequired\":true,\"valueName\":\"search_term_string\"}}],\"inLanguage\":\"it-IT\"}]}<\/script>\n<!-- \/ Yoast SEO plugin. -->","yoast_head_json":{"title":"MiniSafe2 e GFA5 &#187; Eltako","robots":{"index":"index","follow":"follow","max-snippet":"max-snippet:-1","max-image-preview":"max-image-preview:large","max-video-preview":"max-video-preview:-1"},"canonical":"https:\/\/www.eltako.com\/it\/minisafe2-e-gfa5\/","og_locale":"it_IT","og_type":"article","og_title":"MiniSafe2 e GFA5 &#187; Eltako","og_description":"La nuova app GFA5 incontra il MiniSafe2 \u00c8 arrivato il MiniSafe2 e con esso la nuova app GFA5. Questo controller Smart Home \u00e8 l&#8217;ingresso ottimale nel mondo del controllo intelligente degli edifici. Offre un funzionamento intuitivo, un design moderno e un&#8217;ampia compatibilit\u00e0. La nuova applicazione viene utilizzata per controllare e gestire i prodotti Professional Smart [&hellip;]","og_url":"https:\/\/www.eltako.com\/it\/minisafe2-e-gfa5\/","og_site_name":"Eltako","article_modified_time":"2025-03-07T08:56:54+00:00","og_image":[{"width":1920,"height":700,"url":"https:\/\/www.eltako.com\/wp-content\/uploads\/2022\/06\/eltako_website_header_1920x700_minisafe2-gfa5_en.jpg","type":"image\/jpeg"}],"twitter_card":"summary_large_image","twitter_misc":{"Tempo di lettura stimato":"2 minuti"},"schema":{"@context":"https:\/\/schema.org","@graph":[{"@type":"WebPage","@id":"https:\/\/www.eltako.com\/it\/minisafe2-e-gfa5\/","url":"https:\/\/www.eltako.com\/it\/minisafe2-e-gfa5\/","name":"MiniSafe2 e GFA5 &#187; Eltako","isPartOf":{"@id":"https:\/\/www.eltako.com\/en\/#website"},"primaryImageOfPage":{"@id":"https:\/\/www.eltako.com\/it\/minisafe2-e-gfa5\/#primaryimage"},"image":{"@id":"https:\/\/www.eltako.com\/it\/minisafe2-e-gfa5\/#primaryimage"},"thumbnailUrl":"https:\/\/www.eltako.com\/wp-content\/uploads\/2022\/06\/eltako_website_header_1920x700_minisafe2-gfa5_en.jpg","datePublished":"2022-12-12T14:45:05+00:00","dateModified":"2025-03-07T08:56:54+00:00","breadcrumb":{"@id":"https:\/\/www.eltako.com\/it\/minisafe2-e-gfa5\/#breadcrumb"},"inLanguage":"it-IT","potentialAction":[{"@type":"ReadAction","target":["https:\/\/www.eltako.com\/it\/minisafe2-e-gfa5\/"]}]},{"@type":"ImageObject","inLanguage":"it-IT","@id":"https:\/\/www.eltako.com\/it\/minisafe2-e-gfa5\/#primaryimage","url":"https:\/\/www.eltako.com\/wp-content\/uploads\/2022\/06\/eltako_website_header_1920x700_minisafe2-gfa5_en.jpg","contentUrl":"https:\/\/www.eltako.com\/wp-content\/uploads\/2022\/06\/eltako_website_header_1920x700_minisafe2-gfa5_en.jpg","width":1920,"height":700},{"@type":"BreadcrumbList","@id":"https:\/\/www.eltako.com\/it\/minisafe2-e-gfa5\/#breadcrumb","itemListElement":[{"@type":"ListItem","position":1,"name":"Home","item":"https:\/\/www.eltako.com\/it\/"},{"@type":"ListItem","position":2,"name":"MiniSafe2 e GFA5"}]},{"@type":"WebSite","@id":"https:\/\/www.eltako.com\/en\/#website","url":"https:\/\/www.eltako.com\/en\/","name":"Eltako","description":"Schaltger\u00e4te, Netzteile, Stromz\u00e4hler, Dimmer, Geb\u00e4udeinstallation, Steuerungstechnik, Smart Home-L\u00f6sungen, Geb\u00e4udefunk, EnOcean-Technologie","potentialAction":[{"@type":"SearchAction","target":{"@type":"EntryPoint","urlTemplate":"https:\/\/www.eltako.com\/en\/?s={search_term_string}"},"query-input":{"@type":"PropertyValueSpecification","valueRequired":true,"valueName":"search_term_string"}}],"inLanguage":"it-IT"}]}},"_links":{"self":[{"href":"https:\/\/www.eltako.com\/it\/wp-json\/wp\/v2\/pages\/123540","targetHints":{"allow":["GET"]}}],"collection":[{"href":"https:\/\/www.eltako.com\/it\/wp-json\/wp\/v2\/pages"}],"about":[{"href":"https:\/\/www.eltako.com\/it\/wp-json\/wp\/v2\/types\/page"}],"author":[{"embeddable":true,"href":"https:\/\/www.eltako.com\/it\/wp-json\/wp\/v2\/users\/31"}],"replies":[{"embeddable":true,"href":"https:\/\/www.eltako.com\/it\/wp-json\/wp\/v2\/comments?post=123540"}],"version-history":[{"count":9,"href":"https:\/\/www.eltako.com\/it\/wp-json\/wp\/v2\/pages\/123540\/revisions"}],"predecessor-version":[{"id":144389,"href":"https:\/\/www.eltako.com\/it\/wp-json\/wp\/v2\/pages\/123540\/revisions\/144389"}],"wp:featuredmedia":[{"embeddable":true,"href":"https:\/\/www.eltako.com\/it\/wp-json\/wp\/v2\/media\/113718"}],"wp:attachment":[{"href":"https:\/\/www.eltako.com\/it\/wp-json\/wp\/v2\/media?parent=123540"}],"curies":[{"name":"wp","href":"https:\/\/api.w.org\/{rel}","templated":true}]}}