{"id":123521,"date":"2022-12-12T15:07:10","date_gmt":"2022-12-12T14:07:10","guid":{"rendered":"https:\/\/www.eltako.com\/software-pct14-2\/"},"modified":"2025-10-06T14:16:13","modified_gmt":"2025-10-06T12:16:13","slug":"software-pct14-2","status":"publish","type":"page","link":"https:\/\/www.eltako.com\/it\/software-pct14-2\/","title":{"rendered":"Software PCT14"},"content":{"rendered":"\n<p><strong>PCT14 &#8211; Lo strumento gratuito per PC per gli attuatori radio da costruzione ELTAKO  <\/strong><\/p>\n\n<p>Dopo l&#8217;installazione, gli attuatori edili wireless ELTAKO delle serie 14 e 71, cos\u00ec come alcuni sensori, come il controller di allarme wireless o il nostro interruttore orario wireless, possono essere impostati, letti, salvati e scritti nuovamente tramite il PC.  <\/p>\n\n<p><strong>PCT14 &#8211; informazioni importanti:<\/strong><br\/><a href=\"https:\/\/www.eltako.com\/fileadmin\/downloads\/de\/datenblatt\/Datenblatt_PCT14.pdf\">Scheda tecnica<\/a><br\/><a href=\"https:\/\/www.eltako.com\/fileadmin\/downloads\/de\/Software\/PCT14_Systemvoraussetzungen_und_Installationshinweise.pdf\">Requisiti del sistema<\/a><br\/><a href=\"https:\/\/www.eltako.com\/de\/download_file\/pct14-handbuch\/\">Manuale PCT14<\/a><br\/><\/p>\n\n<p><strong>Compatibilit\u00e0:<\/strong><\/p>\n\n<ul class=\"wp-block-list\">\n<li>Mac basati su Intel con Windows 8,10,11 &#8211; s\u00ec<\/li>\n\n\n\n<li>Mac basato su M1 con Windows 8,10,11 &#8211; no<\/li>\n\n\n\n<li>PC Intel con Windows 8,10,11 &#8211; s\u00ec<\/li>\n<\/ul>\n\n<div style=\"height:19px\" aria-hidden=\"true\" class=\"wp-block-spacer\"><\/div>\n\n<p>Come installazione iniziale, il software pu\u00f2 essere ottenuto tramite i link elencati qui. <\/p>\n\n<div class=\"table-responsive\">\n<table class=\"table table-bordered\">\n  <tbody>\n    <tr>\n      <th scope=\"row\">\n  <a href=\"https:\/\/www.eltako.com\/fileadmin\/downloads\/de\/Software\/secure\/EEPCT14DeDe816-32Bit.msi\">PCT14, versione 8.16, da Windows 8 32bit<\/a>\n<\/th>\n      <td>150 MB<\/td>\n    <\/tr>\n<tr>\n       <th scope=\"row\">\n  <a href=\"https:\/\/www.eltako.com\/fileadmin\/downloads\/de\/Software\/secure\/EEPCT14DeDe816-64Bit.msi\"> PCT14, versione 8.16, da Windows 8 64bit<\/a>\n<\/th>\n      <td>150 MB<\/td>\n    <\/tr>\n  <\/tbody>\n<\/table>\n\n<\/div>\n\n<p>A partire dalla versione 8.1, gli aggiornamenti vengono eseguiti automaticamente. <\/p>\n\n<figure class=\"wp-block-image size-large\"><img decoding=\"async\" width=\"1024\" height=\"512\" src=\"https:\/\/www.eltako.com\/wp-content\/uploads\/2022\/05\/PCT14_3-1-1024x512.png\" alt=\"\" class=\"wp-image-76737\" srcset=\"https:\/\/www.eltako.com\/wp-content\/uploads\/2022\/05\/PCT14_3-1-1024x512.png 1024w, https:\/\/www.eltako.com\/wp-content\/uploads\/2022\/05\/PCT14_3-1-300x150.png 300w, https:\/\/www.eltako.com\/wp-content\/uploads\/2022\/05\/PCT14_3-1-768x384.png 768w, https:\/\/www.eltako.com\/wp-content\/uploads\/2022\/05\/PCT14_3-1-1536x768.png 1536w, https:\/\/www.eltako.com\/wp-content\/uploads\/2022\/05\/PCT14_3-1-2048x1024.png 2048w, https:\/\/www.eltako.com\/wp-content\/uploads\/2022\/05\/PCT14_3-1-600x300.png 600w\" sizes=\"(max-width: 1024px) 100vw, 1024px\" \/><\/figure>\n","protected":false},"excerpt":{"rendered":"<p>PCT14 &#8211; Lo strumento gratuito per PC per gli attuatori radio da costruzione ELTAKO Dopo l&#8217;installazione, gli attuatori edili wireless ELTAKO delle serie 14 e 71, cos\u00ec come alcuni sensori, come il controller di allarme wireless o il nostro interruttore orario wireless, possono essere impostati, letti, salvati e scritti nuovamente tramite il PC. PCT14 &#8211; [&hellip;]<\/p>\n","protected":false},"author":31,"featured_media":32357,"parent":0,"menu_order":0,"comment_status":"closed","ping_status":"closed","template":"templates\/custom_header.php","meta":{"_acf_changed":false,"footnotes":"","_links_to":"","_links_to_target":""},"class_list":["post-123521","page","type-page","status-publish","has-post-thumbnail","hentry"],"acf":[],"yoast_head":"<!-- This site is optimized with the Yoast SEO plugin v27.2 - https:\/\/yoast.com\/product\/yoast-seo-wordpress\/ -->\n<title>Software PCT14 &#187; Eltako<\/title>\n<meta name=\"robots\" content=\"index, follow, max-snippet:-1, max-image-preview:large, max-video-preview:-1\" \/>\n<link rel=\"canonical\" href=\"https:\/\/www.eltako.com\/it\/software-pct14-2\/\" \/>\n<meta property=\"og:locale\" content=\"it_IT\" \/>\n<meta property=\"og:type\" content=\"article\" \/>\n<meta property=\"og:title\" content=\"Software PCT14 &#187; Eltako\" \/>\n<meta property=\"og:description\" content=\"PCT14 &#8211; Lo strumento gratuito per PC per gli attuatori radio da costruzione ELTAKO Dopo l&#8217;installazione, gli attuatori edili wireless ELTAKO delle serie 14 e 71, cos\u00ec come alcuni sensori, come il controller di allarme wireless o il nostro interruttore orario wireless, possono essere impostati, letti, salvati e scritti nuovamente tramite il PC. PCT14 &#8211; [&hellip;]\" \/>\n<meta property=\"og:url\" content=\"https:\/\/www.eltako.com\/it\/software-pct14-2\/\" \/>\n<meta property=\"og:site_name\" content=\"Eltako\" \/>\n<meta property=\"article:modified_time\" content=\"2025-10-06T12:16:13+00:00\" \/>\n<meta property=\"og:image\" content=\"https:\/\/www.eltako.com\/wp-content\/uploads\/2022\/02\/PCT14-1.jpg\" \/>\n\t<meta property=\"og:image:width\" content=\"3024\" \/>\n\t<meta property=\"og:image:height\" content=\"1222\" \/>\n\t<meta property=\"og:image:type\" content=\"image\/jpeg\" \/>\n<meta name=\"twitter:card\" content=\"summary_large_image\" \/>\n<meta name=\"twitter:label1\" content=\"Tempo di lettura stimato\" \/>\n\t<meta name=\"twitter:data1\" content=\"2 minuti\" \/>\n<script type=\"application\/ld+json\" class=\"yoast-schema-graph\">{\"@context\":\"https:\/\/schema.org\",\"@graph\":[{\"@type\":\"WebPage\",\"@id\":\"https:\/\/www.eltako.com\/it\/software-pct14-2\/\",\"url\":\"https:\/\/www.eltako.com\/it\/software-pct14-2\/\",\"name\":\"Software PCT14 &#187; Eltako\",\"isPartOf\":{\"@id\":\"https:\/\/www.eltako.com\/en\/#website\"},\"primaryImageOfPage\":{\"@id\":\"https:\/\/www.eltako.com\/it\/software-pct14-2\/#primaryimage\"},\"image\":{\"@id\":\"https:\/\/www.eltako.com\/it\/software-pct14-2\/#primaryimage\"},\"thumbnailUrl\":\"https:\/\/www.eltako.com\/wp-content\/uploads\/2022\/02\/PCT14-1.jpg\",\"datePublished\":\"2022-12-12T14:07:10+00:00\",\"dateModified\":\"2025-10-06T12:16:13+00:00\",\"breadcrumb\":{\"@id\":\"https:\/\/www.eltako.com\/it\/software-pct14-2\/#breadcrumb\"},\"inLanguage\":\"it-IT\",\"potentialAction\":[{\"@type\":\"ReadAction\",\"target\":[\"https:\/\/www.eltako.com\/it\/software-pct14-2\/\"]}]},{\"@type\":\"ImageObject\",\"inLanguage\":\"it-IT\",\"@id\":\"https:\/\/www.eltako.com\/it\/software-pct14-2\/#primaryimage\",\"url\":\"https:\/\/www.eltako.com\/wp-content\/uploads\/2022\/02\/PCT14-1.jpg\",\"contentUrl\":\"https:\/\/www.eltako.com\/wp-content\/uploads\/2022\/02\/PCT14-1.jpg\",\"width\":3024,\"height\":1222},{\"@type\":\"BreadcrumbList\",\"@id\":\"https:\/\/www.eltako.com\/it\/software-pct14-2\/#breadcrumb\",\"itemListElement\":[{\"@type\":\"ListItem\",\"position\":1,\"name\":\"Home\",\"item\":\"https:\/\/www.eltako.com\/it\/\"},{\"@type\":\"ListItem\",\"position\":2,\"name\":\"Software PCT14\"}]},{\"@type\":\"WebSite\",\"@id\":\"https:\/\/www.eltako.com\/en\/#website\",\"url\":\"https:\/\/www.eltako.com\/en\/\",\"name\":\"Eltako\",\"description\":\"Schaltger\u00e4te, Netzteile, Stromz\u00e4hler, Dimmer, Geb\u00e4udeinstallation, Steuerungstechnik, Smart Home-L\u00f6sungen, Geb\u00e4udefunk, EnOcean-Technologie\",\"potentialAction\":[{\"@type\":\"SearchAction\",\"target\":{\"@type\":\"EntryPoint\",\"urlTemplate\":\"https:\/\/www.eltako.com\/en\/?s={search_term_string}\"},\"query-input\":{\"@type\":\"PropertyValueSpecification\",\"valueRequired\":true,\"valueName\":\"search_term_string\"}}],\"inLanguage\":\"it-IT\"}]}<\/script>\n<!-- \/ Yoast SEO plugin. -->","yoast_head_json":{"title":"Software PCT14 &#187; Eltako","robots":{"index":"index","follow":"follow","max-snippet":"max-snippet:-1","max-image-preview":"max-image-preview:large","max-video-preview":"max-video-preview:-1"},"canonical":"https:\/\/www.eltako.com\/it\/software-pct14-2\/","og_locale":"it_IT","og_type":"article","og_title":"Software PCT14 &#187; Eltako","og_description":"PCT14 &#8211; Lo strumento gratuito per PC per gli attuatori radio da costruzione ELTAKO Dopo l&#8217;installazione, gli attuatori edili wireless ELTAKO delle serie 14 e 71, cos\u00ec come alcuni sensori, come il controller di allarme wireless o il nostro interruttore orario wireless, possono essere impostati, letti, salvati e scritti nuovamente tramite il PC. PCT14 &#8211; [&hellip;]","og_url":"https:\/\/www.eltako.com\/it\/software-pct14-2\/","og_site_name":"Eltako","article_modified_time":"2025-10-06T12:16:13+00:00","og_image":[{"width":3024,"height":1222,"url":"https:\/\/www.eltako.com\/wp-content\/uploads\/2022\/02\/PCT14-1.jpg","type":"image\/jpeg"}],"twitter_card":"summary_large_image","twitter_misc":{"Tempo di lettura stimato":"2 minuti"},"schema":{"@context":"https:\/\/schema.org","@graph":[{"@type":"WebPage","@id":"https:\/\/www.eltako.com\/it\/software-pct14-2\/","url":"https:\/\/www.eltako.com\/it\/software-pct14-2\/","name":"Software PCT14 &#187; Eltako","isPartOf":{"@id":"https:\/\/www.eltako.com\/en\/#website"},"primaryImageOfPage":{"@id":"https:\/\/www.eltako.com\/it\/software-pct14-2\/#primaryimage"},"image":{"@id":"https:\/\/www.eltako.com\/it\/software-pct14-2\/#primaryimage"},"thumbnailUrl":"https:\/\/www.eltako.com\/wp-content\/uploads\/2022\/02\/PCT14-1.jpg","datePublished":"2022-12-12T14:07:10+00:00","dateModified":"2025-10-06T12:16:13+00:00","breadcrumb":{"@id":"https:\/\/www.eltako.com\/it\/software-pct14-2\/#breadcrumb"},"inLanguage":"it-IT","potentialAction":[{"@type":"ReadAction","target":["https:\/\/www.eltako.com\/it\/software-pct14-2\/"]}]},{"@type":"ImageObject","inLanguage":"it-IT","@id":"https:\/\/www.eltako.com\/it\/software-pct14-2\/#primaryimage","url":"https:\/\/www.eltako.com\/wp-content\/uploads\/2022\/02\/PCT14-1.jpg","contentUrl":"https:\/\/www.eltako.com\/wp-content\/uploads\/2022\/02\/PCT14-1.jpg","width":3024,"height":1222},{"@type":"BreadcrumbList","@id":"https:\/\/www.eltako.com\/it\/software-pct14-2\/#breadcrumb","itemListElement":[{"@type":"ListItem","position":1,"name":"Home","item":"https:\/\/www.eltako.com\/it\/"},{"@type":"ListItem","position":2,"name":"Software PCT14"}]},{"@type":"WebSite","@id":"https:\/\/www.eltako.com\/en\/#website","url":"https:\/\/www.eltako.com\/en\/","name":"Eltako","description":"Schaltger\u00e4te, Netzteile, Stromz\u00e4hler, Dimmer, Geb\u00e4udeinstallation, Steuerungstechnik, Smart Home-L\u00f6sungen, Geb\u00e4udefunk, EnOcean-Technologie","potentialAction":[{"@type":"SearchAction","target":{"@type":"EntryPoint","urlTemplate":"https:\/\/www.eltako.com\/en\/?s={search_term_string}"},"query-input":{"@type":"PropertyValueSpecification","valueRequired":true,"valueName":"search_term_string"}}],"inLanguage":"it-IT"}]}},"_links":{"self":[{"href":"https:\/\/www.eltako.com\/it\/wp-json\/wp\/v2\/pages\/123521","targetHints":{"allow":["GET"]}}],"collection":[{"href":"https:\/\/www.eltako.com\/it\/wp-json\/wp\/v2\/pages"}],"about":[{"href":"https:\/\/www.eltako.com\/it\/wp-json\/wp\/v2\/types\/page"}],"author":[{"embeddable":true,"href":"https:\/\/www.eltako.com\/it\/wp-json\/wp\/v2\/users\/31"}],"replies":[{"embeddable":true,"href":"https:\/\/www.eltako.com\/it\/wp-json\/wp\/v2\/comments?post=123521"}],"version-history":[{"count":15,"href":"https:\/\/www.eltako.com\/it\/wp-json\/wp\/v2\/pages\/123521\/revisions"}],"predecessor-version":[{"id":146918,"href":"https:\/\/www.eltako.com\/it\/wp-json\/wp\/v2\/pages\/123521\/revisions\/146918"}],"wp:featuredmedia":[{"embeddable":true,"href":"https:\/\/www.eltako.com\/it\/wp-json\/wp\/v2\/media\/32357"}],"wp:attachment":[{"href":"https:\/\/www.eltako.com\/it\/wp-json\/wp\/v2\/media?parent=123521"}],"curies":[{"name":"wp","href":"https:\/\/api.w.org\/{rel}","templated":true}]}}