{"id":123492,"date":"2022-12-12T14:57:47","date_gmt":"2022-12-12T13:57:47","guid":{"rendered":"https:\/\/www.eltako.com\/controller-aggiornamento-firmware\/"},"modified":"2025-02-05T09:07:32","modified_gmt":"2025-02-05T08:07:32","slug":"controller-aggiornamento-firmware","status":"publish","type":"page","link":"https:\/\/www.eltako.com\/it\/controller-aggiornamento-firmware\/","title":{"rendered":"Controller-Aggiornamento firmware"},"content":{"rendered":"\n<h3 class=\"wp-block-heading\">Aggiornamento del firmware <\/h3>\n\n\n\n<p><\/p>\n\n\n\n<p class=\"has-normal-font-size\">Assicurarsi di utilizzare sempre il controller con l&#8217;ultima versione del firmware per garantire un&#8217;interazione fluida con l&#8217;applicazione GFA5. Seguire le istruzioni di aggiornamento riportate di seguito: <\/p>\n\n\n\n<h3 class=\"wp-block-heading\">Aggiornamento del firmware con l&#8217;app GFA5<\/h3>\n\n\n\n<p><\/p>\n\n\n\n<p class=\"has-normal-font-size\">Nell&#8217;app GFA5 \u00e8 possibile attivare l&#8217;aggiornamento del firmware per il controller direttamente nell&#8217;app. Se \u00e8 disponibile un nuovo firmware, nell&#8217;app apparir\u00e0 un pop-up di notifica. In alternativa, \u00e8 possibile controllare in: Impostazioni \u2192 Controller per vedere se \u00e8 disponibile un aggiornamento del firmware e attivare l&#8217;aggiornamento direttamente a questo punto. <\/p>\n\n\n\n<p class=\"has-normal-font-size\"><strong>Nota: <\/strong>per l&#8217;aggiornamento \u00e8 necessaria una connessione a Internet. <\/p>\n\n\n\n<p class=\"has-normal-font-size\">Nei rari casi in cui non sia possibile avviare un aggiornamento del firmware tramite l&#8217;app GFA5, \u00e8 possibile caricare il firmware utilizzando ConfigTool NEO. <\/p>\n\n\n\n<p><strong>Scarica il firmware del controller<\/strong><\/p>\n\n\n\n<p><a href=\"https:\/\/eltakocloud-download.s3.eu-central-1.amazonaws.com\/fw\/mediola\/C2\/c2eltako_latest.hex\" target=\"_blank\" rel=\"noreferrer noopener\">Scarica la versione 1.25.6<\/a> (link esterno)<\/p>\n\n\n\n<p><a href=\"https:\/\/docs.eltako.de\/docs\/changelog_minisafe2\/\" target=\"_blank\" rel=\"noreferrer noopener\">Changelog MiniSafe2<\/a><\/p>\n\n\n\n<p><a href=\"https:\/\/docs.eltako.de\/docs\/changelog_gfa5\/\" target=\"_blank\" rel=\"noreferrer noopener\">Cangelog GFA5<\/a><\/p>\n\n\n\n<p><\/p>\n\n\n\n<h3 class=\"wp-block-heading\">Aggiornamento del firmware con ConfigTool NEO <\/h3>\n\n\n\n<p><\/p>\n\n\n\n<p class=\"has-normal-font-size\"><strong>Prerequisito: <\/strong><\/p>\n\n\n\n<ol class=\"wp-block-list\">\n<li>Il ConfigTool NEO \u00e8 installato <\/li>\n<\/ol>\n\n\n\n<ol start=\"2\" class=\"wp-block-list\">\n<li>Il PC e il controllore sono nella stessa rete. <\/li>\n<\/ol>\n\n\n\n<p>Dopo aver avviato ConfigTool NEO, il controller viene visualizzato direttamente nella pagina iniziale. <\/p>\n\n\n\n<ol class=\"wp-block-list\">\n<li>Fare clic sul controller per accedere alle impostazioni <\/li>\n<\/ol>\n\n\n\n<ol start=\"2\" class=\"wp-block-list\">\n<li>Scheda &#8220;Generale&#8221;: Qui vengono visualizzate le note sulle nuove versioni del firmware <\/li>\n<\/ol>\n\n\n\n<ol start=\"3\" class=\"wp-block-list\">\n<li>&#8220;Fare clic su &#8220;Attiva moduli <\/li>\n<\/ol>\n\n\n\n<ol start=\"4\" class=\"wp-block-list\">\n<li>Installare il firmware sul controller <\/li>\n<\/ol>\n\n\n\n<p><strong>Scarica ConfigTool NEO<\/strong> <\/p>\n\n\n\n<p><a href=\"https:\/\/s3-eu-west-1.amazonaws.com\/mediola-download\/configtool_neo\/ConfigTool+NEO.exe\" target=\"_blank\" rel=\"noreferrer noopener\">Scarica la versione per Window<\/a><a href=\"https:\/\/s3-eu-west-1.amazonaws.com\/mediola-download\/configtool_neo\/1.17.0\/ConfigTool+NEO.exe\" target=\"_blank\" rel=\"noreferrer noopener\">s<\/a> (Link esterno) <\/p>\n\n\n\n<p><a href=\"https:\/\/s3-eu-west-1.amazonaws.com\/mediola-download\/configtool_neo\/1.17.0\/ConfigTool+NEO.dmg\">Scarica la versione per macOS 12+<\/a>  (link esterno)<\/p>\n\n\n\n<p><a href=\"https:\/\/s3-eu-west-1.amazonaws.com\/mediola-download\/configtool_neo\/1.17.0\/ConfigTool+NEO-mac10.dmg\">Scarica la versione per macOS 10\/11<\/a>  (link esterno)<\/p>\n\n\n\n<p><a href=\"https:\/\/s3-eu-west-1.amazonaws.com\/mediola-download\/configtool_neo\/1.9.0\/ConfigTool+NEO.tar.gz\" target=\"_blank\" rel=\"noreferrer noopener\">Scarica la versione Linu<\/a><a href=\"https:\/\/s3-eu-west-1.amazonaws.com\/mediola-download\/configtool_neo\/1.17.0\/ConfigTool+NEO.tar.gz\" target=\"_blank\" rel=\"noreferrer noopener\">x<\/a> (link esterno)<\/p>\n\n\n\n<p><\/p>\n\n\n\n<p><\/p>\n","protected":false},"excerpt":{"rendered":"<p>Aggiornamento del firmware Assicurarsi di utilizzare sempre il controller con l&#8217;ultima versione del firmware per garantire un&#8217;interazione fluida con l&#8217;applicazione GFA5. Seguire le istruzioni di aggiornamento riportate di seguito: Aggiornamento del firmware con l&#8217;app GFA5 Nell&#8217;app GFA5 \u00e8 possibile attivare l&#8217;aggiornamento del firmware per il controller direttamente nell&#8217;app. Se \u00e8 disponibile un nuovo firmware, nell&#8217;app [&hellip;]<\/p>\n","protected":false},"author":31,"featured_media":22016,"parent":0,"menu_order":0,"comment_status":"closed","ping_status":"closed","template":"templates\/custom_header.php","meta":{"_acf_changed":false,"footnotes":"","_links_to":"","_links_to_target":""},"class_list":["post-123492","page","type-page","status-publish","has-post-thumbnail","hentry"],"acf":[],"yoast_head":"<!-- This site is optimized with the Yoast SEO plugin v27.2 - https:\/\/yoast.com\/product\/yoast-seo-wordpress\/ -->\n<title>Controller-Aggiornamento firmware &#187; Eltako<\/title>\n<meta name=\"robots\" content=\"index, follow, max-snippet:-1, max-image-preview:large, max-video-preview:-1\" \/>\n<link rel=\"canonical\" href=\"https:\/\/www.eltako.com\/it\/controller-aggiornamento-firmware\/\" \/>\n<meta property=\"og:locale\" content=\"it_IT\" \/>\n<meta property=\"og:type\" content=\"article\" \/>\n<meta property=\"og:title\" content=\"Controller-Aggiornamento firmware &#187; Eltako\" \/>\n<meta property=\"og:description\" content=\"Aggiornamento del firmware Assicurarsi di utilizzare sempre il controller con l&#8217;ultima versione del firmware per garantire un&#8217;interazione fluida con l&#8217;applicazione GFA5. Seguire le istruzioni di aggiornamento riportate di seguito: Aggiornamento del firmware con l&#8217;app GFA5 Nell&#8217;app GFA5 \u00e8 possibile attivare l&#8217;aggiornamento del firmware per il controller direttamente nell&#8217;app. Se \u00e8 disponibile un nuovo firmware, nell&#8217;app [&hellip;]\" \/>\n<meta property=\"og:url\" content=\"https:\/\/www.eltako.com\/it\/controller-aggiornamento-firmware\/\" \/>\n<meta property=\"og:site_name\" content=\"Eltako\" \/>\n<meta property=\"article:modified_time\" content=\"2025-02-05T08:07:32+00:00\" \/>\n<meta property=\"og:image\" content=\"https:\/\/www.eltako.com\/wp-content\/uploads\/2021\/05\/Layout-Firmware-Update-Neu.jpg\" \/>\n\t<meta property=\"og:image:width\" content=\"2000\" \/>\n\t<meta property=\"og:image:height\" content=\"1125\" \/>\n\t<meta property=\"og:image:type\" content=\"image\/jpeg\" \/>\n<meta name=\"twitter:card\" content=\"summary_large_image\" \/>\n<meta name=\"twitter:label1\" content=\"Tempo di lettura stimato\" \/>\n\t<meta name=\"twitter:data1\" content=\"2 minuti\" \/>\n<script type=\"application\/ld+json\" class=\"yoast-schema-graph\">{\"@context\":\"https:\/\/schema.org\",\"@graph\":[{\"@type\":\"WebPage\",\"@id\":\"https:\/\/www.eltako.com\/it\/controller-aggiornamento-firmware\/\",\"url\":\"https:\/\/www.eltako.com\/it\/controller-aggiornamento-firmware\/\",\"name\":\"Controller-Aggiornamento firmware &#187; Eltako\",\"isPartOf\":{\"@id\":\"https:\/\/www.eltako.com\/en\/#website\"},\"primaryImageOfPage\":{\"@id\":\"https:\/\/www.eltako.com\/it\/controller-aggiornamento-firmware\/#primaryimage\"},\"image\":{\"@id\":\"https:\/\/www.eltako.com\/it\/controller-aggiornamento-firmware\/#primaryimage\"},\"thumbnailUrl\":\"https:\/\/www.eltako.com\/wp-content\/uploads\/2021\/05\/Layout-Firmware-Update-Neu.jpg\",\"datePublished\":\"2022-12-12T13:57:47+00:00\",\"dateModified\":\"2025-02-05T08:07:32+00:00\",\"breadcrumb\":{\"@id\":\"https:\/\/www.eltako.com\/it\/controller-aggiornamento-firmware\/#breadcrumb\"},\"inLanguage\":\"it-IT\",\"potentialAction\":[{\"@type\":\"ReadAction\",\"target\":[\"https:\/\/www.eltako.com\/it\/controller-aggiornamento-firmware\/\"]}]},{\"@type\":\"ImageObject\",\"inLanguage\":\"it-IT\",\"@id\":\"https:\/\/www.eltako.com\/it\/controller-aggiornamento-firmware\/#primaryimage\",\"url\":\"https:\/\/www.eltako.com\/wp-content\/uploads\/2021\/05\/Layout-Firmware-Update-Neu.jpg\",\"contentUrl\":\"https:\/\/www.eltako.com\/wp-content\/uploads\/2021\/05\/Layout-Firmware-Update-Neu.jpg\",\"width\":2000,\"height\":1125},{\"@type\":\"BreadcrumbList\",\"@id\":\"https:\/\/www.eltako.com\/it\/controller-aggiornamento-firmware\/#breadcrumb\",\"itemListElement\":[{\"@type\":\"ListItem\",\"position\":1,\"name\":\"Home\",\"item\":\"https:\/\/www.eltako.com\/it\/\"},{\"@type\":\"ListItem\",\"position\":2,\"name\":\"Controller-Aggiornamento firmware\"}]},{\"@type\":\"WebSite\",\"@id\":\"https:\/\/www.eltako.com\/en\/#website\",\"url\":\"https:\/\/www.eltako.com\/en\/\",\"name\":\"Eltako\",\"description\":\"Schaltger\u00e4te, Netzteile, Stromz\u00e4hler, Dimmer, Geb\u00e4udeinstallation, Steuerungstechnik, Smart Home-L\u00f6sungen, Geb\u00e4udefunk, EnOcean-Technologie\",\"potentialAction\":[{\"@type\":\"SearchAction\",\"target\":{\"@type\":\"EntryPoint\",\"urlTemplate\":\"https:\/\/www.eltako.com\/en\/?s={search_term_string}\"},\"query-input\":{\"@type\":\"PropertyValueSpecification\",\"valueRequired\":true,\"valueName\":\"search_term_string\"}}],\"inLanguage\":\"it-IT\"}]}<\/script>\n<!-- \/ Yoast SEO plugin. -->","yoast_head_json":{"title":"Controller-Aggiornamento firmware &#187; Eltako","robots":{"index":"index","follow":"follow","max-snippet":"max-snippet:-1","max-image-preview":"max-image-preview:large","max-video-preview":"max-video-preview:-1"},"canonical":"https:\/\/www.eltako.com\/it\/controller-aggiornamento-firmware\/","og_locale":"it_IT","og_type":"article","og_title":"Controller-Aggiornamento firmware &#187; Eltako","og_description":"Aggiornamento del firmware Assicurarsi di utilizzare sempre il controller con l&#8217;ultima versione del firmware per garantire un&#8217;interazione fluida con l&#8217;applicazione GFA5. Seguire le istruzioni di aggiornamento riportate di seguito: Aggiornamento del firmware con l&#8217;app GFA5 Nell&#8217;app GFA5 \u00e8 possibile attivare l&#8217;aggiornamento del firmware per il controller direttamente nell&#8217;app. Se \u00e8 disponibile un nuovo firmware, nell&#8217;app [&hellip;]","og_url":"https:\/\/www.eltako.com\/it\/controller-aggiornamento-firmware\/","og_site_name":"Eltako","article_modified_time":"2025-02-05T08:07:32+00:00","og_image":[{"width":2000,"height":1125,"url":"https:\/\/www.eltako.com\/wp-content\/uploads\/2021\/05\/Layout-Firmware-Update-Neu.jpg","type":"image\/jpeg"}],"twitter_card":"summary_large_image","twitter_misc":{"Tempo di lettura stimato":"2 minuti"},"schema":{"@context":"https:\/\/schema.org","@graph":[{"@type":"WebPage","@id":"https:\/\/www.eltako.com\/it\/controller-aggiornamento-firmware\/","url":"https:\/\/www.eltako.com\/it\/controller-aggiornamento-firmware\/","name":"Controller-Aggiornamento firmware &#187; Eltako","isPartOf":{"@id":"https:\/\/www.eltako.com\/en\/#website"},"primaryImageOfPage":{"@id":"https:\/\/www.eltako.com\/it\/controller-aggiornamento-firmware\/#primaryimage"},"image":{"@id":"https:\/\/www.eltako.com\/it\/controller-aggiornamento-firmware\/#primaryimage"},"thumbnailUrl":"https:\/\/www.eltako.com\/wp-content\/uploads\/2021\/05\/Layout-Firmware-Update-Neu.jpg","datePublished":"2022-12-12T13:57:47+00:00","dateModified":"2025-02-05T08:07:32+00:00","breadcrumb":{"@id":"https:\/\/www.eltako.com\/it\/controller-aggiornamento-firmware\/#breadcrumb"},"inLanguage":"it-IT","potentialAction":[{"@type":"ReadAction","target":["https:\/\/www.eltako.com\/it\/controller-aggiornamento-firmware\/"]}]},{"@type":"ImageObject","inLanguage":"it-IT","@id":"https:\/\/www.eltako.com\/it\/controller-aggiornamento-firmware\/#primaryimage","url":"https:\/\/www.eltako.com\/wp-content\/uploads\/2021\/05\/Layout-Firmware-Update-Neu.jpg","contentUrl":"https:\/\/www.eltako.com\/wp-content\/uploads\/2021\/05\/Layout-Firmware-Update-Neu.jpg","width":2000,"height":1125},{"@type":"BreadcrumbList","@id":"https:\/\/www.eltako.com\/it\/controller-aggiornamento-firmware\/#breadcrumb","itemListElement":[{"@type":"ListItem","position":1,"name":"Home","item":"https:\/\/www.eltako.com\/it\/"},{"@type":"ListItem","position":2,"name":"Controller-Aggiornamento firmware"}]},{"@type":"WebSite","@id":"https:\/\/www.eltako.com\/en\/#website","url":"https:\/\/www.eltako.com\/en\/","name":"Eltako","description":"Schaltger\u00e4te, Netzteile, Stromz\u00e4hler, Dimmer, Geb\u00e4udeinstallation, Steuerungstechnik, Smart Home-L\u00f6sungen, Geb\u00e4udefunk, EnOcean-Technologie","potentialAction":[{"@type":"SearchAction","target":{"@type":"EntryPoint","urlTemplate":"https:\/\/www.eltako.com\/en\/?s={search_term_string}"},"query-input":{"@type":"PropertyValueSpecification","valueRequired":true,"valueName":"search_term_string"}}],"inLanguage":"it-IT"}]}},"_links":{"self":[{"href":"https:\/\/www.eltako.com\/it\/wp-json\/wp\/v2\/pages\/123492","targetHints":{"allow":["GET"]}}],"collection":[{"href":"https:\/\/www.eltako.com\/it\/wp-json\/wp\/v2\/pages"}],"about":[{"href":"https:\/\/www.eltako.com\/it\/wp-json\/wp\/v2\/types\/page"}],"author":[{"embeddable":true,"href":"https:\/\/www.eltako.com\/it\/wp-json\/wp\/v2\/users\/31"}],"replies":[{"embeddable":true,"href":"https:\/\/www.eltako.com\/it\/wp-json\/wp\/v2\/comments?post=123492"}],"version-history":[{"count":9,"href":"https:\/\/www.eltako.com\/it\/wp-json\/wp\/v2\/pages\/123492\/revisions"}],"predecessor-version":[{"id":144035,"href":"https:\/\/www.eltako.com\/it\/wp-json\/wp\/v2\/pages\/123492\/revisions\/144035"}],"wp:featuredmedia":[{"embeddable":true,"href":"https:\/\/www.eltako.com\/it\/wp-json\/wp\/v2\/media\/22016"}],"wp:attachment":[{"href":"https:\/\/www.eltako.com\/it\/wp-json\/wp\/v2\/media?parent=123492"}],"curies":[{"name":"wp","href":"https:\/\/api.w.org\/{rel}","templated":true}]}}