{"id":123488,"date":"2022-12-12T14:53:09","date_gmt":"2022-12-12T13:53:09","guid":{"rendered":"https:\/\/www.eltako.com\/eebus\/"},"modified":"2022-12-12T14:53:15","modified_gmt":"2022-12-12T13:53:15","slug":"eebus","status":"publish","type":"page","link":"https:\/\/www.eltako.com\/it\/company\/partners-alliances\/eebus\/","title":{"rendered":"EEBUS"},"content":{"rendered":"\n<p class=\"has-medium-font-size\">Con il suo approccio digitale, la societ\u00e0 senza scopo di lucro &#8220;EEBus Initiative e.V.&#8221;, fondata nel 2012, mira a ridurre al minimo il consumo di energia per famiglia e a distribuire il consumo di energia nel corso della giornata in modo da evitare i picchi di carico. Nel corso degli anni, sempre pi\u00f9 aziende importanti si sono unite a questa visione. Bosch, E.ON, Hager, JUNG, Miele, Telekom e Viessmann sono solo alcune delle aziende che possono essere citate. <\/p>\n\n<div style=\"height:50px\" aria-hidden=\"true\" class=\"wp-block-spacer\"><\/div>\n\n<figure class=\"wp-block-image size-large\"><img decoding=\"async\" width=\"1024\" height=\"455\" src=\"https:\/\/betax923lb8kd7v0.eltako.de\/wp-content\/uploads\/2022\/01\/Bild-2-1-1024x455.png\" alt=\"\" class=\"wp-image-30495\" srcset=\"https:\/\/www.eltako.com\/wp-content\/uploads\/2022\/01\/Bild-2-1-1024x455.png 1024w, https:\/\/www.eltako.com\/wp-content\/uploads\/2022\/01\/Bild-2-1-300x133.png 300w, https:\/\/www.eltako.com\/wp-content\/uploads\/2022\/01\/Bild-2-1-768x341.png 768w, https:\/\/www.eltako.com\/wp-content\/uploads\/2022\/01\/Bild-2-1-1536x683.png 1536w, https:\/\/www.eltako.com\/wp-content\/uploads\/2022\/01\/Bild-2-1-600x267.png 600w, https:\/\/www.eltako.com\/wp-content\/uploads\/2022\/01\/Bild-2-1.png 1800w\" sizes=\"(max-width: 1024px) 100vw, 1024px\" \/><\/figure>\n\n<div style=\"height:50px\" aria-hidden=\"true\" class=\"wp-block-spacer\"><\/div>\n\n<p class=\"has-medium-font-size\">Molte altre aziende, oltre a noi, sostengono l&#8217;obiettivo di un linguaggio IP unificato per tutti i dispositivi elettronici all&#8217;interno e intorno alla casa. Grazie ad esso, possono comunicare tra loro indipendentemente dal produttore. Che si tratti di un impianto fotovoltaico, di una wallbox, di un accumulatore di elettricit\u00e0, di illuminazione, di elettrodomestici, di climatizzazione, di riscaldamento o di veicoli elettrici. <\/p>\n\n<p class=\"has-medium-font-size\">In linea di principio, ogni consumatore di energia elettrica della rete segnala la propria domanda, ogni generatore o impianto di stoccaggio segnala la propria capacit\u00e0 disponibile e la tecnologia EEBUS regola la distribuzione del carico in modo molto intelligente. <\/p>\n\n<p class=\"has-medium-font-size\">Siamo convinti che questa idea e la nostra collaborazione siano assolutamente lungimiranti e importanti per la digitalizzazione delle reti energetiche e, in ultima analisi, anche per la tutela dell&#8217;ambiente. Siamo quindi molto felici di far parte di questa rete e di lavorare per questo obiettivo comune. <\/p>\n","protected":false},"excerpt":{"rendered":"<p>Con il suo approccio digitale, la societ\u00e0 senza scopo di lucro &#8220;EEBus Initiative e.V.&#8221;, fondata nel 2012, mira a ridurre al minimo il consumo di energia per famiglia e a distribuire il consumo di energia nel corso della giornata in modo da evitare i picchi di carico. Nel corso degli anni, sempre pi\u00f9 aziende importanti [&hellip;]<\/p>\n","protected":false},"author":31,"featured_media":30492,"parent":123546,"menu_order":0,"comment_status":"closed","ping_status":"closed","template":"templates\/custom_header.php","meta":{"_acf_changed":false,"footnotes":"","_links_to":"","_links_to_target":""},"class_list":["post-123488","page","type-page","status-publish","has-post-thumbnail","hentry"],"acf":[],"yoast_head":"<!-- This site is optimized with the Yoast SEO plugin v27.2 - https:\/\/yoast.com\/product\/yoast-seo-wordpress\/ -->\n<title>EEBUS &#187; Eltako<\/title>\n<meta name=\"robots\" content=\"index, follow, max-snippet:-1, max-image-preview:large, max-video-preview:-1\" \/>\n<link rel=\"canonical\" href=\"https:\/\/www.eltako.com\/it\/eebus\/\" \/>\n<meta property=\"og:locale\" content=\"it_IT\" \/>\n<meta property=\"og:type\" content=\"article\" \/>\n<meta property=\"og:title\" content=\"EEBUS &#187; Eltako\" \/>\n<meta property=\"og:description\" content=\"Con il suo approccio digitale, la societ\u00e0 senza scopo di lucro &#8220;EEBus Initiative e.V.&#8221;, fondata nel 2012, mira a ridurre al minimo il consumo di energia per famiglia e a distribuire il consumo di energia nel corso della giornata in modo da evitare i picchi di carico. Nel corso degli anni, sempre pi\u00f9 aziende importanti [&hellip;]\" \/>\n<meta property=\"og:url\" content=\"https:\/\/www.eltako.com\/it\/eebus\/\" \/>\n<meta property=\"og:site_name\" content=\"Eltako\" \/>\n<meta property=\"article:modified_time\" content=\"2022-12-12T13:53:15+00:00\" \/>\n<meta property=\"og:image\" content=\"https:\/\/www.eltako.com\/wp-content\/uploads\/2022\/01\/Bild-1-1.png\" \/>\n\t<meta property=\"og:image:width\" content=\"1800\" \/>\n\t<meta property=\"og:image:height\" content=\"800\" \/>\n\t<meta property=\"og:image:type\" content=\"image\/png\" \/>\n<meta name=\"twitter:card\" content=\"summary_large_image\" \/>\n<meta name=\"twitter:label1\" content=\"Tempo di lettura stimato\" \/>\n\t<meta name=\"twitter:data1\" content=\"1 minuto\" \/>\n<script type=\"application\/ld+json\" class=\"yoast-schema-graph\">{\"@context\":\"https:\/\/schema.org\",\"@graph\":[{\"@type\":\"WebPage\",\"@id\":\"https:\/\/www.eltako.com\/it\/eebus\/\",\"url\":\"https:\/\/www.eltako.com\/it\/eebus\/\",\"name\":\"EEBUS &#187; Eltako\",\"isPartOf\":{\"@id\":\"https:\/\/www.eltako.com\/en\/#website\"},\"primaryImageOfPage\":{\"@id\":\"https:\/\/www.eltako.com\/it\/eebus\/#primaryimage\"},\"image\":{\"@id\":\"https:\/\/www.eltako.com\/it\/eebus\/#primaryimage\"},\"thumbnailUrl\":\"https:\/\/www.eltako.com\/wp-content\/uploads\/2022\/01\/Bild-1-1.png\",\"datePublished\":\"2022-12-12T13:53:09+00:00\",\"dateModified\":\"2022-12-12T13:53:15+00:00\",\"breadcrumb\":{\"@id\":\"https:\/\/www.eltako.com\/it\/eebus\/#breadcrumb\"},\"inLanguage\":\"it-IT\",\"potentialAction\":[{\"@type\":\"ReadAction\",\"target\":[\"https:\/\/www.eltako.com\/it\/eebus\/\"]}]},{\"@type\":\"ImageObject\",\"inLanguage\":\"it-IT\",\"@id\":\"https:\/\/www.eltako.com\/it\/eebus\/#primaryimage\",\"url\":\"https:\/\/www.eltako.com\/wp-content\/uploads\/2022\/01\/Bild-1-1.png\",\"contentUrl\":\"https:\/\/www.eltako.com\/wp-content\/uploads\/2022\/01\/Bild-1-1.png\",\"width\":1800,\"height\":800},{\"@type\":\"BreadcrumbList\",\"@id\":\"https:\/\/www.eltako.com\/it\/eebus\/#breadcrumb\",\"itemListElement\":[{\"@type\":\"ListItem\",\"position\":1,\"name\":\"Home\",\"item\":\"https:\/\/www.eltako.com\/it\/\"},{\"@type\":\"ListItem\",\"position\":2,\"name\":\"Azienda\",\"item\":\"https:\/\/www.eltako.com\/it\/company\/\"},{\"@type\":\"ListItem\",\"position\":3,\"name\":\"Partner e alleanze\",\"item\":\"https:\/\/www.eltako.com\/it\/company\/partners-alliances\/\"},{\"@type\":\"ListItem\",\"position\":4,\"name\":\"EEBUS\"}]},{\"@type\":\"WebSite\",\"@id\":\"https:\/\/www.eltako.com\/en\/#website\",\"url\":\"https:\/\/www.eltako.com\/en\/\",\"name\":\"Eltako\",\"description\":\"Schaltger\u00e4te, Netzteile, Stromz\u00e4hler, Dimmer, Geb\u00e4udeinstallation, Steuerungstechnik, Smart Home-L\u00f6sungen, Geb\u00e4udefunk, EnOcean-Technologie\",\"potentialAction\":[{\"@type\":\"SearchAction\",\"target\":{\"@type\":\"EntryPoint\",\"urlTemplate\":\"https:\/\/www.eltako.com\/en\/?s={search_term_string}\"},\"query-input\":{\"@type\":\"PropertyValueSpecification\",\"valueRequired\":true,\"valueName\":\"search_term_string\"}}],\"inLanguage\":\"it-IT\"}]}<\/script>\n<!-- \/ Yoast SEO plugin. -->","yoast_head_json":{"title":"EEBUS &#187; Eltako","robots":{"index":"index","follow":"follow","max-snippet":"max-snippet:-1","max-image-preview":"max-image-preview:large","max-video-preview":"max-video-preview:-1"},"canonical":"https:\/\/www.eltako.com\/it\/eebus\/","og_locale":"it_IT","og_type":"article","og_title":"EEBUS &#187; Eltako","og_description":"Con il suo approccio digitale, la societ\u00e0 senza scopo di lucro &#8220;EEBus Initiative e.V.&#8221;, fondata nel 2012, mira a ridurre al minimo il consumo di energia per famiglia e a distribuire il consumo di energia nel corso della giornata in modo da evitare i picchi di carico. Nel corso degli anni, sempre pi\u00f9 aziende importanti [&hellip;]","og_url":"https:\/\/www.eltako.com\/it\/eebus\/","og_site_name":"Eltako","article_modified_time":"2022-12-12T13:53:15+00:00","og_image":[{"width":1800,"height":800,"url":"https:\/\/www.eltako.com\/wp-content\/uploads\/2022\/01\/Bild-1-1.png","type":"image\/png"}],"twitter_card":"summary_large_image","twitter_misc":{"Tempo di lettura stimato":"1 minuto"},"schema":{"@context":"https:\/\/schema.org","@graph":[{"@type":"WebPage","@id":"https:\/\/www.eltako.com\/it\/eebus\/","url":"https:\/\/www.eltako.com\/it\/eebus\/","name":"EEBUS &#187; Eltako","isPartOf":{"@id":"https:\/\/www.eltako.com\/en\/#website"},"primaryImageOfPage":{"@id":"https:\/\/www.eltako.com\/it\/eebus\/#primaryimage"},"image":{"@id":"https:\/\/www.eltako.com\/it\/eebus\/#primaryimage"},"thumbnailUrl":"https:\/\/www.eltako.com\/wp-content\/uploads\/2022\/01\/Bild-1-1.png","datePublished":"2022-12-12T13:53:09+00:00","dateModified":"2022-12-12T13:53:15+00:00","breadcrumb":{"@id":"https:\/\/www.eltako.com\/it\/eebus\/#breadcrumb"},"inLanguage":"it-IT","potentialAction":[{"@type":"ReadAction","target":["https:\/\/www.eltako.com\/it\/eebus\/"]}]},{"@type":"ImageObject","inLanguage":"it-IT","@id":"https:\/\/www.eltako.com\/it\/eebus\/#primaryimage","url":"https:\/\/www.eltako.com\/wp-content\/uploads\/2022\/01\/Bild-1-1.png","contentUrl":"https:\/\/www.eltako.com\/wp-content\/uploads\/2022\/01\/Bild-1-1.png","width":1800,"height":800},{"@type":"BreadcrumbList","@id":"https:\/\/www.eltako.com\/it\/eebus\/#breadcrumb","itemListElement":[{"@type":"ListItem","position":1,"name":"Home","item":"https:\/\/www.eltako.com\/it\/"},{"@type":"ListItem","position":2,"name":"Azienda","item":"https:\/\/www.eltako.com\/it\/company\/"},{"@type":"ListItem","position":3,"name":"Partner e alleanze","item":"https:\/\/www.eltako.com\/it\/company\/partners-alliances\/"},{"@type":"ListItem","position":4,"name":"EEBUS"}]},{"@type":"WebSite","@id":"https:\/\/www.eltako.com\/en\/#website","url":"https:\/\/www.eltako.com\/en\/","name":"Eltako","description":"Schaltger\u00e4te, Netzteile, Stromz\u00e4hler, Dimmer, Geb\u00e4udeinstallation, Steuerungstechnik, Smart Home-L\u00f6sungen, Geb\u00e4udefunk, EnOcean-Technologie","potentialAction":[{"@type":"SearchAction","target":{"@type":"EntryPoint","urlTemplate":"https:\/\/www.eltako.com\/en\/?s={search_term_string}"},"query-input":{"@type":"PropertyValueSpecification","valueRequired":true,"valueName":"search_term_string"}}],"inLanguage":"it-IT"}]}},"_links":{"self":[{"href":"https:\/\/www.eltako.com\/it\/wp-json\/wp\/v2\/pages\/123488","targetHints":{"allow":["GET"]}}],"collection":[{"href":"https:\/\/www.eltako.com\/it\/wp-json\/wp\/v2\/pages"}],"about":[{"href":"https:\/\/www.eltako.com\/it\/wp-json\/wp\/v2\/types\/page"}],"author":[{"embeddable":true,"href":"https:\/\/www.eltako.com\/it\/wp-json\/wp\/v2\/users\/31"}],"replies":[{"embeddable":true,"href":"https:\/\/www.eltako.com\/it\/wp-json\/wp\/v2\/comments?post=123488"}],"version-history":[{"count":1,"href":"https:\/\/www.eltako.com\/it\/wp-json\/wp\/v2\/pages\/123488\/revisions"}],"predecessor-version":[{"id":123489,"href":"https:\/\/www.eltako.com\/it\/wp-json\/wp\/v2\/pages\/123488\/revisions\/123489"}],"up":[{"embeddable":true,"href":"https:\/\/www.eltako.com\/it\/wp-json\/wp\/v2\/pages\/123546"}],"wp:featuredmedia":[{"embeddable":true,"href":"https:\/\/www.eltako.com\/it\/wp-json\/wp\/v2\/media\/30492"}],"wp:attachment":[{"href":"https:\/\/www.eltako.com\/it\/wp-json\/wp\/v2\/media?parent=123488"}],"curies":[{"name":"wp","href":"https:\/\/api.w.org\/{rel}","templated":true}]}}